{"id":6837,"date":"2012-06-03T12:42:50","date_gmt":"2012-06-03T09:42:50","guid":{"rendered":"http:\/\/eyalcohen.com\/%d7%94%d7%a2%d7%99%d7%93%d7%9f-%d7%94%d7%97%d7%93%d7%a9-%d7%a9%d7%9c-%d7%90%d7%99%d7%9c-%d7%9b%d7%94%d7%9f\/"},"modified":"2019-05-02T16:14:04","modified_gmt":"2019-05-02T13:14:04","slug":"%d7%94%d7%a2%d7%99%d7%93%d7%9f-%d7%94%d7%97%d7%93%d7%a9-%d7%a9%d7%9c-%d7%90%d7%99%d7%9c-%d7%9b%d7%94%d7%9f","status":"publish","type":"page","link":"https:\/\/eyalcohen.com\/it\/","title":{"rendered":"\u05d4\u05e2\u05d9\u05d3\u05df \u05d4\u05d7\u05d3\u05e9 \u05e9\u05dc \u05d0\u05d9\u05dc \u05db\u05d4\u05df"},"content":{"rendered":"<div class=\"row\">\n<div class=\"col-md-4\">\n<div class=\"thumb-info thumb-info-no-borders mt-lg\"><a href=\"http:\/\/eyalcohen.com\/music\/%D7%91%D7%99%D7%AA.html\"><span class=\"thumb-info-wrapper\"><span class=\"thumb-info-wrapper\"><br \/>\n<img decoding=\"async\" class=\"img-responsive alignnone\" src=\"\/wp-content\/uploads\/2018\/07\/\u05d0\u05d9\u05d9\u05dc-\u05d5\u05d2\u05d9\u05dc\u05d4-\u05db\u05d4\u05df.png\" alt=\"\u05d0\u05d9\u05d9\u05dc \u05d5\u05d2\u05d9\u05dc\u05d4 \u05db\u05d4\u05df\" width=\"220\" height=\"220\" \/><br \/>\n<span class=\"thumb-info-title\"><br \/>\nGila e Eyal Cohen: rispetto per la musica<\/span><\/span><\/span><\/a><\/div>\n<p>&nbsp;<\/p>\n<\/div>\n<div class=\"col-md-4\">\n<div class=\"thumb-info thumb-info-no-borders mt-lg\"><a href=\"http:\/\/eyalcohen.com\/le-cose-che-non-si-sente-dal-suo-medico\/?lang=it\"><span class=\"thumb-info-wrapper\"><span class=\"thumb-info-wrapper\"><br \/>\n<img decoding=\"async\" class=\"img-responsive\" src=\"\/wp-content\/uploads\/2018\/07\/\u05d3\u05d1\u05e8\u05d9\u05dd-\u05e9\u05dc\u05d0-\u05ea\u05e9\u05de\u05e2-\u05de\u05d4\u05e8\u05d5\u05e4\u05d0-\u05e9\u05dc\u05da.png\" alt=\"\u05d3\u05d1\u05e8\u05d9\u05dd \u05e9\u05dc\u05d0 \u05ea\u05e9\u05de\u05e2 \u05de\u05d4\u05e8\u05d5\u05e4\u05d0 \u05e9\u05dc\u05da\" \/><br \/>\n<span class=\"thumb-info-title\"><br \/>\n<span class=\"thumb-info-inner\">Cose che non sentirai dal tuo dottore<\/span><\/span><\/span><\/span><\/a><\/div>\n<\/div>\n<div class=\"col-md-4\">\n<div class=\"thumb-info thumb-info-no-borders mt-lg\"><a href=\"https:\/\/eyalcohen.com\/%d7%94%d7%a8%d7%a6%d7%90%d7%95%d7%aa\/\"><span class=\"thumb-info-wrapper\"><span class=\"thumb-info-wrapper\"><br \/>\n<img decoding=\"async\" class=\"img-responsive\" src=\"\/wp-content\/uploads\/2018\/07\/\u05d4\u05e8\u05e6\u05d0\u05d5\u05ea.png\" alt=\"\u05d4\u05e8\u05e6\u05d0\u05d5\u05ea\" \/><br \/>\n<span class=\"thumb-info-title\"><br \/>\n<span class=\"thumb-info-inner\">lezioni<\/span><br \/>\n<\/span><\/span><\/span><\/a><\/div>\n<p>&nbsp;<\/p>\n<\/div>\n<\/div>\n<p><!-- row2222222222222222 --><\/p>\n<div class=\"row\">\n<div class=\"col-md-4\">\n<div class=\"thumb-info thumb-info-no-borders mt-lg\"><a href=\"https:\/\/eyalcohen.com\/%d7%a8%d7%99%d7%99%d7%a7%d7%99-%d7%95%d7%94%d7%99%d7%9c%d7%99%d7%a0%d7%92\/\"><span class=\"thumb-info-wrapper\"><span class=\"thumb-info-wrapper\"><br \/>\n<img decoding=\"async\" class=\"img-responsive\" src=\"\/wp-content\/uploads\/2018\/07\/\u05d8\u05d9\u05e4\u05d5\u05dc-\u05e8\u05d9\u05d9\u05e7\u05d9-\u05d5\u05d4\u05d9\u05dc\u05d9\u05e0\u05d2.png\" alt=\"\u05d8\u05d9\u05e4\u05d5\u05dc \u05e8\u05d9\u05d9\u05e7\u05d9 \u05d5\u05d4\u05d9\u05dc\u05d9\u05e0\u05d2\" \/><br \/>\n<span class=\"thumb-info-title\"><br \/>\n<span class=\"thumb-info-inner\">Guarigione naturale<\/span><br \/>\n<\/span><\/span><\/span><\/a><\/div>\n<p>&nbsp;<\/p>\n<\/div>\n<div class=\"col-md-4\">\n<div class=\"thumb-info thumb-info-no-borders mt-lg\"><a href=\"http:\/\/eyalcohen.com\/consigli-sulla-salute-fuori-dalla-scatola\/?lang=it\"><span class=\"thumb-info-wrapper\"><span class=\"thumb-info-wrapper\"><br \/>\n<img decoding=\"async\" class=\"img-responsive\" src=\"\/wp-content\/uploads\/2018\/07\/\u05d8\u05d9\u05e4\u05d9\u05dd-\u05dc\u05d1\u05e8\u05d9\u05d0\u05d5\u05ea-\u05de\u05d7\u05d5\u05e5-\u05dc\u05e7\u05d5\u05e4\u05e1\u05d0.png\" alt=\"\u05d8\u05d9\u05e4\u05d9\u05dd \u05dc\u05d1\u05e8\u05d9\u05d0\u05d5\u05ea \u05de\u05d7\u05d5\u05e5 \u05dc\u05e7\u05d5\u05e4\u05e1\u05d0\" \/><br \/>\n<span class=\"thumb-info-title\"><br \/>\n<span class=\"thumb-info-inner\">Suggerimenti per la salute fuori dalla scatola<\/span><br \/>\n<\/span><\/span><\/span><\/a><\/div>\n<p>&nbsp;<\/p>\n<\/div>\n<div class=\"col-md-4\">\n<div class=\"thumb-info thumb-info-no-borders mt-lg\"><a href=\"http:\/\/eyalcohen.com\/consapevolezza-obiettivo\/?lang=it\"><span class=\"thumb-info-wrapper\"><span class=\"thumb-info-wrapper\"><br \/>\n<img decoding=\"async\" class=\"img-responsive\" src=\"\/wp-content\/uploads\/2018\/07\/\u05de\u05d5\u05d3\u05e2\u05d5\u05ea-\u05d0\u05d5\u05d1\u05d9\u05d9\u05e7\u05d8\u05d9\u05d1\u05d9\u05d5\u05ea.png\" alt=\"\u05de\u05d5\u05d3\u05e2\u05d5\u05ea \u05d0\u05d5\u05d1\u05d9\u05d9\u05e7\u05d8\u05d9\u05d1\u05d9\u05d5\u05ea\" \/><br \/>\n<span class=\"thumb-info-title\"><br \/>\n<span class=\"thumb-info-inner\">Objective awareness<\/span><br \/>\n<\/span><\/span><\/span><\/a><\/div>\n<p>&nbsp;<\/p>\n<\/div>\n<\/div>\n<p>Una persona che si occupa di musica per eventi, guarigione naturale nei trattamenti curativi, scrittura di libri sulla salute e la consapevolezza, filosofia, spiritualit\u00e0, comprensione della vita &#8230; come si collega tutto questo?<br \/>\nAnche se la prima lettura della connessione potrebbe essere sconcertante, come continuerai a leggere, scoprirai che questa combinazione di caratteristiche e contenuti potrebbe effettivamente fare solo bene al tuo evento e alla tua salute &#8230;<br \/>\nCercher\u00f2 di spiegare le cose brevemente e chiaramente.<\/p>\n<p>Il mio nome \u00e8 Eyal Cohen, e questo sito riflette il mio lavoro su tutti gli aspetti ad esso correlati, da qui il nome eyalcohen.com.<br \/>\nSiete invitati a trascorrere del tempo in esso, a conoscere la persona che ci sta dietro, a ricevere suggerimenti efficaci per comprendere vari problemi relativi al mantenimento della vostra salute e qualit\u00e0 della vita e a godere di servizi, sia nel campo della guarigione che della buona musica.<\/p>\n<p>Finch\u00e9 riesco a ricordare, sono connesso alla musica. Cantante, chitarrista, produttore e arrangiatore.<\/p>\n<p>La mia carriera professionale come musicista era nel mio servizio come chitarrista in una banda militare tra il 1980 e il 1983.<\/p>\n<p>Dal momento che mi \u00e8 apparso in parecchi gruppi musicali, tra cui Danny Litani, con Shlomo Mizrahi e la band &#8220;la fase elettrica&#8221;, l&#8217;accompagnamento della band Wayne Cardinal Red Rock Hotel Eilat &#8211; e come fondatore e partner uragano ballato apparso in bar, club e manifestazioni in tutto il paese.<\/p>\n<p>Alla fine degli anni &#8217;90, insieme allo sviluppo della tecnologia, mi sono separato dai miei partner Hurricane e ho intrapreso un nuovo percorso con un&#8217;orchestra virtuale che mi ha permesso di creare arrangiamenti illimitati per le canzoni e di esibirmi in singole esibizioni. Diversi anni dopo, mi ha raggiunto all&#8217;et\u00e0 di moglie Marina scoperto incredibile, e come duo, cantiamo, eventi divertenti e cuore gioioso di famiglia, serate di canto e gli eventi in molti diversi, caratterizzati da tutte le cause repertorio aria eccezionale qualit\u00e0 della produzione &#8211; e suono amichevole e piacevole per l&#8217;orecchio.<\/p>\n<p>Come sei collegato alla questione della salute ???<br \/>\nInizier\u00f2 con una dichiarazione che non ho mai studiato medicina e non sono un medico, ma ho sempre avuto una concezione straordinaria di questioni essenziali.<\/p>\n<p>Nel 1993, a seguito di cos\u00ec ho potuto guarire me stesso gengivale difficile, caratterizzato dalla perdita di stabilit\u00e0 dei denti, sensibilit\u00e0 intensa e disfunzione completa, con esperienza spirituale illuminazione a forma di potente flusso di informazioni infinita, mi ha aiutato a capire la vita e il corpo dell&#8217;energia Dimension, il concetto convenzionale &#8211; si \u00e8 concentrata sul mondo materiale E ignora completamente l&#8217;energia, non abbiamo modo di capire. Per quanto ne so, sono la prima persona al mondo a scoprirlo, comprenderlo e curarlo, naturalmente, senza cure mediche, in modo sistematico che chiunque lo implementa possa guarire se stesso.<\/p>\n<p>Pi\u00f9 tardi lo stesso approccio che vede l&#8217;energia vitale, fatto un corso di Reiki e ho iniziato a guarire questi trattamenti, che si basano sulla fornitura di supporto energetico per il corpo, rafforza e permette di guarire e recuperare rapidamente e in condizioni di alta qualit\u00e0 di malattia, un trauma, il dolore e le crisi, molti salute e diverso. Sebbene non ci sia successo al cento per cento, Bctsaim per cento dei casi di infezioni, ernie del disco, l&#8217;istrice, e numerosi problemi di salute altri raggiungiamo il trattamento terapeutico della durata di un&#8217;ora o due ore, e nel caso di ferite, fratture, ustioni, edemi, artrosi, malattie &#8220;psicosomatiche &#8220;Diversi come la fibromialgia, il Crohn e molti altri, questi trattamenti alleviano il dolore e migliorano il funzionamento dei vari sistemi corporei, in modo rapido ed efficiente, e aiutano il corpo a curarli in modo amichevole e corretto, senza danni e senza rischi.<\/p>\n<p>Dal momento che l&#8217;Illuminismo, nonostante l&#8217;enorme difficolt\u00e0 di trasferire le informazioni l&#8217;attenzione del pubblico che non \u00e8 accettabile e non merita l&#8217;autorit\u00e0 di stabilimento, senza la PR e senza alcuna assistenza, sto facendo tutto il possibile per rendere questo viaggio spirituale, se la serie di libri &#8220;Le cose non si sente dal proprio medico&#8221;, sia per mezzo Guarigione nel Reiki e trattamenti curativi, o con le grandi informazioni trovate su questo sito e nelle lezioni che insegno sulla salute e la consapevolezza nella dimensione energetica &#8230;<\/p>\n<p>Diciamo che c&#8217;\u00e8 qualche logica in questo &#8230; Come si relaziona con la musica per gli eventi ???<\/p>\n<p>Nello stesso spirito di trattamenti olistici, eventi in cui siamo, saremo rigorosi musica di qualit\u00e0, leggera e piacevole, il volume sar\u00e0 comodo per l&#8217;orecchio, non causer\u00e0 molta difficolt\u00e0 e disagio o dolore in una qualsiasi delle invitati.<\/p>\n<p>Il nostro approccio \u00e8 che la musica \u00e8 pura energia.<\/p>\n<p>Come tale, pu\u00f2 accarezzare e guarire &#8211; o colpire e causare danni alla salute &#8230;<br \/>\nScegliamo il primo modo.<\/p>\n<p>Una musica piacevole e piacevole per l&#8217;orecchio<\/p>\n","protected":false},"excerpt":{"rendered":"<p>Gila e Eyal Cohen: rispetto per la musica &nbsp; Cose che non sentirai dal tuo dottore lezioni &nbsp; Guarigione naturale &nbsp; Suggerimenti per la salute fuori dalla scatola &nbsp; Objective awareness &nbsp; Una persona che si occupa di musica per eventi, guarigione naturale nei trattamenti curativi, scrittura di libri sulla salute e la consapevolezza, filosofia, [&hellip;]<\/p>\n","protected":false},"author":2,"featured_media":0,"parent":0,"menu_order":0,"comment_status":"open","ping_status":"open","template":"","meta":{"_monsterinsights_skip_tracking":false,"_monsterinsights_sitenote_active":false,"_monsterinsights_sitenote_note":"","_monsterinsights_sitenote_category":0,"footnotes":""},"class_list":["post-6837","page","type-page","status-publish","hentry"],"yoast_head":"<!-- This site is optimized with the Yoast SEO plugin v27.3 - https:\/\/yoast.com\/product\/yoast-seo-wordpress\/ -->\n<title>\u05d4\u05e2\u05d9\u05d3\u05df \u05d4\u05d7\u05d3\u05e9 \u05e9\u05dc \u05d0\u05d9\u05dc \u05db\u05d4\u05df - \u05d4\u05e2\u05d9\u05d3\u05df \u05d4\u05d7\u05d3\u05e9 \u05e9\u05dc \u05d0\u05d9\u05dc \u05db\u05d4\u05df<\/title>\n<meta name=\"robots\" content=\"index, follow, max-snippet:-1, max-image-preview:large, max-video-preview:-1\" \/>\n<link rel=\"canonical\" href=\"https:\/\/eyalcohen.com\/it\/\u05d4\u05e2\u05d9\u05d3\u05df-\u05d4\u05d7\u05d3\u05e9-\u05e9\u05dc-\u05d0\u05d9\u05dc-\u05db\u05d4\u05df\/\" \/>\n<meta property=\"og:locale\" content=\"it_IT\" \/>\n<meta property=\"og:type\" content=\"article\" \/>\n<meta property=\"og:title\" content=\"\u05d4\u05e2\u05d9\u05d3\u05df \u05d4\u05d7\u05d3\u05e9 \u05e9\u05dc \u05d0\u05d9\u05dc \u05db\u05d4\u05df - \u05d4\u05e2\u05d9\u05d3\u05df \u05d4\u05d7\u05d3\u05e9 \u05e9\u05dc \u05d0\u05d9\u05dc \u05db\u05d4\u05df\" \/>\n<meta property=\"og:description\" content=\"Gila e Eyal Cohen: rispetto per la musica &nbsp; Cose che non sentirai dal tuo dottore lezioni &nbsp; Guarigione naturale &nbsp; Suggerimenti per la salute fuori dalla scatola &nbsp; Objective awareness &nbsp; Una persona che si occupa di musica per eventi, guarigione naturale nei trattamenti curativi, scrittura di libri sulla salute e la consapevolezza, filosofia, [&hellip;]\" \/>\n<meta property=\"og:url\" content=\"https:\/\/eyalcohen.com\/it\/\u05d4\u05e2\u05d9\u05d3\u05df-\u05d4\u05d7\u05d3\u05e9-\u05e9\u05dc-\u05d0\u05d9\u05dc-\u05db\u05d4\u05df\/\" \/>\n<meta property=\"og:site_name\" content=\"\u05d4\u05e2\u05d9\u05d3\u05df \u05d4\u05d7\u05d3\u05e9 \u05e9\u05dc \u05d0\u05d9\u05dc \u05db\u05d4\u05df\" \/>\n<meta property=\"article:publisher\" content=\"https:\/\/www.facebook.com\/groups\/528354840531271\" \/>\n<meta property=\"article:modified_time\" content=\"2019-05-02T13:14:04+00:00\" \/>\n<meta name=\"twitter:card\" content=\"summary_large_image\" \/>\n<meta name=\"twitter:label1\" content=\"Tempo di lettura stimato\" \/>\n\t<meta name=\"twitter:data1\" content=\"4 minuti\" \/>\n<script type=\"application\/ld+json\" class=\"yoast-schema-graph\">{\"@context\":\"https:\\\/\\\/schema.org\",\"@graph\":[{\"@type\":\"WebPage\",\"@id\":\"https:\\\/\\\/eyalcohen.com\\\/it\\\/%d7%94%d7%a2%d7%99%d7%93%d7%9f-%d7%94%d7%97%d7%93%d7%a9-%d7%a9%d7%9c-%d7%90%d7%99%d7%9c-%d7%9b%d7%94%d7%9f\\\/\",\"url\":\"https:\\\/\\\/eyalcohen.com\\\/it\\\/%d7%94%d7%a2%d7%99%d7%93%d7%9f-%d7%94%d7%97%d7%93%d7%a9-%d7%a9%d7%9c-%d7%90%d7%99%d7%9c-%d7%9b%d7%94%d7%9f\\\/\",\"name\":\"\u05d4\u05e2\u05d9\u05d3\u05df \u05d4\u05d7\u05d3\u05e9 \u05e9\u05dc \u05d0\u05d9\u05dc \u05db\u05d4\u05df - \u05d4\u05e2\u05d9\u05d3\u05df \u05d4\u05d7\u05d3\u05e9 \u05e9\u05dc \u05d0\u05d9\u05dc \u05db\u05d4\u05df\",\"isPartOf\":{\"@id\":\"https:\\\/\\\/eyalcohen.com\\\/#website\"},\"datePublished\":\"2012-06-03T09:42:50+00:00\",\"dateModified\":\"2019-05-02T13:14:04+00:00\",\"breadcrumb\":{\"@id\":\"https:\\\/\\\/eyalcohen.com\\\/it\\\/%d7%94%d7%a2%d7%99%d7%93%d7%9f-%d7%94%d7%97%d7%93%d7%a9-%d7%a9%d7%9c-%d7%90%d7%99%d7%9c-%d7%9b%d7%94%d7%9f\\\/#breadcrumb\"},\"inLanguage\":\"it-IT\",\"potentialAction\":[{\"@type\":\"ReadAction\",\"target\":[\"https:\\\/\\\/eyalcohen.com\\\/it\\\/%d7%94%d7%a2%d7%99%d7%93%d7%9f-%d7%94%d7%97%d7%93%d7%a9-%d7%a9%d7%9c-%d7%90%d7%99%d7%9c-%d7%9b%d7%94%d7%9f\\\/\"]}]},{\"@type\":\"BreadcrumbList\",\"@id\":\"https:\\\/\\\/eyalcohen.com\\\/it\\\/%d7%94%d7%a2%d7%99%d7%93%d7%9f-%d7%94%d7%97%d7%93%d7%a9-%d7%a9%d7%9c-%d7%90%d7%99%d7%9c-%d7%9b%d7%94%d7%9f\\\/#breadcrumb\",\"itemListElement\":[{\"@type\":\"ListItem\",\"position\":1,\"name\":\"\u05d3\u05e3 \u05d4\u05d1\u05d9\u05ea\",\"item\":\"https:\\\/\\\/eyalcohen.com\\\/it\\\/%d7%94%d7%a2%d7%99%d7%93%d7%9f-%d7%94%d7%97%d7%93%d7%a9-%d7%a9%d7%9c-%d7%90%d7%99%d7%9c-%d7%9b%d7%94%d7%9f\\\/\"},{\"@type\":\"ListItem\",\"position\":2,\"name\":\"\u05d4\u05e2\u05d9\u05d3\u05df \u05d4\u05d7\u05d3\u05e9 \u05e9\u05dc \u05d0\u05d9\u05dc \u05db\u05d4\u05df\"}]},{\"@type\":\"WebSite\",\"@id\":\"https:\\\/\\\/eyalcohen.com\\\/#website\",\"url\":\"https:\\\/\\\/eyalcohen.com\\\/\",\"name\":\"\u05d4\u05e2\u05d9\u05d3\u05df \u05d4\u05d7\u05d3\u05e9 \u05e9\u05dc \u05d0\u05d9\u05dc \u05db\u05d4\u05df\",\"description\":\"\u05d1\u05e8\u05d9\u05d0\u05d5\u05ea \u05d8\u05d1\u05e2\u05d9\u05ea, \u05de\u05d5\u05d6\u05d9\u05e7\u05d4 \u05dc\u05d0\u05d9\u05e8\u05d5\u05e2\u05d9\u05dd \u05d5\u05de\u05d4 \u05e9\u05d1\u05d9\u05e0\u05d9\u05d4\u05dd\",\"publisher\":{\"@id\":\"https:\\\/\\\/eyalcohen.com\\\/#\\\/schema\\\/person\\\/2cf6581996d002a62e66ee8d3a64b863\"},\"potentialAction\":[{\"@type\":\"SearchAction\",\"target\":{\"@type\":\"EntryPoint\",\"urlTemplate\":\"https:\\\/\\\/eyalcohen.com\\\/?s={search_term_string}\"},\"query-input\":{\"@type\":\"PropertyValueSpecification\",\"valueRequired\":true,\"valueName\":\"search_term_string\"}}],\"inLanguage\":\"it-IT\"},{\"@type\":[\"Person\",\"Organization\"],\"@id\":\"https:\\\/\\\/eyalcohen.com\\\/#\\\/schema\\\/person\\\/2cf6581996d002a62e66ee8d3a64b863\",\"name\":\"eyal cohen\",\"image\":{\"@type\":\"ImageObject\",\"inLanguage\":\"it-IT\",\"@id\":\"https:\\\/\\\/eyalcohen.com\\\/wp-content\\\/uploads\\\/2015\\\/12\\\/card_reiki.jpg\",\"url\":\"https:\\\/\\\/eyalcohen.com\\\/wp-content\\\/uploads\\\/2015\\\/12\\\/card_reiki.jpg\",\"contentUrl\":\"https:\\\/\\\/eyalcohen.com\\\/wp-content\\\/uploads\\\/2015\\\/12\\\/card_reiki.jpg\",\"width\":296,\"height\":532,\"caption\":\"eyal cohen\"},\"logo\":{\"@id\":\"https:\\\/\\\/eyalcohen.com\\\/wp-content\\\/uploads\\\/2015\\\/12\\\/card_reiki.jpg\"},\"sameAs\":[\"http:\\\/\\\/eyalcohen.com\",\"https:\\\/\\\/www.facebook.com\\\/groups\\\/528354840531271\",\"https:\\\/\\\/www.instagram.com\\\/eyalchn61\\\/\"]}]}<\/script>\n<!-- \/ Yoast SEO plugin. -->","yoast_head_json":{"title":"\u05d4\u05e2\u05d9\u05d3\u05df \u05d4\u05d7\u05d3\u05e9 \u05e9\u05dc \u05d0\u05d9\u05dc \u05db\u05d4\u05df - \u05d4\u05e2\u05d9\u05d3\u05df \u05d4\u05d7\u05d3\u05e9 \u05e9\u05dc \u05d0\u05d9\u05dc \u05db\u05d4\u05df","robots":{"index":"index","follow":"follow","max-snippet":"max-snippet:-1","max-image-preview":"max-image-preview:large","max-video-preview":"max-video-preview:-1"},"canonical":"https:\/\/eyalcohen.com\/it\/\u05d4\u05e2\u05d9\u05d3\u05df-\u05d4\u05d7\u05d3\u05e9-\u05e9\u05dc-\u05d0\u05d9\u05dc-\u05db\u05d4\u05df\/","og_locale":"it_IT","og_type":"article","og_title":"\u05d4\u05e2\u05d9\u05d3\u05df \u05d4\u05d7\u05d3\u05e9 \u05e9\u05dc \u05d0\u05d9\u05dc \u05db\u05d4\u05df - \u05d4\u05e2\u05d9\u05d3\u05df \u05d4\u05d7\u05d3\u05e9 \u05e9\u05dc \u05d0\u05d9\u05dc \u05db\u05d4\u05df","og_description":"Gila e Eyal Cohen: rispetto per la musica &nbsp; Cose che non sentirai dal tuo dottore lezioni &nbsp; Guarigione naturale &nbsp; Suggerimenti per la salute fuori dalla scatola &nbsp; Objective awareness &nbsp; Una persona che si occupa di musica per eventi, guarigione naturale nei trattamenti curativi, scrittura di libri sulla salute e la consapevolezza, filosofia, [&hellip;]","og_url":"https:\/\/eyalcohen.com\/it\/\u05d4\u05e2\u05d9\u05d3\u05df-\u05d4\u05d7\u05d3\u05e9-\u05e9\u05dc-\u05d0\u05d9\u05dc-\u05db\u05d4\u05df\/","og_site_name":"\u05d4\u05e2\u05d9\u05d3\u05df \u05d4\u05d7\u05d3\u05e9 \u05e9\u05dc \u05d0\u05d9\u05dc \u05db\u05d4\u05df","article_publisher":"https:\/\/www.facebook.com\/groups\/528354840531271","article_modified_time":"2019-05-02T13:14:04+00:00","twitter_card":"summary_large_image","twitter_misc":{"Tempo di lettura stimato":"4 minuti"},"schema":{"@context":"https:\/\/schema.org","@graph":[{"@type":"WebPage","@id":"https:\/\/eyalcohen.com\/it\/%d7%94%d7%a2%d7%99%d7%93%d7%9f-%d7%94%d7%97%d7%93%d7%a9-%d7%a9%d7%9c-%d7%90%d7%99%d7%9c-%d7%9b%d7%94%d7%9f\/","url":"https:\/\/eyalcohen.com\/it\/%d7%94%d7%a2%d7%99%d7%93%d7%9f-%d7%94%d7%97%d7%93%d7%a9-%d7%a9%d7%9c-%d7%90%d7%99%d7%9c-%d7%9b%d7%94%d7%9f\/","name":"\u05d4\u05e2\u05d9\u05d3\u05df \u05d4\u05d7\u05d3\u05e9 \u05e9\u05dc \u05d0\u05d9\u05dc \u05db\u05d4\u05df - \u05d4\u05e2\u05d9\u05d3\u05df \u05d4\u05d7\u05d3\u05e9 \u05e9\u05dc \u05d0\u05d9\u05dc \u05db\u05d4\u05df","isPartOf":{"@id":"https:\/\/eyalcohen.com\/#website"},"datePublished":"2012-06-03T09:42:50+00:00","dateModified":"2019-05-02T13:14:04+00:00","breadcrumb":{"@id":"https:\/\/eyalcohen.com\/it\/%d7%94%d7%a2%d7%99%d7%93%d7%9f-%d7%94%d7%97%d7%93%d7%a9-%d7%a9%d7%9c-%d7%90%d7%99%d7%9c-%d7%9b%d7%94%d7%9f\/#breadcrumb"},"inLanguage":"it-IT","potentialAction":[{"@type":"ReadAction","target":["https:\/\/eyalcohen.com\/it\/%d7%94%d7%a2%d7%99%d7%93%d7%9f-%d7%94%d7%97%d7%93%d7%a9-%d7%a9%d7%9c-%d7%90%d7%99%d7%9c-%d7%9b%d7%94%d7%9f\/"]}]},{"@type":"BreadcrumbList","@id":"https:\/\/eyalcohen.com\/it\/%d7%94%d7%a2%d7%99%d7%93%d7%9f-%d7%94%d7%97%d7%93%d7%a9-%d7%a9%d7%9c-%d7%90%d7%99%d7%9c-%d7%9b%d7%94%d7%9f\/#breadcrumb","itemListElement":[{"@type":"ListItem","position":1,"name":"\u05d3\u05e3 \u05d4\u05d1\u05d9\u05ea","item":"https:\/\/eyalcohen.com\/it\/%d7%94%d7%a2%d7%99%d7%93%d7%9f-%d7%94%d7%97%d7%93%d7%a9-%d7%a9%d7%9c-%d7%90%d7%99%d7%9c-%d7%9b%d7%94%d7%9f\/"},{"@type":"ListItem","position":2,"name":"\u05d4\u05e2\u05d9\u05d3\u05df \u05d4\u05d7\u05d3\u05e9 \u05e9\u05dc \u05d0\u05d9\u05dc \u05db\u05d4\u05df"}]},{"@type":"WebSite","@id":"https:\/\/eyalcohen.com\/#website","url":"https:\/\/eyalcohen.com\/","name":"\u05d4\u05e2\u05d9\u05d3\u05df \u05d4\u05d7\u05d3\u05e9 \u05e9\u05dc \u05d0\u05d9\u05dc \u05db\u05d4\u05df","description":"\u05d1\u05e8\u05d9\u05d0\u05d5\u05ea \u05d8\u05d1\u05e2\u05d9\u05ea, \u05de\u05d5\u05d6\u05d9\u05e7\u05d4 \u05dc\u05d0\u05d9\u05e8\u05d5\u05e2\u05d9\u05dd \u05d5\u05de\u05d4 \u05e9\u05d1\u05d9\u05e0\u05d9\u05d4\u05dd","publisher":{"@id":"https:\/\/eyalcohen.com\/#\/schema\/person\/2cf6581996d002a62e66ee8d3a64b863"},"potentialAction":[{"@type":"SearchAction","target":{"@type":"EntryPoint","urlTemplate":"https:\/\/eyalcohen.com\/?s={search_term_string}"},"query-input":{"@type":"PropertyValueSpecification","valueRequired":true,"valueName":"search_term_string"}}],"inLanguage":"it-IT"},{"@type":["Person","Organization"],"@id":"https:\/\/eyalcohen.com\/#\/schema\/person\/2cf6581996d002a62e66ee8d3a64b863","name":"eyal cohen","image":{"@type":"ImageObject","inLanguage":"it-IT","@id":"https:\/\/eyalcohen.com\/wp-content\/uploads\/2015\/12\/card_reiki.jpg","url":"https:\/\/eyalcohen.com\/wp-content\/uploads\/2015\/12\/card_reiki.jpg","contentUrl":"https:\/\/eyalcohen.com\/wp-content\/uploads\/2015\/12\/card_reiki.jpg","width":296,"height":532,"caption":"eyal cohen"},"logo":{"@id":"https:\/\/eyalcohen.com\/wp-content\/uploads\/2015\/12\/card_reiki.jpg"},"sameAs":["http:\/\/eyalcohen.com","https:\/\/www.facebook.com\/groups\/528354840531271","https:\/\/www.instagram.com\/eyalchn61\/"]}]}},"_links":{"self":[{"href":"https:\/\/eyalcohen.com\/it\/wp-json\/wp\/v2\/pages\/6837","targetHints":{"allow":["GET"]}}],"collection":[{"href":"https:\/\/eyalcohen.com\/it\/wp-json\/wp\/v2\/pages"}],"about":[{"href":"https:\/\/eyalcohen.com\/it\/wp-json\/wp\/v2\/types\/page"}],"author":[{"embeddable":true,"href":"https:\/\/eyalcohen.com\/it\/wp-json\/wp\/v2\/users\/2"}],"replies":[{"embeddable":true,"href":"https:\/\/eyalcohen.com\/it\/wp-json\/wp\/v2\/comments?post=6837"}],"version-history":[{"count":26,"href":"https:\/\/eyalcohen.com\/it\/wp-json\/wp\/v2\/pages\/6837\/revisions"}],"predecessor-version":[{"id":7539,"href":"https:\/\/eyalcohen.com\/it\/wp-json\/wp\/v2\/pages\/6837\/revisions\/7539"}],"wp:attachment":[{"href":"https:\/\/eyalcohen.com\/it\/wp-json\/wp\/v2\/media?parent=6837"}],"curies":[{"name":"wp","href":"https:\/\/api.w.org\/{rel}","templated":true}]}}