{"id":4990,"date":"2017-05-15T10:38:26","date_gmt":"2017-05-15T07:38:26","guid":{"rendered":"http:\/\/eyalcohen.com\/?page_id=4990"},"modified":"2017-05-15T10:38:26","modified_gmt":"2017-05-15T07:38:26","slug":"aiuta-crescere-questo-sito","status":"publish","type":"page","link":"https:\/\/eyalcohen.com\/it\/aiuta-crescere-questo-sito\/","title":{"rendered":"Aiuta a crescere questo sito"},"content":{"rendered":"<p style=\"direction: ltr;\">Cari amici;<\/p>\n<p style=\"direction: ltr;\">Dopo l&#8217;illuminazione che ho vissuto nel 1993, che ha cambiato la mia percezione della vita e della salute, sto cercando di passare queste informazioni cruciali per la nostra vita, nella serie di libri &#8220;Le cose non sentirete al proprio medico&#8221; che ho scritto.<\/p>\n<p style=\"direction: ltr;\">Questo sito, che \u00e8 unica di capire la vita come energia, fornisce consigli pratici per prevenire o curare le malattie naturalmente &#8220;croniche&#8221; e molti problemi di salute che si sviluppano a causa di violazioni del bilancio energetico.<\/p>\n<p style=\"direction: ltr;\">Questo sito web \u00e8 originariamente scritto in ebraico, e cos\u00ec, naturalmente gli altri sottodomini non sono cos\u00ec sviluppati.<\/p>\n<p style=\"direction: ltr;\">Purtroppo, con tutta la mia buona volont\u00e0, non ho il tempo e le risorse per tradurre in altre lingue, al fine di permettere alle persone di beneficiare di essa.<\/p>\n<p style=\"direction: ltr;\">Fortunatamente, \u00e8 possibile per aiutarmi a fare le informazioni accessibili nella vostraa lingua, sia contribuendo a tradurre parti di esso per la vostra lingua &#8211; o pagando per il libro &#8220;Le cose non sentirete dal proprio medico&#8221;, che mi permetter\u00e0 di utilizzare assistenza professionale.<\/p>\n<p style=\"direction: ltr;\">Se trovate errori Grammer, si prega di informare me, in modo che possiamo rendere pi\u00f9\u00f9 confortevole per gli altri per ottenere le informazioni corrette.<\/p>\n<p style=\"direction: ltr;\">Qualsiasi aiuto sarebbe apprezzato<\/p>\n<p style=\"direction: ltr;\">Al momento, sto cercando per i gestori del sito alle diverse lingue<\/p>\n<p style=\"direction: ltr;\">Inglese,<\/p>\n<p style=\"direction: ltr;\">Francese,<\/p>\n<p style=\"direction: ltr;\">Spagnolo,<\/p>\n<p style=\"direction: ltr;\">Italiano,<\/p>\n<p style=\"direction: ltr;\">Tedescoo.<\/p>\n<p style=\"direction: ltr;\">La conoscenza del linguaggio come obbligatoria.<\/p>\n<p style=\"direction: ltr;\">Nella prima fase, il lavoro deve essere fatto su base volontaria, perch\u00e9 questo sito \u00e8 libera e non ha reddito, ma in una fase successiva, se trover\u00f2 un modello economico, che sar\u00e0 felice di pagare, e far\u00f2 del mio meglio per giustificare il vostro tempo ed energia;).<\/p>\n<p style=\"direction: ltr;\">Il lavoro \u00e8, naturalmente, a casa, a proprio comodoo.<\/p>\n<p style=\"direction: ltr;\">Grazie<\/p>\n<p style=\"direction: ltr;\">Eyal Cohen<\/p>\n","protected":false},"excerpt":{"rendered":"<p>Cari amici; Dopo l&#8217;illuminazione che ho vissuto nel 1993, che ha cambiato la mia percezione della vita e della salute, sto cercando di passare queste informazioni cruciali per la nostra vita, nella serie di libri &#8220;Le cose non sentirete al proprio medico&#8221; che ho scritto. Questo sito, che \u00e8 unica di capire la vita come [&hellip;]<\/p>\n","protected":false},"author":2,"featured_media":0,"parent":0,"menu_order":0,"comment_status":"closed","ping_status":"closed","template":"","meta":{"_monsterinsights_skip_tracking":false,"_monsterinsights_sitenote_active":false,"_monsterinsights_sitenote_note":"","_monsterinsights_sitenote_category":0,"footnotes":""},"class_list":["post-4990","page","type-page","status-publish","hentry"],"yoast_head":"<!-- This site is optimized with the Yoast SEO plugin v27.3 - https:\/\/yoast.com\/product\/yoast-seo-wordpress\/ -->\n<title>Aiuta a crescere questo sito - \u05d4\u05e2\u05d9\u05d3\u05df \u05d4\u05d7\u05d3\u05e9 \u05e9\u05dc \u05d0\u05d9\u05dc \u05db\u05d4\u05df<\/title>\n<meta name=\"robots\" content=\"index, follow, max-snippet:-1, max-image-preview:large, max-video-preview:-1\" \/>\n<link rel=\"canonical\" href=\"https:\/\/eyalcohen.com\/it\/aiuta-crescere-questo-sito\/\" \/>\n<meta property=\"og:locale\" content=\"it_IT\" \/>\n<meta property=\"og:type\" content=\"article\" \/>\n<meta property=\"og:title\" content=\"Aiuta a crescere questo sito - \u05d4\u05e2\u05d9\u05d3\u05df \u05d4\u05d7\u05d3\u05e9 \u05e9\u05dc \u05d0\u05d9\u05dc \u05db\u05d4\u05df\" \/>\n<meta property=\"og:description\" content=\"Cari amici; Dopo l&#8217;illuminazione che ho vissuto nel 1993, che ha cambiato la mia percezione della vita e della salute, sto cercando di passare queste informazioni cruciali per la nostra vita, nella serie di libri &#8220;Le cose non sentirete al proprio medico&#8221; che ho scritto. Questo sito, che \u00e8 unica di capire la vita come [&hellip;]\" \/>\n<meta property=\"og:url\" content=\"https:\/\/eyalcohen.com\/it\/aiuta-crescere-questo-sito\/\" \/>\n<meta property=\"og:site_name\" content=\"\u05d4\u05e2\u05d9\u05d3\u05df \u05d4\u05d7\u05d3\u05e9 \u05e9\u05dc \u05d0\u05d9\u05dc \u05db\u05d4\u05df\" \/>\n<meta property=\"article:publisher\" content=\"https:\/\/www.facebook.com\/groups\/528354840531271\" \/>\n<meta name=\"twitter:card\" content=\"summary_large_image\" \/>\n<meta name=\"twitter:label1\" content=\"Tempo di lettura stimato\" \/>\n\t<meta name=\"twitter:data1\" content=\"1 minuto\" \/>\n<script type=\"application\/ld+json\" class=\"yoast-schema-graph\">{\"@context\":\"https:\\\/\\\/schema.org\",\"@graph\":[{\"@type\":\"WebPage\",\"@id\":\"https:\\\/\\\/eyalcohen.com\\\/it\\\/aiuta-crescere-questo-sito\\\/\",\"url\":\"https:\\\/\\\/eyalcohen.com\\\/it\\\/aiuta-crescere-questo-sito\\\/\",\"name\":\"Aiuta a crescere questo sito - \u05d4\u05e2\u05d9\u05d3\u05df \u05d4\u05d7\u05d3\u05e9 \u05e9\u05dc \u05d0\u05d9\u05dc \u05db\u05d4\u05df\",\"isPartOf\":{\"@id\":\"https:\\\/\\\/eyalcohen.com\\\/#website\"},\"datePublished\":\"2017-05-15T07:38:26+00:00\",\"breadcrumb\":{\"@id\":\"https:\\\/\\\/eyalcohen.com\\\/it\\\/aiuta-crescere-questo-sito\\\/#breadcrumb\"},\"inLanguage\":\"it-IT\",\"potentialAction\":[{\"@type\":\"ReadAction\",\"target\":[\"https:\\\/\\\/eyalcohen.com\\\/it\\\/aiuta-crescere-questo-sito\\\/\"]}]},{\"@type\":\"BreadcrumbList\",\"@id\":\"https:\\\/\\\/eyalcohen.com\\\/it\\\/aiuta-crescere-questo-sito\\\/#breadcrumb\",\"itemListElement\":[{\"@type\":\"ListItem\",\"position\":1,\"name\":\"\u05d3\u05e3 \u05d4\u05d1\u05d9\u05ea\",\"item\":\"https:\\\/\\\/eyalcohen.com\\\/it\\\/%d7%94%d7%a2%d7%99%d7%93%d7%9f-%d7%94%d7%97%d7%93%d7%a9-%d7%a9%d7%9c-%d7%90%d7%99%d7%9c-%d7%9b%d7%94%d7%9f\\\/\"},{\"@type\":\"ListItem\",\"position\":2,\"name\":\"Aiuta a crescere questo sito\"}]},{\"@type\":\"WebSite\",\"@id\":\"https:\\\/\\\/eyalcohen.com\\\/#website\",\"url\":\"https:\\\/\\\/eyalcohen.com\\\/\",\"name\":\"\u05d4\u05e2\u05d9\u05d3\u05df \u05d4\u05d7\u05d3\u05e9 \u05e9\u05dc \u05d0\u05d9\u05dc \u05db\u05d4\u05df\",\"description\":\"\u05d1\u05e8\u05d9\u05d0\u05d5\u05ea \u05d8\u05d1\u05e2\u05d9\u05ea, \u05de\u05d5\u05d6\u05d9\u05e7\u05d4 \u05dc\u05d0\u05d9\u05e8\u05d5\u05e2\u05d9\u05dd \u05d5\u05de\u05d4 \u05e9\u05d1\u05d9\u05e0\u05d9\u05d4\u05dd\",\"publisher\":{\"@id\":\"https:\\\/\\\/eyalcohen.com\\\/#\\\/schema\\\/person\\\/2cf6581996d002a62e66ee8d3a64b863\"},\"potentialAction\":[{\"@type\":\"SearchAction\",\"target\":{\"@type\":\"EntryPoint\",\"urlTemplate\":\"https:\\\/\\\/eyalcohen.com\\\/?s={search_term_string}\"},\"query-input\":{\"@type\":\"PropertyValueSpecification\",\"valueRequired\":true,\"valueName\":\"search_term_string\"}}],\"inLanguage\":\"it-IT\"},{\"@type\":[\"Person\",\"Organization\"],\"@id\":\"https:\\\/\\\/eyalcohen.com\\\/#\\\/schema\\\/person\\\/2cf6581996d002a62e66ee8d3a64b863\",\"name\":\"eyal cohen\",\"image\":{\"@type\":\"ImageObject\",\"inLanguage\":\"it-IT\",\"@id\":\"https:\\\/\\\/eyalcohen.com\\\/wp-content\\\/uploads\\\/2015\\\/12\\\/card_reiki.jpg\",\"url\":\"https:\\\/\\\/eyalcohen.com\\\/wp-content\\\/uploads\\\/2015\\\/12\\\/card_reiki.jpg\",\"contentUrl\":\"https:\\\/\\\/eyalcohen.com\\\/wp-content\\\/uploads\\\/2015\\\/12\\\/card_reiki.jpg\",\"width\":296,\"height\":532,\"caption\":\"eyal cohen\"},\"logo\":{\"@id\":\"https:\\\/\\\/eyalcohen.com\\\/wp-content\\\/uploads\\\/2015\\\/12\\\/card_reiki.jpg\"},\"sameAs\":[\"http:\\\/\\\/eyalcohen.com\",\"https:\\\/\\\/www.facebook.com\\\/groups\\\/528354840531271\",\"https:\\\/\\\/www.instagram.com\\\/eyalchn61\\\/\"]}]}<\/script>\n<!-- \/ Yoast SEO plugin. -->","yoast_head_json":{"title":"Aiuta a crescere questo sito - \u05d4\u05e2\u05d9\u05d3\u05df \u05d4\u05d7\u05d3\u05e9 \u05e9\u05dc \u05d0\u05d9\u05dc \u05db\u05d4\u05df","robots":{"index":"index","follow":"follow","max-snippet":"max-snippet:-1","max-image-preview":"max-image-preview:large","max-video-preview":"max-video-preview:-1"},"canonical":"https:\/\/eyalcohen.com\/it\/aiuta-crescere-questo-sito\/","og_locale":"it_IT","og_type":"article","og_title":"Aiuta a crescere questo sito - \u05d4\u05e2\u05d9\u05d3\u05df \u05d4\u05d7\u05d3\u05e9 \u05e9\u05dc \u05d0\u05d9\u05dc \u05db\u05d4\u05df","og_description":"Cari amici; Dopo l&#8217;illuminazione che ho vissuto nel 1993, che ha cambiato la mia percezione della vita e della salute, sto cercando di passare queste informazioni cruciali per la nostra vita, nella serie di libri &#8220;Le cose non sentirete al proprio medico&#8221; che ho scritto. Questo sito, che \u00e8 unica di capire la vita come [&hellip;]","og_url":"https:\/\/eyalcohen.com\/it\/aiuta-crescere-questo-sito\/","og_site_name":"\u05d4\u05e2\u05d9\u05d3\u05df \u05d4\u05d7\u05d3\u05e9 \u05e9\u05dc \u05d0\u05d9\u05dc \u05db\u05d4\u05df","article_publisher":"https:\/\/www.facebook.com\/groups\/528354840531271","twitter_card":"summary_large_image","twitter_misc":{"Tempo di lettura stimato":"1 minuto"},"schema":{"@context":"https:\/\/schema.org","@graph":[{"@type":"WebPage","@id":"https:\/\/eyalcohen.com\/it\/aiuta-crescere-questo-sito\/","url":"https:\/\/eyalcohen.com\/it\/aiuta-crescere-questo-sito\/","name":"Aiuta a crescere questo sito - \u05d4\u05e2\u05d9\u05d3\u05df \u05d4\u05d7\u05d3\u05e9 \u05e9\u05dc \u05d0\u05d9\u05dc \u05db\u05d4\u05df","isPartOf":{"@id":"https:\/\/eyalcohen.com\/#website"},"datePublished":"2017-05-15T07:38:26+00:00","breadcrumb":{"@id":"https:\/\/eyalcohen.com\/it\/aiuta-crescere-questo-sito\/#breadcrumb"},"inLanguage":"it-IT","potentialAction":[{"@type":"ReadAction","target":["https:\/\/eyalcohen.com\/it\/aiuta-crescere-questo-sito\/"]}]},{"@type":"BreadcrumbList","@id":"https:\/\/eyalcohen.com\/it\/aiuta-crescere-questo-sito\/#breadcrumb","itemListElement":[{"@type":"ListItem","position":1,"name":"\u05d3\u05e3 \u05d4\u05d1\u05d9\u05ea","item":"https:\/\/eyalcohen.com\/it\/%d7%94%d7%a2%d7%99%d7%93%d7%9f-%d7%94%d7%97%d7%93%d7%a9-%d7%a9%d7%9c-%d7%90%d7%99%d7%9c-%d7%9b%d7%94%d7%9f\/"},{"@type":"ListItem","position":2,"name":"Aiuta a crescere questo sito"}]},{"@type":"WebSite","@id":"https:\/\/eyalcohen.com\/#website","url":"https:\/\/eyalcohen.com\/","name":"\u05d4\u05e2\u05d9\u05d3\u05df \u05d4\u05d7\u05d3\u05e9 \u05e9\u05dc \u05d0\u05d9\u05dc \u05db\u05d4\u05df","description":"\u05d1\u05e8\u05d9\u05d0\u05d5\u05ea \u05d8\u05d1\u05e2\u05d9\u05ea, \u05de\u05d5\u05d6\u05d9\u05e7\u05d4 \u05dc\u05d0\u05d9\u05e8\u05d5\u05e2\u05d9\u05dd \u05d5\u05de\u05d4 \u05e9\u05d1\u05d9\u05e0\u05d9\u05d4\u05dd","publisher":{"@id":"https:\/\/eyalcohen.com\/#\/schema\/person\/2cf6581996d002a62e66ee8d3a64b863"},"potentialAction":[{"@type":"SearchAction","target":{"@type":"EntryPoint","urlTemplate":"https:\/\/eyalcohen.com\/?s={search_term_string}"},"query-input":{"@type":"PropertyValueSpecification","valueRequired":true,"valueName":"search_term_string"}}],"inLanguage":"it-IT"},{"@type":["Person","Organization"],"@id":"https:\/\/eyalcohen.com\/#\/schema\/person\/2cf6581996d002a62e66ee8d3a64b863","name":"eyal cohen","image":{"@type":"ImageObject","inLanguage":"it-IT","@id":"https:\/\/eyalcohen.com\/wp-content\/uploads\/2015\/12\/card_reiki.jpg","url":"https:\/\/eyalcohen.com\/wp-content\/uploads\/2015\/12\/card_reiki.jpg","contentUrl":"https:\/\/eyalcohen.com\/wp-content\/uploads\/2015\/12\/card_reiki.jpg","width":296,"height":532,"caption":"eyal cohen"},"logo":{"@id":"https:\/\/eyalcohen.com\/wp-content\/uploads\/2015\/12\/card_reiki.jpg"},"sameAs":["http:\/\/eyalcohen.com","https:\/\/www.facebook.com\/groups\/528354840531271","https:\/\/www.instagram.com\/eyalchn61\/"]}]}},"_links":{"self":[{"href":"https:\/\/eyalcohen.com\/it\/wp-json\/wp\/v2\/pages\/4990","targetHints":{"allow":["GET"]}}],"collection":[{"href":"https:\/\/eyalcohen.com\/it\/wp-json\/wp\/v2\/pages"}],"about":[{"href":"https:\/\/eyalcohen.com\/it\/wp-json\/wp\/v2\/types\/page"}],"author":[{"embeddable":true,"href":"https:\/\/eyalcohen.com\/it\/wp-json\/wp\/v2\/users\/2"}],"replies":[{"embeddable":true,"href":"https:\/\/eyalcohen.com\/it\/wp-json\/wp\/v2\/comments?post=4990"}],"version-history":[{"count":1,"href":"https:\/\/eyalcohen.com\/it\/wp-json\/wp\/v2\/pages\/4990\/revisions"}],"predecessor-version":[{"id":4991,"href":"https:\/\/eyalcohen.com\/it\/wp-json\/wp\/v2\/pages\/4990\/revisions\/4991"}],"wp:attachment":[{"href":"https:\/\/eyalcohen.com\/it\/wp-json\/wp\/v2\/media?parent=4990"}],"curies":[{"name":"wp","href":"https:\/\/api.w.org\/{rel}","templated":true}]}}