{"id":4988,"date":"2017-05-15T10:36:54","date_gmt":"2017-05-15T07:36:54","guid":{"rendered":"http:\/\/eyalcohen.com\/?page_id=4988"},"modified":"2017-07-07T19:22:35","modified_gmt":"2017-07-07T16:22:35","slug":"reiki-and-healing","status":"publish","type":"page","link":"https:\/\/eyalcohen.com\/it\/reiki-and-healing\/","title":{"rendered":"reiki and healing"},"content":{"rendered":"<p style=\"text-align: justify;\">Non potete immaginare quante vite potrebbero essere salvate e quanta sofferenza preventer potrebbe essere, se le terapie olistiche basate energia: come il Reiki e guarigione sono stati accettati dalla nostra societ\u00e0 occidentale.<\/p>\n<p style=\"text-align: justify;\">La guarigione e Reiki sono schiacciate trattamenti energetici che sostengono e aiutano l&#8217;organismo superare quasi tutti i problemi di salute, naturalmente, senza intervento medico, senza prodotti chimici, senza trattamenti invasivi, senza i costi enormi e senza danni, avvelenamenti e vari effetti collaterali da farmaci.<\/p>\n<p style=\"text-align: justify;\">Come un terapeuta e un credente in Questi trattamenti &#8211; sulla base di lunga esperienza con un tasso di successo sorprendente, prima di eseguire di iniettare cortizone o passare attraverso trattamenti invasivi, mi permetta di condividere alcune storie che ho incontrato circa i trattamenti di guarigione e Reiki, in modo che avrete Un&#8217;altra scelta, che \u00e8 superiore in alcun modo.<\/p>\n<p style=\"text-align: justify;\">Sorprendentemente, la maggior parte dei problemi che possono essere trattati con successo con questi trattamenti, sono quelli che la medicina definisce &#8220;cronica&#8221;, &#8220;auto-immune&#8221;, &#8220;ereditaria&#8221;, &#8220;psicosomatica&#8221;, &#8220;dolore inspiegabile&#8221; che perch\u00e9 tutti esistono nel aspetto energetico. Medicina non riconoscere i loro reali cause, e quindi non suggerisce vera cura, piuttosto che trattare i sintomi per tutta la vita. Da questa parte, funziona come per magia Questi trattamenti nei casi di infiammazioni, ernia del disco, il cancro, e di fatto, qualsiasi sfida di salute.<\/p>\n<p style=\"text-align: justify;\">Tuttavia, non costruire speranze e cade a essere onesto e leale, devo dire che non vi \u00e8 alcuna garanzia che il trattamento di Reiki vi aiuter\u00e0 in ogni caso. Nella mia recensione, poich\u00e9 non vi \u00e8 alcun rischio, se \u00e8 abbastanza importante, si dovrebbe provare prima o combinano con un trattamento medico al fine di ottenere un recupero migliore e pi\u00f9 veloce.<br \/>\nSe si soffre di malattie come il diabete o pressione alta che ti fa dipendere da farmaci, si dovrebbe provare a prendere trattamenti Reiki durante il monitoraggio del glucosio nel sangue &#8211; o la pressione sanguigna, riducendo la dose di farmaco A poco a poco, mentre i valori di ritorno alla normalit\u00e0.<\/p>\n<p style=\"text-align: justify;\">Negli anni di pratica di Reiki, ho visto casi Centinaia di guarigione che normalmente sarebbero definiti come &#8220;miracoli della medicina.&#8221; Ti dar\u00f2 alcuni esempi &#8230;<\/p>\n<h2 style=\"text-align: justify;\"><strong>Su una esperienza personale che ho avuto con mio padre.<\/strong><\/h2>\n<h3 style=\"text-align: justify;\"><strong>Trattamento di Reiki in insufficienza renale<\/strong><\/h3>\n<p style=\"text-align: justify;\">Nel 22 novembre 2010 all&#8217;et\u00e0 di 82 anni, ci fu un improvviso peggioramento condizioni di salute di mio padre, e mio padre \u00e8 stato ricoverato in un ospedale. In ospedale un esame del sangue Essi presero, e sulla base della misurazione della creatinina, i medici dissero a mio fratello che mi \u00e8 stato colpito da grave insufficienza renale. Normalmente io sono colui che si prende cura di mio padre, ma Lunedi stavo lavorando Ci\u00f2 in modo che io non sapevo che cosa sta accadendo era alle 21:30 Quando ho ricevuto un SMS da mio fratello:<br \/>\n&#8220;Padre \u00e8 affetto da insufficienza renale acuta&#8221;<br \/>\nI risultati del test del sangue hanno mostrato &#8220;creatinina 7.&#8221; Questo significa 7 milligrammi per decilitro di creatinina del sangue &#8230; Il valore indica che il corretto funzionamento dei reni \u00e8 uno. Proprio per illustrare la gravit\u00e0 della situazione, creatinina 3 Indica alterata funzione renale settanta per cento. Quando il valore della creatinina ottiene mg per decilitro a 3, una persona per un ricovero entra follow-up.<br \/>\nUn valore di 7 creatinina indica che i reni non funzionano affatto, e la medicina convenzionale non ha cura da offrire. Normalmente, est\u00e1 in condizioni incurabile.<\/p>\n<p style=\"text-align: justify;\">Tuttavia, come trattamenti Reiki Io so che pu\u00f2 fornire una soluzione ai problemi legati alla insufficienza d&#8217;organo causa di insufficienza, ho deciso di prendere la situazione nelle mie mani.<br \/>\nMio padre, come la maggior parte persone Cresciuto nella cultura occidentale era scettico e anche cinico quando si trattava di trattamenti inaccettabili. All&#8217;inizio ho provato a urlare a me che non aiuta, ma nel caso in cui esta non avevo scelta. Reiki sapevo che era l&#8217;unica possibilit\u00e0 di evitare o completa distruzione dei reni e l&#8217;inizio della dialisi \u00e8 stato, e ho insistito per trattarlo.<\/p>\n<p style=\"text-align: justify;\">Gli ho dato tanto quanto me Reiky potuto &#8211; per lo pi\u00f9 mentre dormivo.<br \/>\nOgni mattina sono arrivato in ospedale alle 7:00 e gli ho dato un trattamento di Reiki per acerca un&#8217;ora. Ogni mattina tra le 9:00-09:30 \u00e8 venuto un infermiere e ha preso una di sangue per verificare la creatinina. Marted\u00ec scorso, il risultato del test del sangue hanno mostrato 4.3. Mercoled\u00ec scorso il risultato del test del sangue \u00e8 stato 3 e il Giovedi il risultato del test del sangue hanno mostrato del tutto normale creatinina 1! Fino ad oggi, cinque anni dopo, all&#8217;et\u00e0 di 87 mia funzione padri reni in modo eccellente, e speriamo che continuer\u00e0 che in questo modo. Se ci sar\u00e0 un altro deterioramento, sono pronto a prendersi cura di lui ancora una volta &#8230;<br \/>\nTale condizione grave guarigione Tale poco tempo All&#8217;interno, non \u00e8 meno che notevole. L&#8217;ultimo giorno prima sono stato rilasciato, mentre i medici stavano facendo il loro giro, ho sentito il professore chiedendo al medico responsabile &#8220;Chi \u00e8 quello che aveva creatinina 7?&#8221; Il medico gli ha mostrato a mio padre, e la Proffesor e gli disse Avvicinato &#8220;Sei stato molto fortunato.&#8221;<\/p>\n<p style=\"text-align: justify;\">Potrebbe davvero essere una questione di fortuna? Sei tu a decidere.<\/p>\n<hr \/>\n<h2 style=\"text-align: justify;\">La storia di infezione del tratto urinario e la terapia Reiki che ha rovinato i suoi piani &#8230;<\/h2>\n<p style=\"text-align: justify;\">Mio padre che \u00e8 ora di 87 anni, soffre di sever aterosclerosi che ha bloccato l&#8217;afflusso di sangue al cervello, e sono stato salvato da un intervento chirurgico che ha aperto la carotide e rinnovato il flusso di sangue, ma avevo perso molte delle sue funzioni, e io che deve Privet badante si prende cura di lui 24\/7.<br \/>\nIl Mercoled\u00ec 25\/03\/15 alle 06:00 il caregiver mi ha chiamato e mi ha detto che il pap\u00e0 ha sangue nelle urine. Immediatamente mi sono alzato e vedere che cosa era andato a accadendo. Quello che ho visto \u00e8 stato piuttosto spaventoso. \u00c8 bag urine era rosso scuro, anche incline al marrone. Normale Ogni persona in questa fase sarebbe chiamare un&#8217;ambulanza e andare al pronto soccorso, spendere circa otto ore fino a medico viene a vederlo e dargli farmaco che dovr\u00f2 prendere per almeno due settimane, durante le quali lo far\u00f2 anche essere nel dolore &#8211; e suscettibile di complicazioni e \/ o danni alla salute.<br \/>\nQuesto \u00e8 ci\u00f2 che qualsiasi persona normale avrebbe fatto.<br \/>\nIo rendo testimonianza di me stesso come &#8220;non normale&#8221; &#8211; e come tale, ho deciso di prendere le cose nelle mie mani. In questa difficile situazione, non \u00e8 un trattamento one-shot, ma due ore di trattamento due volte al giorno almeno. I fatti, per\u00f2, parlano da soli, ed i risultati sono mostrati in colori prima di voi.<\/p>\n<p style=\"text-align: justify;\"><img fetchpriority=\"high\" decoding=\"async\" class=\"size-full wp-image-133 aligncenter\" src=\"http:\/\/eyalcohen.com\/it\/files\/2016\/08\/\u05e9\u05e7\u05d5\u05e4\u05d9\u05ea1.jpg\" alt=\"\u05e9\u05e7\u05d5\u05e4\u05d9\u05ea1\" width=\"960\" height=\"720\" \/><\/p>\n<p style=\"text-align: justify;\">Mercoled\u00ec mattina ho ricevuto il messaggio e trattamenti iniziato &#8211; e il Sabato a mezzogiorno la storia era finita. Non ci sono antibiotici, antidolorifici o altri no farmaci, senza tossine e trattamenti invasivi.<br \/>\nAvuto badante di pap\u00e0 pi\u00f9 attenti e stato informato che io In precedenza vi era un problema, \u00e8 probabile che potremmo avere risolto il problema in una sessione o almeno molto pi\u00f9 veloce.<\/p>\n<p style=\"text-align: justify;\">Non credo che si &#8216;troverete qualsiasi medico che possano garantire mezzi medici che completamente curare l&#8217;infezione a questo livello entro tre giorni. Semplicemente non credono che sia possibile a tutti, ma ancora una volta distrutto il concetto di Reiki, e ha dimostrato che una completa guarigione \u00e8 raggiungibile in breve tempo fantasticamente.<\/p>\n<hr \/>\n<p style=\"text-align: justify;\"><iframe src=\"https:\/\/www.youtube.com\/embed\/R4cITctCa9A\" width=\"560\" height=\"316\" frameborder=\"0\" allowfullscreen=\"allowfullscreen\"><\/iframe><\/p>\n<hr \/>\n<h2 style=\"text-align: justify;\"><strong>trattamento Reiki nelle implicaciones di ictus.<\/strong><\/h2>\n<p style=\"text-align: justify;\">Su 7\/13\/11 ho ricevuto un messaggio di Facebook si legge: &#8220;Eyal Ehi, ho visto uno dei tuoi pubblicazioni Tra le altre attivit\u00e0 che si &#8216;benedetto con trattamenti Reiki. Zvika Lavid, come sapete la settimana scorsa ha avuto un ictus non \u00e8 facile. Il suo braccio sinistro e la gamba sinistra in seguito fermato l&#8217;evento. Mi \u00e8 stato ricoverato una settimana nel reparto di neurologia presso l&#8217;ospedale &#8220;Tel Hashomer&#8221; presso le lesioni capo reparto geriatrico da Domenica alla riabilitazione. I medici sono soddisfatti dei suoi progressi, ma lui si aspettano di ricovero prolungato di almeno un mese. Se fai Reiki e pensi che forse potrebbe aiutarlo, sarebbe bello se si crea un contatto. di Zvika numero di telefono 050-xxxxxxx.<br \/>\nGrazie,<br \/>\nRosie<\/p>\n<p style=\"text-align: justify;\">Senza pensarci due volte, mia moglie e ho guidato per la Geriatric Rehabilitation Hospital Tel &#8211; Hashomer. Dopo la settimana in cui Zvika \u00e8 stato ricoverato, lo abbiamo visto con met\u00e0 del corpo paralizzato; Gli ho dato un trattamento di Reiki per Acerca 30 minuti. Dopo che ho smesso il trattamento che abbiamo e di parlare un po &#8216;nel mese di settembre, e pochi minuti dopo. Zvika, che nemmeno sapevano cosa \u00e8 Reiki, mi ha chiesto &#8220;mi hai dato il trattamento Raiki?&#8221; Gli ho chiesto di cercare di alzare la mano, e io ho alzato la mano sinistra via tutto fino liberamente &#8230; Nessuno pu\u00f2 immaginare la che emozione ero a dopo meno di mezz&#8217;ora Zvika alz\u00f2 la mano &#8230;<\/p>\n<p style=\"text-align: justify;\"><img decoding=\"async\" class=\"wp-image-134 size-large aligncenter\" src=\"http:\/\/eyalcohen.com\/it\/files\/2016\/08\/ZVIKA-LAVID-768x1024.jpg\" alt=\"ZVIKA-LAVID\" width=\"640\" height=\"853\" \/><\/p>\n<p style=\"text-align: justify;\">Zvika Lavid nel geriatrica balcone reparto di riabilitazione presso l&#8217;ospedale &#8220;Tel Hashomer&#8221;, pochi minuti dopo il trattamento Reiki.<br \/>\nDa allora, Zvika sua qualit\u00e0 di vita tornato e avere una vita normale vita senza limitazioni.<br \/>\nSe non si capisce l&#8217;ebraico, si prega di accendere i sottotitoli.<br \/>\n<iframe src=\"https:\/\/www.youtube.com\/embed\/rXpVWoLf1Bk\" width=\"420\" height=\"316\" frameborder=\"0\" allowfullscreen=\"allowfullscreen\"><\/iframe><\/p>\n<hr \/>\n<p style=\"text-align: justify;\">Dalla mia esperienza e il riconoscimento della capacit\u00e0 del corpo di guarire se stesso \u00e8 meglio di qualsiasi farmaco o trattamento medico, e il supporto energetico incoraggia il corpo a fare il processo veloce e pulito.<\/p>\n<p style=\"text-align: justify;\">E &#8216;il mio consiglio a voi per non andare con la mandria, dopo l&#8217;approccio del medico stabilimento. Hai molto da perdere &#8211; ed \u00e8 un peccato per diventare un altro dato nelle statistiche della medicina meccanicistica, che subir\u00e0 per il resto della sua vita.<br \/>\nIn molte situazioni, il trattamento energico pu\u00f2 essere risposta efficace, al contrario di assoggettamento a farmaci o macchine vi accompagner\u00e0 per tutta la vita.<\/p>\n<p style=\"text-align: justify;\">Per quanto a mia conoscenza, trattamenti Reiki possono curare le malattie che sono principalmente il risultato di una mancata o scarsa flusso di sangue, che colpisce il funzionamento degli organi e del sistema nervoso &#8211; e le malattie che sono definiti come &#8220;oto-immune&#8221; e malattie croniche. Innumerevoli Tra le malattie in categorie troverete Coloro insufficienza renale detto che mi, il diabete (insufficienza pancreatica), la psoriasi e molti altri, cos\u00ec come dolori articolari, mal di schiena e dolori muscolari, movimento limitato, emicranie &#8211; e persino il cancro &#8230;<\/p>\n<p style=\"text-align: justify;\">Ho cos\u00ec, probabilmente chiedo come trovare un buon terapeuta Reiki? Il problema con trattamenti olistici poich\u00e9 \u00e8 che essi non richiedono una formazione specifica o grado, chiunque pu\u00f2 dichiarare se stesso come un guaritore, e dal momento che si pu\u00f2 cadere per ciarlatani e ottenere &#8220;bruciato&#8221;, \u00e8 importante trovare il terapeuta giusto.<br \/>\nDal mio punto di vista, non importa quello che ho certificato. E &#8216;il desiderio, il talento e la capacit\u00e0 di guarire che dovrebbe rendere lo affidabile per aiutare. Se il prezzo \u00e8 alto, a piedi e provare un altro terapeuta, allora che cosa sar\u00e0 perch\u00e9 davanti a lui \u00e8 il profitto &#8211; non necessariamente l&#8217;aiuto che si &#8216;bisogno.<br \/>\nTrattamento energetico dovrebbe essere fatto in un modo che non sar\u00e0 un tale danno le energie del paziente, e perch\u00e9 l&#8217;economia \u00e8 la nostra energia, il danno ad esso dovrebbe essere minimo.<\/p>\n<p style=\"text-align: justify;\">Inoltre, dal profondo del mio cuore Suggerisco a tutti seguire un corso di Reiki, che gli permette di trattare se stesso e gli altri, in molte situazioni, senza la necessit\u00e0 di strumenti o materiali.<\/p>\n","protected":false},"excerpt":{"rendered":"<p>Non potete immaginare quante vite potrebbero essere salvate e quanta sofferenza preventer potrebbe essere, se le terapie olistiche basate energia: come il Reiki e guarigione sono stati accettati dalla nostra societ\u00e0 occidentale. La guarigione e Reiki sono schiacciate trattamenti energetici che sostengono e aiutano l&#8217;organismo superare quasi tutti i problemi di salute, naturalmente, senza intervento [&hellip;]<\/p>\n","protected":false},"author":2,"featured_media":0,"parent":0,"menu_order":0,"comment_status":"open","ping_status":"closed","template":"","meta":{"_monsterinsights_skip_tracking":false,"_monsterinsights_sitenote_active":false,"_monsterinsights_sitenote_note":"","_monsterinsights_sitenote_category":0,"footnotes":""},"class_list":["post-4988","page","type-page","status-publish","hentry"],"yoast_head":"<!-- This site is optimized with the Yoast SEO plugin v27.3 - https:\/\/yoast.com\/product\/yoast-seo-wordpress\/ -->\n<title>reiki and healing - \u05d4\u05e2\u05d9\u05d3\u05df \u05d4\u05d7\u05d3\u05e9 \u05e9\u05dc \u05d0\u05d9\u05dc \u05db\u05d4\u05df<\/title>\n<meta name=\"robots\" content=\"index, follow, max-snippet:-1, max-image-preview:large, max-video-preview:-1\" \/>\n<link rel=\"canonical\" href=\"https:\/\/eyalcohen.com\/it\/reiki-and-healing\/\" \/>\n<meta property=\"og:locale\" content=\"it_IT\" \/>\n<meta property=\"og:type\" content=\"article\" \/>\n<meta property=\"og:title\" content=\"reiki and healing - \u05d4\u05e2\u05d9\u05d3\u05df \u05d4\u05d7\u05d3\u05e9 \u05e9\u05dc \u05d0\u05d9\u05dc \u05db\u05d4\u05df\" \/>\n<meta property=\"og:description\" content=\"Non potete immaginare quante vite potrebbero essere salvate e quanta sofferenza preventer potrebbe essere, se le terapie olistiche basate energia: come il Reiki e guarigione sono stati accettati dalla nostra societ\u00e0 occidentale. La guarigione e Reiki sono schiacciate trattamenti energetici che sostengono e aiutano l&#8217;organismo superare quasi tutti i problemi di salute, naturalmente, senza intervento [&hellip;]\" \/>\n<meta property=\"og:url\" content=\"https:\/\/eyalcohen.com\/it\/reiki-and-healing\/\" \/>\n<meta property=\"og:site_name\" content=\"\u05d4\u05e2\u05d9\u05d3\u05df \u05d4\u05d7\u05d3\u05e9 \u05e9\u05dc \u05d0\u05d9\u05dc \u05db\u05d4\u05df\" \/>\n<meta property=\"article:publisher\" content=\"https:\/\/www.facebook.com\/groups\/528354840531271\" \/>\n<meta property=\"article:modified_time\" content=\"2017-07-07T16:22:35+00:00\" \/>\n<meta property=\"og:image\" content=\"http:\/\/eyalcohen.com\/it\/files\/2016\/08\/ZVIKA-LAVID-768x1024.jpg\" \/>\n<meta name=\"twitter:card\" content=\"summary_large_image\" \/>\n<meta name=\"twitter:label1\" content=\"Tempo di lettura stimato\" \/>\n\t<meta name=\"twitter:data1\" content=\"9 minuti\" \/>\n<script type=\"application\/ld+json\" class=\"yoast-schema-graph\">{\"@context\":\"https:\\\/\\\/schema.org\",\"@graph\":[{\"@type\":\"WebPage\",\"@id\":\"https:\\\/\\\/eyalcohen.com\\\/it\\\/reiki-and-healing\\\/\",\"url\":\"https:\\\/\\\/eyalcohen.com\\\/it\\\/reiki-and-healing\\\/\",\"name\":\"reiki and healing - \u05d4\u05e2\u05d9\u05d3\u05df \u05d4\u05d7\u05d3\u05e9 \u05e9\u05dc \u05d0\u05d9\u05dc \u05db\u05d4\u05df\",\"isPartOf\":{\"@id\":\"https:\\\/\\\/eyalcohen.com\\\/#website\"},\"primaryImageOfPage\":{\"@id\":\"https:\\\/\\\/eyalcohen.com\\\/it\\\/reiki-and-healing\\\/#primaryimage\"},\"image\":{\"@id\":\"https:\\\/\\\/eyalcohen.com\\\/it\\\/reiki-and-healing\\\/#primaryimage\"},\"thumbnailUrl\":\"http:\\\/\\\/eyalcohen.com\\\/it\\\/files\\\/2016\\\/08\\\/ZVIKA-LAVID-768x1024.jpg\",\"datePublished\":\"2017-05-15T07:36:54+00:00\",\"dateModified\":\"2017-07-07T16:22:35+00:00\",\"breadcrumb\":{\"@id\":\"https:\\\/\\\/eyalcohen.com\\\/it\\\/reiki-and-healing\\\/#breadcrumb\"},\"inLanguage\":\"it-IT\",\"potentialAction\":[{\"@type\":\"ReadAction\",\"target\":[\"https:\\\/\\\/eyalcohen.com\\\/it\\\/reiki-and-healing\\\/\"]}]},{\"@type\":\"ImageObject\",\"inLanguage\":\"it-IT\",\"@id\":\"https:\\\/\\\/eyalcohen.com\\\/it\\\/reiki-and-healing\\\/#primaryimage\",\"url\":\"http:\\\/\\\/eyalcohen.com\\\/it\\\/files\\\/2016\\\/08\\\/ZVIKA-LAVID-768x1024.jpg\",\"contentUrl\":\"http:\\\/\\\/eyalcohen.com\\\/it\\\/files\\\/2016\\\/08\\\/ZVIKA-LAVID-768x1024.jpg\"},{\"@type\":\"BreadcrumbList\",\"@id\":\"https:\\\/\\\/eyalcohen.com\\\/it\\\/reiki-and-healing\\\/#breadcrumb\",\"itemListElement\":[{\"@type\":\"ListItem\",\"position\":1,\"name\":\"\u05d3\u05e3 \u05d4\u05d1\u05d9\u05ea\",\"item\":\"https:\\\/\\\/eyalcohen.com\\\/it\\\/%d7%94%d7%a2%d7%99%d7%93%d7%9f-%d7%94%d7%97%d7%93%d7%a9-%d7%a9%d7%9c-%d7%90%d7%99%d7%9c-%d7%9b%d7%94%d7%9f\\\/\"},{\"@type\":\"ListItem\",\"position\":2,\"name\":\"reiki and healing\"}]},{\"@type\":\"WebSite\",\"@id\":\"https:\\\/\\\/eyalcohen.com\\\/#website\",\"url\":\"https:\\\/\\\/eyalcohen.com\\\/\",\"name\":\"\u05d4\u05e2\u05d9\u05d3\u05df \u05d4\u05d7\u05d3\u05e9 \u05e9\u05dc \u05d0\u05d9\u05dc \u05db\u05d4\u05df\",\"description\":\"\u05d1\u05e8\u05d9\u05d0\u05d5\u05ea \u05d8\u05d1\u05e2\u05d9\u05ea, \u05de\u05d5\u05d6\u05d9\u05e7\u05d4 \u05dc\u05d0\u05d9\u05e8\u05d5\u05e2\u05d9\u05dd \u05d5\u05de\u05d4 \u05e9\u05d1\u05d9\u05e0\u05d9\u05d4\u05dd\",\"publisher\":{\"@id\":\"https:\\\/\\\/eyalcohen.com\\\/#\\\/schema\\\/person\\\/2cf6581996d002a62e66ee8d3a64b863\"},\"potentialAction\":[{\"@type\":\"SearchAction\",\"target\":{\"@type\":\"EntryPoint\",\"urlTemplate\":\"https:\\\/\\\/eyalcohen.com\\\/?s={search_term_string}\"},\"query-input\":{\"@type\":\"PropertyValueSpecification\",\"valueRequired\":true,\"valueName\":\"search_term_string\"}}],\"inLanguage\":\"it-IT\"},{\"@type\":[\"Person\",\"Organization\"],\"@id\":\"https:\\\/\\\/eyalcohen.com\\\/#\\\/schema\\\/person\\\/2cf6581996d002a62e66ee8d3a64b863\",\"name\":\"eyal cohen\",\"image\":{\"@type\":\"ImageObject\",\"inLanguage\":\"it-IT\",\"@id\":\"https:\\\/\\\/eyalcohen.com\\\/wp-content\\\/uploads\\\/2015\\\/12\\\/card_reiki.jpg\",\"url\":\"https:\\\/\\\/eyalcohen.com\\\/wp-content\\\/uploads\\\/2015\\\/12\\\/card_reiki.jpg\",\"contentUrl\":\"https:\\\/\\\/eyalcohen.com\\\/wp-content\\\/uploads\\\/2015\\\/12\\\/card_reiki.jpg\",\"width\":296,\"height\":532,\"caption\":\"eyal cohen\"},\"logo\":{\"@id\":\"https:\\\/\\\/eyalcohen.com\\\/wp-content\\\/uploads\\\/2015\\\/12\\\/card_reiki.jpg\"},\"sameAs\":[\"http:\\\/\\\/eyalcohen.com\",\"https:\\\/\\\/www.facebook.com\\\/groups\\\/528354840531271\",\"https:\\\/\\\/www.instagram.com\\\/eyalchn61\\\/\"]}]}<\/script>\n<!-- \/ Yoast SEO plugin. -->","yoast_head_json":{"title":"reiki and healing - \u05d4\u05e2\u05d9\u05d3\u05df \u05d4\u05d7\u05d3\u05e9 \u05e9\u05dc \u05d0\u05d9\u05dc \u05db\u05d4\u05df","robots":{"index":"index","follow":"follow","max-snippet":"max-snippet:-1","max-image-preview":"max-image-preview:large","max-video-preview":"max-video-preview:-1"},"canonical":"https:\/\/eyalcohen.com\/it\/reiki-and-healing\/","og_locale":"it_IT","og_type":"article","og_title":"reiki and healing - \u05d4\u05e2\u05d9\u05d3\u05df \u05d4\u05d7\u05d3\u05e9 \u05e9\u05dc \u05d0\u05d9\u05dc \u05db\u05d4\u05df","og_description":"Non potete immaginare quante vite potrebbero essere salvate e quanta sofferenza preventer potrebbe essere, se le terapie olistiche basate energia: come il Reiki e guarigione sono stati accettati dalla nostra societ\u00e0 occidentale. La guarigione e Reiki sono schiacciate trattamenti energetici che sostengono e aiutano l&#8217;organismo superare quasi tutti i problemi di salute, naturalmente, senza intervento [&hellip;]","og_url":"https:\/\/eyalcohen.com\/it\/reiki-and-healing\/","og_site_name":"\u05d4\u05e2\u05d9\u05d3\u05df \u05d4\u05d7\u05d3\u05e9 \u05e9\u05dc \u05d0\u05d9\u05dc \u05db\u05d4\u05df","article_publisher":"https:\/\/www.facebook.com\/groups\/528354840531271","article_modified_time":"2017-07-07T16:22:35+00:00","og_image":[{"url":"http:\/\/eyalcohen.com\/it\/files\/2016\/08\/ZVIKA-LAVID-768x1024.jpg","type":"","width":"","height":""}],"twitter_card":"summary_large_image","twitter_misc":{"Tempo di lettura stimato":"9 minuti"},"schema":{"@context":"https:\/\/schema.org","@graph":[{"@type":"WebPage","@id":"https:\/\/eyalcohen.com\/it\/reiki-and-healing\/","url":"https:\/\/eyalcohen.com\/it\/reiki-and-healing\/","name":"reiki and healing - \u05d4\u05e2\u05d9\u05d3\u05df \u05d4\u05d7\u05d3\u05e9 \u05e9\u05dc \u05d0\u05d9\u05dc \u05db\u05d4\u05df","isPartOf":{"@id":"https:\/\/eyalcohen.com\/#website"},"primaryImageOfPage":{"@id":"https:\/\/eyalcohen.com\/it\/reiki-and-healing\/#primaryimage"},"image":{"@id":"https:\/\/eyalcohen.com\/it\/reiki-and-healing\/#primaryimage"},"thumbnailUrl":"http:\/\/eyalcohen.com\/it\/files\/2016\/08\/ZVIKA-LAVID-768x1024.jpg","datePublished":"2017-05-15T07:36:54+00:00","dateModified":"2017-07-07T16:22:35+00:00","breadcrumb":{"@id":"https:\/\/eyalcohen.com\/it\/reiki-and-healing\/#breadcrumb"},"inLanguage":"it-IT","potentialAction":[{"@type":"ReadAction","target":["https:\/\/eyalcohen.com\/it\/reiki-and-healing\/"]}]},{"@type":"ImageObject","inLanguage":"it-IT","@id":"https:\/\/eyalcohen.com\/it\/reiki-and-healing\/#primaryimage","url":"http:\/\/eyalcohen.com\/it\/files\/2016\/08\/ZVIKA-LAVID-768x1024.jpg","contentUrl":"http:\/\/eyalcohen.com\/it\/files\/2016\/08\/ZVIKA-LAVID-768x1024.jpg"},{"@type":"BreadcrumbList","@id":"https:\/\/eyalcohen.com\/it\/reiki-and-healing\/#breadcrumb","itemListElement":[{"@type":"ListItem","position":1,"name":"\u05d3\u05e3 \u05d4\u05d1\u05d9\u05ea","item":"https:\/\/eyalcohen.com\/it\/%d7%94%d7%a2%d7%99%d7%93%d7%9f-%d7%94%d7%97%d7%93%d7%a9-%d7%a9%d7%9c-%d7%90%d7%99%d7%9c-%d7%9b%d7%94%d7%9f\/"},{"@type":"ListItem","position":2,"name":"reiki and healing"}]},{"@type":"WebSite","@id":"https:\/\/eyalcohen.com\/#website","url":"https:\/\/eyalcohen.com\/","name":"\u05d4\u05e2\u05d9\u05d3\u05df \u05d4\u05d7\u05d3\u05e9 \u05e9\u05dc \u05d0\u05d9\u05dc \u05db\u05d4\u05df","description":"\u05d1\u05e8\u05d9\u05d0\u05d5\u05ea \u05d8\u05d1\u05e2\u05d9\u05ea, \u05de\u05d5\u05d6\u05d9\u05e7\u05d4 \u05dc\u05d0\u05d9\u05e8\u05d5\u05e2\u05d9\u05dd \u05d5\u05de\u05d4 \u05e9\u05d1\u05d9\u05e0\u05d9\u05d4\u05dd","publisher":{"@id":"https:\/\/eyalcohen.com\/#\/schema\/person\/2cf6581996d002a62e66ee8d3a64b863"},"potentialAction":[{"@type":"SearchAction","target":{"@type":"EntryPoint","urlTemplate":"https:\/\/eyalcohen.com\/?s={search_term_string}"},"query-input":{"@type":"PropertyValueSpecification","valueRequired":true,"valueName":"search_term_string"}}],"inLanguage":"it-IT"},{"@type":["Person","Organization"],"@id":"https:\/\/eyalcohen.com\/#\/schema\/person\/2cf6581996d002a62e66ee8d3a64b863","name":"eyal cohen","image":{"@type":"ImageObject","inLanguage":"it-IT","@id":"https:\/\/eyalcohen.com\/wp-content\/uploads\/2015\/12\/card_reiki.jpg","url":"https:\/\/eyalcohen.com\/wp-content\/uploads\/2015\/12\/card_reiki.jpg","contentUrl":"https:\/\/eyalcohen.com\/wp-content\/uploads\/2015\/12\/card_reiki.jpg","width":296,"height":532,"caption":"eyal cohen"},"logo":{"@id":"https:\/\/eyalcohen.com\/wp-content\/uploads\/2015\/12\/card_reiki.jpg"},"sameAs":["http:\/\/eyalcohen.com","https:\/\/www.facebook.com\/groups\/528354840531271","https:\/\/www.instagram.com\/eyalchn61\/"]}]}},"_links":{"self":[{"href":"https:\/\/eyalcohen.com\/it\/wp-json\/wp\/v2\/pages\/4988","targetHints":{"allow":["GET"]}}],"collection":[{"href":"https:\/\/eyalcohen.com\/it\/wp-json\/wp\/v2\/pages"}],"about":[{"href":"https:\/\/eyalcohen.com\/it\/wp-json\/wp\/v2\/types\/page"}],"author":[{"embeddable":true,"href":"https:\/\/eyalcohen.com\/it\/wp-json\/wp\/v2\/users\/2"}],"replies":[{"embeddable":true,"href":"https:\/\/eyalcohen.com\/it\/wp-json\/wp\/v2\/comments?post=4988"}],"version-history":[{"count":1,"href":"https:\/\/eyalcohen.com\/it\/wp-json\/wp\/v2\/pages\/4988\/revisions"}],"predecessor-version":[{"id":4989,"href":"https:\/\/eyalcohen.com\/it\/wp-json\/wp\/v2\/pages\/4988\/revisions\/4989"}],"wp:attachment":[{"href":"https:\/\/eyalcohen.com\/it\/wp-json\/wp\/v2\/media?parent=4988"}],"curies":[{"name":"wp","href":"https:\/\/api.w.org\/{rel}","templated":true}]}}