{"id":4984,"date":"2017-05-15T10:33:26","date_gmt":"2017-05-15T07:33:26","guid":{"rendered":"http:\/\/eyalcohen.com\/?page_id=4984"},"modified":"2017-07-07T19:22:09","modified_gmt":"2017-07-07T16:22:09","slug":"consapevolezza-obiettivo","status":"publish","type":"page","link":"https:\/\/eyalcohen.com\/it\/consapevolezza-obiettivo\/","title":{"rendered":"consapevolezza obiettivo"},"content":{"rendered":"<p>Il mio nome \u00e8 Eyal Cohen, e fino al 1993 sono stato un cos\u00ec chiamato &#8220;una persona normale,&#8221; ho visitato il mio medico ogni volta che ho avuto un problema di salute, e credevo ogni ricerca sulla salute che \u00e8 stato pubblicato.<\/p>\n<div id=\"gt-c\" class=\"g-section\">\n<div id=\"gt-form-c\">\n<form id=\"gt-form\" action=\"\/\" enctype=\"application\/x-www-form-urlencoded\" method=\"post\" name=\"text_form\">\n<div id=\"gt-text-all\">\n<div id=\"gt-main\">\n<div id=\"gt-text-c\">\n<div id=\"gt-text-top\">\n<div id=\"gt-res-c\" class=\"g-unit\">\n<div id=\"gt-res-p\">\n<div id=\"gt-res-data\">\n<div id=\"gt-res-wrap\">\n<div id=\"gt-res-content\">\n<div dir=\"ltr\"><span lang=\"it\"><span lang=\"it\"><span title=\"My name is Eyal Cohen, and until 1993 I was a so called \u201ca normal person;\u201d I visited my Doctor every time I had a health problem, and I believed every research about health that was published. \"><br \/>\n<\/span><span title=\"You might say that I thought as I was supposed to think, but it would be more correct to say \u201cI didn't think \u2013 as I was supposed not to think,\u201d because the establishment has all the knowledge that you need and you are\">Si potrebbe dire che ho pensato come avrei dovuto pensare, ma sarebbe pi\u00f9 corretto dire &#8220;Non pensavo &#8211; come avrei dovuto non pensare&#8221;, perch\u00e9 lo stabilimento ha tutte le conoscenze di cui avete bisogno e si sono <\/span><span title=\"not supposed to have thoughts of your own. \">non dovrebbe avere pensieri di tua scelta.<\/span><\/span><\/span><span lang=\"it\"><span lang=\"it\"><span title=\"In 1993, I managed to discover the processes of the gum diseases, and cure myself in a systematic way from severe situation of receding gums, in a way which the medical establishment and the media completely ignores. \">Nel 1993, sono riuscito a scoprire i processi delle malattie delle gengive, e mi curare in modo sistematico da una grave situazione di recessione gengivale, in un modo che l&#8217;establishment medico e dei media ignora completamente.<\/span><\/span><\/span><span lang=\"it\"><span lang=\"it\"><span title=\"The confrontation with the fact that no authority is interested in examining the information from my recovery, in order to help other people who are suffering from these diseases, made me lose all faith in our culture\u2019s systems and establishments. \">Il confronto con il fatto che nessuna autorit\u00e0 \u00e8 interessato a esaminare le informazioni dal mio recupero, al fine di aiutare altre persone che soffrono di queste malattie, mi ha fatto perdere ogni fiducia nei sistemi e gli stabilimenti della nostra cultura.<\/span><\/span><\/span><\/p>\n<p><span lang=\"it\"><span lang=\"it\"><span title=\"Consequently, I experienced a powerful enlightenment, that made me do what seemed impossible for a seemingly normal person.\">Di conseguenza, ho sperimentato un potente illuminazione, che mi ha fatto fare quello che sembrava impossibile per una persona apparentemente normale. <\/span><span title=\"I started to think for myself, and developed a theory that I call \u201cObjective Awareness\u201d, which is mostly about understanding life and health from the energetic aspect, up to the highest resolution of the creation of life and the meaning of life. \">Ho iniziato a pensare per me stesso, e ha sviluppato una teoria che io chiamo &#8220;Consapevolezza Obiettivo&#8221;, che \u00e8 per lo pi\u00f9 di capire la vita e la salute dal punto di vista energetico, fino alla massima risoluzione della creazione della vita e il senso della vita.<\/span><\/span><\/span><\/p>\n<p><span lang=\"it\"><span lang=\"it\"><span title=\"Objective awareness is a way of understanding life without being manipulated by the powers that we are conditioned to follow blindly, which are motivated by mostly political, industrial, financial, religious \u2013 and other interests that control people\u2019s minds and behavior. \">Obiettivo consapevolezza \u00e8 un modo di intendere la vita senza essere manipolati dai poteri che siamo condizionati a seguire ciecamente, che sono in gran parte motivate da politici, industriali, finanziarie, religiose &#8211; e di altri interessi che controllano la mente e il comportamento delle persone.<\/span><\/span><\/span><\/p>\n<p><span lang=\"it\"><span lang=\"it\"><span title=\"With our carefully designed cultural perception and norms, you should not have independence thoughts.\">Con la nostra percezione culturale progettato con cura e le norme, non si dovrebbe avere pensieri di indipendenza. <\/span><span title=\"If you have those annoying thoughts, you quickly discover that you shunned by society, that suppresses unaccepted ideas, and even your closest friends and family turn their back on you, and won\u2019t talk with you about your different ideas. \">Se si dispone di quei pensieri fastidiosi, si scopre rapidamente che evitato dalla societ\u00e0, che sopprime le idee non accettate, e anche i vostri amici e familiari pi\u00f9 stretti voltano le spalle su di voi, e non vuole parlare con voi circa le vostre idee diverse.<\/span><\/span><\/span><\/p>\n<p><span lang=\"it\"><span lang=\"it\"><span title=\"Although our civilization is so advanced, the real criterion that determines whether we are successful, is our health and our welfare.\">Anche se la nostra civilt\u00e0 \u00e8 cos\u00ec avanzato, il vero criterio che determina se siamo di successo, \u00e8 la nostra salute e il nostro benessere. <\/span><span title=\"The fact that environmental genetic diseases as cancer \u2013 and energetic diseases such as diabetes, lupus, psoriasis, crohn's disease, asthma, fibromyalgia, heart diseases and many others are becoming prevalent up to the scale of an epidemic, indicates that we are not so successful\">Il fatto che le malattie genetiche ambientali come il cancro &#8211; e le malattie energetiche come il diabete, lupus, psoriasi, morbo di Crohn, asma, fibromialgia, malattie cardiache e molti altri stanno diventando prevalente fino alla scala di un&#8217;epidemia, indica che non siamo cos\u00ec tanto successo <\/span><span title=\"after all, and that something is distorted in the basis of this civilization and in its philosophy. \">dopo tutto, e che qualcosa \u00e8 distorto nella base di questa civilt\u00e0 e nella sua filosofia.<\/span><\/span><\/span><\/p>\n<p><span lang=\"it\"><span lang=\"it\"><span title=\"If we new how to live a balanced life in the energetic aspect, these diseases would not exist, or would be on a negligible scale, but in our society, which tramples any possible balance, they are causing suffering and death to too many people.\">Se noi nuovi come vivere una vita equilibrata sotto l&#8217;aspetto energetico, non esisterebbero queste malattie, o sarebbe su scala trascurabile, ma nella nostra societ\u00e0, che calpesta ogni possibile equilibrio, che stanno causando sofferenza e la morte di troppe persone. <\/span><span title=\"Like the gum diseases, these diseases, in many cases can be prevented and cured with energetic treatments that support and empower the body, and enhance its curing ability. \">Come le malattie gengivali, queste malattie, in molti casi possono essere prevenute e curate con trattamenti energetici che sostengono e rafforzano il corpo, e migliorare la sua capacit\u00e0 di polimerizzazione.<\/span><\/span><\/span><\/p>\n<p><span lang=\"it\"><span lang=\"it\"><span title=\"The problem is that according to the accepted perception, our civilization that is not aware of the causes of the diseases, can exploit people's energy without feeling guilt and without pangs of conscience, without being accused of anything or having to take responsibility to the rising of\">Il problema \u00e8 che, secondo la percezione accettato, la nostra civilt\u00e0 che non \u00e8 a conoscenza delle cause delle malattie, in grado di sfruttare l&#8217;energia delle persone senza senso di colpa e senza rimorsi di coscienza, senza essere accusato di niente e di dover prendere la responsabilit\u00e0 al sorgere di <\/span><span title=\"these diseases. \">queste malattie.<\/span><\/span><\/span><\/p>\n<p><span lang=\"it\"><span lang=\"it\"><span title=\"The second book in the series, which is called \u201cThe Essence of Creation\u201c, was released in Israel in November 2007, takes the understanding of energy deeper, and explains the develop of live as a will of energy to preserve and develope, and the\">Il secondo libro della serie, che si chiama &#8220;l&#8217;essenza della creazione&#8221;, \u00e8 stato rilasciato in Israele nel novembre 2007, prende la comprensione di energia pi\u00f9 profonda, e spiega il sviluppano di vivere come una volont\u00e0 di energia per preservare e develope, ed il <\/span><span title=\"body as an energetic entity with all its aspects. \">corpo come entit\u00e0 energetica con tutti i suoi aspetti.<\/span><\/span><\/span><\/p>\n<p><span id=\"result_box\" lang=\"it\"><span title=\"I believe that spreading this information is the only way that could lead to a significant improvement in quality of life of the individual \u2013 and considerably reduce the enormous burden on the health system, and society as a whole.\">Credo che la diffusione di queste informazioni \u00e8 l&#8217;unico modo che potrebbe portare a un significativo miglioramento della qualit\u00e0 della vita del singolo &#8211; e notevolmente ridurre l&#8217;enorme onere per il sistema sanitario, e la societ\u00e0 nel suo complesso.<\/span><\/span><\/p>\n<\/div>\n<div dir=\"ltr\"><\/div>\n<\/div>\n<\/div>\n<\/div>\n<\/div>\n<\/div>\n<\/div>\n<\/div>\n<\/div>\n<\/div>\n<\/form>\n<\/div>\n<\/div>\n<hr \/>\n<p>Questa parte del sito non \u00e8 ancora stato tradotto in italiano.<br \/>\n\u00c8 possibile leggere l&#8217;inglese sulla punta;\u00a0E se si pu\u00f2 aiutare l&#8217;invio della traduzione, Beato<\/p>\n<p>http:\/\/eyalcohen.com\/en\/objective-awareness\/<\/p>\n","protected":false},"excerpt":{"rendered":"<p>Il mio nome \u00e8 Eyal Cohen, e fino al 1993 sono stato un cos\u00ec chiamato &#8220;una persona normale,&#8221; ho visitato il mio medico ogni volta che ho avuto un problema di salute, e credevo ogni ricerca sulla salute che \u00e8 stato pubblicato. Si potrebbe dire che ho pensato come avrei dovuto pensare, ma sarebbe pi\u00f9 [&hellip;]<\/p>\n","protected":false},"author":2,"featured_media":0,"parent":0,"menu_order":0,"comment_status":"open","ping_status":"open","template":"","meta":{"_monsterinsights_skip_tracking":false,"_monsterinsights_sitenote_active":false,"_monsterinsights_sitenote_note":"","_monsterinsights_sitenote_category":0,"footnotes":""},"class_list":["post-4984","page","type-page","status-publish","hentry"],"yoast_head":"<!-- This site is optimized with the Yoast SEO plugin v27.3 - https:\/\/yoast.com\/product\/yoast-seo-wordpress\/ -->\n<title>consapevolezza obiettivo - \u05d4\u05e2\u05d9\u05d3\u05df \u05d4\u05d7\u05d3\u05e9 \u05e9\u05dc \u05d0\u05d9\u05dc \u05db\u05d4\u05df<\/title>\n<meta name=\"robots\" content=\"index, follow, max-snippet:-1, max-image-preview:large, max-video-preview:-1\" \/>\n<link rel=\"canonical\" href=\"https:\/\/eyalcohen.com\/it\/consapevolezza-obiettivo\/\" \/>\n<meta property=\"og:locale\" content=\"it_IT\" \/>\n<meta property=\"og:type\" content=\"article\" \/>\n<meta property=\"og:title\" content=\"consapevolezza obiettivo - \u05d4\u05e2\u05d9\u05d3\u05df \u05d4\u05d7\u05d3\u05e9 \u05e9\u05dc \u05d0\u05d9\u05dc \u05db\u05d4\u05df\" \/>\n<meta property=\"og:description\" content=\"Il mio nome \u00e8 Eyal Cohen, e fino al 1993 sono stato un cos\u00ec chiamato &#8220;una persona normale,&#8221; ho visitato il mio medico ogni volta che ho avuto un problema di salute, e credevo ogni ricerca sulla salute che \u00e8 stato pubblicato. Si potrebbe dire che ho pensato come avrei dovuto pensare, ma sarebbe pi\u00f9 [&hellip;]\" \/>\n<meta property=\"og:url\" content=\"https:\/\/eyalcohen.com\/it\/consapevolezza-obiettivo\/\" \/>\n<meta property=\"og:site_name\" content=\"\u05d4\u05e2\u05d9\u05d3\u05df \u05d4\u05d7\u05d3\u05e9 \u05e9\u05dc \u05d0\u05d9\u05dc \u05db\u05d4\u05df\" \/>\n<meta property=\"article:publisher\" content=\"https:\/\/www.facebook.com\/groups\/528354840531271\" \/>\n<meta property=\"article:modified_time\" content=\"2017-07-07T16:22:09+00:00\" \/>\n<meta name=\"twitter:card\" content=\"summary_large_image\" \/>\n<meta name=\"twitter:label1\" content=\"Tempo di lettura stimato\" \/>\n\t<meta name=\"twitter:data1\" content=\"3 minuti\" \/>\n<script type=\"application\/ld+json\" class=\"yoast-schema-graph\">{\"@context\":\"https:\\\/\\\/schema.org\",\"@graph\":[{\"@type\":\"WebPage\",\"@id\":\"https:\\\/\\\/eyalcohen.com\\\/it\\\/consapevolezza-obiettivo\\\/\",\"url\":\"https:\\\/\\\/eyalcohen.com\\\/it\\\/consapevolezza-obiettivo\\\/\",\"name\":\"consapevolezza obiettivo - \u05d4\u05e2\u05d9\u05d3\u05df \u05d4\u05d7\u05d3\u05e9 \u05e9\u05dc \u05d0\u05d9\u05dc \u05db\u05d4\u05df\",\"isPartOf\":{\"@id\":\"https:\\\/\\\/eyalcohen.com\\\/#website\"},\"datePublished\":\"2017-05-15T07:33:26+00:00\",\"dateModified\":\"2017-07-07T16:22:09+00:00\",\"breadcrumb\":{\"@id\":\"https:\\\/\\\/eyalcohen.com\\\/it\\\/consapevolezza-obiettivo\\\/#breadcrumb\"},\"inLanguage\":\"it-IT\",\"potentialAction\":[{\"@type\":\"ReadAction\",\"target\":[\"https:\\\/\\\/eyalcohen.com\\\/it\\\/consapevolezza-obiettivo\\\/\"]}]},{\"@type\":\"BreadcrumbList\",\"@id\":\"https:\\\/\\\/eyalcohen.com\\\/it\\\/consapevolezza-obiettivo\\\/#breadcrumb\",\"itemListElement\":[{\"@type\":\"ListItem\",\"position\":1,\"name\":\"\u05d3\u05e3 \u05d4\u05d1\u05d9\u05ea\",\"item\":\"https:\\\/\\\/eyalcohen.com\\\/it\\\/%d7%94%d7%a2%d7%99%d7%93%d7%9f-%d7%94%d7%97%d7%93%d7%a9-%d7%a9%d7%9c-%d7%90%d7%99%d7%9c-%d7%9b%d7%94%d7%9f\\\/\"},{\"@type\":\"ListItem\",\"position\":2,\"name\":\"consapevolezza obiettivo\"}]},{\"@type\":\"WebSite\",\"@id\":\"https:\\\/\\\/eyalcohen.com\\\/#website\",\"url\":\"https:\\\/\\\/eyalcohen.com\\\/\",\"name\":\"\u05d4\u05e2\u05d9\u05d3\u05df \u05d4\u05d7\u05d3\u05e9 \u05e9\u05dc \u05d0\u05d9\u05dc \u05db\u05d4\u05df\",\"description\":\"\u05d1\u05e8\u05d9\u05d0\u05d5\u05ea \u05d8\u05d1\u05e2\u05d9\u05ea, \u05de\u05d5\u05d6\u05d9\u05e7\u05d4 \u05dc\u05d0\u05d9\u05e8\u05d5\u05e2\u05d9\u05dd \u05d5\u05de\u05d4 \u05e9\u05d1\u05d9\u05e0\u05d9\u05d4\u05dd\",\"publisher\":{\"@id\":\"https:\\\/\\\/eyalcohen.com\\\/#\\\/schema\\\/person\\\/2cf6581996d002a62e66ee8d3a64b863\"},\"potentialAction\":[{\"@type\":\"SearchAction\",\"target\":{\"@type\":\"EntryPoint\",\"urlTemplate\":\"https:\\\/\\\/eyalcohen.com\\\/?s={search_term_string}\"},\"query-input\":{\"@type\":\"PropertyValueSpecification\",\"valueRequired\":true,\"valueName\":\"search_term_string\"}}],\"inLanguage\":\"it-IT\"},{\"@type\":[\"Person\",\"Organization\"],\"@id\":\"https:\\\/\\\/eyalcohen.com\\\/#\\\/schema\\\/person\\\/2cf6581996d002a62e66ee8d3a64b863\",\"name\":\"eyal cohen\",\"image\":{\"@type\":\"ImageObject\",\"inLanguage\":\"it-IT\",\"@id\":\"https:\\\/\\\/eyalcohen.com\\\/wp-content\\\/uploads\\\/2015\\\/12\\\/card_reiki.jpg\",\"url\":\"https:\\\/\\\/eyalcohen.com\\\/wp-content\\\/uploads\\\/2015\\\/12\\\/card_reiki.jpg\",\"contentUrl\":\"https:\\\/\\\/eyalcohen.com\\\/wp-content\\\/uploads\\\/2015\\\/12\\\/card_reiki.jpg\",\"width\":296,\"height\":532,\"caption\":\"eyal cohen\"},\"logo\":{\"@id\":\"https:\\\/\\\/eyalcohen.com\\\/wp-content\\\/uploads\\\/2015\\\/12\\\/card_reiki.jpg\"},\"sameAs\":[\"http:\\\/\\\/eyalcohen.com\",\"https:\\\/\\\/www.facebook.com\\\/groups\\\/528354840531271\",\"https:\\\/\\\/www.instagram.com\\\/eyalchn61\\\/\"]}]}<\/script>\n<!-- \/ Yoast SEO plugin. -->","yoast_head_json":{"title":"consapevolezza obiettivo - \u05d4\u05e2\u05d9\u05d3\u05df \u05d4\u05d7\u05d3\u05e9 \u05e9\u05dc \u05d0\u05d9\u05dc \u05db\u05d4\u05df","robots":{"index":"index","follow":"follow","max-snippet":"max-snippet:-1","max-image-preview":"max-image-preview:large","max-video-preview":"max-video-preview:-1"},"canonical":"https:\/\/eyalcohen.com\/it\/consapevolezza-obiettivo\/","og_locale":"it_IT","og_type":"article","og_title":"consapevolezza obiettivo - \u05d4\u05e2\u05d9\u05d3\u05df \u05d4\u05d7\u05d3\u05e9 \u05e9\u05dc \u05d0\u05d9\u05dc \u05db\u05d4\u05df","og_description":"Il mio nome \u00e8 Eyal Cohen, e fino al 1993 sono stato un cos\u00ec chiamato &#8220;una persona normale,&#8221; ho visitato il mio medico ogni volta che ho avuto un problema di salute, e credevo ogni ricerca sulla salute che \u00e8 stato pubblicato. Si potrebbe dire che ho pensato come avrei dovuto pensare, ma sarebbe pi\u00f9 [&hellip;]","og_url":"https:\/\/eyalcohen.com\/it\/consapevolezza-obiettivo\/","og_site_name":"\u05d4\u05e2\u05d9\u05d3\u05df \u05d4\u05d7\u05d3\u05e9 \u05e9\u05dc \u05d0\u05d9\u05dc \u05db\u05d4\u05df","article_publisher":"https:\/\/www.facebook.com\/groups\/528354840531271","article_modified_time":"2017-07-07T16:22:09+00:00","twitter_card":"summary_large_image","twitter_misc":{"Tempo di lettura stimato":"3 minuti"},"schema":{"@context":"https:\/\/schema.org","@graph":[{"@type":"WebPage","@id":"https:\/\/eyalcohen.com\/it\/consapevolezza-obiettivo\/","url":"https:\/\/eyalcohen.com\/it\/consapevolezza-obiettivo\/","name":"consapevolezza obiettivo - \u05d4\u05e2\u05d9\u05d3\u05df \u05d4\u05d7\u05d3\u05e9 \u05e9\u05dc \u05d0\u05d9\u05dc \u05db\u05d4\u05df","isPartOf":{"@id":"https:\/\/eyalcohen.com\/#website"},"datePublished":"2017-05-15T07:33:26+00:00","dateModified":"2017-07-07T16:22:09+00:00","breadcrumb":{"@id":"https:\/\/eyalcohen.com\/it\/consapevolezza-obiettivo\/#breadcrumb"},"inLanguage":"it-IT","potentialAction":[{"@type":"ReadAction","target":["https:\/\/eyalcohen.com\/it\/consapevolezza-obiettivo\/"]}]},{"@type":"BreadcrumbList","@id":"https:\/\/eyalcohen.com\/it\/consapevolezza-obiettivo\/#breadcrumb","itemListElement":[{"@type":"ListItem","position":1,"name":"\u05d3\u05e3 \u05d4\u05d1\u05d9\u05ea","item":"https:\/\/eyalcohen.com\/it\/%d7%94%d7%a2%d7%99%d7%93%d7%9f-%d7%94%d7%97%d7%93%d7%a9-%d7%a9%d7%9c-%d7%90%d7%99%d7%9c-%d7%9b%d7%94%d7%9f\/"},{"@type":"ListItem","position":2,"name":"consapevolezza obiettivo"}]},{"@type":"WebSite","@id":"https:\/\/eyalcohen.com\/#website","url":"https:\/\/eyalcohen.com\/","name":"\u05d4\u05e2\u05d9\u05d3\u05df \u05d4\u05d7\u05d3\u05e9 \u05e9\u05dc \u05d0\u05d9\u05dc \u05db\u05d4\u05df","description":"\u05d1\u05e8\u05d9\u05d0\u05d5\u05ea \u05d8\u05d1\u05e2\u05d9\u05ea, \u05de\u05d5\u05d6\u05d9\u05e7\u05d4 \u05dc\u05d0\u05d9\u05e8\u05d5\u05e2\u05d9\u05dd \u05d5\u05de\u05d4 \u05e9\u05d1\u05d9\u05e0\u05d9\u05d4\u05dd","publisher":{"@id":"https:\/\/eyalcohen.com\/#\/schema\/person\/2cf6581996d002a62e66ee8d3a64b863"},"potentialAction":[{"@type":"SearchAction","target":{"@type":"EntryPoint","urlTemplate":"https:\/\/eyalcohen.com\/?s={search_term_string}"},"query-input":{"@type":"PropertyValueSpecification","valueRequired":true,"valueName":"search_term_string"}}],"inLanguage":"it-IT"},{"@type":["Person","Organization"],"@id":"https:\/\/eyalcohen.com\/#\/schema\/person\/2cf6581996d002a62e66ee8d3a64b863","name":"eyal cohen","image":{"@type":"ImageObject","inLanguage":"it-IT","@id":"https:\/\/eyalcohen.com\/wp-content\/uploads\/2015\/12\/card_reiki.jpg","url":"https:\/\/eyalcohen.com\/wp-content\/uploads\/2015\/12\/card_reiki.jpg","contentUrl":"https:\/\/eyalcohen.com\/wp-content\/uploads\/2015\/12\/card_reiki.jpg","width":296,"height":532,"caption":"eyal cohen"},"logo":{"@id":"https:\/\/eyalcohen.com\/wp-content\/uploads\/2015\/12\/card_reiki.jpg"},"sameAs":["http:\/\/eyalcohen.com","https:\/\/www.facebook.com\/groups\/528354840531271","https:\/\/www.instagram.com\/eyalchn61\/"]}]}},"_links":{"self":[{"href":"https:\/\/eyalcohen.com\/it\/wp-json\/wp\/v2\/pages\/4984","targetHints":{"allow":["GET"]}}],"collection":[{"href":"https:\/\/eyalcohen.com\/it\/wp-json\/wp\/v2\/pages"}],"about":[{"href":"https:\/\/eyalcohen.com\/it\/wp-json\/wp\/v2\/types\/page"}],"author":[{"embeddable":true,"href":"https:\/\/eyalcohen.com\/it\/wp-json\/wp\/v2\/users\/2"}],"replies":[{"embeddable":true,"href":"https:\/\/eyalcohen.com\/it\/wp-json\/wp\/v2\/comments?post=4984"}],"version-history":[{"count":2,"href":"https:\/\/eyalcohen.com\/it\/wp-json\/wp\/v2\/pages\/4984\/revisions"}],"predecessor-version":[{"id":5404,"href":"https:\/\/eyalcohen.com\/it\/wp-json\/wp\/v2\/pages\/4984\/revisions\/5404"}],"wp:attachment":[{"href":"https:\/\/eyalcohen.com\/it\/wp-json\/wp\/v2\/media?parent=4984"}],"curies":[{"name":"wp","href":"https:\/\/api.w.org\/{rel}","templated":true}]}}