{"id":4969,"date":"2017-05-14T12:32:45","date_gmt":"2017-05-14T09:32:45","guid":{"rendered":"http:\/\/eyalcohen.com\/?page_id=4969"},"modified":"2017-07-07T19:08:21","modified_gmt":"2017-07-07T16:08:21","slug":"prevenire-la-calvizie-e-sbianca-capelli","status":"publish","type":"page","link":"https:\/\/eyalcohen.com\/it\/prevenire-la-calvizie-e-sbianca-capelli\/","title":{"rendered":"Prevenire la calvizie e sbianca i capelli"},"content":{"rendered":"<p>Questa parte del sito non \u00e8 ancora stato tradotto in italiano.<br \/>\n\u00c8 possibile leggere l&#8217;inglese sulla punta; E se si pu\u00f2 aiutare l&#8217;invio della traduzione, Beato<\/p>\n<p>http:\/\/eyalcohen.com\/en\/preventing-hair-loss-baldness-and-hair-bleaching\/<\/p>\n","protected":false},"excerpt":{"rendered":"<p>Questa parte del sito non \u00e8 ancora stato tradotto in italiano. \u00c8 possibile leggere l&#8217;inglese sulla punta; E se si pu\u00f2 aiutare l&#8217;invio della traduzione, Beato http:\/\/eyalcohen.com\/en\/preventing-hair-loss-baldness-and-hair-bleaching\/<\/p>\n","protected":false},"author":2,"featured_media":0,"parent":0,"menu_order":0,"comment_status":"open","ping_status":"open","template":"","meta":{"_monsterinsights_skip_tracking":false,"_monsterinsights_sitenote_active":false,"_monsterinsights_sitenote_note":"","_monsterinsights_sitenote_category":0,"footnotes":""},"class_list":["post-4969","page","type-page","status-publish","hentry"],"yoast_head":"<!-- This site is optimized with the Yoast SEO plugin v27.3 - https:\/\/yoast.com\/product\/yoast-seo-wordpress\/ -->\n<title>Prevenire la calvizie e sbianca i capelli - \u05d4\u05e2\u05d9\u05d3\u05df \u05d4\u05d7\u05d3\u05e9 \u05e9\u05dc \u05d0\u05d9\u05dc \u05db\u05d4\u05df<\/title>\n<meta name=\"robots\" content=\"index, follow, max-snippet:-1, max-image-preview:large, max-video-preview:-1\" \/>\n<link rel=\"canonical\" href=\"https:\/\/eyalcohen.com\/it\/prevenire-la-calvizie-e-sbianca-capelli\/\" \/>\n<meta property=\"og:locale\" content=\"it_IT\" \/>\n<meta property=\"og:type\" content=\"article\" \/>\n<meta property=\"og:title\" content=\"Prevenire la calvizie e sbianca i capelli - \u05d4\u05e2\u05d9\u05d3\u05df \u05d4\u05d7\u05d3\u05e9 \u05e9\u05dc \u05d0\u05d9\u05dc \u05db\u05d4\u05df\" \/>\n<meta property=\"og:description\" content=\"Questa parte del sito non \u00e8 ancora stato tradotto in italiano. \u00c8 possibile leggere l&#8217;inglese sulla punta; E se si pu\u00f2 aiutare l&#8217;invio della traduzione, Beato http:\/\/eyalcohen.com\/en\/preventing-hair-loss-baldness-and-hair-bleaching\/\" \/>\n<meta property=\"og:url\" content=\"https:\/\/eyalcohen.com\/it\/prevenire-la-calvizie-e-sbianca-capelli\/\" \/>\n<meta property=\"og:site_name\" content=\"\u05d4\u05e2\u05d9\u05d3\u05df \u05d4\u05d7\u05d3\u05e9 \u05e9\u05dc \u05d0\u05d9\u05dc \u05db\u05d4\u05df\" \/>\n<meta property=\"article:publisher\" content=\"https:\/\/www.facebook.com\/groups\/528354840531271\" \/>\n<meta property=\"article:modified_time\" content=\"2017-07-07T16:08:21+00:00\" \/>\n<meta name=\"twitter:card\" content=\"summary_large_image\" \/>\n<script type=\"application\/ld+json\" class=\"yoast-schema-graph\">{\"@context\":\"https:\\\/\\\/schema.org\",\"@graph\":[{\"@type\":\"WebPage\",\"@id\":\"https:\\\/\\\/eyalcohen.com\\\/it\\\/prevenire-la-calvizie-e-sbianca-capelli\\\/\",\"url\":\"https:\\\/\\\/eyalcohen.com\\\/it\\\/prevenire-la-calvizie-e-sbianca-capelli\\\/\",\"name\":\"Prevenire la calvizie e sbianca i capelli - \u05d4\u05e2\u05d9\u05d3\u05df \u05d4\u05d7\u05d3\u05e9 \u05e9\u05dc \u05d0\u05d9\u05dc \u05db\u05d4\u05df\",\"isPartOf\":{\"@id\":\"https:\\\/\\\/eyalcohen.com\\\/#website\"},\"datePublished\":\"2017-05-14T09:32:45+00:00\",\"dateModified\":\"2017-07-07T16:08:21+00:00\",\"breadcrumb\":{\"@id\":\"https:\\\/\\\/eyalcohen.com\\\/it\\\/prevenire-la-calvizie-e-sbianca-capelli\\\/#breadcrumb\"},\"inLanguage\":\"it-IT\",\"potentialAction\":[{\"@type\":\"ReadAction\",\"target\":[\"https:\\\/\\\/eyalcohen.com\\\/it\\\/prevenire-la-calvizie-e-sbianca-capelli\\\/\"]}]},{\"@type\":\"BreadcrumbList\",\"@id\":\"https:\\\/\\\/eyalcohen.com\\\/it\\\/prevenire-la-calvizie-e-sbianca-capelli\\\/#breadcrumb\",\"itemListElement\":[{\"@type\":\"ListItem\",\"position\":1,\"name\":\"\u05d3\u05e3 \u05d4\u05d1\u05d9\u05ea\",\"item\":\"https:\\\/\\\/eyalcohen.com\\\/it\\\/%d7%94%d7%a2%d7%99%d7%93%d7%9f-%d7%94%d7%97%d7%93%d7%a9-%d7%a9%d7%9c-%d7%90%d7%99%d7%9c-%d7%9b%d7%94%d7%9f\\\/\"},{\"@type\":\"ListItem\",\"position\":2,\"name\":\"Prevenire la calvizie e sbianca i capelli\"}]},{\"@type\":\"WebSite\",\"@id\":\"https:\\\/\\\/eyalcohen.com\\\/#website\",\"url\":\"https:\\\/\\\/eyalcohen.com\\\/\",\"name\":\"\u05d4\u05e2\u05d9\u05d3\u05df \u05d4\u05d7\u05d3\u05e9 \u05e9\u05dc \u05d0\u05d9\u05dc \u05db\u05d4\u05df\",\"description\":\"\u05d1\u05e8\u05d9\u05d0\u05d5\u05ea \u05d8\u05d1\u05e2\u05d9\u05ea, \u05de\u05d5\u05d6\u05d9\u05e7\u05d4 \u05dc\u05d0\u05d9\u05e8\u05d5\u05e2\u05d9\u05dd \u05d5\u05de\u05d4 \u05e9\u05d1\u05d9\u05e0\u05d9\u05d4\u05dd\",\"publisher\":{\"@id\":\"https:\\\/\\\/eyalcohen.com\\\/#\\\/schema\\\/person\\\/2cf6581996d002a62e66ee8d3a64b863\"},\"potentialAction\":[{\"@type\":\"SearchAction\",\"target\":{\"@type\":\"EntryPoint\",\"urlTemplate\":\"https:\\\/\\\/eyalcohen.com\\\/?s={search_term_string}\"},\"query-input\":{\"@type\":\"PropertyValueSpecification\",\"valueRequired\":true,\"valueName\":\"search_term_string\"}}],\"inLanguage\":\"it-IT\"},{\"@type\":[\"Person\",\"Organization\"],\"@id\":\"https:\\\/\\\/eyalcohen.com\\\/#\\\/schema\\\/person\\\/2cf6581996d002a62e66ee8d3a64b863\",\"name\":\"eyal cohen\",\"image\":{\"@type\":\"ImageObject\",\"inLanguage\":\"it-IT\",\"@id\":\"https:\\\/\\\/eyalcohen.com\\\/wp-content\\\/uploads\\\/2015\\\/12\\\/card_reiki.jpg\",\"url\":\"https:\\\/\\\/eyalcohen.com\\\/wp-content\\\/uploads\\\/2015\\\/12\\\/card_reiki.jpg\",\"contentUrl\":\"https:\\\/\\\/eyalcohen.com\\\/wp-content\\\/uploads\\\/2015\\\/12\\\/card_reiki.jpg\",\"width\":296,\"height\":532,\"caption\":\"eyal cohen\"},\"logo\":{\"@id\":\"https:\\\/\\\/eyalcohen.com\\\/wp-content\\\/uploads\\\/2015\\\/12\\\/card_reiki.jpg\"},\"sameAs\":[\"http:\\\/\\\/eyalcohen.com\",\"https:\\\/\\\/www.facebook.com\\\/groups\\\/528354840531271\",\"https:\\\/\\\/www.instagram.com\\\/eyalchn61\\\/\"]}]}<\/script>\n<!-- \/ Yoast SEO plugin. -->","yoast_head_json":{"title":"Prevenire la calvizie e sbianca i capelli - \u05d4\u05e2\u05d9\u05d3\u05df \u05d4\u05d7\u05d3\u05e9 \u05e9\u05dc \u05d0\u05d9\u05dc \u05db\u05d4\u05df","robots":{"index":"index","follow":"follow","max-snippet":"max-snippet:-1","max-image-preview":"max-image-preview:large","max-video-preview":"max-video-preview:-1"},"canonical":"https:\/\/eyalcohen.com\/it\/prevenire-la-calvizie-e-sbianca-capelli\/","og_locale":"it_IT","og_type":"article","og_title":"Prevenire la calvizie e sbianca i capelli - \u05d4\u05e2\u05d9\u05d3\u05df \u05d4\u05d7\u05d3\u05e9 \u05e9\u05dc \u05d0\u05d9\u05dc \u05db\u05d4\u05df","og_description":"Questa parte del sito non \u00e8 ancora stato tradotto in italiano. \u00c8 possibile leggere l&#8217;inglese sulla punta; E se si pu\u00f2 aiutare l&#8217;invio della traduzione, Beato http:\/\/eyalcohen.com\/en\/preventing-hair-loss-baldness-and-hair-bleaching\/","og_url":"https:\/\/eyalcohen.com\/it\/prevenire-la-calvizie-e-sbianca-capelli\/","og_site_name":"\u05d4\u05e2\u05d9\u05d3\u05df \u05d4\u05d7\u05d3\u05e9 \u05e9\u05dc \u05d0\u05d9\u05dc \u05db\u05d4\u05df","article_publisher":"https:\/\/www.facebook.com\/groups\/528354840531271","article_modified_time":"2017-07-07T16:08:21+00:00","twitter_card":"summary_large_image","schema":{"@context":"https:\/\/schema.org","@graph":[{"@type":"WebPage","@id":"https:\/\/eyalcohen.com\/it\/prevenire-la-calvizie-e-sbianca-capelli\/","url":"https:\/\/eyalcohen.com\/it\/prevenire-la-calvizie-e-sbianca-capelli\/","name":"Prevenire la calvizie e sbianca i capelli - \u05d4\u05e2\u05d9\u05d3\u05df \u05d4\u05d7\u05d3\u05e9 \u05e9\u05dc \u05d0\u05d9\u05dc \u05db\u05d4\u05df","isPartOf":{"@id":"https:\/\/eyalcohen.com\/#website"},"datePublished":"2017-05-14T09:32:45+00:00","dateModified":"2017-07-07T16:08:21+00:00","breadcrumb":{"@id":"https:\/\/eyalcohen.com\/it\/prevenire-la-calvizie-e-sbianca-capelli\/#breadcrumb"},"inLanguage":"it-IT","potentialAction":[{"@type":"ReadAction","target":["https:\/\/eyalcohen.com\/it\/prevenire-la-calvizie-e-sbianca-capelli\/"]}]},{"@type":"BreadcrumbList","@id":"https:\/\/eyalcohen.com\/it\/prevenire-la-calvizie-e-sbianca-capelli\/#breadcrumb","itemListElement":[{"@type":"ListItem","position":1,"name":"\u05d3\u05e3 \u05d4\u05d1\u05d9\u05ea","item":"https:\/\/eyalcohen.com\/it\/%d7%94%d7%a2%d7%99%d7%93%d7%9f-%d7%94%d7%97%d7%93%d7%a9-%d7%a9%d7%9c-%d7%90%d7%99%d7%9c-%d7%9b%d7%94%d7%9f\/"},{"@type":"ListItem","position":2,"name":"Prevenire la calvizie e sbianca i capelli"}]},{"@type":"WebSite","@id":"https:\/\/eyalcohen.com\/#website","url":"https:\/\/eyalcohen.com\/","name":"\u05d4\u05e2\u05d9\u05d3\u05df \u05d4\u05d7\u05d3\u05e9 \u05e9\u05dc \u05d0\u05d9\u05dc \u05db\u05d4\u05df","description":"\u05d1\u05e8\u05d9\u05d0\u05d5\u05ea \u05d8\u05d1\u05e2\u05d9\u05ea, \u05de\u05d5\u05d6\u05d9\u05e7\u05d4 \u05dc\u05d0\u05d9\u05e8\u05d5\u05e2\u05d9\u05dd \u05d5\u05de\u05d4 \u05e9\u05d1\u05d9\u05e0\u05d9\u05d4\u05dd","publisher":{"@id":"https:\/\/eyalcohen.com\/#\/schema\/person\/2cf6581996d002a62e66ee8d3a64b863"},"potentialAction":[{"@type":"SearchAction","target":{"@type":"EntryPoint","urlTemplate":"https:\/\/eyalcohen.com\/?s={search_term_string}"},"query-input":{"@type":"PropertyValueSpecification","valueRequired":true,"valueName":"search_term_string"}}],"inLanguage":"it-IT"},{"@type":["Person","Organization"],"@id":"https:\/\/eyalcohen.com\/#\/schema\/person\/2cf6581996d002a62e66ee8d3a64b863","name":"eyal cohen","image":{"@type":"ImageObject","inLanguage":"it-IT","@id":"https:\/\/eyalcohen.com\/wp-content\/uploads\/2015\/12\/card_reiki.jpg","url":"https:\/\/eyalcohen.com\/wp-content\/uploads\/2015\/12\/card_reiki.jpg","contentUrl":"https:\/\/eyalcohen.com\/wp-content\/uploads\/2015\/12\/card_reiki.jpg","width":296,"height":532,"caption":"eyal cohen"},"logo":{"@id":"https:\/\/eyalcohen.com\/wp-content\/uploads\/2015\/12\/card_reiki.jpg"},"sameAs":["http:\/\/eyalcohen.com","https:\/\/www.facebook.com\/groups\/528354840531271","https:\/\/www.instagram.com\/eyalchn61\/"]}]}},"_links":{"self":[{"href":"https:\/\/eyalcohen.com\/it\/wp-json\/wp\/v2\/pages\/4969","targetHints":{"allow":["GET"]}}],"collection":[{"href":"https:\/\/eyalcohen.com\/it\/wp-json\/wp\/v2\/pages"}],"about":[{"href":"https:\/\/eyalcohen.com\/it\/wp-json\/wp\/v2\/types\/page"}],"author":[{"embeddable":true,"href":"https:\/\/eyalcohen.com\/it\/wp-json\/wp\/v2\/users\/2"}],"replies":[{"embeddable":true,"href":"https:\/\/eyalcohen.com\/it\/wp-json\/wp\/v2\/comments?post=4969"}],"version-history":[{"count":1,"href":"https:\/\/eyalcohen.com\/it\/wp-json\/wp\/v2\/pages\/4969\/revisions"}],"predecessor-version":[{"id":4970,"href":"https:\/\/eyalcohen.com\/it\/wp-json\/wp\/v2\/pages\/4969\/revisions\/4970"}],"wp:attachment":[{"href":"https:\/\/eyalcohen.com\/it\/wp-json\/wp\/v2\/media?parent=4969"}],"curies":[{"name":"wp","href":"https:\/\/api.w.org\/{rel}","templated":true}]}}