{"id":4961,"date":"2017-05-14T12:24:42","date_gmt":"2017-05-14T09:24:42","guid":{"rendered":"http:\/\/eyalcohen.com\/?page_id=4961"},"modified":"2017-07-07T19:07:38","modified_gmt":"2017-07-07T16:07:38","slug":"curvatura-del-pene","status":"publish","type":"page","link":"https:\/\/eyalcohen.com\/it\/curvatura-del-pene\/","title":{"rendered":"curvatura del pene"},"content":{"rendered":"<p>Ora diamo risolvere un altro mistero che affligge molti uomini (e che molto probabilmente disturba il gentil sesso, troppo), chiamato pene deformit\u00e0 o malattie o Peyronie malattia di Peyronie.<\/p>\n<p>deformit\u00e0 del pene non \u00e8 una malattia. Si tratta di una anomalia genitale che \u00e8 comune tra gli uomini.<\/p>\n<p>Coloro che soffrono di questa anomalia nella scala della malattia, hanno spesso a subire un intervento chirurgico correttivo, al fine di godere del sesso.<\/p>\n<p>Questo \u00e8 solo un altro problema di una lunga serie di problemi che i medici perplessi i pazienti.<\/p>\n<p>Proprio come con altri problemi di salute che noi impariamo a riconoscere nella serie libro &#8220;Le cose non si sente dal proprio medico&#8221;, i medici spesso categorizzare problemi come &#8220;ereditaria&#8221;, al fine di fermare il paziente da ficcare il naso in cose che , a loro avviso, nessuna delle sue preoccupazioni.<\/p>\n<p>Cos\u00ec difficile come \u00e8 quello di credere, il problema emana da masturbazione.<\/p>\n<p>La maggior parte degli uomini masturbano sfregando loro organo sessuale avanti e indietro, e la deformit\u00e0 sar\u00e0 sempre nella direzione opposta della mano dominante.<\/p>\n<p>In altre parole, uomini destri possono soffrire di curva a sinistra, mentre nel caso degli uomini mancini, la curva sar\u00e0 a destra.<\/p>\n<p>Questo perch\u00e9 la palma non \u00e8 simmetrica. Quando Bob dell&#8217;organo sessuale, poniamo quattro dita su un lato e il pollice dall&#8217;altro, e al fine di equilibrare le due parti, occorre mettere pi\u00f9 pressione sul pollice.<\/p>\n<p>Perch\u00e9 la pressione \u00e8 irregolare e noi compensare premendo il pollice pi\u00f9 forte. Questo crea una maggiore pressione sul lato sinistro dell&#8217;organo sessuale, con conseguente flessione verso sinistra dell&#8217;organo. Questa curva diventa pi\u00f9 definito nel tempo.<\/p>\n<p>Oltre alla pressione, il movimento naturale della mano non \u00e8 verso l&#8217;alto e verso il basso ma circolare (simile a girare il volante).<\/p>\n<p>Non sto suggerendo che chiunque dovrebbe smettere di masturbarsi, e meno male che abbiamo in questo modo intimo di rilasciare quelle pulsioni elargito da un mondo pieno di stimoli sessuali. Tuttavia, se questo \u00e8 un problema esistente pu\u00f2 essere corretto cambiando mano attiva, al fine di non &#8220;rimodellare&#8221; la struttura del pene.<\/p>\n<p>book2<\/p>\n<p>ENGLISH BOOK COVER FRONT<\/p>\n","protected":false},"excerpt":{"rendered":"<p>Ora diamo risolvere un altro mistero che affligge molti uomini (e che molto probabilmente disturba il gentil sesso, troppo), chiamato pene deformit\u00e0 o malattie o Peyronie malattia di Peyronie. deformit\u00e0 del pene non \u00e8 una malattia. Si tratta di una anomalia genitale che \u00e8 comune tra gli uomini. Coloro che soffrono di questa anomalia nella [&hellip;]<\/p>\n","protected":false},"author":2,"featured_media":0,"parent":0,"menu_order":0,"comment_status":"open","ping_status":"open","template":"","meta":{"_monsterinsights_skip_tracking":false,"_monsterinsights_sitenote_active":false,"_monsterinsights_sitenote_note":"","_monsterinsights_sitenote_category":0,"footnotes":""},"class_list":["post-4961","page","type-page","status-publish","hentry"],"yoast_head":"<!-- This site is optimized with the Yoast SEO plugin v27.3 - https:\/\/yoast.com\/product\/yoast-seo-wordpress\/ -->\n<title>curvatura del pene - \u05d4\u05e2\u05d9\u05d3\u05df \u05d4\u05d7\u05d3\u05e9 \u05e9\u05dc \u05d0\u05d9\u05dc \u05db\u05d4\u05df<\/title>\n<meta name=\"robots\" content=\"index, follow, max-snippet:-1, max-image-preview:large, max-video-preview:-1\" \/>\n<link rel=\"canonical\" href=\"https:\/\/eyalcohen.com\/it\/curvatura-del-pene\/\" \/>\n<meta property=\"og:locale\" content=\"it_IT\" \/>\n<meta property=\"og:type\" content=\"article\" \/>\n<meta property=\"og:title\" content=\"curvatura del pene - \u05d4\u05e2\u05d9\u05d3\u05df \u05d4\u05d7\u05d3\u05e9 \u05e9\u05dc \u05d0\u05d9\u05dc \u05db\u05d4\u05df\" \/>\n<meta property=\"og:description\" content=\"Ora diamo risolvere un altro mistero che affligge molti uomini (e che molto probabilmente disturba il gentil sesso, troppo), chiamato pene deformit\u00e0 o malattie o Peyronie malattia di Peyronie. deformit\u00e0 del pene non \u00e8 una malattia. Si tratta di una anomalia genitale che \u00e8 comune tra gli uomini. Coloro che soffrono di questa anomalia nella [&hellip;]\" \/>\n<meta property=\"og:url\" content=\"https:\/\/eyalcohen.com\/it\/curvatura-del-pene\/\" \/>\n<meta property=\"og:site_name\" content=\"\u05d4\u05e2\u05d9\u05d3\u05df \u05d4\u05d7\u05d3\u05e9 \u05e9\u05dc \u05d0\u05d9\u05dc \u05db\u05d4\u05df\" \/>\n<meta property=\"article:publisher\" content=\"https:\/\/www.facebook.com\/groups\/528354840531271\" \/>\n<meta property=\"article:modified_time\" content=\"2017-07-07T16:07:38+00:00\" \/>\n<meta name=\"twitter:card\" content=\"summary_large_image\" \/>\n<meta name=\"twitter:label1\" content=\"Tempo di lettura stimato\" \/>\n\t<meta name=\"twitter:data1\" content=\"2 minuti\" \/>\n<script type=\"application\/ld+json\" class=\"yoast-schema-graph\">{\"@context\":\"https:\\\/\\\/schema.org\",\"@graph\":[{\"@type\":\"WebPage\",\"@id\":\"https:\\\/\\\/eyalcohen.com\\\/it\\\/curvatura-del-pene\\\/\",\"url\":\"https:\\\/\\\/eyalcohen.com\\\/it\\\/curvatura-del-pene\\\/\",\"name\":\"curvatura del pene - \u05d4\u05e2\u05d9\u05d3\u05df \u05d4\u05d7\u05d3\u05e9 \u05e9\u05dc \u05d0\u05d9\u05dc \u05db\u05d4\u05df\",\"isPartOf\":{\"@id\":\"https:\\\/\\\/eyalcohen.com\\\/#website\"},\"datePublished\":\"2017-05-14T09:24:42+00:00\",\"dateModified\":\"2017-07-07T16:07:38+00:00\",\"breadcrumb\":{\"@id\":\"https:\\\/\\\/eyalcohen.com\\\/it\\\/curvatura-del-pene\\\/#breadcrumb\"},\"inLanguage\":\"it-IT\",\"potentialAction\":[{\"@type\":\"ReadAction\",\"target\":[\"https:\\\/\\\/eyalcohen.com\\\/it\\\/curvatura-del-pene\\\/\"]}]},{\"@type\":\"BreadcrumbList\",\"@id\":\"https:\\\/\\\/eyalcohen.com\\\/it\\\/curvatura-del-pene\\\/#breadcrumb\",\"itemListElement\":[{\"@type\":\"ListItem\",\"position\":1,\"name\":\"\u05d3\u05e3 \u05d4\u05d1\u05d9\u05ea\",\"item\":\"https:\\\/\\\/eyalcohen.com\\\/it\\\/%d7%94%d7%a2%d7%99%d7%93%d7%9f-%d7%94%d7%97%d7%93%d7%a9-%d7%a9%d7%9c-%d7%90%d7%99%d7%9c-%d7%9b%d7%94%d7%9f\\\/\"},{\"@type\":\"ListItem\",\"position\":2,\"name\":\"curvatura del pene\"}]},{\"@type\":\"WebSite\",\"@id\":\"https:\\\/\\\/eyalcohen.com\\\/#website\",\"url\":\"https:\\\/\\\/eyalcohen.com\\\/\",\"name\":\"\u05d4\u05e2\u05d9\u05d3\u05df \u05d4\u05d7\u05d3\u05e9 \u05e9\u05dc \u05d0\u05d9\u05dc \u05db\u05d4\u05df\",\"description\":\"\u05d1\u05e8\u05d9\u05d0\u05d5\u05ea \u05d8\u05d1\u05e2\u05d9\u05ea, \u05de\u05d5\u05d6\u05d9\u05e7\u05d4 \u05dc\u05d0\u05d9\u05e8\u05d5\u05e2\u05d9\u05dd \u05d5\u05de\u05d4 \u05e9\u05d1\u05d9\u05e0\u05d9\u05d4\u05dd\",\"publisher\":{\"@id\":\"https:\\\/\\\/eyalcohen.com\\\/#\\\/schema\\\/person\\\/2cf6581996d002a62e66ee8d3a64b863\"},\"potentialAction\":[{\"@type\":\"SearchAction\",\"target\":{\"@type\":\"EntryPoint\",\"urlTemplate\":\"https:\\\/\\\/eyalcohen.com\\\/?s={search_term_string}\"},\"query-input\":{\"@type\":\"PropertyValueSpecification\",\"valueRequired\":true,\"valueName\":\"search_term_string\"}}],\"inLanguage\":\"it-IT\"},{\"@type\":[\"Person\",\"Organization\"],\"@id\":\"https:\\\/\\\/eyalcohen.com\\\/#\\\/schema\\\/person\\\/2cf6581996d002a62e66ee8d3a64b863\",\"name\":\"eyal cohen\",\"image\":{\"@type\":\"ImageObject\",\"inLanguage\":\"it-IT\",\"@id\":\"https:\\\/\\\/eyalcohen.com\\\/wp-content\\\/uploads\\\/2015\\\/12\\\/card_reiki.jpg\",\"url\":\"https:\\\/\\\/eyalcohen.com\\\/wp-content\\\/uploads\\\/2015\\\/12\\\/card_reiki.jpg\",\"contentUrl\":\"https:\\\/\\\/eyalcohen.com\\\/wp-content\\\/uploads\\\/2015\\\/12\\\/card_reiki.jpg\",\"width\":296,\"height\":532,\"caption\":\"eyal cohen\"},\"logo\":{\"@id\":\"https:\\\/\\\/eyalcohen.com\\\/wp-content\\\/uploads\\\/2015\\\/12\\\/card_reiki.jpg\"},\"sameAs\":[\"http:\\\/\\\/eyalcohen.com\",\"https:\\\/\\\/www.facebook.com\\\/groups\\\/528354840531271\",\"https:\\\/\\\/www.instagram.com\\\/eyalchn61\\\/\"]}]}<\/script>\n<!-- \/ Yoast SEO plugin. -->","yoast_head_json":{"title":"curvatura del pene - \u05d4\u05e2\u05d9\u05d3\u05df \u05d4\u05d7\u05d3\u05e9 \u05e9\u05dc \u05d0\u05d9\u05dc \u05db\u05d4\u05df","robots":{"index":"index","follow":"follow","max-snippet":"max-snippet:-1","max-image-preview":"max-image-preview:large","max-video-preview":"max-video-preview:-1"},"canonical":"https:\/\/eyalcohen.com\/it\/curvatura-del-pene\/","og_locale":"it_IT","og_type":"article","og_title":"curvatura del pene - \u05d4\u05e2\u05d9\u05d3\u05df \u05d4\u05d7\u05d3\u05e9 \u05e9\u05dc \u05d0\u05d9\u05dc \u05db\u05d4\u05df","og_description":"Ora diamo risolvere un altro mistero che affligge molti uomini (e che molto probabilmente disturba il gentil sesso, troppo), chiamato pene deformit\u00e0 o malattie o Peyronie malattia di Peyronie. deformit\u00e0 del pene non \u00e8 una malattia. Si tratta di una anomalia genitale che \u00e8 comune tra gli uomini. Coloro che soffrono di questa anomalia nella [&hellip;]","og_url":"https:\/\/eyalcohen.com\/it\/curvatura-del-pene\/","og_site_name":"\u05d4\u05e2\u05d9\u05d3\u05df \u05d4\u05d7\u05d3\u05e9 \u05e9\u05dc \u05d0\u05d9\u05dc \u05db\u05d4\u05df","article_publisher":"https:\/\/www.facebook.com\/groups\/528354840531271","article_modified_time":"2017-07-07T16:07:38+00:00","twitter_card":"summary_large_image","twitter_misc":{"Tempo di lettura stimato":"2 minuti"},"schema":{"@context":"https:\/\/schema.org","@graph":[{"@type":"WebPage","@id":"https:\/\/eyalcohen.com\/it\/curvatura-del-pene\/","url":"https:\/\/eyalcohen.com\/it\/curvatura-del-pene\/","name":"curvatura del pene - \u05d4\u05e2\u05d9\u05d3\u05df \u05d4\u05d7\u05d3\u05e9 \u05e9\u05dc \u05d0\u05d9\u05dc \u05db\u05d4\u05df","isPartOf":{"@id":"https:\/\/eyalcohen.com\/#website"},"datePublished":"2017-05-14T09:24:42+00:00","dateModified":"2017-07-07T16:07:38+00:00","breadcrumb":{"@id":"https:\/\/eyalcohen.com\/it\/curvatura-del-pene\/#breadcrumb"},"inLanguage":"it-IT","potentialAction":[{"@type":"ReadAction","target":["https:\/\/eyalcohen.com\/it\/curvatura-del-pene\/"]}]},{"@type":"BreadcrumbList","@id":"https:\/\/eyalcohen.com\/it\/curvatura-del-pene\/#breadcrumb","itemListElement":[{"@type":"ListItem","position":1,"name":"\u05d3\u05e3 \u05d4\u05d1\u05d9\u05ea","item":"https:\/\/eyalcohen.com\/it\/%d7%94%d7%a2%d7%99%d7%93%d7%9f-%d7%94%d7%97%d7%93%d7%a9-%d7%a9%d7%9c-%d7%90%d7%99%d7%9c-%d7%9b%d7%94%d7%9f\/"},{"@type":"ListItem","position":2,"name":"curvatura del pene"}]},{"@type":"WebSite","@id":"https:\/\/eyalcohen.com\/#website","url":"https:\/\/eyalcohen.com\/","name":"\u05d4\u05e2\u05d9\u05d3\u05df \u05d4\u05d7\u05d3\u05e9 \u05e9\u05dc \u05d0\u05d9\u05dc \u05db\u05d4\u05df","description":"\u05d1\u05e8\u05d9\u05d0\u05d5\u05ea \u05d8\u05d1\u05e2\u05d9\u05ea, \u05de\u05d5\u05d6\u05d9\u05e7\u05d4 \u05dc\u05d0\u05d9\u05e8\u05d5\u05e2\u05d9\u05dd \u05d5\u05de\u05d4 \u05e9\u05d1\u05d9\u05e0\u05d9\u05d4\u05dd","publisher":{"@id":"https:\/\/eyalcohen.com\/#\/schema\/person\/2cf6581996d002a62e66ee8d3a64b863"},"potentialAction":[{"@type":"SearchAction","target":{"@type":"EntryPoint","urlTemplate":"https:\/\/eyalcohen.com\/?s={search_term_string}"},"query-input":{"@type":"PropertyValueSpecification","valueRequired":true,"valueName":"search_term_string"}}],"inLanguage":"it-IT"},{"@type":["Person","Organization"],"@id":"https:\/\/eyalcohen.com\/#\/schema\/person\/2cf6581996d002a62e66ee8d3a64b863","name":"eyal cohen","image":{"@type":"ImageObject","inLanguage":"it-IT","@id":"https:\/\/eyalcohen.com\/wp-content\/uploads\/2015\/12\/card_reiki.jpg","url":"https:\/\/eyalcohen.com\/wp-content\/uploads\/2015\/12\/card_reiki.jpg","contentUrl":"https:\/\/eyalcohen.com\/wp-content\/uploads\/2015\/12\/card_reiki.jpg","width":296,"height":532,"caption":"eyal cohen"},"logo":{"@id":"https:\/\/eyalcohen.com\/wp-content\/uploads\/2015\/12\/card_reiki.jpg"},"sameAs":["http:\/\/eyalcohen.com","https:\/\/www.facebook.com\/groups\/528354840531271","https:\/\/www.instagram.com\/eyalchn61\/"]}]}},"_links":{"self":[{"href":"https:\/\/eyalcohen.com\/it\/wp-json\/wp\/v2\/pages\/4961","targetHints":{"allow":["GET"]}}],"collection":[{"href":"https:\/\/eyalcohen.com\/it\/wp-json\/wp\/v2\/pages"}],"about":[{"href":"https:\/\/eyalcohen.com\/it\/wp-json\/wp\/v2\/types\/page"}],"author":[{"embeddable":true,"href":"https:\/\/eyalcohen.com\/it\/wp-json\/wp\/v2\/users\/2"}],"replies":[{"embeddable":true,"href":"https:\/\/eyalcohen.com\/it\/wp-json\/wp\/v2\/comments?post=4961"}],"version-history":[{"count":1,"href":"https:\/\/eyalcohen.com\/it\/wp-json\/wp\/v2\/pages\/4961\/revisions"}],"predecessor-version":[{"id":4962,"href":"https:\/\/eyalcohen.com\/it\/wp-json\/wp\/v2\/pages\/4961\/revisions\/4962"}],"wp:attachment":[{"href":"https:\/\/eyalcohen.com\/it\/wp-json\/wp\/v2\/media?parent=4961"}],"curies":[{"name":"wp","href":"https:\/\/api.w.org\/{rel}","templated":true}]}}