{"id":4957,"date":"2017-05-14T12:10:43","date_gmt":"2017-05-14T09:10:43","guid":{"rendered":"http:\/\/eyalcohen.com\/?page_id=4957"},"modified":"2017-07-07T19:07:16","modified_gmt":"2017-07-07T16:07:16","slug":"il-diabete-come-una-malattia-energico","status":"publish","type":"page","link":"https:\/\/eyalcohen.com\/it\/il-diabete-come-una-malattia-energico\/","title":{"rendered":"Il diabete come una malattia energico"},"content":{"rendered":"<p style=\"text-align: justify;\">Con Eyal Cohen<\/p>\n<p style=\"text-align: justify;\">Il diabete \u00e8 considerato un disturbo metabolico che \u00e8 associato &#8211; ingiustamente, con consumo di zucchero.<\/p>\n<p style=\"text-align: justify;\">La triste verit\u00e0 per quanto riguarda il diabete, come molte altre malattie, non vi \u00e8 alcuna connessione tra scientifica e la percezione medica e la realt\u00e0, e finch\u00e9 non sei malato, non vi \u00e8 alcun limite alla quantit\u00e0 di zucchero che si pu\u00f2 avere &#8211; naturalmente , senza esagerazione selvaggia. In ogni caso, non vi \u00e8 alcuna necessit\u00e0 di isteria, che pu\u00f2 di per s\u00e9 causare il diabete.<\/p>\n<p style=\"text-align: justify;\">zucchero in eccesso non \u00e8 sano in quanto render\u00e0 i denti marcire, fare ingrassare e incoraggiare sangue e parassiti intestinali, e come ogni altra cosa, il consumo eccessivo non \u00e8 consigliato, ma come si vedr\u00e0 presto a capire, non vi \u00e8 alcun collegamento tra il consumo di zucchero e ottenendo diabetico.<\/p>\n<p style=\"text-align: justify;\">Che cosa potrebbe essere fuorviante \u00e8 il fatto che se si dispone gi\u00e0 di diabete, \u00e8 necessario mantenere rigorosamente l&#8217;equilibrio di zucchero nel sangue, utilizzare l&#8217;insulina ogni volta che lo zucchero nel sangue \u00e8 in aumento &#8211; e sempre essere fornita con il cibo se lo zucchero \u00e8 disc.<\/p>\n<p style=\"text-align: justify;\">La verit\u00e0 \u00e8 che il diabete \u00e8 una malattia di energia, e quindi, capire perch\u00e9 e come si sviluppa, e il costante aumento nel suo aspetto, \u00e8 importante capire i diversi sistemi del corpo sotto l&#8217;aspetto energetico. Informazioni dettagliate sulla carrozzeria dimensione energetica pu\u00f2 trovare un libro che ho scritto &#8220;(j) I segreti della creazione &#8211; il bilancio energetico del corpo e della vita&#8221;, ma qui si discuter\u00e0 in particolare il funzionamento del pancreas nel sistema energetico del corpo, per spiegare il diabete.<\/p>\n<p style=\"text-align: justify;\">Il diabete si sviluppa a causa del fallimento del pancreas.<\/p>\n<p style=\"direction: ltr;\">Il pancreas \u00e8 una ghiandola che secerne nel sangue un ormone chiamato insulina, che \u00e8 essenziale per lo zucchero dal cibo di penetrare nelle cellule, dove fanno il lavoro e fanno energetico.<\/p>\n<p style=\"direction: ltr;\">Senza insulina, glucosio non pu\u00f2 entrare nelle cellule e si accumula nel sangue, e il corpo non pu\u00f2 produrre energia, che pu\u00f2 essere espresso in diversi sintomi della malattia e anche portare alla morte.<\/p>\n<p style=\"text-align: justify;\">Ci sono due ragioni principali per il fallimento del pancreas, nessuno dei quali ha nulla a che fare con il consumo di zucchero.<\/p>\n<p style=\"text-align: justify;\">Uno \u00e8 pancreatite (infezione del pancreas) che consuma parte del pancreas e riduce la sua capacit\u00e0 di produrre insulina. Questo erutta normalmente dopo la persona ottiene una febbre inspiegabile, perch\u00e9 i medici non possono diagnosticare l&#8217;infezione nel pancreas.<\/p>\n<p style=\"text-align: justify;\">Il secondo tipo di diabete, che \u00e8 il comune, si evolve per cause energetici, che nella nostra cultura non sono politicamente corretti, e la scienza e la medicina ignorando sistematicamente. Al fine di capire perch\u00e9 e come si sviluppa &#8211; e avere pi\u00f9 controllo su di esso, abbiamo bisogno di capire come, e ci\u00f2 che rende il lavoro del pancreas.<\/p>\n<p style=\"text-align: justify;\">Il pancreas risponde alle diverse situazioni in cui il corpo ha bisogno differenti livelli di energia, regolando la quantit\u00e0 di insulina che secerne. In condizioni di stress di cui ha bisogno a secernere pi\u00f9 insulina, e in tempi pi\u00f9 tranquilli si pu\u00f2 riposare e recuperare.<\/p>\n<p style=\"text-align: justify;\">Pi\u00f9 energia ci serve allo scopo di rispondere a determinate situazioni, il pancreas deve lavorare di pi\u00f9 per produrre pi\u00f9 insulina, al fine di consentire alle cellule per produrre l&#8217;energia.<\/p>\n<p style=\"text-align: justify;\">Il pancreas, come qualsiasi altro organo del corpo, pi\u00f9 \u00e8 attiva, i vasi sanguigni in esso costrizione, fino a che non \u00e8 in grado di fornire il sangue che \u00e8 necessario al fine della funzione, e quindi, pi\u00f9 difficile funziona, il meno sangue si arriva.<\/p>\n<p style=\"text-align: justify;\">Nella realt\u00e0 in cui viviamo oggi, molte situazioni che ci mette in condizioni di stress. Alcuni sono temporanei e alcuni sono costanti, ma nella nostra societ\u00e0 capitalistica competitiva selvaggia della legge e dell&#8217;ordine, per molte ragioni diverse che non pu\u00f2 rispondere.<\/p>\n<p style=\"text-align: justify;\">Sentimenti come lo stress, la rabbia, la rabbia, la gelosia, l&#8217;abuso, senso di privazione, l&#8217;umiliazione, il fallimento &#8211; e molti altri, creare in noi la voglia di rispondere (Revenge = equilibrio energetico). Parte della spinta \u00e8 in realt\u00e0 il risultato del pancreas lavora di pi\u00f9 per produrre insulina per creare l&#8217;energia di rispondere con, ma nei casi in cui la pressione \u00e8 costante, il pancreas lavora duro nel tempo.<\/p>\n<h2 style=\"text-align: justify;\">Il fattore morale:<\/h2>\n<p style=\"text-align: justify;\">Viviamo in una societ\u00e0 della legge e dell&#8217;ordine, che rapidamente \u00e8 diventato selvaggio. Nuove leggi vengono legiferato mentre vecchie leggi non vengono mai annullati, e la conseguenza \u00e8 una giungla di leggi che sta diventando sempre pi\u00f9 densa, e ogni movimento che un uomo fa pu\u00f2 essere interpretato come un crimine, e possono essere usate contro di lui, per fargli pagare denaro o di privarlo della sua libert\u00e0. Il denaro \u00e8 energia. Abbiamo bisogno di denaro per il metabolismo che il nostro corpo fa per produrre energia.<\/p>\n<p style=\"text-align: justify;\">Gran parte di questo stress \u00e8 causato dalla mancanza di morale nei moderni sistemi della societ\u00e0 e del governo che utilizzano le persone immoraly, che trasformano la legge in un denaro mungitura macchina abusando del sistema giuridico, mentre causando disagio energetico.<\/p>\n<p style=\"text-align: justify;\">Nella maggior parte dei casi, la malattia si insinua e si sviluppa gradualmente senza sintomi evidenti nel corso degli anni, a causa di stress continuo che peggiora gradualmente la situazione pancreas, fino a quando il flusso di sangue nel pancreas diventa insufficiente. Come risultato, la quantit\u00e0 e la qualit\u00e0 di insulina che pu\u00f2 produrre diminuisce, e la persona viene diagnosticata come diabetico. nel mondo competitivo in cui viviamo siamo sotto stress continuo per molte ragioni diverse. Compreso ottenere buoni voti, come i bambini, il costo della vita, l&#8217;atmosfera, ingorghi, rischi per la sicurezza, pressioni di lavoro, pressioni familiari, ecc<\/p>\n<p style=\"text-align: justify;\">Oltre a tensione normale, di volta in volta proviamo periodi di stress estremo che sorge la distruzione del pancreas.<\/p>\n<p style=\"text-align: justify;\">In altri rari casi, il diabete pu\u00f2 essere sviluppare rapidamente a causa di situazioni di estrema rabbia. Questo \u00e8 quando ci sentiamo dolori di stomaco, che derivano dalla contrazione dei vasi sanguigni del pancreas che causano insufficienza pancreatica.<\/p>\n<p style=\"text-align: justify;\">Voglio darvi un esempio di fattori di stress relativi alla popolazione generale, che non possiamo prendere in considerazione, ma hanno un grave impatto della nostra salute come individui e come societ\u00e0:<\/p>\n<p style=\"text-align: justify;\">Un comune esercita una pressione crescente sui residenti, riducendo parcheggi legali e dare multe pesanti che i piloti, che sono costretti a parcheggiare in zone vietate sono costretti a pagare. In alcuni casi, i piloti scoprono che il loro veicolo \u00e8 stato trainato via e loro sono costretti a prendere un taxi e pagare per questo, oltre alle enormi quantit\u00e0 di traino e per la multa.<\/p>\n<p style=\"text-align: justify;\">Sicuramente si vuole rompere qualcosa in questa situazione.<\/p>\n<p style=\"text-align: justify;\">Allo stesso modo, la limitazione della velocit\u00e0 di guida in strade aperte al fine proprio di estorcere quanto pi\u00f9 denaro possibile dai piloti esausti \u00e8 comportamento immorale che tutta la societ\u00e0 paga prezzo enorme per. Per questi scopi, vi \u00e8 una grande variet\u00e0 di mezzi tecnologici, come ad esempio le macchine fotografiche ad alta velocit\u00e0, telecamere di strada, i laser di vario genere e anche zeplins scattare foto dal cielo e inviare biglietti con multe ai driver. Queste misure costituiscono una minaccia economica e un fastidio per il conducente che ha sottolineato durante la guida. Molte persone lavorano nel guidare tutto il giorno, e per loro, lo stress \u00e8 in corso e in aumento. La polizia e le relazioni comune causa di un po &#8216;di stress e sono responsabili di molti casi di diabete e innumerevoli altre malattie che noi impariamo a riconoscere pi\u00f9 si capisce il corpo dal punto di vista energetico.<\/p>\n<p style=\"text-align: justify;\">Ci sono problemi di due cose morali nel modo in cui questo sistema funziona. Uno \u00e8 la brutalit\u00e0: multa responsabile non dovrebbe superare il cinque per cento del salario medio. Le multe che costringono la gente a pagare pi\u00f9 di questo sono tipo di schiavit\u00f9, caccia all&#8217;uomo e perfino di cannibalismo, ma invece di mangiare la carne dell&#8217;uomo, le autorit\u00e0 prende l&#8217;energia da esso.<\/p>\n<p style=\"text-align: justify;\">La seconda \u00e8 che il denaro raccolto dai multe va direttamente alle autorit\u00e0 che impone delle ammende, quindi motivato a dare il maggior numero di multe possibili. multe morali dovrebbero andare a organizzazioni di beneficenza, che finirebbero il problema morale di oltre otivation -TZ imporre le multe.<\/p>\n<p style=\"text-align: justify;\">Al giorno d&#8217;oggi il cannibalismo non \u00e8 accettata nella societ\u00e0 occidentale, ma abbiamo creato una nuova forma di cannibalismo, che succhia l&#8217;energia da parte dell&#8217;uomo.<\/p>\n<p style=\"text-align: justify;\">Un sistema corrotto di governo che spreme ogni goccia di energia da parte dei cittadini in difficolt\u00e0 perch\u00e9 non fornisce i residenti con i servizi adeguati, (ad esempio impianti di parcheggio) \u00e8 uno dei fattori di stress che danneggia l&#8217;intera societ\u00e0, indebolendo con diverse malattie che potrebbe eventualmente portare il suo collasso.<\/p>\n<p style=\"text-align: justify;\">Da qui la connessione tra diabete e malattie cardiache. Poich\u00e9 la pressione nel nostro ambiente cresce, maggiore \u00e8 il carico sul pancreas, il sistema vascolare, e il cuore, che aumenta la pressione sanguigna, che a sua volta provoca molti altri problemi di salute, come la distruzione dei reni, danni agli occhi e altri organi del corpo che hanno capillari delicati, che sono inclini al fallimento del sistema.<\/p>\n<p style=\"text-align: justify;\">Il diabete non \u00e8 qualcosa che pu\u00f2 essere presa alla leggera, in quanto pu\u00f2 portare all&#8217;amputazione degli arti, infertilit\u00e0, difetti di nascita e grave diminuzione della qualit\u00e0 della vita, e cos\u00ec, pi\u00f9 la gente si ammalano, maggiore \u00e8 la minaccia per la societ\u00e0.<\/p>\n<p style=\"text-align: justify;\">Il trattamento medico ha parecchi svantaggi, in quanto si tratta solo i sintomi, si tratta di un cambiamento radicale nello stile di vita per la vita, non \u00e8 riabilitare, ma degenera ci\u00f2 che rimane del pancreas.<\/p>\n<p style=\"text-align: justify;\">Per prevenire il diabete o impedire il suo aggravamento, evitare rabbia e negativi energie per quanto possibile. E sbadigliare respiro profondo quanto pi\u00f9 \u00e8 possibile. Ci sono molti tipi di terapia che si possono praticare al fine di avere successo. Respirate profondamente e sbadigliare per quanto \u00e8 possibile quando si \u00e8 sotto pressione.<\/p>\n<p style=\"text-align: justify;\">Se siete diabetici, come per ogni malattia che deriva da problemi circolatori, Dopo aver appreso che \u00e8 necessario per rilassarsi al fine di fermare il deterioramento della il pancreas, se si vuole fare un altro passo e cercare di curare il diabete, provare i trattamenti reiki, che bilancia le energie e il flusso di sangue e il metabolismo incoraggiante, nel modo pi\u00f9 cordiale ed efficiente. Credo che se si trova il medico giusto e ottiene abbastanza trattamenti, pu\u00f2 anche portare alla guarigione.<\/p>\n<p style=\"text-align: justify;\">buona fortuna<\/p>\n<p style=\"text-align: justify;\">Eyal Cohen<\/p>\n<p style=\"text-align: justify;\"><img fetchpriority=\"high\" decoding=\"async\" class=\"alignleft wp-image-6 size-medium\" style=\"direction: ltr;\" src=\"http:\/\/eyalcohen.com\/it\/files\/2016\/07\/book2-207x300.jpg\" alt=\"book2\" width=\"207\" height=\"300\" \/> <img decoding=\"async\" class=\"alignleft wp-image-7 size-medium\" style=\"direction: ltr;\" src=\"http:\/\/eyalcohen.com\/it\/files\/2016\/07\/ENGLISH-BOOK-COVER-FRONT-207x300.jpg\" alt=\"ENGLISH BOOK COVER FRONT\" width=\"207\" height=\"300\" \/><\/p>\n<p>http:\/\/eyalcohen.com\/en\/diabetes-as-an-energetic-disease\/<\/p>\n<p style=\"direction: ltr;\">\n","protected":false},"excerpt":{"rendered":"<p>Con Eyal Cohen Il diabete \u00e8 considerato un disturbo metabolico che \u00e8 associato &#8211; ingiustamente, con consumo di zucchero. La triste verit\u00e0 per quanto riguarda il diabete, come molte altre malattie, non vi \u00e8 alcuna connessione tra scientifica e la percezione medica e la realt\u00e0, e finch\u00e9 non sei malato, non vi \u00e8 alcun limite [&hellip;]<\/p>\n","protected":false},"author":2,"featured_media":0,"parent":0,"menu_order":0,"comment_status":"open","ping_status":"open","template":"","meta":{"_monsterinsights_skip_tracking":false,"_monsterinsights_sitenote_active":false,"_monsterinsights_sitenote_note":"","_monsterinsights_sitenote_category":0,"footnotes":""},"class_list":["post-4957","page","type-page","status-publish","hentry"],"yoast_head":"<!-- This site is optimized with the Yoast SEO plugin v27.3 - https:\/\/yoast.com\/product\/yoast-seo-wordpress\/ -->\n<title>Il diabete come una malattia energico - \u05d4\u05e2\u05d9\u05d3\u05df \u05d4\u05d7\u05d3\u05e9 \u05e9\u05dc \u05d0\u05d9\u05dc \u05db\u05d4\u05df<\/title>\n<meta name=\"robots\" content=\"index, follow, max-snippet:-1, max-image-preview:large, max-video-preview:-1\" \/>\n<link rel=\"canonical\" href=\"https:\/\/eyalcohen.com\/it\/il-diabete-come-una-malattia-energico\/\" \/>\n<meta property=\"og:locale\" content=\"it_IT\" \/>\n<meta property=\"og:type\" content=\"article\" \/>\n<meta property=\"og:title\" content=\"Il diabete come una malattia energico - \u05d4\u05e2\u05d9\u05d3\u05df \u05d4\u05d7\u05d3\u05e9 \u05e9\u05dc \u05d0\u05d9\u05dc \u05db\u05d4\u05df\" \/>\n<meta property=\"og:description\" content=\"Con Eyal Cohen Il diabete \u00e8 considerato un disturbo metabolico che \u00e8 associato &#8211; ingiustamente, con consumo di zucchero. La triste verit\u00e0 per quanto riguarda il diabete, come molte altre malattie, non vi \u00e8 alcuna connessione tra scientifica e la percezione medica e la realt\u00e0, e finch\u00e9 non sei malato, non vi \u00e8 alcun limite [&hellip;]\" \/>\n<meta property=\"og:url\" content=\"https:\/\/eyalcohen.com\/it\/il-diabete-come-una-malattia-energico\/\" \/>\n<meta property=\"og:site_name\" content=\"\u05d4\u05e2\u05d9\u05d3\u05df \u05d4\u05d7\u05d3\u05e9 \u05e9\u05dc \u05d0\u05d9\u05dc \u05db\u05d4\u05df\" \/>\n<meta property=\"article:publisher\" content=\"https:\/\/www.facebook.com\/groups\/528354840531271\" \/>\n<meta property=\"article:modified_time\" content=\"2017-07-07T16:07:16+00:00\" \/>\n<meta property=\"og:image\" content=\"http:\/\/eyalcohen.com\/it\/files\/2016\/07\/book2-207x300.jpg\" \/>\n<meta name=\"twitter:card\" content=\"summary_large_image\" \/>\n<meta name=\"twitter:label1\" content=\"Tempo di lettura stimato\" \/>\n\t<meta name=\"twitter:data1\" content=\"8 minuti\" \/>\n<script type=\"application\/ld+json\" class=\"yoast-schema-graph\">{\"@context\":\"https:\\\/\\\/schema.org\",\"@graph\":[{\"@type\":\"WebPage\",\"@id\":\"https:\\\/\\\/eyalcohen.com\\\/it\\\/il-diabete-come-una-malattia-energico\\\/\",\"url\":\"https:\\\/\\\/eyalcohen.com\\\/it\\\/il-diabete-come-una-malattia-energico\\\/\",\"name\":\"Il diabete come una malattia energico - \u05d4\u05e2\u05d9\u05d3\u05df \u05d4\u05d7\u05d3\u05e9 \u05e9\u05dc \u05d0\u05d9\u05dc \u05db\u05d4\u05df\",\"isPartOf\":{\"@id\":\"https:\\\/\\\/eyalcohen.com\\\/#website\"},\"primaryImageOfPage\":{\"@id\":\"https:\\\/\\\/eyalcohen.com\\\/it\\\/il-diabete-come-una-malattia-energico\\\/#primaryimage\"},\"image\":{\"@id\":\"https:\\\/\\\/eyalcohen.com\\\/it\\\/il-diabete-come-una-malattia-energico\\\/#primaryimage\"},\"thumbnailUrl\":\"http:\\\/\\\/eyalcohen.com\\\/it\\\/files\\\/2016\\\/07\\\/book2-207x300.jpg\",\"datePublished\":\"2017-05-14T09:10:43+00:00\",\"dateModified\":\"2017-07-07T16:07:16+00:00\",\"breadcrumb\":{\"@id\":\"https:\\\/\\\/eyalcohen.com\\\/it\\\/il-diabete-come-una-malattia-energico\\\/#breadcrumb\"},\"inLanguage\":\"it-IT\",\"potentialAction\":[{\"@type\":\"ReadAction\",\"target\":[\"https:\\\/\\\/eyalcohen.com\\\/it\\\/il-diabete-come-una-malattia-energico\\\/\"]}]},{\"@type\":\"ImageObject\",\"inLanguage\":\"it-IT\",\"@id\":\"https:\\\/\\\/eyalcohen.com\\\/it\\\/il-diabete-come-una-malattia-energico\\\/#primaryimage\",\"url\":\"http:\\\/\\\/eyalcohen.com\\\/it\\\/files\\\/2016\\\/07\\\/book2-207x300.jpg\",\"contentUrl\":\"http:\\\/\\\/eyalcohen.com\\\/it\\\/files\\\/2016\\\/07\\\/book2-207x300.jpg\"},{\"@type\":\"BreadcrumbList\",\"@id\":\"https:\\\/\\\/eyalcohen.com\\\/it\\\/il-diabete-come-una-malattia-energico\\\/#breadcrumb\",\"itemListElement\":[{\"@type\":\"ListItem\",\"position\":1,\"name\":\"\u05d3\u05e3 \u05d4\u05d1\u05d9\u05ea\",\"item\":\"https:\\\/\\\/eyalcohen.com\\\/it\\\/%d7%94%d7%a2%d7%99%d7%93%d7%9f-%d7%94%d7%97%d7%93%d7%a9-%d7%a9%d7%9c-%d7%90%d7%99%d7%9c-%d7%9b%d7%94%d7%9f\\\/\"},{\"@type\":\"ListItem\",\"position\":2,\"name\":\"Il diabete come una malattia energico\"}]},{\"@type\":\"WebSite\",\"@id\":\"https:\\\/\\\/eyalcohen.com\\\/#website\",\"url\":\"https:\\\/\\\/eyalcohen.com\\\/\",\"name\":\"\u05d4\u05e2\u05d9\u05d3\u05df \u05d4\u05d7\u05d3\u05e9 \u05e9\u05dc \u05d0\u05d9\u05dc \u05db\u05d4\u05df\",\"description\":\"\u05d1\u05e8\u05d9\u05d0\u05d5\u05ea \u05d8\u05d1\u05e2\u05d9\u05ea, \u05de\u05d5\u05d6\u05d9\u05e7\u05d4 \u05dc\u05d0\u05d9\u05e8\u05d5\u05e2\u05d9\u05dd \u05d5\u05de\u05d4 \u05e9\u05d1\u05d9\u05e0\u05d9\u05d4\u05dd\",\"publisher\":{\"@id\":\"https:\\\/\\\/eyalcohen.com\\\/#\\\/schema\\\/person\\\/2cf6581996d002a62e66ee8d3a64b863\"},\"potentialAction\":[{\"@type\":\"SearchAction\",\"target\":{\"@type\":\"EntryPoint\",\"urlTemplate\":\"https:\\\/\\\/eyalcohen.com\\\/?s={search_term_string}\"},\"query-input\":{\"@type\":\"PropertyValueSpecification\",\"valueRequired\":true,\"valueName\":\"search_term_string\"}}],\"inLanguage\":\"it-IT\"},{\"@type\":[\"Person\",\"Organization\"],\"@id\":\"https:\\\/\\\/eyalcohen.com\\\/#\\\/schema\\\/person\\\/2cf6581996d002a62e66ee8d3a64b863\",\"name\":\"eyal cohen\",\"image\":{\"@type\":\"ImageObject\",\"inLanguage\":\"it-IT\",\"@id\":\"https:\\\/\\\/eyalcohen.com\\\/wp-content\\\/uploads\\\/2015\\\/12\\\/card_reiki.jpg\",\"url\":\"https:\\\/\\\/eyalcohen.com\\\/wp-content\\\/uploads\\\/2015\\\/12\\\/card_reiki.jpg\",\"contentUrl\":\"https:\\\/\\\/eyalcohen.com\\\/wp-content\\\/uploads\\\/2015\\\/12\\\/card_reiki.jpg\",\"width\":296,\"height\":532,\"caption\":\"eyal cohen\"},\"logo\":{\"@id\":\"https:\\\/\\\/eyalcohen.com\\\/wp-content\\\/uploads\\\/2015\\\/12\\\/card_reiki.jpg\"},\"sameAs\":[\"http:\\\/\\\/eyalcohen.com\",\"https:\\\/\\\/www.facebook.com\\\/groups\\\/528354840531271\",\"https:\\\/\\\/www.instagram.com\\\/eyalchn61\\\/\"]}]}<\/script>\n<!-- \/ Yoast SEO plugin. -->","yoast_head_json":{"title":"Il diabete come una malattia energico - \u05d4\u05e2\u05d9\u05d3\u05df \u05d4\u05d7\u05d3\u05e9 \u05e9\u05dc \u05d0\u05d9\u05dc \u05db\u05d4\u05df","robots":{"index":"index","follow":"follow","max-snippet":"max-snippet:-1","max-image-preview":"max-image-preview:large","max-video-preview":"max-video-preview:-1"},"canonical":"https:\/\/eyalcohen.com\/it\/il-diabete-come-una-malattia-energico\/","og_locale":"it_IT","og_type":"article","og_title":"Il diabete come una malattia energico - \u05d4\u05e2\u05d9\u05d3\u05df \u05d4\u05d7\u05d3\u05e9 \u05e9\u05dc \u05d0\u05d9\u05dc \u05db\u05d4\u05df","og_description":"Con Eyal Cohen Il diabete \u00e8 considerato un disturbo metabolico che \u00e8 associato &#8211; ingiustamente, con consumo di zucchero. La triste verit\u00e0 per quanto riguarda il diabete, come molte altre malattie, non vi \u00e8 alcuna connessione tra scientifica e la percezione medica e la realt\u00e0, e finch\u00e9 non sei malato, non vi \u00e8 alcun limite [&hellip;]","og_url":"https:\/\/eyalcohen.com\/it\/il-diabete-come-una-malattia-energico\/","og_site_name":"\u05d4\u05e2\u05d9\u05d3\u05df \u05d4\u05d7\u05d3\u05e9 \u05e9\u05dc \u05d0\u05d9\u05dc \u05db\u05d4\u05df","article_publisher":"https:\/\/www.facebook.com\/groups\/528354840531271","article_modified_time":"2017-07-07T16:07:16+00:00","og_image":[{"url":"http:\/\/eyalcohen.com\/it\/files\/2016\/07\/book2-207x300.jpg","type":"","width":"","height":""}],"twitter_card":"summary_large_image","twitter_misc":{"Tempo di lettura stimato":"8 minuti"},"schema":{"@context":"https:\/\/schema.org","@graph":[{"@type":"WebPage","@id":"https:\/\/eyalcohen.com\/it\/il-diabete-come-una-malattia-energico\/","url":"https:\/\/eyalcohen.com\/it\/il-diabete-come-una-malattia-energico\/","name":"Il diabete come una malattia energico - \u05d4\u05e2\u05d9\u05d3\u05df \u05d4\u05d7\u05d3\u05e9 \u05e9\u05dc \u05d0\u05d9\u05dc \u05db\u05d4\u05df","isPartOf":{"@id":"https:\/\/eyalcohen.com\/#website"},"primaryImageOfPage":{"@id":"https:\/\/eyalcohen.com\/it\/il-diabete-come-una-malattia-energico\/#primaryimage"},"image":{"@id":"https:\/\/eyalcohen.com\/it\/il-diabete-come-una-malattia-energico\/#primaryimage"},"thumbnailUrl":"http:\/\/eyalcohen.com\/it\/files\/2016\/07\/book2-207x300.jpg","datePublished":"2017-05-14T09:10:43+00:00","dateModified":"2017-07-07T16:07:16+00:00","breadcrumb":{"@id":"https:\/\/eyalcohen.com\/it\/il-diabete-come-una-malattia-energico\/#breadcrumb"},"inLanguage":"it-IT","potentialAction":[{"@type":"ReadAction","target":["https:\/\/eyalcohen.com\/it\/il-diabete-come-una-malattia-energico\/"]}]},{"@type":"ImageObject","inLanguage":"it-IT","@id":"https:\/\/eyalcohen.com\/it\/il-diabete-come-una-malattia-energico\/#primaryimage","url":"http:\/\/eyalcohen.com\/it\/files\/2016\/07\/book2-207x300.jpg","contentUrl":"http:\/\/eyalcohen.com\/it\/files\/2016\/07\/book2-207x300.jpg"},{"@type":"BreadcrumbList","@id":"https:\/\/eyalcohen.com\/it\/il-diabete-come-una-malattia-energico\/#breadcrumb","itemListElement":[{"@type":"ListItem","position":1,"name":"\u05d3\u05e3 \u05d4\u05d1\u05d9\u05ea","item":"https:\/\/eyalcohen.com\/it\/%d7%94%d7%a2%d7%99%d7%93%d7%9f-%d7%94%d7%97%d7%93%d7%a9-%d7%a9%d7%9c-%d7%90%d7%99%d7%9c-%d7%9b%d7%94%d7%9f\/"},{"@type":"ListItem","position":2,"name":"Il diabete come una malattia energico"}]},{"@type":"WebSite","@id":"https:\/\/eyalcohen.com\/#website","url":"https:\/\/eyalcohen.com\/","name":"\u05d4\u05e2\u05d9\u05d3\u05df \u05d4\u05d7\u05d3\u05e9 \u05e9\u05dc \u05d0\u05d9\u05dc \u05db\u05d4\u05df","description":"\u05d1\u05e8\u05d9\u05d0\u05d5\u05ea \u05d8\u05d1\u05e2\u05d9\u05ea, \u05de\u05d5\u05d6\u05d9\u05e7\u05d4 \u05dc\u05d0\u05d9\u05e8\u05d5\u05e2\u05d9\u05dd \u05d5\u05de\u05d4 \u05e9\u05d1\u05d9\u05e0\u05d9\u05d4\u05dd","publisher":{"@id":"https:\/\/eyalcohen.com\/#\/schema\/person\/2cf6581996d002a62e66ee8d3a64b863"},"potentialAction":[{"@type":"SearchAction","target":{"@type":"EntryPoint","urlTemplate":"https:\/\/eyalcohen.com\/?s={search_term_string}"},"query-input":{"@type":"PropertyValueSpecification","valueRequired":true,"valueName":"search_term_string"}}],"inLanguage":"it-IT"},{"@type":["Person","Organization"],"@id":"https:\/\/eyalcohen.com\/#\/schema\/person\/2cf6581996d002a62e66ee8d3a64b863","name":"eyal cohen","image":{"@type":"ImageObject","inLanguage":"it-IT","@id":"https:\/\/eyalcohen.com\/wp-content\/uploads\/2015\/12\/card_reiki.jpg","url":"https:\/\/eyalcohen.com\/wp-content\/uploads\/2015\/12\/card_reiki.jpg","contentUrl":"https:\/\/eyalcohen.com\/wp-content\/uploads\/2015\/12\/card_reiki.jpg","width":296,"height":532,"caption":"eyal cohen"},"logo":{"@id":"https:\/\/eyalcohen.com\/wp-content\/uploads\/2015\/12\/card_reiki.jpg"},"sameAs":["http:\/\/eyalcohen.com","https:\/\/www.facebook.com\/groups\/528354840531271","https:\/\/www.instagram.com\/eyalchn61\/"]}]}},"_links":{"self":[{"href":"https:\/\/eyalcohen.com\/it\/wp-json\/wp\/v2\/pages\/4957","targetHints":{"allow":["GET"]}}],"collection":[{"href":"https:\/\/eyalcohen.com\/it\/wp-json\/wp\/v2\/pages"}],"about":[{"href":"https:\/\/eyalcohen.com\/it\/wp-json\/wp\/v2\/types\/page"}],"author":[{"embeddable":true,"href":"https:\/\/eyalcohen.com\/it\/wp-json\/wp\/v2\/users\/2"}],"replies":[{"embeddable":true,"href":"https:\/\/eyalcohen.com\/it\/wp-json\/wp\/v2\/comments?post=4957"}],"version-history":[{"count":1,"href":"https:\/\/eyalcohen.com\/it\/wp-json\/wp\/v2\/pages\/4957\/revisions"}],"predecessor-version":[{"id":4958,"href":"https:\/\/eyalcohen.com\/it\/wp-json\/wp\/v2\/pages\/4957\/revisions\/4958"}],"wp:attachment":[{"href":"https:\/\/eyalcohen.com\/it\/wp-json\/wp\/v2\/media?parent=4957"}],"curies":[{"name":"wp","href":"https:\/\/api.w.org\/{rel}","templated":true}]}}