{"id":4955,"date":"2017-05-14T12:09:34","date_gmt":"2017-05-14T09:09:34","guid":{"rendered":"http:\/\/eyalcohen.com\/?page_id=4955"},"modified":"2017-07-07T19:07:03","modified_gmt":"2017-07-07T16:07:03","slug":"antidolorifici-perche-no","status":"publish","type":"page","link":"https:\/\/eyalcohen.com\/it\/antidolorifici-perche-no\/","title":{"rendered":"Antidolorifici \u2013 Perch\u00e9 no \u2026"},"content":{"rendered":"<p style=\"text-align: justify;\">Di: Eyal cohen<\/p>\n<p style=\"text-align: justify;\">Molti studi su farmaci antidolorifici hanno dimostrato un legame tra il loro uso e la salute dei danni, come problemi di udito, aborti, danni al fegato, danni renali, danni allo stomaco e persino la morte, ma a prescindere dei noti e considerati danni alla salute, c&#8217;\u00e8 un aspetto che il concetto convenzionale ignora, che spiega come l&#8217;uso di antidolorifici porta al dolore cronico, protesi articolari, tendini strappati e molti altri problemi acuti.<\/p>\n<p style=\"text-align: justify;\">Molto spesso, quando le persone soffrono di dolore, scelgono di prendere un antidolorifico come l&#8217;aspirina o il paracetamolo (Acamol etc.) al fine di funzionare normalmente, ma prima che si sta andando per le pillole, essere consapevoli del fatto che il dolore \u00e8 il sintomo e non la malattia che dobbiamo curare, e il trattamento dei sintomi pu\u00f2 avere qualche implicazioni indesiderate.<\/p>\n<p style=\"text-align: justify;\">Al fine di evitare danni alla salute, dobbiamo comprendere la natura del dolore. I colloqui del corpo a noi utilizzando le sensazioni &#8211; e, talvolta, la sua ci dice alcune cose molto importanti che abbiamo bisogno di essere a conoscenza, anche se non \u00e8 comodo &#8230;<\/p>\n<p style=\"text-align: justify;\">Il dolore \u00e8 una sensazione con una scala di livelli che ci informa, quanto sia urgente per il tessuto per riposare e recuperare, e ci avverte di ridurre la pressione dai tessuti dolorosi, al fine di prevenire il deterioramento e peggioramento del trauma.<br \/>\nIl dolore \u00e8 infatti un meccanismo di protezione, per impedire danni da tessuti che ha bisogno di un processo di guarigione.<\/p>\n<p style=\"text-align: justify;\">Quando si utilizzano antidolorifici per attutire il dolore, si impedisce la vostra coscienza di ottenere il messaggio che il tessuto sta tentando di inviare, in modo per voi di reagire riducendo la pressione. In questo modo si mantiene la pressione su questi tessuti che compromettere e erodere, con conseguente peggioramento mai usura. Quanto pi\u00f9 la situazione peggiora, gli antidolorifici pi\u00f9 forti sar\u00e0 necessario, fino a quando i tessuti ottiene erose ad un livello che gli antidolorifici non aiuter\u00e0 pi\u00f9, e si soffre di dolore straziante e mobilit\u00e0 limitata e la necessit\u00e0 di amputazione o passare attraverso protesi articolare in titanio o impianti alternativi.<\/p>\n<p style=\"text-align: justify;\">In pratica, una gran parte dell&#8217;enorme industria protesi articolari, deve la sua esistenza alla mancanza di comprensione delle implicazioni &#8211; e l&#8217;abuso di antidolorifici.<\/p>\n<p style=\"text-align: justify;\">Per superare il dolore attraverso mezzi naturali, in primo luogo, dobbiamo capire che \u00e8 essenza. Il dolore \u00e8 un risultato di un trauma che provoca interruzione del flusso sanguigno e mette l&#8217;intera area in difficolt\u00e0.<\/p>\n<p style=\"text-align: justify;\">Non resistere al dolore o cercare di abituarsi ad esso. Quando ci si sente il dolore, il resto \u00e8 la cura migliore per permettere al corpo di recuperare.<\/p>\n<p style=\"text-align: justify;\">Come terapeuta ho visto innumerevoli casi che persona normale definirebbe &#8220;Miracoli&#8221;, tra cui la guarigione di erosione della cartilagine, infiammazioni, dolori articolari e persino il cancro, in caso di qualsiasi tipo di dolore, mi raccomando con tutto il cuore per provare i trattamenti Reiki, prima di girare a soluzioni invasive e tossici offerti dalla medicina moderna.<\/p>\n<p style=\"text-align: justify;\">Proprio come antidolorifici, la terapia Reiki riduce in modo significativo il dolore, e nella maggior parte dei casi lo elimina, ma la grande differenza \u00e8 che il sollievo dal dolore nella terapia Reiki \u00e8 un risultato diretto del processo di guarigione del corpo.<\/p>\n<p style=\"text-align: justify;\">A differenza di antidolorifici che intorpidire il corpo, trattamenti Reiki sostengono e rafforza il corpo, e gli permette di riabilitare ad una velocit\u00e0 sorprendente, e in ogni caso, non possono danneggiare, e quindi dovrebbe avere la priorit\u00e0.<\/p>\n<p style=\"text-align: justify;\"><img fetchpriority=\"high\" decoding=\"async\" class=\"alignleft wp-image-7 size-medium\" src=\"http:\/\/eyalcohen.com\/it\/files\/2016\/07\/ENGLISH-BOOK-COVER-FRONT-207x300.jpg\" alt=\"ENGLISH BOOK COVER FRONT\" width=\"207\" height=\"300\" \/> <img decoding=\"async\" class=\"alignleft wp-image-6 size-medium\" src=\"http:\/\/eyalcohen.com\/it\/files\/2016\/07\/book2-207x300.jpg\" alt=\"book2\" width=\"207\" height=\"300\" \/><\/p>\n<p>http:\/\/eyalcohen.com\/en\/pain-killers\/<\/p>\n","protected":false},"excerpt":{"rendered":"<p>Di: Eyal cohen Molti studi su farmaci antidolorifici hanno dimostrato un legame tra il loro uso e la salute dei danni, come problemi di udito, aborti, danni al fegato, danni renali, danni allo stomaco e persino la morte, ma a prescindere dei noti e considerati danni alla salute, c&#8217;\u00e8 un aspetto che il concetto convenzionale [&hellip;]<\/p>\n","protected":false},"author":2,"featured_media":0,"parent":0,"menu_order":0,"comment_status":"open","ping_status":"open","template":"","meta":{"_monsterinsights_skip_tracking":false,"_monsterinsights_sitenote_active":false,"_monsterinsights_sitenote_note":"","_monsterinsights_sitenote_category":0,"footnotes":""},"class_list":["post-4955","page","type-page","status-publish","hentry"],"yoast_head":"<!-- This site is optimized with the Yoast SEO plugin v27.3 - https:\/\/yoast.com\/product\/yoast-seo-wordpress\/ -->\n<title>Antidolorifici \u2013 Perch\u00e9 no \u2026 - \u05d4\u05e2\u05d9\u05d3\u05df \u05d4\u05d7\u05d3\u05e9 \u05e9\u05dc \u05d0\u05d9\u05dc \u05db\u05d4\u05df<\/title>\n<meta name=\"robots\" content=\"index, follow, max-snippet:-1, max-image-preview:large, max-video-preview:-1\" \/>\n<link rel=\"canonical\" href=\"https:\/\/eyalcohen.com\/it\/antidolorifici-perche-no\/\" \/>\n<meta property=\"og:locale\" content=\"it_IT\" \/>\n<meta property=\"og:type\" content=\"article\" \/>\n<meta property=\"og:title\" content=\"Antidolorifici \u2013 Perch\u00e9 no \u2026 - \u05d4\u05e2\u05d9\u05d3\u05df \u05d4\u05d7\u05d3\u05e9 \u05e9\u05dc \u05d0\u05d9\u05dc \u05db\u05d4\u05df\" \/>\n<meta property=\"og:description\" content=\"Di: Eyal cohen Molti studi su farmaci antidolorifici hanno dimostrato un legame tra il loro uso e la salute dei danni, come problemi di udito, aborti, danni al fegato, danni renali, danni allo stomaco e persino la morte, ma a prescindere dei noti e considerati danni alla salute, c&#8217;\u00e8 un aspetto che il concetto convenzionale [&hellip;]\" \/>\n<meta property=\"og:url\" content=\"https:\/\/eyalcohen.com\/it\/antidolorifici-perche-no\/\" \/>\n<meta property=\"og:site_name\" content=\"\u05d4\u05e2\u05d9\u05d3\u05df \u05d4\u05d7\u05d3\u05e9 \u05e9\u05dc \u05d0\u05d9\u05dc \u05db\u05d4\u05df\" \/>\n<meta property=\"article:publisher\" content=\"https:\/\/www.facebook.com\/groups\/528354840531271\" \/>\n<meta property=\"article:modified_time\" content=\"2017-07-07T16:07:03+00:00\" \/>\n<meta property=\"og:image\" content=\"http:\/\/eyalcohen.com\/it\/files\/2016\/07\/ENGLISH-BOOK-COVER-FRONT-207x300.jpg\" \/>\n<meta name=\"twitter:card\" content=\"summary_large_image\" \/>\n<meta name=\"twitter:label1\" content=\"Tempo di lettura stimato\" \/>\n\t<meta name=\"twitter:data1\" content=\"3 minuti\" \/>\n<script type=\"application\/ld+json\" class=\"yoast-schema-graph\">{\"@context\":\"https:\\\/\\\/schema.org\",\"@graph\":[{\"@type\":\"WebPage\",\"@id\":\"https:\\\/\\\/eyalcohen.com\\\/it\\\/antidolorifici-perche-no\\\/\",\"url\":\"https:\\\/\\\/eyalcohen.com\\\/it\\\/antidolorifici-perche-no\\\/\",\"name\":\"Antidolorifici \u2013 Perch\u00e9 no \u2026 - \u05d4\u05e2\u05d9\u05d3\u05df \u05d4\u05d7\u05d3\u05e9 \u05e9\u05dc \u05d0\u05d9\u05dc \u05db\u05d4\u05df\",\"isPartOf\":{\"@id\":\"https:\\\/\\\/eyalcohen.com\\\/#website\"},\"primaryImageOfPage\":{\"@id\":\"https:\\\/\\\/eyalcohen.com\\\/it\\\/antidolorifici-perche-no\\\/#primaryimage\"},\"image\":{\"@id\":\"https:\\\/\\\/eyalcohen.com\\\/it\\\/antidolorifici-perche-no\\\/#primaryimage\"},\"thumbnailUrl\":\"http:\\\/\\\/eyalcohen.com\\\/it\\\/files\\\/2016\\\/07\\\/ENGLISH-BOOK-COVER-FRONT-207x300.jpg\",\"datePublished\":\"2017-05-14T09:09:34+00:00\",\"dateModified\":\"2017-07-07T16:07:03+00:00\",\"breadcrumb\":{\"@id\":\"https:\\\/\\\/eyalcohen.com\\\/it\\\/antidolorifici-perche-no\\\/#breadcrumb\"},\"inLanguage\":\"it-IT\",\"potentialAction\":[{\"@type\":\"ReadAction\",\"target\":[\"https:\\\/\\\/eyalcohen.com\\\/it\\\/antidolorifici-perche-no\\\/\"]}]},{\"@type\":\"ImageObject\",\"inLanguage\":\"it-IT\",\"@id\":\"https:\\\/\\\/eyalcohen.com\\\/it\\\/antidolorifici-perche-no\\\/#primaryimage\",\"url\":\"http:\\\/\\\/eyalcohen.com\\\/it\\\/files\\\/2016\\\/07\\\/ENGLISH-BOOK-COVER-FRONT-207x300.jpg\",\"contentUrl\":\"http:\\\/\\\/eyalcohen.com\\\/it\\\/files\\\/2016\\\/07\\\/ENGLISH-BOOK-COVER-FRONT-207x300.jpg\"},{\"@type\":\"BreadcrumbList\",\"@id\":\"https:\\\/\\\/eyalcohen.com\\\/it\\\/antidolorifici-perche-no\\\/#breadcrumb\",\"itemListElement\":[{\"@type\":\"ListItem\",\"position\":1,\"name\":\"\u05d3\u05e3 \u05d4\u05d1\u05d9\u05ea\",\"item\":\"https:\\\/\\\/eyalcohen.com\\\/it\\\/%d7%94%d7%a2%d7%99%d7%93%d7%9f-%d7%94%d7%97%d7%93%d7%a9-%d7%a9%d7%9c-%d7%90%d7%99%d7%9c-%d7%9b%d7%94%d7%9f\\\/\"},{\"@type\":\"ListItem\",\"position\":2,\"name\":\"Antidolorifici \u2013 Perch\u00e9 no \u2026\"}]},{\"@type\":\"WebSite\",\"@id\":\"https:\\\/\\\/eyalcohen.com\\\/#website\",\"url\":\"https:\\\/\\\/eyalcohen.com\\\/\",\"name\":\"\u05d4\u05e2\u05d9\u05d3\u05df \u05d4\u05d7\u05d3\u05e9 \u05e9\u05dc \u05d0\u05d9\u05dc \u05db\u05d4\u05df\",\"description\":\"\u05d1\u05e8\u05d9\u05d0\u05d5\u05ea \u05d8\u05d1\u05e2\u05d9\u05ea, \u05de\u05d5\u05d6\u05d9\u05e7\u05d4 \u05dc\u05d0\u05d9\u05e8\u05d5\u05e2\u05d9\u05dd \u05d5\u05de\u05d4 \u05e9\u05d1\u05d9\u05e0\u05d9\u05d4\u05dd\",\"publisher\":{\"@id\":\"https:\\\/\\\/eyalcohen.com\\\/#\\\/schema\\\/person\\\/2cf6581996d002a62e66ee8d3a64b863\"},\"potentialAction\":[{\"@type\":\"SearchAction\",\"target\":{\"@type\":\"EntryPoint\",\"urlTemplate\":\"https:\\\/\\\/eyalcohen.com\\\/?s={search_term_string}\"},\"query-input\":{\"@type\":\"PropertyValueSpecification\",\"valueRequired\":true,\"valueName\":\"search_term_string\"}}],\"inLanguage\":\"it-IT\"},{\"@type\":[\"Person\",\"Organization\"],\"@id\":\"https:\\\/\\\/eyalcohen.com\\\/#\\\/schema\\\/person\\\/2cf6581996d002a62e66ee8d3a64b863\",\"name\":\"eyal cohen\",\"image\":{\"@type\":\"ImageObject\",\"inLanguage\":\"it-IT\",\"@id\":\"https:\\\/\\\/eyalcohen.com\\\/wp-content\\\/uploads\\\/2015\\\/12\\\/card_reiki.jpg\",\"url\":\"https:\\\/\\\/eyalcohen.com\\\/wp-content\\\/uploads\\\/2015\\\/12\\\/card_reiki.jpg\",\"contentUrl\":\"https:\\\/\\\/eyalcohen.com\\\/wp-content\\\/uploads\\\/2015\\\/12\\\/card_reiki.jpg\",\"width\":296,\"height\":532,\"caption\":\"eyal cohen\"},\"logo\":{\"@id\":\"https:\\\/\\\/eyalcohen.com\\\/wp-content\\\/uploads\\\/2015\\\/12\\\/card_reiki.jpg\"},\"sameAs\":[\"http:\\\/\\\/eyalcohen.com\",\"https:\\\/\\\/www.facebook.com\\\/groups\\\/528354840531271\",\"https:\\\/\\\/www.instagram.com\\\/eyalchn61\\\/\"]}]}<\/script>\n<!-- \/ Yoast SEO plugin. -->","yoast_head_json":{"title":"Antidolorifici \u2013 Perch\u00e9 no \u2026 - \u05d4\u05e2\u05d9\u05d3\u05df \u05d4\u05d7\u05d3\u05e9 \u05e9\u05dc \u05d0\u05d9\u05dc \u05db\u05d4\u05df","robots":{"index":"index","follow":"follow","max-snippet":"max-snippet:-1","max-image-preview":"max-image-preview:large","max-video-preview":"max-video-preview:-1"},"canonical":"https:\/\/eyalcohen.com\/it\/antidolorifici-perche-no\/","og_locale":"it_IT","og_type":"article","og_title":"Antidolorifici \u2013 Perch\u00e9 no \u2026 - \u05d4\u05e2\u05d9\u05d3\u05df \u05d4\u05d7\u05d3\u05e9 \u05e9\u05dc \u05d0\u05d9\u05dc \u05db\u05d4\u05df","og_description":"Di: Eyal cohen Molti studi su farmaci antidolorifici hanno dimostrato un legame tra il loro uso e la salute dei danni, come problemi di udito, aborti, danni al fegato, danni renali, danni allo stomaco e persino la morte, ma a prescindere dei noti e considerati danni alla salute, c&#8217;\u00e8 un aspetto che il concetto convenzionale [&hellip;]","og_url":"https:\/\/eyalcohen.com\/it\/antidolorifici-perche-no\/","og_site_name":"\u05d4\u05e2\u05d9\u05d3\u05df \u05d4\u05d7\u05d3\u05e9 \u05e9\u05dc \u05d0\u05d9\u05dc \u05db\u05d4\u05df","article_publisher":"https:\/\/www.facebook.com\/groups\/528354840531271","article_modified_time":"2017-07-07T16:07:03+00:00","og_image":[{"url":"http:\/\/eyalcohen.com\/it\/files\/2016\/07\/ENGLISH-BOOK-COVER-FRONT-207x300.jpg","type":"","width":"","height":""}],"twitter_card":"summary_large_image","twitter_misc":{"Tempo di lettura stimato":"3 minuti"},"schema":{"@context":"https:\/\/schema.org","@graph":[{"@type":"WebPage","@id":"https:\/\/eyalcohen.com\/it\/antidolorifici-perche-no\/","url":"https:\/\/eyalcohen.com\/it\/antidolorifici-perche-no\/","name":"Antidolorifici \u2013 Perch\u00e9 no \u2026 - \u05d4\u05e2\u05d9\u05d3\u05df \u05d4\u05d7\u05d3\u05e9 \u05e9\u05dc \u05d0\u05d9\u05dc \u05db\u05d4\u05df","isPartOf":{"@id":"https:\/\/eyalcohen.com\/#website"},"primaryImageOfPage":{"@id":"https:\/\/eyalcohen.com\/it\/antidolorifici-perche-no\/#primaryimage"},"image":{"@id":"https:\/\/eyalcohen.com\/it\/antidolorifici-perche-no\/#primaryimage"},"thumbnailUrl":"http:\/\/eyalcohen.com\/it\/files\/2016\/07\/ENGLISH-BOOK-COVER-FRONT-207x300.jpg","datePublished":"2017-05-14T09:09:34+00:00","dateModified":"2017-07-07T16:07:03+00:00","breadcrumb":{"@id":"https:\/\/eyalcohen.com\/it\/antidolorifici-perche-no\/#breadcrumb"},"inLanguage":"it-IT","potentialAction":[{"@type":"ReadAction","target":["https:\/\/eyalcohen.com\/it\/antidolorifici-perche-no\/"]}]},{"@type":"ImageObject","inLanguage":"it-IT","@id":"https:\/\/eyalcohen.com\/it\/antidolorifici-perche-no\/#primaryimage","url":"http:\/\/eyalcohen.com\/it\/files\/2016\/07\/ENGLISH-BOOK-COVER-FRONT-207x300.jpg","contentUrl":"http:\/\/eyalcohen.com\/it\/files\/2016\/07\/ENGLISH-BOOK-COVER-FRONT-207x300.jpg"},{"@type":"BreadcrumbList","@id":"https:\/\/eyalcohen.com\/it\/antidolorifici-perche-no\/#breadcrumb","itemListElement":[{"@type":"ListItem","position":1,"name":"\u05d3\u05e3 \u05d4\u05d1\u05d9\u05ea","item":"https:\/\/eyalcohen.com\/it\/%d7%94%d7%a2%d7%99%d7%93%d7%9f-%d7%94%d7%97%d7%93%d7%a9-%d7%a9%d7%9c-%d7%90%d7%99%d7%9c-%d7%9b%d7%94%d7%9f\/"},{"@type":"ListItem","position":2,"name":"Antidolorifici \u2013 Perch\u00e9 no \u2026"}]},{"@type":"WebSite","@id":"https:\/\/eyalcohen.com\/#website","url":"https:\/\/eyalcohen.com\/","name":"\u05d4\u05e2\u05d9\u05d3\u05df \u05d4\u05d7\u05d3\u05e9 \u05e9\u05dc \u05d0\u05d9\u05dc \u05db\u05d4\u05df","description":"\u05d1\u05e8\u05d9\u05d0\u05d5\u05ea \u05d8\u05d1\u05e2\u05d9\u05ea, \u05de\u05d5\u05d6\u05d9\u05e7\u05d4 \u05dc\u05d0\u05d9\u05e8\u05d5\u05e2\u05d9\u05dd \u05d5\u05de\u05d4 \u05e9\u05d1\u05d9\u05e0\u05d9\u05d4\u05dd","publisher":{"@id":"https:\/\/eyalcohen.com\/#\/schema\/person\/2cf6581996d002a62e66ee8d3a64b863"},"potentialAction":[{"@type":"SearchAction","target":{"@type":"EntryPoint","urlTemplate":"https:\/\/eyalcohen.com\/?s={search_term_string}"},"query-input":{"@type":"PropertyValueSpecification","valueRequired":true,"valueName":"search_term_string"}}],"inLanguage":"it-IT"},{"@type":["Person","Organization"],"@id":"https:\/\/eyalcohen.com\/#\/schema\/person\/2cf6581996d002a62e66ee8d3a64b863","name":"eyal cohen","image":{"@type":"ImageObject","inLanguage":"it-IT","@id":"https:\/\/eyalcohen.com\/wp-content\/uploads\/2015\/12\/card_reiki.jpg","url":"https:\/\/eyalcohen.com\/wp-content\/uploads\/2015\/12\/card_reiki.jpg","contentUrl":"https:\/\/eyalcohen.com\/wp-content\/uploads\/2015\/12\/card_reiki.jpg","width":296,"height":532,"caption":"eyal cohen"},"logo":{"@id":"https:\/\/eyalcohen.com\/wp-content\/uploads\/2015\/12\/card_reiki.jpg"},"sameAs":["http:\/\/eyalcohen.com","https:\/\/www.facebook.com\/groups\/528354840531271","https:\/\/www.instagram.com\/eyalchn61\/"]}]}},"_links":{"self":[{"href":"https:\/\/eyalcohen.com\/it\/wp-json\/wp\/v2\/pages\/4955","targetHints":{"allow":["GET"]}}],"collection":[{"href":"https:\/\/eyalcohen.com\/it\/wp-json\/wp\/v2\/pages"}],"about":[{"href":"https:\/\/eyalcohen.com\/it\/wp-json\/wp\/v2\/types\/page"}],"author":[{"embeddable":true,"href":"https:\/\/eyalcohen.com\/it\/wp-json\/wp\/v2\/users\/2"}],"replies":[{"embeddable":true,"href":"https:\/\/eyalcohen.com\/it\/wp-json\/wp\/v2\/comments?post=4955"}],"version-history":[{"count":1,"href":"https:\/\/eyalcohen.com\/it\/wp-json\/wp\/v2\/pages\/4955\/revisions"}],"predecessor-version":[{"id":4956,"href":"https:\/\/eyalcohen.com\/it\/wp-json\/wp\/v2\/pages\/4955\/revisions\/4956"}],"wp:attachment":[{"href":"https:\/\/eyalcohen.com\/it\/wp-json\/wp\/v2\/media?parent=4955"}],"curies":[{"name":"wp","href":"https:\/\/api.w.org\/{rel}","templated":true}]}}