{"id":4953,"date":"2017-05-14T12:08:18","date_gmt":"2017-05-14T09:08:18","guid":{"rendered":"http:\/\/eyalcohen.com\/?page_id=4953"},"modified":"2017-07-07T19:06:53","modified_gmt":"2017-07-07T16:06:53","slug":"lartrite-reumatoide-cura-naturale","status":"publish","type":"page","link":"https:\/\/eyalcohen.com\/it\/lartrite-reumatoide-cura-naturale\/","title":{"rendered":"L\u2019artrite reumatoide cura naturale"},"content":{"rendered":"<p style=\"text-align: justify;\">Questa parte del sito \u00e8 stato tradotto da Google Translate. Posso aiutarmi a fare correzioni, si prega di contattare<\/p>\n<p style=\"text-align: justify;\">Di: Eyal Cohen<\/p>\n<p style=\"text-align: justify;\">La verit\u00e0 su artrite reumatoide<\/p>\n<p style=\"text-align: justify;\">Prima di affrontare questo problema, vorrei impostare le cose in chiaro, al fine di evitare malintesi.<\/p>\n<p style=\"direction: ltr;\">In molti casi, quando le persone soffrono di articolazioni o dolori muscolari, il medico si riferisce ad esso come l&#8217;infiammazione.<\/p>\n<p style=\"direction: ltr;\">Tuttavia, vi sono molti tipi di dolori alle articolazioni, causando di edema, erosione della cartilagine, insufficienza di sangue in alcuni tessuti che si traduce in un trauma, come nei casi di &#8220;spalla congelata&#8221; o &#8220;tennis gomito&#8221;. Infatti, il flusso di sangue insufficiente solito si verifica perch\u00e9 i muscoli lavora duro senza adeguato riscaldamento graduale &#8211; oa causa di movimenti ripetuti &#8211; o anche stare per lungo tempo nella stessa posizione, che provoca traumi a determinati tessuti.<\/p>\n<p style=\"text-align: justify;\">La differenza \u00e8 che in questi casi non ci sono batteri coinvolti, e quindi, non sar\u00e0 possibile visualizzare il gonfiore e colore rosso \/ viola che si vede in infiammazione, e in questi casi, gli antibiotici non sar\u00e0 di aiuto, ma solo causare danni.<\/p>\n<p style=\"text-align: justify;\">Quando si tratta di artrite, \u00e8 un&#8217;infezione che ha evidenti segni di rigonfiamento, di colore violaceo, secrezione purulenta e dolori lancinanti.<\/p>\n<p style=\"text-align: justify;\">Ci sono 20.000 decessi segnalati ogni anno in America da solo, da effetti collaterali del farmaco per il trattamento dell&#8217;artrite reumatoide, e i malati hanno bisogno di vivere sul farmaco permanente e peggioramento soffrire, il dolore e la disabilit\u00e0 per il resto della loro vita.<\/p>\n<p style=\"text-align: justify;\">Ora, scoprire la verit\u00e0 scioccante, che tutto questo dolore, soffre e la morte potrebbe essere evitato se la gente sapesse che la causa di artrite reumatoide \u00e8 l&#8217;uso frequente di acqua calda.<\/p>\n<p style=\"text-align: justify;\">L&#8217;acqua \u00e8 il pi\u00f9 grande accumulatore di calore in natura, e cos\u00ec, abbiamo bisogno di dare il rispetto apropriate.<\/p>\n<p style=\"text-align: justify;\">Usiamo l&#8217;acqua calda per vari scopi e in molti modi, come sotto la doccia, il bagno, lavare i piatti, lavarsi le mani, lavare i pavimenti, ecc Ogni volta che il nostro corpo entra in contatto con l&#8217;acqua calda, assorbe una quantit\u00e0 enorme di energia termica , che fa s\u00ec che i vasi sanguigni microscopici per scoppiare. \u00c8 possibile vedere quelle emorragie nel colore della tua pelle che diventa rosso dopo una doccia calda.<\/p>\n<p style=\"text-align: justify;\">Il danno ai vasi sanguigni pu\u00f2 sembrare insignificante becauses le emorragie interne sono in scala microscopica, ma su una base quotidiana incessante, come tessuti pi\u00f9 profondi e deepr sono colpiti e il loro sistema di sangue impired, il danno si accumula. Il flusso di sangue interrotto evitare che il meccanismo immunologico di raggiungere i tessuti colpiti, e permette ai batteri di riprodursi in modo incontrollato, secernono acidi che consumano i tessuti e causare infiammazione delle articolazioni (reumatismi).<\/p>\n<p style=\"text-align: justify;\">La ragione per cui l&#8217;artrite reumatoide influenzano mosetly articolazioni, \u00e8 che a differenza muscoli o tessuti grassi, giunti contiene tessuti dalicate come la cartilagine e altri, che sono pi\u00f9 sensibili alla energia termica.<\/p>\n<p style=\"text-align: justify;\">Come stiamo invecchiando, la malattia si sviluppa pi\u00f9 velocemente, perch\u00e9 la nostra capacit\u00e0 di riabilitare diminuisce, e il danno che l&#8217;acqua calda provoca i vasi sanguigni, diventa pi\u00f9 estremo.<\/p>\n<p style=\"text-align: justify;\">Palme e articolazioni delle dita di solito soffrono di pi\u00f9, e molte persone anziane soffrono di una deformazione delle mani, poich\u00e9 i tessuti delle mani \u00e8 stata cotta in acqua calda. In casi estremi l&#8217;infiammazione pu\u00f2 causare la necrosi, che richiede l&#8217;amputazione.<\/p>\n<p style=\"text-align: justify;\">Se si soffre di infiammazione delle articolazioni, basta consentire al corpo di recuperare, e guardare il miracolo come accade, in modo pi\u00f9 economico, pi\u00f9 efficiente e pi\u00f9 amichevole. Iniziare evitando utilizzando acqua calda, per quanto possibile, e noterete subito la differenza.<\/p>\n<p style=\"text-align: justify;\">Se avete bisogno di prendere un bagno caldo;<\/p>\n<p style=\"direction: ltr;\">abbreviare il tempo nel bagno il pi\u00f9 possibile.<\/p>\n<p style=\"direction: ltr;\">Ricordate, se si fa la doccia per cinque minuti o un quarto d&#8217;ora, si uscir\u00e0 altrettanto pulito, ma meno si far bollire voi stessi, pi\u00f9 il tuo corpo sar\u00e0 in grado di recuperare, e si far\u00e0 anche risparmiare acqua ed energia.<\/p>\n<p style=\"direction: ltr;\">Evitare di raggiungere la temperatura di soglia del dolore e tenta di utilizzare la temperatura pi\u00f9 bassa possibile che si pu\u00f2, mentre sentirsi a proprio agio.<\/p>\n<p style=\"direction: ltr;\">La medicina convenzionale definisce L&#8217;artrite reumatoide come &#8220;cronica&#8221; o la malattia &#8220;autoimmune&#8221;, e non ha alcun modo di curare questi disturbi. I vari farmaci per alleviare il dolore indicibile che accompagna la malattia, di solito aiutano solo nel breve termine, ma mentre il farmaco si spegne il meccanismo del dolore, la malattia continua a penetrare in strati di tessuto sempre pi\u00f9 profondi, e saranno scoppiare in futuro su molto maggiore scala.<\/p>\n<p style=\"text-align: justify;\">Non esiste una soluzione medica, e se non si vuole far parte delle statistiche e evitare di diventare un&#8217;altra vittima della malattia e del sistema, \u00e8 necessario modificare le abitudini e lo stile di vita, al fine di consentire il corpo di guarire. Dobbiamo assumerci la responsabilit\u00e0 di noi stessi e di adottare un approccio diverso per le cause della malattia, al fine di evitare la sofferenza.<\/p>\n<p style=\"direction: ltr;\">Se si vuole una vera soluzione al dolore e le disfunzioni, e ottenere una riabilitazione veloce e pulito, trovare un medico Reiki e ottenere alcuni trattamenti.<\/p>\n<p style=\"direction: ltr;\">Sarete stupiti dal risultato, e lo scrivo da un sacco di esperienza personale nel curare questi sintomi con veramente sorprendente successo.<\/p>\n<hr style=\"direction: ltr;\" \/>\n<p style=\"direction: ltr;\">Uno dei pi\u00f9 sorprendente filmato che mostra in colori esattamente ci\u00f2 di cui sto parlando nel libro &#8220;Le cose non si sente dal proprio medico&#8221;<\/p>\n<p style=\"direction: ltr;\">Focus sul quaranticinquesimo secondo e sul<\/p>\n<p style=\"direction: ltr;\"><iframe src=\"https:\/\/www.youtube.com\/embed\/0KRXaZh_Yy4\" width=\"420\" height=\"315\" frameborder=\"0\" allowfullscreen=\"allowfullscreen\"><\/iframe><\/p>\n<p style=\"direction: ltr;\">Se non avete letto ancora &#8211; non perdere tempo. leggerlo ora &#8211; \u00e8 essenziale !!!<\/p>\n<p><img fetchpriority=\"high\" decoding=\"async\" class=\"alignleft wp-image-7 size-medium\" style=\"direction: ltr;\" src=\"http:\/\/eyalcohen.com\/it\/files\/2016\/07\/ENGLISH-BOOK-COVER-FRONT-207x300.jpg\" alt=\"ENGLISH BOOK COVER FRONT\" width=\"207\" height=\"300\" \/><\/p>\n<p style=\"direction: ltr;\"><img decoding=\"async\" class=\"wp-image-6 size-medium alignnone\" src=\"http:\/\/eyalcohen.com\/it\/files\/2016\/07\/book2-207x300.jpg\" alt=\"book2\" width=\"207\" height=\"300\" \/><\/p>\n<p>http:\/\/eyalcohen.com\/en\/r-a-rheumatoid-arthritis\/<\/p>\n","protected":false},"excerpt":{"rendered":"<p>Questa parte del sito \u00e8 stato tradotto da Google Translate. Posso aiutarmi a fare correzioni, si prega di contattare Di: Eyal Cohen La verit\u00e0 su artrite reumatoide Prima di affrontare questo problema, vorrei impostare le cose in chiaro, al fine di evitare malintesi. In molti casi, quando le persone soffrono di articolazioni o dolori muscolari, [&hellip;]<\/p>\n","protected":false},"author":2,"featured_media":0,"parent":0,"menu_order":0,"comment_status":"open","ping_status":"open","template":"","meta":{"_monsterinsights_skip_tracking":false,"_monsterinsights_sitenote_active":false,"_monsterinsights_sitenote_note":"","_monsterinsights_sitenote_category":0,"footnotes":""},"class_list":["post-4953","page","type-page","status-publish","hentry"],"yoast_head":"<!-- This site is optimized with the Yoast SEO plugin v27.4 - https:\/\/yoast.com\/product\/yoast-seo-wordpress\/ -->\n<title>L\u2019artrite reumatoide cura naturale - \u05d4\u05e2\u05d9\u05d3\u05df \u05d4\u05d7\u05d3\u05e9 \u05e9\u05dc \u05d0\u05d9\u05dc \u05db\u05d4\u05df<\/title>\n<meta name=\"robots\" content=\"index, follow, max-snippet:-1, max-image-preview:large, max-video-preview:-1\" \/>\n<link rel=\"canonical\" href=\"https:\/\/eyalcohen.com\/it\/lartrite-reumatoide-cura-naturale\/\" \/>\n<meta property=\"og:locale\" content=\"it_IT\" \/>\n<meta property=\"og:type\" content=\"article\" \/>\n<meta property=\"og:title\" content=\"L\u2019artrite reumatoide cura naturale - \u05d4\u05e2\u05d9\u05d3\u05df \u05d4\u05d7\u05d3\u05e9 \u05e9\u05dc \u05d0\u05d9\u05dc \u05db\u05d4\u05df\" \/>\n<meta property=\"og:description\" content=\"Questa parte del sito \u00e8 stato tradotto da Google Translate. Posso aiutarmi a fare correzioni, si prega di contattare Di: Eyal Cohen La verit\u00e0 su artrite reumatoide Prima di affrontare questo problema, vorrei impostare le cose in chiaro, al fine di evitare malintesi. In molti casi, quando le persone soffrono di articolazioni o dolori muscolari, [&hellip;]\" \/>\n<meta property=\"og:url\" content=\"https:\/\/eyalcohen.com\/it\/lartrite-reumatoide-cura-naturale\/\" \/>\n<meta property=\"og:site_name\" content=\"\u05d4\u05e2\u05d9\u05d3\u05df \u05d4\u05d7\u05d3\u05e9 \u05e9\u05dc \u05d0\u05d9\u05dc \u05db\u05d4\u05df\" \/>\n<meta property=\"article:publisher\" content=\"https:\/\/www.facebook.com\/groups\/528354840531271\" \/>\n<meta property=\"article:modified_time\" content=\"2017-07-07T16:06:53+00:00\" \/>\n<meta property=\"og:image\" content=\"http:\/\/eyalcohen.com\/it\/files\/2016\/07\/ENGLISH-BOOK-COVER-FRONT-207x300.jpg\" \/>\n<meta name=\"twitter:card\" content=\"summary_large_image\" \/>\n<meta name=\"twitter:label1\" content=\"Tempo di lettura stimato\" \/>\n\t<meta name=\"twitter:data1\" content=\"5 minuti\" \/>\n<script type=\"application\/ld+json\" class=\"yoast-schema-graph\">{\"@context\":\"https:\\\/\\\/schema.org\",\"@graph\":[{\"@type\":\"WebPage\",\"@id\":\"https:\\\/\\\/eyalcohen.com\\\/it\\\/lartrite-reumatoide-cura-naturale\\\/\",\"url\":\"https:\\\/\\\/eyalcohen.com\\\/it\\\/lartrite-reumatoide-cura-naturale\\\/\",\"name\":\"L\u2019artrite reumatoide cura naturale - \u05d4\u05e2\u05d9\u05d3\u05df \u05d4\u05d7\u05d3\u05e9 \u05e9\u05dc \u05d0\u05d9\u05dc \u05db\u05d4\u05df\",\"isPartOf\":{\"@id\":\"https:\\\/\\\/eyalcohen.com\\\/#website\"},\"primaryImageOfPage\":{\"@id\":\"https:\\\/\\\/eyalcohen.com\\\/it\\\/lartrite-reumatoide-cura-naturale\\\/#primaryimage\"},\"image\":{\"@id\":\"https:\\\/\\\/eyalcohen.com\\\/it\\\/lartrite-reumatoide-cura-naturale\\\/#primaryimage\"},\"thumbnailUrl\":\"http:\\\/\\\/eyalcohen.com\\\/it\\\/files\\\/2016\\\/07\\\/ENGLISH-BOOK-COVER-FRONT-207x300.jpg\",\"datePublished\":\"2017-05-14T09:08:18+00:00\",\"dateModified\":\"2017-07-07T16:06:53+00:00\",\"breadcrumb\":{\"@id\":\"https:\\\/\\\/eyalcohen.com\\\/it\\\/lartrite-reumatoide-cura-naturale\\\/#breadcrumb\"},\"inLanguage\":\"it-IT\",\"potentialAction\":[{\"@type\":\"ReadAction\",\"target\":[\"https:\\\/\\\/eyalcohen.com\\\/it\\\/lartrite-reumatoide-cura-naturale\\\/\"]}]},{\"@type\":\"ImageObject\",\"inLanguage\":\"it-IT\",\"@id\":\"https:\\\/\\\/eyalcohen.com\\\/it\\\/lartrite-reumatoide-cura-naturale\\\/#primaryimage\",\"url\":\"http:\\\/\\\/eyalcohen.com\\\/it\\\/files\\\/2016\\\/07\\\/ENGLISH-BOOK-COVER-FRONT-207x300.jpg\",\"contentUrl\":\"http:\\\/\\\/eyalcohen.com\\\/it\\\/files\\\/2016\\\/07\\\/ENGLISH-BOOK-COVER-FRONT-207x300.jpg\"},{\"@type\":\"BreadcrumbList\",\"@id\":\"https:\\\/\\\/eyalcohen.com\\\/it\\\/lartrite-reumatoide-cura-naturale\\\/#breadcrumb\",\"itemListElement\":[{\"@type\":\"ListItem\",\"position\":1,\"name\":\"\u05d3\u05e3 \u05d4\u05d1\u05d9\u05ea\",\"item\":\"https:\\\/\\\/eyalcohen.com\\\/it\\\/%d7%94%d7%a2%d7%99%d7%93%d7%9f-%d7%94%d7%97%d7%93%d7%a9-%d7%a9%d7%9c-%d7%90%d7%99%d7%9c-%d7%9b%d7%94%d7%9f\\\/\"},{\"@type\":\"ListItem\",\"position\":2,\"name\":\"L\u2019artrite reumatoide cura naturale\"}]},{\"@type\":\"WebSite\",\"@id\":\"https:\\\/\\\/eyalcohen.com\\\/#website\",\"url\":\"https:\\\/\\\/eyalcohen.com\\\/\",\"name\":\"\u05d4\u05e2\u05d9\u05d3\u05df \u05d4\u05d7\u05d3\u05e9 \u05e9\u05dc \u05d0\u05d9\u05dc \u05db\u05d4\u05df\",\"description\":\"\u05d1\u05e8\u05d9\u05d0\u05d5\u05ea \u05d8\u05d1\u05e2\u05d9\u05ea, \u05de\u05d5\u05d6\u05d9\u05e7\u05d4 \u05dc\u05d0\u05d9\u05e8\u05d5\u05e2\u05d9\u05dd \u05d5\u05de\u05d4 \u05e9\u05d1\u05d9\u05e0\u05d9\u05d4\u05dd\",\"publisher\":{\"@id\":\"https:\\\/\\\/eyalcohen.com\\\/#\\\/schema\\\/person\\\/2cf6581996d002a62e66ee8d3a64b863\"},\"potentialAction\":[{\"@type\":\"SearchAction\",\"target\":{\"@type\":\"EntryPoint\",\"urlTemplate\":\"https:\\\/\\\/eyalcohen.com\\\/?s={search_term_string}\"},\"query-input\":{\"@type\":\"PropertyValueSpecification\",\"valueRequired\":true,\"valueName\":\"search_term_string\"}}],\"inLanguage\":\"it-IT\"},{\"@type\":[\"Person\",\"Organization\"],\"@id\":\"https:\\\/\\\/eyalcohen.com\\\/#\\\/schema\\\/person\\\/2cf6581996d002a62e66ee8d3a64b863\",\"name\":\"eyal cohen\",\"image\":{\"@type\":\"ImageObject\",\"inLanguage\":\"it-IT\",\"@id\":\"https:\\\/\\\/eyalcohen.com\\\/wp-content\\\/uploads\\\/2015\\\/12\\\/card_reiki.jpg\",\"url\":\"https:\\\/\\\/eyalcohen.com\\\/wp-content\\\/uploads\\\/2015\\\/12\\\/card_reiki.jpg\",\"contentUrl\":\"https:\\\/\\\/eyalcohen.com\\\/wp-content\\\/uploads\\\/2015\\\/12\\\/card_reiki.jpg\",\"width\":296,\"height\":532,\"caption\":\"eyal cohen\"},\"logo\":{\"@id\":\"https:\\\/\\\/eyalcohen.com\\\/wp-content\\\/uploads\\\/2015\\\/12\\\/card_reiki.jpg\"},\"sameAs\":[\"http:\\\/\\\/eyalcohen.com\",\"https:\\\/\\\/www.facebook.com\\\/groups\\\/528354840531271\",\"https:\\\/\\\/www.instagram.com\\\/eyalchn61\\\/\"]}]}<\/script>\n<!-- \/ Yoast SEO plugin. -->","yoast_head_json":{"title":"L\u2019artrite reumatoide cura naturale - \u05d4\u05e2\u05d9\u05d3\u05df \u05d4\u05d7\u05d3\u05e9 \u05e9\u05dc \u05d0\u05d9\u05dc \u05db\u05d4\u05df","robots":{"index":"index","follow":"follow","max-snippet":"max-snippet:-1","max-image-preview":"max-image-preview:large","max-video-preview":"max-video-preview:-1"},"canonical":"https:\/\/eyalcohen.com\/it\/lartrite-reumatoide-cura-naturale\/","og_locale":"it_IT","og_type":"article","og_title":"L\u2019artrite reumatoide cura naturale - \u05d4\u05e2\u05d9\u05d3\u05df \u05d4\u05d7\u05d3\u05e9 \u05e9\u05dc \u05d0\u05d9\u05dc \u05db\u05d4\u05df","og_description":"Questa parte del sito \u00e8 stato tradotto da Google Translate. Posso aiutarmi a fare correzioni, si prega di contattare Di: Eyal Cohen La verit\u00e0 su artrite reumatoide Prima di affrontare questo problema, vorrei impostare le cose in chiaro, al fine di evitare malintesi. In molti casi, quando le persone soffrono di articolazioni o dolori muscolari, [&hellip;]","og_url":"https:\/\/eyalcohen.com\/it\/lartrite-reumatoide-cura-naturale\/","og_site_name":"\u05d4\u05e2\u05d9\u05d3\u05df \u05d4\u05d7\u05d3\u05e9 \u05e9\u05dc \u05d0\u05d9\u05dc \u05db\u05d4\u05df","article_publisher":"https:\/\/www.facebook.com\/groups\/528354840531271","article_modified_time":"2017-07-07T16:06:53+00:00","og_image":[{"url":"http:\/\/eyalcohen.com\/it\/files\/2016\/07\/ENGLISH-BOOK-COVER-FRONT-207x300.jpg","type":"","width":"","height":""}],"twitter_card":"summary_large_image","twitter_misc":{"Tempo di lettura stimato":"5 minuti"},"schema":{"@context":"https:\/\/schema.org","@graph":[{"@type":"WebPage","@id":"https:\/\/eyalcohen.com\/it\/lartrite-reumatoide-cura-naturale\/","url":"https:\/\/eyalcohen.com\/it\/lartrite-reumatoide-cura-naturale\/","name":"L\u2019artrite reumatoide cura naturale - \u05d4\u05e2\u05d9\u05d3\u05df \u05d4\u05d7\u05d3\u05e9 \u05e9\u05dc \u05d0\u05d9\u05dc \u05db\u05d4\u05df","isPartOf":{"@id":"https:\/\/eyalcohen.com\/#website"},"primaryImageOfPage":{"@id":"https:\/\/eyalcohen.com\/it\/lartrite-reumatoide-cura-naturale\/#primaryimage"},"image":{"@id":"https:\/\/eyalcohen.com\/it\/lartrite-reumatoide-cura-naturale\/#primaryimage"},"thumbnailUrl":"http:\/\/eyalcohen.com\/it\/files\/2016\/07\/ENGLISH-BOOK-COVER-FRONT-207x300.jpg","datePublished":"2017-05-14T09:08:18+00:00","dateModified":"2017-07-07T16:06:53+00:00","breadcrumb":{"@id":"https:\/\/eyalcohen.com\/it\/lartrite-reumatoide-cura-naturale\/#breadcrumb"},"inLanguage":"it-IT","potentialAction":[{"@type":"ReadAction","target":["https:\/\/eyalcohen.com\/it\/lartrite-reumatoide-cura-naturale\/"]}]},{"@type":"ImageObject","inLanguage":"it-IT","@id":"https:\/\/eyalcohen.com\/it\/lartrite-reumatoide-cura-naturale\/#primaryimage","url":"http:\/\/eyalcohen.com\/it\/files\/2016\/07\/ENGLISH-BOOK-COVER-FRONT-207x300.jpg","contentUrl":"http:\/\/eyalcohen.com\/it\/files\/2016\/07\/ENGLISH-BOOK-COVER-FRONT-207x300.jpg"},{"@type":"BreadcrumbList","@id":"https:\/\/eyalcohen.com\/it\/lartrite-reumatoide-cura-naturale\/#breadcrumb","itemListElement":[{"@type":"ListItem","position":1,"name":"\u05d3\u05e3 \u05d4\u05d1\u05d9\u05ea","item":"https:\/\/eyalcohen.com\/it\/%d7%94%d7%a2%d7%99%d7%93%d7%9f-%d7%94%d7%97%d7%93%d7%a9-%d7%a9%d7%9c-%d7%90%d7%99%d7%9c-%d7%9b%d7%94%d7%9f\/"},{"@type":"ListItem","position":2,"name":"L\u2019artrite reumatoide cura naturale"}]},{"@type":"WebSite","@id":"https:\/\/eyalcohen.com\/#website","url":"https:\/\/eyalcohen.com\/","name":"\u05d4\u05e2\u05d9\u05d3\u05df \u05d4\u05d7\u05d3\u05e9 \u05e9\u05dc \u05d0\u05d9\u05dc \u05db\u05d4\u05df","description":"\u05d1\u05e8\u05d9\u05d0\u05d5\u05ea \u05d8\u05d1\u05e2\u05d9\u05ea, \u05de\u05d5\u05d6\u05d9\u05e7\u05d4 \u05dc\u05d0\u05d9\u05e8\u05d5\u05e2\u05d9\u05dd \u05d5\u05de\u05d4 \u05e9\u05d1\u05d9\u05e0\u05d9\u05d4\u05dd","publisher":{"@id":"https:\/\/eyalcohen.com\/#\/schema\/person\/2cf6581996d002a62e66ee8d3a64b863"},"potentialAction":[{"@type":"SearchAction","target":{"@type":"EntryPoint","urlTemplate":"https:\/\/eyalcohen.com\/?s={search_term_string}"},"query-input":{"@type":"PropertyValueSpecification","valueRequired":true,"valueName":"search_term_string"}}],"inLanguage":"it-IT"},{"@type":["Person","Organization"],"@id":"https:\/\/eyalcohen.com\/#\/schema\/person\/2cf6581996d002a62e66ee8d3a64b863","name":"eyal cohen","image":{"@type":"ImageObject","inLanguage":"it-IT","@id":"https:\/\/eyalcohen.com\/wp-content\/uploads\/2015\/12\/card_reiki.jpg","url":"https:\/\/eyalcohen.com\/wp-content\/uploads\/2015\/12\/card_reiki.jpg","contentUrl":"https:\/\/eyalcohen.com\/wp-content\/uploads\/2015\/12\/card_reiki.jpg","width":296,"height":532,"caption":"eyal cohen"},"logo":{"@id":"https:\/\/eyalcohen.com\/wp-content\/uploads\/2015\/12\/card_reiki.jpg"},"sameAs":["http:\/\/eyalcohen.com","https:\/\/www.facebook.com\/groups\/528354840531271","https:\/\/www.instagram.com\/eyalchn61\/"]}]}},"_links":{"self":[{"href":"https:\/\/eyalcohen.com\/it\/wp-json\/wp\/v2\/pages\/4953","targetHints":{"allow":["GET"]}}],"collection":[{"href":"https:\/\/eyalcohen.com\/it\/wp-json\/wp\/v2\/pages"}],"about":[{"href":"https:\/\/eyalcohen.com\/it\/wp-json\/wp\/v2\/types\/page"}],"author":[{"embeddable":true,"href":"https:\/\/eyalcohen.com\/it\/wp-json\/wp\/v2\/users\/2"}],"replies":[{"embeddable":true,"href":"https:\/\/eyalcohen.com\/it\/wp-json\/wp\/v2\/comments?post=4953"}],"version-history":[{"count":1,"href":"https:\/\/eyalcohen.com\/it\/wp-json\/wp\/v2\/pages\/4953\/revisions"}],"predecessor-version":[{"id":4954,"href":"https:\/\/eyalcohen.com\/it\/wp-json\/wp\/v2\/pages\/4953\/revisions\/4954"}],"wp:attachment":[{"href":"https:\/\/eyalcohen.com\/it\/wp-json\/wp\/v2\/media?parent=4953"}],"curies":[{"name":"wp","href":"https:\/\/api.w.org\/{rel}","templated":true}]}}