{"id":4951,"date":"2017-05-14T12:07:01","date_gmt":"2017-05-14T09:07:01","guid":{"rendered":"http:\/\/eyalcohen.com\/?page_id=4951"},"modified":"2017-07-07T19:06:39","modified_gmt":"2017-07-07T16:06:39","slug":"consigli-sulla-salute-fuori-dalla-scatola","status":"publish","type":"page","link":"https:\/\/eyalcohen.com\/it\/consigli-sulla-salute-fuori-dalla-scatola\/","title":{"rendered":"Consigli sulla salute fuori dalla scatola"},"content":{"rendered":"<p style=\"text-align: justify;\">avete bisogno di consigli sulla salute da un uomo che non ha mai studiato medicina &#8230;?<\/p>\n<p style=\"text-align: justify;\">Si dispone di un eccellente medico che ha studiato per otto anni e sta ancora facendo la formazione come aiutarti, gli istituti di ricerca finanziati da aziende farmaceutiche che investono miliardi nella ricerca della verit\u00e0, e sono in grado di produrre farmaci in quantit\u00e0 che potrebbero sfamare tutta l&#8217;umanit\u00e0 .. .<\/p>\n<p style=\"text-align: justify;\">Ma allora &#8230; Come \u00e8 possibile che ci basiamo su un sistema cos\u00ec glorioso, diventiamo pi\u00f9 deboli geneticamente, pi\u00f9 sofferenza e pi\u00f9 dipendenti, e quando abbiamo bisogno di aiuto, in molti casi troviamo che il sistema non ha risposte e nessuna vera cura ( vedere il costante aumento di infertilit\u00e0, malattie come il cancro, malattie cardiache, malattie autoimmuni, allergie, la sclerosi multipla, il diabete, il morbo di Alzheimer &#8211; e di fatto &#8211; qualsiasi malattia si pu\u00f2 pensare).<\/p>\n<p style=\"text-align: justify;\">Un secondo parere \u00e8 non necessariamente opinioni diverse<\/p>\n<p style=\"text-align: justify;\">Se siete alla ricerca di una seconda opinione o terzo sul tema all&#8217;interno del sistema sanitario, \u00e8 probabile che si sente le stesse spiegazioni in diverse varianti.<\/p>\n<p style=\"text-align: justify;\">Le punte di questo sito, nello spirito della collana &#8220;Le cose che non si sente dal proprio medico&#8221;, dimostra l&#8217;importanza della conoscenza e della comprensione che \u00e8 completamente diverso dal solito, per quanto riguarda la nostra capacit\u00e0 di evitare la sofferenza e vivere un pi\u00f9 sano e pi\u00f9 felice.<\/p>\n<p style=\"text-align: justify;\">Io chiarire che questi suggerimenti sono relative la causa principale dei problemi di cui si occupano, che colpisce la maggior parte dei pazienti, ma \u00e8 possibile che un problema da cui si soffre \u00e8 dovuto ad altri fattori, e non sono necessariamente quelle suggerimenti migliorare la vostra situazione.<\/p>\n<p style=\"text-align: justify;\">Vorrei che illumina la lettura, e se hai imparato qualcosa da esso, dillo ai tuoi amici di questo sito, per consentire loro di godere di una salute migliore e una pi\u00f9 chiara comprensione della vita:<\/p>\n<p style=\"text-align: justify;\"><img fetchpriority=\"high\" decoding=\"async\" class=\"alignleft wp-image-7\" style=\"direction: ltr;\" src=\"http:\/\/eyalcohen.com\/it\/files\/2016\/07\/ENGLISH-BOOK-COVER-FRONT.jpg\" alt=\"ENGLISH BOOK COVER FRONT\" width=\"310\" height=\"450\" \/><img decoding=\"async\" class=\"alignleft wp-image-6\" style=\"direction: ltr;\" src=\"http:\/\/eyalcohen.com\/it\/files\/2016\/07\/book2.jpg\" alt=\"book2\" width=\"312\" height=\"453\" \/><\/p>\n","protected":false},"excerpt":{"rendered":"<p>avete bisogno di consigli sulla salute da un uomo che non ha mai studiato medicina &#8230;? Si dispone di un eccellente medico che ha studiato per otto anni e sta ancora facendo la formazione come aiutarti, gli istituti di ricerca finanziati da aziende farmaceutiche che investono miliardi nella ricerca della verit\u00e0, e sono in grado [&hellip;]<\/p>\n","protected":false},"author":2,"featured_media":0,"parent":0,"menu_order":0,"comment_status":"open","ping_status":"open","template":"","meta":{"_monsterinsights_skip_tracking":false,"_monsterinsights_sitenote_active":false,"_monsterinsights_sitenote_note":"","_monsterinsights_sitenote_category":0,"footnotes":""},"class_list":["post-4951","page","type-page","status-publish","hentry"],"yoast_head":"<!-- This site is optimized with the Yoast SEO plugin v27.3 - https:\/\/yoast.com\/product\/yoast-seo-wordpress\/ -->\n<title>Consigli sulla salute fuori dalla scatola - \u05d4\u05e2\u05d9\u05d3\u05df \u05d4\u05d7\u05d3\u05e9 \u05e9\u05dc \u05d0\u05d9\u05dc \u05db\u05d4\u05df<\/title>\n<meta name=\"robots\" content=\"index, follow, max-snippet:-1, max-image-preview:large, max-video-preview:-1\" \/>\n<link rel=\"canonical\" href=\"https:\/\/eyalcohen.com\/it\/consigli-sulla-salute-fuori-dalla-scatola\/\" \/>\n<meta property=\"og:locale\" content=\"it_IT\" \/>\n<meta property=\"og:type\" content=\"article\" \/>\n<meta property=\"og:title\" content=\"Consigli sulla salute fuori dalla scatola - \u05d4\u05e2\u05d9\u05d3\u05df \u05d4\u05d7\u05d3\u05e9 \u05e9\u05dc \u05d0\u05d9\u05dc \u05db\u05d4\u05df\" \/>\n<meta property=\"og:description\" content=\"avete bisogno di consigli sulla salute da un uomo che non ha mai studiato medicina &#8230;? Si dispone di un eccellente medico che ha studiato per otto anni e sta ancora facendo la formazione come aiutarti, gli istituti di ricerca finanziati da aziende farmaceutiche che investono miliardi nella ricerca della verit\u00e0, e sono in grado [&hellip;]\" \/>\n<meta property=\"og:url\" content=\"https:\/\/eyalcohen.com\/it\/consigli-sulla-salute-fuori-dalla-scatola\/\" \/>\n<meta property=\"og:site_name\" content=\"\u05d4\u05e2\u05d9\u05d3\u05df \u05d4\u05d7\u05d3\u05e9 \u05e9\u05dc \u05d0\u05d9\u05dc \u05db\u05d4\u05df\" \/>\n<meta property=\"article:publisher\" content=\"https:\/\/www.facebook.com\/groups\/528354840531271\" \/>\n<meta property=\"article:modified_time\" content=\"2017-07-07T16:06:39+00:00\" \/>\n<meta property=\"og:image\" content=\"http:\/\/eyalcohen.com\/it\/files\/2016\/07\/ENGLISH-BOOK-COVER-FRONT.jpg\" \/>\n<meta name=\"twitter:card\" content=\"summary_large_image\" \/>\n<meta name=\"twitter:label1\" content=\"Tempo di lettura stimato\" \/>\n\t<meta name=\"twitter:data1\" content=\"2 minuti\" \/>\n<script type=\"application\/ld+json\" class=\"yoast-schema-graph\">{\"@context\":\"https:\\\/\\\/schema.org\",\"@graph\":[{\"@type\":\"WebPage\",\"@id\":\"https:\\\/\\\/eyalcohen.com\\\/it\\\/consigli-sulla-salute-fuori-dalla-scatola\\\/\",\"url\":\"https:\\\/\\\/eyalcohen.com\\\/it\\\/consigli-sulla-salute-fuori-dalla-scatola\\\/\",\"name\":\"Consigli sulla salute fuori dalla scatola - \u05d4\u05e2\u05d9\u05d3\u05df \u05d4\u05d7\u05d3\u05e9 \u05e9\u05dc \u05d0\u05d9\u05dc \u05db\u05d4\u05df\",\"isPartOf\":{\"@id\":\"https:\\\/\\\/eyalcohen.com\\\/#website\"},\"primaryImageOfPage\":{\"@id\":\"https:\\\/\\\/eyalcohen.com\\\/it\\\/consigli-sulla-salute-fuori-dalla-scatola\\\/#primaryimage\"},\"image\":{\"@id\":\"https:\\\/\\\/eyalcohen.com\\\/it\\\/consigli-sulla-salute-fuori-dalla-scatola\\\/#primaryimage\"},\"thumbnailUrl\":\"http:\\\/\\\/eyalcohen.com\\\/it\\\/files\\\/2016\\\/07\\\/ENGLISH-BOOK-COVER-FRONT.jpg\",\"datePublished\":\"2017-05-14T09:07:01+00:00\",\"dateModified\":\"2017-07-07T16:06:39+00:00\",\"breadcrumb\":{\"@id\":\"https:\\\/\\\/eyalcohen.com\\\/it\\\/consigli-sulla-salute-fuori-dalla-scatola\\\/#breadcrumb\"},\"inLanguage\":\"it-IT\",\"potentialAction\":[{\"@type\":\"ReadAction\",\"target\":[\"https:\\\/\\\/eyalcohen.com\\\/it\\\/consigli-sulla-salute-fuori-dalla-scatola\\\/\"]}]},{\"@type\":\"ImageObject\",\"inLanguage\":\"it-IT\",\"@id\":\"https:\\\/\\\/eyalcohen.com\\\/it\\\/consigli-sulla-salute-fuori-dalla-scatola\\\/#primaryimage\",\"url\":\"http:\\\/\\\/eyalcohen.com\\\/it\\\/files\\\/2016\\\/07\\\/ENGLISH-BOOK-COVER-FRONT.jpg\",\"contentUrl\":\"http:\\\/\\\/eyalcohen.com\\\/it\\\/files\\\/2016\\\/07\\\/ENGLISH-BOOK-COVER-FRONT.jpg\"},{\"@type\":\"BreadcrumbList\",\"@id\":\"https:\\\/\\\/eyalcohen.com\\\/it\\\/consigli-sulla-salute-fuori-dalla-scatola\\\/#breadcrumb\",\"itemListElement\":[{\"@type\":\"ListItem\",\"position\":1,\"name\":\"\u05d3\u05e3 \u05d4\u05d1\u05d9\u05ea\",\"item\":\"https:\\\/\\\/eyalcohen.com\\\/it\\\/%d7%94%d7%a2%d7%99%d7%93%d7%9f-%d7%94%d7%97%d7%93%d7%a9-%d7%a9%d7%9c-%d7%90%d7%99%d7%9c-%d7%9b%d7%94%d7%9f\\\/\"},{\"@type\":\"ListItem\",\"position\":2,\"name\":\"Consigli sulla salute fuori dalla scatola\"}]},{\"@type\":\"WebSite\",\"@id\":\"https:\\\/\\\/eyalcohen.com\\\/#website\",\"url\":\"https:\\\/\\\/eyalcohen.com\\\/\",\"name\":\"\u05d4\u05e2\u05d9\u05d3\u05df \u05d4\u05d7\u05d3\u05e9 \u05e9\u05dc \u05d0\u05d9\u05dc \u05db\u05d4\u05df\",\"description\":\"\u05d1\u05e8\u05d9\u05d0\u05d5\u05ea \u05d8\u05d1\u05e2\u05d9\u05ea, \u05de\u05d5\u05d6\u05d9\u05e7\u05d4 \u05dc\u05d0\u05d9\u05e8\u05d5\u05e2\u05d9\u05dd \u05d5\u05de\u05d4 \u05e9\u05d1\u05d9\u05e0\u05d9\u05d4\u05dd\",\"publisher\":{\"@id\":\"https:\\\/\\\/eyalcohen.com\\\/#\\\/schema\\\/person\\\/2cf6581996d002a62e66ee8d3a64b863\"},\"potentialAction\":[{\"@type\":\"SearchAction\",\"target\":{\"@type\":\"EntryPoint\",\"urlTemplate\":\"https:\\\/\\\/eyalcohen.com\\\/?s={search_term_string}\"},\"query-input\":{\"@type\":\"PropertyValueSpecification\",\"valueRequired\":true,\"valueName\":\"search_term_string\"}}],\"inLanguage\":\"it-IT\"},{\"@type\":[\"Person\",\"Organization\"],\"@id\":\"https:\\\/\\\/eyalcohen.com\\\/#\\\/schema\\\/person\\\/2cf6581996d002a62e66ee8d3a64b863\",\"name\":\"eyal cohen\",\"image\":{\"@type\":\"ImageObject\",\"inLanguage\":\"it-IT\",\"@id\":\"https:\\\/\\\/eyalcohen.com\\\/wp-content\\\/uploads\\\/2015\\\/12\\\/card_reiki.jpg\",\"url\":\"https:\\\/\\\/eyalcohen.com\\\/wp-content\\\/uploads\\\/2015\\\/12\\\/card_reiki.jpg\",\"contentUrl\":\"https:\\\/\\\/eyalcohen.com\\\/wp-content\\\/uploads\\\/2015\\\/12\\\/card_reiki.jpg\",\"width\":296,\"height\":532,\"caption\":\"eyal cohen\"},\"logo\":{\"@id\":\"https:\\\/\\\/eyalcohen.com\\\/wp-content\\\/uploads\\\/2015\\\/12\\\/card_reiki.jpg\"},\"sameAs\":[\"http:\\\/\\\/eyalcohen.com\",\"https:\\\/\\\/www.facebook.com\\\/groups\\\/528354840531271\",\"https:\\\/\\\/www.instagram.com\\\/eyalchn61\\\/\"]}]}<\/script>\n<!-- \/ Yoast SEO plugin. -->","yoast_head_json":{"title":"Consigli sulla salute fuori dalla scatola - \u05d4\u05e2\u05d9\u05d3\u05df \u05d4\u05d7\u05d3\u05e9 \u05e9\u05dc \u05d0\u05d9\u05dc \u05db\u05d4\u05df","robots":{"index":"index","follow":"follow","max-snippet":"max-snippet:-1","max-image-preview":"max-image-preview:large","max-video-preview":"max-video-preview:-1"},"canonical":"https:\/\/eyalcohen.com\/it\/consigli-sulla-salute-fuori-dalla-scatola\/","og_locale":"it_IT","og_type":"article","og_title":"Consigli sulla salute fuori dalla scatola - \u05d4\u05e2\u05d9\u05d3\u05df \u05d4\u05d7\u05d3\u05e9 \u05e9\u05dc \u05d0\u05d9\u05dc \u05db\u05d4\u05df","og_description":"avete bisogno di consigli sulla salute da un uomo che non ha mai studiato medicina &#8230;? Si dispone di un eccellente medico che ha studiato per otto anni e sta ancora facendo la formazione come aiutarti, gli istituti di ricerca finanziati da aziende farmaceutiche che investono miliardi nella ricerca della verit\u00e0, e sono in grado [&hellip;]","og_url":"https:\/\/eyalcohen.com\/it\/consigli-sulla-salute-fuori-dalla-scatola\/","og_site_name":"\u05d4\u05e2\u05d9\u05d3\u05df \u05d4\u05d7\u05d3\u05e9 \u05e9\u05dc \u05d0\u05d9\u05dc \u05db\u05d4\u05df","article_publisher":"https:\/\/www.facebook.com\/groups\/528354840531271","article_modified_time":"2017-07-07T16:06:39+00:00","og_image":[{"url":"http:\/\/eyalcohen.com\/it\/files\/2016\/07\/ENGLISH-BOOK-COVER-FRONT.jpg","type":"","width":"","height":""}],"twitter_card":"summary_large_image","twitter_misc":{"Tempo di lettura stimato":"2 minuti"},"schema":{"@context":"https:\/\/schema.org","@graph":[{"@type":"WebPage","@id":"https:\/\/eyalcohen.com\/it\/consigli-sulla-salute-fuori-dalla-scatola\/","url":"https:\/\/eyalcohen.com\/it\/consigli-sulla-salute-fuori-dalla-scatola\/","name":"Consigli sulla salute fuori dalla scatola - \u05d4\u05e2\u05d9\u05d3\u05df \u05d4\u05d7\u05d3\u05e9 \u05e9\u05dc \u05d0\u05d9\u05dc \u05db\u05d4\u05df","isPartOf":{"@id":"https:\/\/eyalcohen.com\/#website"},"primaryImageOfPage":{"@id":"https:\/\/eyalcohen.com\/it\/consigli-sulla-salute-fuori-dalla-scatola\/#primaryimage"},"image":{"@id":"https:\/\/eyalcohen.com\/it\/consigli-sulla-salute-fuori-dalla-scatola\/#primaryimage"},"thumbnailUrl":"http:\/\/eyalcohen.com\/it\/files\/2016\/07\/ENGLISH-BOOK-COVER-FRONT.jpg","datePublished":"2017-05-14T09:07:01+00:00","dateModified":"2017-07-07T16:06:39+00:00","breadcrumb":{"@id":"https:\/\/eyalcohen.com\/it\/consigli-sulla-salute-fuori-dalla-scatola\/#breadcrumb"},"inLanguage":"it-IT","potentialAction":[{"@type":"ReadAction","target":["https:\/\/eyalcohen.com\/it\/consigli-sulla-salute-fuori-dalla-scatola\/"]}]},{"@type":"ImageObject","inLanguage":"it-IT","@id":"https:\/\/eyalcohen.com\/it\/consigli-sulla-salute-fuori-dalla-scatola\/#primaryimage","url":"http:\/\/eyalcohen.com\/it\/files\/2016\/07\/ENGLISH-BOOK-COVER-FRONT.jpg","contentUrl":"http:\/\/eyalcohen.com\/it\/files\/2016\/07\/ENGLISH-BOOK-COVER-FRONT.jpg"},{"@type":"BreadcrumbList","@id":"https:\/\/eyalcohen.com\/it\/consigli-sulla-salute-fuori-dalla-scatola\/#breadcrumb","itemListElement":[{"@type":"ListItem","position":1,"name":"\u05d3\u05e3 \u05d4\u05d1\u05d9\u05ea","item":"https:\/\/eyalcohen.com\/it\/%d7%94%d7%a2%d7%99%d7%93%d7%9f-%d7%94%d7%97%d7%93%d7%a9-%d7%a9%d7%9c-%d7%90%d7%99%d7%9c-%d7%9b%d7%94%d7%9f\/"},{"@type":"ListItem","position":2,"name":"Consigli sulla salute fuori dalla scatola"}]},{"@type":"WebSite","@id":"https:\/\/eyalcohen.com\/#website","url":"https:\/\/eyalcohen.com\/","name":"\u05d4\u05e2\u05d9\u05d3\u05df \u05d4\u05d7\u05d3\u05e9 \u05e9\u05dc \u05d0\u05d9\u05dc \u05db\u05d4\u05df","description":"\u05d1\u05e8\u05d9\u05d0\u05d5\u05ea \u05d8\u05d1\u05e2\u05d9\u05ea, \u05de\u05d5\u05d6\u05d9\u05e7\u05d4 \u05dc\u05d0\u05d9\u05e8\u05d5\u05e2\u05d9\u05dd \u05d5\u05de\u05d4 \u05e9\u05d1\u05d9\u05e0\u05d9\u05d4\u05dd","publisher":{"@id":"https:\/\/eyalcohen.com\/#\/schema\/person\/2cf6581996d002a62e66ee8d3a64b863"},"potentialAction":[{"@type":"SearchAction","target":{"@type":"EntryPoint","urlTemplate":"https:\/\/eyalcohen.com\/?s={search_term_string}"},"query-input":{"@type":"PropertyValueSpecification","valueRequired":true,"valueName":"search_term_string"}}],"inLanguage":"it-IT"},{"@type":["Person","Organization"],"@id":"https:\/\/eyalcohen.com\/#\/schema\/person\/2cf6581996d002a62e66ee8d3a64b863","name":"eyal cohen","image":{"@type":"ImageObject","inLanguage":"it-IT","@id":"https:\/\/eyalcohen.com\/wp-content\/uploads\/2015\/12\/card_reiki.jpg","url":"https:\/\/eyalcohen.com\/wp-content\/uploads\/2015\/12\/card_reiki.jpg","contentUrl":"https:\/\/eyalcohen.com\/wp-content\/uploads\/2015\/12\/card_reiki.jpg","width":296,"height":532,"caption":"eyal cohen"},"logo":{"@id":"https:\/\/eyalcohen.com\/wp-content\/uploads\/2015\/12\/card_reiki.jpg"},"sameAs":["http:\/\/eyalcohen.com","https:\/\/www.facebook.com\/groups\/528354840531271","https:\/\/www.instagram.com\/eyalchn61\/"]}]}},"_links":{"self":[{"href":"https:\/\/eyalcohen.com\/it\/wp-json\/wp\/v2\/pages\/4951","targetHints":{"allow":["GET"]}}],"collection":[{"href":"https:\/\/eyalcohen.com\/it\/wp-json\/wp\/v2\/pages"}],"about":[{"href":"https:\/\/eyalcohen.com\/it\/wp-json\/wp\/v2\/types\/page"}],"author":[{"embeddable":true,"href":"https:\/\/eyalcohen.com\/it\/wp-json\/wp\/v2\/users\/2"}],"replies":[{"embeddable":true,"href":"https:\/\/eyalcohen.com\/it\/wp-json\/wp\/v2\/comments?post=4951"}],"version-history":[{"count":1,"href":"https:\/\/eyalcohen.com\/it\/wp-json\/wp\/v2\/pages\/4951\/revisions"}],"predecessor-version":[{"id":4952,"href":"https:\/\/eyalcohen.com\/it\/wp-json\/wp\/v2\/pages\/4951\/revisions\/4952"}],"wp:attachment":[{"href":"https:\/\/eyalcohen.com\/it\/wp-json\/wp\/v2\/media?parent=4951"}],"curies":[{"name":"wp","href":"https:\/\/api.w.org\/{rel}","templated":true}]}}