{"id":4791,"date":"2017-04-27T14:22:10","date_gmt":"2017-04-27T11:22:10","guid":{"rendered":"http:\/\/eyalcohen.com\/?page_id=4791"},"modified":"2017-07-07T19:23:00","modified_gmt":"2017-07-07T16:23:00","slug":"le-cose-che-non-si-sente-dal-suo-medico","status":"publish","type":"page","link":"https:\/\/eyalcohen.com\/it\/le-cose-che-non-si-sente-dal-suo-medico\/","title":{"rendered":"Le cose che non si sente dal suo medico"},"content":{"rendered":"<p style=\"direction: ltr;\">Benvenuti nella lingua Italiano<\/p>\n<p style=\"direction: ltr;\">Il mio nome \u00e8 Eyal Cohen, e io sono un guaritore e un maestro spirituale\u00a0da Israele.<\/p>\n<p style=\"direction: ltr;\">Ho sempre avuto una percezione e sensazione straordinaria riguarda le diverse cose succedano e capitano nella vita.<\/p>\n<p style=\"direction: ltr;\">Nel 1993, sono riuscito a guarire me stesso da gravi malattie gingivale, e malatie paradontale che includeva la sensibilit\u00e0 intensa, perdita di stabilit\u00e0 dei denti e e mal funzione dell apparato buccale.<\/p>\n<p style=\"direction: ltr;\">per chiarire le idea sono \u00a0il primo holistico conosciuto all mondo, che ha riuscito a trattare queste malatie paradontali in maniera sistemica e seria con risultati eccezionali senza aver le intervento medico,il concetto e che qualsiasi persona puo trattere e guarire se stesso, basta leggere il libro e capire come si fa !<\/p>\n<p style=\"direction: ltr;\">Seguendo le intuizioni che ho ricevuto da questa cura miracolosa, ho sperimentato una potente illuminazione che ha rivelato la vera ragione per molti tipi di malattia e sofferenza, in un certo senso di infinito flusso di informazioni mi ha aiutato a comprendere il corpo dal punto di vista energetico, che dal percezione centrato nel mondo materiale prevalente, non possiamo capire\u00a0e tutto questo di conseguenza ad aura che mi ha inspirato.<\/p>\n<p style=\"direction: ltr;\">Pi\u00f9 tardi, ho seguito un corso di Reiki e ho iniziato ad usare questi trattamenti, che si basano sulla concetto di trasferimento energico per il corpo, rafforzare il corpo e permettono di guarire velocemente da qualsiasi trauma, dolore e tante crisi sanitarie diversi. Sebbene non ci sia al cento per cento, in pi\u00f9 di novanta per cento si riesce a curare le ernia del disco, calcaneare sperone, ferite, ustioni, edemi, ossa fatturate, malattie &#8220;psicosomatiche&#8221;, come la fibromialgia &#8211; e diversi tipi di cancro tutti queste malattie che ho accenato \u00a0possono essere guariti \u00a0con questi trattamenti.<\/p>\n<p style=\"direction: ltr;\">Da quando ho sperimentato aura, nonostante l&#8217;enorme difficolt\u00e0 di fornire al pubblico informazioni che \u00e8 inaccettabile e non viene da un&#8217;autorit\u00e0 stabilimento, senza PR e nessun aiuto, faccio del mio meglio per fornire l&#8217;informazione, sia attraverso Reiki e trattamenti curativi come una missione, sia in una serie di libri &#8220;Le cose non si sente dal proprio medico&#8221;, su questo sito e in conferenze sulla consapevolezza e sulla salute.<\/p>\n<p style=\"direction: ltr;\">Comprendere le funzioni del corpo sotto l&#8217;aspetto energetico &#8211; e diverse malattie in via di sviluppo a causa di violazioni del bilancio energetico, permetter\u00e0 di evitare gli infortuni, e, quindi, mantenere la nostra salute e le nostre funzioni e permettere al corpo di recuperare da molti problemi diversi e varie malattie che vengono definiti &#8220;incurabile&#8221;, &#8220;cronica \/&#8221; &#8220;psicosomatica \/&#8221; &#8220;autoimmuni&#8221;, e cos\u00ec via, naturalmente, senza cure mediche.<\/p>\n<p style=\"direction: ltr;\">La serie di libri &#8220;Le cose che non vuoi sentire dal proprio medico&#8221; \u00e8 in realt\u00e0 un viaggio spirituale, che inizia con la chiara comprensione di gengivite e gomma sfuggente come risultato di una violazione grezza del bilancio energetico, e conduce il lettore passo passo , libro dopo libro, attraverso versatile illuminazione spirituale, di riconoscere e comprendere il corpo come un modello di energia, che deve esistere in un intervallo ristretto di equilibri, di funzionare in uno stato sano.<\/p>\n<p style=\"direction: ltr;\">Grazie per la vostra visita<\/p>\n<p style=\"direction: ltr;\">Eyal Cohen<\/p>\n<p><img fetchpriority=\"high\" decoding=\"async\" class=\"alignleft wp-image-7\" style=\"direction: ltr;\" src=\"http:\/\/eyalcohen.com\/it\/files\/2016\/07\/ENGLISH-BOOK-COVER-FRONT.jpg\" alt=\"ENGLISH BOOK COVER FRONT\" width=\"237\" height=\"344\" \/><img decoding=\"async\" class=\"alignleft wp-image-6\" style=\"direction: ltr;\" src=\"http:\/\/eyalcohen.com\/it\/files\/2016\/07\/book2.jpg\" alt=\"book2\" width=\"237\" height=\"344\" \/><\/p>\n","protected":false},"excerpt":{"rendered":"<p>Benvenuti nella lingua Italiano Il mio nome \u00e8 Eyal Cohen, e io sono un guaritore e un maestro spirituale\u00a0da Israele. Ho sempre avuto una percezione e sensazione straordinaria riguarda le diverse cose succedano e capitano nella vita. Nel 1993, sono riuscito a guarire me stesso da gravi malattie gingivale, e malatie paradontale che includeva la [&hellip;]<\/p>\n","protected":false},"author":2,"featured_media":0,"parent":0,"menu_order":0,"comment_status":"open","ping_status":"closed","template":"","meta":{"_monsterinsights_skip_tracking":false,"_monsterinsights_sitenote_active":false,"_monsterinsights_sitenote_note":"","_monsterinsights_sitenote_category":0,"footnotes":""},"class_list":["post-4791","page","type-page","status-publish","hentry"],"yoast_head":"<!-- This site is optimized with the Yoast SEO plugin v27.3 - https:\/\/yoast.com\/product\/yoast-seo-wordpress\/ -->\n<title>Le cose che non si sente dal suo medico - \u05d4\u05e2\u05d9\u05d3\u05df \u05d4\u05d7\u05d3\u05e9 \u05e9\u05dc \u05d0\u05d9\u05dc \u05db\u05d4\u05df<\/title>\n<meta name=\"robots\" content=\"index, follow, max-snippet:-1, max-image-preview:large, max-video-preview:-1\" \/>\n<link rel=\"canonical\" href=\"https:\/\/eyalcohen.com\/it\/le-cose-che-non-si-sente-dal-suo-medico\/\" \/>\n<meta property=\"og:locale\" content=\"it_IT\" \/>\n<meta property=\"og:type\" content=\"article\" \/>\n<meta property=\"og:title\" content=\"Le cose che non si sente dal suo medico - \u05d4\u05e2\u05d9\u05d3\u05df \u05d4\u05d7\u05d3\u05e9 \u05e9\u05dc \u05d0\u05d9\u05dc \u05db\u05d4\u05df\" \/>\n<meta property=\"og:description\" content=\"Benvenuti nella lingua Italiano Il mio nome \u00e8 Eyal Cohen, e io sono un guaritore e un maestro spirituale\u00a0da Israele. Ho sempre avuto una percezione e sensazione straordinaria riguarda le diverse cose succedano e capitano nella vita. Nel 1993, sono riuscito a guarire me stesso da gravi malattie gingivale, e malatie paradontale che includeva la [&hellip;]\" \/>\n<meta property=\"og:url\" content=\"https:\/\/eyalcohen.com\/it\/le-cose-che-non-si-sente-dal-suo-medico\/\" \/>\n<meta property=\"og:site_name\" content=\"\u05d4\u05e2\u05d9\u05d3\u05df \u05d4\u05d7\u05d3\u05e9 \u05e9\u05dc \u05d0\u05d9\u05dc \u05db\u05d4\u05df\" \/>\n<meta property=\"article:publisher\" content=\"https:\/\/www.facebook.com\/groups\/528354840531271\" \/>\n<meta property=\"article:modified_time\" content=\"2017-07-07T16:23:00+00:00\" \/>\n<meta property=\"og:image\" content=\"http:\/\/eyalcohen.com\/it\/files\/2016\/07\/ENGLISH-BOOK-COVER-FRONT.jpg\" \/>\n<meta name=\"twitter:card\" content=\"summary_large_image\" \/>\n<meta name=\"twitter:label1\" content=\"Tempo di lettura stimato\" \/>\n\t<meta name=\"twitter:data1\" content=\"3 minuti\" \/>\n<script type=\"application\/ld+json\" class=\"yoast-schema-graph\">{\"@context\":\"https:\\\/\\\/schema.org\",\"@graph\":[{\"@type\":\"WebPage\",\"@id\":\"https:\\\/\\\/eyalcohen.com\\\/it\\\/le-cose-che-non-si-sente-dal-suo-medico\\\/\",\"url\":\"https:\\\/\\\/eyalcohen.com\\\/it\\\/le-cose-che-non-si-sente-dal-suo-medico\\\/\",\"name\":\"Le cose che non si sente dal suo medico - \u05d4\u05e2\u05d9\u05d3\u05df \u05d4\u05d7\u05d3\u05e9 \u05e9\u05dc \u05d0\u05d9\u05dc \u05db\u05d4\u05df\",\"isPartOf\":{\"@id\":\"https:\\\/\\\/eyalcohen.com\\\/#website\"},\"primaryImageOfPage\":{\"@id\":\"https:\\\/\\\/eyalcohen.com\\\/it\\\/le-cose-che-non-si-sente-dal-suo-medico\\\/#primaryimage\"},\"image\":{\"@id\":\"https:\\\/\\\/eyalcohen.com\\\/it\\\/le-cose-che-non-si-sente-dal-suo-medico\\\/#primaryimage\"},\"thumbnailUrl\":\"http:\\\/\\\/eyalcohen.com\\\/it\\\/files\\\/2016\\\/07\\\/ENGLISH-BOOK-COVER-FRONT.jpg\",\"datePublished\":\"2017-04-27T11:22:10+00:00\",\"dateModified\":\"2017-07-07T16:23:00+00:00\",\"breadcrumb\":{\"@id\":\"https:\\\/\\\/eyalcohen.com\\\/it\\\/le-cose-che-non-si-sente-dal-suo-medico\\\/#breadcrumb\"},\"inLanguage\":\"it-IT\",\"potentialAction\":[{\"@type\":\"ReadAction\",\"target\":[\"https:\\\/\\\/eyalcohen.com\\\/it\\\/le-cose-che-non-si-sente-dal-suo-medico\\\/\"]}]},{\"@type\":\"ImageObject\",\"inLanguage\":\"it-IT\",\"@id\":\"https:\\\/\\\/eyalcohen.com\\\/it\\\/le-cose-che-non-si-sente-dal-suo-medico\\\/#primaryimage\",\"url\":\"http:\\\/\\\/eyalcohen.com\\\/it\\\/files\\\/2016\\\/07\\\/ENGLISH-BOOK-COVER-FRONT.jpg\",\"contentUrl\":\"http:\\\/\\\/eyalcohen.com\\\/it\\\/files\\\/2016\\\/07\\\/ENGLISH-BOOK-COVER-FRONT.jpg\"},{\"@type\":\"BreadcrumbList\",\"@id\":\"https:\\\/\\\/eyalcohen.com\\\/it\\\/le-cose-che-non-si-sente-dal-suo-medico\\\/#breadcrumb\",\"itemListElement\":[{\"@type\":\"ListItem\",\"position\":1,\"name\":\"\u05d3\u05e3 \u05d4\u05d1\u05d9\u05ea\",\"item\":\"https:\\\/\\\/eyalcohen.com\\\/it\\\/%d7%94%d7%a2%d7%99%d7%93%d7%9f-%d7%94%d7%97%d7%93%d7%a9-%d7%a9%d7%9c-%d7%90%d7%99%d7%9c-%d7%9b%d7%94%d7%9f\\\/\"},{\"@type\":\"ListItem\",\"position\":2,\"name\":\"Le cose che non si sente dal suo medico\"}]},{\"@type\":\"WebSite\",\"@id\":\"https:\\\/\\\/eyalcohen.com\\\/#website\",\"url\":\"https:\\\/\\\/eyalcohen.com\\\/\",\"name\":\"\u05d4\u05e2\u05d9\u05d3\u05df \u05d4\u05d7\u05d3\u05e9 \u05e9\u05dc \u05d0\u05d9\u05dc \u05db\u05d4\u05df\",\"description\":\"\u05d1\u05e8\u05d9\u05d0\u05d5\u05ea \u05d8\u05d1\u05e2\u05d9\u05ea, \u05de\u05d5\u05d6\u05d9\u05e7\u05d4 \u05dc\u05d0\u05d9\u05e8\u05d5\u05e2\u05d9\u05dd \u05d5\u05de\u05d4 \u05e9\u05d1\u05d9\u05e0\u05d9\u05d4\u05dd\",\"publisher\":{\"@id\":\"https:\\\/\\\/eyalcohen.com\\\/#\\\/schema\\\/person\\\/2cf6581996d002a62e66ee8d3a64b863\"},\"potentialAction\":[{\"@type\":\"SearchAction\",\"target\":{\"@type\":\"EntryPoint\",\"urlTemplate\":\"https:\\\/\\\/eyalcohen.com\\\/?s={search_term_string}\"},\"query-input\":{\"@type\":\"PropertyValueSpecification\",\"valueRequired\":true,\"valueName\":\"search_term_string\"}}],\"inLanguage\":\"it-IT\"},{\"@type\":[\"Person\",\"Organization\"],\"@id\":\"https:\\\/\\\/eyalcohen.com\\\/#\\\/schema\\\/person\\\/2cf6581996d002a62e66ee8d3a64b863\",\"name\":\"eyal cohen\",\"image\":{\"@type\":\"ImageObject\",\"inLanguage\":\"it-IT\",\"@id\":\"https:\\\/\\\/eyalcohen.com\\\/wp-content\\\/uploads\\\/2015\\\/12\\\/card_reiki.jpg\",\"url\":\"https:\\\/\\\/eyalcohen.com\\\/wp-content\\\/uploads\\\/2015\\\/12\\\/card_reiki.jpg\",\"contentUrl\":\"https:\\\/\\\/eyalcohen.com\\\/wp-content\\\/uploads\\\/2015\\\/12\\\/card_reiki.jpg\",\"width\":296,\"height\":532,\"caption\":\"eyal cohen\"},\"logo\":{\"@id\":\"https:\\\/\\\/eyalcohen.com\\\/wp-content\\\/uploads\\\/2015\\\/12\\\/card_reiki.jpg\"},\"sameAs\":[\"http:\\\/\\\/eyalcohen.com\",\"https:\\\/\\\/www.facebook.com\\\/groups\\\/528354840531271\",\"https:\\\/\\\/www.instagram.com\\\/eyalchn61\\\/\"]}]}<\/script>\n<!-- \/ Yoast SEO plugin. -->","yoast_head_json":{"title":"Le cose che non si sente dal suo medico - \u05d4\u05e2\u05d9\u05d3\u05df \u05d4\u05d7\u05d3\u05e9 \u05e9\u05dc \u05d0\u05d9\u05dc \u05db\u05d4\u05df","robots":{"index":"index","follow":"follow","max-snippet":"max-snippet:-1","max-image-preview":"max-image-preview:large","max-video-preview":"max-video-preview:-1"},"canonical":"https:\/\/eyalcohen.com\/it\/le-cose-che-non-si-sente-dal-suo-medico\/","og_locale":"it_IT","og_type":"article","og_title":"Le cose che non si sente dal suo medico - \u05d4\u05e2\u05d9\u05d3\u05df \u05d4\u05d7\u05d3\u05e9 \u05e9\u05dc \u05d0\u05d9\u05dc \u05db\u05d4\u05df","og_description":"Benvenuti nella lingua Italiano Il mio nome \u00e8 Eyal Cohen, e io sono un guaritore e un maestro spirituale\u00a0da Israele. Ho sempre avuto una percezione e sensazione straordinaria riguarda le diverse cose succedano e capitano nella vita. Nel 1993, sono riuscito a guarire me stesso da gravi malattie gingivale, e malatie paradontale che includeva la [&hellip;]","og_url":"https:\/\/eyalcohen.com\/it\/le-cose-che-non-si-sente-dal-suo-medico\/","og_site_name":"\u05d4\u05e2\u05d9\u05d3\u05df \u05d4\u05d7\u05d3\u05e9 \u05e9\u05dc \u05d0\u05d9\u05dc \u05db\u05d4\u05df","article_publisher":"https:\/\/www.facebook.com\/groups\/528354840531271","article_modified_time":"2017-07-07T16:23:00+00:00","og_image":[{"url":"http:\/\/eyalcohen.com\/it\/files\/2016\/07\/ENGLISH-BOOK-COVER-FRONT.jpg","type":"","width":"","height":""}],"twitter_card":"summary_large_image","twitter_misc":{"Tempo di lettura stimato":"3 minuti"},"schema":{"@context":"https:\/\/schema.org","@graph":[{"@type":"WebPage","@id":"https:\/\/eyalcohen.com\/it\/le-cose-che-non-si-sente-dal-suo-medico\/","url":"https:\/\/eyalcohen.com\/it\/le-cose-che-non-si-sente-dal-suo-medico\/","name":"Le cose che non si sente dal suo medico - \u05d4\u05e2\u05d9\u05d3\u05df \u05d4\u05d7\u05d3\u05e9 \u05e9\u05dc \u05d0\u05d9\u05dc \u05db\u05d4\u05df","isPartOf":{"@id":"https:\/\/eyalcohen.com\/#website"},"primaryImageOfPage":{"@id":"https:\/\/eyalcohen.com\/it\/le-cose-che-non-si-sente-dal-suo-medico\/#primaryimage"},"image":{"@id":"https:\/\/eyalcohen.com\/it\/le-cose-che-non-si-sente-dal-suo-medico\/#primaryimage"},"thumbnailUrl":"http:\/\/eyalcohen.com\/it\/files\/2016\/07\/ENGLISH-BOOK-COVER-FRONT.jpg","datePublished":"2017-04-27T11:22:10+00:00","dateModified":"2017-07-07T16:23:00+00:00","breadcrumb":{"@id":"https:\/\/eyalcohen.com\/it\/le-cose-che-non-si-sente-dal-suo-medico\/#breadcrumb"},"inLanguage":"it-IT","potentialAction":[{"@type":"ReadAction","target":["https:\/\/eyalcohen.com\/it\/le-cose-che-non-si-sente-dal-suo-medico\/"]}]},{"@type":"ImageObject","inLanguage":"it-IT","@id":"https:\/\/eyalcohen.com\/it\/le-cose-che-non-si-sente-dal-suo-medico\/#primaryimage","url":"http:\/\/eyalcohen.com\/it\/files\/2016\/07\/ENGLISH-BOOK-COVER-FRONT.jpg","contentUrl":"http:\/\/eyalcohen.com\/it\/files\/2016\/07\/ENGLISH-BOOK-COVER-FRONT.jpg"},{"@type":"BreadcrumbList","@id":"https:\/\/eyalcohen.com\/it\/le-cose-che-non-si-sente-dal-suo-medico\/#breadcrumb","itemListElement":[{"@type":"ListItem","position":1,"name":"\u05d3\u05e3 \u05d4\u05d1\u05d9\u05ea","item":"https:\/\/eyalcohen.com\/it\/%d7%94%d7%a2%d7%99%d7%93%d7%9f-%d7%94%d7%97%d7%93%d7%a9-%d7%a9%d7%9c-%d7%90%d7%99%d7%9c-%d7%9b%d7%94%d7%9f\/"},{"@type":"ListItem","position":2,"name":"Le cose che non si sente dal suo medico"}]},{"@type":"WebSite","@id":"https:\/\/eyalcohen.com\/#website","url":"https:\/\/eyalcohen.com\/","name":"\u05d4\u05e2\u05d9\u05d3\u05df \u05d4\u05d7\u05d3\u05e9 \u05e9\u05dc \u05d0\u05d9\u05dc \u05db\u05d4\u05df","description":"\u05d1\u05e8\u05d9\u05d0\u05d5\u05ea \u05d8\u05d1\u05e2\u05d9\u05ea, \u05de\u05d5\u05d6\u05d9\u05e7\u05d4 \u05dc\u05d0\u05d9\u05e8\u05d5\u05e2\u05d9\u05dd \u05d5\u05de\u05d4 \u05e9\u05d1\u05d9\u05e0\u05d9\u05d4\u05dd","publisher":{"@id":"https:\/\/eyalcohen.com\/#\/schema\/person\/2cf6581996d002a62e66ee8d3a64b863"},"potentialAction":[{"@type":"SearchAction","target":{"@type":"EntryPoint","urlTemplate":"https:\/\/eyalcohen.com\/?s={search_term_string}"},"query-input":{"@type":"PropertyValueSpecification","valueRequired":true,"valueName":"search_term_string"}}],"inLanguage":"it-IT"},{"@type":["Person","Organization"],"@id":"https:\/\/eyalcohen.com\/#\/schema\/person\/2cf6581996d002a62e66ee8d3a64b863","name":"eyal cohen","image":{"@type":"ImageObject","inLanguage":"it-IT","@id":"https:\/\/eyalcohen.com\/wp-content\/uploads\/2015\/12\/card_reiki.jpg","url":"https:\/\/eyalcohen.com\/wp-content\/uploads\/2015\/12\/card_reiki.jpg","contentUrl":"https:\/\/eyalcohen.com\/wp-content\/uploads\/2015\/12\/card_reiki.jpg","width":296,"height":532,"caption":"eyal cohen"},"logo":{"@id":"https:\/\/eyalcohen.com\/wp-content\/uploads\/2015\/12\/card_reiki.jpg"},"sameAs":["http:\/\/eyalcohen.com","https:\/\/www.facebook.com\/groups\/528354840531271","https:\/\/www.instagram.com\/eyalchn61\/"]}]}},"_links":{"self":[{"href":"https:\/\/eyalcohen.com\/it\/wp-json\/wp\/v2\/pages\/4791","targetHints":{"allow":["GET"]}}],"collection":[{"href":"https:\/\/eyalcohen.com\/it\/wp-json\/wp\/v2\/pages"}],"about":[{"href":"https:\/\/eyalcohen.com\/it\/wp-json\/wp\/v2\/types\/page"}],"author":[{"embeddable":true,"href":"https:\/\/eyalcohen.com\/it\/wp-json\/wp\/v2\/users\/2"}],"replies":[{"embeddable":true,"href":"https:\/\/eyalcohen.com\/it\/wp-json\/wp\/v2\/comments?post=4791"}],"version-history":[{"count":1,"href":"https:\/\/eyalcohen.com\/it\/wp-json\/wp\/v2\/pages\/4791\/revisions"}],"predecessor-version":[{"id":4792,"href":"https:\/\/eyalcohen.com\/it\/wp-json\/wp\/v2\/pages\/4791\/revisions\/4792"}],"wp:attachment":[{"href":"https:\/\/eyalcohen.com\/it\/wp-json\/wp\/v2\/media?parent=4791"}],"curies":[{"name":"wp","href":"https:\/\/api.w.org\/{rel}","templated":true}]}}