{"id":4937,"date":"2017-05-14T11:57:36","date_gmt":"2017-05-14T08:57:36","guid":{"rendered":"http:\/\/eyalcohen.com\/?page_id=4937"},"modified":"2017-05-14T11:57:36","modified_gmt":"2017-05-14T08:57:36","slug":"aide-ce-site-grandir","status":"publish","type":"page","link":"https:\/\/eyalcohen.com\/fr\/aide-ce-site-grandir\/","title":{"rendered":"Aide ce site grandir"},"content":{"rendered":"<p style=\"direction: ltr;\">Chers amis;<\/p>\n<p style=\"direction: ltr;\">Depuis l&#8217;illumination que j&#8217;ai v\u00e9cu en 1993, qui a chang\u00e9 ma perception de la vie et de la sant\u00e9, je suis en train de transmettre cette information cruciale pour nos vies, sur ce site, et dans la s\u00e9rie de livres &#8220;Les choses que vous ne veut pas entendre de votre m\u00e9decin &#8220;que je l&#8217;ai \u00e9crit.<\/p>\n<p style=\"direction: ltr;\">Ce site unique au sujet de l&#8217;aspect \u00e9nerg\u00e9tique de la vie, fournit des explications claires et des conseils pratiques pour pr\u00e9venir ou gu\u00e9rir naturellement les maladies \u00abchroniques\u00bb et de nombreux probl\u00e8mes de sant\u00e9 qui \u00e9voluent en raison de violations de la balance \u00e9nerg\u00e9tique, et peut potentiellement \u00e9conomiser beaucoup d&#8217;humains souffrent et vie .<\/p>\n<p style=\"direction: ltr;\">Ce site est \u00e0 l&#8217;origine \u00e9crit en h\u00e9breu, et ainsi, naturellement les autres sous-domaines ne sont pas aussi d\u00e9velopp\u00e9.<\/p>\n<p style=\"direction: ltr;\">Malheureusement, avec toute ma bonne volont\u00e9, je n&#8217;ai pas le temps et les ressources n\u00e9cessaires pour le traduire dans d&#8217;autres langues, afin de permettre aux gens d&#8217;en b\u00e9n\u00e9ficier.<\/p>\n<p style=\"direction: ltr;\">Heureusement, vous pouvez me aider \u00e0 rendre l&#8217;information accessible dans votre langue,, que ce soit en aidant me traduis parties \u00e0 votre langue.<\/p>\n<p style=\"direction: ltr;\">Au-del\u00e0 de l&#8217;aide occasionnelle, j&#8217;ai besoin des gestionnaires de sites en diff\u00e9rentes langues.<\/p>\n<p style=\"direction: ltr;\">Anglais,<\/p>\n<p style=\"direction: ltr;\">Fran\u00e7ais,<\/p>\n<p style=\"direction: ltr;\">Espanol,<\/p>\n<p style=\"direction: ltr;\">Italien,<\/p>\n<p style=\"direction: ltr;\">Allemand.<\/p>\n<p style=\"direction: ltr;\">La connaissance de la langue comme obligatoiree.<\/p>\n<p style=\"direction: ltr;\">D&#8217;autres langues sont les bienvenues<\/p>\n<p style=\"direction: ltr;\">Dans la premi\u00e8re \u00e9tape, le travail doit \u00eatre fait sur une base volontaire, parce que ce sitee est libre et n&#8217;a pas de revenu, mais \u00e0 un stade ult\u00e9rieur, si je vais trouver un mod\u00e8le \u00e9conomique, je serai heureux de payer, et je ferai de mon mieux pour justifier votre temps et de l&#8217;\u00e9nergie;).<\/p>\n<p style=\"direction: ltr;\">Le travail est bien s\u00fbr \u00e0 la maison, \u00e0 votre convenance.<\/p>\n<p style=\"direction: ltr;\">Je vous remercie<\/p>\n<p style=\"direction: ltr;\">Eyal Cohen<\/p>\n","protected":false},"excerpt":{"rendered":"<p>Chers amis; Depuis l&#8217;illumination que j&#8217;ai v\u00e9cu en 1993, qui a chang\u00e9 ma perception de la vie et de la sant\u00e9, je suis en train de transmettre cette information cruciale pour nos vies, sur ce site, et dans la s\u00e9rie de livres &#8220;Les choses que vous ne veut pas entendre de votre m\u00e9decin &#8220;que je [&hellip;]<\/p>\n","protected":false},"author":2,"featured_media":0,"parent":0,"menu_order":0,"comment_status":"closed","ping_status":"closed","template":"","meta":{"_monsterinsights_skip_tracking":false,"_monsterinsights_sitenote_active":false,"_monsterinsights_sitenote_note":"","_monsterinsights_sitenote_category":0,"footnotes":""},"class_list":["post-4937","page","type-page","status-publish","hentry"],"yoast_head":"<!-- This site is optimized with the Yoast SEO plugin v27.3 - https:\/\/yoast.com\/product\/yoast-seo-wordpress\/ -->\n<title>Aide ce site grandir - \u05d4\u05e2\u05d9\u05d3\u05df \u05d4\u05d7\u05d3\u05e9 \u05e9\u05dc \u05d0\u05d9\u05dc \u05db\u05d4\u05df<\/title>\n<meta name=\"robots\" content=\"index, follow, max-snippet:-1, max-image-preview:large, max-video-preview:-1\" \/>\n<link rel=\"canonical\" href=\"https:\/\/eyalcohen.com\/fr\/aide-ce-site-grandir\/\" \/>\n<meta property=\"og:locale\" content=\"fr_FR\" \/>\n<meta property=\"og:type\" content=\"article\" \/>\n<meta property=\"og:title\" content=\"Aide ce site grandir - \u05d4\u05e2\u05d9\u05d3\u05df \u05d4\u05d7\u05d3\u05e9 \u05e9\u05dc \u05d0\u05d9\u05dc \u05db\u05d4\u05df\" \/>\n<meta property=\"og:description\" content=\"Chers amis; Depuis l&#8217;illumination que j&#8217;ai v\u00e9cu en 1993, qui a chang\u00e9 ma perception de la vie et de la sant\u00e9, je suis en train de transmettre cette information cruciale pour nos vies, sur ce site, et dans la s\u00e9rie de livres &#8220;Les choses que vous ne veut pas entendre de votre m\u00e9decin &#8220;que je [&hellip;]\" \/>\n<meta property=\"og:url\" content=\"https:\/\/eyalcohen.com\/fr\/aide-ce-site-grandir\/\" \/>\n<meta property=\"og:site_name\" content=\"\u05d4\u05e2\u05d9\u05d3\u05df \u05d4\u05d7\u05d3\u05e9 \u05e9\u05dc \u05d0\u05d9\u05dc \u05db\u05d4\u05df\" \/>\n<meta property=\"article:publisher\" content=\"https:\/\/www.facebook.com\/groups\/528354840531271\" \/>\n<meta name=\"twitter:card\" content=\"summary_large_image\" \/>\n<meta name=\"twitter:label1\" content=\"Dur\u00e9e de lecture estim\u00e9e\" \/>\n\t<meta name=\"twitter:data1\" content=\"1 minute\" \/>\n<script type=\"application\/ld+json\" class=\"yoast-schema-graph\">{\"@context\":\"https:\\\/\\\/schema.org\",\"@graph\":[{\"@type\":\"WebPage\",\"@id\":\"https:\\\/\\\/eyalcohen.com\\\/fr\\\/aide-ce-site-grandir\\\/\",\"url\":\"https:\\\/\\\/eyalcohen.com\\\/fr\\\/aide-ce-site-grandir\\\/\",\"name\":\"Aide ce site grandir - \u05d4\u05e2\u05d9\u05d3\u05df \u05d4\u05d7\u05d3\u05e9 \u05e9\u05dc \u05d0\u05d9\u05dc \u05db\u05d4\u05df\",\"isPartOf\":{\"@id\":\"https:\\\/\\\/eyalcohen.com\\\/#website\"},\"datePublished\":\"2017-05-14T08:57:36+00:00\",\"breadcrumb\":{\"@id\":\"https:\\\/\\\/eyalcohen.com\\\/fr\\\/aide-ce-site-grandir\\\/#breadcrumb\"},\"inLanguage\":\"fr-FR\",\"potentialAction\":[{\"@type\":\"ReadAction\",\"target\":[\"https:\\\/\\\/eyalcohen.com\\\/fr\\\/aide-ce-site-grandir\\\/\"]}]},{\"@type\":\"BreadcrumbList\",\"@id\":\"https:\\\/\\\/eyalcohen.com\\\/fr\\\/aide-ce-site-grandir\\\/#breadcrumb\",\"itemListElement\":[{\"@type\":\"ListItem\",\"position\":1,\"name\":\"\u05d3\u05e3 \u05d4\u05d1\u05d9\u05ea\",\"item\":\"https:\\\/\\\/eyalcohen.com\\\/fr\\\/\"},{\"@type\":\"ListItem\",\"position\":2,\"name\":\"Aide ce site grandir\"}]},{\"@type\":\"WebSite\",\"@id\":\"https:\\\/\\\/eyalcohen.com\\\/#website\",\"url\":\"https:\\\/\\\/eyalcohen.com\\\/\",\"name\":\"\u05d4\u05e2\u05d9\u05d3\u05df \u05d4\u05d7\u05d3\u05e9 \u05e9\u05dc \u05d0\u05d9\u05dc \u05db\u05d4\u05df\",\"description\":\"\u05d1\u05e8\u05d9\u05d0\u05d5\u05ea \u05d8\u05d1\u05e2\u05d9\u05ea, \u05de\u05d5\u05d6\u05d9\u05e7\u05d4 \u05dc\u05d0\u05d9\u05e8\u05d5\u05e2\u05d9\u05dd \u05d5\u05de\u05d4 \u05e9\u05d1\u05d9\u05e0\u05d9\u05d4\u05dd\",\"publisher\":{\"@id\":\"https:\\\/\\\/eyalcohen.com\\\/#\\\/schema\\\/person\\\/2cf6581996d002a62e66ee8d3a64b863\"},\"potentialAction\":[{\"@type\":\"SearchAction\",\"target\":{\"@type\":\"EntryPoint\",\"urlTemplate\":\"https:\\\/\\\/eyalcohen.com\\\/?s={search_term_string}\"},\"query-input\":{\"@type\":\"PropertyValueSpecification\",\"valueRequired\":true,\"valueName\":\"search_term_string\"}}],\"inLanguage\":\"fr-FR\"},{\"@type\":[\"Person\",\"Organization\"],\"@id\":\"https:\\\/\\\/eyalcohen.com\\\/#\\\/schema\\\/person\\\/2cf6581996d002a62e66ee8d3a64b863\",\"name\":\"eyal cohen\",\"image\":{\"@type\":\"ImageObject\",\"inLanguage\":\"fr-FR\",\"@id\":\"https:\\\/\\\/eyalcohen.com\\\/wp-content\\\/uploads\\\/2015\\\/12\\\/card_reiki.jpg\",\"url\":\"https:\\\/\\\/eyalcohen.com\\\/wp-content\\\/uploads\\\/2015\\\/12\\\/card_reiki.jpg\",\"contentUrl\":\"https:\\\/\\\/eyalcohen.com\\\/wp-content\\\/uploads\\\/2015\\\/12\\\/card_reiki.jpg\",\"width\":296,\"height\":532,\"caption\":\"eyal cohen\"},\"logo\":{\"@id\":\"https:\\\/\\\/eyalcohen.com\\\/wp-content\\\/uploads\\\/2015\\\/12\\\/card_reiki.jpg\"},\"sameAs\":[\"http:\\\/\\\/eyalcohen.com\",\"https:\\\/\\\/www.facebook.com\\\/groups\\\/528354840531271\",\"https:\\\/\\\/www.instagram.com\\\/eyalchn61\\\/\"]}]}<\/script>\n<!-- \/ Yoast SEO plugin. -->","yoast_head_json":{"title":"Aide ce site grandir - \u05d4\u05e2\u05d9\u05d3\u05df \u05d4\u05d7\u05d3\u05e9 \u05e9\u05dc \u05d0\u05d9\u05dc \u05db\u05d4\u05df","robots":{"index":"index","follow":"follow","max-snippet":"max-snippet:-1","max-image-preview":"max-image-preview:large","max-video-preview":"max-video-preview:-1"},"canonical":"https:\/\/eyalcohen.com\/fr\/aide-ce-site-grandir\/","og_locale":"fr_FR","og_type":"article","og_title":"Aide ce site grandir - \u05d4\u05e2\u05d9\u05d3\u05df \u05d4\u05d7\u05d3\u05e9 \u05e9\u05dc \u05d0\u05d9\u05dc \u05db\u05d4\u05df","og_description":"Chers amis; Depuis l&#8217;illumination que j&#8217;ai v\u00e9cu en 1993, qui a chang\u00e9 ma perception de la vie et de la sant\u00e9, je suis en train de transmettre cette information cruciale pour nos vies, sur ce site, et dans la s\u00e9rie de livres &#8220;Les choses que vous ne veut pas entendre de votre m\u00e9decin &#8220;que je [&hellip;]","og_url":"https:\/\/eyalcohen.com\/fr\/aide-ce-site-grandir\/","og_site_name":"\u05d4\u05e2\u05d9\u05d3\u05df \u05d4\u05d7\u05d3\u05e9 \u05e9\u05dc \u05d0\u05d9\u05dc \u05db\u05d4\u05df","article_publisher":"https:\/\/www.facebook.com\/groups\/528354840531271","twitter_card":"summary_large_image","twitter_misc":{"Dur\u00e9e de lecture estim\u00e9e":"1 minute"},"schema":{"@context":"https:\/\/schema.org","@graph":[{"@type":"WebPage","@id":"https:\/\/eyalcohen.com\/fr\/aide-ce-site-grandir\/","url":"https:\/\/eyalcohen.com\/fr\/aide-ce-site-grandir\/","name":"Aide ce site grandir - \u05d4\u05e2\u05d9\u05d3\u05df \u05d4\u05d7\u05d3\u05e9 \u05e9\u05dc \u05d0\u05d9\u05dc \u05db\u05d4\u05df","isPartOf":{"@id":"https:\/\/eyalcohen.com\/#website"},"datePublished":"2017-05-14T08:57:36+00:00","breadcrumb":{"@id":"https:\/\/eyalcohen.com\/fr\/aide-ce-site-grandir\/#breadcrumb"},"inLanguage":"fr-FR","potentialAction":[{"@type":"ReadAction","target":["https:\/\/eyalcohen.com\/fr\/aide-ce-site-grandir\/"]}]},{"@type":"BreadcrumbList","@id":"https:\/\/eyalcohen.com\/fr\/aide-ce-site-grandir\/#breadcrumb","itemListElement":[{"@type":"ListItem","position":1,"name":"\u05d3\u05e3 \u05d4\u05d1\u05d9\u05ea","item":"https:\/\/eyalcohen.com\/fr\/"},{"@type":"ListItem","position":2,"name":"Aide ce site grandir"}]},{"@type":"WebSite","@id":"https:\/\/eyalcohen.com\/#website","url":"https:\/\/eyalcohen.com\/","name":"\u05d4\u05e2\u05d9\u05d3\u05df \u05d4\u05d7\u05d3\u05e9 \u05e9\u05dc \u05d0\u05d9\u05dc \u05db\u05d4\u05df","description":"\u05d1\u05e8\u05d9\u05d0\u05d5\u05ea \u05d8\u05d1\u05e2\u05d9\u05ea, \u05de\u05d5\u05d6\u05d9\u05e7\u05d4 \u05dc\u05d0\u05d9\u05e8\u05d5\u05e2\u05d9\u05dd \u05d5\u05de\u05d4 \u05e9\u05d1\u05d9\u05e0\u05d9\u05d4\u05dd","publisher":{"@id":"https:\/\/eyalcohen.com\/#\/schema\/person\/2cf6581996d002a62e66ee8d3a64b863"},"potentialAction":[{"@type":"SearchAction","target":{"@type":"EntryPoint","urlTemplate":"https:\/\/eyalcohen.com\/?s={search_term_string}"},"query-input":{"@type":"PropertyValueSpecification","valueRequired":true,"valueName":"search_term_string"}}],"inLanguage":"fr-FR"},{"@type":["Person","Organization"],"@id":"https:\/\/eyalcohen.com\/#\/schema\/person\/2cf6581996d002a62e66ee8d3a64b863","name":"eyal cohen","image":{"@type":"ImageObject","inLanguage":"fr-FR","@id":"https:\/\/eyalcohen.com\/wp-content\/uploads\/2015\/12\/card_reiki.jpg","url":"https:\/\/eyalcohen.com\/wp-content\/uploads\/2015\/12\/card_reiki.jpg","contentUrl":"https:\/\/eyalcohen.com\/wp-content\/uploads\/2015\/12\/card_reiki.jpg","width":296,"height":532,"caption":"eyal cohen"},"logo":{"@id":"https:\/\/eyalcohen.com\/wp-content\/uploads\/2015\/12\/card_reiki.jpg"},"sameAs":["http:\/\/eyalcohen.com","https:\/\/www.facebook.com\/groups\/528354840531271","https:\/\/www.instagram.com\/eyalchn61\/"]}]}},"_links":{"self":[{"href":"https:\/\/eyalcohen.com\/fr\/wp-json\/wp\/v2\/pages\/4937","targetHints":{"allow":["GET"]}}],"collection":[{"href":"https:\/\/eyalcohen.com\/fr\/wp-json\/wp\/v2\/pages"}],"about":[{"href":"https:\/\/eyalcohen.com\/fr\/wp-json\/wp\/v2\/types\/page"}],"author":[{"embeddable":true,"href":"https:\/\/eyalcohen.com\/fr\/wp-json\/wp\/v2\/users\/2"}],"replies":[{"embeddable":true,"href":"https:\/\/eyalcohen.com\/fr\/wp-json\/wp\/v2\/comments?post=4937"}],"version-history":[{"count":1,"href":"https:\/\/eyalcohen.com\/fr\/wp-json\/wp\/v2\/pages\/4937\/revisions"}],"predecessor-version":[{"id":4938,"href":"https:\/\/eyalcohen.com\/fr\/wp-json\/wp\/v2\/pages\/4937\/revisions\/4938"}],"wp:attachment":[{"href":"https:\/\/eyalcohen.com\/fr\/wp-json\/wp\/v2\/media?parent=4937"}],"curies":[{"name":"wp","href":"https:\/\/api.w.org\/{rel}","templated":true}]}}