{"id":4935,"date":"2017-05-14T11:48:25","date_gmt":"2017-05-14T08:48:25","guid":{"rendered":"http:\/\/eyalcohen.com\/?page_id=4935"},"modified":"2017-05-14T11:48:25","modified_gmt":"2017-05-14T08:48:25","slug":"art-dans-lesprit-de-la-nouvelle-ere","status":"publish","type":"page","link":"https:\/\/eyalcohen.com\/fr\/art-dans-lesprit-de-la-nouvelle-ere\/","title":{"rendered":"Art dans l\u2019esprit de la nouvelle \u00e8re"},"content":{"rendered":"<p>One Love<\/p>\n<p>Ce pendentif que nous appelons \u00abla paix mondiale\u00bb ou \u00abun amour\u00bb, a commenc\u00e9 mon id\u00e9e et a \u00e9t\u00e9 fabriqu\u00e9 \u00e0 la main par mon jeune fr\u00e8re, qui est un bijoutier tr\u00e8s talentueux et hautement qualifi\u00e9s.<\/p>\n<p><img fetchpriority=\"high\" decoding=\"async\" class=\"wp-image-92 aligncenter\" title=\"world peace pendent\" src=\"http:\/\/eyalcohen.com\/fr\/files\/2016\/08\/NEW-AGE-ART.jpg\" alt=\"NEW AGE ART\" width=\"556\" height=\"572\" \/><\/p>\n<p>Le pendentif comporte les symboles du juda\u00efsme, le christianisme et l&#8217;islam dans un c\u0153ur soutenu par le symbole de la paix, alors que toute la structure est maintenue par la colombe de la paix.<\/p>\n<p>Fait d&#8217;argent pur (argent sterling 925)<\/p>\n<p><a href=\"http:\/\/www.ebay.com\/itm\/Utopia-Pendent-\/171054924539?hash=item27d3ab02fb:g:6pEAAOxyFrNRsxG1\">Acheter sur ebay<\/a><\/p>\n","protected":false},"excerpt":{"rendered":"<p>One Love Ce pendentif que nous appelons \u00abla paix mondiale\u00bb ou \u00abun amour\u00bb, a commenc\u00e9 mon id\u00e9e et a \u00e9t\u00e9 fabriqu\u00e9 \u00e0 la main par mon jeune fr\u00e8re, qui est un bijoutier tr\u00e8s talentueux et hautement qualifi\u00e9s. Le pendentif comporte les symboles du juda\u00efsme, le christianisme et l&#8217;islam dans un c\u0153ur soutenu par le symbole [&hellip;]<\/p>\n","protected":false},"author":2,"featured_media":0,"parent":0,"menu_order":0,"comment_status":"open","ping_status":"open","template":"","meta":{"_monsterinsights_skip_tracking":false,"_monsterinsights_sitenote_active":false,"_monsterinsights_sitenote_note":"","_monsterinsights_sitenote_category":0,"footnotes":""},"class_list":["post-4935","page","type-page","status-publish","hentry"],"yoast_head":"<!-- This site is optimized with the Yoast SEO plugin v27.3 - https:\/\/yoast.com\/product\/yoast-seo-wordpress\/ -->\n<title>Art dans l\u2019esprit de la nouvelle \u00e8re - \u05d4\u05e2\u05d9\u05d3\u05df \u05d4\u05d7\u05d3\u05e9 \u05e9\u05dc \u05d0\u05d9\u05dc \u05db\u05d4\u05df<\/title>\n<meta name=\"robots\" content=\"index, follow, max-snippet:-1, max-image-preview:large, max-video-preview:-1\" \/>\n<link rel=\"canonical\" href=\"https:\/\/eyalcohen.com\/fr\/art-dans-lesprit-de-la-nouvelle-ere\/\" \/>\n<meta property=\"og:locale\" content=\"fr_FR\" \/>\n<meta property=\"og:type\" content=\"article\" \/>\n<meta property=\"og:title\" content=\"Art dans l\u2019esprit de la nouvelle \u00e8re - \u05d4\u05e2\u05d9\u05d3\u05df \u05d4\u05d7\u05d3\u05e9 \u05e9\u05dc \u05d0\u05d9\u05dc \u05db\u05d4\u05df\" \/>\n<meta property=\"og:description\" content=\"One Love Ce pendentif que nous appelons \u00abla paix mondiale\u00bb ou \u00abun amour\u00bb, a commenc\u00e9 mon id\u00e9e et a \u00e9t\u00e9 fabriqu\u00e9 \u00e0 la main par mon jeune fr\u00e8re, qui est un bijoutier tr\u00e8s talentueux et hautement qualifi\u00e9s. Le pendentif comporte les symboles du juda\u00efsme, le christianisme et l&#8217;islam dans un c\u0153ur soutenu par le symbole [&hellip;]\" \/>\n<meta property=\"og:url\" content=\"https:\/\/eyalcohen.com\/fr\/art-dans-lesprit-de-la-nouvelle-ere\/\" \/>\n<meta property=\"og:site_name\" content=\"\u05d4\u05e2\u05d9\u05d3\u05df \u05d4\u05d7\u05d3\u05e9 \u05e9\u05dc \u05d0\u05d9\u05dc \u05db\u05d4\u05df\" \/>\n<meta property=\"article:publisher\" content=\"https:\/\/www.facebook.com\/groups\/528354840531271\" \/>\n<meta property=\"og:image\" content=\"http:\/\/eyalcohen.com\/fr\/files\/2016\/08\/NEW-AGE-ART.jpg\" \/>\n<meta name=\"twitter:card\" content=\"summary_large_image\" \/>\n<script type=\"application\/ld+json\" class=\"yoast-schema-graph\">{\"@context\":\"https:\\\/\\\/schema.org\",\"@graph\":[{\"@type\":\"WebPage\",\"@id\":\"https:\\\/\\\/eyalcohen.com\\\/fr\\\/art-dans-lesprit-de-la-nouvelle-ere\\\/\",\"url\":\"https:\\\/\\\/eyalcohen.com\\\/fr\\\/art-dans-lesprit-de-la-nouvelle-ere\\\/\",\"name\":\"Art dans l\u2019esprit de la nouvelle \u00e8re - \u05d4\u05e2\u05d9\u05d3\u05df \u05d4\u05d7\u05d3\u05e9 \u05e9\u05dc \u05d0\u05d9\u05dc \u05db\u05d4\u05df\",\"isPartOf\":{\"@id\":\"https:\\\/\\\/eyalcohen.com\\\/#website\"},\"primaryImageOfPage\":{\"@id\":\"https:\\\/\\\/eyalcohen.com\\\/fr\\\/art-dans-lesprit-de-la-nouvelle-ere\\\/#primaryimage\"},\"image\":{\"@id\":\"https:\\\/\\\/eyalcohen.com\\\/fr\\\/art-dans-lesprit-de-la-nouvelle-ere\\\/#primaryimage\"},\"thumbnailUrl\":\"http:\\\/\\\/eyalcohen.com\\\/fr\\\/files\\\/2016\\\/08\\\/NEW-AGE-ART.jpg\",\"datePublished\":\"2017-05-14T08:48:25+00:00\",\"breadcrumb\":{\"@id\":\"https:\\\/\\\/eyalcohen.com\\\/fr\\\/art-dans-lesprit-de-la-nouvelle-ere\\\/#breadcrumb\"},\"inLanguage\":\"fr-FR\",\"potentialAction\":[{\"@type\":\"ReadAction\",\"target\":[\"https:\\\/\\\/eyalcohen.com\\\/fr\\\/art-dans-lesprit-de-la-nouvelle-ere\\\/\"]}]},{\"@type\":\"ImageObject\",\"inLanguage\":\"fr-FR\",\"@id\":\"https:\\\/\\\/eyalcohen.com\\\/fr\\\/art-dans-lesprit-de-la-nouvelle-ere\\\/#primaryimage\",\"url\":\"http:\\\/\\\/eyalcohen.com\\\/fr\\\/files\\\/2016\\\/08\\\/NEW-AGE-ART.jpg\",\"contentUrl\":\"http:\\\/\\\/eyalcohen.com\\\/fr\\\/files\\\/2016\\\/08\\\/NEW-AGE-ART.jpg\"},{\"@type\":\"BreadcrumbList\",\"@id\":\"https:\\\/\\\/eyalcohen.com\\\/fr\\\/art-dans-lesprit-de-la-nouvelle-ere\\\/#breadcrumb\",\"itemListElement\":[{\"@type\":\"ListItem\",\"position\":1,\"name\":\"\u05d3\u05e3 \u05d4\u05d1\u05d9\u05ea\",\"item\":\"https:\\\/\\\/eyalcohen.com\\\/fr\\\/\"},{\"@type\":\"ListItem\",\"position\":2,\"name\":\"Art dans l\u2019esprit de la nouvelle \u00e8re\"}]},{\"@type\":\"WebSite\",\"@id\":\"https:\\\/\\\/eyalcohen.com\\\/#website\",\"url\":\"https:\\\/\\\/eyalcohen.com\\\/\",\"name\":\"\u05d4\u05e2\u05d9\u05d3\u05df \u05d4\u05d7\u05d3\u05e9 \u05e9\u05dc \u05d0\u05d9\u05dc \u05db\u05d4\u05df\",\"description\":\"\u05d1\u05e8\u05d9\u05d0\u05d5\u05ea \u05d8\u05d1\u05e2\u05d9\u05ea, \u05de\u05d5\u05d6\u05d9\u05e7\u05d4 \u05dc\u05d0\u05d9\u05e8\u05d5\u05e2\u05d9\u05dd \u05d5\u05de\u05d4 \u05e9\u05d1\u05d9\u05e0\u05d9\u05d4\u05dd\",\"publisher\":{\"@id\":\"https:\\\/\\\/eyalcohen.com\\\/#\\\/schema\\\/person\\\/2cf6581996d002a62e66ee8d3a64b863\"},\"potentialAction\":[{\"@type\":\"SearchAction\",\"target\":{\"@type\":\"EntryPoint\",\"urlTemplate\":\"https:\\\/\\\/eyalcohen.com\\\/?s={search_term_string}\"},\"query-input\":{\"@type\":\"PropertyValueSpecification\",\"valueRequired\":true,\"valueName\":\"search_term_string\"}}],\"inLanguage\":\"fr-FR\"},{\"@type\":[\"Person\",\"Organization\"],\"@id\":\"https:\\\/\\\/eyalcohen.com\\\/#\\\/schema\\\/person\\\/2cf6581996d002a62e66ee8d3a64b863\",\"name\":\"eyal cohen\",\"image\":{\"@type\":\"ImageObject\",\"inLanguage\":\"fr-FR\",\"@id\":\"https:\\\/\\\/eyalcohen.com\\\/wp-content\\\/uploads\\\/2015\\\/12\\\/card_reiki.jpg\",\"url\":\"https:\\\/\\\/eyalcohen.com\\\/wp-content\\\/uploads\\\/2015\\\/12\\\/card_reiki.jpg\",\"contentUrl\":\"https:\\\/\\\/eyalcohen.com\\\/wp-content\\\/uploads\\\/2015\\\/12\\\/card_reiki.jpg\",\"width\":296,\"height\":532,\"caption\":\"eyal cohen\"},\"logo\":{\"@id\":\"https:\\\/\\\/eyalcohen.com\\\/wp-content\\\/uploads\\\/2015\\\/12\\\/card_reiki.jpg\"},\"sameAs\":[\"http:\\\/\\\/eyalcohen.com\",\"https:\\\/\\\/www.facebook.com\\\/groups\\\/528354840531271\",\"https:\\\/\\\/www.instagram.com\\\/eyalchn61\\\/\"]}]}<\/script>\n<!-- \/ Yoast SEO plugin. -->","yoast_head_json":{"title":"Art dans l\u2019esprit de la nouvelle \u00e8re - \u05d4\u05e2\u05d9\u05d3\u05df \u05d4\u05d7\u05d3\u05e9 \u05e9\u05dc \u05d0\u05d9\u05dc \u05db\u05d4\u05df","robots":{"index":"index","follow":"follow","max-snippet":"max-snippet:-1","max-image-preview":"max-image-preview:large","max-video-preview":"max-video-preview:-1"},"canonical":"https:\/\/eyalcohen.com\/fr\/art-dans-lesprit-de-la-nouvelle-ere\/","og_locale":"fr_FR","og_type":"article","og_title":"Art dans l\u2019esprit de la nouvelle \u00e8re - \u05d4\u05e2\u05d9\u05d3\u05df \u05d4\u05d7\u05d3\u05e9 \u05e9\u05dc \u05d0\u05d9\u05dc \u05db\u05d4\u05df","og_description":"One Love Ce pendentif que nous appelons \u00abla paix mondiale\u00bb ou \u00abun amour\u00bb, a commenc\u00e9 mon id\u00e9e et a \u00e9t\u00e9 fabriqu\u00e9 \u00e0 la main par mon jeune fr\u00e8re, qui est un bijoutier tr\u00e8s talentueux et hautement qualifi\u00e9s. Le pendentif comporte les symboles du juda\u00efsme, le christianisme et l&#8217;islam dans un c\u0153ur soutenu par le symbole [&hellip;]","og_url":"https:\/\/eyalcohen.com\/fr\/art-dans-lesprit-de-la-nouvelle-ere\/","og_site_name":"\u05d4\u05e2\u05d9\u05d3\u05df \u05d4\u05d7\u05d3\u05e9 \u05e9\u05dc \u05d0\u05d9\u05dc \u05db\u05d4\u05df","article_publisher":"https:\/\/www.facebook.com\/groups\/528354840531271","og_image":[{"url":"http:\/\/eyalcohen.com\/fr\/files\/2016\/08\/NEW-AGE-ART.jpg","type":"","width":"","height":""}],"twitter_card":"summary_large_image","schema":{"@context":"https:\/\/schema.org","@graph":[{"@type":"WebPage","@id":"https:\/\/eyalcohen.com\/fr\/art-dans-lesprit-de-la-nouvelle-ere\/","url":"https:\/\/eyalcohen.com\/fr\/art-dans-lesprit-de-la-nouvelle-ere\/","name":"Art dans l\u2019esprit de la nouvelle \u00e8re - \u05d4\u05e2\u05d9\u05d3\u05df \u05d4\u05d7\u05d3\u05e9 \u05e9\u05dc \u05d0\u05d9\u05dc \u05db\u05d4\u05df","isPartOf":{"@id":"https:\/\/eyalcohen.com\/#website"},"primaryImageOfPage":{"@id":"https:\/\/eyalcohen.com\/fr\/art-dans-lesprit-de-la-nouvelle-ere\/#primaryimage"},"image":{"@id":"https:\/\/eyalcohen.com\/fr\/art-dans-lesprit-de-la-nouvelle-ere\/#primaryimage"},"thumbnailUrl":"http:\/\/eyalcohen.com\/fr\/files\/2016\/08\/NEW-AGE-ART.jpg","datePublished":"2017-05-14T08:48:25+00:00","breadcrumb":{"@id":"https:\/\/eyalcohen.com\/fr\/art-dans-lesprit-de-la-nouvelle-ere\/#breadcrumb"},"inLanguage":"fr-FR","potentialAction":[{"@type":"ReadAction","target":["https:\/\/eyalcohen.com\/fr\/art-dans-lesprit-de-la-nouvelle-ere\/"]}]},{"@type":"ImageObject","inLanguage":"fr-FR","@id":"https:\/\/eyalcohen.com\/fr\/art-dans-lesprit-de-la-nouvelle-ere\/#primaryimage","url":"http:\/\/eyalcohen.com\/fr\/files\/2016\/08\/NEW-AGE-ART.jpg","contentUrl":"http:\/\/eyalcohen.com\/fr\/files\/2016\/08\/NEW-AGE-ART.jpg"},{"@type":"BreadcrumbList","@id":"https:\/\/eyalcohen.com\/fr\/art-dans-lesprit-de-la-nouvelle-ere\/#breadcrumb","itemListElement":[{"@type":"ListItem","position":1,"name":"\u05d3\u05e3 \u05d4\u05d1\u05d9\u05ea","item":"https:\/\/eyalcohen.com\/fr\/"},{"@type":"ListItem","position":2,"name":"Art dans l\u2019esprit de la nouvelle \u00e8re"}]},{"@type":"WebSite","@id":"https:\/\/eyalcohen.com\/#website","url":"https:\/\/eyalcohen.com\/","name":"\u05d4\u05e2\u05d9\u05d3\u05df \u05d4\u05d7\u05d3\u05e9 \u05e9\u05dc \u05d0\u05d9\u05dc \u05db\u05d4\u05df","description":"\u05d1\u05e8\u05d9\u05d0\u05d5\u05ea \u05d8\u05d1\u05e2\u05d9\u05ea, \u05de\u05d5\u05d6\u05d9\u05e7\u05d4 \u05dc\u05d0\u05d9\u05e8\u05d5\u05e2\u05d9\u05dd \u05d5\u05de\u05d4 \u05e9\u05d1\u05d9\u05e0\u05d9\u05d4\u05dd","publisher":{"@id":"https:\/\/eyalcohen.com\/#\/schema\/person\/2cf6581996d002a62e66ee8d3a64b863"},"potentialAction":[{"@type":"SearchAction","target":{"@type":"EntryPoint","urlTemplate":"https:\/\/eyalcohen.com\/?s={search_term_string}"},"query-input":{"@type":"PropertyValueSpecification","valueRequired":true,"valueName":"search_term_string"}}],"inLanguage":"fr-FR"},{"@type":["Person","Organization"],"@id":"https:\/\/eyalcohen.com\/#\/schema\/person\/2cf6581996d002a62e66ee8d3a64b863","name":"eyal cohen","image":{"@type":"ImageObject","inLanguage":"fr-FR","@id":"https:\/\/eyalcohen.com\/wp-content\/uploads\/2015\/12\/card_reiki.jpg","url":"https:\/\/eyalcohen.com\/wp-content\/uploads\/2015\/12\/card_reiki.jpg","contentUrl":"https:\/\/eyalcohen.com\/wp-content\/uploads\/2015\/12\/card_reiki.jpg","width":296,"height":532,"caption":"eyal cohen"},"logo":{"@id":"https:\/\/eyalcohen.com\/wp-content\/uploads\/2015\/12\/card_reiki.jpg"},"sameAs":["http:\/\/eyalcohen.com","https:\/\/www.facebook.com\/groups\/528354840531271","https:\/\/www.instagram.com\/eyalchn61\/"]}]}},"_links":{"self":[{"href":"https:\/\/eyalcohen.com\/fr\/wp-json\/wp\/v2\/pages\/4935","targetHints":{"allow":["GET"]}}],"collection":[{"href":"https:\/\/eyalcohen.com\/fr\/wp-json\/wp\/v2\/pages"}],"about":[{"href":"https:\/\/eyalcohen.com\/fr\/wp-json\/wp\/v2\/types\/page"}],"author":[{"embeddable":true,"href":"https:\/\/eyalcohen.com\/fr\/wp-json\/wp\/v2\/users\/2"}],"replies":[{"embeddable":true,"href":"https:\/\/eyalcohen.com\/fr\/wp-json\/wp\/v2\/comments?post=4935"}],"version-history":[{"count":1,"href":"https:\/\/eyalcohen.com\/fr\/wp-json\/wp\/v2\/pages\/4935\/revisions"}],"predecessor-version":[{"id":4936,"href":"https:\/\/eyalcohen.com\/fr\/wp-json\/wp\/v2\/pages\/4935\/revisions\/4936"}],"wp:attachment":[{"href":"https:\/\/eyalcohen.com\/fr\/wp-json\/wp\/v2\/media?parent=4935"}],"curies":[{"name":"wp","href":"https:\/\/api.w.org\/{rel}","templated":true}]}}