{"id":4933,"date":"2017-05-14T11:42:56","date_gmt":"2017-05-14T08:42:56","guid":{"rendered":"http:\/\/eyalcohen.com\/?page_id=4933"},"modified":"2017-07-07T19:30:16","modified_gmt":"2017-07-07T16:30:16","slug":"la-sensibilisation-objectif","status":"publish","type":"page","link":"https:\/\/eyalcohen.com\/fr\/la-sensibilisation-objectif\/","title":{"rendered":"La sensibilisation objectif"},"content":{"rendered":"<p style=\"text-align: justify;\">Mon nom est eyal cohen et je suis un gourou et un gu\u00e9risseur d&#8217;Isra\u00ebl<\/p>\n<p style=\"text-align: justify;\">Et jusqu&#8217;en 1993 je suis un soi-disant &#8220;une personne normale,&#8221; je me suis rendu mon m\u00e9decin chaque fois que j&#8217;avais un probl\u00e8me de sant\u00e9, et je croyais toute recherche sur la sant\u00e9 qui a \u00e9t\u00e9 publi\u00e9.<\/p>\n<p style=\"direction: ltr;\">Vous pourriez dire que je pensais que je devais penser, mais il serait plus exact de dire \u00abJe ne pense pas &#8211; comme je devais ne pas penser,&#8221; parce que l&#8217;\u00e9tablissement dispose de toutes les connaissances que vous avez besoin et vous \u00eates pas cens\u00e9 avoir des pens\u00e9es de votre propre.<\/p>\n<p style=\"direction: ltr;\">En 1993, je suis parvenu \u00e0 d\u00e9couvrir les processus des maladies des gencives, et me gu\u00e9rir d&#8217;une mani\u00e8re syst\u00e9matique de la situation grave de recul des gencives, d&#8217;une mani\u00e8re qui l&#8217;\u00e9tablissement m\u00e9dical et les m\u00e9dias ignore compl\u00e8tement.<\/p>\n<p style=\"direction: ltr;\">La confrontation avec le fait qu&#8217;aucune autorit\u00e9 est int\u00e9ress\u00e9 \u00e0 examiner les informations de mon r\u00e9tablissement, afin d&#8217;aider d&#8217;autres personnes qui souffrent de ces maladies, m&#8217;a fait perdre toute confiance dans les syst\u00e8mes et les \u00e9tablissements de notre culture.<\/p>\n<p style=\"direction: ltr;\">Par cons\u00e9quent, j&#8217;ai v\u00e9cu une illumination puissante, qui m&#8217;a fait faire ce qui semblait impossible pour une personne apparemment normale. Je commen\u00e7ais \u00e0 penser par moi-m\u00eame, et a d\u00e9velopp\u00e9 une th\u00e9orie que j&#8217;appelle \u00abSensibilisation Objectif\u00bb, qui est la plupart du temps sur la compr\u00e9hension de la vie et de la sant\u00e9 de l&#8217;aspect \u00e9nerg\u00e9tique, jusqu&#8217;\u00e0 la plus haute r\u00e9solution de la cr\u00e9ation de la vie et le sens de la vie.<\/p>\n<p style=\"direction: ltr;\">Objectif sensibilisation est une fa\u00e7on de comprendre la vie sans \u00eatre manipul\u00e9 par les pouvoirs que nous sommes conditionn\u00e9s \u00e0 suivre aveugl\u00e9ment, qui sont motiv\u00e9s par la plupart politiques, industrielles, financi\u00e8res, religieuses &#8211; int\u00e9r\u00eats et autres qui contr\u00f4lent l&#8217;esprit et le comportement des gens.<\/p>\n<p style=\"direction: ltr;\">Avec notre perception et les normes culturelles soigneusement con\u00e7u, vous ne devriez pas avoir des pens\u00e9es ind\u00e9pendance. Si vous avez ces pens\u00e9es aga\u00e7antes, vous d\u00e9couvrirez rapidement que vous rejet\u00e9s par la soci\u00e9t\u00e9, qui supprime les id\u00e9es unaccepted, et m\u00eame vos amis les plus proches et la famille tourner le dos \u00e0 vous, et ne sera pas parler avec vous de vos id\u00e9es diff\u00e9rentes.<\/p>\n<p style=\"direction: ltr;\">Bien que notre civilisation est si avanc\u00e9e, le crit\u00e8re r\u00e9el qui d\u00e9termine si nous r\u00e9ussissons, notre sant\u00e9 et notre bien-\u00eatre. Le fait que les maladies g\u00e9n\u00e9tiques de l&#8217;environnement que le cancer &#8211; et les maladies \u00e9nerg\u00e9tiques telles que le diab\u00e8te, le lupus, le psoriasis, la maladie de crohn, l&#8217;asthme, la fibromyalgie, les maladies cardiaques et beaucoup d&#8217;autres sont de plus qui pr\u00e9valent \u00e0 l&#8217;\u00e9chelle d&#8217;une \u00e9pid\u00e9mie, indique que nous ne sommes pas un tel succ\u00e8s apr\u00e8s tout, et que quelque chose est d\u00e9form\u00e9e dans la base de cette civilisation et dans sa philosophie.<\/p>\n<p style=\"direction: ltr;\">Si nous savions comment vivre une vie \u00e9quilibr\u00e9e dans l&#8217;aspect \u00e9nerg\u00e9tique, ces maladies n&#8217;existent, ou seraient sur une \u00e9chelle n\u00e9gligeable, mais dans notre soci\u00e9t\u00e9, qui pi\u00e9tine tout solde possible, ils causent la souffrance et la mort \u00e0 un trop grand nombre de personnes. Comme les maladies des gencives, ces maladies, dans de nombreux cas peuvent \u00eatre \u00e9vit\u00e9s et gu\u00e9ris avec les traitements \u00e9nergiques qui soutiennent et habilitent le corps, et d&#8217;am\u00e9liorer sa capacit\u00e9 de durcissement.<\/p>\n<p style=\"direction: ltr;\">Le probl\u00e8me est que selon la perception accept\u00e9e, notre civilisation qui ne conna\u00eet pas les causes des maladies, peuvent exploiter l&#8217;\u00e9nergie des gens sans se sentir coupable et sans remords de conscience, sans \u00eatre accus\u00e9 de quoi que ce soit ou d&#8217;avoir \u00e0 prendre la responsabilit\u00e9 de la mont\u00e9e de ces maladies.<\/p>\n<p style=\"direction: ltr;\">Le deuxi\u00e8me livre de la s\u00e9rie, qui est appel\u00e9 \u00abl&#8217;Essence de la Cr\u00e9ation&#8221;, a \u00e9t\u00e9 lib\u00e9r\u00e9 en Isra\u00ebl en Novembre 2007, prend la compr\u00e9hension de l&#8217;\u00e9nergie plus profonde, et explique le d\u00e9velopper de vivre comme une volont\u00e9 d&#8217;\u00e9nergie pour pr\u00e9server et develope, et corps comme une entit\u00e9 \u00e9nerg\u00e9tique avec tous ses aspects.<\/p>\n<p style=\"direction: ltr;\">Je crois que la diffusion de cette information est la seule fa\u00e7on qui pourrait conduire \u00e0 une am\u00e9lioration significative de la qualit\u00e9 de vie de l&#8217;individu &#8211; et consid\u00e9rablement r\u00e9duire l&#8217;\u00e9norme fardeau sur le syst\u00e8me de sant\u00e9, et de la soci\u00e9t\u00e9 dans son ensemble.<\/p>\n<hr style=\"direction: ltr;\" \/>\n<p style=\"text-align: justify;\">Ce sujet est traduit en fran\u00e7ais avec google translate, mais vous aurez besoin de lire entre les lignes, parce que la traduction ne sont pas exactes.<\/p>\n<p style=\"text-align: justify;\">Si vous pouvez aider \u00e0 la traduction de certaines parties de ce site web, je serai reconnaissant et je suis s\u00fbr que le fait beaucoup d&#8217;autres.<\/p>\n<p style=\"text-align: justify;\">Merci pour votre visite<\/p>\n<p style=\"text-align: justify;\"><img fetchpriority=\"high\" decoding=\"async\" class=\"wp-image-41 size-medium\" src=\"http:\/\/eyalcohen.com\/fr\/files\/2016\/07\/book2-207x300.jpg\" alt=\"book2\" width=\"207\" height=\"300\" \/> <img decoding=\"async\" class=\"wp-image-9 size-medium\" src=\"http:\/\/eyalcohen.com\/fr\/files\/2016\/07\/ENGLISH-BOOK-COVER-FRONT-207x300.jpg\" alt=\"ENGLISH BOOK COVER FRONT\" width=\"207\" height=\"300\" \/><\/p>\n","protected":false},"excerpt":{"rendered":"<p>Mon nom est eyal cohen et je suis un gourou et un gu\u00e9risseur d&#8217;Isra\u00ebl Et jusqu&#8217;en 1993 je suis un soi-disant &#8220;une personne normale,&#8221; je me suis rendu mon m\u00e9decin chaque fois que j&#8217;avais un probl\u00e8me de sant\u00e9, et je croyais toute recherche sur la sant\u00e9 qui a \u00e9t\u00e9 publi\u00e9. Vous pourriez dire que je [&hellip;]<\/p>\n","protected":false},"author":2,"featured_media":0,"parent":0,"menu_order":0,"comment_status":"open","ping_status":"open","template":"","meta":{"_monsterinsights_skip_tracking":false,"_monsterinsights_sitenote_active":false,"_monsterinsights_sitenote_note":"","_monsterinsights_sitenote_category":0,"footnotes":""},"class_list":["post-4933","page","type-page","status-publish","hentry"],"yoast_head":"<!-- This site is optimized with the Yoast SEO plugin v27.3 - https:\/\/yoast.com\/product\/yoast-seo-wordpress\/ -->\n<title>La sensibilisation objectif - \u05d4\u05e2\u05d9\u05d3\u05df \u05d4\u05d7\u05d3\u05e9 \u05e9\u05dc \u05d0\u05d9\u05dc \u05db\u05d4\u05df<\/title>\n<meta name=\"robots\" content=\"index, follow, max-snippet:-1, max-image-preview:large, max-video-preview:-1\" \/>\n<link rel=\"canonical\" href=\"https:\/\/eyalcohen.com\/fr\/la-sensibilisation-objectif\/\" \/>\n<meta property=\"og:locale\" content=\"fr_FR\" \/>\n<meta property=\"og:type\" content=\"article\" \/>\n<meta property=\"og:title\" content=\"La sensibilisation objectif - \u05d4\u05e2\u05d9\u05d3\u05df \u05d4\u05d7\u05d3\u05e9 \u05e9\u05dc \u05d0\u05d9\u05dc \u05db\u05d4\u05df\" \/>\n<meta property=\"og:description\" content=\"Mon nom est eyal cohen et je suis un gourou et un gu\u00e9risseur d&#8217;Isra\u00ebl Et jusqu&#8217;en 1993 je suis un soi-disant &#8220;une personne normale,&#8221; je me suis rendu mon m\u00e9decin chaque fois que j&#8217;avais un probl\u00e8me de sant\u00e9, et je croyais toute recherche sur la sant\u00e9 qui a \u00e9t\u00e9 publi\u00e9. Vous pourriez dire que je [&hellip;]\" \/>\n<meta property=\"og:url\" content=\"https:\/\/eyalcohen.com\/fr\/la-sensibilisation-objectif\/\" \/>\n<meta property=\"og:site_name\" content=\"\u05d4\u05e2\u05d9\u05d3\u05df \u05d4\u05d7\u05d3\u05e9 \u05e9\u05dc \u05d0\u05d9\u05dc \u05db\u05d4\u05df\" \/>\n<meta property=\"article:publisher\" content=\"https:\/\/www.facebook.com\/groups\/528354840531271\" \/>\n<meta property=\"article:modified_time\" content=\"2017-07-07T16:30:16+00:00\" \/>\n<meta property=\"og:image\" content=\"http:\/\/eyalcohen.com\/fr\/files\/2016\/07\/book2-207x300.jpg\" \/>\n<meta name=\"twitter:card\" content=\"summary_large_image\" \/>\n<meta name=\"twitter:label1\" content=\"Dur\u00e9e de lecture estim\u00e9e\" \/>\n\t<meta name=\"twitter:data1\" content=\"4 minutes\" \/>\n<script type=\"application\/ld+json\" class=\"yoast-schema-graph\">{\"@context\":\"https:\\\/\\\/schema.org\",\"@graph\":[{\"@type\":\"WebPage\",\"@id\":\"https:\\\/\\\/eyalcohen.com\\\/fr\\\/la-sensibilisation-objectif\\\/\",\"url\":\"https:\\\/\\\/eyalcohen.com\\\/fr\\\/la-sensibilisation-objectif\\\/\",\"name\":\"La sensibilisation objectif - \u05d4\u05e2\u05d9\u05d3\u05df \u05d4\u05d7\u05d3\u05e9 \u05e9\u05dc \u05d0\u05d9\u05dc \u05db\u05d4\u05df\",\"isPartOf\":{\"@id\":\"https:\\\/\\\/eyalcohen.com\\\/#website\"},\"primaryImageOfPage\":{\"@id\":\"https:\\\/\\\/eyalcohen.com\\\/fr\\\/la-sensibilisation-objectif\\\/#primaryimage\"},\"image\":{\"@id\":\"https:\\\/\\\/eyalcohen.com\\\/fr\\\/la-sensibilisation-objectif\\\/#primaryimage\"},\"thumbnailUrl\":\"http:\\\/\\\/eyalcohen.com\\\/fr\\\/files\\\/2016\\\/07\\\/book2-207x300.jpg\",\"datePublished\":\"2017-05-14T08:42:56+00:00\",\"dateModified\":\"2017-07-07T16:30:16+00:00\",\"breadcrumb\":{\"@id\":\"https:\\\/\\\/eyalcohen.com\\\/fr\\\/la-sensibilisation-objectif\\\/#breadcrumb\"},\"inLanguage\":\"fr-FR\",\"potentialAction\":[{\"@type\":\"ReadAction\",\"target\":[\"https:\\\/\\\/eyalcohen.com\\\/fr\\\/la-sensibilisation-objectif\\\/\"]}]},{\"@type\":\"ImageObject\",\"inLanguage\":\"fr-FR\",\"@id\":\"https:\\\/\\\/eyalcohen.com\\\/fr\\\/la-sensibilisation-objectif\\\/#primaryimage\",\"url\":\"http:\\\/\\\/eyalcohen.com\\\/fr\\\/files\\\/2016\\\/07\\\/book2-207x300.jpg\",\"contentUrl\":\"http:\\\/\\\/eyalcohen.com\\\/fr\\\/files\\\/2016\\\/07\\\/book2-207x300.jpg\"},{\"@type\":\"BreadcrumbList\",\"@id\":\"https:\\\/\\\/eyalcohen.com\\\/fr\\\/la-sensibilisation-objectif\\\/#breadcrumb\",\"itemListElement\":[{\"@type\":\"ListItem\",\"position\":1,\"name\":\"\u05d3\u05e3 \u05d4\u05d1\u05d9\u05ea\",\"item\":\"https:\\\/\\\/eyalcohen.com\\\/fr\\\/\"},{\"@type\":\"ListItem\",\"position\":2,\"name\":\"La sensibilisation objectif\"}]},{\"@type\":\"WebSite\",\"@id\":\"https:\\\/\\\/eyalcohen.com\\\/#website\",\"url\":\"https:\\\/\\\/eyalcohen.com\\\/\",\"name\":\"\u05d4\u05e2\u05d9\u05d3\u05df \u05d4\u05d7\u05d3\u05e9 \u05e9\u05dc \u05d0\u05d9\u05dc \u05db\u05d4\u05df\",\"description\":\"\u05d1\u05e8\u05d9\u05d0\u05d5\u05ea \u05d8\u05d1\u05e2\u05d9\u05ea, \u05de\u05d5\u05d6\u05d9\u05e7\u05d4 \u05dc\u05d0\u05d9\u05e8\u05d5\u05e2\u05d9\u05dd \u05d5\u05de\u05d4 \u05e9\u05d1\u05d9\u05e0\u05d9\u05d4\u05dd\",\"publisher\":{\"@id\":\"https:\\\/\\\/eyalcohen.com\\\/#\\\/schema\\\/person\\\/2cf6581996d002a62e66ee8d3a64b863\"},\"potentialAction\":[{\"@type\":\"SearchAction\",\"target\":{\"@type\":\"EntryPoint\",\"urlTemplate\":\"https:\\\/\\\/eyalcohen.com\\\/?s={search_term_string}\"},\"query-input\":{\"@type\":\"PropertyValueSpecification\",\"valueRequired\":true,\"valueName\":\"search_term_string\"}}],\"inLanguage\":\"fr-FR\"},{\"@type\":[\"Person\",\"Organization\"],\"@id\":\"https:\\\/\\\/eyalcohen.com\\\/#\\\/schema\\\/person\\\/2cf6581996d002a62e66ee8d3a64b863\",\"name\":\"eyal cohen\",\"image\":{\"@type\":\"ImageObject\",\"inLanguage\":\"fr-FR\",\"@id\":\"https:\\\/\\\/eyalcohen.com\\\/wp-content\\\/uploads\\\/2015\\\/12\\\/card_reiki.jpg\",\"url\":\"https:\\\/\\\/eyalcohen.com\\\/wp-content\\\/uploads\\\/2015\\\/12\\\/card_reiki.jpg\",\"contentUrl\":\"https:\\\/\\\/eyalcohen.com\\\/wp-content\\\/uploads\\\/2015\\\/12\\\/card_reiki.jpg\",\"width\":296,\"height\":532,\"caption\":\"eyal cohen\"},\"logo\":{\"@id\":\"https:\\\/\\\/eyalcohen.com\\\/wp-content\\\/uploads\\\/2015\\\/12\\\/card_reiki.jpg\"},\"sameAs\":[\"http:\\\/\\\/eyalcohen.com\",\"https:\\\/\\\/www.facebook.com\\\/groups\\\/528354840531271\",\"https:\\\/\\\/www.instagram.com\\\/eyalchn61\\\/\"]}]}<\/script>\n<!-- \/ Yoast SEO plugin. -->","yoast_head_json":{"title":"La sensibilisation objectif - \u05d4\u05e2\u05d9\u05d3\u05df \u05d4\u05d7\u05d3\u05e9 \u05e9\u05dc \u05d0\u05d9\u05dc \u05db\u05d4\u05df","robots":{"index":"index","follow":"follow","max-snippet":"max-snippet:-1","max-image-preview":"max-image-preview:large","max-video-preview":"max-video-preview:-1"},"canonical":"https:\/\/eyalcohen.com\/fr\/la-sensibilisation-objectif\/","og_locale":"fr_FR","og_type":"article","og_title":"La sensibilisation objectif - \u05d4\u05e2\u05d9\u05d3\u05df \u05d4\u05d7\u05d3\u05e9 \u05e9\u05dc \u05d0\u05d9\u05dc \u05db\u05d4\u05df","og_description":"Mon nom est eyal cohen et je suis un gourou et un gu\u00e9risseur d&#8217;Isra\u00ebl Et jusqu&#8217;en 1993 je suis un soi-disant &#8220;une personne normale,&#8221; je me suis rendu mon m\u00e9decin chaque fois que j&#8217;avais un probl\u00e8me de sant\u00e9, et je croyais toute recherche sur la sant\u00e9 qui a \u00e9t\u00e9 publi\u00e9. Vous pourriez dire que je [&hellip;]","og_url":"https:\/\/eyalcohen.com\/fr\/la-sensibilisation-objectif\/","og_site_name":"\u05d4\u05e2\u05d9\u05d3\u05df \u05d4\u05d7\u05d3\u05e9 \u05e9\u05dc \u05d0\u05d9\u05dc \u05db\u05d4\u05df","article_publisher":"https:\/\/www.facebook.com\/groups\/528354840531271","article_modified_time":"2017-07-07T16:30:16+00:00","og_image":[{"url":"http:\/\/eyalcohen.com\/fr\/files\/2016\/07\/book2-207x300.jpg","type":"","width":"","height":""}],"twitter_card":"summary_large_image","twitter_misc":{"Dur\u00e9e de lecture estim\u00e9e":"4 minutes"},"schema":{"@context":"https:\/\/schema.org","@graph":[{"@type":"WebPage","@id":"https:\/\/eyalcohen.com\/fr\/la-sensibilisation-objectif\/","url":"https:\/\/eyalcohen.com\/fr\/la-sensibilisation-objectif\/","name":"La sensibilisation objectif - \u05d4\u05e2\u05d9\u05d3\u05df \u05d4\u05d7\u05d3\u05e9 \u05e9\u05dc \u05d0\u05d9\u05dc \u05db\u05d4\u05df","isPartOf":{"@id":"https:\/\/eyalcohen.com\/#website"},"primaryImageOfPage":{"@id":"https:\/\/eyalcohen.com\/fr\/la-sensibilisation-objectif\/#primaryimage"},"image":{"@id":"https:\/\/eyalcohen.com\/fr\/la-sensibilisation-objectif\/#primaryimage"},"thumbnailUrl":"http:\/\/eyalcohen.com\/fr\/files\/2016\/07\/book2-207x300.jpg","datePublished":"2017-05-14T08:42:56+00:00","dateModified":"2017-07-07T16:30:16+00:00","breadcrumb":{"@id":"https:\/\/eyalcohen.com\/fr\/la-sensibilisation-objectif\/#breadcrumb"},"inLanguage":"fr-FR","potentialAction":[{"@type":"ReadAction","target":["https:\/\/eyalcohen.com\/fr\/la-sensibilisation-objectif\/"]}]},{"@type":"ImageObject","inLanguage":"fr-FR","@id":"https:\/\/eyalcohen.com\/fr\/la-sensibilisation-objectif\/#primaryimage","url":"http:\/\/eyalcohen.com\/fr\/files\/2016\/07\/book2-207x300.jpg","contentUrl":"http:\/\/eyalcohen.com\/fr\/files\/2016\/07\/book2-207x300.jpg"},{"@type":"BreadcrumbList","@id":"https:\/\/eyalcohen.com\/fr\/la-sensibilisation-objectif\/#breadcrumb","itemListElement":[{"@type":"ListItem","position":1,"name":"\u05d3\u05e3 \u05d4\u05d1\u05d9\u05ea","item":"https:\/\/eyalcohen.com\/fr\/"},{"@type":"ListItem","position":2,"name":"La sensibilisation objectif"}]},{"@type":"WebSite","@id":"https:\/\/eyalcohen.com\/#website","url":"https:\/\/eyalcohen.com\/","name":"\u05d4\u05e2\u05d9\u05d3\u05df \u05d4\u05d7\u05d3\u05e9 \u05e9\u05dc \u05d0\u05d9\u05dc \u05db\u05d4\u05df","description":"\u05d1\u05e8\u05d9\u05d0\u05d5\u05ea \u05d8\u05d1\u05e2\u05d9\u05ea, \u05de\u05d5\u05d6\u05d9\u05e7\u05d4 \u05dc\u05d0\u05d9\u05e8\u05d5\u05e2\u05d9\u05dd \u05d5\u05de\u05d4 \u05e9\u05d1\u05d9\u05e0\u05d9\u05d4\u05dd","publisher":{"@id":"https:\/\/eyalcohen.com\/#\/schema\/person\/2cf6581996d002a62e66ee8d3a64b863"},"potentialAction":[{"@type":"SearchAction","target":{"@type":"EntryPoint","urlTemplate":"https:\/\/eyalcohen.com\/?s={search_term_string}"},"query-input":{"@type":"PropertyValueSpecification","valueRequired":true,"valueName":"search_term_string"}}],"inLanguage":"fr-FR"},{"@type":["Person","Organization"],"@id":"https:\/\/eyalcohen.com\/#\/schema\/person\/2cf6581996d002a62e66ee8d3a64b863","name":"eyal cohen","image":{"@type":"ImageObject","inLanguage":"fr-FR","@id":"https:\/\/eyalcohen.com\/wp-content\/uploads\/2015\/12\/card_reiki.jpg","url":"https:\/\/eyalcohen.com\/wp-content\/uploads\/2015\/12\/card_reiki.jpg","contentUrl":"https:\/\/eyalcohen.com\/wp-content\/uploads\/2015\/12\/card_reiki.jpg","width":296,"height":532,"caption":"eyal cohen"},"logo":{"@id":"https:\/\/eyalcohen.com\/wp-content\/uploads\/2015\/12\/card_reiki.jpg"},"sameAs":["http:\/\/eyalcohen.com","https:\/\/www.facebook.com\/groups\/528354840531271","https:\/\/www.instagram.com\/eyalchn61\/"]}]}},"_links":{"self":[{"href":"https:\/\/eyalcohen.com\/fr\/wp-json\/wp\/v2\/pages\/4933","targetHints":{"allow":["GET"]}}],"collection":[{"href":"https:\/\/eyalcohen.com\/fr\/wp-json\/wp\/v2\/pages"}],"about":[{"href":"https:\/\/eyalcohen.com\/fr\/wp-json\/wp\/v2\/types\/page"}],"author":[{"embeddable":true,"href":"https:\/\/eyalcohen.com\/fr\/wp-json\/wp\/v2\/users\/2"}],"replies":[{"embeddable":true,"href":"https:\/\/eyalcohen.com\/fr\/wp-json\/wp\/v2\/comments?post=4933"}],"version-history":[{"count":1,"href":"https:\/\/eyalcohen.com\/fr\/wp-json\/wp\/v2\/pages\/4933\/revisions"}],"predecessor-version":[{"id":4934,"href":"https:\/\/eyalcohen.com\/fr\/wp-json\/wp\/v2\/pages\/4933\/revisions\/4934"}],"wp:attachment":[{"href":"https:\/\/eyalcohen.com\/fr\/wp-json\/wp\/v2\/media?parent=4933"}],"curies":[{"name":"wp","href":"https:\/\/api.w.org\/{rel}","templated":true}]}}