{"id":4931,"date":"2017-05-14T11:41:02","date_gmt":"2017-05-14T08:41:02","guid":{"rendered":"http:\/\/eyalcohen.com\/?page_id=4931"},"modified":"2019-05-17T10:21:43","modified_gmt":"2019-05-17T07:21:43","slug":"les-choses-nont-pas-entendu-de-votre-medecin","status":"publish","type":"page","link":"https:\/\/eyalcohen.com\/fr\/les-choses-nont-pas-entendu-de-votre-medecin\/","title":{"rendered":"Les choses n\u2019ont pas entendu de votre m\u00e9decin"},"content":{"rendered":"<p style=\"text-align: justify;\">Pourquoi avez-vous besoin des conseils sur la sant\u00e9 d&#8217;un homme qui n&#8217;a jamais \u00e9tudi\u00e9 la m\u00e9decine &#8230;?<\/p>\n<p style=\"text-align: justify;\">Vous avez un excellent m\u00e9decin qui a \u00e9tudi\u00e9 pendant huit ans et est toujours en train de faire la formation comment vous aider, les instituts de recherche financ\u00e9s par les compagnies pharmaceutiques qui investissent des milliards dans la recherche de la v\u00e9rit\u00e9, et qui sont capables de produire des m\u00e9dicaments en quantit\u00e9s qui pourraient nourrir toute l&#8217;humanit\u00e9 .. .<\/p>\n<p style=\"text-align: justify;\">Mais alors &#8230; Comment est-ce que nous comptons sur un tel syst\u00e8me glorieux, nous devenons plus faibles g\u00e9n\u00e9tiquement, plus de souffrances et plus d\u00e9pendants, et quand nous avons besoin d&#8217;aide, dans de nombreux cas, nous constatons que le syst\u00e8me n&#8217;a pas de r\u00e9ponses et pas de v\u00e9ritable rem\u00e8de ( voir l&#8217;augmentation constante de l&#8217;infertilit\u00e9, des maladies telles que le cancer, les maladies cardiaques, les maladies auto-immunes, les allergies, la scl\u00e9rose en plaques, le diab\u00e8te, la maladie d&#8217;Alzheimer &#8211; et en fait &#8211; une maladie que vous pouvez penser).<\/p>\n<p style=\"text-align: justify;\"><strong>Un deuxi\u00e8me avis est pas n\u00e9cessairement des opinions diff\u00e9rentes<\/strong><\/p>\n<p style=\"text-align: justify;\">Si vous \u00eates \u00e0 la recherche d&#8217;un deuxi\u00e8me avis ou troisi\u00e8me sur le sujet au sein du syst\u00e8me de sant\u00e9, il est probable que vous entendrez les m\u00eames explications dans diff\u00e9rentes variations.<\/p>\n<p style=\"text-align: justify;\">Les conseils sur ce site, dans l&#8217;esprit de la s\u00e9rie de livres &#8220;Les choses que vous ne serez pas entendre de votre m\u00e9decin\u00bb, d\u00e9montre l&#8217;importance de la connaissance et la compr\u00e9hension qui est compl\u00e8tement diff\u00e9rent de l&#8217;habituel, par rapport \u00e0 notre capacit\u00e9 \u00e0 \u00e9viter la souffrance et de vivre une meilleure sant\u00e9 et plus heureux.<\/p>\n<p style=\"text-align: justify;\">Je vais pr\u00e9ciser que ces conseils sont sur la cause principale des probl\u00e8mes auxquels ils sont confront\u00e9s, ce qui affecte la majorit\u00e9 des patients, mais il est possible qu&#8217;un probl\u00e8me dont vous souffrez est due \u00e0 d&#8217;autres facteurs, et ne sont pas n\u00e9cessairement ces conseils vous am\u00e9liorer votre situation.<\/p>\n<p style=\"text-align: justify;\">Je vous souhaite \u00e9clairer la lecture, et si vous avez appris quelque chose de lui, dites \u00e0 vos amis sur ce site, pour leur permettre de jouir d&#8217;une meilleure sant\u00e9 et une meilleure compr\u00e9hension de la vie:<\/p>\n<p>Trouvez ces conseils utiles, ainsi que de nombreux autres qui peuvent am\u00e9liorer votre qualit\u00e9 de vie, dans la s\u00e9rie de livres &#8220;Ce que votre m\u00e9decin ne vous dira pas&#8221; &#8211; par Eyal Cohen<\/p>\n<p>Le livre &#8220;Zen et le rem\u00e8de naturel contre les maladies des gencives&#8221; est maintenant disponible sous forme de livre \u00e9lectronique sur Amazon.<\/p>\n<p>\u00a9 droits d&#8217;auteur Eyal Cohen<\/p>\n<div class=\"row\">\n<div class=\"col-md-6 col-lg-6 col-sm-12\"><a href=\"http:\/\/eyalcohen.com\/wp-content\/uploads\/2019\/05\/Things-You-Wont-Hear-From-your-Doctor.jpg\"><br \/>\n<img fetchpriority=\"high\" decoding=\"async\" class=\"aligncenter wp-image-7548\" style=\"height: 400px;\" src=\"http:\/\/eyalcohen.com\/wp-content\/uploads\/2019\/05\/Things-You-Wont-Hear-From-your-Doctor.jpg\" alt=\"\" width=\"253\" height=\"378\" srcset=\"https:\/\/eyalcohen.com\/wp-content\/uploads\/2019\/05\/Things-You-Wont-Hear-From-your-Doctor.jpg 1002w, https:\/\/eyalcohen.com\/wp-content\/uploads\/2019\/05\/Things-You-Wont-Hear-From-your-Doctor-200x300.jpg 200w, https:\/\/eyalcohen.com\/wp-content\/uploads\/2019\/05\/Things-You-Wont-Hear-From-your-Doctor-768x1150.jpg 768w, https:\/\/eyalcohen.com\/wp-content\/uploads\/2019\/05\/Things-You-Wont-Hear-From-your-Doctor-684x1024.jpg 684w, https:\/\/eyalcohen.com\/wp-content\/uploads\/2019\/05\/Things-You-Wont-Hear-From-your-Doctor-600x898.jpg 600w\" sizes=\"(max-width: 253px) 100vw, 253px\" \/><br \/>\n<\/a><\/div>\n<div class=\"col-md-6 col-lg-6 col-sm-12\"><a href=\"http:\/\/eyalcohen.com\/wp-content\/uploads\/2018\/08\/book2.2.jpg\"><br \/>\n<img decoding=\"async\" class=\"aligncenter wp-image-6612\" style=\"height: 400px;\" src=\"http:\/\/eyalcohen.com\/wp-content\/uploads\/2018\/08\/book2.2.jpg\" alt=\"\" width=\"253\" height=\"367\" srcset=\"https:\/\/eyalcohen.com\/wp-content\/uploads\/2018\/08\/book2.2.jpg 1930w, https:\/\/eyalcohen.com\/wp-content\/uploads\/2018\/08\/book2.2-207x300.jpg 207w, https:\/\/eyalcohen.com\/wp-content\/uploads\/2018\/08\/book2.2-768x1114.jpg 768w, https:\/\/eyalcohen.com\/wp-content\/uploads\/2018\/08\/book2.2-706x1024.jpg 706w, https:\/\/eyalcohen.com\/wp-content\/uploads\/2018\/08\/book2.2-600x870.jpg 600w\" sizes=\"(max-width: 253px) 100vw, 253px\" \/><br \/>\n<\/a><\/div>\n<\/div>\n<p>&nbsp;<\/p>\n","protected":false},"excerpt":{"rendered":"<p>Pourquoi avez-vous besoin des conseils sur la sant\u00e9 d&#8217;un homme qui n&#8217;a jamais \u00e9tudi\u00e9 la m\u00e9decine &#8230;? Vous avez un excellent m\u00e9decin qui a \u00e9tudi\u00e9 pendant huit ans et est toujours en train de faire la formation comment vous aider, les instituts de recherche financ\u00e9s par les compagnies pharmaceutiques qui investissent des milliards dans la [&hellip;]<\/p>\n","protected":false},"author":2,"featured_media":0,"parent":0,"menu_order":0,"comment_status":"open","ping_status":"closed","template":"","meta":{"_monsterinsights_skip_tracking":false,"_monsterinsights_sitenote_active":false,"_monsterinsights_sitenote_note":"","_monsterinsights_sitenote_category":0,"footnotes":""},"class_list":["post-4931","page","type-page","status-publish","hentry"],"yoast_head":"<!-- This site is optimized with the Yoast SEO plugin v27.3 - https:\/\/yoast.com\/product\/yoast-seo-wordpress\/ -->\n<title>Les choses n\u2019ont pas entendu de votre m\u00e9decin - \u05d4\u05e2\u05d9\u05d3\u05df \u05d4\u05d7\u05d3\u05e9 \u05e9\u05dc \u05d0\u05d9\u05dc \u05db\u05d4\u05df<\/title>\n<meta name=\"robots\" content=\"index, follow, max-snippet:-1, max-image-preview:large, max-video-preview:-1\" \/>\n<link rel=\"canonical\" href=\"https:\/\/eyalcohen.com\/fr\/les-choses-nont-pas-entendu-de-votre-medecin\/\" \/>\n<meta property=\"og:locale\" content=\"fr_FR\" \/>\n<meta property=\"og:type\" content=\"article\" \/>\n<meta property=\"og:title\" content=\"Les choses n\u2019ont pas entendu de votre m\u00e9decin - \u05d4\u05e2\u05d9\u05d3\u05df \u05d4\u05d7\u05d3\u05e9 \u05e9\u05dc \u05d0\u05d9\u05dc \u05db\u05d4\u05df\" \/>\n<meta property=\"og:description\" content=\"Pourquoi avez-vous besoin des conseils sur la sant\u00e9 d&#8217;un homme qui n&#8217;a jamais \u00e9tudi\u00e9 la m\u00e9decine &#8230;? Vous avez un excellent m\u00e9decin qui a \u00e9tudi\u00e9 pendant huit ans et est toujours en train de faire la formation comment vous aider, les instituts de recherche financ\u00e9s par les compagnies pharmaceutiques qui investissent des milliards dans la [&hellip;]\" \/>\n<meta property=\"og:url\" content=\"https:\/\/eyalcohen.com\/fr\/les-choses-nont-pas-entendu-de-votre-medecin\/\" \/>\n<meta property=\"og:site_name\" content=\"\u05d4\u05e2\u05d9\u05d3\u05df \u05d4\u05d7\u05d3\u05e9 \u05e9\u05dc \u05d0\u05d9\u05dc \u05db\u05d4\u05df\" \/>\n<meta property=\"article:publisher\" content=\"https:\/\/www.facebook.com\/groups\/528354840531271\" \/>\n<meta property=\"article:modified_time\" content=\"2019-05-17T07:21:43+00:00\" \/>\n<meta property=\"og:image\" content=\"http:\/\/eyalcohen.com\/wp-content\/uploads\/2019\/05\/Things-You-Wont-Hear-From-your-Doctor.jpg\" \/>\n<meta name=\"twitter:card\" content=\"summary_large_image\" \/>\n<meta name=\"twitter:label1\" content=\"Dur\u00e9e de lecture estim\u00e9e\" \/>\n\t<meta name=\"twitter:data1\" content=\"2 minutes\" \/>\n<script type=\"application\/ld+json\" class=\"yoast-schema-graph\">{\"@context\":\"https:\\\/\\\/schema.org\",\"@graph\":[{\"@type\":\"WebPage\",\"@id\":\"https:\\\/\\\/eyalcohen.com\\\/fr\\\/les-choses-nont-pas-entendu-de-votre-medecin\\\/\",\"url\":\"https:\\\/\\\/eyalcohen.com\\\/fr\\\/les-choses-nont-pas-entendu-de-votre-medecin\\\/\",\"name\":\"Les choses n\u2019ont pas entendu de votre m\u00e9decin - \u05d4\u05e2\u05d9\u05d3\u05df \u05d4\u05d7\u05d3\u05e9 \u05e9\u05dc \u05d0\u05d9\u05dc \u05db\u05d4\u05df\",\"isPartOf\":{\"@id\":\"https:\\\/\\\/eyalcohen.com\\\/#website\"},\"primaryImageOfPage\":{\"@id\":\"https:\\\/\\\/eyalcohen.com\\\/fr\\\/les-choses-nont-pas-entendu-de-votre-medecin\\\/#primaryimage\"},\"image\":{\"@id\":\"https:\\\/\\\/eyalcohen.com\\\/fr\\\/les-choses-nont-pas-entendu-de-votre-medecin\\\/#primaryimage\"},\"thumbnailUrl\":\"http:\\\/\\\/eyalcohen.com\\\/wp-content\\\/uploads\\\/2019\\\/05\\\/Things-You-Wont-Hear-From-your-Doctor.jpg\",\"datePublished\":\"2017-05-14T08:41:02+00:00\",\"dateModified\":\"2019-05-17T07:21:43+00:00\",\"breadcrumb\":{\"@id\":\"https:\\\/\\\/eyalcohen.com\\\/fr\\\/les-choses-nont-pas-entendu-de-votre-medecin\\\/#breadcrumb\"},\"inLanguage\":\"fr-FR\",\"potentialAction\":[{\"@type\":\"ReadAction\",\"target\":[\"https:\\\/\\\/eyalcohen.com\\\/fr\\\/les-choses-nont-pas-entendu-de-votre-medecin\\\/\"]}]},{\"@type\":\"ImageObject\",\"inLanguage\":\"fr-FR\",\"@id\":\"https:\\\/\\\/eyalcohen.com\\\/fr\\\/les-choses-nont-pas-entendu-de-votre-medecin\\\/#primaryimage\",\"url\":\"http:\\\/\\\/eyalcohen.com\\\/wp-content\\\/uploads\\\/2019\\\/05\\\/Things-You-Wont-Hear-From-your-Doctor.jpg\",\"contentUrl\":\"http:\\\/\\\/eyalcohen.com\\\/wp-content\\\/uploads\\\/2019\\\/05\\\/Things-You-Wont-Hear-From-your-Doctor.jpg\"},{\"@type\":\"BreadcrumbList\",\"@id\":\"https:\\\/\\\/eyalcohen.com\\\/fr\\\/les-choses-nont-pas-entendu-de-votre-medecin\\\/#breadcrumb\",\"itemListElement\":[{\"@type\":\"ListItem\",\"position\":1,\"name\":\"\u05d3\u05e3 \u05d4\u05d1\u05d9\u05ea\",\"item\":\"https:\\\/\\\/eyalcohen.com\\\/fr\\\/\"},{\"@type\":\"ListItem\",\"position\":2,\"name\":\"Les choses n\u2019ont pas entendu de votre m\u00e9decin\"}]},{\"@type\":\"WebSite\",\"@id\":\"https:\\\/\\\/eyalcohen.com\\\/#website\",\"url\":\"https:\\\/\\\/eyalcohen.com\\\/\",\"name\":\"\u05d4\u05e2\u05d9\u05d3\u05df \u05d4\u05d7\u05d3\u05e9 \u05e9\u05dc \u05d0\u05d9\u05dc \u05db\u05d4\u05df\",\"description\":\"\u05d1\u05e8\u05d9\u05d0\u05d5\u05ea \u05d8\u05d1\u05e2\u05d9\u05ea, \u05de\u05d5\u05d6\u05d9\u05e7\u05d4 \u05dc\u05d0\u05d9\u05e8\u05d5\u05e2\u05d9\u05dd \u05d5\u05de\u05d4 \u05e9\u05d1\u05d9\u05e0\u05d9\u05d4\u05dd\",\"publisher\":{\"@id\":\"https:\\\/\\\/eyalcohen.com\\\/#\\\/schema\\\/person\\\/2cf6581996d002a62e66ee8d3a64b863\"},\"potentialAction\":[{\"@type\":\"SearchAction\",\"target\":{\"@type\":\"EntryPoint\",\"urlTemplate\":\"https:\\\/\\\/eyalcohen.com\\\/?s={search_term_string}\"},\"query-input\":{\"@type\":\"PropertyValueSpecification\",\"valueRequired\":true,\"valueName\":\"search_term_string\"}}],\"inLanguage\":\"fr-FR\"},{\"@type\":[\"Person\",\"Organization\"],\"@id\":\"https:\\\/\\\/eyalcohen.com\\\/#\\\/schema\\\/person\\\/2cf6581996d002a62e66ee8d3a64b863\",\"name\":\"eyal cohen\",\"image\":{\"@type\":\"ImageObject\",\"inLanguage\":\"fr-FR\",\"@id\":\"https:\\\/\\\/eyalcohen.com\\\/wp-content\\\/uploads\\\/2015\\\/12\\\/card_reiki.jpg\",\"url\":\"https:\\\/\\\/eyalcohen.com\\\/wp-content\\\/uploads\\\/2015\\\/12\\\/card_reiki.jpg\",\"contentUrl\":\"https:\\\/\\\/eyalcohen.com\\\/wp-content\\\/uploads\\\/2015\\\/12\\\/card_reiki.jpg\",\"width\":296,\"height\":532,\"caption\":\"eyal cohen\"},\"logo\":{\"@id\":\"https:\\\/\\\/eyalcohen.com\\\/wp-content\\\/uploads\\\/2015\\\/12\\\/card_reiki.jpg\"},\"sameAs\":[\"http:\\\/\\\/eyalcohen.com\",\"https:\\\/\\\/www.facebook.com\\\/groups\\\/528354840531271\",\"https:\\\/\\\/www.instagram.com\\\/eyalchn61\\\/\"]}]}<\/script>\n<!-- \/ Yoast SEO plugin. -->","yoast_head_json":{"title":"Les choses n\u2019ont pas entendu de votre m\u00e9decin - \u05d4\u05e2\u05d9\u05d3\u05df \u05d4\u05d7\u05d3\u05e9 \u05e9\u05dc \u05d0\u05d9\u05dc \u05db\u05d4\u05df","robots":{"index":"index","follow":"follow","max-snippet":"max-snippet:-1","max-image-preview":"max-image-preview:large","max-video-preview":"max-video-preview:-1"},"canonical":"https:\/\/eyalcohen.com\/fr\/les-choses-nont-pas-entendu-de-votre-medecin\/","og_locale":"fr_FR","og_type":"article","og_title":"Les choses n\u2019ont pas entendu de votre m\u00e9decin - \u05d4\u05e2\u05d9\u05d3\u05df \u05d4\u05d7\u05d3\u05e9 \u05e9\u05dc \u05d0\u05d9\u05dc \u05db\u05d4\u05df","og_description":"Pourquoi avez-vous besoin des conseils sur la sant\u00e9 d&#8217;un homme qui n&#8217;a jamais \u00e9tudi\u00e9 la m\u00e9decine &#8230;? Vous avez un excellent m\u00e9decin qui a \u00e9tudi\u00e9 pendant huit ans et est toujours en train de faire la formation comment vous aider, les instituts de recherche financ\u00e9s par les compagnies pharmaceutiques qui investissent des milliards dans la [&hellip;]","og_url":"https:\/\/eyalcohen.com\/fr\/les-choses-nont-pas-entendu-de-votre-medecin\/","og_site_name":"\u05d4\u05e2\u05d9\u05d3\u05df \u05d4\u05d7\u05d3\u05e9 \u05e9\u05dc \u05d0\u05d9\u05dc \u05db\u05d4\u05df","article_publisher":"https:\/\/www.facebook.com\/groups\/528354840531271","article_modified_time":"2019-05-17T07:21:43+00:00","og_image":[{"url":"http:\/\/eyalcohen.com\/wp-content\/uploads\/2019\/05\/Things-You-Wont-Hear-From-your-Doctor.jpg","type":"","width":"","height":""}],"twitter_card":"summary_large_image","twitter_misc":{"Dur\u00e9e de lecture estim\u00e9e":"2 minutes"},"schema":{"@context":"https:\/\/schema.org","@graph":[{"@type":"WebPage","@id":"https:\/\/eyalcohen.com\/fr\/les-choses-nont-pas-entendu-de-votre-medecin\/","url":"https:\/\/eyalcohen.com\/fr\/les-choses-nont-pas-entendu-de-votre-medecin\/","name":"Les choses n\u2019ont pas entendu de votre m\u00e9decin - \u05d4\u05e2\u05d9\u05d3\u05df \u05d4\u05d7\u05d3\u05e9 \u05e9\u05dc \u05d0\u05d9\u05dc \u05db\u05d4\u05df","isPartOf":{"@id":"https:\/\/eyalcohen.com\/#website"},"primaryImageOfPage":{"@id":"https:\/\/eyalcohen.com\/fr\/les-choses-nont-pas-entendu-de-votre-medecin\/#primaryimage"},"image":{"@id":"https:\/\/eyalcohen.com\/fr\/les-choses-nont-pas-entendu-de-votre-medecin\/#primaryimage"},"thumbnailUrl":"http:\/\/eyalcohen.com\/wp-content\/uploads\/2019\/05\/Things-You-Wont-Hear-From-your-Doctor.jpg","datePublished":"2017-05-14T08:41:02+00:00","dateModified":"2019-05-17T07:21:43+00:00","breadcrumb":{"@id":"https:\/\/eyalcohen.com\/fr\/les-choses-nont-pas-entendu-de-votre-medecin\/#breadcrumb"},"inLanguage":"fr-FR","potentialAction":[{"@type":"ReadAction","target":["https:\/\/eyalcohen.com\/fr\/les-choses-nont-pas-entendu-de-votre-medecin\/"]}]},{"@type":"ImageObject","inLanguage":"fr-FR","@id":"https:\/\/eyalcohen.com\/fr\/les-choses-nont-pas-entendu-de-votre-medecin\/#primaryimage","url":"http:\/\/eyalcohen.com\/wp-content\/uploads\/2019\/05\/Things-You-Wont-Hear-From-your-Doctor.jpg","contentUrl":"http:\/\/eyalcohen.com\/wp-content\/uploads\/2019\/05\/Things-You-Wont-Hear-From-your-Doctor.jpg"},{"@type":"BreadcrumbList","@id":"https:\/\/eyalcohen.com\/fr\/les-choses-nont-pas-entendu-de-votre-medecin\/#breadcrumb","itemListElement":[{"@type":"ListItem","position":1,"name":"\u05d3\u05e3 \u05d4\u05d1\u05d9\u05ea","item":"https:\/\/eyalcohen.com\/fr\/"},{"@type":"ListItem","position":2,"name":"Les choses n\u2019ont pas entendu de votre m\u00e9decin"}]},{"@type":"WebSite","@id":"https:\/\/eyalcohen.com\/#website","url":"https:\/\/eyalcohen.com\/","name":"\u05d4\u05e2\u05d9\u05d3\u05df \u05d4\u05d7\u05d3\u05e9 \u05e9\u05dc \u05d0\u05d9\u05dc \u05db\u05d4\u05df","description":"\u05d1\u05e8\u05d9\u05d0\u05d5\u05ea \u05d8\u05d1\u05e2\u05d9\u05ea, \u05de\u05d5\u05d6\u05d9\u05e7\u05d4 \u05dc\u05d0\u05d9\u05e8\u05d5\u05e2\u05d9\u05dd \u05d5\u05de\u05d4 \u05e9\u05d1\u05d9\u05e0\u05d9\u05d4\u05dd","publisher":{"@id":"https:\/\/eyalcohen.com\/#\/schema\/person\/2cf6581996d002a62e66ee8d3a64b863"},"potentialAction":[{"@type":"SearchAction","target":{"@type":"EntryPoint","urlTemplate":"https:\/\/eyalcohen.com\/?s={search_term_string}"},"query-input":{"@type":"PropertyValueSpecification","valueRequired":true,"valueName":"search_term_string"}}],"inLanguage":"fr-FR"},{"@type":["Person","Organization"],"@id":"https:\/\/eyalcohen.com\/#\/schema\/person\/2cf6581996d002a62e66ee8d3a64b863","name":"eyal cohen","image":{"@type":"ImageObject","inLanguage":"fr-FR","@id":"https:\/\/eyalcohen.com\/wp-content\/uploads\/2015\/12\/card_reiki.jpg","url":"https:\/\/eyalcohen.com\/wp-content\/uploads\/2015\/12\/card_reiki.jpg","contentUrl":"https:\/\/eyalcohen.com\/wp-content\/uploads\/2015\/12\/card_reiki.jpg","width":296,"height":532,"caption":"eyal cohen"},"logo":{"@id":"https:\/\/eyalcohen.com\/wp-content\/uploads\/2015\/12\/card_reiki.jpg"},"sameAs":["http:\/\/eyalcohen.com","https:\/\/www.facebook.com\/groups\/528354840531271","https:\/\/www.instagram.com\/eyalchn61\/"]}]}},"_links":{"self":[{"href":"https:\/\/eyalcohen.com\/fr\/wp-json\/wp\/v2\/pages\/4931","targetHints":{"allow":["GET"]}}],"collection":[{"href":"https:\/\/eyalcohen.com\/fr\/wp-json\/wp\/v2\/pages"}],"about":[{"href":"https:\/\/eyalcohen.com\/fr\/wp-json\/wp\/v2\/types\/page"}],"author":[{"embeddable":true,"href":"https:\/\/eyalcohen.com\/fr\/wp-json\/wp\/v2\/users\/2"}],"replies":[{"embeddable":true,"href":"https:\/\/eyalcohen.com\/fr\/wp-json\/wp\/v2\/comments?post=4931"}],"version-history":[{"count":3,"href":"https:\/\/eyalcohen.com\/fr\/wp-json\/wp\/v2\/pages\/4931\/revisions"}],"predecessor-version":[{"id":7765,"href":"https:\/\/eyalcohen.com\/fr\/wp-json\/wp\/v2\/pages\/4931\/revisions\/7765"}],"wp:attachment":[{"href":"https:\/\/eyalcohen.com\/fr\/wp-json\/wp\/v2\/media?parent=4931"}],"curies":[{"name":"wp","href":"https:\/\/api.w.org\/{rel}","templated":true}]}}