{"id":4929,"date":"2017-05-14T11:39:32","date_gmt":"2017-05-14T08:39:32","guid":{"rendered":"http:\/\/eyalcohen.com\/?page_id=4929"},"modified":"2017-07-07T19:29:58","modified_gmt":"2017-07-07T16:29:58","slug":"enrouement-chronique","status":"publish","type":"page","link":"https:\/\/eyalcohen.com\/fr\/enrouement-chronique\/","title":{"rendered":"Enrouement chronique"},"content":{"rendered":"<p style=\"text-align: justify;\">Von: Eyal Cohen<\/p>\n<p style=\"text-align: justify;\">Gelegentliche Heiserkeit<\/p>\n<p style=\"direction: ltr;\">Wenn Sie aus unerkl\u00e4rlichen Heiserkeit leiden, sind die Chancen, dass Ihre Stimmb\u00e4nder leiden zeitweise unzureichenden Blutfluss, weil der \u00dcbernutzung oder irgendeine Art von Trauma.<\/p>\n<p style=\"direction: ltr;\">In dieser Situation, die wegen des Gef\u00fchls von Schmerzen und Funktionsst\u00f6rungenn unangenehm an sich ist, aufgrund der Blutfluss beeintr\u00e4chtigt wird, macht das Stimmband anf\u00e4llig f\u00fcr Krankheiten, wie Entz\u00fcndungen, \u00d6deme, Warzen und andere Krankheiten, die Ihre Qualit\u00e4t auswirken k\u00f6nnten von Leben.<\/p>\n<p style=\"text-align: justify;\">In F\u00e4llen wie diesem ist das G\u00e4hnen Allheilmittel. Glaube es nicht? Versuch es !!!<\/p>\n<p style=\"text-align: justify;\">\u00dcber die Wirkung auf die Atmung ist die G\u00e4hnen ein kritischer Mechanismus, der im Grunde eine innere Dehnung ist, die die Luftr\u00f6hre und die Blutgef\u00e4\u00dfe erweitert und durchflutet den ganzen K\u00f6rper mit Energie, die durch den Blutfluss zu verbessern. Wenn es um die Stimmb\u00e4nder kommt, verbessert G\u00e4hnen Blutung, lindert Stress und Schmerzen, und mehr Flexibilit\u00e4t und ein besseres Funktionieren des Systems erm\u00f6glicht.<\/p>\n<p style=\"text-align: justify;\">Wenn Sie &#8220;Husky&#8221; sind Versuchen Sie, so viel zu g\u00e4hnen Sie k\u00f6nnen. Von G\u00e4hnen zu g\u00e4hnen Sie werden sp\u00fcren, dass Ihre Situation verbessert &#8211; aber es hat ein tiefes G\u00e4hnen zu sein.<\/p>\n<p style=\"text-align: justify;\">Wir leben in einer Kultur, die sie einen Ausdruck von Langeweile oder Verachtung bedenkt G\u00e4hnen unterdr\u00fcckt, und das ist, warum viele Menschen die F\u00e4higkeit verloren haben, zu g\u00e4hnen. Ich empfehle G\u00e4hnen so viel wie m\u00f6glich &#8211; und Unterdr\u00fcckung von g\u00e4hnt zu vermeiden. Immer g\u00e4hnen vor jeder herausfordernde T\u00e4tigkeit und in jeder herausfordernde Situation. Sie werden nicht glauben, wie viel es alle K\u00f6rperfunktionen auswirkt.<\/p>\n<p style=\"text-align: justify;\">Zusammen mit G\u00e4hnen &#8211; m\u00fcssen Sie die Last auf Ihre Stimmb\u00e4nder so weit wie m\u00f6glich zu reduzieren, um sie zu sanieren zu k\u00f6nnen.<\/p>\n<p style=\"text-align: justify;\">Chronische Heiserkeit<\/p>\n<p style=\"text-align: justify;\">Es gibt eine Art von Heiserkeit, die nach l\u00e4ngerem Gebrauch der Stimmb\u00e4nder entwickelt, entweder schreien oder laut sprechen.<\/p>\n<p style=\"text-align: justify;\">Dieses Verhalten wird durch Schrumpfen der Blutgef\u00e4\u00dfe in den Stimmb\u00e4ndern gefolgt, die das Muster des Blutflusses \u00e4ndert.<\/p>\n<p style=\"direction: ltr;\">Sobald unser Unterbewusstsein lernt dieses Muster als &#8220;normal&#8221; zu akzeptieren, f\u00fchlt sich die Person fahren, um die Stimmb\u00e4nder zu dem Punkt zu verwenden, die sie abgenutzt sind.<\/p>\n<p style=\"direction: ltr;\">Eine Person mit dieser Art von Heiserkeit, wird tats\u00e4chlich auf die Ver\u00e4nderungen imm Muster der Blutfluss s\u00fcchtig, und als Ergebnis wird das Unterbewusstsein das Streben nach dem gleichen Muster zur\u00fcckkehren, um sich wohl zu f\u00fchlen.<\/p>\n<p style=\"direction: ltr;\">Diese Art von Menschen sind in der Regel laut oder mit &#8220;eine t\u00e4gliche Quote von W\u00f6rtern&#8221;&#8221; haben sie auf das Niveau von Heiserkeit (Stress) zur\u00fcckkehren zu sprechen, die das Ergebnis beeintr\u00e4chtigt Blutfluss ist, dass ihr Unterbewusstsein als normal empfindet.<\/p>\n<p style=\"text-align: justify;\">Es ist unm\u00f6glich, von dieser Art von Heiserkeit zu erholen, solange der Betroffene nicht bekannt, die Ursache und den Prozess ist, und die Ver\u00e4nderungen im Verhalten ben\u00f6tigt \u00fcber die Genesung zu bringen. Da Verringerung Sprache so viel wie m\u00f6glich &#8211; oder Senkung der Druck auf die Stimm chorrds ist wie ein Krieg auf dem Instinkt des Menschen &#8211; und wie gehen auf eine Di\u00e4t &#8211; wie man in der Spitze liest: &#8220;Di\u00e4t &#8211; was macht es so schwer&#8221;. Sie m\u00fcssen Willenskraft und Entschlossenheit zu haben, um die \u00c4nderung vorzunehmen.<\/p>\n<p style=\"text-align: justify;\">Rauchen Heiserkeit<\/p>\n<p style=\"direction: ltr;\">Bevor wir dieses Thema ber\u00fchren, ich wal Sie einen Satz zu sagen, dass das ganze Thema erkl\u00e4rt:<\/p>\n<p style=\"direction: ltr;\">&#8220;Wenn Sie glauben, eine Zigarette zu rauchen, die Sie nicht wirklich eine Zigarette zuu rauchen, in der Tat, die Zigarette raucht Sie&#8221; &#8230;<\/p>\n<p style=\"direction: ltr;\">Ihre Stimmb\u00e4nder sind sehr empfindlich und werden leicht durch den Rauch betroffen, und das macht es gehen durch eine &#8220;Rauchen&#8221; Prozess, wie wir in der kulinarischen Welt zu verwenden, in das Rauchen Fleisch, Fisch oder K\u00e4se.<\/p>\n<p style=\"direction: ltr;\">Menschen, die nach vielen Jahren rauchen, haben eine rauchige Stimme, weil ihree Stimmb\u00e4nder in vielen Jahren des Rauchens verbrannt werden.<\/p>\n<p style=\"text-align: justify;\">Wenn es um die Raucher kommt, da das Rauchen den Speichel in der Kehle trocknet und schwere Schleim erzeugt, die zu l\u00f6schen ist hart, und das wirkt sich auf die Atmungsorgane und die Funktion der Stimmb\u00e4nder, versuchen Sie die Zunge zu reinigen und den Schleim aus ihr entfernen mit die Zahnb\u00fcrste und Sie sollten sp\u00fcren, wie die Atmung erleichtert besser und Rede bekommt.<\/p>\n<p style=\"direction: ltr;\">Wenn Sie bereits von horasness leiden wegen des Rauchens, sehen es als eine Warnung. Versuchen Sie das Rauchen, um zu beenden, die Stimmb\u00e4nder und Luftr\u00f6hre zu erm\u00f6glichen, zu heilen. solange der Drang zu rauchen ist st\u00e4rker als der Wunsch zu heilen, wird das Leiden weiter.<\/p>\n<p style=\"direction: ltr;\">Nur wird helfen, eine Ver\u00e4nderung des Lebensstils des Problems loszuwerdenn.<\/p>\n<p style=\"text-align: justify;\"><img fetchpriority=\"high\" decoding=\"async\" class=\"alignleft wp-image-41 size-medium\" style=\"direction: ltr;\" src=\"http:\/\/eyalcohen.com\/fr\/files\/2016\/07\/book2-207x300.jpg\" alt=\"book2\" width=\"207\" height=\"300\" \/><\/p>\n<p style=\"direction: ltr;\"><img decoding=\"async\" class=\"wp-image-9 size-medium alignnone\" src=\"http:\/\/eyalcohen.com\/fr\/files\/2016\/07\/ENGLISH-BOOK-COVER-FRONT-207x300.jpg\" alt=\"ENGLISH BOOK COVER FRONT\" width=\"207\" height=\"300\" \/><\/p>\n<p style=\"text-align: justify;\">\u00a9 Copyright Eyal Cohen<\/p>\n","protected":false},"excerpt":{"rendered":"<p>Von: Eyal Cohen Gelegentliche Heiserkeit Wenn Sie aus unerkl\u00e4rlichen Heiserkeit leiden, sind die Chancen, dass Ihre Stimmb\u00e4nder leiden zeitweise unzureichenden Blutfluss, weil der \u00dcbernutzung oder irgendeine Art von Trauma. In dieser Situation, die wegen des Gef\u00fchls von Schmerzen und Funktionsst\u00f6rungenn unangenehm an sich ist, aufgrund der Blutfluss beeintr\u00e4chtigt wird, macht das Stimmband anf\u00e4llig f\u00fcr Krankheiten, [&hellip;]<\/p>\n","protected":false},"author":2,"featured_media":0,"parent":0,"menu_order":0,"comment_status":"closed","ping_status":"closed","template":"","meta":{"_monsterinsights_skip_tracking":false,"_monsterinsights_sitenote_active":false,"_monsterinsights_sitenote_note":"","_monsterinsights_sitenote_category":0,"footnotes":""},"class_list":["post-4929","page","type-page","status-publish","hentry"],"yoast_head":"<!-- This site is optimized with the Yoast SEO plugin v27.3 - https:\/\/yoast.com\/product\/yoast-seo-wordpress\/ -->\n<title>Enrouement chronique - \u05d4\u05e2\u05d9\u05d3\u05df \u05d4\u05d7\u05d3\u05e9 \u05e9\u05dc \u05d0\u05d9\u05dc \u05db\u05d4\u05df<\/title>\n<meta name=\"robots\" content=\"index, follow, max-snippet:-1, max-image-preview:large, max-video-preview:-1\" \/>\n<link rel=\"canonical\" href=\"https:\/\/eyalcohen.com\/fr\/enrouement-chronique\/\" \/>\n<meta property=\"og:locale\" content=\"fr_FR\" \/>\n<meta property=\"og:type\" content=\"article\" \/>\n<meta property=\"og:title\" content=\"Enrouement chronique - \u05d4\u05e2\u05d9\u05d3\u05df \u05d4\u05d7\u05d3\u05e9 \u05e9\u05dc \u05d0\u05d9\u05dc \u05db\u05d4\u05df\" \/>\n<meta property=\"og:description\" content=\"Von: Eyal Cohen Gelegentliche Heiserkeit Wenn Sie aus unerkl\u00e4rlichen Heiserkeit leiden, sind die Chancen, dass Ihre Stimmb\u00e4nder leiden zeitweise unzureichenden Blutfluss, weil der \u00dcbernutzung oder irgendeine Art von Trauma. In dieser Situation, die wegen des Gef\u00fchls von Schmerzen und Funktionsst\u00f6rungenn unangenehm an sich ist, aufgrund der Blutfluss beeintr\u00e4chtigt wird, macht das Stimmband anf\u00e4llig f\u00fcr Krankheiten, [&hellip;]\" \/>\n<meta property=\"og:url\" content=\"https:\/\/eyalcohen.com\/fr\/enrouement-chronique\/\" \/>\n<meta property=\"og:site_name\" content=\"\u05d4\u05e2\u05d9\u05d3\u05df \u05d4\u05d7\u05d3\u05e9 \u05e9\u05dc \u05d0\u05d9\u05dc \u05db\u05d4\u05df\" \/>\n<meta property=\"article:publisher\" content=\"https:\/\/www.facebook.com\/groups\/528354840531271\" \/>\n<meta property=\"article:modified_time\" content=\"2017-07-07T16:29:58+00:00\" \/>\n<meta property=\"og:image\" content=\"http:\/\/eyalcohen.com\/fr\/files\/2016\/07\/book2-207x300.jpg\" \/>\n<meta name=\"twitter:card\" content=\"summary_large_image\" \/>\n<meta name=\"twitter:label1\" content=\"Dur\u00e9e de lecture estim\u00e9e\" \/>\n\t<meta name=\"twitter:data1\" content=\"4 minutes\" \/>\n<script type=\"application\/ld+json\" class=\"yoast-schema-graph\">{\"@context\":\"https:\\\/\\\/schema.org\",\"@graph\":[{\"@type\":\"WebPage\",\"@id\":\"https:\\\/\\\/eyalcohen.com\\\/fr\\\/enrouement-chronique\\\/\",\"url\":\"https:\\\/\\\/eyalcohen.com\\\/fr\\\/enrouement-chronique\\\/\",\"name\":\"Enrouement chronique - \u05d4\u05e2\u05d9\u05d3\u05df \u05d4\u05d7\u05d3\u05e9 \u05e9\u05dc \u05d0\u05d9\u05dc \u05db\u05d4\u05df\",\"isPartOf\":{\"@id\":\"https:\\\/\\\/eyalcohen.com\\\/#website\"},\"primaryImageOfPage\":{\"@id\":\"https:\\\/\\\/eyalcohen.com\\\/fr\\\/enrouement-chronique\\\/#primaryimage\"},\"image\":{\"@id\":\"https:\\\/\\\/eyalcohen.com\\\/fr\\\/enrouement-chronique\\\/#primaryimage\"},\"thumbnailUrl\":\"http:\\\/\\\/eyalcohen.com\\\/fr\\\/files\\\/2016\\\/07\\\/book2-207x300.jpg\",\"datePublished\":\"2017-05-14T08:39:32+00:00\",\"dateModified\":\"2017-07-07T16:29:58+00:00\",\"breadcrumb\":{\"@id\":\"https:\\\/\\\/eyalcohen.com\\\/fr\\\/enrouement-chronique\\\/#breadcrumb\"},\"inLanguage\":\"fr-FR\",\"potentialAction\":[{\"@type\":\"ReadAction\",\"target\":[\"https:\\\/\\\/eyalcohen.com\\\/fr\\\/enrouement-chronique\\\/\"]}]},{\"@type\":\"ImageObject\",\"inLanguage\":\"fr-FR\",\"@id\":\"https:\\\/\\\/eyalcohen.com\\\/fr\\\/enrouement-chronique\\\/#primaryimage\",\"url\":\"http:\\\/\\\/eyalcohen.com\\\/fr\\\/files\\\/2016\\\/07\\\/book2-207x300.jpg\",\"contentUrl\":\"http:\\\/\\\/eyalcohen.com\\\/fr\\\/files\\\/2016\\\/07\\\/book2-207x300.jpg\"},{\"@type\":\"BreadcrumbList\",\"@id\":\"https:\\\/\\\/eyalcohen.com\\\/fr\\\/enrouement-chronique\\\/#breadcrumb\",\"itemListElement\":[{\"@type\":\"ListItem\",\"position\":1,\"name\":\"\u05d3\u05e3 \u05d4\u05d1\u05d9\u05ea\",\"item\":\"https:\\\/\\\/eyalcohen.com\\\/fr\\\/\"},{\"@type\":\"ListItem\",\"position\":2,\"name\":\"Enrouement chronique\"}]},{\"@type\":\"WebSite\",\"@id\":\"https:\\\/\\\/eyalcohen.com\\\/#website\",\"url\":\"https:\\\/\\\/eyalcohen.com\\\/\",\"name\":\"\u05d4\u05e2\u05d9\u05d3\u05df \u05d4\u05d7\u05d3\u05e9 \u05e9\u05dc \u05d0\u05d9\u05dc \u05db\u05d4\u05df\",\"description\":\"\u05d1\u05e8\u05d9\u05d0\u05d5\u05ea \u05d8\u05d1\u05e2\u05d9\u05ea, \u05de\u05d5\u05d6\u05d9\u05e7\u05d4 \u05dc\u05d0\u05d9\u05e8\u05d5\u05e2\u05d9\u05dd \u05d5\u05de\u05d4 \u05e9\u05d1\u05d9\u05e0\u05d9\u05d4\u05dd\",\"publisher\":{\"@id\":\"https:\\\/\\\/eyalcohen.com\\\/#\\\/schema\\\/person\\\/2cf6581996d002a62e66ee8d3a64b863\"},\"potentialAction\":[{\"@type\":\"SearchAction\",\"target\":{\"@type\":\"EntryPoint\",\"urlTemplate\":\"https:\\\/\\\/eyalcohen.com\\\/?s={search_term_string}\"},\"query-input\":{\"@type\":\"PropertyValueSpecification\",\"valueRequired\":true,\"valueName\":\"search_term_string\"}}],\"inLanguage\":\"fr-FR\"},{\"@type\":[\"Person\",\"Organization\"],\"@id\":\"https:\\\/\\\/eyalcohen.com\\\/#\\\/schema\\\/person\\\/2cf6581996d002a62e66ee8d3a64b863\",\"name\":\"eyal cohen\",\"image\":{\"@type\":\"ImageObject\",\"inLanguage\":\"fr-FR\",\"@id\":\"https:\\\/\\\/eyalcohen.com\\\/wp-content\\\/uploads\\\/2015\\\/12\\\/card_reiki.jpg\",\"url\":\"https:\\\/\\\/eyalcohen.com\\\/wp-content\\\/uploads\\\/2015\\\/12\\\/card_reiki.jpg\",\"contentUrl\":\"https:\\\/\\\/eyalcohen.com\\\/wp-content\\\/uploads\\\/2015\\\/12\\\/card_reiki.jpg\",\"width\":296,\"height\":532,\"caption\":\"eyal cohen\"},\"logo\":{\"@id\":\"https:\\\/\\\/eyalcohen.com\\\/wp-content\\\/uploads\\\/2015\\\/12\\\/card_reiki.jpg\"},\"sameAs\":[\"http:\\\/\\\/eyalcohen.com\",\"https:\\\/\\\/www.facebook.com\\\/groups\\\/528354840531271\",\"https:\\\/\\\/www.instagram.com\\\/eyalchn61\\\/\"]}]}<\/script>\n<!-- \/ Yoast SEO plugin. -->","yoast_head_json":{"title":"Enrouement chronique - \u05d4\u05e2\u05d9\u05d3\u05df \u05d4\u05d7\u05d3\u05e9 \u05e9\u05dc \u05d0\u05d9\u05dc \u05db\u05d4\u05df","robots":{"index":"index","follow":"follow","max-snippet":"max-snippet:-1","max-image-preview":"max-image-preview:large","max-video-preview":"max-video-preview:-1"},"canonical":"https:\/\/eyalcohen.com\/fr\/enrouement-chronique\/","og_locale":"fr_FR","og_type":"article","og_title":"Enrouement chronique - \u05d4\u05e2\u05d9\u05d3\u05df \u05d4\u05d7\u05d3\u05e9 \u05e9\u05dc \u05d0\u05d9\u05dc \u05db\u05d4\u05df","og_description":"Von: Eyal Cohen Gelegentliche Heiserkeit Wenn Sie aus unerkl\u00e4rlichen Heiserkeit leiden, sind die Chancen, dass Ihre Stimmb\u00e4nder leiden zeitweise unzureichenden Blutfluss, weil der \u00dcbernutzung oder irgendeine Art von Trauma. In dieser Situation, die wegen des Gef\u00fchls von Schmerzen und Funktionsst\u00f6rungenn unangenehm an sich ist, aufgrund der Blutfluss beeintr\u00e4chtigt wird, macht das Stimmband anf\u00e4llig f\u00fcr Krankheiten, [&hellip;]","og_url":"https:\/\/eyalcohen.com\/fr\/enrouement-chronique\/","og_site_name":"\u05d4\u05e2\u05d9\u05d3\u05df \u05d4\u05d7\u05d3\u05e9 \u05e9\u05dc \u05d0\u05d9\u05dc \u05db\u05d4\u05df","article_publisher":"https:\/\/www.facebook.com\/groups\/528354840531271","article_modified_time":"2017-07-07T16:29:58+00:00","og_image":[{"url":"http:\/\/eyalcohen.com\/fr\/files\/2016\/07\/book2-207x300.jpg","type":"","width":"","height":""}],"twitter_card":"summary_large_image","twitter_misc":{"Dur\u00e9e de lecture estim\u00e9e":"4 minutes"},"schema":{"@context":"https:\/\/schema.org","@graph":[{"@type":"WebPage","@id":"https:\/\/eyalcohen.com\/fr\/enrouement-chronique\/","url":"https:\/\/eyalcohen.com\/fr\/enrouement-chronique\/","name":"Enrouement chronique - \u05d4\u05e2\u05d9\u05d3\u05df \u05d4\u05d7\u05d3\u05e9 \u05e9\u05dc \u05d0\u05d9\u05dc \u05db\u05d4\u05df","isPartOf":{"@id":"https:\/\/eyalcohen.com\/#website"},"primaryImageOfPage":{"@id":"https:\/\/eyalcohen.com\/fr\/enrouement-chronique\/#primaryimage"},"image":{"@id":"https:\/\/eyalcohen.com\/fr\/enrouement-chronique\/#primaryimage"},"thumbnailUrl":"http:\/\/eyalcohen.com\/fr\/files\/2016\/07\/book2-207x300.jpg","datePublished":"2017-05-14T08:39:32+00:00","dateModified":"2017-07-07T16:29:58+00:00","breadcrumb":{"@id":"https:\/\/eyalcohen.com\/fr\/enrouement-chronique\/#breadcrumb"},"inLanguage":"fr-FR","potentialAction":[{"@type":"ReadAction","target":["https:\/\/eyalcohen.com\/fr\/enrouement-chronique\/"]}]},{"@type":"ImageObject","inLanguage":"fr-FR","@id":"https:\/\/eyalcohen.com\/fr\/enrouement-chronique\/#primaryimage","url":"http:\/\/eyalcohen.com\/fr\/files\/2016\/07\/book2-207x300.jpg","contentUrl":"http:\/\/eyalcohen.com\/fr\/files\/2016\/07\/book2-207x300.jpg"},{"@type":"BreadcrumbList","@id":"https:\/\/eyalcohen.com\/fr\/enrouement-chronique\/#breadcrumb","itemListElement":[{"@type":"ListItem","position":1,"name":"\u05d3\u05e3 \u05d4\u05d1\u05d9\u05ea","item":"https:\/\/eyalcohen.com\/fr\/"},{"@type":"ListItem","position":2,"name":"Enrouement chronique"}]},{"@type":"WebSite","@id":"https:\/\/eyalcohen.com\/#website","url":"https:\/\/eyalcohen.com\/","name":"\u05d4\u05e2\u05d9\u05d3\u05df \u05d4\u05d7\u05d3\u05e9 \u05e9\u05dc \u05d0\u05d9\u05dc \u05db\u05d4\u05df","description":"\u05d1\u05e8\u05d9\u05d0\u05d5\u05ea \u05d8\u05d1\u05e2\u05d9\u05ea, \u05de\u05d5\u05d6\u05d9\u05e7\u05d4 \u05dc\u05d0\u05d9\u05e8\u05d5\u05e2\u05d9\u05dd \u05d5\u05de\u05d4 \u05e9\u05d1\u05d9\u05e0\u05d9\u05d4\u05dd","publisher":{"@id":"https:\/\/eyalcohen.com\/#\/schema\/person\/2cf6581996d002a62e66ee8d3a64b863"},"potentialAction":[{"@type":"SearchAction","target":{"@type":"EntryPoint","urlTemplate":"https:\/\/eyalcohen.com\/?s={search_term_string}"},"query-input":{"@type":"PropertyValueSpecification","valueRequired":true,"valueName":"search_term_string"}}],"inLanguage":"fr-FR"},{"@type":["Person","Organization"],"@id":"https:\/\/eyalcohen.com\/#\/schema\/person\/2cf6581996d002a62e66ee8d3a64b863","name":"eyal cohen","image":{"@type":"ImageObject","inLanguage":"fr-FR","@id":"https:\/\/eyalcohen.com\/wp-content\/uploads\/2015\/12\/card_reiki.jpg","url":"https:\/\/eyalcohen.com\/wp-content\/uploads\/2015\/12\/card_reiki.jpg","contentUrl":"https:\/\/eyalcohen.com\/wp-content\/uploads\/2015\/12\/card_reiki.jpg","width":296,"height":532,"caption":"eyal cohen"},"logo":{"@id":"https:\/\/eyalcohen.com\/wp-content\/uploads\/2015\/12\/card_reiki.jpg"},"sameAs":["http:\/\/eyalcohen.com","https:\/\/www.facebook.com\/groups\/528354840531271","https:\/\/www.instagram.com\/eyalchn61\/"]}]}},"_links":{"self":[{"href":"https:\/\/eyalcohen.com\/fr\/wp-json\/wp\/v2\/pages\/4929","targetHints":{"allow":["GET"]}}],"collection":[{"href":"https:\/\/eyalcohen.com\/fr\/wp-json\/wp\/v2\/pages"}],"about":[{"href":"https:\/\/eyalcohen.com\/fr\/wp-json\/wp\/v2\/types\/page"}],"author":[{"embeddable":true,"href":"https:\/\/eyalcohen.com\/fr\/wp-json\/wp\/v2\/users\/2"}],"replies":[{"embeddable":true,"href":"https:\/\/eyalcohen.com\/fr\/wp-json\/wp\/v2\/comments?post=4929"}],"version-history":[{"count":1,"href":"https:\/\/eyalcohen.com\/fr\/wp-json\/wp\/v2\/pages\/4929\/revisions"}],"predecessor-version":[{"id":4930,"href":"https:\/\/eyalcohen.com\/fr\/wp-json\/wp\/v2\/pages\/4929\/revisions\/4930"}],"wp:attachment":[{"href":"https:\/\/eyalcohen.com\/fr\/wp-json\/wp\/v2\/media?parent=4929"}],"curies":[{"name":"wp","href":"https:\/\/api.w.org\/{rel}","templated":true}]}}