{"id":4926,"date":"2017-05-14T11:37:35","date_gmt":"2017-05-14T08:37:35","guid":{"rendered":"http:\/\/eyalcohen.com\/?page_id=4926"},"modified":"2017-07-07T19:29:50","modified_gmt":"2017-07-07T16:29:50","slug":"courbure-du-penis-ou-ce-qui-touche-son-penis","status":"publish","type":"page","link":"https:\/\/eyalcohen.com\/fr\/courbure-du-penis-ou-ce-qui-touche-son-penis\/","title":{"rendered":"Courbure du p\u00e9nis \u2013 ou \u00abce qui touche (son) p\u00e9nis\u201d"},"content":{"rendered":"<p>Maintenant, nous allons r\u00e9soudre un autre myst\u00e8re qui trouble beaucoup d&#8217;hommes (et qui trouble le plus probable du beau sexe, aussi), appel\u00e9 p\u00e9nienne difformit\u00e9, ou d&#8217;une maladie ou Peyronie maladie de La Peyronie.<\/p>\n<p>difformit\u00e9 p\u00e9nienne est pas une maladie. Il est une anomalie g\u00e9nitale qui est fr\u00e9quent chez les hommes.<\/p>\n<p>Ceux qui souffrent de cette anomalie dans l&#8217;\u00e9chelle de la maladie, ont souvent \u00e0 subir une chirurgie correctrice, afin de profiter du sexe.<\/p>\n<p>Ceci est juste un autre probl\u00e8me dans une longue lign\u00e9e de probl\u00e8mes que les m\u00e9decins embarrassent les patients.<\/p>\n<p>Tout comme avec d&#8217;autres probl\u00e8mes de sant\u00e9 que nous nous apprenons \u00e0 reconna\u00eetre dans la s\u00e9rie de livres &#8220;Les choses que vous ne serez pas entendre de votre m\u00e9decin&#8221;, les m\u00e9decins classent souvent des probl\u00e8mes comme \u00abh\u00e9r\u00e9ditaire\u00bb, afin d&#8217;arr\u00eater le patient de piquer son nez dans des choses qui , \u00e0 leur avis, aucun de ses pr\u00e9occupations.<\/p>\n<p>Aussi difficile que cela puisse para\u00eetre, le probl\u00e8me \u00e9mane de la masturbation.<\/p>\n<p>La plupart des hommes se masturbent en frottant leur organe sexuel avant et en arri\u00e8re, et la d\u00e9formation seront toujours dans le sens oppos\u00e9 de la main dominante.<\/p>\n<p>En d&#8217;autres termes, les hommes droitiers vont souffrir de la courbe vers la gauche, tandis que dans le cas des hommes gauchers, la courbe sera \u00e0 droite.<\/p>\n<p>En effet, la palme est non sym\u00e9trique. Lorsque nous avons Bob l&#8217;organe sexuel, nous pla\u00e7ons quatre doigts d&#8217;un c\u00f4t\u00e9 et le pouce de l&#8217;autre, et dans le but d&#8217;\u00e9quilibrer les deux c\u00f4t\u00e9s, nous avons besoin de mettre plus de pression sur le pouce.<\/p>\n<p>Parce que la pression est in\u00e9gale et nous compenser en appuyant sur le pouce plus fortement. Cela cr\u00e9e une plus grande pression sur le c\u00f4t\u00e9 gauche de l&#8217;organe sexuel, ce qui entra\u00eene une flexion vers la gauche de l&#8217;organe. Cette courbe devient plus d\u00e9finie au fil du temps.<\/p>\n<p>En plus de la pression, le mouvement naturel de la main ne sont pas directement vers le haut et vers le bas, mais circulaire (similaire \u00e0 la rotation d&#8217;un volant).<\/p>\n<p>Je ne sugg\u00e8re pas que quiconque devrait cesser de se masturber, et Dieu merci, nous avons cette mani\u00e8re intime de lib\u00e9rer ces pulsions accord\u00e9es sur nous par un monde plein de stimulations sexuelles. Toutefois, si cela est un probl\u00e8me existant, il peut \u00eatre corrig\u00e9 en modifiant la main actif, afin de ne pas &#8220;remodeler&#8221; la structure du p\u00e9nis.<\/p>\n<p>book2ENGLISH BOOK COVER FRONT<\/p>\n","protected":false},"excerpt":{"rendered":"<p>Maintenant, nous allons r\u00e9soudre un autre myst\u00e8re qui trouble beaucoup d&#8217;hommes (et qui trouble le plus probable du beau sexe, aussi), appel\u00e9 p\u00e9nienne difformit\u00e9, ou d&#8217;une maladie ou Peyronie maladie de La Peyronie. difformit\u00e9 p\u00e9nienne est pas une maladie. Il est une anomalie g\u00e9nitale qui est fr\u00e9quent chez les hommes. Ceux qui souffrent de cette [&hellip;]<\/p>\n","protected":false},"author":2,"featured_media":0,"parent":0,"menu_order":0,"comment_status":"open","ping_status":"open","template":"","meta":{"_monsterinsights_skip_tracking":false,"_monsterinsights_sitenote_active":false,"_monsterinsights_sitenote_note":"","_monsterinsights_sitenote_category":0,"footnotes":""},"class_list":["post-4926","page","type-page","status-publish","hentry"],"yoast_head":"<!-- This site is optimized with the Yoast SEO plugin v27.3 - https:\/\/yoast.com\/product\/yoast-seo-wordpress\/ -->\n<title>Courbure du p\u00e9nis \u2013 ou \u00abce qui touche (son) p\u00e9nis\u201d - \u05d4\u05e2\u05d9\u05d3\u05df \u05d4\u05d7\u05d3\u05e9 \u05e9\u05dc \u05d0\u05d9\u05dc \u05db\u05d4\u05df<\/title>\n<meta name=\"robots\" content=\"index, follow, max-snippet:-1, max-image-preview:large, max-video-preview:-1\" \/>\n<link rel=\"canonical\" href=\"https:\/\/eyalcohen.com\/fr\/courbure-du-penis-ou-ce-qui-touche-son-penis\/\" \/>\n<meta property=\"og:locale\" content=\"fr_FR\" \/>\n<meta property=\"og:type\" content=\"article\" \/>\n<meta property=\"og:title\" content=\"Courbure du p\u00e9nis \u2013 ou \u00abce qui touche (son) p\u00e9nis\u201d - \u05d4\u05e2\u05d9\u05d3\u05df \u05d4\u05d7\u05d3\u05e9 \u05e9\u05dc \u05d0\u05d9\u05dc \u05db\u05d4\u05df\" \/>\n<meta property=\"og:description\" content=\"Maintenant, nous allons r\u00e9soudre un autre myst\u00e8re qui trouble beaucoup d&#8217;hommes (et qui trouble le plus probable du beau sexe, aussi), appel\u00e9 p\u00e9nienne difformit\u00e9, ou d&#8217;une maladie ou Peyronie maladie de La Peyronie. difformit\u00e9 p\u00e9nienne est pas une maladie. Il est une anomalie g\u00e9nitale qui est fr\u00e9quent chez les hommes. Ceux qui souffrent de cette [&hellip;]\" \/>\n<meta property=\"og:url\" content=\"https:\/\/eyalcohen.com\/fr\/courbure-du-penis-ou-ce-qui-touche-son-penis\/\" \/>\n<meta property=\"og:site_name\" content=\"\u05d4\u05e2\u05d9\u05d3\u05df \u05d4\u05d7\u05d3\u05e9 \u05e9\u05dc \u05d0\u05d9\u05dc \u05db\u05d4\u05df\" \/>\n<meta property=\"article:publisher\" content=\"https:\/\/www.facebook.com\/groups\/528354840531271\" \/>\n<meta property=\"article:modified_time\" content=\"2017-07-07T16:29:50+00:00\" \/>\n<meta name=\"twitter:card\" content=\"summary_large_image\" \/>\n<meta name=\"twitter:label1\" content=\"Dur\u00e9e de lecture estim\u00e9e\" \/>\n\t<meta name=\"twitter:data1\" content=\"2 minutes\" \/>\n<script type=\"application\/ld+json\" class=\"yoast-schema-graph\">{\"@context\":\"https:\\\/\\\/schema.org\",\"@graph\":[{\"@type\":\"WebPage\",\"@id\":\"https:\\\/\\\/eyalcohen.com\\\/fr\\\/courbure-du-penis-ou-ce-qui-touche-son-penis\\\/\",\"url\":\"https:\\\/\\\/eyalcohen.com\\\/fr\\\/courbure-du-penis-ou-ce-qui-touche-son-penis\\\/\",\"name\":\"Courbure du p\u00e9nis \u2013 ou \u00abce qui touche (son) p\u00e9nis\u201d - \u05d4\u05e2\u05d9\u05d3\u05df \u05d4\u05d7\u05d3\u05e9 \u05e9\u05dc \u05d0\u05d9\u05dc \u05db\u05d4\u05df\",\"isPartOf\":{\"@id\":\"https:\\\/\\\/eyalcohen.com\\\/#website\"},\"datePublished\":\"2017-05-14T08:37:35+00:00\",\"dateModified\":\"2017-07-07T16:29:50+00:00\",\"breadcrumb\":{\"@id\":\"https:\\\/\\\/eyalcohen.com\\\/fr\\\/courbure-du-penis-ou-ce-qui-touche-son-penis\\\/#breadcrumb\"},\"inLanguage\":\"fr-FR\",\"potentialAction\":[{\"@type\":\"ReadAction\",\"target\":[\"https:\\\/\\\/eyalcohen.com\\\/fr\\\/courbure-du-penis-ou-ce-qui-touche-son-penis\\\/\"]}]},{\"@type\":\"BreadcrumbList\",\"@id\":\"https:\\\/\\\/eyalcohen.com\\\/fr\\\/courbure-du-penis-ou-ce-qui-touche-son-penis\\\/#breadcrumb\",\"itemListElement\":[{\"@type\":\"ListItem\",\"position\":1,\"name\":\"\u05d3\u05e3 \u05d4\u05d1\u05d9\u05ea\",\"item\":\"https:\\\/\\\/eyalcohen.com\\\/fr\\\/\"},{\"@type\":\"ListItem\",\"position\":2,\"name\":\"Courbure du p\u00e9nis \u2013 ou \u00abce qui touche (son) p\u00e9nis\u201d\"}]},{\"@type\":\"WebSite\",\"@id\":\"https:\\\/\\\/eyalcohen.com\\\/#website\",\"url\":\"https:\\\/\\\/eyalcohen.com\\\/\",\"name\":\"\u05d4\u05e2\u05d9\u05d3\u05df \u05d4\u05d7\u05d3\u05e9 \u05e9\u05dc \u05d0\u05d9\u05dc \u05db\u05d4\u05df\",\"description\":\"\u05d1\u05e8\u05d9\u05d0\u05d5\u05ea \u05d8\u05d1\u05e2\u05d9\u05ea, \u05de\u05d5\u05d6\u05d9\u05e7\u05d4 \u05dc\u05d0\u05d9\u05e8\u05d5\u05e2\u05d9\u05dd \u05d5\u05de\u05d4 \u05e9\u05d1\u05d9\u05e0\u05d9\u05d4\u05dd\",\"publisher\":{\"@id\":\"https:\\\/\\\/eyalcohen.com\\\/#\\\/schema\\\/person\\\/2cf6581996d002a62e66ee8d3a64b863\"},\"potentialAction\":[{\"@type\":\"SearchAction\",\"target\":{\"@type\":\"EntryPoint\",\"urlTemplate\":\"https:\\\/\\\/eyalcohen.com\\\/?s={search_term_string}\"},\"query-input\":{\"@type\":\"PropertyValueSpecification\",\"valueRequired\":true,\"valueName\":\"search_term_string\"}}],\"inLanguage\":\"fr-FR\"},{\"@type\":[\"Person\",\"Organization\"],\"@id\":\"https:\\\/\\\/eyalcohen.com\\\/#\\\/schema\\\/person\\\/2cf6581996d002a62e66ee8d3a64b863\",\"name\":\"eyal cohen\",\"image\":{\"@type\":\"ImageObject\",\"inLanguage\":\"fr-FR\",\"@id\":\"https:\\\/\\\/eyalcohen.com\\\/wp-content\\\/uploads\\\/2015\\\/12\\\/card_reiki.jpg\",\"url\":\"https:\\\/\\\/eyalcohen.com\\\/wp-content\\\/uploads\\\/2015\\\/12\\\/card_reiki.jpg\",\"contentUrl\":\"https:\\\/\\\/eyalcohen.com\\\/wp-content\\\/uploads\\\/2015\\\/12\\\/card_reiki.jpg\",\"width\":296,\"height\":532,\"caption\":\"eyal cohen\"},\"logo\":{\"@id\":\"https:\\\/\\\/eyalcohen.com\\\/wp-content\\\/uploads\\\/2015\\\/12\\\/card_reiki.jpg\"},\"sameAs\":[\"http:\\\/\\\/eyalcohen.com\",\"https:\\\/\\\/www.facebook.com\\\/groups\\\/528354840531271\",\"https:\\\/\\\/www.instagram.com\\\/eyalchn61\\\/\"]}]}<\/script>\n<!-- \/ Yoast SEO plugin. -->","yoast_head_json":{"title":"Courbure du p\u00e9nis \u2013 ou \u00abce qui touche (son) p\u00e9nis\u201d - \u05d4\u05e2\u05d9\u05d3\u05df \u05d4\u05d7\u05d3\u05e9 \u05e9\u05dc \u05d0\u05d9\u05dc \u05db\u05d4\u05df","robots":{"index":"index","follow":"follow","max-snippet":"max-snippet:-1","max-image-preview":"max-image-preview:large","max-video-preview":"max-video-preview:-1"},"canonical":"https:\/\/eyalcohen.com\/fr\/courbure-du-penis-ou-ce-qui-touche-son-penis\/","og_locale":"fr_FR","og_type":"article","og_title":"Courbure du p\u00e9nis \u2013 ou \u00abce qui touche (son) p\u00e9nis\u201d - \u05d4\u05e2\u05d9\u05d3\u05df \u05d4\u05d7\u05d3\u05e9 \u05e9\u05dc \u05d0\u05d9\u05dc \u05db\u05d4\u05df","og_description":"Maintenant, nous allons r\u00e9soudre un autre myst\u00e8re qui trouble beaucoup d&#8217;hommes (et qui trouble le plus probable du beau sexe, aussi), appel\u00e9 p\u00e9nienne difformit\u00e9, ou d&#8217;une maladie ou Peyronie maladie de La Peyronie. difformit\u00e9 p\u00e9nienne est pas une maladie. Il est une anomalie g\u00e9nitale qui est fr\u00e9quent chez les hommes. Ceux qui souffrent de cette [&hellip;]","og_url":"https:\/\/eyalcohen.com\/fr\/courbure-du-penis-ou-ce-qui-touche-son-penis\/","og_site_name":"\u05d4\u05e2\u05d9\u05d3\u05df \u05d4\u05d7\u05d3\u05e9 \u05e9\u05dc \u05d0\u05d9\u05dc \u05db\u05d4\u05df","article_publisher":"https:\/\/www.facebook.com\/groups\/528354840531271","article_modified_time":"2017-07-07T16:29:50+00:00","twitter_card":"summary_large_image","twitter_misc":{"Dur\u00e9e de lecture estim\u00e9e":"2 minutes"},"schema":{"@context":"https:\/\/schema.org","@graph":[{"@type":"WebPage","@id":"https:\/\/eyalcohen.com\/fr\/courbure-du-penis-ou-ce-qui-touche-son-penis\/","url":"https:\/\/eyalcohen.com\/fr\/courbure-du-penis-ou-ce-qui-touche-son-penis\/","name":"Courbure du p\u00e9nis \u2013 ou \u00abce qui touche (son) p\u00e9nis\u201d - \u05d4\u05e2\u05d9\u05d3\u05df \u05d4\u05d7\u05d3\u05e9 \u05e9\u05dc \u05d0\u05d9\u05dc \u05db\u05d4\u05df","isPartOf":{"@id":"https:\/\/eyalcohen.com\/#website"},"datePublished":"2017-05-14T08:37:35+00:00","dateModified":"2017-07-07T16:29:50+00:00","breadcrumb":{"@id":"https:\/\/eyalcohen.com\/fr\/courbure-du-penis-ou-ce-qui-touche-son-penis\/#breadcrumb"},"inLanguage":"fr-FR","potentialAction":[{"@type":"ReadAction","target":["https:\/\/eyalcohen.com\/fr\/courbure-du-penis-ou-ce-qui-touche-son-penis\/"]}]},{"@type":"BreadcrumbList","@id":"https:\/\/eyalcohen.com\/fr\/courbure-du-penis-ou-ce-qui-touche-son-penis\/#breadcrumb","itemListElement":[{"@type":"ListItem","position":1,"name":"\u05d3\u05e3 \u05d4\u05d1\u05d9\u05ea","item":"https:\/\/eyalcohen.com\/fr\/"},{"@type":"ListItem","position":2,"name":"Courbure du p\u00e9nis \u2013 ou \u00abce qui touche (son) p\u00e9nis\u201d"}]},{"@type":"WebSite","@id":"https:\/\/eyalcohen.com\/#website","url":"https:\/\/eyalcohen.com\/","name":"\u05d4\u05e2\u05d9\u05d3\u05df \u05d4\u05d7\u05d3\u05e9 \u05e9\u05dc \u05d0\u05d9\u05dc \u05db\u05d4\u05df","description":"\u05d1\u05e8\u05d9\u05d0\u05d5\u05ea \u05d8\u05d1\u05e2\u05d9\u05ea, \u05de\u05d5\u05d6\u05d9\u05e7\u05d4 \u05dc\u05d0\u05d9\u05e8\u05d5\u05e2\u05d9\u05dd \u05d5\u05de\u05d4 \u05e9\u05d1\u05d9\u05e0\u05d9\u05d4\u05dd","publisher":{"@id":"https:\/\/eyalcohen.com\/#\/schema\/person\/2cf6581996d002a62e66ee8d3a64b863"},"potentialAction":[{"@type":"SearchAction","target":{"@type":"EntryPoint","urlTemplate":"https:\/\/eyalcohen.com\/?s={search_term_string}"},"query-input":{"@type":"PropertyValueSpecification","valueRequired":true,"valueName":"search_term_string"}}],"inLanguage":"fr-FR"},{"@type":["Person","Organization"],"@id":"https:\/\/eyalcohen.com\/#\/schema\/person\/2cf6581996d002a62e66ee8d3a64b863","name":"eyal cohen","image":{"@type":"ImageObject","inLanguage":"fr-FR","@id":"https:\/\/eyalcohen.com\/wp-content\/uploads\/2015\/12\/card_reiki.jpg","url":"https:\/\/eyalcohen.com\/wp-content\/uploads\/2015\/12\/card_reiki.jpg","contentUrl":"https:\/\/eyalcohen.com\/wp-content\/uploads\/2015\/12\/card_reiki.jpg","width":296,"height":532,"caption":"eyal cohen"},"logo":{"@id":"https:\/\/eyalcohen.com\/wp-content\/uploads\/2015\/12\/card_reiki.jpg"},"sameAs":["http:\/\/eyalcohen.com","https:\/\/www.facebook.com\/groups\/528354840531271","https:\/\/www.instagram.com\/eyalchn61\/"]}]}},"_links":{"self":[{"href":"https:\/\/eyalcohen.com\/fr\/wp-json\/wp\/v2\/pages\/4926","targetHints":{"allow":["GET"]}}],"collection":[{"href":"https:\/\/eyalcohen.com\/fr\/wp-json\/wp\/v2\/pages"}],"about":[{"href":"https:\/\/eyalcohen.com\/fr\/wp-json\/wp\/v2\/types\/page"}],"author":[{"embeddable":true,"href":"https:\/\/eyalcohen.com\/fr\/wp-json\/wp\/v2\/users\/2"}],"replies":[{"embeddable":true,"href":"https:\/\/eyalcohen.com\/fr\/wp-json\/wp\/v2\/comments?post=4926"}],"version-history":[{"count":1,"href":"https:\/\/eyalcohen.com\/fr\/wp-json\/wp\/v2\/pages\/4926\/revisions"}],"predecessor-version":[{"id":4927,"href":"https:\/\/eyalcohen.com\/fr\/wp-json\/wp\/v2\/pages\/4926\/revisions\/4927"}],"wp:attachment":[{"href":"https:\/\/eyalcohen.com\/fr\/wp-json\/wp\/v2\/media?parent=4926"}],"curies":[{"name":"wp","href":"https:\/\/api.w.org\/{rel}","templated":true}]}}