{"id":4924,"date":"2017-05-14T11:35:52","date_gmt":"2017-05-14T08:35:52","guid":{"rendered":"http:\/\/eyalcohen.com\/?page_id=4924"},"modified":"2017-07-07T19:29:32","modified_gmt":"2017-07-07T16:29:32","slug":"remede-naturel-pour-les-maladies-des-gencives","status":"publish","type":"page","link":"https:\/\/eyalcohen.com\/fr\/remede-naturel-pour-les-maladies-des-gencives\/","title":{"rendered":"Rem\u00e8de naturel pour les maladies des gencives"},"content":{"rendered":"<h1 style=\"direction: ltr;\">Rem\u00e8de naturel pour les maladies des gencives<\/h1>\n<p style=\"direction: ltr;\">Si vous souffrez de gingivite, la parodontite ou reculs de gencives, le livre<\/p>\n<p style=\"direction: ltr;\"><strong>&#8220;Zen et le rem\u00e8de naturel pour les maladies des gencives ordinaires\u201d<\/strong><span style=\"font-weight: 400;\"> de la d&#8217;unee s\u00e9rie de livres <\/span><strong>&#8220;Les choses n&#8217;ont pas entendu de votre m\u00e9decin&#8221;<\/strong><span style=\"font-weight: 400;\">, vous apporte toutes les informations que vous avez besoin pour gu\u00e9rir ces maladies, ainsi que de nombreuses autres maladies connexes \u2013 pour tout la vie, sans m\u00e9dicaments, sans chirurgie, sans frais et sans souffrance et la douleur.<\/span><\/p>\n<p style=\"direction: ltr;\">Bien que le rem\u00e8de naturel pour les maladies des gencives peut sembler simple, il exige un haut niveau de prise de conscience, de faire les changements n\u00e9cessaires dans votre vie, qui permettra \u00e0 votre corps de passer par un processus de r\u00e9adaptation d\u00e9licate.<\/p>\n<p style=\"direction: ltr;\">Vous devriez savoir que, dans tous les stades de la maladie \u2013 m\u00eame si vos dents sont perdre et le m\u00e9decin dit qu\u2019ils doivent \u00eatre extraits, vous pouvez toujours les garder et commencer un processus de r\u00e9cup\u00e9ration qui vous fera \u00e9conomiser de les perdre et de co\u00fbteux et douloureux Traitements m\u00e9dicaux.<\/p>\n<p style=\"direction: ltr;\">Vous apporte toutes les informations dont vous avez besoin pour gu\u00e9rir ces maladies \u2013 ainsi que de nombreuses autres maladies et les maladies li\u00e9es \u00e0 la \u2013 toute la vie.<\/p>\n<p style=\"direction: ltr;\">Bien que le rem\u00e8de naturel pour les maladies des gencives peut sembler simple, il exige un haut niveau de prise de conscience, de faire les changements n\u00e9cessaires dans votre vie, qui permettra \u00e0 votre corps de passer par un processus de r\u00e9adaptation d\u00e9licate.<\/p>\n<p style=\"direction: ltr;\">Vous devriez savoir que, dans tous les stades de la maladie &#8211; m\u00eame si vos dents sont l\u00e2ches et le m\u00e9decin dit qu&#8217;ils doivent \u00eatre extraits, vous pouvez toujours les garder et commencer un processus de r\u00e9cup\u00e9ration qui vous fera \u00e9conomiser de les perdre et de co\u00fbteux et douloureux Traitements m\u00e9dicaux.<\/p>\n<p style=\"direction: ltr;\"><a href=\"http:\/\/eyalcohen.com\/en\/the-natural-cure-to-the-common-gum-diseases\/\">Lire le livre sur ce site<\/a> sans frais pr\u00e9alable et aucune obligation<\/p>\n<p style=\"direction: ltr;\">ou<\/p>\n<p style=\"direction: ltr;\"><a href=\"http:\/\/www.amazon.com\/Things-wont-hear-your-doctor-ebook\/dp\/B018DBXFDG\/ref=sr_1_9?ie=UTF8&amp;qid=1449268776&amp;sr=8-9&amp;keywords=zen+and+the+natural+cure\">Acheter le livre sur Amazon<\/a><\/p>\n<p style=\"text-align: justify;\">\u00c0 l&#8217;heure actuelle Le livre est \u00e9crit en anglais seulement, mais j\u2019esp\u00e8re obtenir de l\u2019aide permettez-moi de traduire dans d\u2019autres langues d\u00e8s que possible.<\/p>\n<p style=\"direction: ltr;\">La lecture de ce livre fera en sorte que vous ne serez pas souffrir de ces maladies pour le reste de votre vie.<\/p>\n<p style=\"direction: ltr;\">Payer pour le livre soutiendra mon travail et me permettre de terminer les deux prochainss livres de la s\u00e9rie &#8220;Thing You Will not Hear De votre m\u00e9decin&#8221;, qui est une v\u00e9ritable r\u00e9volution En ce qui concerne la fa\u00e7on dont nous r\u00e9f\u00e9rons \u00e0 la vie et la sant\u00e9, et la volont\u00e9 expliquer d&#8217;innombrables probl\u00e8mes de sant\u00e9.<\/p>\n<p style=\"text-align: justify;\"><img fetchpriority=\"high\" decoding=\"async\" class=\"wp-image-9 alignnone\" src=\"http:\/\/eyalcohen.com\/fr\/files\/2016\/07\/ENGLISH-BOOK-COVER-FRONT.jpg\" alt=\"ENGLISH BOOK COVER FRONT\" width=\"317\" height=\"459\" \/><\/p>\n<p style=\"text-align: justify;\">\n","protected":false},"excerpt":{"rendered":"<p>Rem\u00e8de naturel pour les maladies des gencives Si vous souffrez de gingivite, la parodontite ou reculs de gencives, le livre &#8220;Zen et le rem\u00e8de naturel pour les maladies des gencives ordinaires\u201d de la d&#8217;unee s\u00e9rie de livres &#8220;Les choses n&#8217;ont pas entendu de votre m\u00e9decin&#8221;, vous apporte toutes les informations que vous avez besoin pour [&hellip;]<\/p>\n","protected":false},"author":2,"featured_media":0,"parent":0,"menu_order":0,"comment_status":"open","ping_status":"open","template":"","meta":{"_monsterinsights_skip_tracking":false,"_monsterinsights_sitenote_active":false,"_monsterinsights_sitenote_note":"","_monsterinsights_sitenote_category":0,"footnotes":""},"class_list":["post-4924","page","type-page","status-publish","hentry"],"yoast_head":"<!-- This site is optimized with the Yoast SEO plugin v27.3 - https:\/\/yoast.com\/product\/yoast-seo-wordpress\/ -->\n<title>Rem\u00e8de naturel pour les maladies des gencives - \u05d4\u05e2\u05d9\u05d3\u05df \u05d4\u05d7\u05d3\u05e9 \u05e9\u05dc \u05d0\u05d9\u05dc \u05db\u05d4\u05df<\/title>\n<meta name=\"robots\" content=\"index, follow, max-snippet:-1, max-image-preview:large, max-video-preview:-1\" \/>\n<link rel=\"canonical\" href=\"https:\/\/eyalcohen.com\/fr\/remede-naturel-pour-les-maladies-des-gencives\/\" \/>\n<meta property=\"og:locale\" content=\"fr_FR\" \/>\n<meta property=\"og:type\" content=\"article\" \/>\n<meta property=\"og:title\" content=\"Rem\u00e8de naturel pour les maladies des gencives - \u05d4\u05e2\u05d9\u05d3\u05df \u05d4\u05d7\u05d3\u05e9 \u05e9\u05dc \u05d0\u05d9\u05dc \u05db\u05d4\u05df\" \/>\n<meta property=\"og:description\" content=\"Rem\u00e8de naturel pour les maladies des gencives Si vous souffrez de gingivite, la parodontite ou reculs de gencives, le livre &#8220;Zen et le rem\u00e8de naturel pour les maladies des gencives ordinaires\u201d de la d&#8217;unee s\u00e9rie de livres &#8220;Les choses n&#8217;ont pas entendu de votre m\u00e9decin&#8221;, vous apporte toutes les informations que vous avez besoin pour [&hellip;]\" \/>\n<meta property=\"og:url\" content=\"https:\/\/eyalcohen.com\/fr\/remede-naturel-pour-les-maladies-des-gencives\/\" \/>\n<meta property=\"og:site_name\" content=\"\u05d4\u05e2\u05d9\u05d3\u05df \u05d4\u05d7\u05d3\u05e9 \u05e9\u05dc \u05d0\u05d9\u05dc \u05db\u05d4\u05df\" \/>\n<meta property=\"article:publisher\" content=\"https:\/\/www.facebook.com\/groups\/528354840531271\" \/>\n<meta property=\"article:modified_time\" content=\"2017-07-07T16:29:32+00:00\" \/>\n<meta property=\"og:image\" content=\"http:\/\/eyalcohen.com\/fr\/files\/2016\/07\/ENGLISH-BOOK-COVER-FRONT.jpg\" \/>\n<meta name=\"twitter:card\" content=\"summary_large_image\" \/>\n<meta name=\"twitter:label1\" content=\"Dur\u00e9e de lecture estim\u00e9e\" \/>\n\t<meta name=\"twitter:data1\" content=\"2 minutes\" \/>\n<script type=\"application\/ld+json\" class=\"yoast-schema-graph\">{\"@context\":\"https:\\\/\\\/schema.org\",\"@graph\":[{\"@type\":\"WebPage\",\"@id\":\"https:\\\/\\\/eyalcohen.com\\\/fr\\\/remede-naturel-pour-les-maladies-des-gencives\\\/\",\"url\":\"https:\\\/\\\/eyalcohen.com\\\/fr\\\/remede-naturel-pour-les-maladies-des-gencives\\\/\",\"name\":\"Rem\u00e8de naturel pour les maladies des gencives - \u05d4\u05e2\u05d9\u05d3\u05df \u05d4\u05d7\u05d3\u05e9 \u05e9\u05dc \u05d0\u05d9\u05dc \u05db\u05d4\u05df\",\"isPartOf\":{\"@id\":\"https:\\\/\\\/eyalcohen.com\\\/#website\"},\"primaryImageOfPage\":{\"@id\":\"https:\\\/\\\/eyalcohen.com\\\/fr\\\/remede-naturel-pour-les-maladies-des-gencives\\\/#primaryimage\"},\"image\":{\"@id\":\"https:\\\/\\\/eyalcohen.com\\\/fr\\\/remede-naturel-pour-les-maladies-des-gencives\\\/#primaryimage\"},\"thumbnailUrl\":\"http:\\\/\\\/eyalcohen.com\\\/fr\\\/files\\\/2016\\\/07\\\/ENGLISH-BOOK-COVER-FRONT.jpg\",\"datePublished\":\"2017-05-14T08:35:52+00:00\",\"dateModified\":\"2017-07-07T16:29:32+00:00\",\"breadcrumb\":{\"@id\":\"https:\\\/\\\/eyalcohen.com\\\/fr\\\/remede-naturel-pour-les-maladies-des-gencives\\\/#breadcrumb\"},\"inLanguage\":\"fr-FR\",\"potentialAction\":[{\"@type\":\"ReadAction\",\"target\":[\"https:\\\/\\\/eyalcohen.com\\\/fr\\\/remede-naturel-pour-les-maladies-des-gencives\\\/\"]}]},{\"@type\":\"ImageObject\",\"inLanguage\":\"fr-FR\",\"@id\":\"https:\\\/\\\/eyalcohen.com\\\/fr\\\/remede-naturel-pour-les-maladies-des-gencives\\\/#primaryimage\",\"url\":\"http:\\\/\\\/eyalcohen.com\\\/fr\\\/files\\\/2016\\\/07\\\/ENGLISH-BOOK-COVER-FRONT.jpg\",\"contentUrl\":\"http:\\\/\\\/eyalcohen.com\\\/fr\\\/files\\\/2016\\\/07\\\/ENGLISH-BOOK-COVER-FRONT.jpg\"},{\"@type\":\"BreadcrumbList\",\"@id\":\"https:\\\/\\\/eyalcohen.com\\\/fr\\\/remede-naturel-pour-les-maladies-des-gencives\\\/#breadcrumb\",\"itemListElement\":[{\"@type\":\"ListItem\",\"position\":1,\"name\":\"\u05d3\u05e3 \u05d4\u05d1\u05d9\u05ea\",\"item\":\"https:\\\/\\\/eyalcohen.com\\\/fr\\\/\"},{\"@type\":\"ListItem\",\"position\":2,\"name\":\"Rem\u00e8de naturel pour les maladies des gencives\"}]},{\"@type\":\"WebSite\",\"@id\":\"https:\\\/\\\/eyalcohen.com\\\/#website\",\"url\":\"https:\\\/\\\/eyalcohen.com\\\/\",\"name\":\"\u05d4\u05e2\u05d9\u05d3\u05df \u05d4\u05d7\u05d3\u05e9 \u05e9\u05dc \u05d0\u05d9\u05dc \u05db\u05d4\u05df\",\"description\":\"\u05d1\u05e8\u05d9\u05d0\u05d5\u05ea \u05d8\u05d1\u05e2\u05d9\u05ea, \u05de\u05d5\u05d6\u05d9\u05e7\u05d4 \u05dc\u05d0\u05d9\u05e8\u05d5\u05e2\u05d9\u05dd \u05d5\u05de\u05d4 \u05e9\u05d1\u05d9\u05e0\u05d9\u05d4\u05dd\",\"publisher\":{\"@id\":\"https:\\\/\\\/eyalcohen.com\\\/#\\\/schema\\\/person\\\/2cf6581996d002a62e66ee8d3a64b863\"},\"potentialAction\":[{\"@type\":\"SearchAction\",\"target\":{\"@type\":\"EntryPoint\",\"urlTemplate\":\"https:\\\/\\\/eyalcohen.com\\\/?s={search_term_string}\"},\"query-input\":{\"@type\":\"PropertyValueSpecification\",\"valueRequired\":true,\"valueName\":\"search_term_string\"}}],\"inLanguage\":\"fr-FR\"},{\"@type\":[\"Person\",\"Organization\"],\"@id\":\"https:\\\/\\\/eyalcohen.com\\\/#\\\/schema\\\/person\\\/2cf6581996d002a62e66ee8d3a64b863\",\"name\":\"eyal cohen\",\"image\":{\"@type\":\"ImageObject\",\"inLanguage\":\"fr-FR\",\"@id\":\"https:\\\/\\\/eyalcohen.com\\\/wp-content\\\/uploads\\\/2015\\\/12\\\/card_reiki.jpg\",\"url\":\"https:\\\/\\\/eyalcohen.com\\\/wp-content\\\/uploads\\\/2015\\\/12\\\/card_reiki.jpg\",\"contentUrl\":\"https:\\\/\\\/eyalcohen.com\\\/wp-content\\\/uploads\\\/2015\\\/12\\\/card_reiki.jpg\",\"width\":296,\"height\":532,\"caption\":\"eyal cohen\"},\"logo\":{\"@id\":\"https:\\\/\\\/eyalcohen.com\\\/wp-content\\\/uploads\\\/2015\\\/12\\\/card_reiki.jpg\"},\"sameAs\":[\"http:\\\/\\\/eyalcohen.com\",\"https:\\\/\\\/www.facebook.com\\\/groups\\\/528354840531271\",\"https:\\\/\\\/www.instagram.com\\\/eyalchn61\\\/\"]}]}<\/script>\n<!-- \/ Yoast SEO plugin. -->","yoast_head_json":{"title":"Rem\u00e8de naturel pour les maladies des gencives - \u05d4\u05e2\u05d9\u05d3\u05df \u05d4\u05d7\u05d3\u05e9 \u05e9\u05dc \u05d0\u05d9\u05dc \u05db\u05d4\u05df","robots":{"index":"index","follow":"follow","max-snippet":"max-snippet:-1","max-image-preview":"max-image-preview:large","max-video-preview":"max-video-preview:-1"},"canonical":"https:\/\/eyalcohen.com\/fr\/remede-naturel-pour-les-maladies-des-gencives\/","og_locale":"fr_FR","og_type":"article","og_title":"Rem\u00e8de naturel pour les maladies des gencives - \u05d4\u05e2\u05d9\u05d3\u05df \u05d4\u05d7\u05d3\u05e9 \u05e9\u05dc \u05d0\u05d9\u05dc \u05db\u05d4\u05df","og_description":"Rem\u00e8de naturel pour les maladies des gencives Si vous souffrez de gingivite, la parodontite ou reculs de gencives, le livre &#8220;Zen et le rem\u00e8de naturel pour les maladies des gencives ordinaires\u201d de la d&#8217;unee s\u00e9rie de livres &#8220;Les choses n&#8217;ont pas entendu de votre m\u00e9decin&#8221;, vous apporte toutes les informations que vous avez besoin pour [&hellip;]","og_url":"https:\/\/eyalcohen.com\/fr\/remede-naturel-pour-les-maladies-des-gencives\/","og_site_name":"\u05d4\u05e2\u05d9\u05d3\u05df \u05d4\u05d7\u05d3\u05e9 \u05e9\u05dc \u05d0\u05d9\u05dc \u05db\u05d4\u05df","article_publisher":"https:\/\/www.facebook.com\/groups\/528354840531271","article_modified_time":"2017-07-07T16:29:32+00:00","og_image":[{"url":"http:\/\/eyalcohen.com\/fr\/files\/2016\/07\/ENGLISH-BOOK-COVER-FRONT.jpg","type":"","width":"","height":""}],"twitter_card":"summary_large_image","twitter_misc":{"Dur\u00e9e de lecture estim\u00e9e":"2 minutes"},"schema":{"@context":"https:\/\/schema.org","@graph":[{"@type":"WebPage","@id":"https:\/\/eyalcohen.com\/fr\/remede-naturel-pour-les-maladies-des-gencives\/","url":"https:\/\/eyalcohen.com\/fr\/remede-naturel-pour-les-maladies-des-gencives\/","name":"Rem\u00e8de naturel pour les maladies des gencives - \u05d4\u05e2\u05d9\u05d3\u05df \u05d4\u05d7\u05d3\u05e9 \u05e9\u05dc \u05d0\u05d9\u05dc \u05db\u05d4\u05df","isPartOf":{"@id":"https:\/\/eyalcohen.com\/#website"},"primaryImageOfPage":{"@id":"https:\/\/eyalcohen.com\/fr\/remede-naturel-pour-les-maladies-des-gencives\/#primaryimage"},"image":{"@id":"https:\/\/eyalcohen.com\/fr\/remede-naturel-pour-les-maladies-des-gencives\/#primaryimage"},"thumbnailUrl":"http:\/\/eyalcohen.com\/fr\/files\/2016\/07\/ENGLISH-BOOK-COVER-FRONT.jpg","datePublished":"2017-05-14T08:35:52+00:00","dateModified":"2017-07-07T16:29:32+00:00","breadcrumb":{"@id":"https:\/\/eyalcohen.com\/fr\/remede-naturel-pour-les-maladies-des-gencives\/#breadcrumb"},"inLanguage":"fr-FR","potentialAction":[{"@type":"ReadAction","target":["https:\/\/eyalcohen.com\/fr\/remede-naturel-pour-les-maladies-des-gencives\/"]}]},{"@type":"ImageObject","inLanguage":"fr-FR","@id":"https:\/\/eyalcohen.com\/fr\/remede-naturel-pour-les-maladies-des-gencives\/#primaryimage","url":"http:\/\/eyalcohen.com\/fr\/files\/2016\/07\/ENGLISH-BOOK-COVER-FRONT.jpg","contentUrl":"http:\/\/eyalcohen.com\/fr\/files\/2016\/07\/ENGLISH-BOOK-COVER-FRONT.jpg"},{"@type":"BreadcrumbList","@id":"https:\/\/eyalcohen.com\/fr\/remede-naturel-pour-les-maladies-des-gencives\/#breadcrumb","itemListElement":[{"@type":"ListItem","position":1,"name":"\u05d3\u05e3 \u05d4\u05d1\u05d9\u05ea","item":"https:\/\/eyalcohen.com\/fr\/"},{"@type":"ListItem","position":2,"name":"Rem\u00e8de naturel pour les maladies des gencives"}]},{"@type":"WebSite","@id":"https:\/\/eyalcohen.com\/#website","url":"https:\/\/eyalcohen.com\/","name":"\u05d4\u05e2\u05d9\u05d3\u05df \u05d4\u05d7\u05d3\u05e9 \u05e9\u05dc \u05d0\u05d9\u05dc \u05db\u05d4\u05df","description":"\u05d1\u05e8\u05d9\u05d0\u05d5\u05ea \u05d8\u05d1\u05e2\u05d9\u05ea, \u05de\u05d5\u05d6\u05d9\u05e7\u05d4 \u05dc\u05d0\u05d9\u05e8\u05d5\u05e2\u05d9\u05dd \u05d5\u05de\u05d4 \u05e9\u05d1\u05d9\u05e0\u05d9\u05d4\u05dd","publisher":{"@id":"https:\/\/eyalcohen.com\/#\/schema\/person\/2cf6581996d002a62e66ee8d3a64b863"},"potentialAction":[{"@type":"SearchAction","target":{"@type":"EntryPoint","urlTemplate":"https:\/\/eyalcohen.com\/?s={search_term_string}"},"query-input":{"@type":"PropertyValueSpecification","valueRequired":true,"valueName":"search_term_string"}}],"inLanguage":"fr-FR"},{"@type":["Person","Organization"],"@id":"https:\/\/eyalcohen.com\/#\/schema\/person\/2cf6581996d002a62e66ee8d3a64b863","name":"eyal cohen","image":{"@type":"ImageObject","inLanguage":"fr-FR","@id":"https:\/\/eyalcohen.com\/wp-content\/uploads\/2015\/12\/card_reiki.jpg","url":"https:\/\/eyalcohen.com\/wp-content\/uploads\/2015\/12\/card_reiki.jpg","contentUrl":"https:\/\/eyalcohen.com\/wp-content\/uploads\/2015\/12\/card_reiki.jpg","width":296,"height":532,"caption":"eyal cohen"},"logo":{"@id":"https:\/\/eyalcohen.com\/wp-content\/uploads\/2015\/12\/card_reiki.jpg"},"sameAs":["http:\/\/eyalcohen.com","https:\/\/www.facebook.com\/groups\/528354840531271","https:\/\/www.instagram.com\/eyalchn61\/"]}]}},"_links":{"self":[{"href":"https:\/\/eyalcohen.com\/fr\/wp-json\/wp\/v2\/pages\/4924","targetHints":{"allow":["GET"]}}],"collection":[{"href":"https:\/\/eyalcohen.com\/fr\/wp-json\/wp\/v2\/pages"}],"about":[{"href":"https:\/\/eyalcohen.com\/fr\/wp-json\/wp\/v2\/types\/page"}],"author":[{"embeddable":true,"href":"https:\/\/eyalcohen.com\/fr\/wp-json\/wp\/v2\/users\/2"}],"replies":[{"embeddable":true,"href":"https:\/\/eyalcohen.com\/fr\/wp-json\/wp\/v2\/comments?post=4924"}],"version-history":[{"count":1,"href":"https:\/\/eyalcohen.com\/fr\/wp-json\/wp\/v2\/pages\/4924\/revisions"}],"predecessor-version":[{"id":4925,"href":"https:\/\/eyalcohen.com\/fr\/wp-json\/wp\/v2\/pages\/4924\/revisions\/4925"}],"wp:attachment":[{"href":"https:\/\/eyalcohen.com\/fr\/wp-json\/wp\/v2\/media?parent=4924"}],"curies":[{"name":"wp","href":"https:\/\/api.w.org\/{rel}","templated":true}]}}