{"id":4922,"date":"2017-05-14T11:34:16","date_gmt":"2017-05-14T08:34:16","guid":{"rendered":"http:\/\/eyalcohen.com\/?page_id=4922"},"modified":"2017-07-07T19:29:17","modified_gmt":"2017-07-07T16:29:17","slug":"remede-naturel-pour-larthrite-rhumatoide","status":"publish","type":"page","link":"https:\/\/eyalcohen.com\/fr\/remede-naturel-pour-larthrite-rhumatoide\/","title":{"rendered":"Rem\u00e8de naturel pour l\u2019arthrite rhumato\u00efde"},"content":{"rendered":"<p style=\"text-align: justify;\">Par: Eyal Cohen<\/p>\n<p style=\"text-align: justify;\">La v\u00e9rit\u00e9 sur la polyarthrite rhumato\u00efde<\/p>\n<p style=\"text-align: justify;\">Avant d&#8217;aborder cette question, je voudrais r\u00e9tablir les faits afin d&#8217;\u00e9viter les malentendus.<\/p>\n<p style=\"direction: ltr;\">Dans de nombreux cas, lorsque les gens souffrent des articulations ou des douleurs musculaires, le m\u00e9decin se r\u00e9f\u00e8re \u00e0 elle comme l&#8217;inflammation.<\/p>\n<p style=\"direction: ltr;\">Pourtant, il existe de nombreux types de douleurs dans les articulations, r\u00e9sultant de l&#8217;\u0153d\u00e8me, l&#8217;\u00e9rosion du cartilage, de l&#8217;insuffisance de sang dans certains tissus qui se traduit par un traumatisme, comme dans les cas de \u00ab\u00e9paule gel\u00e9e\u00bb ou \u00abtennis elbow\u00bb. En fait, le flux sanguin insuffisant se produit habituellement parce que les muscles travaille dur sans \u00e9chauffement progressif ad\u00e9quate &#8211; ou \u00e0 cause de mouvements r\u00e9p\u00e9t\u00e9s &#8211; ou m\u00eame rester pendant une longue p\u00e9riode \u00e0 la m\u00eame position, ce qui provoque un traumatisme \u00e0 certains tissus.<\/p>\n<p style=\"text-align: justify;\">La diff\u00e9rence est que, dans ces cas, il n&#8217;y a pas de bact\u00e9ries impliqu\u00e9es, et ainsi, vous ne verrez pas le gonflement et la couleur rouge \/ violet que vous voyez dans l&#8217;inflammation, et dans ces cas, les antibiotiques seront d&#8217;aucune aide, mais seulement causer des dommages.<\/p>\n<p style=\"text-align: justify;\">En ce qui concerne l&#8217;arthrite, il est une infection qui pr\u00e9sente des signes \u00e9vidents de gonflement, de couleur violac\u00e9e, \u00e9coulement purulent et une douleur atroce.<\/p>\n<p style=\"text-align: justify;\">Il y a 20.000 d\u00e9c\u00e8s signal\u00e9s par an dans la seule Am\u00e9rique, des effets secondaires des m\u00e9dicaments pour le traitement de la polyarthrite rhumato\u00efde, et les personnes souffrant ont besoin pour vivre sur le m\u00e9dicament permanent et aggravation souffrir, la douleur et le handicap pour le reste de leur vie.<\/p>\n<p style=\"text-align: justify;\">Maintenant, d\u00e9couvrir la v\u00e9rit\u00e9 choquante, que toute cette douleur, souffrent et la mort pourraient \u00eatre \u00e9vit\u00e9s si les gens savaient que la cause de la polyarthrite rhumato\u00efde est l&#8217;utilisation fr\u00e9quente de l&#8217;eau chaude.<\/p>\n<p style=\"text-align: justify;\">L&#8217;eau est le plus grand accumulateur de chaleur dans la nature, et ainsi, nous avons besoin de lui donner le respect apropriate.<\/p>\n<p style=\"text-align: justify;\">Nous utilisons l&#8217;eau chaude \u00e0 de nombreuses fins et dans de nombreuses fa\u00e7ons, comme dans la douche, le bain, la vaisselle, se laver les mains, laver les planchers, etc. Chaque fois que notre corps entre en contact avec l&#8217;eau chaude, il absorbe une \u00e9norme quantit\u00e9 d&#8217;\u00e9nergie thermique , ce qui provoque des vaisseaux sanguins microscopiques \u00e0 \u00e9clater. Vous pouvez voir ces h\u00e9morragies dans la couleur de votre peau qui devient rouge apr\u00e8s une douche chaude.<\/p>\n<p style=\"text-align: justify;\">Les dommages aux vaisseaux sanguins peut sembler insignifiant becauses les h\u00e9morragies internes sont \u00e0 l&#8217;\u00e9chelle microscopique, mais sur une base quotidienne sans rel\u00e2che, que les tissus plus profonds et deepr sont affect\u00e9s et leur syst\u00e8me sanguin impired, les dommages accumule. Le flux sanguin perturb\u00e9 emp\u00eache le m\u00e9canisme immunologique d&#8217;atteindre les tissus affect\u00e9s, et permet aux bact\u00e9ries de se reproduire de fa\u00e7on incontr\u00f4l\u00e9e, s\u00e9cr\u00e8tent des acides qui consomment les tissus et provoquer une inflammation des articulations (rhumatisme).<\/p>\n<p style=\"text-align: justify;\">La raison pour laquelle la polyarthrite rhumato\u00efde affecte mosetly les articulations, est que, contrairement aux muscles ou les tissus adipeux, les articulations dalicate contient des tissus tels que le cartilage et d&#8217;autres, qui sont plus sensibles \u00e0 l&#8217;\u00e9nergie thermique.<\/p>\n<p style=\"text-align: justify;\">Comme nous vieillissons, la maladie se d\u00e9veloppe plus rapidement, parce que notre capacit\u00e9 \u00e0 remettre en \u00e9tat diminue, et les dommages que l&#8217;eau chaude provoque les vaisseaux sanguins, devient plus extr\u00eame.<\/p>\n<p style=\"text-align: justify;\">Palms et les articulations des doigts souffrent g\u00e9n\u00e9ralement de plus, et de nombreuses personnes \u00e2g\u00e9es souffrent d&#8217;une d\u00e9formation des mains, parce que les tissus dans les mains a \u00e9t\u00e9 cuit dans l&#8217;eau chaude. Dans les cas extr\u00eames, l&#8217;inflammation peut provoquer une n\u00e9crose, ce qui n\u00e9cessite une amputation.<\/p>\n<p style=\"text-align: justify;\">Si vous souffrez de l&#8217;inflammation des articulations, juste permettre \u00e0 votre corps de r\u00e9cup\u00e9rer, et de regarder le miracle comme il arrive, de la mani\u00e8re la moins ch\u00e8re, la plus efficace et la plus respectueuse. Commencez en \u00e9vitant d&#8217;utiliser l&#8217;eau chaude, autant que possible, et vous remarquerez vite la diff\u00e9rence.<\/p>\n<p style=\"text-align: justify;\">Si vous avez besoin de prendre un bain chaud;<\/p>\n<p style=\"direction: ltr;\">raccourcir le temps dans le bain, autant que possible.<\/p>\n<p style=\"direction: ltr;\">Rappelez-vous, si vous prenez une douche pendant cinq minutes ou quinze minutes, vous sortirez tout aussi propre, mais moins vous vous faites bouillir, plus votre corps sera en mesure de r\u00e9cup\u00e9rer, et vous permettra \u00e9galement d&#8217;\u00e9conomiser l&#8217;eau et de l&#8217;\u00e9nergie.<\/p>\n<p style=\"direction: ltr;\">\u00c9vitez d&#8217;atteindre la temp\u00e9rature du seuil de la douleur et essayer d&#8217;utiliser la plus basse temp\u00e9rature possible que vous pouvez, tout en se sentant \u00e0 l&#8217;aise.<\/p>\n<p style=\"direction: ltr;\">La m\u00e9decine conventionnelle d\u00e9finit la polyarthrite rhumato\u00efde comme \u00abchronique\u00bb ou d&#8217;une maladie \u00abauto-immune\u00bb, et n&#8217;a aucun moyen de gu\u00e9rir ces maux. Les diff\u00e9rents m\u00e9dicaments pour soulager la douleur indicible qui accompagne la maladie, g\u00e9n\u00e9ralement aider seulement \u00e0 court terme, mais alors que le m\u00e9dicament arr\u00eate le m\u00e9canisme de la douleur, la maladie continue \u00e0 p\u00e9n\u00e9trer dans les couches plus profondes et plus profondes des tissus, et \u00e9clateront \u00e0 l&#8217;avenir sur une bien plus grande \u00e9chelle.<\/p>\n<p style=\"text-align: justify;\">Il n&#8217;y a pas de solution m\u00e9dicale, et si vous ne voulez pas faire partie des statistiques et \u00e9viter de devenir une autre victime de la maladie et du syst\u00e8me, vous devez changer vos habitudes et mode de vie, afin de permettre \u00e0 votre corps \u00e0 gu\u00e9rir. Nous devons prendre nos responsabilit\u00e9s pour nous-m\u00eames et d&#8217;adopter une approche diff\u00e9rente pour les causes de la maladie, afin d&#8217;\u00e9viter la souffrance.<\/p>\n<p style=\"direction: ltr;\">Si vous voulez une vraie solution \u00e0 la douleur et le dysfonctionnement, et d&#8217;obtenir une r\u00e9habilitation rapide et propre, trouver un praticien de reiki et obtenir quelques traitements.<\/p>\n<p style=\"direction: ltr;\">Vous serez \u00e9tonn\u00e9 par le r\u00e9sultat, et je l&#8217;\u00e9crire \u00e0 partir d&#8217;une grande exp\u00e9rience personnelle dans la gu\u00e9rison de ces sympt\u00f4mes avec un succ\u00e8s vraiment incroyable.<\/p>\n<p style=\"text-align: justify;\">Cette partie du site a \u00e9t\u00e9 traduit par Google Translate. Je vous peux me aider \u00e0 faire des corrections, s&#8217;il vous pla\u00eet contacter!<\/p>\n<hr style=\"direction: ltr;\" \/>\n<p style=\"direction: ltr;\">Une des images les plus \u00e9tonnante qui montre dans des couleurs exactement ce dont je parle dans le livre &#8220;Les choses que vous ne veut pas entendre de votre m\u00e9decin&#8221;<\/p>\n<p style=\"direction: ltr;\">Focus sur ce qui se passe dans le deuxi\u00e8me quaranti\u00e8me et.<\/p>\n<p style=\"direction: ltr;\"><iframe src=\"https:\/\/www.youtube.com\/embed\/0KRXaZh_Yy4\" width=\"420\" height=\"315\" frameborder=\"0\" allowfullscreen=\"allowfullscreen\"><\/iframe><\/p>\n<p style=\"direction: ltr;\">Si vous ne l&#8217;avez pas encore lu &#8211; ne perdez pas de temps. lire maintenant &#8211; il est essentiel !!!<\/p>\n<p style=\"direction: ltr;\">http:\/\/eyalcohen.com\/en\/the-natural-cure-to-the-common-gum-diseases\/<\/p>\n<p>http:\/\/eyalcohen.com\/en\/r-a-rheumatoid-arthritis\/<\/p>\n","protected":false},"excerpt":{"rendered":"<p>Par: Eyal Cohen La v\u00e9rit\u00e9 sur la polyarthrite rhumato\u00efde Avant d&#8217;aborder cette question, je voudrais r\u00e9tablir les faits afin d&#8217;\u00e9viter les malentendus. Dans de nombreux cas, lorsque les gens souffrent des articulations ou des douleurs musculaires, le m\u00e9decin se r\u00e9f\u00e8re \u00e0 elle comme l&#8217;inflammation. Pourtant, il existe de nombreux types de douleurs dans les articulations, [&hellip;]<\/p>\n","protected":false},"author":2,"featured_media":0,"parent":0,"menu_order":0,"comment_status":"open","ping_status":"open","template":"","meta":{"_monsterinsights_skip_tracking":false,"_monsterinsights_sitenote_active":false,"_monsterinsights_sitenote_note":"","_monsterinsights_sitenote_category":0,"footnotes":""},"class_list":["post-4922","page","type-page","status-publish","hentry"],"yoast_head":"<!-- This site is optimized with the Yoast SEO plugin v27.4 - https:\/\/yoast.com\/product\/yoast-seo-wordpress\/ -->\n<title>Rem\u00e8de naturel pour l\u2019arthrite rhumato\u00efde - \u05d4\u05e2\u05d9\u05d3\u05df \u05d4\u05d7\u05d3\u05e9 \u05e9\u05dc \u05d0\u05d9\u05dc \u05db\u05d4\u05df<\/title>\n<meta name=\"robots\" content=\"index, follow, max-snippet:-1, max-image-preview:large, max-video-preview:-1\" \/>\n<link rel=\"canonical\" href=\"https:\/\/eyalcohen.com\/fr\/remede-naturel-pour-larthrite-rhumatoide\/\" \/>\n<meta property=\"og:locale\" content=\"fr_FR\" \/>\n<meta property=\"og:type\" content=\"article\" \/>\n<meta property=\"og:title\" content=\"Rem\u00e8de naturel pour l\u2019arthrite rhumato\u00efde - \u05d4\u05e2\u05d9\u05d3\u05df \u05d4\u05d7\u05d3\u05e9 \u05e9\u05dc \u05d0\u05d9\u05dc \u05db\u05d4\u05df\" \/>\n<meta property=\"og:description\" content=\"Par: Eyal Cohen La v\u00e9rit\u00e9 sur la polyarthrite rhumato\u00efde Avant d&#8217;aborder cette question, je voudrais r\u00e9tablir les faits afin d&#8217;\u00e9viter les malentendus. Dans de nombreux cas, lorsque les gens souffrent des articulations ou des douleurs musculaires, le m\u00e9decin se r\u00e9f\u00e8re \u00e0 elle comme l&#8217;inflammation. Pourtant, il existe de nombreux types de douleurs dans les articulations, [&hellip;]\" \/>\n<meta property=\"og:url\" content=\"https:\/\/eyalcohen.com\/fr\/remede-naturel-pour-larthrite-rhumatoide\/\" \/>\n<meta property=\"og:site_name\" content=\"\u05d4\u05e2\u05d9\u05d3\u05df \u05d4\u05d7\u05d3\u05e9 \u05e9\u05dc \u05d0\u05d9\u05dc \u05db\u05d4\u05df\" \/>\n<meta property=\"article:publisher\" content=\"https:\/\/www.facebook.com\/groups\/528354840531271\" \/>\n<meta property=\"article:modified_time\" content=\"2017-07-07T16:29:17+00:00\" \/>\n<meta name=\"twitter:card\" content=\"summary_large_image\" \/>\n<meta name=\"twitter:label1\" content=\"Dur\u00e9e de lecture estim\u00e9e\" \/>\n\t<meta name=\"twitter:data1\" content=\"5 minutes\" \/>\n<script type=\"application\/ld+json\" class=\"yoast-schema-graph\">{\"@context\":\"https:\\\/\\\/schema.org\",\"@graph\":[{\"@type\":\"WebPage\",\"@id\":\"https:\\\/\\\/eyalcohen.com\\\/fr\\\/remede-naturel-pour-larthrite-rhumatoide\\\/\",\"url\":\"https:\\\/\\\/eyalcohen.com\\\/fr\\\/remede-naturel-pour-larthrite-rhumatoide\\\/\",\"name\":\"Rem\u00e8de naturel pour l\u2019arthrite rhumato\u00efde - \u05d4\u05e2\u05d9\u05d3\u05df \u05d4\u05d7\u05d3\u05e9 \u05e9\u05dc \u05d0\u05d9\u05dc \u05db\u05d4\u05df\",\"isPartOf\":{\"@id\":\"https:\\\/\\\/eyalcohen.com\\\/#website\"},\"datePublished\":\"2017-05-14T08:34:16+00:00\",\"dateModified\":\"2017-07-07T16:29:17+00:00\",\"breadcrumb\":{\"@id\":\"https:\\\/\\\/eyalcohen.com\\\/fr\\\/remede-naturel-pour-larthrite-rhumatoide\\\/#breadcrumb\"},\"inLanguage\":\"fr-FR\",\"potentialAction\":[{\"@type\":\"ReadAction\",\"target\":[\"https:\\\/\\\/eyalcohen.com\\\/fr\\\/remede-naturel-pour-larthrite-rhumatoide\\\/\"]}]},{\"@type\":\"BreadcrumbList\",\"@id\":\"https:\\\/\\\/eyalcohen.com\\\/fr\\\/remede-naturel-pour-larthrite-rhumatoide\\\/#breadcrumb\",\"itemListElement\":[{\"@type\":\"ListItem\",\"position\":1,\"name\":\"\u05d3\u05e3 \u05d4\u05d1\u05d9\u05ea\",\"item\":\"https:\\\/\\\/eyalcohen.com\\\/fr\\\/\"},{\"@type\":\"ListItem\",\"position\":2,\"name\":\"Rem\u00e8de naturel pour l\u2019arthrite rhumato\u00efde\"}]},{\"@type\":\"WebSite\",\"@id\":\"https:\\\/\\\/eyalcohen.com\\\/#website\",\"url\":\"https:\\\/\\\/eyalcohen.com\\\/\",\"name\":\"\u05d4\u05e2\u05d9\u05d3\u05df \u05d4\u05d7\u05d3\u05e9 \u05e9\u05dc \u05d0\u05d9\u05dc \u05db\u05d4\u05df\",\"description\":\"\u05d1\u05e8\u05d9\u05d0\u05d5\u05ea \u05d8\u05d1\u05e2\u05d9\u05ea, \u05de\u05d5\u05d6\u05d9\u05e7\u05d4 \u05dc\u05d0\u05d9\u05e8\u05d5\u05e2\u05d9\u05dd \u05d5\u05de\u05d4 \u05e9\u05d1\u05d9\u05e0\u05d9\u05d4\u05dd\",\"publisher\":{\"@id\":\"https:\\\/\\\/eyalcohen.com\\\/#\\\/schema\\\/person\\\/2cf6581996d002a62e66ee8d3a64b863\"},\"potentialAction\":[{\"@type\":\"SearchAction\",\"target\":{\"@type\":\"EntryPoint\",\"urlTemplate\":\"https:\\\/\\\/eyalcohen.com\\\/?s={search_term_string}\"},\"query-input\":{\"@type\":\"PropertyValueSpecification\",\"valueRequired\":true,\"valueName\":\"search_term_string\"}}],\"inLanguage\":\"fr-FR\"},{\"@type\":[\"Person\",\"Organization\"],\"@id\":\"https:\\\/\\\/eyalcohen.com\\\/#\\\/schema\\\/person\\\/2cf6581996d002a62e66ee8d3a64b863\",\"name\":\"eyal cohen\",\"image\":{\"@type\":\"ImageObject\",\"inLanguage\":\"fr-FR\",\"@id\":\"https:\\\/\\\/eyalcohen.com\\\/wp-content\\\/uploads\\\/2015\\\/12\\\/card_reiki.jpg\",\"url\":\"https:\\\/\\\/eyalcohen.com\\\/wp-content\\\/uploads\\\/2015\\\/12\\\/card_reiki.jpg\",\"contentUrl\":\"https:\\\/\\\/eyalcohen.com\\\/wp-content\\\/uploads\\\/2015\\\/12\\\/card_reiki.jpg\",\"width\":296,\"height\":532,\"caption\":\"eyal cohen\"},\"logo\":{\"@id\":\"https:\\\/\\\/eyalcohen.com\\\/wp-content\\\/uploads\\\/2015\\\/12\\\/card_reiki.jpg\"},\"sameAs\":[\"http:\\\/\\\/eyalcohen.com\",\"https:\\\/\\\/www.facebook.com\\\/groups\\\/528354840531271\",\"https:\\\/\\\/www.instagram.com\\\/eyalchn61\\\/\"]}]}<\/script>\n<!-- \/ Yoast SEO plugin. -->","yoast_head_json":{"title":"Rem\u00e8de naturel pour l\u2019arthrite rhumato\u00efde - \u05d4\u05e2\u05d9\u05d3\u05df \u05d4\u05d7\u05d3\u05e9 \u05e9\u05dc \u05d0\u05d9\u05dc \u05db\u05d4\u05df","robots":{"index":"index","follow":"follow","max-snippet":"max-snippet:-1","max-image-preview":"max-image-preview:large","max-video-preview":"max-video-preview:-1"},"canonical":"https:\/\/eyalcohen.com\/fr\/remede-naturel-pour-larthrite-rhumatoide\/","og_locale":"fr_FR","og_type":"article","og_title":"Rem\u00e8de naturel pour l\u2019arthrite rhumato\u00efde - \u05d4\u05e2\u05d9\u05d3\u05df \u05d4\u05d7\u05d3\u05e9 \u05e9\u05dc \u05d0\u05d9\u05dc \u05db\u05d4\u05df","og_description":"Par: Eyal Cohen La v\u00e9rit\u00e9 sur la polyarthrite rhumato\u00efde Avant d&#8217;aborder cette question, je voudrais r\u00e9tablir les faits afin d&#8217;\u00e9viter les malentendus. Dans de nombreux cas, lorsque les gens souffrent des articulations ou des douleurs musculaires, le m\u00e9decin se r\u00e9f\u00e8re \u00e0 elle comme l&#8217;inflammation. Pourtant, il existe de nombreux types de douleurs dans les articulations, [&hellip;]","og_url":"https:\/\/eyalcohen.com\/fr\/remede-naturel-pour-larthrite-rhumatoide\/","og_site_name":"\u05d4\u05e2\u05d9\u05d3\u05df \u05d4\u05d7\u05d3\u05e9 \u05e9\u05dc \u05d0\u05d9\u05dc \u05db\u05d4\u05df","article_publisher":"https:\/\/www.facebook.com\/groups\/528354840531271","article_modified_time":"2017-07-07T16:29:17+00:00","twitter_card":"summary_large_image","twitter_misc":{"Dur\u00e9e de lecture estim\u00e9e":"5 minutes"},"schema":{"@context":"https:\/\/schema.org","@graph":[{"@type":"WebPage","@id":"https:\/\/eyalcohen.com\/fr\/remede-naturel-pour-larthrite-rhumatoide\/","url":"https:\/\/eyalcohen.com\/fr\/remede-naturel-pour-larthrite-rhumatoide\/","name":"Rem\u00e8de naturel pour l\u2019arthrite rhumato\u00efde - \u05d4\u05e2\u05d9\u05d3\u05df \u05d4\u05d7\u05d3\u05e9 \u05e9\u05dc \u05d0\u05d9\u05dc \u05db\u05d4\u05df","isPartOf":{"@id":"https:\/\/eyalcohen.com\/#website"},"datePublished":"2017-05-14T08:34:16+00:00","dateModified":"2017-07-07T16:29:17+00:00","breadcrumb":{"@id":"https:\/\/eyalcohen.com\/fr\/remede-naturel-pour-larthrite-rhumatoide\/#breadcrumb"},"inLanguage":"fr-FR","potentialAction":[{"@type":"ReadAction","target":["https:\/\/eyalcohen.com\/fr\/remede-naturel-pour-larthrite-rhumatoide\/"]}]},{"@type":"BreadcrumbList","@id":"https:\/\/eyalcohen.com\/fr\/remede-naturel-pour-larthrite-rhumatoide\/#breadcrumb","itemListElement":[{"@type":"ListItem","position":1,"name":"\u05d3\u05e3 \u05d4\u05d1\u05d9\u05ea","item":"https:\/\/eyalcohen.com\/fr\/"},{"@type":"ListItem","position":2,"name":"Rem\u00e8de naturel pour l\u2019arthrite rhumato\u00efde"}]},{"@type":"WebSite","@id":"https:\/\/eyalcohen.com\/#website","url":"https:\/\/eyalcohen.com\/","name":"\u05d4\u05e2\u05d9\u05d3\u05df \u05d4\u05d7\u05d3\u05e9 \u05e9\u05dc \u05d0\u05d9\u05dc \u05db\u05d4\u05df","description":"\u05d1\u05e8\u05d9\u05d0\u05d5\u05ea \u05d8\u05d1\u05e2\u05d9\u05ea, \u05de\u05d5\u05d6\u05d9\u05e7\u05d4 \u05dc\u05d0\u05d9\u05e8\u05d5\u05e2\u05d9\u05dd \u05d5\u05de\u05d4 \u05e9\u05d1\u05d9\u05e0\u05d9\u05d4\u05dd","publisher":{"@id":"https:\/\/eyalcohen.com\/#\/schema\/person\/2cf6581996d002a62e66ee8d3a64b863"},"potentialAction":[{"@type":"SearchAction","target":{"@type":"EntryPoint","urlTemplate":"https:\/\/eyalcohen.com\/?s={search_term_string}"},"query-input":{"@type":"PropertyValueSpecification","valueRequired":true,"valueName":"search_term_string"}}],"inLanguage":"fr-FR"},{"@type":["Person","Organization"],"@id":"https:\/\/eyalcohen.com\/#\/schema\/person\/2cf6581996d002a62e66ee8d3a64b863","name":"eyal cohen","image":{"@type":"ImageObject","inLanguage":"fr-FR","@id":"https:\/\/eyalcohen.com\/wp-content\/uploads\/2015\/12\/card_reiki.jpg","url":"https:\/\/eyalcohen.com\/wp-content\/uploads\/2015\/12\/card_reiki.jpg","contentUrl":"https:\/\/eyalcohen.com\/wp-content\/uploads\/2015\/12\/card_reiki.jpg","width":296,"height":532,"caption":"eyal cohen"},"logo":{"@id":"https:\/\/eyalcohen.com\/wp-content\/uploads\/2015\/12\/card_reiki.jpg"},"sameAs":["http:\/\/eyalcohen.com","https:\/\/www.facebook.com\/groups\/528354840531271","https:\/\/www.instagram.com\/eyalchn61\/"]}]}},"_links":{"self":[{"href":"https:\/\/eyalcohen.com\/fr\/wp-json\/wp\/v2\/pages\/4922","targetHints":{"allow":["GET"]}}],"collection":[{"href":"https:\/\/eyalcohen.com\/fr\/wp-json\/wp\/v2\/pages"}],"about":[{"href":"https:\/\/eyalcohen.com\/fr\/wp-json\/wp\/v2\/types\/page"}],"author":[{"embeddable":true,"href":"https:\/\/eyalcohen.com\/fr\/wp-json\/wp\/v2\/users\/2"}],"replies":[{"embeddable":true,"href":"https:\/\/eyalcohen.com\/fr\/wp-json\/wp\/v2\/comments?post=4922"}],"version-history":[{"count":2,"href":"https:\/\/eyalcohen.com\/fr\/wp-json\/wp\/v2\/pages\/4922\/revisions"}],"predecessor-version":[{"id":5406,"href":"https:\/\/eyalcohen.com\/fr\/wp-json\/wp\/v2\/pages\/4922\/revisions\/5406"}],"wp:attachment":[{"href":"https:\/\/eyalcohen.com\/fr\/wp-json\/wp\/v2\/media?parent=4922"}],"curies":[{"name":"wp","href":"https:\/\/api.w.org\/{rel}","templated":true}]}}