{"id":4920,"date":"2017-05-14T11:32:27","date_gmt":"2017-05-14T08:32:27","guid":{"rendered":"http:\/\/eyalcohen.com\/?page_id=4920"},"modified":"2017-07-07T19:29:08","modified_gmt":"2017-07-07T16:29:08","slug":"antidouleurs","status":"publish","type":"page","link":"https:\/\/eyalcohen.com\/fr\/antidouleurs\/","title":{"rendered":"antidouleurs"},"content":{"rendered":"<p>Par: Eyal cohen<\/p>\n<p>De nombreuses \u00e9tudes sur painkilling m\u00e9dicaments ont montr\u00e9 un lien entre leur utilisation et de la sant\u00e9 des dommages tels que des probl\u00e8mes d&#8217;audition, des fausses couches, des dommages au foie, des l\u00e9sions r\u00e9nales, des l\u00e9sions de l&#8217;estomac et m\u00eame la mort, mais quelles que soient les dommages de sant\u00e9 connus et consid\u00e9r\u00e9s, il y a un aspect que le concept conventionnel ne tient pas compte, qui explique comment l&#8217;utilisation des analg\u00e9siques conduit \u00e0 la douleur chronique, les remplacements d&#8217;articulations, les tendons d\u00e9chir\u00e9s et de nombreux autres probl\u00e8mes aigus.<\/p>\n<p>Tr\u00e8s souvent, quand les gens souffrent de la douleur, ils choisissent de prendre un analg\u00e9sique comme l&#8217;aspirine ou le parac\u00e9tamol (ACAMOL etc.) afin de fonctionner normalement, mais avant que vous allez pour les pilules, il faut savoir que la douleur est le sympt\u00f4me et non la la maladie que nous avons besoin de gu\u00e9rir, et le traitement des sympt\u00f4mes peut avoir quelques cons\u00e9quences ind\u00e9sirables.<\/p>\n<p>Afin d&#8217;\u00e9viter des dommages de sant\u00e9, nous devons comprendre la nature de la douleur. Les corps parle \u00e0 nous en utilisant des sensations &#8211; et parfois son nous disent des choses tr\u00e8s importantes que nous devons \u00eatre au courant, m\u00eame si elle est mal \u00e0 l&#8217;aise &#8230;<\/p>\n<p>La douleur est une sensation avec une \u00e9chelle de niveaux qui nous informe, combien il est urgent pour le tissu pour se reposer et r\u00e9cup\u00e9rer, et nous avertit de r\u00e9duire la pression des tissus douloureux, afin de pr\u00e9venir la d\u00e9t\u00e9rioration et l&#8217;aggravation du traumatisme.<br \/>\nLa douleur est en fait un m\u00e9canisme de protection pour emp\u00eacher les dommages caus\u00e9s par les tissus qui a besoin d&#8217;un processus de gu\u00e9rison.<\/p>\n<p>Lorsque vous utilisez des analg\u00e9siques pour engourdir la douleur, vous emp\u00eachez votre conscience et de faire passer le message que le tissu tente d&#8217;envoyer, pour que vous r\u00e9agissiez en r\u00e9duisant la pression. De cette fa\u00e7on vous maintenir la pression sur ces tissus qui nuiront et \u00e9roder, entra\u00eenant une aggravation constante usure. Plus la situation se d\u00e9t\u00e9riore, les tueurs plus forts de la douleur dont vous aurez besoin, jusqu&#8217;\u00e0 ce que les tissus obtient \u00e9rod\u00e9es \u00e0 un niveau que les analg\u00e9siques ne plus aider, et vous souffrir de douleurs atroces et une mobilit\u00e9 limit\u00e9e et ont besoin d&#8217;une amputation ou passer par le remplacement d&#8217;articulations en titane ou implants de remplacement.<\/p>\n<p>Dans la pratique, une grande partie de l&#8217;\u00e9norme industrie des implants articulaires, doit son existence \u00e0 un manque de compr\u00e9hension des implications &#8211; et l&#8217;abus d&#8217;analg\u00e9siques.<\/p>\n<p>Pour surmonter la douleur par des moyens naturels, d&#8217;abord, nous devons comprendre son essence. La douleur un r\u00e9sultat d&#8217;un traumatisme qui provoque la perturbation de la circulation sanguine et met toute la r\u00e9gion en d\u00e9tresse.<\/p>\n<p>Ne jamais r\u00e9sister \u00e0 la douleur ou essayer de s&#8217;y habituer. Lorsque vous vous sentez la douleur, le repos est le meilleur rem\u00e8de pour permettre au corps de r\u00e9cup\u00e9rer.<\/p>\n<p>En tant que th\u00e9rapeute, je l&#8217;ai vu d&#8217;innombrables cas que personne normale d\u00e9finir des \u00abmiracles\u00bb, y compris la gu\u00e9rison de l&#8217;\u00e9rosion du cartilage, des inflammations, des douleurs articulaires et m\u00eame le cancer, en cas de tout type de douleur, je recommande vivement d&#8217;essayer des traitements de reiki, avant de se tourner des solutions invasives et toxiques offertes par la m\u00e9decine moderne.<\/p>\n<p>Tout comme les analg\u00e9siques, la th\u00e9rapie du Reiki r\u00e9duit consid\u00e9rablement la douleur et dans la plupart des cas, \u00e9limine, mais la grande diff\u00e9rence est que le soulagement de la douleur dans le traitement de reiki est une cons\u00e9quence directe du processus de gu\u00e9rison du corps.<\/p>\n<p>Contrairement \u00e0 des analg\u00e9siques qui engourdissent le corps, les traitements de reiki soutiennent et renforcent le corps, et lui permet de remettre en \u00e9tat \u00e0 une vitesse incroyable, et en tout cas, il ne peut pas endommager, il devrait donc avoir la priorit\u00e9.<\/p>\n<p>http:\/\/eyalcohen.com\/en\/pain-killers\/<\/p>\n","protected":false},"excerpt":{"rendered":"<p>Par: Eyal cohen De nombreuses \u00e9tudes sur painkilling m\u00e9dicaments ont montr\u00e9 un lien entre leur utilisation et de la sant\u00e9 des dommages tels que des probl\u00e8mes d&#8217;audition, des fausses couches, des dommages au foie, des l\u00e9sions r\u00e9nales, des l\u00e9sions de l&#8217;estomac et m\u00eame la mort, mais quelles que soient les dommages de sant\u00e9 connus et [&hellip;]<\/p>\n","protected":false},"author":2,"featured_media":0,"parent":0,"menu_order":0,"comment_status":"open","ping_status":"open","template":"","meta":{"_monsterinsights_skip_tracking":false,"_monsterinsights_sitenote_active":false,"_monsterinsights_sitenote_note":"","_monsterinsights_sitenote_category":0,"footnotes":""},"class_list":["post-4920","page","type-page","status-publish","hentry"],"yoast_head":"<!-- This site is optimized with the Yoast SEO plugin v27.3 - https:\/\/yoast.com\/product\/yoast-seo-wordpress\/ -->\n<title>antidouleurs - \u05d4\u05e2\u05d9\u05d3\u05df \u05d4\u05d7\u05d3\u05e9 \u05e9\u05dc \u05d0\u05d9\u05dc \u05db\u05d4\u05df<\/title>\n<meta name=\"robots\" content=\"index, follow, max-snippet:-1, max-image-preview:large, max-video-preview:-1\" \/>\n<link rel=\"canonical\" href=\"https:\/\/eyalcohen.com\/fr\/antidouleurs\/\" \/>\n<meta property=\"og:locale\" content=\"fr_FR\" \/>\n<meta property=\"og:type\" content=\"article\" \/>\n<meta property=\"og:title\" content=\"antidouleurs - \u05d4\u05e2\u05d9\u05d3\u05df \u05d4\u05d7\u05d3\u05e9 \u05e9\u05dc \u05d0\u05d9\u05dc \u05db\u05d4\u05df\" \/>\n<meta property=\"og:description\" content=\"Par: Eyal cohen De nombreuses \u00e9tudes sur painkilling m\u00e9dicaments ont montr\u00e9 un lien entre leur utilisation et de la sant\u00e9 des dommages tels que des probl\u00e8mes d&#8217;audition, des fausses couches, des dommages au foie, des l\u00e9sions r\u00e9nales, des l\u00e9sions de l&#8217;estomac et m\u00eame la mort, mais quelles que soient les dommages de sant\u00e9 connus et [&hellip;]\" \/>\n<meta property=\"og:url\" content=\"https:\/\/eyalcohen.com\/fr\/antidouleurs\/\" \/>\n<meta property=\"og:site_name\" content=\"\u05d4\u05e2\u05d9\u05d3\u05df \u05d4\u05d7\u05d3\u05e9 \u05e9\u05dc \u05d0\u05d9\u05dc \u05db\u05d4\u05df\" \/>\n<meta property=\"article:publisher\" content=\"https:\/\/www.facebook.com\/groups\/528354840531271\" \/>\n<meta property=\"article:modified_time\" content=\"2017-07-07T16:29:08+00:00\" \/>\n<meta name=\"twitter:card\" content=\"summary_large_image\" \/>\n<meta name=\"twitter:label1\" content=\"Dur\u00e9e de lecture estim\u00e9e\" \/>\n\t<meta name=\"twitter:data1\" content=\"3 minutes\" \/>\n<script type=\"application\/ld+json\" class=\"yoast-schema-graph\">{\"@context\":\"https:\\\/\\\/schema.org\",\"@graph\":[{\"@type\":\"WebPage\",\"@id\":\"https:\\\/\\\/eyalcohen.com\\\/fr\\\/antidouleurs\\\/\",\"url\":\"https:\\\/\\\/eyalcohen.com\\\/fr\\\/antidouleurs\\\/\",\"name\":\"antidouleurs - \u05d4\u05e2\u05d9\u05d3\u05df \u05d4\u05d7\u05d3\u05e9 \u05e9\u05dc \u05d0\u05d9\u05dc \u05db\u05d4\u05df\",\"isPartOf\":{\"@id\":\"https:\\\/\\\/eyalcohen.com\\\/#website\"},\"datePublished\":\"2017-05-14T08:32:27+00:00\",\"dateModified\":\"2017-07-07T16:29:08+00:00\",\"breadcrumb\":{\"@id\":\"https:\\\/\\\/eyalcohen.com\\\/fr\\\/antidouleurs\\\/#breadcrumb\"},\"inLanguage\":\"fr-FR\",\"potentialAction\":[{\"@type\":\"ReadAction\",\"target\":[\"https:\\\/\\\/eyalcohen.com\\\/fr\\\/antidouleurs\\\/\"]}]},{\"@type\":\"BreadcrumbList\",\"@id\":\"https:\\\/\\\/eyalcohen.com\\\/fr\\\/antidouleurs\\\/#breadcrumb\",\"itemListElement\":[{\"@type\":\"ListItem\",\"position\":1,\"name\":\"\u05d3\u05e3 \u05d4\u05d1\u05d9\u05ea\",\"item\":\"https:\\\/\\\/eyalcohen.com\\\/fr\\\/\"},{\"@type\":\"ListItem\",\"position\":2,\"name\":\"antidouleurs\"}]},{\"@type\":\"WebSite\",\"@id\":\"https:\\\/\\\/eyalcohen.com\\\/#website\",\"url\":\"https:\\\/\\\/eyalcohen.com\\\/\",\"name\":\"\u05d4\u05e2\u05d9\u05d3\u05df \u05d4\u05d7\u05d3\u05e9 \u05e9\u05dc \u05d0\u05d9\u05dc \u05db\u05d4\u05df\",\"description\":\"\u05d1\u05e8\u05d9\u05d0\u05d5\u05ea \u05d8\u05d1\u05e2\u05d9\u05ea, \u05de\u05d5\u05d6\u05d9\u05e7\u05d4 \u05dc\u05d0\u05d9\u05e8\u05d5\u05e2\u05d9\u05dd \u05d5\u05de\u05d4 \u05e9\u05d1\u05d9\u05e0\u05d9\u05d4\u05dd\",\"publisher\":{\"@id\":\"https:\\\/\\\/eyalcohen.com\\\/#\\\/schema\\\/person\\\/2cf6581996d002a62e66ee8d3a64b863\"},\"potentialAction\":[{\"@type\":\"SearchAction\",\"target\":{\"@type\":\"EntryPoint\",\"urlTemplate\":\"https:\\\/\\\/eyalcohen.com\\\/?s={search_term_string}\"},\"query-input\":{\"@type\":\"PropertyValueSpecification\",\"valueRequired\":true,\"valueName\":\"search_term_string\"}}],\"inLanguage\":\"fr-FR\"},{\"@type\":[\"Person\",\"Organization\"],\"@id\":\"https:\\\/\\\/eyalcohen.com\\\/#\\\/schema\\\/person\\\/2cf6581996d002a62e66ee8d3a64b863\",\"name\":\"eyal cohen\",\"image\":{\"@type\":\"ImageObject\",\"inLanguage\":\"fr-FR\",\"@id\":\"https:\\\/\\\/eyalcohen.com\\\/wp-content\\\/uploads\\\/2015\\\/12\\\/card_reiki.jpg\",\"url\":\"https:\\\/\\\/eyalcohen.com\\\/wp-content\\\/uploads\\\/2015\\\/12\\\/card_reiki.jpg\",\"contentUrl\":\"https:\\\/\\\/eyalcohen.com\\\/wp-content\\\/uploads\\\/2015\\\/12\\\/card_reiki.jpg\",\"width\":296,\"height\":532,\"caption\":\"eyal cohen\"},\"logo\":{\"@id\":\"https:\\\/\\\/eyalcohen.com\\\/wp-content\\\/uploads\\\/2015\\\/12\\\/card_reiki.jpg\"},\"sameAs\":[\"http:\\\/\\\/eyalcohen.com\",\"https:\\\/\\\/www.facebook.com\\\/groups\\\/528354840531271\",\"https:\\\/\\\/www.instagram.com\\\/eyalchn61\\\/\"]}]}<\/script>\n<!-- \/ Yoast SEO plugin. -->","yoast_head_json":{"title":"antidouleurs - \u05d4\u05e2\u05d9\u05d3\u05df \u05d4\u05d7\u05d3\u05e9 \u05e9\u05dc \u05d0\u05d9\u05dc \u05db\u05d4\u05df","robots":{"index":"index","follow":"follow","max-snippet":"max-snippet:-1","max-image-preview":"max-image-preview:large","max-video-preview":"max-video-preview:-1"},"canonical":"https:\/\/eyalcohen.com\/fr\/antidouleurs\/","og_locale":"fr_FR","og_type":"article","og_title":"antidouleurs - \u05d4\u05e2\u05d9\u05d3\u05df \u05d4\u05d7\u05d3\u05e9 \u05e9\u05dc \u05d0\u05d9\u05dc \u05db\u05d4\u05df","og_description":"Par: Eyal cohen De nombreuses \u00e9tudes sur painkilling m\u00e9dicaments ont montr\u00e9 un lien entre leur utilisation et de la sant\u00e9 des dommages tels que des probl\u00e8mes d&#8217;audition, des fausses couches, des dommages au foie, des l\u00e9sions r\u00e9nales, des l\u00e9sions de l&#8217;estomac et m\u00eame la mort, mais quelles que soient les dommages de sant\u00e9 connus et [&hellip;]","og_url":"https:\/\/eyalcohen.com\/fr\/antidouleurs\/","og_site_name":"\u05d4\u05e2\u05d9\u05d3\u05df \u05d4\u05d7\u05d3\u05e9 \u05e9\u05dc \u05d0\u05d9\u05dc \u05db\u05d4\u05df","article_publisher":"https:\/\/www.facebook.com\/groups\/528354840531271","article_modified_time":"2017-07-07T16:29:08+00:00","twitter_card":"summary_large_image","twitter_misc":{"Dur\u00e9e de lecture estim\u00e9e":"3 minutes"},"schema":{"@context":"https:\/\/schema.org","@graph":[{"@type":"WebPage","@id":"https:\/\/eyalcohen.com\/fr\/antidouleurs\/","url":"https:\/\/eyalcohen.com\/fr\/antidouleurs\/","name":"antidouleurs - \u05d4\u05e2\u05d9\u05d3\u05df \u05d4\u05d7\u05d3\u05e9 \u05e9\u05dc \u05d0\u05d9\u05dc \u05db\u05d4\u05df","isPartOf":{"@id":"https:\/\/eyalcohen.com\/#website"},"datePublished":"2017-05-14T08:32:27+00:00","dateModified":"2017-07-07T16:29:08+00:00","breadcrumb":{"@id":"https:\/\/eyalcohen.com\/fr\/antidouleurs\/#breadcrumb"},"inLanguage":"fr-FR","potentialAction":[{"@type":"ReadAction","target":["https:\/\/eyalcohen.com\/fr\/antidouleurs\/"]}]},{"@type":"BreadcrumbList","@id":"https:\/\/eyalcohen.com\/fr\/antidouleurs\/#breadcrumb","itemListElement":[{"@type":"ListItem","position":1,"name":"\u05d3\u05e3 \u05d4\u05d1\u05d9\u05ea","item":"https:\/\/eyalcohen.com\/fr\/"},{"@type":"ListItem","position":2,"name":"antidouleurs"}]},{"@type":"WebSite","@id":"https:\/\/eyalcohen.com\/#website","url":"https:\/\/eyalcohen.com\/","name":"\u05d4\u05e2\u05d9\u05d3\u05df \u05d4\u05d7\u05d3\u05e9 \u05e9\u05dc \u05d0\u05d9\u05dc \u05db\u05d4\u05df","description":"\u05d1\u05e8\u05d9\u05d0\u05d5\u05ea \u05d8\u05d1\u05e2\u05d9\u05ea, \u05de\u05d5\u05d6\u05d9\u05e7\u05d4 \u05dc\u05d0\u05d9\u05e8\u05d5\u05e2\u05d9\u05dd \u05d5\u05de\u05d4 \u05e9\u05d1\u05d9\u05e0\u05d9\u05d4\u05dd","publisher":{"@id":"https:\/\/eyalcohen.com\/#\/schema\/person\/2cf6581996d002a62e66ee8d3a64b863"},"potentialAction":[{"@type":"SearchAction","target":{"@type":"EntryPoint","urlTemplate":"https:\/\/eyalcohen.com\/?s={search_term_string}"},"query-input":{"@type":"PropertyValueSpecification","valueRequired":true,"valueName":"search_term_string"}}],"inLanguage":"fr-FR"},{"@type":["Person","Organization"],"@id":"https:\/\/eyalcohen.com\/#\/schema\/person\/2cf6581996d002a62e66ee8d3a64b863","name":"eyal cohen","image":{"@type":"ImageObject","inLanguage":"fr-FR","@id":"https:\/\/eyalcohen.com\/wp-content\/uploads\/2015\/12\/card_reiki.jpg","url":"https:\/\/eyalcohen.com\/wp-content\/uploads\/2015\/12\/card_reiki.jpg","contentUrl":"https:\/\/eyalcohen.com\/wp-content\/uploads\/2015\/12\/card_reiki.jpg","width":296,"height":532,"caption":"eyal cohen"},"logo":{"@id":"https:\/\/eyalcohen.com\/wp-content\/uploads\/2015\/12\/card_reiki.jpg"},"sameAs":["http:\/\/eyalcohen.com","https:\/\/www.facebook.com\/groups\/528354840531271","https:\/\/www.instagram.com\/eyalchn61\/"]}]}},"_links":{"self":[{"href":"https:\/\/eyalcohen.com\/fr\/wp-json\/wp\/v2\/pages\/4920","targetHints":{"allow":["GET"]}}],"collection":[{"href":"https:\/\/eyalcohen.com\/fr\/wp-json\/wp\/v2\/pages"}],"about":[{"href":"https:\/\/eyalcohen.com\/fr\/wp-json\/wp\/v2\/types\/page"}],"author":[{"embeddable":true,"href":"https:\/\/eyalcohen.com\/fr\/wp-json\/wp\/v2\/users\/2"}],"replies":[{"embeddable":true,"href":"https:\/\/eyalcohen.com\/fr\/wp-json\/wp\/v2\/comments?post=4920"}],"version-history":[{"count":1,"href":"https:\/\/eyalcohen.com\/fr\/wp-json\/wp\/v2\/pages\/4920\/revisions"}],"predecessor-version":[{"id":4921,"href":"https:\/\/eyalcohen.com\/fr\/wp-json\/wp\/v2\/pages\/4920\/revisions\/4921"}],"wp:attachment":[{"href":"https:\/\/eyalcohen.com\/fr\/wp-json\/wp\/v2\/media?parent=4920"}],"curies":[{"name":"wp","href":"https:\/\/api.w.org\/{rel}","templated":true}]}}