{"id":4918,"date":"2017-05-14T11:31:11","date_gmt":"2017-05-14T08:31:11","guid":{"rendered":"http:\/\/eyalcohen.com\/?page_id=4918"},"modified":"2017-07-07T19:28:57","modified_gmt":"2017-07-07T16:28:57","slug":"le-naturel-remede-pour-de-diabete","status":"publish","type":"page","link":"https:\/\/eyalcohen.com\/fr\/le-naturel-remede-pour-de-diabete\/","title":{"rendered":"Le naturel rem\u00e8de pour de diab\u00e8te"},"content":{"rendered":"<p style=\"direction: ltr;\">Par Eyal Cohen<\/p>\n<p style=\"direction: ltr;\">Le diab\u00e8te est consid\u00e9r\u00e9 comme un trouble m\u00e9tabolique qui est associ\u00e9e &#8211; injustement, avec la consommation de sucre.<\/p>\n<p style=\"direction: ltr;\">La triste v\u00e9rit\u00e9 sur le diab\u00e8te, comme beaucoup d&#8217;autres maladies, il n&#8217;y a pas de lien entre scientifiques et la perception m\u00e9dicale et la r\u00e9alit\u00e9, et aussi longtemps que vous n&#8217;\u00eates pas malade, il n&#8217;y a aucune limite sur la quantit\u00e9 de sucre que vous pouvez avoir &#8211; bien s\u00fbr , sans exag\u00e9ration sauvage. Dans tous les cas, il n&#8217;y a pas besoin de l&#8217;hyst\u00e9rie, qui peut en elle-m\u00eame causer le diab\u00e8te.<\/p>\n<p style=\"direction: ltr;\">L&#8217;exc\u00e8s de sucre est pas sain car il rendra vos dents pourrissent, vous faire grossir et encourager le sang et les parasites intestinaux, et comme toute autre chose, la consommation excessive est pas recommand\u00e9, mais comme vous allez bient\u00f4t comprendre, il n&#8217;y a aucun lien entre la consommation de sucre et obtenir diab\u00e9tique.<\/p>\n<p style=\"direction: ltr;\">Ce qui pourrait induire en erreur est le fait que si vous avez d\u00e9j\u00e0 le diab\u00e8te, vous devez garder strictement l&#8217;\u00e9quilibre de sucre dans votre sang, utiliser l&#8217;insuline lorsque la glyc\u00e9mie augmente &#8211; et toujours \u00eatre approvisionn\u00e9 avec de la nourriture si le sucre est desc.<\/p>\n<p style=\"direction: ltr;\">La v\u00e9rit\u00e9 est que le diab\u00e8te est une maladie de l&#8217;\u00e9nergie, et par cons\u00e9quent, de comprendre pourquoi et comment elle se d\u00e9veloppe, et l&#8217;augmentation constante de son apparence, il est important de comprendre les diff\u00e9rents syst\u00e8mes du corps dans l&#8217;aspect \u00e9nerg\u00e9tique. Des informations d\u00e9taill\u00e9es sur la carrosserie de dimension \u00e9nerg\u00e9tique peut trouver un livre je l&#8217;ai \u00e9crit &#8220;(j) Les secrets de la cr\u00e9ation &#8211; Le bilan \u00e9nerg\u00e9tique du corps et de la vie&#8221;, mais ici, nous allons discuter sp\u00e9cifiquement le fonctionnement du pancr\u00e9as dans le syst\u00e8me \u00e9nerg\u00e9tique du corps, pour expliquer le diab\u00e8te.<\/p>\n<p style=\"direction: ltr;\">Le diab\u00e8te se d\u00e9veloppe en raison de l&#8217;insuffisance du pancr\u00e9as.<\/p>\n<p style=\"direction: ltr;\">Le pancr\u00e9as est une glande qui s\u00e9cr\u00e8te dans le sang une hormone appel\u00e9e insuline, qui est essentiel pour le sucre de la nourriture de p\u00e9n\u00e9trer dans les cellules, o\u00f9 font le travail et faire de l&#8217;\u00e9nergie.<\/p>\n<p style=\"direction: ltr;\">Sans insuline, le glucose ne peut pas entrer dans les cellules et accumule dans le sang, et le corps ne peut pas produire de l&#8217;\u00e9nergie, qui peut \u00eatre exprim\u00e9 dans de nombreux sympt\u00f4mes diff\u00e9rents de la maladie et m\u00eame conduire \u00e0 la mort.<\/p>\n<p style=\"direction: ltr;\">Il y a deux principales raisons \u00e0 l&#8217;\u00e9chec du pancr\u00e9as, dont aucun n&#8217;a rien \u00e0 voir avec la consommation de sucre.<\/p>\n<p style=\"direction: ltr;\">L&#8217;une est la pancr\u00e9atite (infection du pancr\u00e9as) qui consomme une partie du pancr\u00e9as et r\u00e9duit sa capacit\u00e9 \u00e0 produire de l&#8217;insuline. Cette \u00e9ruption normalement apr\u00e8s que la personne obtient une fi\u00e8vre inexpliqu\u00e9e, parce que les m\u00e9decins ne peuvent pas diagnostiquer l&#8217;infection dans le pancr\u00e9as.<\/p>\n<p style=\"direction: ltr;\">Le deuxi\u00e8me type de diab\u00e8te, qui est la commune, \u00e9volue due \u00e0 des causes \u00e9nerg\u00e9tiques, ce qui dans notre culture ne sont pas politiquement correct, et la science et de la m\u00e9decine en ignorant syst\u00e9matiquement. Afin de comprendre pourquoi et comment il se d\u00e9veloppe &#8211; et avoir plus de contr\u00f4le sur elle, nous avons besoin de comprendre comment, et ce qui rend le travail du pancr\u00e9as.<\/p>\n<p style=\"direction: ltr;\">Le pancr\u00e9as r\u00e9pond \u00e0 diff\u00e9rentes situations dans lesquelles le corps a besoin diff\u00e9rents niveaux d&#8217;\u00e9nergie, en r\u00e9gulant la quantit\u00e9 d&#8217;insuline qu&#8217;il s\u00e9cr\u00e8te. Dans des conditions de stress, il a besoin de s\u00e9cr\u00e9ter plus d&#8217;insuline, et dans les temps plus calmes, il peut se reposer et r\u00e9cup\u00e9rer.<\/p>\n<p style=\"direction: ltr;\">Le plus d&#8217;\u00e9nergie dont nous avons besoin dans le but de r\u00e9pondre \u00e0 certaines situations, le pancr\u00e9as doit travailler plus fort pour produire plus d&#8217;insuline, afin de permettre aux cellules de produire de l&#8217;\u00e9nergie.<\/p>\n<p style=\"direction: ltr;\">Le pancr\u00e9as, comme tout autre organe dans le corps, plus il est actif, les vaisseaux sanguins dans ce constriction, jusqu&#8217;\u00e0 ce qu&#8217;ils ne peuvent pas livrer le sang qui est n\u00e9cessaire aux fins de la fonction, et ainsi, plus il travaille, moins de sang il obtient.<\/p>\n<p style=\"direction: ltr;\">Dans la r\u00e9alit\u00e9, nous vivons aujourd&#8217;hui, de nombreuses situations, nous nous met sous tension. Certains sont temporaires et certains sont constants, mais dans notre soci\u00e9t\u00e9 capitaliste concurrentiel sauvage de la loi et l&#8217;ordre, pour de nombreuses raisons, nous ne pouvons pas r\u00e9pondre.<\/p>\n<p style=\"direction: ltr;\">Sentiments comme le stress, la col\u00e8re, la rage, la jalousie, l&#8217;abus, le sens de la privation, l&#8217;humiliation, l&#8217;\u00e9chec &#8211; et bien d&#8217;autres, cr\u00e9er en nous l&#8217;envie de r\u00e9pondre (Vengeance = \u00e9quilibre \u00e9nerg\u00e9tique). Une partie de l&#8217;envie est en fait le r\u00e9sultat du pancr\u00e9as travaille plus fort pour produire de l&#8217;insuline afin de cr\u00e9er de l&#8217;\u00e9nergie pour r\u00e9pondre avec, mais dans les cas o\u00f9 la pression est constante, notre pancr\u00e9as travaille dur au fil du temps.<\/p>\n<p style=\"direction: ltr;\">Le facteur moral:<\/p>\n<p style=\"direction: ltr;\">Nous vivons dans une soci\u00e9t\u00e9 de droit et de l&#8217;ordre qui est rapidement devenu sauvage. De nouvelles lois sont l\u00e9gif\u00e9r\u00e9es tandis que les anciennes lois ne sont jamais annul\u00e9es, et la cons\u00e9quence est une jungle de lois qui devient plus dense, et chaque mouvement que l&#8217;homme fait peut \u00eatre interpr\u00e9t\u00e9 comme un crime, et \u00eatre utilis\u00e9es contre lui, de lui faire payer argent ou de le priver de sa libert\u00e9. L&#8217;argent est l&#8217;\u00e9nergie. Nous avons besoin d&#8217;argent pour le m\u00e9tabolisme que notre corps fait pour produire de l&#8217;\u00e9nergie.<\/p>\n<p style=\"direction: ltr;\">Une grande partie de ce stress est caus\u00e9 par le manque de moralit\u00e9 dans les syst\u00e8mes de la soci\u00e9t\u00e9 et du gouvernement modernes qui utilisent les gens immoraly, qui transforment la loi en argent traite la machine en abusant du syst\u00e8me juridique, tout en causant une d\u00e9tresse \u00e9nergique.<\/p>\n<p style=\"direction: ltr;\">Dans la plupart des cas, la maladie se glisse et se d\u00e9veloppe progressivement, sans sympt\u00f4mes apparents au fil des ans, \u00e0 la suite d&#8217;un stress permanent qui aggrave progressivement la situation du pancr\u00e9as, jusqu&#8217;\u00e0 ce que le flux sanguin dans le pancr\u00e9as devient insuffisante. En cons\u00e9quence, la quantit\u00e9 et la qualit\u00e9 de l&#8217;insuline qui peut produire des baisses et la personne qui est diagnostiqu\u00e9 comme diab\u00e9tique. dans le monde concurrentiel dans lequel nous vivons, nous sommes soumis \u00e0 un stress continuel pour de nombreuses raisons diff\u00e9rentes. Y compris l&#8217;obtention de bonnes notes que les enfants, le co\u00fbt de la vie, l&#8217;atmosph\u00e8re, les embouteillages, les risques de s\u00e9curit\u00e9, les pressions de travail, les pressions familiales, etc.<\/p>\n<p style=\"direction: ltr;\">Outre le stress normal, de temps en temps, nous vivons des p\u00e9riodes de stress extr\u00eame qui augmente la destruction du pancr\u00e9as.<\/p>\n<p style=\"direction: ltr;\">Dans des cas plus rares, le diab\u00e8te peut \u00eatre d\u00e9velopper rapidement en raison de situations d&#8217;extr\u00eame col\u00e8re. Ceci est quand nous nous sentons douleurs \u00e0 l&#8217;estomac, qui r\u00e9sultent de la contraction des vaisseaux sanguins dans le pancr\u00e9as qui causent l&#8217;insuffisance pancr\u00e9atique.<\/p>\n<p style=\"direction: ltr;\">Je veux vous donner un exemple des facteurs de stress li\u00e9s \u00e0 la population en g\u00e9n\u00e9ral, que nous ne pouvons pas consid\u00e9rer, mais ils ont un impact s\u00e9rieux de notre sant\u00e9 en tant qu&#8217;individus et en tant que soci\u00e9t\u00e9:<\/p>\n<p style=\"direction: ltr;\">Une municipalit\u00e9 exerce une pression sur les r\u00e9sidents de plus en plus, en r\u00e9duisant les espaces de stationnement juridiques et donner des amendes de stationnement lourds qui les pilotes, qui sont oblig\u00e9s de se garer dans les zones interdites sont forc\u00e9s de payer. Dans certains cas, les pilotes d\u00e9couvrent que leur v\u00e9hicule a \u00e9t\u00e9 remorqu\u00e9 et ils sont forc\u00e9s de prendre un taxi et payer pour cela, en plus des quantit\u00e9s \u00e9normes pour le remorquage et pour l&#8217;amende.<\/p>\n<p style=\"direction: ltr;\">vous voulez s\u00fbrement casser quelque chose dans cette situation.<\/p>\n<p style=\"direction: ltr;\">De m\u00eame, ce qui limite la vitesse de conduite dans les routes ouvertes en ordre juste pour extorquer autant d&#8217;argent que possible des pilotes \u00e9puis\u00e9s est un comportement immoral que toute la soci\u00e9t\u00e9 paie le prix \u00e9norme pour. \u00c0 ces fins, il y a une grande vari\u00e9t\u00e9 de moyens technologiques, tels que des cam\u00e9ras \u00e0 haute vitesse, les cam\u00e9ras de la rue, des lasers de diff\u00e9rentes sortes et m\u00eame zeplins prendre des photos du ciel et envoyer des billets avec des amendes aux conducteurs. Ces mesures constituent une menace \u00e9conomique et une nuisance pour le conducteur qui est soulign\u00e9 lors de la conduite. Beaucoup de gens travaillent dans la conduite de toute la journ\u00e9e, et pour eux, le stress est continue et croissante. La police et les rapports de la municipalit\u00e9 causent un peu de stress et sont responsables de nombreux cas de diab\u00e8te et d&#8217;innombrables autres maladies que nous allons apprendre \u00e0 reconna\u00eetre plus nous comprenons le corps de l&#8217;aspect \u00e9nerg\u00e9tique.<\/p>\n<p style=\"direction: ltr;\">Il y a des probl\u00e8mes deux choses morales dans la fa\u00e7on dont ce syst\u00e8me fonctionne. L&#8217;une est la brutalit\u00e9: amende responsable ne doit pas d\u00e9passer cinq pour cent du salaire moyen. Les amendes qui forcent les gens \u00e0 payer plus que ce sont sorte d&#8217;esclavage, chasse \u00e0 l&#8217;homme et m\u00eame le cannibalisme, mais au lieu de manger de la chair de l&#8217;homme, les autorit\u00e9s prennent l&#8217;\u00e9nergie hors de lui.<\/p>\n<p style=\"direction: ltr;\">La seconde est que l&#8217;argent collect\u00e9 \u00e0 partir des amendes va directement \u00e0 l&#8217;autorit\u00e9 qui impose des amendes, par cons\u00e9quent, ils motiv\u00e9s pour donner autant d&#8217;amendes que possible. amendes morales devraient aller \u00e0 des organisations caritatives, qui mettrait fin au probl\u00e8me moral de plus otivation -TZ d&#8217;imposer des amendes.<\/p>\n<p style=\"direction: ltr;\">Aujourd&#8217;hui, le cannibalisme ne sont pas accept\u00e9s dans la soci\u00e9t\u00e9 occidentale, mais nous avons cr\u00e9\u00e9 une nouvelle forme de cannibalisme, qui aspire l&#8217;\u00e9nergie de l&#8217;homme.<\/p>\n<p style=\"direction: ltr;\">Un syst\u00e8me corrompu du gouvernement qui \u00e9crase chaque goutte d&#8217;\u00e9nergie des citoyens en d\u00e9tresse, car il ne fournit pas les r\u00e9sidents les services appropri\u00e9s, (par exemple, les installations de stationnement) est un des facteurs de stress qui nuit \u00e0 l&#8217;ensemble de la soci\u00e9t\u00e9, l&#8217;affaiblir avec les diff\u00e9rentes maladies qui pourrait \u00e9ventuellement entra\u00eener sa chute.<\/p>\n<p style=\"direction: ltr;\">D&#8217;o\u00f9 le lien entre le diab\u00e8te et les maladies cardiaques. Lorsque la pression dans l&#8217;environnement augmente, plus la charge sur le pancr\u00e9as, le syst\u00e8me vasculaire, et le coeur, ce qui augmente la pression art\u00e9rielle, ce qui provoque \u00e0 son tour de nombreux autres probl\u00e8mes de sant\u00e9, tels que la destruction des reins, les yeux des dommages et d&#8217;autres les organes du corps qui ont des capillaires d\u00e9licats, qui sont sujettes \u00e0 une d\u00e9faillance du syst\u00e8me.<\/p>\n<p style=\"direction: ltr;\">Le diab\u00e8te est pas quelque chose qui peut \u00eatre prise \u00e0 la l\u00e9g\u00e8re, car il peut conduire \u00e0 l&#8217;amputation des membres, l&#8217;infertilit\u00e9, malformations cong\u00e9nitales et de forte baisse de la qualit\u00e9 de vie, et ainsi, plus les gens deviennent malades, plus la menace pour la soci\u00e9t\u00e9.<\/p>\n<p style=\"direction: ltr;\">Le traitement m\u00e9dical a quelques inconv\u00e9nients tout \u00e0 fait, car il ne traite que les sympt\u00f4mes, il implique un changement radical dans le mode de vie pour la vie, il ne r\u00e9habilite, mais d\u00e9g\u00e9n\u00e8re ce qui reste du pancr\u00e9as.<\/p>\n<p style=\"direction: ltr;\">Pour pr\u00e9venir le diab\u00e8te ou d&#8217;emp\u00eacher son aggravation, \u00e9viter la col\u00e8re et n\u00e9gatives \u00e9nergies, autant que possible. Et bailler respirer profond\u00e9ment autant que vous le pouvez. Il existe plusieurs types de th\u00e9rapie que vous pouvez pratiquer pour r\u00e9ussir. Respirez profond\u00e9ment et b\u00e2iller autant que vous pouvez quand vous \u00eates sous pression.<\/p>\n<p style=\"direction: ltr;\">Si vous \u00eates diab\u00e9tique, comme avec toutes les maladies r\u00e9sultant de probl\u00e8mes circulatoires, Apr\u00e8s avoir appris que vous avez besoin de se d\u00e9tendre afin de stopper la d\u00e9t\u00e9rioration de votre pancr\u00e9as, si vous voulez faire une autre \u00e9tape et essayer de gu\u00e9rir le diab\u00e8te, essayer des traitements de reiki, qui \u00e9quilibre les \u00e9nergies et la circulation sanguine et le m\u00e9tabolisme encourageant, la mani\u00e8re la plus sympathique et efficace. Je crois que si vous trouvez le bon praticien et d&#8217;obtenir suffisamment de traitements, il peut m\u00eame conduire \u00e0 la r\u00e9cup\u00e9ration.<\/p>\n<p style=\"direction: ltr;\">Bonne chance<\/p>\n<p>http:\/\/eyalcohen.com\/en\/diabetes-as-an-energetic-disease\/<\/p>\n","protected":false},"excerpt":{"rendered":"<p>Par Eyal Cohen Le diab\u00e8te est consid\u00e9r\u00e9 comme un trouble m\u00e9tabolique qui est associ\u00e9e &#8211; injustement, avec la consommation de sucre. La triste v\u00e9rit\u00e9 sur le diab\u00e8te, comme beaucoup d&#8217;autres maladies, il n&#8217;y a pas de lien entre scientifiques et la perception m\u00e9dicale et la r\u00e9alit\u00e9, et aussi longtemps que vous n&#8217;\u00eates pas malade, il [&hellip;]<\/p>\n","protected":false},"author":2,"featured_media":0,"parent":0,"menu_order":0,"comment_status":"closed","ping_status":"closed","template":"","meta":{"_monsterinsights_skip_tracking":false,"_monsterinsights_sitenote_active":false,"_monsterinsights_sitenote_note":"","_monsterinsights_sitenote_category":0,"footnotes":""},"class_list":["post-4918","page","type-page","status-publish","hentry"],"yoast_head":"<!-- This site is optimized with the Yoast SEO plugin v27.3 - https:\/\/yoast.com\/product\/yoast-seo-wordpress\/ -->\n<title>Le naturel rem\u00e8de pour de diab\u00e8te - \u05d4\u05e2\u05d9\u05d3\u05df \u05d4\u05d7\u05d3\u05e9 \u05e9\u05dc \u05d0\u05d9\u05dc \u05db\u05d4\u05df<\/title>\n<meta name=\"robots\" content=\"index, follow, max-snippet:-1, max-image-preview:large, max-video-preview:-1\" \/>\n<link rel=\"canonical\" href=\"https:\/\/eyalcohen.com\/fr\/le-naturel-remede-pour-de-diabete\/\" \/>\n<meta property=\"og:locale\" content=\"fr_FR\" \/>\n<meta property=\"og:type\" content=\"article\" \/>\n<meta property=\"og:title\" content=\"Le naturel rem\u00e8de pour de diab\u00e8te - \u05d4\u05e2\u05d9\u05d3\u05df \u05d4\u05d7\u05d3\u05e9 \u05e9\u05dc \u05d0\u05d9\u05dc \u05db\u05d4\u05df\" \/>\n<meta property=\"og:description\" content=\"Par Eyal Cohen Le diab\u00e8te est consid\u00e9r\u00e9 comme un trouble m\u00e9tabolique qui est associ\u00e9e &#8211; injustement, avec la consommation de sucre. La triste v\u00e9rit\u00e9 sur le diab\u00e8te, comme beaucoup d&#8217;autres maladies, il n&#8217;y a pas de lien entre scientifiques et la perception m\u00e9dicale et la r\u00e9alit\u00e9, et aussi longtemps que vous n&#8217;\u00eates pas malade, il [&hellip;]\" \/>\n<meta property=\"og:url\" content=\"https:\/\/eyalcohen.com\/fr\/le-naturel-remede-pour-de-diabete\/\" \/>\n<meta property=\"og:site_name\" content=\"\u05d4\u05e2\u05d9\u05d3\u05df \u05d4\u05d7\u05d3\u05e9 \u05e9\u05dc \u05d0\u05d9\u05dc \u05db\u05d4\u05df\" \/>\n<meta property=\"article:publisher\" content=\"https:\/\/www.facebook.com\/groups\/528354840531271\" \/>\n<meta property=\"article:modified_time\" content=\"2017-07-07T16:28:57+00:00\" \/>\n<meta name=\"twitter:card\" content=\"summary_large_image\" \/>\n<meta name=\"twitter:label1\" content=\"Dur\u00e9e de lecture estim\u00e9e\" \/>\n\t<meta name=\"twitter:data1\" content=\"10 minutes\" \/>\n<script type=\"application\/ld+json\" class=\"yoast-schema-graph\">{\"@context\":\"https:\\\/\\\/schema.org\",\"@graph\":[{\"@type\":\"WebPage\",\"@id\":\"https:\\\/\\\/eyalcohen.com\\\/fr\\\/le-naturel-remede-pour-de-diabete\\\/\",\"url\":\"https:\\\/\\\/eyalcohen.com\\\/fr\\\/le-naturel-remede-pour-de-diabete\\\/\",\"name\":\"Le naturel rem\u00e8de pour de diab\u00e8te - \u05d4\u05e2\u05d9\u05d3\u05df \u05d4\u05d7\u05d3\u05e9 \u05e9\u05dc \u05d0\u05d9\u05dc \u05db\u05d4\u05df\",\"isPartOf\":{\"@id\":\"https:\\\/\\\/eyalcohen.com\\\/#website\"},\"datePublished\":\"2017-05-14T08:31:11+00:00\",\"dateModified\":\"2017-07-07T16:28:57+00:00\",\"breadcrumb\":{\"@id\":\"https:\\\/\\\/eyalcohen.com\\\/fr\\\/le-naturel-remede-pour-de-diabete\\\/#breadcrumb\"},\"inLanguage\":\"fr-FR\",\"potentialAction\":[{\"@type\":\"ReadAction\",\"target\":[\"https:\\\/\\\/eyalcohen.com\\\/fr\\\/le-naturel-remede-pour-de-diabete\\\/\"]}]},{\"@type\":\"BreadcrumbList\",\"@id\":\"https:\\\/\\\/eyalcohen.com\\\/fr\\\/le-naturel-remede-pour-de-diabete\\\/#breadcrumb\",\"itemListElement\":[{\"@type\":\"ListItem\",\"position\":1,\"name\":\"\u05d3\u05e3 \u05d4\u05d1\u05d9\u05ea\",\"item\":\"https:\\\/\\\/eyalcohen.com\\\/fr\\\/\"},{\"@type\":\"ListItem\",\"position\":2,\"name\":\"Le naturel rem\u00e8de pour de diab\u00e8te\"}]},{\"@type\":\"WebSite\",\"@id\":\"https:\\\/\\\/eyalcohen.com\\\/#website\",\"url\":\"https:\\\/\\\/eyalcohen.com\\\/\",\"name\":\"\u05d4\u05e2\u05d9\u05d3\u05df \u05d4\u05d7\u05d3\u05e9 \u05e9\u05dc \u05d0\u05d9\u05dc \u05db\u05d4\u05df\",\"description\":\"\u05d1\u05e8\u05d9\u05d0\u05d5\u05ea \u05d8\u05d1\u05e2\u05d9\u05ea, \u05de\u05d5\u05d6\u05d9\u05e7\u05d4 \u05dc\u05d0\u05d9\u05e8\u05d5\u05e2\u05d9\u05dd \u05d5\u05de\u05d4 \u05e9\u05d1\u05d9\u05e0\u05d9\u05d4\u05dd\",\"publisher\":{\"@id\":\"https:\\\/\\\/eyalcohen.com\\\/#\\\/schema\\\/person\\\/2cf6581996d002a62e66ee8d3a64b863\"},\"potentialAction\":[{\"@type\":\"SearchAction\",\"target\":{\"@type\":\"EntryPoint\",\"urlTemplate\":\"https:\\\/\\\/eyalcohen.com\\\/?s={search_term_string}\"},\"query-input\":{\"@type\":\"PropertyValueSpecification\",\"valueRequired\":true,\"valueName\":\"search_term_string\"}}],\"inLanguage\":\"fr-FR\"},{\"@type\":[\"Person\",\"Organization\"],\"@id\":\"https:\\\/\\\/eyalcohen.com\\\/#\\\/schema\\\/person\\\/2cf6581996d002a62e66ee8d3a64b863\",\"name\":\"eyal cohen\",\"image\":{\"@type\":\"ImageObject\",\"inLanguage\":\"fr-FR\",\"@id\":\"https:\\\/\\\/eyalcohen.com\\\/wp-content\\\/uploads\\\/2015\\\/12\\\/card_reiki.jpg\",\"url\":\"https:\\\/\\\/eyalcohen.com\\\/wp-content\\\/uploads\\\/2015\\\/12\\\/card_reiki.jpg\",\"contentUrl\":\"https:\\\/\\\/eyalcohen.com\\\/wp-content\\\/uploads\\\/2015\\\/12\\\/card_reiki.jpg\",\"width\":296,\"height\":532,\"caption\":\"eyal cohen\"},\"logo\":{\"@id\":\"https:\\\/\\\/eyalcohen.com\\\/wp-content\\\/uploads\\\/2015\\\/12\\\/card_reiki.jpg\"},\"sameAs\":[\"http:\\\/\\\/eyalcohen.com\",\"https:\\\/\\\/www.facebook.com\\\/groups\\\/528354840531271\",\"https:\\\/\\\/www.instagram.com\\\/eyalchn61\\\/\"]}]}<\/script>\n<!-- \/ Yoast SEO plugin. -->","yoast_head_json":{"title":"Le naturel rem\u00e8de pour de diab\u00e8te - \u05d4\u05e2\u05d9\u05d3\u05df \u05d4\u05d7\u05d3\u05e9 \u05e9\u05dc \u05d0\u05d9\u05dc \u05db\u05d4\u05df","robots":{"index":"index","follow":"follow","max-snippet":"max-snippet:-1","max-image-preview":"max-image-preview:large","max-video-preview":"max-video-preview:-1"},"canonical":"https:\/\/eyalcohen.com\/fr\/le-naturel-remede-pour-de-diabete\/","og_locale":"fr_FR","og_type":"article","og_title":"Le naturel rem\u00e8de pour de diab\u00e8te - \u05d4\u05e2\u05d9\u05d3\u05df \u05d4\u05d7\u05d3\u05e9 \u05e9\u05dc \u05d0\u05d9\u05dc \u05db\u05d4\u05df","og_description":"Par Eyal Cohen Le diab\u00e8te est consid\u00e9r\u00e9 comme un trouble m\u00e9tabolique qui est associ\u00e9e &#8211; injustement, avec la consommation de sucre. La triste v\u00e9rit\u00e9 sur le diab\u00e8te, comme beaucoup d&#8217;autres maladies, il n&#8217;y a pas de lien entre scientifiques et la perception m\u00e9dicale et la r\u00e9alit\u00e9, et aussi longtemps que vous n&#8217;\u00eates pas malade, il [&hellip;]","og_url":"https:\/\/eyalcohen.com\/fr\/le-naturel-remede-pour-de-diabete\/","og_site_name":"\u05d4\u05e2\u05d9\u05d3\u05df \u05d4\u05d7\u05d3\u05e9 \u05e9\u05dc \u05d0\u05d9\u05dc \u05db\u05d4\u05df","article_publisher":"https:\/\/www.facebook.com\/groups\/528354840531271","article_modified_time":"2017-07-07T16:28:57+00:00","twitter_card":"summary_large_image","twitter_misc":{"Dur\u00e9e de lecture estim\u00e9e":"10 minutes"},"schema":{"@context":"https:\/\/schema.org","@graph":[{"@type":"WebPage","@id":"https:\/\/eyalcohen.com\/fr\/le-naturel-remede-pour-de-diabete\/","url":"https:\/\/eyalcohen.com\/fr\/le-naturel-remede-pour-de-diabete\/","name":"Le naturel rem\u00e8de pour de diab\u00e8te - \u05d4\u05e2\u05d9\u05d3\u05df \u05d4\u05d7\u05d3\u05e9 \u05e9\u05dc \u05d0\u05d9\u05dc \u05db\u05d4\u05df","isPartOf":{"@id":"https:\/\/eyalcohen.com\/#website"},"datePublished":"2017-05-14T08:31:11+00:00","dateModified":"2017-07-07T16:28:57+00:00","breadcrumb":{"@id":"https:\/\/eyalcohen.com\/fr\/le-naturel-remede-pour-de-diabete\/#breadcrumb"},"inLanguage":"fr-FR","potentialAction":[{"@type":"ReadAction","target":["https:\/\/eyalcohen.com\/fr\/le-naturel-remede-pour-de-diabete\/"]}]},{"@type":"BreadcrumbList","@id":"https:\/\/eyalcohen.com\/fr\/le-naturel-remede-pour-de-diabete\/#breadcrumb","itemListElement":[{"@type":"ListItem","position":1,"name":"\u05d3\u05e3 \u05d4\u05d1\u05d9\u05ea","item":"https:\/\/eyalcohen.com\/fr\/"},{"@type":"ListItem","position":2,"name":"Le naturel rem\u00e8de pour de diab\u00e8te"}]},{"@type":"WebSite","@id":"https:\/\/eyalcohen.com\/#website","url":"https:\/\/eyalcohen.com\/","name":"\u05d4\u05e2\u05d9\u05d3\u05df \u05d4\u05d7\u05d3\u05e9 \u05e9\u05dc \u05d0\u05d9\u05dc \u05db\u05d4\u05df","description":"\u05d1\u05e8\u05d9\u05d0\u05d5\u05ea \u05d8\u05d1\u05e2\u05d9\u05ea, \u05de\u05d5\u05d6\u05d9\u05e7\u05d4 \u05dc\u05d0\u05d9\u05e8\u05d5\u05e2\u05d9\u05dd \u05d5\u05de\u05d4 \u05e9\u05d1\u05d9\u05e0\u05d9\u05d4\u05dd","publisher":{"@id":"https:\/\/eyalcohen.com\/#\/schema\/person\/2cf6581996d002a62e66ee8d3a64b863"},"potentialAction":[{"@type":"SearchAction","target":{"@type":"EntryPoint","urlTemplate":"https:\/\/eyalcohen.com\/?s={search_term_string}"},"query-input":{"@type":"PropertyValueSpecification","valueRequired":true,"valueName":"search_term_string"}}],"inLanguage":"fr-FR"},{"@type":["Person","Organization"],"@id":"https:\/\/eyalcohen.com\/#\/schema\/person\/2cf6581996d002a62e66ee8d3a64b863","name":"eyal cohen","image":{"@type":"ImageObject","inLanguage":"fr-FR","@id":"https:\/\/eyalcohen.com\/wp-content\/uploads\/2015\/12\/card_reiki.jpg","url":"https:\/\/eyalcohen.com\/wp-content\/uploads\/2015\/12\/card_reiki.jpg","contentUrl":"https:\/\/eyalcohen.com\/wp-content\/uploads\/2015\/12\/card_reiki.jpg","width":296,"height":532,"caption":"eyal cohen"},"logo":{"@id":"https:\/\/eyalcohen.com\/wp-content\/uploads\/2015\/12\/card_reiki.jpg"},"sameAs":["http:\/\/eyalcohen.com","https:\/\/www.facebook.com\/groups\/528354840531271","https:\/\/www.instagram.com\/eyalchn61\/"]}]}},"_links":{"self":[{"href":"https:\/\/eyalcohen.com\/fr\/wp-json\/wp\/v2\/pages\/4918","targetHints":{"allow":["GET"]}}],"collection":[{"href":"https:\/\/eyalcohen.com\/fr\/wp-json\/wp\/v2\/pages"}],"about":[{"href":"https:\/\/eyalcohen.com\/fr\/wp-json\/wp\/v2\/types\/page"}],"author":[{"embeddable":true,"href":"https:\/\/eyalcohen.com\/fr\/wp-json\/wp\/v2\/users\/2"}],"replies":[{"embeddable":true,"href":"https:\/\/eyalcohen.com\/fr\/wp-json\/wp\/v2\/comments?post=4918"}],"version-history":[{"count":1,"href":"https:\/\/eyalcohen.com\/fr\/wp-json\/wp\/v2\/pages\/4918\/revisions"}],"predecessor-version":[{"id":4919,"href":"https:\/\/eyalcohen.com\/fr\/wp-json\/wp\/v2\/pages\/4918\/revisions\/4919"}],"wp:attachment":[{"href":"https:\/\/eyalcohen.com\/fr\/wp-json\/wp\/v2\/media?parent=4918"}],"curies":[{"name":"wp","href":"https:\/\/api.w.org\/{rel}","templated":true}]}}