{"id":4789,"date":"2017-04-27T14:20:13","date_gmt":"2017-04-27T11:20:13","guid":{"rendered":"http:\/\/eyalcohen.com\/?page_id=4789"},"modified":"2019-05-07T08:16:23","modified_gmt":"2019-05-07T05:16:23","slug":"bonjour-tout-le-monde","status":"publish","type":"page","link":"https:\/\/eyalcohen.com\/fr\/","title":{"rendered":"Bonjour tout le monde"},"content":{"rendered":"<div class=\"row\">\n<div class=\"col-md-4\">\n<div class=\"thumb-info thumb-info-no-borders mt-lg\"><a href=\"http:\/\/eyalcohen.com\/music\/%D7%91%D7%99%D7%AA.html\"><span class=\"thumb-info-wrapper\"><span class=\"thumb-info-wrapper\"><br \/>\n<img decoding=\"async\" class=\"img-responsive alignnone\" src=\"\/wp-content\/uploads\/2018\/07\/\u05d0\u05d9\u05d9\u05dc-\u05d5\u05d2\u05d9\u05dc\u05d4-\u05db\u05d4\u05df.png\" alt=\"\u05d0\u05d9\u05d9\u05dc \u05d5\u05d2\u05d9\u05dc\u05d4 \u05db\u05d4\u05df\" width=\"220\" height=\"220\" \/><br \/>\n<span class=\"thumb-info-title\"><br \/>\nGila et Eyal Cohen respectent la musique<br \/>\n<\/span><\/span><\/span><\/a><\/div>\n<p>&nbsp;<\/p>\n<\/div>\n<div class=\"col-md-4\">\n<div class=\"thumb-info thumb-info-no-borders mt-lg\"><a href=\"https:\/\/eyalcohen.com\/fr\/les-choses-nont-pas-entendu-de-votre-medecin\/\"><span class=\"thumb-info-wrapper\"><span class=\"thumb-info-wrapper\"><br \/>\n<img decoding=\"async\" class=\"img-responsive\" src=\"\/wp-content\/uploads\/2018\/07\/\u05d3\u05d1\u05e8\u05d9\u05dd-\u05e9\u05dc\u05d0-\u05ea\u05e9\u05de\u05e2-\u05de\u05d4\u05e8\u05d5\u05e4\u05d0-\u05e9\u05dc\u05da.png\" alt=\"\u05d3\u05d1\u05e8\u05d9\u05dd \u05e9\u05dc\u05d0 \u05ea\u05e9\u05de\u05e2 \u05de\u05d4\u05e8\u05d5\u05e4\u05d0 \u05e9\u05dc\u05da\" \/><br \/>\n<span class=\"thumb-info-title\"><br \/>\nChoses que votre m\u00e9decin ne vous dira pas<br \/>\n<\/span><\/span><\/span><\/a><\/div>\n<p>&nbsp;<\/p>\n<\/div>\n<div class=\"col-md-4\">\n<div class=\"thumb-info thumb-info-no-borders mt-lg\"><a href=\"https:\/\/eyalcohen.com\/%d7%94%d7%a8%d7%a6%d7%90%d7%95%d7%aa\/\"><span class=\"thumb-info-wrapper\"><span class=\"thumb-info-wrapper\"><br \/>\n<img decoding=\"async\" class=\"img-responsive\" src=\"\/wp-content\/uploads\/2018\/07\/\u05d4\u05e8\u05e6\u05d0\u05d5\u05ea.png\" alt=\"\u05d4\u05e8\u05e6\u05d0\u05d5\u05ea\" \/><br \/>\n<span class=\"thumb-info-title\"><br \/>\nConf\u00e9rences<br \/>\n<\/span><\/span><\/span><\/a><\/div>\n<p>&nbsp;<\/p>\n<\/div>\n<\/div>\n<p><!-- row2222222222222222 --><\/p>\n<div class=\"row\">\n<div class=\"col-md-4\">\n<div class=\"thumb-info thumb-info-no-borders mt-lg\"><a href=\"https:\/\/eyalcohen.com\/%d7%a8%d7%99%d7%99%d7%a7%d7%99-%d7%95%d7%94%d7%99%d7%9c%d7%99%d7%a0%d7%92\/\"><span class=\"thumb-info-wrapper\"><span class=\"thumb-info-wrapper\"><br \/>\n<img decoding=\"async\" class=\"img-responsive\" src=\"\/wp-content\/uploads\/2018\/07\/\u05d8\u05d9\u05e4\u05d5\u05dc-\u05e8\u05d9\u05d9\u05e7\u05d9-\u05d5\u05d4\u05d9\u05dc\u05d9\u05e0\u05d2.png\" alt=\"\u05d8\u05d9\u05e4\u05d5\u05dc \u05e8\u05d9\u05d9\u05e7\u05d9 \u05d5\u05d4\u05d9\u05dc\u05d9\u05e0\u05d2\" \/><br \/>\n<span class=\"thumb-info-title\"><br \/>\nReiki et traitements de gu\u00e9rison<br \/>\n<\/span><\/span><\/span><\/a><\/div>\n<p>&nbsp;<\/p>\n<\/div>\n<div class=\"col-md-4\">\n<div class=\"thumb-info thumb-info-no-borders mt-lg\"><a href=\"https:\/\/eyalcohen.com\/fr\/conseils-sante-en-dehors-de-la-boite\/\"><span class=\"thumb-info-wrapper\"><span class=\"thumb-info-wrapper\"><br \/>\n<img decoding=\"async\" class=\"img-responsive\" src=\"\/wp-content\/uploads\/2018\/07\/\u05d8\u05d9\u05e4\u05d9\u05dd-\u05dc\u05d1\u05e8\u05d9\u05d0\u05d5\u05ea-\u05de\u05d7\u05d5\u05e5-\u05dc\u05e7\u05d5\u05e4\u05e1\u05d0.png\" alt=\"\u05d8\u05d9\u05e4\u05d9\u05dd \u05dc\u05d1\u05e8\u05d9\u05d0\u05d5\u05ea \u05de\u05d7\u05d5\u05e5 \u05dc\u05e7\u05d5\u05e4\u05e1\u05d0\" \/><br \/>\n<span class=\"thumb-info-title\"><br \/>\nConseils pour la sant\u00e9 hors de la bo\u00eete<br \/>\n<\/span><\/span><\/span><\/a><\/div>\n<p>&nbsp;<\/p>\n<\/div>\n<div class=\"col-md-4\">\n<div class=\"thumb-info thumb-info-no-borders mt-lg\"><a href=\"https:\/\/eyalcohen.com\/fr\/la-sensibilisation-objectif\/\"><span class=\"thumb-info-wrapper\"><span class=\"thumb-info-wrapper\"><br \/>\n<img decoding=\"async\" class=\"img-responsive\" src=\"\/wp-content\/uploads\/2018\/07\/\u05de\u05d5\u05d3\u05e2\u05d5\u05ea-\u05d0\u05d5\u05d1\u05d9\u05d9\u05e7\u05d8\u05d9\u05d1\u05d9\u05d5\u05ea.png\" alt=\"\u05de\u05d5\u05d3\u05e2\u05d5\u05ea \u05d0\u05d5\u05d1\u05d9\u05d9\u05e7\u05d8\u05d9\u05d1\u05d9\u05d5\u05ea\" \/><br \/>\n<span class=\"thumb-info-title\"><br \/>\nSensibilisation objective<br \/>\n<\/span><\/span><\/span><\/a><\/div>\n<p>&nbsp;<\/p>\n<\/div>\n<\/div>\n<p style=\"text-align: justify;\">Mon nom est Eyal Cohen, et je suis un gu\u00e9risseur et un gourou d&#8217;Isra\u00ebl.<\/p>\n<p style=\"text-align: justify;\">J&#8217;ai toujours eu une perception extraordinaire \u00e0 peu pr\u00e8s tout dans la vie.<\/p>\n<p style=\"text-align: justify;\">En 1993, je r\u00e9ussis \u00e0 me gu\u00e9rir de recul des gencives graves, qui comprenaient une sensibilit\u00e9 intense, la perte de la stabilit\u00e9 des dents et de la dysfonction totale.<\/p>\n<p style=\"direction: ltr;\">Pour autant que je sache, je suis la premi\u00e8re personne dans le monde qui a r\u00e9ussi \u00e0 d\u00e9couvrir la cause de la maladie &#8211; et gu\u00e9rir naturellement, d&#8217;une mani\u00e8re syst\u00e9matique, sans traitement m\u00e9dical, contre toutes les vues accept\u00e9es.<\/p>\n<p style=\"direction: ltr;\">Apr\u00e8s les id\u00e9es que j&#8217;ai eu de cette gu\u00e9rison miraculeuse, j&#8217;ai v\u00e9cu une illuminationn puissante qui a r\u00e9v\u00e9l\u00e9 la vraie raison de nombreux types de maladie et la souffrance, d&#8217;une mani\u00e8re d&#8217;inondation sans fin de l&#8217;information m&#8217;a aid\u00e9 \u00e0 comprendre le corps de l&#8217;aspect \u00e9nerg\u00e9tique, qui \u00e0 partir de la dominante perception centr\u00e9e dans le monde mat\u00e9riel, nous ne pouvons pas comprendre.<\/p>\n<p style=\"text-align: justify;\">Plus tard, je pris un cours de reiki et je commenc\u00e9 \u00e0 utiliser ces traitements, qui sont fond\u00e9es sur le soutien \u00e9nergique au corps, renforcer le corps et lui permettre de gu\u00e9rir rapidement et en haute qualit\u00e9 \u00e0 partir de presque tout traumatisme, la douleur et de nombreuses crises de sant\u00e9 diff\u00e9rents . Bien qu&#8217;il n&#8217;y ait pas \u00e0 cent pour cent, dans plus de quatre-vingt dix pour cent je r\u00e9ussis \u00e0 gu\u00e9rir les hernies discales, \u00e9pine calcan\u00e9enne, les plaies, les br\u00fblures, l&#8217;\u0153d\u00e8me, des os fractures, des maladies \u00abpsychosomatiques\u00bb comme la fibromyalgie &#8211; et le cancer peut \u00eatre gu\u00e9ri avec ces traitements, mais peut-\u00eatre le plus attribut important est qu&#8217;il ne peut pas endommager ou poser des risques que ce soit.<\/p>\n<p style=\"text-align: justify;\">Les tentatives visant \u00e0 susciter l&#8217;int\u00e9r\u00eat pour l&#8217;\u00e9tablissement &#8211; soit le syst\u00e8me de soins de sant\u00e9, les m\u00e9dias ou tout autre syst\u00e8me &#8211; a \u00e9chou\u00e9 et a fini dans la d\u00e9ception.<\/p>\n<p style=\"text-align: justify;\">Depuis que j&#8217;ai v\u00e9cu l&#8217;illumination, en d\u00e9pit de l&#8217;\u00e9norme difficult\u00e9 \u00e0 fournir au public des informations qui est inacceptable et ne vient pas de l&#8217;autorit\u00e9 de l&#8217;\u00e9tablissement, sans PR et aucune aide, je fais de mon mieux pour transmettre l&#8217;information, que ce soit par le reiki et traitements de gu\u00e9rison comme une mission, que ce soit dans une s\u00e9rie de livres &#8220;Les choses que vous ne serez pas entendre de votre m\u00e9decin&#8221;, sur ce site et \u00e0 des conf\u00e9rences sur la sensibilisation et de la sant\u00e9.<\/p>\n<p style=\"text-align: justify;\">Comprendre les fonctions du corps dans l&#8217;aspect \u00e9nerg\u00e9tique &#8211; et diff\u00e9rentes maladies en d\u00e9veloppement \u00e0 la suite de violations de la balance \u00e9nerg\u00e9tique, va nous permettre d&#8217;\u00e9viter les blessures, et ainsi maintenir notre sant\u00e9 et nos fonctions et de permettre au corps de r\u00e9cup\u00e9rer de nombreux probl\u00e8mes diff\u00e9rents et diverses maladies qui sont d\u00e9finies &#8220;incurable&#8221;, &#8220;chronique \/&#8221; &#8220;psychosomatique \/&#8221; &#8220;auto-immune&#8221;, et ainsi de suite, naturellement, sans traitement m\u00e9dical.<\/p>\n<p style=\"text-align: justify;\">La s\u00e9rie de livres &#8220;Choses n&#8217;ont pas entendu de votre m\u00e9decin&#8221;\u00a0est en fait un voyage spirituel, qui commence avec la compr\u00e9hension claire de la gingivite et la gomme recule \u00e0 la suite d&#8217;une violation grossi\u00e8re de l&#8217;\u00e9quilibre \u00e9nerg\u00e9tique, et conduit l&#8217;\u00e9tape de lecture par \u00e9tape , livre apr\u00e8s livre, \u00e0 travers l&#8217;illumination spirituelle polyvalent, \u00e0 reconna\u00eetre et \u00e0 comprendre le corps comme un mod\u00e8le d&#8217;\u00e9nergie, qui doit exister dans une fourchette \u00e9troite des soldes, pour fonctionner dans un \u00e9tat sain.<\/p>\n<p>&nbsp;<\/p>\n<p><a href=\"http:\/\/eyalcohen.com\/wp-content\/uploads\/2019\/05\/Things-You-Wont-Hear-From-your-Doctor.jpg\"><img fetchpriority=\"high\" decoding=\"async\" class=\"aligncenter wp-image-7545\" src=\"http:\/\/eyalcohen.com\/wp-content\/uploads\/2019\/05\/Things-You-Wont-Hear-From-your-Doctor.jpg\" alt=\"\" width=\"250\" height=\"374\" srcset=\"https:\/\/eyalcohen.com\/wp-content\/uploads\/2019\/05\/Things-You-Wont-Hear-From-your-Doctor.jpg 1002w, https:\/\/eyalcohen.com\/wp-content\/uploads\/2019\/05\/Things-You-Wont-Hear-From-your-Doctor-200x300.jpg 200w, https:\/\/eyalcohen.com\/wp-content\/uploads\/2019\/05\/Things-You-Wont-Hear-From-your-Doctor-768x1150.jpg 768w, https:\/\/eyalcohen.com\/wp-content\/uploads\/2019\/05\/Things-You-Wont-Hear-From-your-Doctor-684x1024.jpg 684w, https:\/\/eyalcohen.com\/wp-content\/uploads\/2019\/05\/Things-You-Wont-Hear-From-your-Doctor-600x898.jpg 600w\" sizes=\"(max-width: 250px) 100vw, 250px\" \/><\/a><a href=\"http:\/\/eyalcohen.com\/wp-content\/uploads\/2018\/08\/book2.2.jpg\"><img decoding=\"async\" class=\"aligncenter wp-image-6615\" src=\"http:\/\/eyalcohen.com\/wp-content\/uploads\/2018\/08\/book2.2.jpg\" alt=\"\" width=\"250\" height=\"363\" srcset=\"https:\/\/eyalcohen.com\/wp-content\/uploads\/2018\/08\/book2.2.jpg 1930w, https:\/\/eyalcohen.com\/wp-content\/uploads\/2018\/08\/book2.2-207x300.jpg 207w, https:\/\/eyalcohen.com\/wp-content\/uploads\/2018\/08\/book2.2-768x1114.jpg 768w, https:\/\/eyalcohen.com\/wp-content\/uploads\/2018\/08\/book2.2-706x1024.jpg 706w, https:\/\/eyalcohen.com\/wp-content\/uploads\/2018\/08\/book2.2-600x870.jpg 600w\" sizes=\"(max-width: 250px) 100vw, 250px\" \/><\/a><\/p>\n","protected":false},"excerpt":{"rendered":"<p>Gila et Eyal Cohen respectent la musique &nbsp; Choses que votre m\u00e9decin ne vous dira pas &nbsp; Conf\u00e9rences &nbsp; Reiki et traitements de gu\u00e9rison &nbsp; Conseils pour la sant\u00e9 hors de la bo\u00eete &nbsp; Sensibilisation objective &nbsp; Mon nom est Eyal Cohen, et je suis un gu\u00e9risseur et un gourou d&#8217;Isra\u00ebl. J&#8217;ai toujours eu une [&hellip;]<\/p>\n","protected":false},"author":2,"featured_media":0,"parent":0,"menu_order":0,"comment_status":"open","ping_status":"open","template":"","meta":{"_monsterinsights_skip_tracking":false,"_monsterinsights_sitenote_active":false,"_monsterinsights_sitenote_note":"","_monsterinsights_sitenote_category":0,"footnotes":""},"class_list":["post-4789","page","type-page","status-publish","hentry"],"yoast_head":"<!-- This site is optimized with the Yoast SEO plugin v27.3 - https:\/\/yoast.com\/product\/yoast-seo-wordpress\/ -->\n<title>Bonjour tout le monde - \u05d4\u05e2\u05d9\u05d3\u05df \u05d4\u05d7\u05d3\u05e9 \u05e9\u05dc \u05d0\u05d9\u05dc \u05db\u05d4\u05df<\/title>\n<meta name=\"robots\" content=\"index, follow, max-snippet:-1, max-image-preview:large, max-video-preview:-1\" \/>\n<link rel=\"canonical\" href=\"https:\/\/eyalcohen.com\/fr\/\" \/>\n<meta property=\"og:locale\" content=\"fr_FR\" \/>\n<meta property=\"og:type\" content=\"article\" \/>\n<meta property=\"og:title\" content=\"Bonjour tout le monde - \u05d4\u05e2\u05d9\u05d3\u05df \u05d4\u05d7\u05d3\u05e9 \u05e9\u05dc \u05d0\u05d9\u05dc \u05db\u05d4\u05df\" \/>\n<meta property=\"og:description\" content=\"Gila et Eyal Cohen respectent la musique &nbsp; Choses que votre m\u00e9decin ne vous dira pas &nbsp; Conf\u00e9rences &nbsp; Reiki et traitements de gu\u00e9rison &nbsp; Conseils pour la sant\u00e9 hors de la bo\u00eete &nbsp; Sensibilisation objective &nbsp; Mon nom est Eyal Cohen, et je suis un gu\u00e9risseur et un gourou d&#8217;Isra\u00ebl. J&#8217;ai toujours eu une [&hellip;]\" \/>\n<meta property=\"og:url\" content=\"https:\/\/eyalcohen.com\/fr\/\" \/>\n<meta property=\"og:site_name\" content=\"\u05d4\u05e2\u05d9\u05d3\u05df \u05d4\u05d7\u05d3\u05e9 \u05e9\u05dc \u05d0\u05d9\u05dc \u05db\u05d4\u05df\" \/>\n<meta property=\"article:publisher\" content=\"https:\/\/www.facebook.com\/groups\/528354840531271\" \/>\n<meta property=\"article:modified_time\" content=\"2019-05-07T05:16:23+00:00\" \/>\n<meta property=\"og:image\" content=\"http:\/\/eyalcohen.com\/wp-content\/uploads\/2019\/05\/Things-You-Wont-Hear-From-your-Doctor.jpg\" \/>\n<meta name=\"twitter:card\" content=\"summary_large_image\" \/>\n<meta name=\"twitter:label1\" content=\"Dur\u00e9e de lecture estim\u00e9e\" \/>\n\t<meta name=\"twitter:data1\" content=\"3 minutes\" \/>\n<script type=\"application\/ld+json\" class=\"yoast-schema-graph\">{\"@context\":\"https:\\\/\\\/schema.org\",\"@graph\":[{\"@type\":\"WebPage\",\"@id\":\"https:\\\/\\\/eyalcohen.com\\\/fr\\\/\",\"url\":\"https:\\\/\\\/eyalcohen.com\\\/fr\\\/\",\"name\":\"Bonjour tout le monde - \u05d4\u05e2\u05d9\u05d3\u05df \u05d4\u05d7\u05d3\u05e9 \u05e9\u05dc \u05d0\u05d9\u05dc \u05db\u05d4\u05df\",\"isPartOf\":{\"@id\":\"https:\\\/\\\/eyalcohen.com\\\/#website\"},\"primaryImageOfPage\":{\"@id\":\"https:\\\/\\\/eyalcohen.com\\\/fr\\\/#primaryimage\"},\"image\":{\"@id\":\"https:\\\/\\\/eyalcohen.com\\\/fr\\\/#primaryimage\"},\"thumbnailUrl\":\"http:\\\/\\\/eyalcohen.com\\\/wp-content\\\/uploads\\\/2019\\\/05\\\/Things-You-Wont-Hear-From-your-Doctor.jpg\",\"datePublished\":\"2017-04-27T11:20:13+00:00\",\"dateModified\":\"2019-05-07T05:16:23+00:00\",\"breadcrumb\":{\"@id\":\"https:\\\/\\\/eyalcohen.com\\\/fr\\\/#breadcrumb\"},\"inLanguage\":\"fr-FR\",\"potentialAction\":[{\"@type\":\"ReadAction\",\"target\":[\"https:\\\/\\\/eyalcohen.com\\\/fr\\\/\"]}]},{\"@type\":\"ImageObject\",\"inLanguage\":\"fr-FR\",\"@id\":\"https:\\\/\\\/eyalcohen.com\\\/fr\\\/#primaryimage\",\"url\":\"http:\\\/\\\/eyalcohen.com\\\/wp-content\\\/uploads\\\/2019\\\/05\\\/Things-You-Wont-Hear-From-your-Doctor.jpg\",\"contentUrl\":\"http:\\\/\\\/eyalcohen.com\\\/wp-content\\\/uploads\\\/2019\\\/05\\\/Things-You-Wont-Hear-From-your-Doctor.jpg\"},{\"@type\":\"BreadcrumbList\",\"@id\":\"https:\\\/\\\/eyalcohen.com\\\/fr\\\/#breadcrumb\",\"itemListElement\":[{\"@type\":\"ListItem\",\"position\":1,\"name\":\"\u05d3\u05e3 \u05d4\u05d1\u05d9\u05ea\",\"item\":\"https:\\\/\\\/eyalcohen.com\\\/fr\\\/\"},{\"@type\":\"ListItem\",\"position\":2,\"name\":\"Bonjour tout le monde\"}]},{\"@type\":\"WebSite\",\"@id\":\"https:\\\/\\\/eyalcohen.com\\\/#website\",\"url\":\"https:\\\/\\\/eyalcohen.com\\\/\",\"name\":\"\u05d4\u05e2\u05d9\u05d3\u05df \u05d4\u05d7\u05d3\u05e9 \u05e9\u05dc \u05d0\u05d9\u05dc \u05db\u05d4\u05df\",\"description\":\"\u05d1\u05e8\u05d9\u05d0\u05d5\u05ea \u05d8\u05d1\u05e2\u05d9\u05ea, \u05de\u05d5\u05d6\u05d9\u05e7\u05d4 \u05dc\u05d0\u05d9\u05e8\u05d5\u05e2\u05d9\u05dd \u05d5\u05de\u05d4 \u05e9\u05d1\u05d9\u05e0\u05d9\u05d4\u05dd\",\"publisher\":{\"@id\":\"https:\\\/\\\/eyalcohen.com\\\/#\\\/schema\\\/person\\\/2cf6581996d002a62e66ee8d3a64b863\"},\"potentialAction\":[{\"@type\":\"SearchAction\",\"target\":{\"@type\":\"EntryPoint\",\"urlTemplate\":\"https:\\\/\\\/eyalcohen.com\\\/?s={search_term_string}\"},\"query-input\":{\"@type\":\"PropertyValueSpecification\",\"valueRequired\":true,\"valueName\":\"search_term_string\"}}],\"inLanguage\":\"fr-FR\"},{\"@type\":[\"Person\",\"Organization\"],\"@id\":\"https:\\\/\\\/eyalcohen.com\\\/#\\\/schema\\\/person\\\/2cf6581996d002a62e66ee8d3a64b863\",\"name\":\"eyal cohen\",\"image\":{\"@type\":\"ImageObject\",\"inLanguage\":\"fr-FR\",\"@id\":\"https:\\\/\\\/eyalcohen.com\\\/wp-content\\\/uploads\\\/2015\\\/12\\\/card_reiki.jpg\",\"url\":\"https:\\\/\\\/eyalcohen.com\\\/wp-content\\\/uploads\\\/2015\\\/12\\\/card_reiki.jpg\",\"contentUrl\":\"https:\\\/\\\/eyalcohen.com\\\/wp-content\\\/uploads\\\/2015\\\/12\\\/card_reiki.jpg\",\"width\":296,\"height\":532,\"caption\":\"eyal cohen\"},\"logo\":{\"@id\":\"https:\\\/\\\/eyalcohen.com\\\/wp-content\\\/uploads\\\/2015\\\/12\\\/card_reiki.jpg\"},\"sameAs\":[\"http:\\\/\\\/eyalcohen.com\",\"https:\\\/\\\/www.facebook.com\\\/groups\\\/528354840531271\",\"https:\\\/\\\/www.instagram.com\\\/eyalchn61\\\/\"]}]}<\/script>\n<!-- \/ Yoast SEO plugin. -->","yoast_head_json":{"title":"Bonjour tout le monde - \u05d4\u05e2\u05d9\u05d3\u05df \u05d4\u05d7\u05d3\u05e9 \u05e9\u05dc \u05d0\u05d9\u05dc \u05db\u05d4\u05df","robots":{"index":"index","follow":"follow","max-snippet":"max-snippet:-1","max-image-preview":"max-image-preview:large","max-video-preview":"max-video-preview:-1"},"canonical":"https:\/\/eyalcohen.com\/fr\/","og_locale":"fr_FR","og_type":"article","og_title":"Bonjour tout le monde - \u05d4\u05e2\u05d9\u05d3\u05df \u05d4\u05d7\u05d3\u05e9 \u05e9\u05dc \u05d0\u05d9\u05dc \u05db\u05d4\u05df","og_description":"Gila et Eyal Cohen respectent la musique &nbsp; Choses que votre m\u00e9decin ne vous dira pas &nbsp; Conf\u00e9rences &nbsp; Reiki et traitements de gu\u00e9rison &nbsp; Conseils pour la sant\u00e9 hors de la bo\u00eete &nbsp; Sensibilisation objective &nbsp; Mon nom est Eyal Cohen, et je suis un gu\u00e9risseur et un gourou d&#8217;Isra\u00ebl. J&#8217;ai toujours eu une [&hellip;]","og_url":"https:\/\/eyalcohen.com\/fr\/","og_site_name":"\u05d4\u05e2\u05d9\u05d3\u05df \u05d4\u05d7\u05d3\u05e9 \u05e9\u05dc \u05d0\u05d9\u05dc \u05db\u05d4\u05df","article_publisher":"https:\/\/www.facebook.com\/groups\/528354840531271","article_modified_time":"2019-05-07T05:16:23+00:00","og_image":[{"url":"http:\/\/eyalcohen.com\/wp-content\/uploads\/2019\/05\/Things-You-Wont-Hear-From-your-Doctor.jpg","type":"","width":"","height":""}],"twitter_card":"summary_large_image","twitter_misc":{"Dur\u00e9e de lecture estim\u00e9e":"3 minutes"},"schema":{"@context":"https:\/\/schema.org","@graph":[{"@type":"WebPage","@id":"https:\/\/eyalcohen.com\/fr\/","url":"https:\/\/eyalcohen.com\/fr\/","name":"Bonjour tout le monde - \u05d4\u05e2\u05d9\u05d3\u05df \u05d4\u05d7\u05d3\u05e9 \u05e9\u05dc \u05d0\u05d9\u05dc \u05db\u05d4\u05df","isPartOf":{"@id":"https:\/\/eyalcohen.com\/#website"},"primaryImageOfPage":{"@id":"https:\/\/eyalcohen.com\/fr\/#primaryimage"},"image":{"@id":"https:\/\/eyalcohen.com\/fr\/#primaryimage"},"thumbnailUrl":"http:\/\/eyalcohen.com\/wp-content\/uploads\/2019\/05\/Things-You-Wont-Hear-From-your-Doctor.jpg","datePublished":"2017-04-27T11:20:13+00:00","dateModified":"2019-05-07T05:16:23+00:00","breadcrumb":{"@id":"https:\/\/eyalcohen.com\/fr\/#breadcrumb"},"inLanguage":"fr-FR","potentialAction":[{"@type":"ReadAction","target":["https:\/\/eyalcohen.com\/fr\/"]}]},{"@type":"ImageObject","inLanguage":"fr-FR","@id":"https:\/\/eyalcohen.com\/fr\/#primaryimage","url":"http:\/\/eyalcohen.com\/wp-content\/uploads\/2019\/05\/Things-You-Wont-Hear-From-your-Doctor.jpg","contentUrl":"http:\/\/eyalcohen.com\/wp-content\/uploads\/2019\/05\/Things-You-Wont-Hear-From-your-Doctor.jpg"},{"@type":"BreadcrumbList","@id":"https:\/\/eyalcohen.com\/fr\/#breadcrumb","itemListElement":[{"@type":"ListItem","position":1,"name":"\u05d3\u05e3 \u05d4\u05d1\u05d9\u05ea","item":"https:\/\/eyalcohen.com\/fr\/"},{"@type":"ListItem","position":2,"name":"Bonjour tout le monde"}]},{"@type":"WebSite","@id":"https:\/\/eyalcohen.com\/#website","url":"https:\/\/eyalcohen.com\/","name":"\u05d4\u05e2\u05d9\u05d3\u05df \u05d4\u05d7\u05d3\u05e9 \u05e9\u05dc \u05d0\u05d9\u05dc \u05db\u05d4\u05df","description":"\u05d1\u05e8\u05d9\u05d0\u05d5\u05ea \u05d8\u05d1\u05e2\u05d9\u05ea, \u05de\u05d5\u05d6\u05d9\u05e7\u05d4 \u05dc\u05d0\u05d9\u05e8\u05d5\u05e2\u05d9\u05dd \u05d5\u05de\u05d4 \u05e9\u05d1\u05d9\u05e0\u05d9\u05d4\u05dd","publisher":{"@id":"https:\/\/eyalcohen.com\/#\/schema\/person\/2cf6581996d002a62e66ee8d3a64b863"},"potentialAction":[{"@type":"SearchAction","target":{"@type":"EntryPoint","urlTemplate":"https:\/\/eyalcohen.com\/?s={search_term_string}"},"query-input":{"@type":"PropertyValueSpecification","valueRequired":true,"valueName":"search_term_string"}}],"inLanguage":"fr-FR"},{"@type":["Person","Organization"],"@id":"https:\/\/eyalcohen.com\/#\/schema\/person\/2cf6581996d002a62e66ee8d3a64b863","name":"eyal cohen","image":{"@type":"ImageObject","inLanguage":"fr-FR","@id":"https:\/\/eyalcohen.com\/wp-content\/uploads\/2015\/12\/card_reiki.jpg","url":"https:\/\/eyalcohen.com\/wp-content\/uploads\/2015\/12\/card_reiki.jpg","contentUrl":"https:\/\/eyalcohen.com\/wp-content\/uploads\/2015\/12\/card_reiki.jpg","width":296,"height":532,"caption":"eyal cohen"},"logo":{"@id":"https:\/\/eyalcohen.com\/wp-content\/uploads\/2015\/12\/card_reiki.jpg"},"sameAs":["http:\/\/eyalcohen.com","https:\/\/www.facebook.com\/groups\/528354840531271","https:\/\/www.instagram.com\/eyalchn61\/"]}]}},"_links":{"self":[{"href":"https:\/\/eyalcohen.com\/fr\/wp-json\/wp\/v2\/pages\/4789","targetHints":{"allow":["GET"]}}],"collection":[{"href":"https:\/\/eyalcohen.com\/fr\/wp-json\/wp\/v2\/pages"}],"about":[{"href":"https:\/\/eyalcohen.com\/fr\/wp-json\/wp\/v2\/types\/page"}],"author":[{"embeddable":true,"href":"https:\/\/eyalcohen.com\/fr\/wp-json\/wp\/v2\/users\/2"}],"replies":[{"embeddable":true,"href":"https:\/\/eyalcohen.com\/fr\/wp-json\/wp\/v2\/comments?post=4789"}],"version-history":[{"count":5,"href":"https:\/\/eyalcohen.com\/fr\/wp-json\/wp\/v2\/pages\/4789\/revisions"}],"predecessor-version":[{"id":7596,"href":"https:\/\/eyalcohen.com\/fr\/wp-json\/wp\/v2\/pages\/4789\/revisions\/7596"}],"wp:attachment":[{"href":"https:\/\/eyalcohen.com\/fr\/wp-json\/wp\/v2\/media?parent=4789"}],"curies":[{"name":"wp","href":"https:\/\/api.w.org\/{rel}","templated":true}]}}