{"id":5139,"date":"2017-05-16T10:32:36","date_gmt":"2017-05-16T07:32:36","guid":{"rendered":"http:\/\/eyalcohen.com\/?page_id=5139"},"modified":"2017-07-07T19:26:09","modified_gmt":"2017-07-07T16:26:09","slug":"conocimiento-objetivo","status":"publish","type":"page","link":"https:\/\/eyalcohen.com\/es\/conocimiento-objetivo\/","title":{"rendered":"Conocimiento objetivo"},"content":{"rendered":"<p>Mi nombre es Eyal Cohen, y hasta el a\u00f1o 1993 que fue lo que se denomina &#8220;una persona normal;&#8221; Visit\u00e9 a mi m\u00e9dico cada vez que ten\u00eda un problema de salud, y yo cre\u00eda que todas las investigaciones acerca de la salud que fue publicado.<\/p>\n<p>Se podr\u00eda decir que pens\u00e9 que yo ten\u00eda que pensar, pero ser\u00eda m\u00e1s correcto decir &#8220;No pens\u00e9 que &#8211; como se supon\u00eda no pensar&#8221;, ya que el establecimiento cuenta con todo el conocimiento que usted necesita y que son no supone que tiene pensamientos de su propio.<\/p>\n<p>En 1993, me las arregl\u00e9 para descubrir los procesos de las enfermedades de las enc\u00edas, y curar a m\u00ed mismo de una manera sistem\u00e1tica de la situaci\u00f3n grave de la retracci\u00f3n de las enc\u00edas, de tal manera que la comunidad m\u00e9dica y los medios de comunicaci\u00f3n ignora por completo.<\/p>\n<p>La confrontaci\u00f3n con el hecho de que ninguna autoridad est\u00e1 interesado en examinar la informaci\u00f3n de mi recuperaci\u00f3n, con el fin de ayudar a otras personas que sufren de estas enfermedades, me hizo perder toda la fe en los sistemas y establecimientos de nuestra cultura.<\/p>\n<p>En consecuencia, he experimentado una potente iluminaci\u00f3n, que me hizo hacer lo que parec\u00eda imposible que una persona aparentemente normal. Empec\u00e9 a pensar por m\u00ed mismo, y desarroll\u00f3 una teor\u00eda que yo llamo &#8220;conocimiento objetivo&#8221;, que es sobre todo acerca de la comprensi\u00f3n de la vida y la salud desde el aspecto energ\u00e9tico, hasta la m\u00e1s alta resoluci\u00f3n de la creaci\u00f3n de la vida y el sentido de la vida.<\/p>\n<p>conocimiento objetivo es una manera de entender la vida sin ser manipulada por los poderes que estamos condicionados a seguir ciegamente, que est\u00e1n motivados por la mayor\u00eda de pol\u00edticos, industriales, financieros, religiosos &#8211; los intereses y otros que controlan la mente y el comportamiento de las personas.<\/p>\n<p>Con nuestra percepci\u00f3n y las normas culturales cuidadosamente dise\u00f1ado, que no deber\u00eda tener pensamientos de independencia. Si usted tiene esos pensamientos molestos, usted descubrir\u00e1 r\u00e1pidamente que rechazados por la sociedad, que suprime las ideas no aceptados, e incluso a sus amigos cercanos y la familia dan la espalda a usted, y no va a hablar con usted acerca de sus diferentes ideas.<\/p>\n<p>A pesar de que nuestra civilizaci\u00f3n es tan avanzado, el verdadero criterio que determina si tenemos \u00e9xito, es nuestra salud y nuestro bienestar. El hecho de que las enfermedades gen\u00e9ticas ambientales como el c\u00e1ncer &#8211; y las enfermedades energ\u00e9ticas tales como la diabetes, el lupus, psoriasis, enfermedad de Crohn, asma, fibromialgia, enfermedades del coraz\u00f3n y muchos otros se va imponiendo a la escala de una epidemia, indica que no somos tan exitoso despu\u00e9s de todo, y que algo se distorsiona en la base de esta civilizaci\u00f3n y en su filosof\u00eda.<\/p>\n<p dir=\"ltr\">Este tema a\u00fan no est\u00e1 traducido al espa\u00f1ol.<br \/>\nSi usted necesita la informaci\u00f3n, puede ir al sitio de Ingl\u00e9s, y copiar \u2013 pegar este art\u00edculo al traductor Google, sino que tendr\u00e1 que leer entre l\u00edneas, porque la traducci\u00f3n no es exacta.<\/p>\n<p dir=\"ltr\">Si usted puede ayudar con la traducci\u00f3n de algunas partes de este sitio web, voy a ser agradecido y estoy seguro de que lo mismo ocurre con muchos otros.<\/p>\n<p dir=\"ltr\">Gracias por tu visita<\/p>\n<p dir=\"ltr\">Eyal Cohen<\/p>\n<p>http:\/\/eyalcohen.com\/en\/objective-awareness\/<\/p>\n","protected":false},"excerpt":{"rendered":"<p>Mi nombre es Eyal Cohen, y hasta el a\u00f1o 1993 que fue lo que se denomina &#8220;una persona normal;&#8221; Visit\u00e9 a mi m\u00e9dico cada vez que ten\u00eda un problema de salud, y yo cre\u00eda que todas las investigaciones acerca de la salud que fue publicado. Se podr\u00eda decir que pens\u00e9 que yo ten\u00eda que pensar, [&hellip;]<\/p>\n","protected":false},"author":2,"featured_media":0,"parent":0,"menu_order":0,"comment_status":"open","ping_status":"open","template":"","meta":{"_monsterinsights_skip_tracking":false,"_monsterinsights_sitenote_active":false,"_monsterinsights_sitenote_note":"","_monsterinsights_sitenote_category":0,"footnotes":""},"class_list":["post-5139","page","type-page","status-publish","hentry"],"yoast_head":"<!-- This site is optimized with the Yoast SEO plugin v27.4 - https:\/\/yoast.com\/product\/yoast-seo-wordpress\/ -->\n<title>Conocimiento objetivo - \u05d4\u05e2\u05d9\u05d3\u05df \u05d4\u05d7\u05d3\u05e9 \u05e9\u05dc \u05d0\u05d9\u05dc \u05db\u05d4\u05df<\/title>\n<meta name=\"robots\" content=\"index, follow, max-snippet:-1, max-image-preview:large, max-video-preview:-1\" \/>\n<link rel=\"canonical\" href=\"https:\/\/eyalcohen.com\/es\/conocimiento-objetivo\/\" \/>\n<meta property=\"og:locale\" content=\"es_ES\" \/>\n<meta property=\"og:type\" content=\"article\" \/>\n<meta property=\"og:title\" content=\"Conocimiento objetivo - \u05d4\u05e2\u05d9\u05d3\u05df \u05d4\u05d7\u05d3\u05e9 \u05e9\u05dc \u05d0\u05d9\u05dc \u05db\u05d4\u05df\" \/>\n<meta property=\"og:description\" content=\"Mi nombre es Eyal Cohen, y hasta el a\u00f1o 1993 que fue lo que se denomina &#8220;una persona normal;&#8221; Visit\u00e9 a mi m\u00e9dico cada vez que ten\u00eda un problema de salud, y yo cre\u00eda que todas las investigaciones acerca de la salud que fue publicado. Se podr\u00eda decir que pens\u00e9 que yo ten\u00eda que pensar, [&hellip;]\" \/>\n<meta property=\"og:url\" content=\"https:\/\/eyalcohen.com\/es\/conocimiento-objetivo\/\" \/>\n<meta property=\"og:site_name\" content=\"\u05d4\u05e2\u05d9\u05d3\u05df \u05d4\u05d7\u05d3\u05e9 \u05e9\u05dc \u05d0\u05d9\u05dc \u05db\u05d4\u05df\" \/>\n<meta property=\"article:publisher\" content=\"https:\/\/www.facebook.com\/groups\/528354840531271\" \/>\n<meta property=\"article:modified_time\" content=\"2017-07-07T16:26:09+00:00\" \/>\n<meta name=\"twitter:card\" content=\"summary_large_image\" \/>\n<meta name=\"twitter:label1\" content=\"Tiempo de lectura\" \/>\n\t<meta name=\"twitter:data1\" content=\"3 minutos\" \/>\n<script type=\"application\/ld+json\" class=\"yoast-schema-graph\">{\"@context\":\"https:\\\/\\\/schema.org\",\"@graph\":[{\"@type\":\"WebPage\",\"@id\":\"https:\\\/\\\/eyalcohen.com\\\/es\\\/conocimiento-objetivo\\\/\",\"url\":\"https:\\\/\\\/eyalcohen.com\\\/es\\\/conocimiento-objetivo\\\/\",\"name\":\"Conocimiento objetivo - \u05d4\u05e2\u05d9\u05d3\u05df \u05d4\u05d7\u05d3\u05e9 \u05e9\u05dc \u05d0\u05d9\u05dc \u05db\u05d4\u05df\",\"isPartOf\":{\"@id\":\"https:\\\/\\\/eyalcohen.com\\\/#website\"},\"datePublished\":\"2017-05-16T07:32:36+00:00\",\"dateModified\":\"2017-07-07T16:26:09+00:00\",\"breadcrumb\":{\"@id\":\"https:\\\/\\\/eyalcohen.com\\\/es\\\/conocimiento-objetivo\\\/#breadcrumb\"},\"inLanguage\":\"es\",\"potentialAction\":[{\"@type\":\"ReadAction\",\"target\":[\"https:\\\/\\\/eyalcohen.com\\\/es\\\/conocimiento-objetivo\\\/\"]}]},{\"@type\":\"BreadcrumbList\",\"@id\":\"https:\\\/\\\/eyalcohen.com\\\/es\\\/conocimiento-objetivo\\\/#breadcrumb\",\"itemListElement\":[{\"@type\":\"ListItem\",\"position\":1,\"name\":\"\u05d3\u05e3 \u05d4\u05d1\u05d9\u05ea\",\"item\":\"https:\\\/\\\/eyalcohen.com\\\/es\\\/\"},{\"@type\":\"ListItem\",\"position\":2,\"name\":\"Conocimiento objetivo\"}]},{\"@type\":\"WebSite\",\"@id\":\"https:\\\/\\\/eyalcohen.com\\\/#website\",\"url\":\"https:\\\/\\\/eyalcohen.com\\\/\",\"name\":\"\u05d4\u05e2\u05d9\u05d3\u05df \u05d4\u05d7\u05d3\u05e9 \u05e9\u05dc \u05d0\u05d9\u05dc \u05db\u05d4\u05df\",\"description\":\"\u05d1\u05e8\u05d9\u05d0\u05d5\u05ea \u05d8\u05d1\u05e2\u05d9\u05ea, \u05de\u05d5\u05d6\u05d9\u05e7\u05d4 \u05dc\u05d0\u05d9\u05e8\u05d5\u05e2\u05d9\u05dd \u05d5\u05de\u05d4 \u05e9\u05d1\u05d9\u05e0\u05d9\u05d4\u05dd\",\"publisher\":{\"@id\":\"https:\\\/\\\/eyalcohen.com\\\/#\\\/schema\\\/person\\\/2cf6581996d002a62e66ee8d3a64b863\"},\"potentialAction\":[{\"@type\":\"SearchAction\",\"target\":{\"@type\":\"EntryPoint\",\"urlTemplate\":\"https:\\\/\\\/eyalcohen.com\\\/?s={search_term_string}\"},\"query-input\":{\"@type\":\"PropertyValueSpecification\",\"valueRequired\":true,\"valueName\":\"search_term_string\"}}],\"inLanguage\":\"es\"},{\"@type\":[\"Person\",\"Organization\"],\"@id\":\"https:\\\/\\\/eyalcohen.com\\\/#\\\/schema\\\/person\\\/2cf6581996d002a62e66ee8d3a64b863\",\"name\":\"eyal cohen\",\"image\":{\"@type\":\"ImageObject\",\"inLanguage\":\"es\",\"@id\":\"https:\\\/\\\/eyalcohen.com\\\/wp-content\\\/uploads\\\/2015\\\/12\\\/card_reiki.jpg\",\"url\":\"https:\\\/\\\/eyalcohen.com\\\/wp-content\\\/uploads\\\/2015\\\/12\\\/card_reiki.jpg\",\"contentUrl\":\"https:\\\/\\\/eyalcohen.com\\\/wp-content\\\/uploads\\\/2015\\\/12\\\/card_reiki.jpg\",\"width\":296,\"height\":532,\"caption\":\"eyal cohen\"},\"logo\":{\"@id\":\"https:\\\/\\\/eyalcohen.com\\\/wp-content\\\/uploads\\\/2015\\\/12\\\/card_reiki.jpg\"},\"sameAs\":[\"http:\\\/\\\/eyalcohen.com\",\"https:\\\/\\\/www.facebook.com\\\/groups\\\/528354840531271\",\"https:\\\/\\\/www.instagram.com\\\/eyalchn61\\\/\"]}]}<\/script>\n<!-- \/ Yoast SEO plugin. -->","yoast_head_json":{"title":"Conocimiento objetivo - \u05d4\u05e2\u05d9\u05d3\u05df \u05d4\u05d7\u05d3\u05e9 \u05e9\u05dc \u05d0\u05d9\u05dc \u05db\u05d4\u05df","robots":{"index":"index","follow":"follow","max-snippet":"max-snippet:-1","max-image-preview":"max-image-preview:large","max-video-preview":"max-video-preview:-1"},"canonical":"https:\/\/eyalcohen.com\/es\/conocimiento-objetivo\/","og_locale":"es_ES","og_type":"article","og_title":"Conocimiento objetivo - \u05d4\u05e2\u05d9\u05d3\u05df \u05d4\u05d7\u05d3\u05e9 \u05e9\u05dc \u05d0\u05d9\u05dc \u05db\u05d4\u05df","og_description":"Mi nombre es Eyal Cohen, y hasta el a\u00f1o 1993 que fue lo que se denomina &#8220;una persona normal;&#8221; Visit\u00e9 a mi m\u00e9dico cada vez que ten\u00eda un problema de salud, y yo cre\u00eda que todas las investigaciones acerca de la salud que fue publicado. Se podr\u00eda decir que pens\u00e9 que yo ten\u00eda que pensar, [&hellip;]","og_url":"https:\/\/eyalcohen.com\/es\/conocimiento-objetivo\/","og_site_name":"\u05d4\u05e2\u05d9\u05d3\u05df \u05d4\u05d7\u05d3\u05e9 \u05e9\u05dc \u05d0\u05d9\u05dc \u05db\u05d4\u05df","article_publisher":"https:\/\/www.facebook.com\/groups\/528354840531271","article_modified_time":"2017-07-07T16:26:09+00:00","twitter_card":"summary_large_image","twitter_misc":{"Tiempo de lectura":"3 minutos"},"schema":{"@context":"https:\/\/schema.org","@graph":[{"@type":"WebPage","@id":"https:\/\/eyalcohen.com\/es\/conocimiento-objetivo\/","url":"https:\/\/eyalcohen.com\/es\/conocimiento-objetivo\/","name":"Conocimiento objetivo - \u05d4\u05e2\u05d9\u05d3\u05df \u05d4\u05d7\u05d3\u05e9 \u05e9\u05dc \u05d0\u05d9\u05dc \u05db\u05d4\u05df","isPartOf":{"@id":"https:\/\/eyalcohen.com\/#website"},"datePublished":"2017-05-16T07:32:36+00:00","dateModified":"2017-07-07T16:26:09+00:00","breadcrumb":{"@id":"https:\/\/eyalcohen.com\/es\/conocimiento-objetivo\/#breadcrumb"},"inLanguage":"es","potentialAction":[{"@type":"ReadAction","target":["https:\/\/eyalcohen.com\/es\/conocimiento-objetivo\/"]}]},{"@type":"BreadcrumbList","@id":"https:\/\/eyalcohen.com\/es\/conocimiento-objetivo\/#breadcrumb","itemListElement":[{"@type":"ListItem","position":1,"name":"\u05d3\u05e3 \u05d4\u05d1\u05d9\u05ea","item":"https:\/\/eyalcohen.com\/es\/"},{"@type":"ListItem","position":2,"name":"Conocimiento objetivo"}]},{"@type":"WebSite","@id":"https:\/\/eyalcohen.com\/#website","url":"https:\/\/eyalcohen.com\/","name":"\u05d4\u05e2\u05d9\u05d3\u05df \u05d4\u05d7\u05d3\u05e9 \u05e9\u05dc \u05d0\u05d9\u05dc \u05db\u05d4\u05df","description":"\u05d1\u05e8\u05d9\u05d0\u05d5\u05ea \u05d8\u05d1\u05e2\u05d9\u05ea, \u05de\u05d5\u05d6\u05d9\u05e7\u05d4 \u05dc\u05d0\u05d9\u05e8\u05d5\u05e2\u05d9\u05dd \u05d5\u05de\u05d4 \u05e9\u05d1\u05d9\u05e0\u05d9\u05d4\u05dd","publisher":{"@id":"https:\/\/eyalcohen.com\/#\/schema\/person\/2cf6581996d002a62e66ee8d3a64b863"},"potentialAction":[{"@type":"SearchAction","target":{"@type":"EntryPoint","urlTemplate":"https:\/\/eyalcohen.com\/?s={search_term_string}"},"query-input":{"@type":"PropertyValueSpecification","valueRequired":true,"valueName":"search_term_string"}}],"inLanguage":"es"},{"@type":["Person","Organization"],"@id":"https:\/\/eyalcohen.com\/#\/schema\/person\/2cf6581996d002a62e66ee8d3a64b863","name":"eyal cohen","image":{"@type":"ImageObject","inLanguage":"es","@id":"https:\/\/eyalcohen.com\/wp-content\/uploads\/2015\/12\/card_reiki.jpg","url":"https:\/\/eyalcohen.com\/wp-content\/uploads\/2015\/12\/card_reiki.jpg","contentUrl":"https:\/\/eyalcohen.com\/wp-content\/uploads\/2015\/12\/card_reiki.jpg","width":296,"height":532,"caption":"eyal cohen"},"logo":{"@id":"https:\/\/eyalcohen.com\/wp-content\/uploads\/2015\/12\/card_reiki.jpg"},"sameAs":["http:\/\/eyalcohen.com","https:\/\/www.facebook.com\/groups\/528354840531271","https:\/\/www.instagram.com\/eyalchn61\/"]}]}},"_links":{"self":[{"href":"https:\/\/eyalcohen.com\/es\/wp-json\/wp\/v2\/pages\/5139","targetHints":{"allow":["GET"]}}],"collection":[{"href":"https:\/\/eyalcohen.com\/es\/wp-json\/wp\/v2\/pages"}],"about":[{"href":"https:\/\/eyalcohen.com\/es\/wp-json\/wp\/v2\/types\/page"}],"author":[{"embeddable":true,"href":"https:\/\/eyalcohen.com\/es\/wp-json\/wp\/v2\/users\/2"}],"replies":[{"embeddable":true,"href":"https:\/\/eyalcohen.com\/es\/wp-json\/wp\/v2\/comments?post=5139"}],"version-history":[{"count":2,"href":"https:\/\/eyalcohen.com\/es\/wp-json\/wp\/v2\/pages\/5139\/revisions"}],"predecessor-version":[{"id":5405,"href":"https:\/\/eyalcohen.com\/es\/wp-json\/wp\/v2\/pages\/5139\/revisions\/5405"}],"wp:attachment":[{"href":"https:\/\/eyalcohen.com\/es\/wp-json\/wp\/v2\/media?parent=5139"}],"curies":[{"name":"wp","href":"https:\/\/api.w.org\/{rel}","templated":true}]}}