{"id":5133,"date":"2017-05-16T10:28:20","date_gmt":"2017-05-16T07:28:20","guid":{"rendered":"http:\/\/eyalcohen.com\/?page_id=5133"},"modified":"2017-07-07T19:25:40","modified_gmt":"2017-07-07T16:25:40","slug":"analgesicos","status":"publish","type":"page","link":"https:\/\/eyalcohen.com\/es\/analgesicos\/","title":{"rendered":"analg\u00e9sicos"},"content":{"rendered":"<p dir=\"ltr\" style=\"direction: ltr;\">Por: Eyal Cohen<\/p>\n<p dir=\"ltr\" style=\"direction: ltr;\">Muchos estudios sobre analg\u00e9sicos han demostrado un v\u00ednculo entre su uso y la salud da\u00f1os tales como problemas de audici\u00f3n, abortos involuntarios, da\u00f1o hep\u00e1tico, da\u00f1o renal, da\u00f1o de est\u00f3mago e incluso la muerte, pero a pesar de los da\u00f1os a la salud conocidos y considerados, hay un aspecto que la concepto convencional no tiene en cuenta, que explica c\u00f3mo el uso de analg\u00e9sicos conduce a dolor cr\u00f3nico, reemplazos de articulaciones, tendones desgarrados y muchos otros problemas agudos.<\/p>\n<p dir=\"ltr\" style=\"direction: ltr;\">Muy a menudo, cuando las personas sufren de dolor, optan por tomar un analg\u00e9sico como la aspirina o el paracetamol (Acamol etc.) con el fin de funcionar normalmente, pero antes de que usted va para las p\u00edldoras, tenga en cuenta que el dolor es el s\u00edntoma y no la enfermedad que hay que curar, y el tratamiento de los s\u00edntomas puede tener algunas consecuencias no deseadas.<\/p>\n<p dir=\"ltr\" style=\"direction: ltr;\">Con el fin de evitar da\u00f1os a la salud, tenemos que comprender la naturaleza del dolor. Las conversaciones del cuerpo de nuestra parte mediante sensaciones &#8211; y, a veces nos dicen su algunas cosas muy importantes que debemos tener en cuenta, incluso si no es c\u00f3modo &#8230;<\/p>\n<p style=\"direction: ltr;\">El dolor es una sensaci\u00f3n con una escala de niveles que nos informa, la urgencia para que el tejido para descansar y recuperarse, y nos advierte para reducir la presi\u00f3n de los tejidos dolorosos, con el fin de evitar el deterioro y el empeoramiento del trauma.<\/p>\n<p style=\"direction: ltr;\">El dolor es, de hecho, un mecanismo de protecci\u00f3n, para prevenir el da\u00f1o de los tejidos que necesita un proceso de curaci\u00f3n.<\/p>\n<p dir=\"ltr\" style=\"direction: ltr;\">Cuando est\u00e1 utilizando analg\u00e9sicos para amortiguar el dolor, que est\u00e1n impidiendo su conciencia y hacer llegar el mensaje de que el tejido est\u00e1 intentando enviar, con el fin de que reacciones al reducir la presi\u00f3n. De esta manera se mantiene la presi\u00f3n sobre estos tejidos que perjudiquen y erosionar, dando como resultado cada vez mayores de desgaste. Cuanto m\u00e1s la situaci\u00f3n empeora, los analg\u00e9sicos m\u00e1s fuertes que necesite, hasta que los tejidos consigue erosionado hasta un nivel que los analg\u00e9sicos no ayudan ya, y se van a sufrir de dolor agonizante y la movilidad limitada y la necesidad de amputaci\u00f3n o ir a trav\u00e9s de reemplazo de la articulaci\u00f3n utilizando titanio o implantes alternativos.<\/p>\n<p dir=\"ltr\" style=\"direction: ltr;\">En la pr\u00e1ctica, una gran parte de la enorme industria de implantes de articulaciones, debe su existencia a la falta de comprensi\u00f3n de las implicaciones &#8211; y el mal uso de analg\u00e9sicos.<\/p>\n<p dir=\"ltr\" style=\"direction: ltr;\">Para superar el dolor a trav\u00e9s de medios naturales, en primer lugar, tenemos que comprender su esencia. El dolor que un resultado de un trauma que causa la interrupci\u00f3n del flujo sangu\u00edneo y la pone toda la zona en peligro.<\/p>\n<p dir=\"ltr\" style=\"direction: ltr;\">Nunca resistir el dolor o tratar de acostumbrarse a ella. Cuando se siente dolor, el descanso es la mejor cura para permitir que el cuerpo se recupere.<\/p>\n<p dir=\"ltr\" style=\"direction: ltr;\">Como terapeuta he visto innumerables casos que persona normal definir\u00eda &#8220;Milagros&#8221;, incluyendo la curaci\u00f3n de la erosi\u00f3n del cart\u00edlago, inflamaciones, dolor en las articulaciones e incluso el c\u00e1ncer, en caso de cualquier tipo de dolor, recomiendo de todo coraz\u00f3n a probar los tratamientos de reiki, antes de girar a las soluciones invasivos y t\u00f3xicos ofrecidos por la medicina moderna.<\/p>\n<p dir=\"ltr\" style=\"direction: ltr;\">As\u00ed como los analg\u00e9sicos, la terapia Reiki reduce significativamente el dolor, y en muchos casos elimina, pero la gran diferencia es que el alivio del dolor en la terapia reiki es un resultado directo del proceso de curaci\u00f3n del cuerpo.<\/p>\n<p dir=\"ltr\" style=\"direction: ltr;\">A diferencia de los analg\u00e9sicos que adormecen el cuerpo, tratamientos de reiki apoyan y fortalecen el cuerpo, y permite a rehabilitar a una velocidad sorprendente, y, en cualquier caso, no pueden da\u00f1ar, por lo que deber\u00edan tener prioridad.<\/p>\n<p>http:\/\/eyalcohen.com\/en\/pain-killers\/<\/p>\n","protected":false},"excerpt":{"rendered":"<p>Por: Eyal Cohen Muchos estudios sobre analg\u00e9sicos han demostrado un v\u00ednculo entre su uso y la salud da\u00f1os tales como problemas de audici\u00f3n, abortos involuntarios, da\u00f1o hep\u00e1tico, da\u00f1o renal, da\u00f1o de est\u00f3mago e incluso la muerte, pero a pesar de los da\u00f1os a la salud conocidos y considerados, hay un aspecto que la concepto convencional [&hellip;]<\/p>\n","protected":false},"author":2,"featured_media":0,"parent":0,"menu_order":0,"comment_status":"open","ping_status":"open","template":"","meta":{"_monsterinsights_skip_tracking":false,"_monsterinsights_sitenote_active":false,"_monsterinsights_sitenote_note":"","_monsterinsights_sitenote_category":0,"footnotes":""},"class_list":["post-5133","page","type-page","status-publish","hentry"],"yoast_head":"<!-- This site is optimized with the Yoast SEO plugin v27.4 - https:\/\/yoast.com\/product\/yoast-seo-wordpress\/ -->\n<title>analg\u00e9sicos - \u05d4\u05e2\u05d9\u05d3\u05df \u05d4\u05d7\u05d3\u05e9 \u05e9\u05dc \u05d0\u05d9\u05dc \u05db\u05d4\u05df<\/title>\n<meta name=\"robots\" content=\"index, follow, max-snippet:-1, max-image-preview:large, max-video-preview:-1\" \/>\n<link rel=\"canonical\" href=\"https:\/\/eyalcohen.com\/es\/analgesicos\/\" \/>\n<meta property=\"og:locale\" content=\"es_ES\" \/>\n<meta property=\"og:type\" content=\"article\" \/>\n<meta property=\"og:title\" content=\"analg\u00e9sicos - \u05d4\u05e2\u05d9\u05d3\u05df \u05d4\u05d7\u05d3\u05e9 \u05e9\u05dc \u05d0\u05d9\u05dc \u05db\u05d4\u05df\" \/>\n<meta property=\"og:description\" content=\"Por: Eyal Cohen Muchos estudios sobre analg\u00e9sicos han demostrado un v\u00ednculo entre su uso y la salud da\u00f1os tales como problemas de audici\u00f3n, abortos involuntarios, da\u00f1o hep\u00e1tico, da\u00f1o renal, da\u00f1o de est\u00f3mago e incluso la muerte, pero a pesar de los da\u00f1os a la salud conocidos y considerados, hay un aspecto que la concepto convencional [&hellip;]\" \/>\n<meta property=\"og:url\" content=\"https:\/\/eyalcohen.com\/es\/analgesicos\/\" \/>\n<meta property=\"og:site_name\" content=\"\u05d4\u05e2\u05d9\u05d3\u05df \u05d4\u05d7\u05d3\u05e9 \u05e9\u05dc \u05d0\u05d9\u05dc \u05db\u05d4\u05df\" \/>\n<meta property=\"article:publisher\" content=\"https:\/\/www.facebook.com\/groups\/528354840531271\" \/>\n<meta property=\"article:modified_time\" content=\"2017-07-07T16:25:40+00:00\" \/>\n<meta name=\"twitter:card\" content=\"summary_large_image\" \/>\n<meta name=\"twitter:label1\" content=\"Tiempo de lectura\" \/>\n\t<meta name=\"twitter:data1\" content=\"3 minutos\" \/>\n<script type=\"application\/ld+json\" class=\"yoast-schema-graph\">{\"@context\":\"https:\\\/\\\/schema.org\",\"@graph\":[{\"@type\":\"WebPage\",\"@id\":\"https:\\\/\\\/eyalcohen.com\\\/es\\\/analgesicos\\\/\",\"url\":\"https:\\\/\\\/eyalcohen.com\\\/es\\\/analgesicos\\\/\",\"name\":\"analg\u00e9sicos - \u05d4\u05e2\u05d9\u05d3\u05df \u05d4\u05d7\u05d3\u05e9 \u05e9\u05dc \u05d0\u05d9\u05dc \u05db\u05d4\u05df\",\"isPartOf\":{\"@id\":\"https:\\\/\\\/eyalcohen.com\\\/#website\"},\"datePublished\":\"2017-05-16T07:28:20+00:00\",\"dateModified\":\"2017-07-07T16:25:40+00:00\",\"breadcrumb\":{\"@id\":\"https:\\\/\\\/eyalcohen.com\\\/es\\\/analgesicos\\\/#breadcrumb\"},\"inLanguage\":\"es\",\"potentialAction\":[{\"@type\":\"ReadAction\",\"target\":[\"https:\\\/\\\/eyalcohen.com\\\/es\\\/analgesicos\\\/\"]}]},{\"@type\":\"BreadcrumbList\",\"@id\":\"https:\\\/\\\/eyalcohen.com\\\/es\\\/analgesicos\\\/#breadcrumb\",\"itemListElement\":[{\"@type\":\"ListItem\",\"position\":1,\"name\":\"\u05d3\u05e3 \u05d4\u05d1\u05d9\u05ea\",\"item\":\"https:\\\/\\\/eyalcohen.com\\\/es\\\/\"},{\"@type\":\"ListItem\",\"position\":2,\"name\":\"analg\u00e9sicos\"}]},{\"@type\":\"WebSite\",\"@id\":\"https:\\\/\\\/eyalcohen.com\\\/#website\",\"url\":\"https:\\\/\\\/eyalcohen.com\\\/\",\"name\":\"\u05d4\u05e2\u05d9\u05d3\u05df \u05d4\u05d7\u05d3\u05e9 \u05e9\u05dc \u05d0\u05d9\u05dc \u05db\u05d4\u05df\",\"description\":\"\u05d1\u05e8\u05d9\u05d0\u05d5\u05ea \u05d8\u05d1\u05e2\u05d9\u05ea, \u05de\u05d5\u05d6\u05d9\u05e7\u05d4 \u05dc\u05d0\u05d9\u05e8\u05d5\u05e2\u05d9\u05dd \u05d5\u05de\u05d4 \u05e9\u05d1\u05d9\u05e0\u05d9\u05d4\u05dd\",\"publisher\":{\"@id\":\"https:\\\/\\\/eyalcohen.com\\\/#\\\/schema\\\/person\\\/2cf6581996d002a62e66ee8d3a64b863\"},\"potentialAction\":[{\"@type\":\"SearchAction\",\"target\":{\"@type\":\"EntryPoint\",\"urlTemplate\":\"https:\\\/\\\/eyalcohen.com\\\/?s={search_term_string}\"},\"query-input\":{\"@type\":\"PropertyValueSpecification\",\"valueRequired\":true,\"valueName\":\"search_term_string\"}}],\"inLanguage\":\"es\"},{\"@type\":[\"Person\",\"Organization\"],\"@id\":\"https:\\\/\\\/eyalcohen.com\\\/#\\\/schema\\\/person\\\/2cf6581996d002a62e66ee8d3a64b863\",\"name\":\"eyal cohen\",\"image\":{\"@type\":\"ImageObject\",\"inLanguage\":\"es\",\"@id\":\"https:\\\/\\\/eyalcohen.com\\\/wp-content\\\/uploads\\\/2015\\\/12\\\/card_reiki.jpg\",\"url\":\"https:\\\/\\\/eyalcohen.com\\\/wp-content\\\/uploads\\\/2015\\\/12\\\/card_reiki.jpg\",\"contentUrl\":\"https:\\\/\\\/eyalcohen.com\\\/wp-content\\\/uploads\\\/2015\\\/12\\\/card_reiki.jpg\",\"width\":296,\"height\":532,\"caption\":\"eyal cohen\"},\"logo\":{\"@id\":\"https:\\\/\\\/eyalcohen.com\\\/wp-content\\\/uploads\\\/2015\\\/12\\\/card_reiki.jpg\"},\"sameAs\":[\"http:\\\/\\\/eyalcohen.com\",\"https:\\\/\\\/www.facebook.com\\\/groups\\\/528354840531271\",\"https:\\\/\\\/www.instagram.com\\\/eyalchn61\\\/\"]}]}<\/script>\n<!-- \/ Yoast SEO plugin. -->","yoast_head_json":{"title":"analg\u00e9sicos - \u05d4\u05e2\u05d9\u05d3\u05df \u05d4\u05d7\u05d3\u05e9 \u05e9\u05dc \u05d0\u05d9\u05dc \u05db\u05d4\u05df","robots":{"index":"index","follow":"follow","max-snippet":"max-snippet:-1","max-image-preview":"max-image-preview:large","max-video-preview":"max-video-preview:-1"},"canonical":"https:\/\/eyalcohen.com\/es\/analgesicos\/","og_locale":"es_ES","og_type":"article","og_title":"analg\u00e9sicos - \u05d4\u05e2\u05d9\u05d3\u05df \u05d4\u05d7\u05d3\u05e9 \u05e9\u05dc \u05d0\u05d9\u05dc \u05db\u05d4\u05df","og_description":"Por: Eyal Cohen Muchos estudios sobre analg\u00e9sicos han demostrado un v\u00ednculo entre su uso y la salud da\u00f1os tales como problemas de audici\u00f3n, abortos involuntarios, da\u00f1o hep\u00e1tico, da\u00f1o renal, da\u00f1o de est\u00f3mago e incluso la muerte, pero a pesar de los da\u00f1os a la salud conocidos y considerados, hay un aspecto que la concepto convencional [&hellip;]","og_url":"https:\/\/eyalcohen.com\/es\/analgesicos\/","og_site_name":"\u05d4\u05e2\u05d9\u05d3\u05df \u05d4\u05d7\u05d3\u05e9 \u05e9\u05dc \u05d0\u05d9\u05dc \u05db\u05d4\u05df","article_publisher":"https:\/\/www.facebook.com\/groups\/528354840531271","article_modified_time":"2017-07-07T16:25:40+00:00","twitter_card":"summary_large_image","twitter_misc":{"Tiempo de lectura":"3 minutos"},"schema":{"@context":"https:\/\/schema.org","@graph":[{"@type":"WebPage","@id":"https:\/\/eyalcohen.com\/es\/analgesicos\/","url":"https:\/\/eyalcohen.com\/es\/analgesicos\/","name":"analg\u00e9sicos - \u05d4\u05e2\u05d9\u05d3\u05df \u05d4\u05d7\u05d3\u05e9 \u05e9\u05dc \u05d0\u05d9\u05dc \u05db\u05d4\u05df","isPartOf":{"@id":"https:\/\/eyalcohen.com\/#website"},"datePublished":"2017-05-16T07:28:20+00:00","dateModified":"2017-07-07T16:25:40+00:00","breadcrumb":{"@id":"https:\/\/eyalcohen.com\/es\/analgesicos\/#breadcrumb"},"inLanguage":"es","potentialAction":[{"@type":"ReadAction","target":["https:\/\/eyalcohen.com\/es\/analgesicos\/"]}]},{"@type":"BreadcrumbList","@id":"https:\/\/eyalcohen.com\/es\/analgesicos\/#breadcrumb","itemListElement":[{"@type":"ListItem","position":1,"name":"\u05d3\u05e3 \u05d4\u05d1\u05d9\u05ea","item":"https:\/\/eyalcohen.com\/es\/"},{"@type":"ListItem","position":2,"name":"analg\u00e9sicos"}]},{"@type":"WebSite","@id":"https:\/\/eyalcohen.com\/#website","url":"https:\/\/eyalcohen.com\/","name":"\u05d4\u05e2\u05d9\u05d3\u05df \u05d4\u05d7\u05d3\u05e9 \u05e9\u05dc \u05d0\u05d9\u05dc \u05db\u05d4\u05df","description":"\u05d1\u05e8\u05d9\u05d0\u05d5\u05ea \u05d8\u05d1\u05e2\u05d9\u05ea, \u05de\u05d5\u05d6\u05d9\u05e7\u05d4 \u05dc\u05d0\u05d9\u05e8\u05d5\u05e2\u05d9\u05dd \u05d5\u05de\u05d4 \u05e9\u05d1\u05d9\u05e0\u05d9\u05d4\u05dd","publisher":{"@id":"https:\/\/eyalcohen.com\/#\/schema\/person\/2cf6581996d002a62e66ee8d3a64b863"},"potentialAction":[{"@type":"SearchAction","target":{"@type":"EntryPoint","urlTemplate":"https:\/\/eyalcohen.com\/?s={search_term_string}"},"query-input":{"@type":"PropertyValueSpecification","valueRequired":true,"valueName":"search_term_string"}}],"inLanguage":"es"},{"@type":["Person","Organization"],"@id":"https:\/\/eyalcohen.com\/#\/schema\/person\/2cf6581996d002a62e66ee8d3a64b863","name":"eyal cohen","image":{"@type":"ImageObject","inLanguage":"es","@id":"https:\/\/eyalcohen.com\/wp-content\/uploads\/2015\/12\/card_reiki.jpg","url":"https:\/\/eyalcohen.com\/wp-content\/uploads\/2015\/12\/card_reiki.jpg","contentUrl":"https:\/\/eyalcohen.com\/wp-content\/uploads\/2015\/12\/card_reiki.jpg","width":296,"height":532,"caption":"eyal cohen"},"logo":{"@id":"https:\/\/eyalcohen.com\/wp-content\/uploads\/2015\/12\/card_reiki.jpg"},"sameAs":["http:\/\/eyalcohen.com","https:\/\/www.facebook.com\/groups\/528354840531271","https:\/\/www.instagram.com\/eyalchn61\/"]}]}},"_links":{"self":[{"href":"https:\/\/eyalcohen.com\/es\/wp-json\/wp\/v2\/pages\/5133","targetHints":{"allow":["GET"]}}],"collection":[{"href":"https:\/\/eyalcohen.com\/es\/wp-json\/wp\/v2\/pages"}],"about":[{"href":"https:\/\/eyalcohen.com\/es\/wp-json\/wp\/v2\/types\/page"}],"author":[{"embeddable":true,"href":"https:\/\/eyalcohen.com\/es\/wp-json\/wp\/v2\/users\/2"}],"replies":[{"embeddable":true,"href":"https:\/\/eyalcohen.com\/es\/wp-json\/wp\/v2\/comments?post=5133"}],"version-history":[{"count":1,"href":"https:\/\/eyalcohen.com\/es\/wp-json\/wp\/v2\/pages\/5133\/revisions"}],"predecessor-version":[{"id":5134,"href":"https:\/\/eyalcohen.com\/es\/wp-json\/wp\/v2\/pages\/5133\/revisions\/5134"}],"wp:attachment":[{"href":"https:\/\/eyalcohen.com\/es\/wp-json\/wp\/v2\/media?parent=5133"}],"curies":[{"name":"wp","href":"https:\/\/api.w.org\/{rel}","templated":true}]}}