{"id":5131,"date":"2017-05-16T10:26:55","date_gmt":"2017-05-16T07:26:55","guid":{"rendered":"http:\/\/eyalcohen.com\/?page_id=5131"},"modified":"2017-07-07T19:25:31","modified_gmt":"2017-07-07T16:25:31","slug":"ronquera-cronica","status":"publish","type":"page","link":"https:\/\/eyalcohen.com\/es\/ronquera-cronica\/","title":{"rendered":"Ronquera cr\u00f3nica"},"content":{"rendered":"<p dir=\"ltr\" style=\"text-align: justify;\">Por: Eyal Cohen<\/p>\n<p dir=\"ltr\" style=\"text-align: justify;\">La ronquera de vez en cuando<\/p>\n<p dir=\"ltr\" style=\"text-align: justify;\">Si usted sufre de ronquera inexplicable, lo m\u00e1s probable es que sus cuerdas vocales sufren de flujo insuficiente de sangre temporal, debido a la sobrecarga o alg\u00fan tipo de trauma.<br \/>\nEn esta situaci\u00f3n, que es desagradable en s\u00ed mismo debido a la sensaci\u00f3n de dolor y disfunci\u00f3n, debido al flujo de sangre deteriorado, hace que la cuerda vocal susceptible a las enfermedades, tales como la inflamaci\u00f3n, edema, verrugas, y otras enfermedades que podr\u00edan afectar a su calidad de vida.<\/p>\n<p dir=\"ltr\" style=\"text-align: justify;\">En casos como \u00e9ste el bostezo es una panacea. \u00bfNo lo creo? Intentalo !!!<\/p>\n<p dir=\"ltr\" style=\"text-align: justify;\">M\u00e1s all\u00e1 del efecto en la respiraci\u00f3n, el bostezo es un mecanismo fundamental que es b\u00e1sicamente un tramo interno, el cual se expande la tr\u00e1quea y los vasos sangu\u00edneos, e inunda todo el cuerpo con energ\u00eda, mejorando el flujo sangu\u00edneo. Cuando se trata de las cuerdas vocales, bostezando mejora la circulaci\u00f3n sangu\u00ednea, alivia el estr\u00e9s y el dolor, y permite una mayor flexibilidad y un mejor funcionamiento del sistema.<\/p>\n<p dir=\"ltr\" style=\"text-align: justify;\">Si usted es &#8220;ronca&#8221; Trate de bostezar lo m\u00e1s que pueda. De bostezo bostezar se sentir\u00e1 que su situaci\u00f3n est\u00e1 mejorando &#8211; pero tiene que ser un profundo bostezo.<\/p>\n<p dir=\"ltr\" style=\"text-align: justify;\">Vivimos en una cultura que suprime el bostezo teniendo en cuenta que una expresi\u00f3n de aburrimiento o el desprecio, y es por eso que muchas personas han perdido la capacidad de bostezar. Recomiendo bostezo tanto como sea posible &#8211; y evitar la supresi\u00f3n de bostezos. Siempre bostezar antes de cualquier actividad desafiante y en cualquier situaci\u00f3n dif\u00edcil. No vas a creer lo mucho que afecta a todas las funciones del cuerpo.<\/p>\n<p dir=\"ltr\" style=\"text-align: justify;\">Junto con el bostezo &#8211; que necesita para reducir la carga en sus cuerdas vocales tanto como sea posible, para que puedan rehabilitar.<\/p>\n<p dir=\"ltr\" style=\"text-align: justify;\">ronquera cr\u00f3nica<\/p>\n<p dir=\"ltr\" style=\"text-align: justify;\">Hay un tipo de disfon\u00eda que se desarrolla despu\u00e9s de un uso prolongado de las cuerdas vocales, ya sea gritando o hablando en voz alta.<\/p>\n<p dir=\"ltr\" style=\"text-align: justify;\">Este comportamiento es seguido por la reducci\u00f3n de los vasos sangu\u00edneos en las cuerdas vocales que cambia el patr\u00f3n del flujo sangu\u00edneo.<\/p>\n<p dir=\"ltr\" style=\"text-align: justify;\">Una vez que nuestro subconsciente aprende a aceptar este patr\u00f3n como &#8220;normal&#8221;, la persona se siente en coche a utilizar las cuerdas vocales hasta el punto de que se lleven a cabo.<br \/>\nUna persona con este tipo de ronquera, en realidad se vuelve adicto a los cambios en el patr\u00f3n de flujo sangu\u00edneo, y como resultado, el subconsciente se esfuerza por devolver el mismo patr\u00f3n con el fin de sentirse c\u00f3modo.<br \/>\nEste tipo de personas son por lo general en voz alta o tener &#8220;una cuota diaria de las palabras&#8221; que tienen que hablar para volver al nivel de la ronquera (estr\u00e9s), que es el resultado deterioro del flujo sangu\u00edneo que su subconsciente percibe como algo normal.<\/p>\n<p dir=\"ltr\" style=\"text-align: justify;\">Es imposible recuperarse de este tipo de disfon\u00eda, siempre y cuando el paciente no es consciente de la causa y el proceso, y los cambios en el comportamiento necesario para lograr la recuperaci\u00f3n. Debido a la reducci\u00f3n del habla tanto como sea posible &#8211; o disminuir la presi\u00f3n sobre los chorrds vocales es como una guerra contra el instinto de la persona &#8211; y al igual que ir en una dieta &#8211; como se puede leer en la punta: &#8220;dieta &#8211; lo que lo hace tan dif\u00edcil&#8221;. Es necesario tener fuerza de voluntad y determinaci\u00f3n para hacer el cambio.<\/p>\n<p dir=\"ltr\" style=\"text-align: justify;\">ronquera fumar<\/p>\n<p dir=\"ltr\" style=\"text-align: justify;\">Antes de que tocamos este tema, wal que le diga una frase que explica todo el asunto:<br \/>\n&#8220;Cuando se piensa que fuma un cigarrillo, no se sabe muy fuma un cigarrillo, de hecho, el cigarrillo que fuma&#8221; &#8230;<\/p>\n<p dir=\"ltr\" style=\"text-align: justify;\">Sus cuerdas vocales son muy delicadas y son f\u00e1cilmente afectados por el humo, y esto hace que se vaya a trav\u00e9s de un proceso de &#8220;fumar&#8221;, como se utiliza en el mundo de la cocina, en fumadores se encuentran, pescado o queso.<br \/>\nLas personas que fuman durante muchos a\u00f1os tienen una voz humo debido a que sus cuerdas vocales se queman a trav\u00e9s de muchos a\u00f1os de fumar.<\/p>\n<p dir=\"ltr\" style=\"text-align: justify;\">Cuando se trata de los fumadores, ya que fumar seca la saliva en la garganta y crea moco pesado que es dif\u00edcil de limpiar, y que afecta el sistema respiratorio y el funcionamiento de las cuerdas vocales, tratar de limpiar la lengua y eliminar el moco de ella con el cepillo de dientes y usted debe sentirse c\u00f3mo la respiraci\u00f3n se pone mejor y el habla se ve facilitada.<\/p>\n<p dir=\"ltr\" style=\"text-align: justify;\">Si usted ya sufre de horasness a causa del tabaco, lo ven como una alerta de advertencia. Trate de dejar de fumar con el fin de permitir que las cuerdas vocales y la tr\u00e1quea para sanar. siempre y cuando el deseo de fumar es m\u00e1s fuerte que el deseo de sanar, el sufrimiento va a continuar.<br \/>\nS\u00f3lo un cambio de estilo de vida le ayudar\u00e1 a deshacerse del problema.<\/p>\n<p dir=\"ltr\" style=\"text-align: justify;\"><img fetchpriority=\"high\" decoding=\"async\" class=\"alignleft wp-image-41 size-medium\" src=\"http:\/\/eyalcohen.com\/es\/files\/2016\/07\/ENGLISH-BOOK-COVER-FRONT-207x300.jpg\" alt=\"ENGLISH BOOK COVER FRONT\" width=\"207\" height=\"300\" \/> <img decoding=\"async\" class=\"wp-image-43 size-medium alignnone\" src=\"http:\/\/eyalcohen.com\/es\/files\/2016\/07\/book2-207x300.jpg\" alt=\"book2\" width=\"207\" height=\"300\" \/><\/p>\n<p dir=\"ltr\" style=\"text-align: justify;\">\u00a9 derechos de autor Eyal Cohen<\/p>\n","protected":false},"excerpt":{"rendered":"<p>Por: Eyal Cohen La ronquera de vez en cuando Si usted sufre de ronquera inexplicable, lo m\u00e1s probable es que sus cuerdas vocales sufren de flujo insuficiente de sangre temporal, debido a la sobrecarga o alg\u00fan tipo de trauma. En esta situaci\u00f3n, que es desagradable en s\u00ed mismo debido a la sensaci\u00f3n de dolor y [&hellip;]<\/p>\n","protected":false},"author":2,"featured_media":0,"parent":0,"menu_order":0,"comment_status":"open","ping_status":"open","template":"","meta":{"_monsterinsights_skip_tracking":false,"_monsterinsights_sitenote_active":false,"_monsterinsights_sitenote_note":"","_monsterinsights_sitenote_category":0,"footnotes":""},"class_list":["post-5131","page","type-page","status-publish","hentry"],"yoast_head":"<!-- This site is optimized with the Yoast SEO plugin v27.4 - https:\/\/yoast.com\/product\/yoast-seo-wordpress\/ -->\n<title>Ronquera cr\u00f3nica - \u05d4\u05e2\u05d9\u05d3\u05df \u05d4\u05d7\u05d3\u05e9 \u05e9\u05dc \u05d0\u05d9\u05dc \u05db\u05d4\u05df<\/title>\n<meta name=\"robots\" content=\"index, follow, max-snippet:-1, max-image-preview:large, max-video-preview:-1\" \/>\n<link rel=\"canonical\" href=\"https:\/\/eyalcohen.com\/es\/ronquera-cronica\/\" \/>\n<meta property=\"og:locale\" content=\"es_ES\" \/>\n<meta property=\"og:type\" content=\"article\" \/>\n<meta property=\"og:title\" content=\"Ronquera cr\u00f3nica - \u05d4\u05e2\u05d9\u05d3\u05df \u05d4\u05d7\u05d3\u05e9 \u05e9\u05dc \u05d0\u05d9\u05dc \u05db\u05d4\u05df\" \/>\n<meta property=\"og:description\" content=\"Por: Eyal Cohen La ronquera de vez en cuando Si usted sufre de ronquera inexplicable, lo m\u00e1s probable es que sus cuerdas vocales sufren de flujo insuficiente de sangre temporal, debido a la sobrecarga o alg\u00fan tipo de trauma. En esta situaci\u00f3n, que es desagradable en s\u00ed mismo debido a la sensaci\u00f3n de dolor y [&hellip;]\" \/>\n<meta property=\"og:url\" content=\"https:\/\/eyalcohen.com\/es\/ronquera-cronica\/\" \/>\n<meta property=\"og:site_name\" content=\"\u05d4\u05e2\u05d9\u05d3\u05df \u05d4\u05d7\u05d3\u05e9 \u05e9\u05dc \u05d0\u05d9\u05dc \u05db\u05d4\u05df\" \/>\n<meta property=\"article:publisher\" content=\"https:\/\/www.facebook.com\/groups\/528354840531271\" \/>\n<meta property=\"article:modified_time\" content=\"2017-07-07T16:25:31+00:00\" \/>\n<meta property=\"og:image\" content=\"http:\/\/eyalcohen.com\/es\/files\/2016\/07\/ENGLISH-BOOK-COVER-FRONT-207x300.jpg\" \/>\n<meta name=\"twitter:card\" content=\"summary_large_image\" \/>\n<meta name=\"twitter:label1\" content=\"Tiempo de lectura\" \/>\n\t<meta name=\"twitter:data1\" content=\"4 minutos\" \/>\n<script type=\"application\/ld+json\" class=\"yoast-schema-graph\">{\"@context\":\"https:\\\/\\\/schema.org\",\"@graph\":[{\"@type\":\"WebPage\",\"@id\":\"https:\\\/\\\/eyalcohen.com\\\/es\\\/ronquera-cronica\\\/\",\"url\":\"https:\\\/\\\/eyalcohen.com\\\/es\\\/ronquera-cronica\\\/\",\"name\":\"Ronquera cr\u00f3nica - \u05d4\u05e2\u05d9\u05d3\u05df \u05d4\u05d7\u05d3\u05e9 \u05e9\u05dc \u05d0\u05d9\u05dc \u05db\u05d4\u05df\",\"isPartOf\":{\"@id\":\"https:\\\/\\\/eyalcohen.com\\\/#website\"},\"primaryImageOfPage\":{\"@id\":\"https:\\\/\\\/eyalcohen.com\\\/es\\\/ronquera-cronica\\\/#primaryimage\"},\"image\":{\"@id\":\"https:\\\/\\\/eyalcohen.com\\\/es\\\/ronquera-cronica\\\/#primaryimage\"},\"thumbnailUrl\":\"http:\\\/\\\/eyalcohen.com\\\/es\\\/files\\\/2016\\\/07\\\/ENGLISH-BOOK-COVER-FRONT-207x300.jpg\",\"datePublished\":\"2017-05-16T07:26:55+00:00\",\"dateModified\":\"2017-07-07T16:25:31+00:00\",\"breadcrumb\":{\"@id\":\"https:\\\/\\\/eyalcohen.com\\\/es\\\/ronquera-cronica\\\/#breadcrumb\"},\"inLanguage\":\"es\",\"potentialAction\":[{\"@type\":\"ReadAction\",\"target\":[\"https:\\\/\\\/eyalcohen.com\\\/es\\\/ronquera-cronica\\\/\"]}]},{\"@type\":\"ImageObject\",\"inLanguage\":\"es\",\"@id\":\"https:\\\/\\\/eyalcohen.com\\\/es\\\/ronquera-cronica\\\/#primaryimage\",\"url\":\"http:\\\/\\\/eyalcohen.com\\\/es\\\/files\\\/2016\\\/07\\\/ENGLISH-BOOK-COVER-FRONT-207x300.jpg\",\"contentUrl\":\"http:\\\/\\\/eyalcohen.com\\\/es\\\/files\\\/2016\\\/07\\\/ENGLISH-BOOK-COVER-FRONT-207x300.jpg\"},{\"@type\":\"BreadcrumbList\",\"@id\":\"https:\\\/\\\/eyalcohen.com\\\/es\\\/ronquera-cronica\\\/#breadcrumb\",\"itemListElement\":[{\"@type\":\"ListItem\",\"position\":1,\"name\":\"\u05d3\u05e3 \u05d4\u05d1\u05d9\u05ea\",\"item\":\"https:\\\/\\\/eyalcohen.com\\\/es\\\/\"},{\"@type\":\"ListItem\",\"position\":2,\"name\":\"Ronquera cr\u00f3nica\"}]},{\"@type\":\"WebSite\",\"@id\":\"https:\\\/\\\/eyalcohen.com\\\/#website\",\"url\":\"https:\\\/\\\/eyalcohen.com\\\/\",\"name\":\"\u05d4\u05e2\u05d9\u05d3\u05df \u05d4\u05d7\u05d3\u05e9 \u05e9\u05dc \u05d0\u05d9\u05dc \u05db\u05d4\u05df\",\"description\":\"\u05d1\u05e8\u05d9\u05d0\u05d5\u05ea \u05d8\u05d1\u05e2\u05d9\u05ea, \u05de\u05d5\u05d6\u05d9\u05e7\u05d4 \u05dc\u05d0\u05d9\u05e8\u05d5\u05e2\u05d9\u05dd \u05d5\u05de\u05d4 \u05e9\u05d1\u05d9\u05e0\u05d9\u05d4\u05dd\",\"publisher\":{\"@id\":\"https:\\\/\\\/eyalcohen.com\\\/#\\\/schema\\\/person\\\/2cf6581996d002a62e66ee8d3a64b863\"},\"potentialAction\":[{\"@type\":\"SearchAction\",\"target\":{\"@type\":\"EntryPoint\",\"urlTemplate\":\"https:\\\/\\\/eyalcohen.com\\\/?s={search_term_string}\"},\"query-input\":{\"@type\":\"PropertyValueSpecification\",\"valueRequired\":true,\"valueName\":\"search_term_string\"}}],\"inLanguage\":\"es\"},{\"@type\":[\"Person\",\"Organization\"],\"@id\":\"https:\\\/\\\/eyalcohen.com\\\/#\\\/schema\\\/person\\\/2cf6581996d002a62e66ee8d3a64b863\",\"name\":\"eyal cohen\",\"image\":{\"@type\":\"ImageObject\",\"inLanguage\":\"es\",\"@id\":\"https:\\\/\\\/eyalcohen.com\\\/wp-content\\\/uploads\\\/2015\\\/12\\\/card_reiki.jpg\",\"url\":\"https:\\\/\\\/eyalcohen.com\\\/wp-content\\\/uploads\\\/2015\\\/12\\\/card_reiki.jpg\",\"contentUrl\":\"https:\\\/\\\/eyalcohen.com\\\/wp-content\\\/uploads\\\/2015\\\/12\\\/card_reiki.jpg\",\"width\":296,\"height\":532,\"caption\":\"eyal cohen\"},\"logo\":{\"@id\":\"https:\\\/\\\/eyalcohen.com\\\/wp-content\\\/uploads\\\/2015\\\/12\\\/card_reiki.jpg\"},\"sameAs\":[\"http:\\\/\\\/eyalcohen.com\",\"https:\\\/\\\/www.facebook.com\\\/groups\\\/528354840531271\",\"https:\\\/\\\/www.instagram.com\\\/eyalchn61\\\/\"]}]}<\/script>\n<!-- \/ Yoast SEO plugin. -->","yoast_head_json":{"title":"Ronquera cr\u00f3nica - \u05d4\u05e2\u05d9\u05d3\u05df \u05d4\u05d7\u05d3\u05e9 \u05e9\u05dc \u05d0\u05d9\u05dc \u05db\u05d4\u05df","robots":{"index":"index","follow":"follow","max-snippet":"max-snippet:-1","max-image-preview":"max-image-preview:large","max-video-preview":"max-video-preview:-1"},"canonical":"https:\/\/eyalcohen.com\/es\/ronquera-cronica\/","og_locale":"es_ES","og_type":"article","og_title":"Ronquera cr\u00f3nica - \u05d4\u05e2\u05d9\u05d3\u05df \u05d4\u05d7\u05d3\u05e9 \u05e9\u05dc \u05d0\u05d9\u05dc \u05db\u05d4\u05df","og_description":"Por: Eyal Cohen La ronquera de vez en cuando Si usted sufre de ronquera inexplicable, lo m\u00e1s probable es que sus cuerdas vocales sufren de flujo insuficiente de sangre temporal, debido a la sobrecarga o alg\u00fan tipo de trauma. En esta situaci\u00f3n, que es desagradable en s\u00ed mismo debido a la sensaci\u00f3n de dolor y [&hellip;]","og_url":"https:\/\/eyalcohen.com\/es\/ronquera-cronica\/","og_site_name":"\u05d4\u05e2\u05d9\u05d3\u05df \u05d4\u05d7\u05d3\u05e9 \u05e9\u05dc \u05d0\u05d9\u05dc \u05db\u05d4\u05df","article_publisher":"https:\/\/www.facebook.com\/groups\/528354840531271","article_modified_time":"2017-07-07T16:25:31+00:00","og_image":[{"url":"http:\/\/eyalcohen.com\/es\/files\/2016\/07\/ENGLISH-BOOK-COVER-FRONT-207x300.jpg","type":"","width":"","height":""}],"twitter_card":"summary_large_image","twitter_misc":{"Tiempo de lectura":"4 minutos"},"schema":{"@context":"https:\/\/schema.org","@graph":[{"@type":"WebPage","@id":"https:\/\/eyalcohen.com\/es\/ronquera-cronica\/","url":"https:\/\/eyalcohen.com\/es\/ronquera-cronica\/","name":"Ronquera cr\u00f3nica - \u05d4\u05e2\u05d9\u05d3\u05df \u05d4\u05d7\u05d3\u05e9 \u05e9\u05dc \u05d0\u05d9\u05dc \u05db\u05d4\u05df","isPartOf":{"@id":"https:\/\/eyalcohen.com\/#website"},"primaryImageOfPage":{"@id":"https:\/\/eyalcohen.com\/es\/ronquera-cronica\/#primaryimage"},"image":{"@id":"https:\/\/eyalcohen.com\/es\/ronquera-cronica\/#primaryimage"},"thumbnailUrl":"http:\/\/eyalcohen.com\/es\/files\/2016\/07\/ENGLISH-BOOK-COVER-FRONT-207x300.jpg","datePublished":"2017-05-16T07:26:55+00:00","dateModified":"2017-07-07T16:25:31+00:00","breadcrumb":{"@id":"https:\/\/eyalcohen.com\/es\/ronquera-cronica\/#breadcrumb"},"inLanguage":"es","potentialAction":[{"@type":"ReadAction","target":["https:\/\/eyalcohen.com\/es\/ronquera-cronica\/"]}]},{"@type":"ImageObject","inLanguage":"es","@id":"https:\/\/eyalcohen.com\/es\/ronquera-cronica\/#primaryimage","url":"http:\/\/eyalcohen.com\/es\/files\/2016\/07\/ENGLISH-BOOK-COVER-FRONT-207x300.jpg","contentUrl":"http:\/\/eyalcohen.com\/es\/files\/2016\/07\/ENGLISH-BOOK-COVER-FRONT-207x300.jpg"},{"@type":"BreadcrumbList","@id":"https:\/\/eyalcohen.com\/es\/ronquera-cronica\/#breadcrumb","itemListElement":[{"@type":"ListItem","position":1,"name":"\u05d3\u05e3 \u05d4\u05d1\u05d9\u05ea","item":"https:\/\/eyalcohen.com\/es\/"},{"@type":"ListItem","position":2,"name":"Ronquera cr\u00f3nica"}]},{"@type":"WebSite","@id":"https:\/\/eyalcohen.com\/#website","url":"https:\/\/eyalcohen.com\/","name":"\u05d4\u05e2\u05d9\u05d3\u05df \u05d4\u05d7\u05d3\u05e9 \u05e9\u05dc \u05d0\u05d9\u05dc \u05db\u05d4\u05df","description":"\u05d1\u05e8\u05d9\u05d0\u05d5\u05ea \u05d8\u05d1\u05e2\u05d9\u05ea, \u05de\u05d5\u05d6\u05d9\u05e7\u05d4 \u05dc\u05d0\u05d9\u05e8\u05d5\u05e2\u05d9\u05dd \u05d5\u05de\u05d4 \u05e9\u05d1\u05d9\u05e0\u05d9\u05d4\u05dd","publisher":{"@id":"https:\/\/eyalcohen.com\/#\/schema\/person\/2cf6581996d002a62e66ee8d3a64b863"},"potentialAction":[{"@type":"SearchAction","target":{"@type":"EntryPoint","urlTemplate":"https:\/\/eyalcohen.com\/?s={search_term_string}"},"query-input":{"@type":"PropertyValueSpecification","valueRequired":true,"valueName":"search_term_string"}}],"inLanguage":"es"},{"@type":["Person","Organization"],"@id":"https:\/\/eyalcohen.com\/#\/schema\/person\/2cf6581996d002a62e66ee8d3a64b863","name":"eyal cohen","image":{"@type":"ImageObject","inLanguage":"es","@id":"https:\/\/eyalcohen.com\/wp-content\/uploads\/2015\/12\/card_reiki.jpg","url":"https:\/\/eyalcohen.com\/wp-content\/uploads\/2015\/12\/card_reiki.jpg","contentUrl":"https:\/\/eyalcohen.com\/wp-content\/uploads\/2015\/12\/card_reiki.jpg","width":296,"height":532,"caption":"eyal cohen"},"logo":{"@id":"https:\/\/eyalcohen.com\/wp-content\/uploads\/2015\/12\/card_reiki.jpg"},"sameAs":["http:\/\/eyalcohen.com","https:\/\/www.facebook.com\/groups\/528354840531271","https:\/\/www.instagram.com\/eyalchn61\/"]}]}},"_links":{"self":[{"href":"https:\/\/eyalcohen.com\/es\/wp-json\/wp\/v2\/pages\/5131","targetHints":{"allow":["GET"]}}],"collection":[{"href":"https:\/\/eyalcohen.com\/es\/wp-json\/wp\/v2\/pages"}],"about":[{"href":"https:\/\/eyalcohen.com\/es\/wp-json\/wp\/v2\/types\/page"}],"author":[{"embeddable":true,"href":"https:\/\/eyalcohen.com\/es\/wp-json\/wp\/v2\/users\/2"}],"replies":[{"embeddable":true,"href":"https:\/\/eyalcohen.com\/es\/wp-json\/wp\/v2\/comments?post=5131"}],"version-history":[{"count":1,"href":"https:\/\/eyalcohen.com\/es\/wp-json\/wp\/v2\/pages\/5131\/revisions"}],"predecessor-version":[{"id":5132,"href":"https:\/\/eyalcohen.com\/es\/wp-json\/wp\/v2\/pages\/5131\/revisions\/5132"}],"wp:attachment":[{"href":"https:\/\/eyalcohen.com\/es\/wp-json\/wp\/v2\/media?parent=5131"}],"curies":[{"name":"wp","href":"https:\/\/api.w.org\/{rel}","templated":true}]}}