{"id":5129,"date":"2017-05-16T10:25:06","date_gmt":"2017-05-16T07:25:06","guid":{"rendered":"http:\/\/eyalcohen.com\/?page_id=5129"},"modified":"2017-07-07T19:25:20","modified_gmt":"2017-07-07T16:25:20","slug":"remedio-natural-para-la-artritis-reumatoide","status":"publish","type":"page","link":"https:\/\/eyalcohen.com\/es\/remedio-natural-para-la-artritis-reumatoide\/","title":{"rendered":"Remedio natural para la artritis reumatoide"},"content":{"rendered":"<p dir=\"ltr\" style=\"text-align: justify;\">Por: Eyal Cohen<\/p>\n<p dir=\"ltr\" style=\"text-align: justify;\"><strong>La verdad acerca de la artritis reumatoide<\/strong><\/p>\n<p dir=\"ltr\" style=\"text-align: justify;\">Antes de tratar este tema, me gustar\u00eda aclarar las algunas ideas con el fin de evitar malos entendidos.<\/p>\n<p dir=\"ltr\" style=\"text-align: justify;\">En muchos casos, cuando las personas sufren de articulaciones o dolor muscular, el m\u00e9dico se refiere a ella como la inflamaci\u00f3n.<br \/>\nSin embargo, hay muchos factores que insiden en \u00a0el \u00a0dolor articular ,como \u00a0por ejemplo, el \u00a0resultado de \u00a0edemas, la erosi\u00f3n del cart\u00edlago, la insuficiencia \u00a0de hirrigaci\u00f3n sangu\u00ednea en ciertos tejidos que se traduce en un trauma, un ejemplo ser\u00eda \u00a0en los casos de &#8220;hombro congelado&#8221; o &#8220;codo de tenista&#8221;.<\/p>\n<p dir=\"ltr\" style=\"text-align: justify;\">De hecho, la falta de flujo sangu\u00edneo por lo general se debe a que los m\u00fasculos trabajan \u00a0duro sin previo \u00a0calentamiento adecuado \u00a0o debido a movimientos repetidos \u00a0 o incluso, el \u00a0permanecer durante mucho tiempo en la misma posici\u00f3n, lo que provoca un traumatismo en ciertos tejidos.<\/p>\n<p dir=\"ltr\" style=\"text-align: justify;\">La diferencia es que en estos casos no hay bacterias implicadas, y por lo tanto, no ver\u00e1 la hinchaz\u00f3n y el color rojo \/ p\u00farpura que se ve en la inflamaci\u00f3n, y en estos casos, los antibi\u00f3ticos no ayudan pero si \u00a0s\u00f3lo causa da\u00f1os.<\/p>\n<p dir=\"ltr\" style=\"text-align: justify;\">Cuando se trata de artritis, es una infecci\u00f3n que tiene signos evidentes de inflamaci\u00f3n, de color viol\u00e1ceo, secreci\u00f3n purulenta y dolor insostenible en el tiempo.<\/p>\n<p dir=\"ltr\" style=\"text-align: justify;\">Hay 20.000 muertes al a\u00f1o s\u00f3lo en Estados Unidos, a partir de los efectos secundarios de la medicaci\u00f3n para el tratamiento de la artritis reumatoide, y los enfermos tienen que vivir con \u00a0la medicaci\u00f3n permanente y \u00a0ladependencia de la misma, para no sufrir dolor y sentir menor grado de incapasidad y falta \u00a0de movilidad \u00a0 a lo largo de sus vidas.<\/p>\n<p dir=\"ltr\" style=\"text-align: justify;\">Ahora, &#8220;descubrir la impactante verdad&#8221;, que todo este dolor, sufrimiento y muerte, en algunos casos podr\u00eda evitarse si la gente \u00a0estuviese \u00a0al tanto que \u00a0la causa de la artritis reumatoide ,es el uso frecuente de agua caliente.<\/p>\n<p dir=\"ltr\" style=\"text-align: justify;\">El agua es el mayor acumulador de calor en la naturaleza, y por lo tanto, tenemos que darle el respeto apropriado.<\/p>\n<p dir=\"ltr\" style=\"text-align: justify;\">Utilizamos agua caliente para muchos prop\u00f3sitos y de muchas maneras, como en la ducha, ba\u00f1o, lavar los platos, lavarse las manos, lavar los pisos, etc.<\/p>\n<p dir=\"ltr\" style=\"text-align: justify;\">Cada vez que nuestro cuerpo entra en contacto con agua caliente, se absorbe una enorme cantidad de energ\u00eda calor\u00edfica , lo que hace que los vasos sangu\u00edneos los que son \u00a0microsc\u00f3picos estallen. \u00a0 Se puede ver esas hemorragias en el color de su piel que se vuelve rojo despu\u00e9s de una ducha de agua caliente.<\/p>\n<p dir=\"ltr\" style=\"text-align: justify;\">El da\u00f1o a los vasos sangu\u00edneos puede parecer insignificante ya que \u00a0las hemorragias internas, \u00a0est\u00e1n en escala microsc\u00f3pica y no son visibles de forma expl\u00edcita, \u00a0 pero sobre una base diaria sin tregua,los tejidos m\u00e1s profundos , \u00a0se ven afectados acumulando el da\u00f1o en el tiempo<\/p>\n<p dir=\"ltr\" style=\"text-align: justify;\">\u00a0 El flujo de sangre interrumpido, evita que el mecanismo inmunol\u00f3gico llegue a los tejidos afectados, \u00a0por lo que da paso a \u00a0que las bacterias se reproduzcan sin control, secretan \u00e1cidos que consumen los tejidos, y causan inflamaci\u00f3n de las articulaciones (reumatismo).<\/p>\n<p dir=\"ltr\" style=\"text-align: justify;\">La raz\u00f3n de que la artritis reumatoide afecta mayormente \u00a0las articulaciones, es que a diferencia de los m\u00fasculos o tejidos grasos, las \u00a0articulaciones contienen tejidos dalicados como el cart\u00edlago y otros, que son m\u00e1s sensibles a la energ\u00eda de calor.<\/p>\n<p dir=\"ltr\" style=\"text-align: justify;\">A medida que avanzamos en a\u00f1os, la enfermedad se desarrolla m\u00e1s r\u00e1pido, porque nuestra capacidad para rehabilitar disminuye, y el da\u00f1o que el agua caliente genera en \u00a0que los vasos sangu\u00edneos, se vuelve m\u00e1s extremo.<\/p>\n<p dir=\"ltr\" style=\"text-align: justify;\">Palmas de las manos y articulaciones de los dedos por lo general sufren m\u00e1s, y muchas personas mayores sufren de una deformaci\u00f3n de las manos, ya que los tejidos \u00a0han estado expustos \u00a0en exceso \u00a0en agua caliente. En casos extremos, la inflamaci\u00f3n puede causar necrosis, lo que requiere la amputaci\u00f3n.<\/p>\n<p dir=\"ltr\" style=\"text-align: justify;\">Si usted sufre de inflamaci\u00f3n de las articulaciones, simplemente permita \u00a0que su cuerpo se recupere, y vea el milagro de la recuperaci\u00f3n de una \u00a0forma m\u00e1s barata, eficiente y amigable. Comience por evitar el uso de agua caliente tanto como sea posible, y pronto se dar\u00e1 cuenta de la diferencia.<\/p>\n<p dir=\"ltr\" style=\"text-align: justify;\">Si necesita tomar un ba\u00f1o caliente,\u00a0acortar el tiempo, \u00a0tanto como sea posible.<br \/>\nRecuerde, si usted toma una ducha de cinco minutos o un cuarto de hora, \u00a0&#8220;va a salir igual de limpio&#8221;, pero cuanto menos \u00a0hierve \u00a0su piel, m\u00e1s posibilidades tendr\u00e1 su \u00a0cuerpo para \u00a0recuperarse, ( tambi\u00e9n se ahorrar\u00e1 agua y energ\u00eda).<br \/>\nEvite \u00a0llegar a la temperatura del umbral del dolor y trate de utilizar la temperatura m\u00e1s baja posible que usted puede, mientras se siente c\u00f3modo.<\/p>\n<p dir=\"ltr\" style=\"text-align: justify;\">La medicina convencional define La artritis reumatoide como &#8220;cr\u00f3nica&#8221; o enfermedad &#8220;autoinmune&#8221;, y no tiene manera de curar estas dolencias. Los diversos medicamentos para aliviar el dolor indescriptible que acompa\u00f1a a la enfermedad, por lo general ayudan s\u00f3lo a corto plazo, pero mientras que el medicamento se apaga, el mecanismo del dolor se acent\u00faa y persive , la enfermedad contin\u00faa penetrando \u00a0en las capas m\u00e1s profundas del tejido y har\u00e1n erupci\u00f3n en el futuro a escala unamucho mayor.<\/p>\n<p dir=\"ltr\" style=\"text-align: justify;\">No hay una soluci\u00f3n m\u00e9dica, y si usted no quiere ser parte de las estad\u00edsticas y evitar convertirse en otra v\u00edctima de la enfermedad y del sistema, usted tiene que cambiar sus h\u00e1bitos y forma de vida, a fin de permitir que el cuerpo sane.<\/p>\n<p dir=\"ltr\" style=\"text-align: justify;\">Tenemos que asumir la responsabilidad de nosotros mismos y adoptar un enfoque diferente a las causas de la enfermedad, con el fin de evitar el sufrimiento.<\/p>\n<p dir=\"ltr\" style=\"text-align: justify;\">Si desea una soluci\u00f3n real para el dolor y la disfunci\u00f3n, y obtener una rehabilitaci\u00f3n r\u00e1pida y limpia,puede recurrir de forma alternativa \u00a0 a teralias de \u00a0Reiki \u00a0por ejemplo.<br \/>\nUsted se sorprender\u00e1 por el resultado, y lo escribo a partir de una gran cantidad de experiencia personales en la cual he podido evidenciar \u00a0la curaci\u00f3n de tales s\u00edntomas con \u00e9xito realmente sorprendente.<\/p>\n<p dir=\"ltr\" style=\"text-align: justify;\">Uno de los m\u00e1s sorprendentes im\u00e1genes que muestra en colores exactamente lo que estoy hablando en el libro &#8220;Las cosas no van a saber de su m\u00e9dico&#8221;<\/p>\n<p>http:\/\/eyalcohen.com\/en\/the-natural-cure-to-the-common-gum-diseases\/<\/p>\n","protected":false},"excerpt":{"rendered":"<p>Por: Eyal Cohen La verdad acerca de la artritis reumatoide Antes de tratar este tema, me gustar\u00eda aclarar las algunas ideas con el fin de evitar malos entendidos. En muchos casos, cuando las personas sufren de articulaciones o dolor muscular, el m\u00e9dico se refiere a ella como la inflamaci\u00f3n. Sin embargo, hay muchos factores que [&hellip;]<\/p>\n","protected":false},"author":2,"featured_media":0,"parent":0,"menu_order":0,"comment_status":"open","ping_status":"open","template":"","meta":{"_monsterinsights_skip_tracking":false,"_monsterinsights_sitenote_active":false,"_monsterinsights_sitenote_note":"","_monsterinsights_sitenote_category":0,"footnotes":""},"class_list":["post-5129","page","type-page","status-publish","hentry"],"yoast_head":"<!-- This site is optimized with the Yoast SEO plugin v27.4 - https:\/\/yoast.com\/product\/yoast-seo-wordpress\/ -->\n<title>Remedio natural para la artritis reumatoide - \u05d4\u05e2\u05d9\u05d3\u05df \u05d4\u05d7\u05d3\u05e9 \u05e9\u05dc \u05d0\u05d9\u05dc \u05db\u05d4\u05df<\/title>\n<meta name=\"robots\" content=\"index, follow, max-snippet:-1, max-image-preview:large, max-video-preview:-1\" \/>\n<link rel=\"canonical\" href=\"https:\/\/eyalcohen.com\/es\/remedio-natural-para-la-artritis-reumatoide\/\" \/>\n<meta property=\"og:locale\" content=\"es_ES\" \/>\n<meta property=\"og:type\" content=\"article\" \/>\n<meta property=\"og:title\" content=\"Remedio natural para la artritis reumatoide - \u05d4\u05e2\u05d9\u05d3\u05df \u05d4\u05d7\u05d3\u05e9 \u05e9\u05dc \u05d0\u05d9\u05dc \u05db\u05d4\u05df\" \/>\n<meta property=\"og:description\" content=\"Por: Eyal Cohen La verdad acerca de la artritis reumatoide Antes de tratar este tema, me gustar\u00eda aclarar las algunas ideas con el fin de evitar malos entendidos. En muchos casos, cuando las personas sufren de articulaciones o dolor muscular, el m\u00e9dico se refiere a ella como la inflamaci\u00f3n. Sin embargo, hay muchos factores que [&hellip;]\" \/>\n<meta property=\"og:url\" content=\"https:\/\/eyalcohen.com\/es\/remedio-natural-para-la-artritis-reumatoide\/\" \/>\n<meta property=\"og:site_name\" content=\"\u05d4\u05e2\u05d9\u05d3\u05df \u05d4\u05d7\u05d3\u05e9 \u05e9\u05dc \u05d0\u05d9\u05dc \u05db\u05d4\u05df\" \/>\n<meta property=\"article:publisher\" content=\"https:\/\/www.facebook.com\/groups\/528354840531271\" \/>\n<meta property=\"article:modified_time\" content=\"2017-07-07T16:25:20+00:00\" \/>\n<meta name=\"twitter:card\" content=\"summary_large_image\" \/>\n<meta name=\"twitter:label1\" content=\"Tiempo de lectura\" \/>\n\t<meta name=\"twitter:data1\" content=\"5 minutos\" \/>\n<script type=\"application\/ld+json\" class=\"yoast-schema-graph\">{\"@context\":\"https:\\\/\\\/schema.org\",\"@graph\":[{\"@type\":\"WebPage\",\"@id\":\"https:\\\/\\\/eyalcohen.com\\\/es\\\/remedio-natural-para-la-artritis-reumatoide\\\/\",\"url\":\"https:\\\/\\\/eyalcohen.com\\\/es\\\/remedio-natural-para-la-artritis-reumatoide\\\/\",\"name\":\"Remedio natural para la artritis reumatoide - \u05d4\u05e2\u05d9\u05d3\u05df \u05d4\u05d7\u05d3\u05e9 \u05e9\u05dc \u05d0\u05d9\u05dc \u05db\u05d4\u05df\",\"isPartOf\":{\"@id\":\"https:\\\/\\\/eyalcohen.com\\\/#website\"},\"datePublished\":\"2017-05-16T07:25:06+00:00\",\"dateModified\":\"2017-07-07T16:25:20+00:00\",\"breadcrumb\":{\"@id\":\"https:\\\/\\\/eyalcohen.com\\\/es\\\/remedio-natural-para-la-artritis-reumatoide\\\/#breadcrumb\"},\"inLanguage\":\"es\",\"potentialAction\":[{\"@type\":\"ReadAction\",\"target\":[\"https:\\\/\\\/eyalcohen.com\\\/es\\\/remedio-natural-para-la-artritis-reumatoide\\\/\"]}]},{\"@type\":\"BreadcrumbList\",\"@id\":\"https:\\\/\\\/eyalcohen.com\\\/es\\\/remedio-natural-para-la-artritis-reumatoide\\\/#breadcrumb\",\"itemListElement\":[{\"@type\":\"ListItem\",\"position\":1,\"name\":\"\u05d3\u05e3 \u05d4\u05d1\u05d9\u05ea\",\"item\":\"https:\\\/\\\/eyalcohen.com\\\/es\\\/\"},{\"@type\":\"ListItem\",\"position\":2,\"name\":\"Remedio natural para la artritis reumatoide\"}]},{\"@type\":\"WebSite\",\"@id\":\"https:\\\/\\\/eyalcohen.com\\\/#website\",\"url\":\"https:\\\/\\\/eyalcohen.com\\\/\",\"name\":\"\u05d4\u05e2\u05d9\u05d3\u05df \u05d4\u05d7\u05d3\u05e9 \u05e9\u05dc \u05d0\u05d9\u05dc \u05db\u05d4\u05df\",\"description\":\"\u05d1\u05e8\u05d9\u05d0\u05d5\u05ea \u05d8\u05d1\u05e2\u05d9\u05ea, \u05de\u05d5\u05d6\u05d9\u05e7\u05d4 \u05dc\u05d0\u05d9\u05e8\u05d5\u05e2\u05d9\u05dd \u05d5\u05de\u05d4 \u05e9\u05d1\u05d9\u05e0\u05d9\u05d4\u05dd\",\"publisher\":{\"@id\":\"https:\\\/\\\/eyalcohen.com\\\/#\\\/schema\\\/person\\\/2cf6581996d002a62e66ee8d3a64b863\"},\"potentialAction\":[{\"@type\":\"SearchAction\",\"target\":{\"@type\":\"EntryPoint\",\"urlTemplate\":\"https:\\\/\\\/eyalcohen.com\\\/?s={search_term_string}\"},\"query-input\":{\"@type\":\"PropertyValueSpecification\",\"valueRequired\":true,\"valueName\":\"search_term_string\"}}],\"inLanguage\":\"es\"},{\"@type\":[\"Person\",\"Organization\"],\"@id\":\"https:\\\/\\\/eyalcohen.com\\\/#\\\/schema\\\/person\\\/2cf6581996d002a62e66ee8d3a64b863\",\"name\":\"eyal cohen\",\"image\":{\"@type\":\"ImageObject\",\"inLanguage\":\"es\",\"@id\":\"https:\\\/\\\/eyalcohen.com\\\/wp-content\\\/uploads\\\/2015\\\/12\\\/card_reiki.jpg\",\"url\":\"https:\\\/\\\/eyalcohen.com\\\/wp-content\\\/uploads\\\/2015\\\/12\\\/card_reiki.jpg\",\"contentUrl\":\"https:\\\/\\\/eyalcohen.com\\\/wp-content\\\/uploads\\\/2015\\\/12\\\/card_reiki.jpg\",\"width\":296,\"height\":532,\"caption\":\"eyal cohen\"},\"logo\":{\"@id\":\"https:\\\/\\\/eyalcohen.com\\\/wp-content\\\/uploads\\\/2015\\\/12\\\/card_reiki.jpg\"},\"sameAs\":[\"http:\\\/\\\/eyalcohen.com\",\"https:\\\/\\\/www.facebook.com\\\/groups\\\/528354840531271\",\"https:\\\/\\\/www.instagram.com\\\/eyalchn61\\\/\"]}]}<\/script>\n<!-- \/ Yoast SEO plugin. -->","yoast_head_json":{"title":"Remedio natural para la artritis reumatoide - \u05d4\u05e2\u05d9\u05d3\u05df \u05d4\u05d7\u05d3\u05e9 \u05e9\u05dc \u05d0\u05d9\u05dc \u05db\u05d4\u05df","robots":{"index":"index","follow":"follow","max-snippet":"max-snippet:-1","max-image-preview":"max-image-preview:large","max-video-preview":"max-video-preview:-1"},"canonical":"https:\/\/eyalcohen.com\/es\/remedio-natural-para-la-artritis-reumatoide\/","og_locale":"es_ES","og_type":"article","og_title":"Remedio natural para la artritis reumatoide - \u05d4\u05e2\u05d9\u05d3\u05df \u05d4\u05d7\u05d3\u05e9 \u05e9\u05dc \u05d0\u05d9\u05dc \u05db\u05d4\u05df","og_description":"Por: Eyal Cohen La verdad acerca de la artritis reumatoide Antes de tratar este tema, me gustar\u00eda aclarar las algunas ideas con el fin de evitar malos entendidos. En muchos casos, cuando las personas sufren de articulaciones o dolor muscular, el m\u00e9dico se refiere a ella como la inflamaci\u00f3n. Sin embargo, hay muchos factores que [&hellip;]","og_url":"https:\/\/eyalcohen.com\/es\/remedio-natural-para-la-artritis-reumatoide\/","og_site_name":"\u05d4\u05e2\u05d9\u05d3\u05df \u05d4\u05d7\u05d3\u05e9 \u05e9\u05dc \u05d0\u05d9\u05dc \u05db\u05d4\u05df","article_publisher":"https:\/\/www.facebook.com\/groups\/528354840531271","article_modified_time":"2017-07-07T16:25:20+00:00","twitter_card":"summary_large_image","twitter_misc":{"Tiempo de lectura":"5 minutos"},"schema":{"@context":"https:\/\/schema.org","@graph":[{"@type":"WebPage","@id":"https:\/\/eyalcohen.com\/es\/remedio-natural-para-la-artritis-reumatoide\/","url":"https:\/\/eyalcohen.com\/es\/remedio-natural-para-la-artritis-reumatoide\/","name":"Remedio natural para la artritis reumatoide - \u05d4\u05e2\u05d9\u05d3\u05df \u05d4\u05d7\u05d3\u05e9 \u05e9\u05dc \u05d0\u05d9\u05dc \u05db\u05d4\u05df","isPartOf":{"@id":"https:\/\/eyalcohen.com\/#website"},"datePublished":"2017-05-16T07:25:06+00:00","dateModified":"2017-07-07T16:25:20+00:00","breadcrumb":{"@id":"https:\/\/eyalcohen.com\/es\/remedio-natural-para-la-artritis-reumatoide\/#breadcrumb"},"inLanguage":"es","potentialAction":[{"@type":"ReadAction","target":["https:\/\/eyalcohen.com\/es\/remedio-natural-para-la-artritis-reumatoide\/"]}]},{"@type":"BreadcrumbList","@id":"https:\/\/eyalcohen.com\/es\/remedio-natural-para-la-artritis-reumatoide\/#breadcrumb","itemListElement":[{"@type":"ListItem","position":1,"name":"\u05d3\u05e3 \u05d4\u05d1\u05d9\u05ea","item":"https:\/\/eyalcohen.com\/es\/"},{"@type":"ListItem","position":2,"name":"Remedio natural para la artritis reumatoide"}]},{"@type":"WebSite","@id":"https:\/\/eyalcohen.com\/#website","url":"https:\/\/eyalcohen.com\/","name":"\u05d4\u05e2\u05d9\u05d3\u05df \u05d4\u05d7\u05d3\u05e9 \u05e9\u05dc \u05d0\u05d9\u05dc \u05db\u05d4\u05df","description":"\u05d1\u05e8\u05d9\u05d0\u05d5\u05ea \u05d8\u05d1\u05e2\u05d9\u05ea, \u05de\u05d5\u05d6\u05d9\u05e7\u05d4 \u05dc\u05d0\u05d9\u05e8\u05d5\u05e2\u05d9\u05dd \u05d5\u05de\u05d4 \u05e9\u05d1\u05d9\u05e0\u05d9\u05d4\u05dd","publisher":{"@id":"https:\/\/eyalcohen.com\/#\/schema\/person\/2cf6581996d002a62e66ee8d3a64b863"},"potentialAction":[{"@type":"SearchAction","target":{"@type":"EntryPoint","urlTemplate":"https:\/\/eyalcohen.com\/?s={search_term_string}"},"query-input":{"@type":"PropertyValueSpecification","valueRequired":true,"valueName":"search_term_string"}}],"inLanguage":"es"},{"@type":["Person","Organization"],"@id":"https:\/\/eyalcohen.com\/#\/schema\/person\/2cf6581996d002a62e66ee8d3a64b863","name":"eyal cohen","image":{"@type":"ImageObject","inLanguage":"es","@id":"https:\/\/eyalcohen.com\/wp-content\/uploads\/2015\/12\/card_reiki.jpg","url":"https:\/\/eyalcohen.com\/wp-content\/uploads\/2015\/12\/card_reiki.jpg","contentUrl":"https:\/\/eyalcohen.com\/wp-content\/uploads\/2015\/12\/card_reiki.jpg","width":296,"height":532,"caption":"eyal cohen"},"logo":{"@id":"https:\/\/eyalcohen.com\/wp-content\/uploads\/2015\/12\/card_reiki.jpg"},"sameAs":["http:\/\/eyalcohen.com","https:\/\/www.facebook.com\/groups\/528354840531271","https:\/\/www.instagram.com\/eyalchn61\/"]}]}},"_links":{"self":[{"href":"https:\/\/eyalcohen.com\/es\/wp-json\/wp\/v2\/pages\/5129","targetHints":{"allow":["GET"]}}],"collection":[{"href":"https:\/\/eyalcohen.com\/es\/wp-json\/wp\/v2\/pages"}],"about":[{"href":"https:\/\/eyalcohen.com\/es\/wp-json\/wp\/v2\/types\/page"}],"author":[{"embeddable":true,"href":"https:\/\/eyalcohen.com\/es\/wp-json\/wp\/v2\/users\/2"}],"replies":[{"embeddable":true,"href":"https:\/\/eyalcohen.com\/es\/wp-json\/wp\/v2\/comments?post=5129"}],"version-history":[{"count":1,"href":"https:\/\/eyalcohen.com\/es\/wp-json\/wp\/v2\/pages\/5129\/revisions"}],"predecessor-version":[{"id":5130,"href":"https:\/\/eyalcohen.com\/es\/wp-json\/wp\/v2\/pages\/5129\/revisions\/5130"}],"wp:attachment":[{"href":"https:\/\/eyalcohen.com\/es\/wp-json\/wp\/v2\/media?parent=5129"}],"curies":[{"name":"wp","href":"https:\/\/api.w.org\/{rel}","templated":true}]}}