{"id":5127,"date":"2017-05-16T10:24:04","date_gmt":"2017-05-16T07:24:04","guid":{"rendered":"http:\/\/eyalcohen.com\/?page_id=5127"},"modified":"2017-07-07T19:25:10","modified_gmt":"2017-07-07T16:25:10","slug":"cura-natural-para-la-diabetes","status":"publish","type":"page","link":"https:\/\/eyalcohen.com\/es\/cura-natural-para-la-diabetes\/","title":{"rendered":"Cura natural para la diabetes"},"content":{"rendered":"<p dir=\"ltr\">Por Eyal Cohen<\/p>\n<p dir=\"ltr\">Diabetes se considera que es un trastorno metab\u00f3lico que se asocia &#8211; injustamente, con el consumo de az\u00facar.<\/p>\n<p dir=\"ltr\">La triste verdad con respecto a la diabetes, al igual que muchas otras enfermedades, no hay conexi\u00f3n entre el cient\u00edfico y la percepci\u00f3n y la realidad m\u00e9dica, y siempre y cuando usted no est\u00e1 enferma, no hay l\u00edmite en la cantidad de az\u00facar que puede tener &#8211; por supuesto , sin exageraci\u00f3n. En cualquier caso, no hay necesidad para la histeria, que puede en s\u00ed mismo causar diabetes.<\/p>\n<p dir=\"ltr\">\u00a0El exceso de az\u00facar no es saludable ya que har\u00e1 que los dientes se pudren, hacer que la grasa y estimular la sangre y los par\u00e1sitos intestinales, y al igual que cualquier otra cosa, no se recomienda el consumo excesivo, pero como pronto entender, no existe relaci\u00f3n alguna entre el consumo de az\u00facar y conseguir diab\u00e9tica.<\/p>\n<p dir=\"ltr\">Lo que podr\u00eda inducir a error es el hecho de que si ya tiene diabetes, debe mantener estrictamente el equilibrio de az\u00facar en la sangre, la insulina utilizar siempre que sea az\u00facar en la sangre est\u00e1 aumentando &#8211; y siempre ser\u00e1 abastecido con alimentos si el az\u00facar es la descripci\u00f3n.<\/p>\n<p dir=\"ltr\">La verdad es que la diabetes es una enfermedad de la energ\u00eda, y por lo tanto, para entender por qu\u00e9 y c\u00f3mo se desarrolla, y el aumento constante en su apariencia, es importante comprender los diferentes sistemas en el cuerpo en el aspecto energ\u00e9tico. La informaci\u00f3n detallada sobre la carrocer\u00eda dimensi\u00f3n energ\u00e9tica puede encontrar un libro que escrib\u00ed &#8220;(j) Los secretos de la creaci\u00f3n &#8211; el equilibrio energ\u00e9tico del cuerpo y de la vida&#8221;, pero aqu\u00ed vamos a discutir espec\u00edficamente el funcionamiento del p\u00e1ncreas en el sistema energ\u00e9tico del cuerpo, para explicar la diabetes.<\/p>\n<p dir=\"ltr\">La diabetes se desarrolla debido a la insuficiencia del p\u00e1ncreas.<\/p>\n<p dir=\"ltr\">El p\u00e1ncreas es una gl\u00e1ndula que secreta en el torrente sangu\u00edneo una hormona llamada insulina, que es esencial para el az\u00facar de los alimentos para penetrar en las c\u00e9lulas, donde hacen el trabajo y producen energ\u00eda.<br \/>\nSin insulina, la glucosa no puede entrar en las c\u00e9lulas y se acumula en la sangre, y el cuerpo no puede producir energ\u00eda, que puede ser expresado en muchos s\u00edntomas diferentes de la enfermedad e incluso conducir a la muerte.<\/p>\n<p dir=\"ltr\">Hay dos razones principales para el fracaso p\u00e1ncreas, ninguno de los cuales tiene nada que ver con el consumo de az\u00facar.<\/p>\n<p dir=\"ltr\">Una de ellas es la pancreatitis (infecci\u00f3n del p\u00e1ncreas) que consume parte del p\u00e1ncreas y reduce su capacidad para producir la insulina. Esta erupci\u00f3n normalmente despu\u00e9s de que la persona obtiene una fiebre de origen desconocido, debido a que los m\u00e9dicos no pueden diagnosticar la infecci\u00f3n en el p\u00e1ncreas.<\/p>\n<p dir=\"ltr\">El segundo tipo de diabetes, que es la com\u00fan, se desarrolla debido a causas energ\u00e9ticos, que en nuestra cultura no son pol\u00edticamente correcto, y haciendo caso omiso de la ciencia y la medicina de forma sistem\u00e1tica. Con el fin de entender por qu\u00e9 y c\u00f3mo se desarrolla &#8211; y tener m\u00e1s control sobre \u00e9l, tenemos que entender c\u00f3mo, y lo que hace que el trabajo del p\u00e1ncreas.<\/p>\n<p dir=\"ltr\">El p\u00e1ncreas responde a diferentes situaciones en las que el cuerpo necesita diferentes niveles de energ\u00eda, mediante la regulaci\u00f3n de la cantidad de insulina que segrega. En condiciones de estr\u00e9s que necesita para secretar m\u00e1s insulina, y en tiempos m\u00e1s tranquilos que pueda descansar y recuperarse.<\/p>\n<p dir=\"ltr\">Cuanto m\u00e1s energ\u00eda que necesitamos para el fin de responder a ciertas situaciones, el p\u00e1ncreas tiene que trabajar m\u00e1s para producir m\u00e1s insulina, con el fin de permitir que las c\u00e9lulas producen la energ\u00eda.<\/p>\n<p dir=\"ltr\">El p\u00e1ncreas, como cualquier otro \u00f3rgano del cuerpo, m\u00e1s se est\u00e1 activo, los vasos sangu\u00edneos de que se contraigan, hasta que no pueden entregar la sangre que se necesita para el prop\u00f3sito de la funci\u00f3n, y as\u00ed, m\u00e1s dif\u00edcil se trabaja, menos sangre se pone.<\/p>\n<p dir=\"ltr\">En la realidad en que vivimos hoy en d\u00eda, muchas situaciones que nos pone bajo tensi\u00f3n. Algunos son temporales y algunos son constantes, pero en nuestra sociedad capitalista competitiva salvaje de la ley y el orden, por muchas razones diferentes que no podemos responder.<\/p>\n<p dir=\"ltr\">Sentimientos como el estr\u00e9s, la ira, la ira, los celos, el abuso, el sentido de la privaci\u00f3n, la humillaci\u00f3n, el fracaso &#8211; y muchos otros, cree en nosotros el impulso de responder (La venganza = balance energ\u00e9tico). Parte del impulso es en realidad el resultado de la p\u00e1ncreas trabaja m\u00e1s duro para producir insulina con el fin de crear la energ\u00eda para responder con, pero en los casos en que la presi\u00f3n es constante, nuestro p\u00e1ncreas trabaja duro con el tiempo.<\/p>\n<p dir=\"ltr\">El factor moral:<\/p>\n<p dir=\"ltr\">Vivimos en una sociedad de derecho y el orden que r\u00e1pidamente se ha convertido en salvaje. Las nuevas leyes est\u00e1n siendo legisladas mientras que las leyes antiguas no se cancelan, y la consecuencia es un mont\u00f3n de leyes que es cada vez m\u00e1s densa, y cada movimiento que hace un hombre puede ser interpretado como un crimen, y ser usado en su contra, que se haga cargo dinero o para privarlo de su libertad. El dinero es energ\u00eda. Necesitamos dinero para el metabolismo que nuestro cuerpo para producir energ\u00eda.<\/p>\n<p dir=\"ltr\">Gran parte de este estr\u00e9s es causado por la falta de moral en los sistemas modernos de la sociedad y del gobierno que utilizan las personas immoraly, que a su vez la ley en un dinero m\u00e1quina de orde\u00f1o, al abusar del sistema legal, mientras que causan malestar energ\u00e9tico.<\/p>\n<p dir=\"ltr\">En la mayor\u00eda de los casos, la enfermedad se arrastra para arriba y se desarrolla gradualmente y sin s\u00edntomas evidentes durante a\u00f1os, como resultado de estr\u00e9s continuo que empeora gradualmente la situaci\u00f3n p\u00e1ncreas, hasta que el flujo de sangre en el p\u00e1ncreas se vuelve insuficiente. Como resultado, la cantidad y la calidad de la insulina que puede producir la disminuci\u00f3n, y la persona se diagnostica como diab\u00e9tico. en el mundo competitivo en el que vivimos estamos bajo estr\u00e9s continuo por muchas razones diferentes. Incluyendo la obtenci\u00f3n de buenas notas como los ni\u00f1os, costo de la vida, la atm\u00f3sfera, los atascos de tr\u00e1fico, los riesgos de seguridad, las presiones de trabajo, presiones familiares, etc.<\/p>\n<p dir=\"ltr\">Adem\u00e1s de tensi\u00f3n normal, de vez en cuando experimentamos per\u00edodos de estr\u00e9s extremo que se eleva la destrucci\u00f3n del p\u00e1ncreas.<\/p>\n<p dir=\"ltr\">En casos m\u00e1s raros, la diabetes puede ser desarrollar r\u00e1pidamente debido a situaciones de extrema ira. Esto es cuando sentimos dolor de est\u00f3mago, que resultan de la contracci\u00f3n de los vasos sangu\u00edneos en el p\u00e1ncreas que causan insuficiencia pancre\u00e1tica.<\/p>\n<p dir=\"ltr\">Quiero darle un ejemplo de factores de estr\u00e9s relacionados con la poblaci\u00f3n en general, que no podemos considerar, pero tienen un grave impacto de nuestra salud como individuos y como sociedad:<\/p>\n<p dir=\"ltr\">Un municipio ejerce una presi\u00f3n creciente sobre los residentes mediante la reducci\u00f3n de plazas de aparcamiento legales y dando multas de aparcamiento pesados que los conductores, que se ven obligados a aparcar en zonas prohibidas se ven obligados a pagar. En algunos casos los conductores descubren que su veh\u00edculo ha sido retirado por la gr\u00faa y se ven obligados a tomar un taxi y pagar por ello, adem\u00e1s de las enormes cantidades de remolque y de la multa.<\/p>\n<p dir=\"ltr\">Seguramente usted quiere romper algo en esta situaci\u00f3n.<\/p>\n<p dir=\"ltr\">Del mismo modo, la limitaci\u00f3n de la velocidad de conducci\u00f3n en carreteras abiertas en el orden justo para extorsionar dinero tanto como sea posible de los conductores cansados es un comportamiento inmoral que toda la sociedad paga alto precio por. A estos efectos, hay una enorme variedad de medios tecnol\u00f3gicos, tales como c\u00e1maras de alta velocidad, c\u00e1maras de la calle, los l\u00e1seres de diversos tipos e incluso zeplins de tomar im\u00e1genes del cielo y de enviar los billetes con multas a los conductores. Estas medidas constituyen una amenaza econ\u00f3mica y una molestia para el conductor que se destac\u00f3 durante la conducci\u00f3n. Muchas personas trabajan en la conducci\u00f3n de todo el d\u00eda, y para ellos, la tensi\u00f3n es constante y creciente. La polic\u00eda y los informes municipales causan un poco de estr\u00e9s y son responsables de muchos casos de diabetes y un sinn\u00famero de otras enfermedades que vamos a aprender a reconocer cuanto m\u00e1s entendemos el cuerpo desde el aspecto energ\u00e9tico.<\/p>\n<p dir=\"ltr\">Hay problemas morales dos cosas en la forma en que funciona este sistema. Una de ellas es la brutalidad: fina responsable no debe exceder del cinco por ciento del salario medio. Las multas que obligan a las personas a pagar m\u00e1s que este tipo de esclavitud son, Manhunt e incluso el canibalismo, pero en vez de comer la carne del hombre, las autoridades toma la energ\u00eda de ella.<\/p>\n<p dir=\"ltr\">La segunda es que el dinero recogido de las multas va directamente a la autoridad que impone las multas, por lo tanto, la motivaci\u00f3n para dar el mayor n\u00famero de multas como sea posible. multas morales deben ir a organizaciones ben\u00e9ficas, que acabar\u00edan con el problema moral de m\u00e1s de otivaci\u00f3n -tz para imponer las multas.<\/p>\n<p dir=\"ltr\">Hoy en d\u00eda el canibalismo no es aceptado en la sociedad occidental, pero hemos creado una nueva forma de canibalismo, que absorbe la energ\u00eda del hombre.<\/p>\n<p dir=\"ltr\">Un corrupto sistema de gobierno que exprime hasta la \u00faltima gota de energ\u00eda de los ciudadanos en dificultades, ya que no proporciona a los residentes con los servicios adecuados, (por ejemplo, instalaciones de aparcamiento) es uno los factores de estr\u00e9s que perjudica a toda la sociedad, debilit\u00e1ndolo con diferentes enfermedades que eventualmente podr\u00eda provocar su colapso.<\/p>\n<p dir=\"ltr\">De ah\u00ed que la conexi\u00f3n entre la diabetes y enfermedades del coraz\u00f3n. A medida que la presi\u00f3n en nuestro entorno crece, mayor es la carga en el p\u00e1ncreas, el sistema vascular, y el coraz\u00f3n, lo que aumenta la presi\u00f3n de la sangre, que a su vez causa muchos otros problemas de salud, como la destrucci\u00f3n de los ri\u00f1ones, da\u00f1o ojos y otra los \u00f3rganos del cuerpo que tienen capilares delicados, que son propensas a fallo del sistema.<\/p>\n<p dir=\"ltr\">La diabetes no es algo que se pueda tomar a la ligera, ya que puede conducir a la amputaci\u00f3n de extremidades, infertilidad, defectos de nacimiento y grave deterioro de la calidad de vida, y por lo tanto, m\u00e1s gente se enferma, mayor ser\u00e1 la amenaza para la sociedad.<\/p>\n<p dir=\"ltr\">El tratamiento m\u00e9dico tiene bastantes inconvenientes, ya que s\u00f3lo trata los s\u00edntomas, se trata de un cambio radical en el estilo de vida para toda la vida, no est\u00e1 rehabilitando, pero degenera lo que queda del p\u00e1ncreas.<\/p>\n<p dir=\"ltr\">Para prevenir la diabetes o para prevenir su agravamiento, evitar la ira y negativos energ\u00edas tanto como sea posible. Bostezar y respirar profundo como todo lo que pueda. Hay muchos tipos de terapia que se puede practicar con el fin de tener \u00e9xito. Respirar profundamente y bostezar tanto como sea posible cuando se est\u00e1 bajo presi\u00f3n.<\/p>\n<p dir=\"ltr\">Si usted es diab\u00e9tico, al igual que con todas las enfermedades que resulta de problemas circulatorios, Despu\u00e9s de saber que lo necesario para relajarse con el fin de detener el deterioro de su p\u00e1ncreas, si usted quiere hacer un paso m\u00e1s y tratar de curar la diabetes, probar los tratamientos de reiki, que equilibra las energ\u00edas y alentador el flujo sangu\u00edneo y el metabolismo, de la manera m\u00e1s amigable y eficiente. Creo que si se encuentra el practicante derecho y obtener suficientes tratamientos, puede incluso conducir a la recuperaci\u00f3n.<\/p>\n<p dir=\"ltr\">buena suerte<\/p>\n<p dir=\"ltr\">Eyal Cohen<\/p>\n<p>http:\/\/eyalcohen.com\/en\/diabetes-as-an-energetic-disease\/<\/p>\n","protected":false},"excerpt":{"rendered":"<p>Por Eyal Cohen Diabetes se considera que es un trastorno metab\u00f3lico que se asocia &#8211; injustamente, con el consumo de az\u00facar. La triste verdad con respecto a la diabetes, al igual que muchas otras enfermedades, no hay conexi\u00f3n entre el cient\u00edfico y la percepci\u00f3n y la realidad m\u00e9dica, y siempre y cuando usted no est\u00e1 [&hellip;]<\/p>\n","protected":false},"author":2,"featured_media":0,"parent":0,"menu_order":0,"comment_status":"open","ping_status":"open","template":"","meta":{"_monsterinsights_skip_tracking":false,"_monsterinsights_sitenote_active":false,"_monsterinsights_sitenote_note":"","_monsterinsights_sitenote_category":0,"footnotes":""},"class_list":["post-5127","page","type-page","status-publish","hentry"],"yoast_head":"<!-- This site is optimized with the Yoast SEO plugin v27.4 - https:\/\/yoast.com\/product\/yoast-seo-wordpress\/ -->\n<title>Cura natural para la diabetes - \u05d4\u05e2\u05d9\u05d3\u05df \u05d4\u05d7\u05d3\u05e9 \u05e9\u05dc \u05d0\u05d9\u05dc \u05db\u05d4\u05df<\/title>\n<meta name=\"robots\" content=\"index, follow, max-snippet:-1, max-image-preview:large, max-video-preview:-1\" \/>\n<link rel=\"canonical\" href=\"https:\/\/eyalcohen.com\/es\/cura-natural-para-la-diabetes\/\" \/>\n<meta property=\"og:locale\" content=\"es_ES\" \/>\n<meta property=\"og:type\" content=\"article\" \/>\n<meta property=\"og:title\" content=\"Cura natural para la diabetes - \u05d4\u05e2\u05d9\u05d3\u05df \u05d4\u05d7\u05d3\u05e9 \u05e9\u05dc \u05d0\u05d9\u05dc \u05db\u05d4\u05df\" \/>\n<meta property=\"og:description\" content=\"Por Eyal Cohen Diabetes se considera que es un trastorno metab\u00f3lico que se asocia &#8211; injustamente, con el consumo de az\u00facar. La triste verdad con respecto a la diabetes, al igual que muchas otras enfermedades, no hay conexi\u00f3n entre el cient\u00edfico y la percepci\u00f3n y la realidad m\u00e9dica, y siempre y cuando usted no est\u00e1 [&hellip;]\" \/>\n<meta property=\"og:url\" content=\"https:\/\/eyalcohen.com\/es\/cura-natural-para-la-diabetes\/\" \/>\n<meta property=\"og:site_name\" content=\"\u05d4\u05e2\u05d9\u05d3\u05df \u05d4\u05d7\u05d3\u05e9 \u05e9\u05dc \u05d0\u05d9\u05dc \u05db\u05d4\u05df\" \/>\n<meta property=\"article:publisher\" content=\"https:\/\/www.facebook.com\/groups\/528354840531271\" \/>\n<meta property=\"article:modified_time\" content=\"2017-07-07T16:25:10+00:00\" \/>\n<meta name=\"twitter:card\" content=\"summary_large_image\" \/>\n<meta name=\"twitter:label1\" content=\"Tiempo de lectura\" \/>\n\t<meta name=\"twitter:data1\" content=\"10 minutos\" \/>\n<script type=\"application\/ld+json\" class=\"yoast-schema-graph\">{\"@context\":\"https:\\\/\\\/schema.org\",\"@graph\":[{\"@type\":\"WebPage\",\"@id\":\"https:\\\/\\\/eyalcohen.com\\\/es\\\/cura-natural-para-la-diabetes\\\/\",\"url\":\"https:\\\/\\\/eyalcohen.com\\\/es\\\/cura-natural-para-la-diabetes\\\/\",\"name\":\"Cura natural para la diabetes - \u05d4\u05e2\u05d9\u05d3\u05df \u05d4\u05d7\u05d3\u05e9 \u05e9\u05dc \u05d0\u05d9\u05dc \u05db\u05d4\u05df\",\"isPartOf\":{\"@id\":\"https:\\\/\\\/eyalcohen.com\\\/#website\"},\"datePublished\":\"2017-05-16T07:24:04+00:00\",\"dateModified\":\"2017-07-07T16:25:10+00:00\",\"breadcrumb\":{\"@id\":\"https:\\\/\\\/eyalcohen.com\\\/es\\\/cura-natural-para-la-diabetes\\\/#breadcrumb\"},\"inLanguage\":\"es\",\"potentialAction\":[{\"@type\":\"ReadAction\",\"target\":[\"https:\\\/\\\/eyalcohen.com\\\/es\\\/cura-natural-para-la-diabetes\\\/\"]}]},{\"@type\":\"BreadcrumbList\",\"@id\":\"https:\\\/\\\/eyalcohen.com\\\/es\\\/cura-natural-para-la-diabetes\\\/#breadcrumb\",\"itemListElement\":[{\"@type\":\"ListItem\",\"position\":1,\"name\":\"\u05d3\u05e3 \u05d4\u05d1\u05d9\u05ea\",\"item\":\"https:\\\/\\\/eyalcohen.com\\\/es\\\/\"},{\"@type\":\"ListItem\",\"position\":2,\"name\":\"Cura natural para la diabetes\"}]},{\"@type\":\"WebSite\",\"@id\":\"https:\\\/\\\/eyalcohen.com\\\/#website\",\"url\":\"https:\\\/\\\/eyalcohen.com\\\/\",\"name\":\"\u05d4\u05e2\u05d9\u05d3\u05df \u05d4\u05d7\u05d3\u05e9 \u05e9\u05dc \u05d0\u05d9\u05dc \u05db\u05d4\u05df\",\"description\":\"\u05d1\u05e8\u05d9\u05d0\u05d5\u05ea \u05d8\u05d1\u05e2\u05d9\u05ea, \u05de\u05d5\u05d6\u05d9\u05e7\u05d4 \u05dc\u05d0\u05d9\u05e8\u05d5\u05e2\u05d9\u05dd \u05d5\u05de\u05d4 \u05e9\u05d1\u05d9\u05e0\u05d9\u05d4\u05dd\",\"publisher\":{\"@id\":\"https:\\\/\\\/eyalcohen.com\\\/#\\\/schema\\\/person\\\/2cf6581996d002a62e66ee8d3a64b863\"},\"potentialAction\":[{\"@type\":\"SearchAction\",\"target\":{\"@type\":\"EntryPoint\",\"urlTemplate\":\"https:\\\/\\\/eyalcohen.com\\\/?s={search_term_string}\"},\"query-input\":{\"@type\":\"PropertyValueSpecification\",\"valueRequired\":true,\"valueName\":\"search_term_string\"}}],\"inLanguage\":\"es\"},{\"@type\":[\"Person\",\"Organization\"],\"@id\":\"https:\\\/\\\/eyalcohen.com\\\/#\\\/schema\\\/person\\\/2cf6581996d002a62e66ee8d3a64b863\",\"name\":\"eyal cohen\",\"image\":{\"@type\":\"ImageObject\",\"inLanguage\":\"es\",\"@id\":\"https:\\\/\\\/eyalcohen.com\\\/wp-content\\\/uploads\\\/2015\\\/12\\\/card_reiki.jpg\",\"url\":\"https:\\\/\\\/eyalcohen.com\\\/wp-content\\\/uploads\\\/2015\\\/12\\\/card_reiki.jpg\",\"contentUrl\":\"https:\\\/\\\/eyalcohen.com\\\/wp-content\\\/uploads\\\/2015\\\/12\\\/card_reiki.jpg\",\"width\":296,\"height\":532,\"caption\":\"eyal cohen\"},\"logo\":{\"@id\":\"https:\\\/\\\/eyalcohen.com\\\/wp-content\\\/uploads\\\/2015\\\/12\\\/card_reiki.jpg\"},\"sameAs\":[\"http:\\\/\\\/eyalcohen.com\",\"https:\\\/\\\/www.facebook.com\\\/groups\\\/528354840531271\",\"https:\\\/\\\/www.instagram.com\\\/eyalchn61\\\/\"]}]}<\/script>\n<!-- \/ Yoast SEO plugin. -->","yoast_head_json":{"title":"Cura natural para la diabetes - \u05d4\u05e2\u05d9\u05d3\u05df \u05d4\u05d7\u05d3\u05e9 \u05e9\u05dc \u05d0\u05d9\u05dc \u05db\u05d4\u05df","robots":{"index":"index","follow":"follow","max-snippet":"max-snippet:-1","max-image-preview":"max-image-preview:large","max-video-preview":"max-video-preview:-1"},"canonical":"https:\/\/eyalcohen.com\/es\/cura-natural-para-la-diabetes\/","og_locale":"es_ES","og_type":"article","og_title":"Cura natural para la diabetes - \u05d4\u05e2\u05d9\u05d3\u05df \u05d4\u05d7\u05d3\u05e9 \u05e9\u05dc \u05d0\u05d9\u05dc \u05db\u05d4\u05df","og_description":"Por Eyal Cohen Diabetes se considera que es un trastorno metab\u00f3lico que se asocia &#8211; injustamente, con el consumo de az\u00facar. La triste verdad con respecto a la diabetes, al igual que muchas otras enfermedades, no hay conexi\u00f3n entre el cient\u00edfico y la percepci\u00f3n y la realidad m\u00e9dica, y siempre y cuando usted no est\u00e1 [&hellip;]","og_url":"https:\/\/eyalcohen.com\/es\/cura-natural-para-la-diabetes\/","og_site_name":"\u05d4\u05e2\u05d9\u05d3\u05df \u05d4\u05d7\u05d3\u05e9 \u05e9\u05dc \u05d0\u05d9\u05dc \u05db\u05d4\u05df","article_publisher":"https:\/\/www.facebook.com\/groups\/528354840531271","article_modified_time":"2017-07-07T16:25:10+00:00","twitter_card":"summary_large_image","twitter_misc":{"Tiempo de lectura":"10 minutos"},"schema":{"@context":"https:\/\/schema.org","@graph":[{"@type":"WebPage","@id":"https:\/\/eyalcohen.com\/es\/cura-natural-para-la-diabetes\/","url":"https:\/\/eyalcohen.com\/es\/cura-natural-para-la-diabetes\/","name":"Cura natural para la diabetes - \u05d4\u05e2\u05d9\u05d3\u05df \u05d4\u05d7\u05d3\u05e9 \u05e9\u05dc \u05d0\u05d9\u05dc \u05db\u05d4\u05df","isPartOf":{"@id":"https:\/\/eyalcohen.com\/#website"},"datePublished":"2017-05-16T07:24:04+00:00","dateModified":"2017-07-07T16:25:10+00:00","breadcrumb":{"@id":"https:\/\/eyalcohen.com\/es\/cura-natural-para-la-diabetes\/#breadcrumb"},"inLanguage":"es","potentialAction":[{"@type":"ReadAction","target":["https:\/\/eyalcohen.com\/es\/cura-natural-para-la-diabetes\/"]}]},{"@type":"BreadcrumbList","@id":"https:\/\/eyalcohen.com\/es\/cura-natural-para-la-diabetes\/#breadcrumb","itemListElement":[{"@type":"ListItem","position":1,"name":"\u05d3\u05e3 \u05d4\u05d1\u05d9\u05ea","item":"https:\/\/eyalcohen.com\/es\/"},{"@type":"ListItem","position":2,"name":"Cura natural para la diabetes"}]},{"@type":"WebSite","@id":"https:\/\/eyalcohen.com\/#website","url":"https:\/\/eyalcohen.com\/","name":"\u05d4\u05e2\u05d9\u05d3\u05df \u05d4\u05d7\u05d3\u05e9 \u05e9\u05dc \u05d0\u05d9\u05dc \u05db\u05d4\u05df","description":"\u05d1\u05e8\u05d9\u05d0\u05d5\u05ea \u05d8\u05d1\u05e2\u05d9\u05ea, \u05de\u05d5\u05d6\u05d9\u05e7\u05d4 \u05dc\u05d0\u05d9\u05e8\u05d5\u05e2\u05d9\u05dd \u05d5\u05de\u05d4 \u05e9\u05d1\u05d9\u05e0\u05d9\u05d4\u05dd","publisher":{"@id":"https:\/\/eyalcohen.com\/#\/schema\/person\/2cf6581996d002a62e66ee8d3a64b863"},"potentialAction":[{"@type":"SearchAction","target":{"@type":"EntryPoint","urlTemplate":"https:\/\/eyalcohen.com\/?s={search_term_string}"},"query-input":{"@type":"PropertyValueSpecification","valueRequired":true,"valueName":"search_term_string"}}],"inLanguage":"es"},{"@type":["Person","Organization"],"@id":"https:\/\/eyalcohen.com\/#\/schema\/person\/2cf6581996d002a62e66ee8d3a64b863","name":"eyal cohen","image":{"@type":"ImageObject","inLanguage":"es","@id":"https:\/\/eyalcohen.com\/wp-content\/uploads\/2015\/12\/card_reiki.jpg","url":"https:\/\/eyalcohen.com\/wp-content\/uploads\/2015\/12\/card_reiki.jpg","contentUrl":"https:\/\/eyalcohen.com\/wp-content\/uploads\/2015\/12\/card_reiki.jpg","width":296,"height":532,"caption":"eyal cohen"},"logo":{"@id":"https:\/\/eyalcohen.com\/wp-content\/uploads\/2015\/12\/card_reiki.jpg"},"sameAs":["http:\/\/eyalcohen.com","https:\/\/www.facebook.com\/groups\/528354840531271","https:\/\/www.instagram.com\/eyalchn61\/"]}]}},"_links":{"self":[{"href":"https:\/\/eyalcohen.com\/es\/wp-json\/wp\/v2\/pages\/5127","targetHints":{"allow":["GET"]}}],"collection":[{"href":"https:\/\/eyalcohen.com\/es\/wp-json\/wp\/v2\/pages"}],"about":[{"href":"https:\/\/eyalcohen.com\/es\/wp-json\/wp\/v2\/types\/page"}],"author":[{"embeddable":true,"href":"https:\/\/eyalcohen.com\/es\/wp-json\/wp\/v2\/users\/2"}],"replies":[{"embeddable":true,"href":"https:\/\/eyalcohen.com\/es\/wp-json\/wp\/v2\/comments?post=5127"}],"version-history":[{"count":1,"href":"https:\/\/eyalcohen.com\/es\/wp-json\/wp\/v2\/pages\/5127\/revisions"}],"predecessor-version":[{"id":5128,"href":"https:\/\/eyalcohen.com\/es\/wp-json\/wp\/v2\/pages\/5127\/revisions\/5128"}],"wp:attachment":[{"href":"https:\/\/eyalcohen.com\/es\/wp-json\/wp\/v2\/media?parent=5127"}],"curies":[{"name":"wp","href":"https:\/\/api.w.org\/{rel}","templated":true}]}}