{"id":5125,"date":"2017-05-16T10:23:00","date_gmt":"2017-05-16T07:23:00","guid":{"rendered":"http:\/\/eyalcohen.com\/?page_id=5125"},"modified":"2017-07-07T19:24:58","modified_gmt":"2017-07-07T16:24:58","slug":"consejos-de-salud-fuera-de-la-caja","status":"publish","type":"page","link":"https:\/\/eyalcohen.com\/es\/consejos-de-salud-fuera-de-la-caja\/","title":{"rendered":"Consejos de salud fuera de la caja"},"content":{"rendered":"<p dir=\"ltr\" style=\"direction: ltr; text-align: justify;\">\u00bfPara qu\u00e9 se necesitar\u00eda consejos sobre salud, de una persona que no es m\u00e9dico?<\/p>\n<p dir=\"ltr\" style=\"direction: ltr; text-align: justify;\">Tienes un excelente m\u00e9dico que estudi\u00f3 durante ocho a\u00f1os y a\u00fan continua perfeccion\u00e1ndose para obtener herramientas para poder ayudar de mejor forma.<\/p>\n<p dir=\"ltr\" style=\"direction: ltr; text-align: justify;\">Por otro lado existen institutos de investigaci\u00f3n financiados por las compa\u00f1\u00edas farmac\u00e9uticas las que invierten miles de millones en busca de la verdad, y son capaces de producir medicamentos en cantidades que podr\u00edan ser en buena parte, equivalente al alimento para para toda la humanidad&#8230;<\/p>\n<p style=\"direction: ltr; text-align: justify;\">Pero entonces&#8230; \u00bfC\u00f3mo es que confiamos en un sistema de este tipo, nos volvemos m\u00e1s d\u00e9biles gen\u00e9ticamente, m\u00e1s sufridos y m\u00e1s dependientes, y cuando necesitamos ayuda, en muchos casos nos encontramos con que el sistema no tiene respuestas reales y no est\u00e1 realmente construido para brindar salud si no que, tratar solamente los s\u00edntomas (v\u00e9ase el aumento constante de infertilidad, enfermedades como el c\u00e1ncer, enfermedades del coraz\u00f3n, enfermedades autoinmunes, alergias, esclerosis m\u00faltiple, diabetes, enfermedad de Alzheimer &#8211; y de hecho &#8211; cualquier enfermedad que se pueda imaginar).<\/p>\n<p dir=\"ltr\" style=\"text-align: justify;\">Una segunda opini\u00f3n, no es necesariamente una opini\u00f3n diferente.<br \/>\nSi est\u00e1s buscando una segunda opini\u00f3n, o tercera dentro del sistema de salud, es muy probable que te den las mismas explicaciones, en diferentes versiones.<\/p>\n<p dir=\"ltr\" style=\"text-align: justify;\">Los Consejos en este sitio, los cuales se fundamentan en el esp\u00edritu de la serie de libros &#8220;Las cosas que no escuchas de tu m\u00e9dico&#8221; demuestran la importancia del conocimiento y la comprensi\u00f3n de una forma completamente diferente a la habitual, en relaci\u00f3n a a nuestra capacidad de evitar el sufrimiento y vivir una vida m\u00e1s saludable y m\u00e1s feliz.<br \/>\nDeseo aclarar mediante estos consejos, la importancia y causa principal de los problemas a los que se ven afectados la mayor\u00eda de los pacientes, pero es posible que desde la perspectiva de la persona \u201cque sufre\u201d se debe a otros factores, y no necesariamente estos consejos va a mejorar su situaci\u00f3n.<\/p>\n","protected":false},"excerpt":{"rendered":"<p>\u00bfPara qu\u00e9 se necesitar\u00eda consejos sobre salud, de una persona que no es m\u00e9dico? Tienes un excelente m\u00e9dico que estudi\u00f3 durante ocho a\u00f1os y a\u00fan continua perfeccion\u00e1ndose para obtener herramientas para poder ayudar de mejor forma. Por otro lado existen institutos de investigaci\u00f3n financiados por las compa\u00f1\u00edas farmac\u00e9uticas las que invierten miles de millones en [&hellip;]<\/p>\n","protected":false},"author":2,"featured_media":0,"parent":0,"menu_order":0,"comment_status":"open","ping_status":"open","template":"","meta":{"_monsterinsights_skip_tracking":false,"_monsterinsights_sitenote_active":false,"_monsterinsights_sitenote_note":"","_monsterinsights_sitenote_category":0,"footnotes":""},"class_list":["post-5125","page","type-page","status-publish","hentry"],"yoast_head":"<!-- This site is optimized with the Yoast SEO plugin v27.4 - https:\/\/yoast.com\/product\/yoast-seo-wordpress\/ -->\n<title>Consejos de salud fuera de la caja - \u05d4\u05e2\u05d9\u05d3\u05df \u05d4\u05d7\u05d3\u05e9 \u05e9\u05dc \u05d0\u05d9\u05dc \u05db\u05d4\u05df<\/title>\n<meta name=\"robots\" content=\"index, follow, max-snippet:-1, max-image-preview:large, max-video-preview:-1\" \/>\n<link rel=\"canonical\" href=\"https:\/\/eyalcohen.com\/es\/consejos-de-salud-fuera-de-la-caja\/\" \/>\n<meta property=\"og:locale\" content=\"es_ES\" \/>\n<meta property=\"og:type\" content=\"article\" \/>\n<meta property=\"og:title\" content=\"Consejos de salud fuera de la caja - \u05d4\u05e2\u05d9\u05d3\u05df \u05d4\u05d7\u05d3\u05e9 \u05e9\u05dc \u05d0\u05d9\u05dc \u05db\u05d4\u05df\" \/>\n<meta property=\"og:description\" content=\"\u00bfPara qu\u00e9 se necesitar\u00eda consejos sobre salud, de una persona que no es m\u00e9dico? Tienes un excelente m\u00e9dico que estudi\u00f3 durante ocho a\u00f1os y a\u00fan continua perfeccion\u00e1ndose para obtener herramientas para poder ayudar de mejor forma. Por otro lado existen institutos de investigaci\u00f3n financiados por las compa\u00f1\u00edas farmac\u00e9uticas las que invierten miles de millones en [&hellip;]\" \/>\n<meta property=\"og:url\" content=\"https:\/\/eyalcohen.com\/es\/consejos-de-salud-fuera-de-la-caja\/\" \/>\n<meta property=\"og:site_name\" content=\"\u05d4\u05e2\u05d9\u05d3\u05df \u05d4\u05d7\u05d3\u05e9 \u05e9\u05dc \u05d0\u05d9\u05dc \u05db\u05d4\u05df\" \/>\n<meta property=\"article:publisher\" content=\"https:\/\/www.facebook.com\/groups\/528354840531271\" \/>\n<meta property=\"article:modified_time\" content=\"2017-07-07T16:24:58+00:00\" \/>\n<meta name=\"twitter:card\" content=\"summary_large_image\" \/>\n<meta name=\"twitter:label1\" content=\"Tiempo de lectura\" \/>\n\t<meta name=\"twitter:data1\" content=\"2 minutos\" \/>\n<script type=\"application\/ld+json\" class=\"yoast-schema-graph\">{\"@context\":\"https:\\\/\\\/schema.org\",\"@graph\":[{\"@type\":\"WebPage\",\"@id\":\"https:\\\/\\\/eyalcohen.com\\\/es\\\/consejos-de-salud-fuera-de-la-caja\\\/\",\"url\":\"https:\\\/\\\/eyalcohen.com\\\/es\\\/consejos-de-salud-fuera-de-la-caja\\\/\",\"name\":\"Consejos de salud fuera de la caja - \u05d4\u05e2\u05d9\u05d3\u05df \u05d4\u05d7\u05d3\u05e9 \u05e9\u05dc \u05d0\u05d9\u05dc \u05db\u05d4\u05df\",\"isPartOf\":{\"@id\":\"https:\\\/\\\/eyalcohen.com\\\/#website\"},\"datePublished\":\"2017-05-16T07:23:00+00:00\",\"dateModified\":\"2017-07-07T16:24:58+00:00\",\"breadcrumb\":{\"@id\":\"https:\\\/\\\/eyalcohen.com\\\/es\\\/consejos-de-salud-fuera-de-la-caja\\\/#breadcrumb\"},\"inLanguage\":\"es\",\"potentialAction\":[{\"@type\":\"ReadAction\",\"target\":[\"https:\\\/\\\/eyalcohen.com\\\/es\\\/consejos-de-salud-fuera-de-la-caja\\\/\"]}]},{\"@type\":\"BreadcrumbList\",\"@id\":\"https:\\\/\\\/eyalcohen.com\\\/es\\\/consejos-de-salud-fuera-de-la-caja\\\/#breadcrumb\",\"itemListElement\":[{\"@type\":\"ListItem\",\"position\":1,\"name\":\"\u05d3\u05e3 \u05d4\u05d1\u05d9\u05ea\",\"item\":\"https:\\\/\\\/eyalcohen.com\\\/es\\\/\"},{\"@type\":\"ListItem\",\"position\":2,\"name\":\"Consejos de salud fuera de la caja\"}]},{\"@type\":\"WebSite\",\"@id\":\"https:\\\/\\\/eyalcohen.com\\\/#website\",\"url\":\"https:\\\/\\\/eyalcohen.com\\\/\",\"name\":\"\u05d4\u05e2\u05d9\u05d3\u05df \u05d4\u05d7\u05d3\u05e9 \u05e9\u05dc \u05d0\u05d9\u05dc \u05db\u05d4\u05df\",\"description\":\"\u05d1\u05e8\u05d9\u05d0\u05d5\u05ea \u05d8\u05d1\u05e2\u05d9\u05ea, \u05de\u05d5\u05d6\u05d9\u05e7\u05d4 \u05dc\u05d0\u05d9\u05e8\u05d5\u05e2\u05d9\u05dd \u05d5\u05de\u05d4 \u05e9\u05d1\u05d9\u05e0\u05d9\u05d4\u05dd\",\"publisher\":{\"@id\":\"https:\\\/\\\/eyalcohen.com\\\/#\\\/schema\\\/person\\\/2cf6581996d002a62e66ee8d3a64b863\"},\"potentialAction\":[{\"@type\":\"SearchAction\",\"target\":{\"@type\":\"EntryPoint\",\"urlTemplate\":\"https:\\\/\\\/eyalcohen.com\\\/?s={search_term_string}\"},\"query-input\":{\"@type\":\"PropertyValueSpecification\",\"valueRequired\":true,\"valueName\":\"search_term_string\"}}],\"inLanguage\":\"es\"},{\"@type\":[\"Person\",\"Organization\"],\"@id\":\"https:\\\/\\\/eyalcohen.com\\\/#\\\/schema\\\/person\\\/2cf6581996d002a62e66ee8d3a64b863\",\"name\":\"eyal cohen\",\"image\":{\"@type\":\"ImageObject\",\"inLanguage\":\"es\",\"@id\":\"https:\\\/\\\/eyalcohen.com\\\/wp-content\\\/uploads\\\/2015\\\/12\\\/card_reiki.jpg\",\"url\":\"https:\\\/\\\/eyalcohen.com\\\/wp-content\\\/uploads\\\/2015\\\/12\\\/card_reiki.jpg\",\"contentUrl\":\"https:\\\/\\\/eyalcohen.com\\\/wp-content\\\/uploads\\\/2015\\\/12\\\/card_reiki.jpg\",\"width\":296,\"height\":532,\"caption\":\"eyal cohen\"},\"logo\":{\"@id\":\"https:\\\/\\\/eyalcohen.com\\\/wp-content\\\/uploads\\\/2015\\\/12\\\/card_reiki.jpg\"},\"sameAs\":[\"http:\\\/\\\/eyalcohen.com\",\"https:\\\/\\\/www.facebook.com\\\/groups\\\/528354840531271\",\"https:\\\/\\\/www.instagram.com\\\/eyalchn61\\\/\"]}]}<\/script>\n<!-- \/ Yoast SEO plugin. -->","yoast_head_json":{"title":"Consejos de salud fuera de la caja - \u05d4\u05e2\u05d9\u05d3\u05df \u05d4\u05d7\u05d3\u05e9 \u05e9\u05dc \u05d0\u05d9\u05dc \u05db\u05d4\u05df","robots":{"index":"index","follow":"follow","max-snippet":"max-snippet:-1","max-image-preview":"max-image-preview:large","max-video-preview":"max-video-preview:-1"},"canonical":"https:\/\/eyalcohen.com\/es\/consejos-de-salud-fuera-de-la-caja\/","og_locale":"es_ES","og_type":"article","og_title":"Consejos de salud fuera de la caja - \u05d4\u05e2\u05d9\u05d3\u05df \u05d4\u05d7\u05d3\u05e9 \u05e9\u05dc \u05d0\u05d9\u05dc \u05db\u05d4\u05df","og_description":"\u00bfPara qu\u00e9 se necesitar\u00eda consejos sobre salud, de una persona que no es m\u00e9dico? Tienes un excelente m\u00e9dico que estudi\u00f3 durante ocho a\u00f1os y a\u00fan continua perfeccion\u00e1ndose para obtener herramientas para poder ayudar de mejor forma. Por otro lado existen institutos de investigaci\u00f3n financiados por las compa\u00f1\u00edas farmac\u00e9uticas las que invierten miles de millones en [&hellip;]","og_url":"https:\/\/eyalcohen.com\/es\/consejos-de-salud-fuera-de-la-caja\/","og_site_name":"\u05d4\u05e2\u05d9\u05d3\u05df \u05d4\u05d7\u05d3\u05e9 \u05e9\u05dc \u05d0\u05d9\u05dc \u05db\u05d4\u05df","article_publisher":"https:\/\/www.facebook.com\/groups\/528354840531271","article_modified_time":"2017-07-07T16:24:58+00:00","twitter_card":"summary_large_image","twitter_misc":{"Tiempo de lectura":"2 minutos"},"schema":{"@context":"https:\/\/schema.org","@graph":[{"@type":"WebPage","@id":"https:\/\/eyalcohen.com\/es\/consejos-de-salud-fuera-de-la-caja\/","url":"https:\/\/eyalcohen.com\/es\/consejos-de-salud-fuera-de-la-caja\/","name":"Consejos de salud fuera de la caja - \u05d4\u05e2\u05d9\u05d3\u05df \u05d4\u05d7\u05d3\u05e9 \u05e9\u05dc \u05d0\u05d9\u05dc \u05db\u05d4\u05df","isPartOf":{"@id":"https:\/\/eyalcohen.com\/#website"},"datePublished":"2017-05-16T07:23:00+00:00","dateModified":"2017-07-07T16:24:58+00:00","breadcrumb":{"@id":"https:\/\/eyalcohen.com\/es\/consejos-de-salud-fuera-de-la-caja\/#breadcrumb"},"inLanguage":"es","potentialAction":[{"@type":"ReadAction","target":["https:\/\/eyalcohen.com\/es\/consejos-de-salud-fuera-de-la-caja\/"]}]},{"@type":"BreadcrumbList","@id":"https:\/\/eyalcohen.com\/es\/consejos-de-salud-fuera-de-la-caja\/#breadcrumb","itemListElement":[{"@type":"ListItem","position":1,"name":"\u05d3\u05e3 \u05d4\u05d1\u05d9\u05ea","item":"https:\/\/eyalcohen.com\/es\/"},{"@type":"ListItem","position":2,"name":"Consejos de salud fuera de la caja"}]},{"@type":"WebSite","@id":"https:\/\/eyalcohen.com\/#website","url":"https:\/\/eyalcohen.com\/","name":"\u05d4\u05e2\u05d9\u05d3\u05df \u05d4\u05d7\u05d3\u05e9 \u05e9\u05dc \u05d0\u05d9\u05dc \u05db\u05d4\u05df","description":"\u05d1\u05e8\u05d9\u05d0\u05d5\u05ea \u05d8\u05d1\u05e2\u05d9\u05ea, \u05de\u05d5\u05d6\u05d9\u05e7\u05d4 \u05dc\u05d0\u05d9\u05e8\u05d5\u05e2\u05d9\u05dd \u05d5\u05de\u05d4 \u05e9\u05d1\u05d9\u05e0\u05d9\u05d4\u05dd","publisher":{"@id":"https:\/\/eyalcohen.com\/#\/schema\/person\/2cf6581996d002a62e66ee8d3a64b863"},"potentialAction":[{"@type":"SearchAction","target":{"@type":"EntryPoint","urlTemplate":"https:\/\/eyalcohen.com\/?s={search_term_string}"},"query-input":{"@type":"PropertyValueSpecification","valueRequired":true,"valueName":"search_term_string"}}],"inLanguage":"es"},{"@type":["Person","Organization"],"@id":"https:\/\/eyalcohen.com\/#\/schema\/person\/2cf6581996d002a62e66ee8d3a64b863","name":"eyal cohen","image":{"@type":"ImageObject","inLanguage":"es","@id":"https:\/\/eyalcohen.com\/wp-content\/uploads\/2015\/12\/card_reiki.jpg","url":"https:\/\/eyalcohen.com\/wp-content\/uploads\/2015\/12\/card_reiki.jpg","contentUrl":"https:\/\/eyalcohen.com\/wp-content\/uploads\/2015\/12\/card_reiki.jpg","width":296,"height":532,"caption":"eyal cohen"},"logo":{"@id":"https:\/\/eyalcohen.com\/wp-content\/uploads\/2015\/12\/card_reiki.jpg"},"sameAs":["http:\/\/eyalcohen.com","https:\/\/www.facebook.com\/groups\/528354840531271","https:\/\/www.instagram.com\/eyalchn61\/"]}]}},"_links":{"self":[{"href":"https:\/\/eyalcohen.com\/es\/wp-json\/wp\/v2\/pages\/5125","targetHints":{"allow":["GET"]}}],"collection":[{"href":"https:\/\/eyalcohen.com\/es\/wp-json\/wp\/v2\/pages"}],"about":[{"href":"https:\/\/eyalcohen.com\/es\/wp-json\/wp\/v2\/types\/page"}],"author":[{"embeddable":true,"href":"https:\/\/eyalcohen.com\/es\/wp-json\/wp\/v2\/users\/2"}],"replies":[{"embeddable":true,"href":"https:\/\/eyalcohen.com\/es\/wp-json\/wp\/v2\/comments?post=5125"}],"version-history":[{"count":1,"href":"https:\/\/eyalcohen.com\/es\/wp-json\/wp\/v2\/pages\/5125\/revisions"}],"predecessor-version":[{"id":5126,"href":"https:\/\/eyalcohen.com\/es\/wp-json\/wp\/v2\/pages\/5125\/revisions\/5126"}],"wp:attachment":[{"href":"https:\/\/eyalcohen.com\/es\/wp-json\/wp\/v2\/media?parent=5125"}],"curies":[{"name":"wp","href":"https:\/\/api.w.org\/{rel}","templated":true}]}}