{"id":5123,"date":"2017-05-16T10:22:00","date_gmt":"2017-05-16T07:22:00","guid":{"rendered":"http:\/\/eyalcohen.com\/?page_id=5123"},"modified":"2017-07-07T19:24:49","modified_gmt":"2017-07-07T16:24:49","slug":"las-cosas-que-no-va-a-escuchar-jamaz-de-su-medico","status":"publish","type":"page","link":"https:\/\/eyalcohen.com\/es\/las-cosas-que-no-va-a-escuchar-jamaz-de-su-medico\/","title":{"rendered":"Las cosas que no va a escuchar jamaz de su m\u00e9dico"},"content":{"rendered":"<p dir=\"ltr\">Las colecci\u00f3n de \u00a0libros &#8220;Las cosas que no va escuchar jamaz de su m\u00e9dico&#8221;, fue elaborado tras una fuerte experiencia de \u00a0iluminaci\u00f3n \u00a0y vivencias en \u00a0el a\u00f1o1993, la que me \u00a0condujo a la formulaci\u00f3n sobre el \u00a0concepto de la realidad ya que es completamente diferente a la habitual, \u00a0la que personalmente \u00a0llamo,conocimiento objetivo ya \u00a0que se ocupa de la \u00a0energ\u00eda de la vida.<\/p>\n<p dir=\"ltr\">Este enfoque explica los misterios y \u00a0dificultades, \u00a0que causan \u00a0muchas enfermedades \u00a0a las cuales \u00a0la medicina tradicional \u00a0no puede \u00a0dar \u00a0explicaci\u00f3n.\u00a0Pienso \u00a0que existen como resultado de una violaci\u00f3n del equilibrio y dimensi\u00f3n energ\u00e9tica.<\/p>\n<p dir=\"ltr\">La \u00a0ciencia y la medicina, \u00a0ignoran de forma sistem\u00e1tica y deliberada de \u00a0\u00e9sta medida, aunque no es visible, \u00a0es responsable de innumerables fen\u00f3menos en nuestras vidas, y de hecho, en t\u00e9rminos de salud y calidad de vida, es de gran importancia .<br \/>\nA medida que avance en la lectura de la serie, aprender\u00e1 c\u00f3mo se puede curar enfermedades y ahorrar algo de sufrimiento, mediante el mantenimiento de diversos \u00a0espacios Hmmd energ\u00e9ticos, basados en la aspiraci\u00f3n natural del cuerpo para vivir en un ambiente seguro y equilibrado. Puede mejorar la cicatrizaci\u00f3n, acelerar y mejorar a trav\u00e9s del apoyo de los tratamientos de Reiki energ\u00eda o curaci\u00f3n &#8211; u otras terapias integrales que \u00a0desarrollen en \u00a0el cuerpo \u00a0sus notables habilidades de \u00a0auto curaci\u00f3n de la forma \u00a0mas \u00f3ptima.<\/p>\n<p dir=\"ltr\">La ciencia y la medicina, ignoran el plan energ\u00e9tico, tienden a establecer las enfermedades en desarrollo como resultado de violaci\u00f3nes de esta dimensi\u00f3n equilibra Otto-inmune &#8220;,&#8221; psico-som\u00e1tica &#8220;,&#8221; cr\u00f3nica &#8220;,&#8221; hereditaria &#8220;, un&#8221; virus &#8220;,&#8221; origen desconocido &#8220;, etc. -omtflim incluyendo el uso de medicamentos de por vida.<\/p>\n<p dir=\"ltr\">El primer libro de la serie, &#8220;Las cosas \u00a0que no oy\u00f3 de su m\u00e9dico&#8221;, llamado &#8220;cura absoluta de la enfermedad de las enc\u00eda&#8221;, dice \u00a0que el retroceso de las enc\u00edas que causa la gingivitis y la p\u00e9rdida de los dientes, obedece \u00a0al resultado \u00a0de la violaci\u00f3n del balance de energ\u00eda en el tejido de las enc\u00edas. Este libro trae \u00a0respuestas \u00a0naturales \u00a0para lograr curar \u00e9sta \u00a0enfermedad, las que hasta el momento, han obligado a los enfermos a verse \u00a0sometidos a tratamientos costosos y dolorosos \u00a0los que claramente perjudican \u00a0su calidad de vida .<\/p>\n<p dir=\"ltr\">Lograr curarse sin medicamentos, sin cirug\u00edas, sin dolor y \u00a0sin incurrir en mayores gastos.<br \/>\nEl segundo libro de la serie,se llama &#8220;Los secretos de la creaci\u00f3n&#8221;, publicado en noviembre de 2004 \u00a0 ofrece una alternativa viable para el desarrollo de la vida,considerando la \u00a0energ\u00eda como la base de la vida, y explica c\u00f3mo evolucion\u00f3 la vida a causa del impulso natural de energ\u00eda que puedan mantenerse y desarrollarse, en oposici\u00f3n a una perspectiva religiosa que afirma que Dios cre\u00f3 el con todas las criaturas del mundo en siete d\u00edas &#8211; y el concepto cient\u00edfico, afirmando que el desarrollo de la vida es el resultado de una secuencia aleatoria de mutaciones.<br \/>\nEste libro explica el cuerpo energ\u00e9tico como una entidad, y el funcionamiento de diversos \u00f3rganos, socios en la producci\u00f3n, conservaci\u00f3n y regulaci\u00f3n de la energ\u00eda, y se puede entender un poco de s\u00edntomas f\u00edsicos y enfermedades en desarrollo como resultado de violaci\u00f3nes del equilibrio del aspecto energ\u00e9tico, en todos los procesos y fen\u00f3menos asociados con ellos.<\/p>\n<p dir=\"ltr\">La enfermedad m\u00e1s com\u00fan entre las personas que se explica, es la gripe y sus complicaciones, se explica como una especie de colapso como resultado de un resfriado, aprenderemos como curarlos.<\/p>\n<p dir=\"ltr\">Este libro da una explicaci\u00f3n \u00a0refrescantes, claras y detalladas a \u00a0muchas otras enfermedades en desarrollo como resultado de violaci\u00f3nes del balance energ\u00e9tico.<\/p>\n<p dir=\"ltr\">Creo que la informaci\u00f3n puede mejorar significativamente la calidad de vida de todo aquel que lo lea &#8211; y reducir significativamente la enorme carga del sistema de salud y la sociedad en su conjunto.<\/p>\n<p dir=\"ltr\"><img fetchpriority=\"high\" decoding=\"async\" class=\"wp-image-43 alignright\" src=\"http:\/\/eyalcohen.com\/es\/files\/2016\/07\/book2.jpg\" alt=\"book2\" width=\"283\" height=\"410\" \/><img decoding=\"async\" class=\"alignleft wp-image-41\" src=\"http:\/\/eyalcohen.com\/es\/files\/2016\/07\/ENGLISH-BOOK-COVER-FRONT.jpg\" alt=\"ENGLISH BOOK COVER FRONT\" width=\"283\" height=\"411\" \/><\/p>\n","protected":false},"excerpt":{"rendered":"<p>Las colecci\u00f3n de \u00a0libros &#8220;Las cosas que no va escuchar jamaz de su m\u00e9dico&#8221;, fue elaborado tras una fuerte experiencia de \u00a0iluminaci\u00f3n \u00a0y vivencias en \u00a0el a\u00f1o1993, la que me \u00a0condujo a la formulaci\u00f3n sobre el \u00a0concepto de la realidad ya que es completamente diferente a la habitual, \u00a0la que personalmente \u00a0llamo,conocimiento objetivo ya \u00a0que [&hellip;]<\/p>\n","protected":false},"author":2,"featured_media":0,"parent":0,"menu_order":0,"comment_status":"open","ping_status":"closed","template":"","meta":{"_monsterinsights_skip_tracking":false,"_monsterinsights_sitenote_active":false,"_monsterinsights_sitenote_note":"","_monsterinsights_sitenote_category":0,"footnotes":""},"class_list":["post-5123","page","type-page","status-publish","hentry"],"yoast_head":"<!-- This site is optimized with the Yoast SEO plugin v27.4 - https:\/\/yoast.com\/product\/yoast-seo-wordpress\/ -->\n<title>Las cosas que no va a escuchar jamaz de su m\u00e9dico - \u05d4\u05e2\u05d9\u05d3\u05df \u05d4\u05d7\u05d3\u05e9 \u05e9\u05dc \u05d0\u05d9\u05dc \u05db\u05d4\u05df<\/title>\n<meta name=\"robots\" content=\"index, follow, max-snippet:-1, max-image-preview:large, max-video-preview:-1\" \/>\n<link rel=\"canonical\" href=\"https:\/\/eyalcohen.com\/es\/las-cosas-que-no-va-a-escuchar-jamaz-de-su-medico\/\" \/>\n<meta property=\"og:locale\" content=\"es_ES\" \/>\n<meta property=\"og:type\" content=\"article\" \/>\n<meta property=\"og:title\" content=\"Las cosas que no va a escuchar jamaz de su m\u00e9dico - \u05d4\u05e2\u05d9\u05d3\u05df \u05d4\u05d7\u05d3\u05e9 \u05e9\u05dc \u05d0\u05d9\u05dc \u05db\u05d4\u05df\" \/>\n<meta property=\"og:description\" content=\"Las colecci\u00f3n de \u00a0libros &#8220;Las cosas que no va escuchar jamaz de su m\u00e9dico&#8221;, fue elaborado tras una fuerte experiencia de \u00a0iluminaci\u00f3n \u00a0y vivencias en \u00a0el a\u00f1o1993, la que me \u00a0condujo a la formulaci\u00f3n sobre el \u00a0concepto de la realidad ya que es completamente diferente a la habitual, \u00a0la que personalmente \u00a0llamo,conocimiento objetivo ya \u00a0que [&hellip;]\" \/>\n<meta property=\"og:url\" content=\"https:\/\/eyalcohen.com\/es\/las-cosas-que-no-va-a-escuchar-jamaz-de-su-medico\/\" \/>\n<meta property=\"og:site_name\" content=\"\u05d4\u05e2\u05d9\u05d3\u05df \u05d4\u05d7\u05d3\u05e9 \u05e9\u05dc \u05d0\u05d9\u05dc \u05db\u05d4\u05df\" \/>\n<meta property=\"article:publisher\" content=\"https:\/\/www.facebook.com\/groups\/528354840531271\" \/>\n<meta property=\"article:modified_time\" content=\"2017-07-07T16:24:49+00:00\" \/>\n<meta property=\"og:image\" content=\"http:\/\/eyalcohen.com\/es\/files\/2016\/07\/book2.jpg\" \/>\n<meta name=\"twitter:card\" content=\"summary_large_image\" \/>\n<meta name=\"twitter:label1\" content=\"Tiempo de lectura\" \/>\n\t<meta name=\"twitter:data1\" content=\"3 minutos\" \/>\n<script type=\"application\/ld+json\" class=\"yoast-schema-graph\">{\"@context\":\"https:\\\/\\\/schema.org\",\"@graph\":[{\"@type\":\"WebPage\",\"@id\":\"https:\\\/\\\/eyalcohen.com\\\/es\\\/las-cosas-que-no-va-a-escuchar-jamaz-de-su-medico\\\/\",\"url\":\"https:\\\/\\\/eyalcohen.com\\\/es\\\/las-cosas-que-no-va-a-escuchar-jamaz-de-su-medico\\\/\",\"name\":\"Las cosas que no va a escuchar jamaz de su m\u00e9dico - \u05d4\u05e2\u05d9\u05d3\u05df \u05d4\u05d7\u05d3\u05e9 \u05e9\u05dc \u05d0\u05d9\u05dc \u05db\u05d4\u05df\",\"isPartOf\":{\"@id\":\"https:\\\/\\\/eyalcohen.com\\\/#website\"},\"primaryImageOfPage\":{\"@id\":\"https:\\\/\\\/eyalcohen.com\\\/es\\\/las-cosas-que-no-va-a-escuchar-jamaz-de-su-medico\\\/#primaryimage\"},\"image\":{\"@id\":\"https:\\\/\\\/eyalcohen.com\\\/es\\\/las-cosas-que-no-va-a-escuchar-jamaz-de-su-medico\\\/#primaryimage\"},\"thumbnailUrl\":\"http:\\\/\\\/eyalcohen.com\\\/es\\\/files\\\/2016\\\/07\\\/book2.jpg\",\"datePublished\":\"2017-05-16T07:22:00+00:00\",\"dateModified\":\"2017-07-07T16:24:49+00:00\",\"breadcrumb\":{\"@id\":\"https:\\\/\\\/eyalcohen.com\\\/es\\\/las-cosas-que-no-va-a-escuchar-jamaz-de-su-medico\\\/#breadcrumb\"},\"inLanguage\":\"es\",\"potentialAction\":[{\"@type\":\"ReadAction\",\"target\":[\"https:\\\/\\\/eyalcohen.com\\\/es\\\/las-cosas-que-no-va-a-escuchar-jamaz-de-su-medico\\\/\"]}]},{\"@type\":\"ImageObject\",\"inLanguage\":\"es\",\"@id\":\"https:\\\/\\\/eyalcohen.com\\\/es\\\/las-cosas-que-no-va-a-escuchar-jamaz-de-su-medico\\\/#primaryimage\",\"url\":\"http:\\\/\\\/eyalcohen.com\\\/es\\\/files\\\/2016\\\/07\\\/book2.jpg\",\"contentUrl\":\"http:\\\/\\\/eyalcohen.com\\\/es\\\/files\\\/2016\\\/07\\\/book2.jpg\"},{\"@type\":\"BreadcrumbList\",\"@id\":\"https:\\\/\\\/eyalcohen.com\\\/es\\\/las-cosas-que-no-va-a-escuchar-jamaz-de-su-medico\\\/#breadcrumb\",\"itemListElement\":[{\"@type\":\"ListItem\",\"position\":1,\"name\":\"\u05d3\u05e3 \u05d4\u05d1\u05d9\u05ea\",\"item\":\"https:\\\/\\\/eyalcohen.com\\\/es\\\/\"},{\"@type\":\"ListItem\",\"position\":2,\"name\":\"Las cosas que no va a escuchar jamaz de su m\u00e9dico\"}]},{\"@type\":\"WebSite\",\"@id\":\"https:\\\/\\\/eyalcohen.com\\\/#website\",\"url\":\"https:\\\/\\\/eyalcohen.com\\\/\",\"name\":\"\u05d4\u05e2\u05d9\u05d3\u05df \u05d4\u05d7\u05d3\u05e9 \u05e9\u05dc \u05d0\u05d9\u05dc \u05db\u05d4\u05df\",\"description\":\"\u05d1\u05e8\u05d9\u05d0\u05d5\u05ea \u05d8\u05d1\u05e2\u05d9\u05ea, \u05de\u05d5\u05d6\u05d9\u05e7\u05d4 \u05dc\u05d0\u05d9\u05e8\u05d5\u05e2\u05d9\u05dd \u05d5\u05de\u05d4 \u05e9\u05d1\u05d9\u05e0\u05d9\u05d4\u05dd\",\"publisher\":{\"@id\":\"https:\\\/\\\/eyalcohen.com\\\/#\\\/schema\\\/person\\\/2cf6581996d002a62e66ee8d3a64b863\"},\"potentialAction\":[{\"@type\":\"SearchAction\",\"target\":{\"@type\":\"EntryPoint\",\"urlTemplate\":\"https:\\\/\\\/eyalcohen.com\\\/?s={search_term_string}\"},\"query-input\":{\"@type\":\"PropertyValueSpecification\",\"valueRequired\":true,\"valueName\":\"search_term_string\"}}],\"inLanguage\":\"es\"},{\"@type\":[\"Person\",\"Organization\"],\"@id\":\"https:\\\/\\\/eyalcohen.com\\\/#\\\/schema\\\/person\\\/2cf6581996d002a62e66ee8d3a64b863\",\"name\":\"eyal cohen\",\"image\":{\"@type\":\"ImageObject\",\"inLanguage\":\"es\",\"@id\":\"https:\\\/\\\/eyalcohen.com\\\/wp-content\\\/uploads\\\/2015\\\/12\\\/card_reiki.jpg\",\"url\":\"https:\\\/\\\/eyalcohen.com\\\/wp-content\\\/uploads\\\/2015\\\/12\\\/card_reiki.jpg\",\"contentUrl\":\"https:\\\/\\\/eyalcohen.com\\\/wp-content\\\/uploads\\\/2015\\\/12\\\/card_reiki.jpg\",\"width\":296,\"height\":532,\"caption\":\"eyal cohen\"},\"logo\":{\"@id\":\"https:\\\/\\\/eyalcohen.com\\\/wp-content\\\/uploads\\\/2015\\\/12\\\/card_reiki.jpg\"},\"sameAs\":[\"http:\\\/\\\/eyalcohen.com\",\"https:\\\/\\\/www.facebook.com\\\/groups\\\/528354840531271\",\"https:\\\/\\\/www.instagram.com\\\/eyalchn61\\\/\"]}]}<\/script>\n<!-- \/ Yoast SEO plugin. -->","yoast_head_json":{"title":"Las cosas que no va a escuchar jamaz de su m\u00e9dico - \u05d4\u05e2\u05d9\u05d3\u05df \u05d4\u05d7\u05d3\u05e9 \u05e9\u05dc \u05d0\u05d9\u05dc \u05db\u05d4\u05df","robots":{"index":"index","follow":"follow","max-snippet":"max-snippet:-1","max-image-preview":"max-image-preview:large","max-video-preview":"max-video-preview:-1"},"canonical":"https:\/\/eyalcohen.com\/es\/las-cosas-que-no-va-a-escuchar-jamaz-de-su-medico\/","og_locale":"es_ES","og_type":"article","og_title":"Las cosas que no va a escuchar jamaz de su m\u00e9dico - \u05d4\u05e2\u05d9\u05d3\u05df \u05d4\u05d7\u05d3\u05e9 \u05e9\u05dc \u05d0\u05d9\u05dc \u05db\u05d4\u05df","og_description":"Las colecci\u00f3n de \u00a0libros &#8220;Las cosas que no va escuchar jamaz de su m\u00e9dico&#8221;, fue elaborado tras una fuerte experiencia de \u00a0iluminaci\u00f3n \u00a0y vivencias en \u00a0el a\u00f1o1993, la que me \u00a0condujo a la formulaci\u00f3n sobre el \u00a0concepto de la realidad ya que es completamente diferente a la habitual, \u00a0la que personalmente \u00a0llamo,conocimiento objetivo ya \u00a0que [&hellip;]","og_url":"https:\/\/eyalcohen.com\/es\/las-cosas-que-no-va-a-escuchar-jamaz-de-su-medico\/","og_site_name":"\u05d4\u05e2\u05d9\u05d3\u05df \u05d4\u05d7\u05d3\u05e9 \u05e9\u05dc \u05d0\u05d9\u05dc \u05db\u05d4\u05df","article_publisher":"https:\/\/www.facebook.com\/groups\/528354840531271","article_modified_time":"2017-07-07T16:24:49+00:00","og_image":[{"url":"http:\/\/eyalcohen.com\/es\/files\/2016\/07\/book2.jpg","type":"","width":"","height":""}],"twitter_card":"summary_large_image","twitter_misc":{"Tiempo de lectura":"3 minutos"},"schema":{"@context":"https:\/\/schema.org","@graph":[{"@type":"WebPage","@id":"https:\/\/eyalcohen.com\/es\/las-cosas-que-no-va-a-escuchar-jamaz-de-su-medico\/","url":"https:\/\/eyalcohen.com\/es\/las-cosas-que-no-va-a-escuchar-jamaz-de-su-medico\/","name":"Las cosas que no va a escuchar jamaz de su m\u00e9dico - \u05d4\u05e2\u05d9\u05d3\u05df \u05d4\u05d7\u05d3\u05e9 \u05e9\u05dc \u05d0\u05d9\u05dc \u05db\u05d4\u05df","isPartOf":{"@id":"https:\/\/eyalcohen.com\/#website"},"primaryImageOfPage":{"@id":"https:\/\/eyalcohen.com\/es\/las-cosas-que-no-va-a-escuchar-jamaz-de-su-medico\/#primaryimage"},"image":{"@id":"https:\/\/eyalcohen.com\/es\/las-cosas-que-no-va-a-escuchar-jamaz-de-su-medico\/#primaryimage"},"thumbnailUrl":"http:\/\/eyalcohen.com\/es\/files\/2016\/07\/book2.jpg","datePublished":"2017-05-16T07:22:00+00:00","dateModified":"2017-07-07T16:24:49+00:00","breadcrumb":{"@id":"https:\/\/eyalcohen.com\/es\/las-cosas-que-no-va-a-escuchar-jamaz-de-su-medico\/#breadcrumb"},"inLanguage":"es","potentialAction":[{"@type":"ReadAction","target":["https:\/\/eyalcohen.com\/es\/las-cosas-que-no-va-a-escuchar-jamaz-de-su-medico\/"]}]},{"@type":"ImageObject","inLanguage":"es","@id":"https:\/\/eyalcohen.com\/es\/las-cosas-que-no-va-a-escuchar-jamaz-de-su-medico\/#primaryimage","url":"http:\/\/eyalcohen.com\/es\/files\/2016\/07\/book2.jpg","contentUrl":"http:\/\/eyalcohen.com\/es\/files\/2016\/07\/book2.jpg"},{"@type":"BreadcrumbList","@id":"https:\/\/eyalcohen.com\/es\/las-cosas-que-no-va-a-escuchar-jamaz-de-su-medico\/#breadcrumb","itemListElement":[{"@type":"ListItem","position":1,"name":"\u05d3\u05e3 \u05d4\u05d1\u05d9\u05ea","item":"https:\/\/eyalcohen.com\/es\/"},{"@type":"ListItem","position":2,"name":"Las cosas que no va a escuchar jamaz de su m\u00e9dico"}]},{"@type":"WebSite","@id":"https:\/\/eyalcohen.com\/#website","url":"https:\/\/eyalcohen.com\/","name":"\u05d4\u05e2\u05d9\u05d3\u05df \u05d4\u05d7\u05d3\u05e9 \u05e9\u05dc \u05d0\u05d9\u05dc \u05db\u05d4\u05df","description":"\u05d1\u05e8\u05d9\u05d0\u05d5\u05ea \u05d8\u05d1\u05e2\u05d9\u05ea, \u05de\u05d5\u05d6\u05d9\u05e7\u05d4 \u05dc\u05d0\u05d9\u05e8\u05d5\u05e2\u05d9\u05dd \u05d5\u05de\u05d4 \u05e9\u05d1\u05d9\u05e0\u05d9\u05d4\u05dd","publisher":{"@id":"https:\/\/eyalcohen.com\/#\/schema\/person\/2cf6581996d002a62e66ee8d3a64b863"},"potentialAction":[{"@type":"SearchAction","target":{"@type":"EntryPoint","urlTemplate":"https:\/\/eyalcohen.com\/?s={search_term_string}"},"query-input":{"@type":"PropertyValueSpecification","valueRequired":true,"valueName":"search_term_string"}}],"inLanguage":"es"},{"@type":["Person","Organization"],"@id":"https:\/\/eyalcohen.com\/#\/schema\/person\/2cf6581996d002a62e66ee8d3a64b863","name":"eyal cohen","image":{"@type":"ImageObject","inLanguage":"es","@id":"https:\/\/eyalcohen.com\/wp-content\/uploads\/2015\/12\/card_reiki.jpg","url":"https:\/\/eyalcohen.com\/wp-content\/uploads\/2015\/12\/card_reiki.jpg","contentUrl":"https:\/\/eyalcohen.com\/wp-content\/uploads\/2015\/12\/card_reiki.jpg","width":296,"height":532,"caption":"eyal cohen"},"logo":{"@id":"https:\/\/eyalcohen.com\/wp-content\/uploads\/2015\/12\/card_reiki.jpg"},"sameAs":["http:\/\/eyalcohen.com","https:\/\/www.facebook.com\/groups\/528354840531271","https:\/\/www.instagram.com\/eyalchn61\/"]}]}},"_links":{"self":[{"href":"https:\/\/eyalcohen.com\/es\/wp-json\/wp\/v2\/pages\/5123","targetHints":{"allow":["GET"]}}],"collection":[{"href":"https:\/\/eyalcohen.com\/es\/wp-json\/wp\/v2\/pages"}],"about":[{"href":"https:\/\/eyalcohen.com\/es\/wp-json\/wp\/v2\/types\/page"}],"author":[{"embeddable":true,"href":"https:\/\/eyalcohen.com\/es\/wp-json\/wp\/v2\/users\/2"}],"replies":[{"embeddable":true,"href":"https:\/\/eyalcohen.com\/es\/wp-json\/wp\/v2\/comments?post=5123"}],"version-history":[{"count":2,"href":"https:\/\/eyalcohen.com\/es\/wp-json\/wp\/v2\/pages\/5123\/revisions"}],"predecessor-version":[{"id":5161,"href":"https:\/\/eyalcohen.com\/es\/wp-json\/wp\/v2\/pages\/5123\/revisions\/5161"}],"wp:attachment":[{"href":"https:\/\/eyalcohen.com\/es\/wp-json\/wp\/v2\/media?parent=5123"}],"curies":[{"name":"wp","href":"https:\/\/api.w.org\/{rel}","templated":true}]}}