{"id":4786,"date":"2017-04-27T14:18:04","date_gmt":"2017-04-27T11:18:04","guid":{"rendered":"http:\/\/eyalcohen.com\/?page_id=4786"},"modified":"2019-05-09T21:53:04","modified_gmt":"2019-05-09T18:53:04","slug":"la-nueva-era-de-eyal-cohen","status":"publish","type":"page","link":"https:\/\/eyalcohen.com\/es\/","title":{"rendered":"La nueva era de Eyal Cohen"},"content":{"rendered":"<div class=\"row\">\n<div class=\"col-md-4\">\n<div class=\"thumb-info thumb-info-no-borders mt-lg\"><a href=\"http:\/\/eyalcohen.com\/music\/%D7%91%D7%99%D7%AA.html\"><span class=\"thumb-info-wrapper\"><span class=\"thumb-info-wrapper\"><br \/>\n<img decoding=\"async\" class=\"img-responsive alignnone\" src=\"\/wp-content\/uploads\/2018\/07\/\u05d0\u05d9\u05d9\u05dc-\u05d5\u05d2\u05d9\u05dc\u05d4-\u05db\u05d4\u05df.png\" alt=\"\u05d0\u05d9\u05d9\u05dc \u05d5\u05d2\u05d9\u05dc\u05d4 \u05db\u05d4\u05df\" width=\"220\" height=\"220\" \/><br \/>\n<span class=\"thumb-info-title\"><br \/>\n<span class=\"tlid-translation translation\" lang=\"es\"><span class=\"\" title=\"\">Gila y Eyal Cohen respetan la m\u00fasica.<\/span><\/span><br \/>\n<\/span><\/span><\/span><\/a><\/div>\n<p>&nbsp;<\/p>\n<\/div>\n<div class=\"col-md-4\">\n<div class=\"thumb-info thumb-info-no-borders mt-lg\"><a href=\"https:\/\/eyalcohen.com\/es\/las-cosas-que-no-va-a-escuchar-jamaz-de-su-medico\/\"><span class=\"thumb-info-wrapper\"><span class=\"thumb-info-wrapper\"><br \/>\n<img decoding=\"async\" class=\"img-responsive\" src=\"\/wp-content\/uploads\/2018\/07\/\u05d3\u05d1\u05e8\u05d9\u05dd-\u05e9\u05dc\u05d0-\u05ea\u05e9\u05de\u05e2-\u05de\u05d4\u05e8\u05d5\u05e4\u05d0-\u05e9\u05dc\u05da.png\" alt=\"\u05d3\u05d1\u05e8\u05d9\u05dd \u05e9\u05dc\u05d0 \u05ea\u05e9\u05de\u05e2 \u05de\u05d4\u05e8\u05d5\u05e4\u05d0 \u05e9\u05dc\u05da\" \/><br \/>\n<span class=\"thumb-info-title\"><br \/>\nCosas que no escuchar\u00e1 de su m\u00e9dico<br \/>\n<\/span><\/span><\/span><\/a><\/div>\n<p>&nbsp;<\/p>\n<\/div>\n<div class=\"col-md-4\">\n<div class=\"thumb-info thumb-info-no-borders mt-lg\"><a href=\"https:\/\/eyalcohen.com\/%d7%94%d7%a8%d7%a6%d7%90%d7%95%d7%aa\/\"><span class=\"thumb-info-wrapper\"><span class=\"thumb-info-wrapper\"><br \/>\n<img decoding=\"async\" class=\"img-responsive\" src=\"\/wp-content\/uploads\/2018\/07\/\u05d4\u05e8\u05e6\u05d0\u05d5\u05ea.png\" alt=\"\u05d4\u05e8\u05e6\u05d0\u05d5\u05ea\" \/><br \/>\n<span class=\"thumb-info-title\"><br \/>\nConferencias<br \/>\n<\/span><\/span><\/span><\/a><\/div>\n<p>&nbsp;<\/p>\n<\/div>\n<\/div>\n<p><!-- row2222222222222222 --><\/p>\n<div class=\"row\">\n<div class=\"col-md-4\">\n<div class=\"thumb-info thumb-info-no-borders mt-lg\"><a href=\"https:\/\/eyalcohen.com\/%d7%a8%d7%99%d7%99%d7%a7%d7%99-%d7%95%d7%94%d7%99%d7%9c%d7%99%d7%a0%d7%92\/\"><span class=\"thumb-info-wrapper\"><span class=\"thumb-info-wrapper\"><br \/>\n<img decoding=\"async\" class=\"img-responsive\" src=\"\/wp-content\/uploads\/2018\/07\/\u05d8\u05d9\u05e4\u05d5\u05dc-\u05e8\u05d9\u05d9\u05e7\u05d9-\u05d5\u05d4\u05d9\u05dc\u05d9\u05e0\u05d2.png\" alt=\"\u05d8\u05d9\u05e4\u05d5\u05dc \u05e8\u05d9\u05d9\u05e7\u05d9 \u05d5\u05d4\u05d9\u05dc\u05d9\u05e0\u05d2\" \/><br \/>\n<span class=\"thumb-info-title\"><br \/>\nReiki y tratamientos curativos.<br \/>\n<\/span><\/span><\/span><\/a><\/div>\n<p>&nbsp;<\/p>\n<\/div>\n<div class=\"col-md-4\">\n<div class=\"thumb-info thumb-info-no-borders mt-lg\"><a href=\"https:\/\/eyalcohen.com\/es\/consejos-de-salud-fuera-de-la-caja\/\"><span class=\"thumb-info-wrapper\"><span class=\"thumb-info-wrapper\"><br \/>\n<img decoding=\"async\" class=\"img-responsive\" src=\"\/wp-content\/uploads\/2018\/07\/\u05d8\u05d9\u05e4\u05d9\u05dd-\u05dc\u05d1\u05e8\u05d9\u05d0\u05d5\u05ea-\u05de\u05d7\u05d5\u05e5-\u05dc\u05e7\u05d5\u05e4\u05e1\u05d0.png\" alt=\"\u05d8\u05d9\u05e4\u05d9\u05dd \u05dc\u05d1\u05e8\u05d9\u05d0\u05d5\u05ea \u05de\u05d7\u05d5\u05e5 \u05dc\u05e7\u05d5\u05e4\u05e1\u05d0\" \/><br \/>\n<span class=\"thumb-info-title\"><br \/>\nConsejos para la salud fuera de la caja<br \/>\n<\/span><\/span><\/span><\/a><\/div>\n<p>&nbsp;<\/p>\n<\/div>\n<div class=\"col-md-4\">\n<div class=\"thumb-info thumb-info-no-borders mt-lg\"><a href=\"https:\/\/eyalcohen.com\/es\/conocimiento-objetivo\/\"><span class=\"thumb-info-wrapper\"><span class=\"thumb-info-wrapper\"><br \/>\n<img decoding=\"async\" class=\"img-responsive\" src=\"\/wp-content\/uploads\/2018\/07\/\u05de\u05d5\u05d3\u05e2\u05d5\u05ea-\u05d0\u05d5\u05d1\u05d9\u05d9\u05e7\u05d8\u05d9\u05d1\u05d9\u05d5\u05ea.png\" alt=\"\u05de\u05d5\u05d3\u05e2\u05d5\u05ea \u05d0\u05d5\u05d1\u05d9\u05d9\u05e7\u05d8\u05d9\u05d1\u05d9\u05d5\u05ea\" \/><br \/>\n<span class=\"thumb-info-title\"><br \/>\nconciencia objetiva<\/p>\n<p><\/span><\/span><\/span><\/a><\/div>\n<p>&nbsp;<\/p>\n<\/div>\n<\/div>\n<p dir=\"ltr\"><strong>Bienvenidos \u00a0a este sitio de habla hispana:<\/strong><\/p>\n<p dir=\"ltr\">Mi nombre es Eyal Cohen, y yo soy un sanador y un gur\u00fa de Israel.<\/p>\n<p dir=\"ltr\">Siempre he tenido una percepci\u00f3n extraordinaria casi cualquier cosa en la vida.<\/p>\n<p dir=\"ltr\">En 1993, logr\u00e9 curarme de retracci\u00f3n de las enc\u00edas graves, que incluyeron sensibilidad intensa, p\u00e9rdida de estabilidad dientes y la disfunci\u00f3n total.<\/p>\n<p dir=\"ltr\">Por lo que yo s\u00e9, soy la primera persona en el mundo que logr\u00f3 descubrir la causa de la enfermedad &#8211; y curar de forma natural, de una manera sistem\u00e1tica, sin tratamiento m\u00e9dico, en contra de todas las opiniones aceptadas.<br \/>\nA ra\u00edz de los conocimientos que obtuve de esta cura milagrosa, he experimentado una potente iluminaci\u00f3n que revel\u00f3 la verdadera raz\u00f3n de muchos tipos de enfermedad y el sufrimiento, en una forma de inundaci\u00f3n sin fin de informaci\u00f3n me ayud\u00f3 a entender el cuerpo desde el aspecto energ\u00e9tico, que desde el la percepci\u00f3n centrada en el mundo material predominante, no podemos entender.<\/p>\n<p dir=\"ltr\">M\u00e1s tarde, hice un curso de reiki y empec\u00e9 a usar estos tratamientos, que se basan en la prestaci\u00f3n de apoyo energ\u00e9tico para el cuerpo, fortalecer el cuerpo y permitir que sane r\u00e1pidamente y de alta calidad desde casi cualquier trauma, dolor y muchas diferentes crisis de salud . Aunque no hay un cien por ciento, en m\u00e1s de un noventa por ciento me las arreglo para curar hernias discales, espol\u00f3n calc\u00e1neo, heridas, quemaduras, edema, fracturas de huesos, enfermedades &#8220;psicosom\u00e1ticas&#8221; como la fibromialgia &#8211; y el c\u00e1ncer puede ser curado con estos tratamientos, pero tal vez la m\u00e1s atributo importante es que no puede da\u00f1ar o plantear riesgos de ning\u00fan tipo.<\/p>\n<p dir=\"ltr\">Los intentos para despertar el inter\u00e9s en el establecimiento &#8211; o bien el sistema de atenci\u00f3n de la salud, los medios de comunicaci\u00f3n o cualquier otro sistema &#8211; fracas\u00f3 y termin\u00f3 en decepci\u00f3n.<\/p>\n<p dir=\"ltr\">Desde que he experimentado la iluminaci\u00f3n, a pesar de la enorme dificultad para entregar a la informaci\u00f3n p\u00fablica que es inaceptable y no provenga de la autoridad establecimiento, sin PR y no ayuda en absoluto, hago todo lo posible para entregar la informaci\u00f3n, ya sea a trav\u00e9s del reiki y tratamientos curativos como una misi\u00f3n, ya sea en una serie de libros &#8220;Las cosas no se oir\u00e1 de su m\u00e9dico&#8221;, en esta web y en conferencias sobre la conciencia y la salud.<\/p>\n<p dir=\"ltr\" style=\"direction: ltr;\">La comprensi\u00f3n de las funciones del cuerpo en el aspecto energ\u00e9tico &#8211; y diferentes enfermedades en desarrollo como resultado de violaci\u00f3nes del balance de energ\u00eda, nos permitir\u00e1 evitar lesiones, y por lo tanto mantener nuestra salud y nuestras funciones y permitir que el cuerpo se recupere de muchos problemas diferentes y varias enfermedades que se definen &#8220;, incurable&#8221; &#8220;\/&#8221; &#8220;psicosom\u00e1tica \/&#8221; &#8220;autoinmune cr\u00f3nica&#8221;, y as\u00ed sucesivamente, de forma natural, sin tratamiento m\u00e9dico.<\/p>\n<p dir=\"ltr\">La serie de libros &#8220;Las cosas que no desea tener noticias de su m\u00e9dico&#8221; es en realidad un viaje espiritual, que comienza con la comprensi\u00f3n clara de la gingivitis y la goma de retroceso como consecuencia del incumplimiento de crudo del balance energ\u00e9tico, y gu\u00eda al lector paso a paso , un libro tras otro, a trav\u00e9s de la iluminaci\u00f3n espiritual vers\u00e1til, para reconocer y entender el cuerpo como una plantilla de la energ\u00eda, que debe existir dentro de un estrecho rango de saldos, para funcionar en una condici\u00f3n saludable.<\/p>\n<p dir=\"ltr\">Gracias por \u00a0tu visita<\/p>\n<p dir=\"ltr\">Te saluda muy cordialemnte:<\/p>\n<p dir=\"ltr\">Eyal Cohen<\/p>\n<p dir=\"ltr\"><img fetchpriority=\"high\" decoding=\"async\" class=\"alignleft wp-image-41\" src=\"http:\/\/eyalcohen.com\/es\/files\/2016\/07\/ENGLISH-BOOK-COVER-FRONT.jpg\" alt=\"ENGLISH BOOK COVER FRONT\" width=\"242\" height=\"351\" \/><img decoding=\"async\" class=\"alignleft wp-image-43\" src=\"http:\/\/eyalcohen.com\/es\/files\/2016\/07\/book2.jpg\" alt=\"book2\" width=\"242\" height=\"351\" \/><\/p>\n","protected":false},"excerpt":{"rendered":"<p>Gila y Eyal Cohen respetan la m\u00fasica. &nbsp; Cosas que no escuchar\u00e1 de su m\u00e9dico &nbsp; Conferencias &nbsp; Reiki y tratamientos curativos. &nbsp; Consejos para la salud fuera de la caja &nbsp; conciencia objetiva &nbsp; Bienvenidos \u00a0a este sitio de habla hispana: Mi nombre es Eyal Cohen, y yo soy un sanador y un gur\u00fa [&hellip;]<\/p>\n","protected":false},"author":2,"featured_media":0,"parent":0,"menu_order":0,"comment_status":"open","ping_status":"open","template":"","meta":{"_monsterinsights_skip_tracking":false,"_monsterinsights_sitenote_active":false,"_monsterinsights_sitenote_note":"","_monsterinsights_sitenote_category":0,"footnotes":""},"class_list":["post-4786","page","type-page","status-publish","hentry"],"yoast_head":"<!-- This site is optimized with the Yoast SEO plugin v27.3 - https:\/\/yoast.com\/product\/yoast-seo-wordpress\/ -->\n<title>La nueva era de Eyal Cohen - \u05d4\u05e2\u05d9\u05d3\u05df \u05d4\u05d7\u05d3\u05e9 \u05e9\u05dc \u05d0\u05d9\u05dc \u05db\u05d4\u05df<\/title>\n<meta name=\"robots\" content=\"index, follow, max-snippet:-1, max-image-preview:large, max-video-preview:-1\" \/>\n<link rel=\"canonical\" href=\"https:\/\/eyalcohen.com\/es\/\" \/>\n<meta property=\"og:locale\" content=\"es_ES\" \/>\n<meta property=\"og:type\" content=\"article\" \/>\n<meta property=\"og:title\" content=\"La nueva era de Eyal Cohen - \u05d4\u05e2\u05d9\u05d3\u05df \u05d4\u05d7\u05d3\u05e9 \u05e9\u05dc \u05d0\u05d9\u05dc \u05db\u05d4\u05df\" \/>\n<meta property=\"og:description\" content=\"Gila y Eyal Cohen respetan la m\u00fasica. &nbsp; Cosas que no escuchar\u00e1 de su m\u00e9dico &nbsp; Conferencias &nbsp; Reiki y tratamientos curativos. &nbsp; Consejos para la salud fuera de la caja &nbsp; conciencia objetiva &nbsp; Bienvenidos \u00a0a este sitio de habla hispana: Mi nombre es Eyal Cohen, y yo soy un sanador y un gur\u00fa [&hellip;]\" \/>\n<meta property=\"og:url\" content=\"https:\/\/eyalcohen.com\/es\/\" \/>\n<meta property=\"og:site_name\" content=\"\u05d4\u05e2\u05d9\u05d3\u05df \u05d4\u05d7\u05d3\u05e9 \u05e9\u05dc \u05d0\u05d9\u05dc \u05db\u05d4\u05df\" \/>\n<meta property=\"article:publisher\" content=\"https:\/\/www.facebook.com\/groups\/528354840531271\" \/>\n<meta property=\"article:modified_time\" content=\"2019-05-09T18:53:04+00:00\" \/>\n<meta property=\"og:image\" content=\"http:\/\/eyalcohen.com\/es\/files\/2016\/07\/ENGLISH-BOOK-COVER-FRONT.jpg\" \/>\n<meta name=\"twitter:card\" content=\"summary_large_image\" \/>\n<meta name=\"twitter:label1\" content=\"Tiempo de lectura\" \/>\n\t<meta name=\"twitter:data1\" content=\"3 minutos\" \/>\n<script type=\"application\/ld+json\" class=\"yoast-schema-graph\">{\"@context\":\"https:\\\/\\\/schema.org\",\"@graph\":[{\"@type\":\"WebPage\",\"@id\":\"https:\\\/\\\/eyalcohen.com\\\/es\\\/\",\"url\":\"https:\\\/\\\/eyalcohen.com\\\/es\\\/\",\"name\":\"La nueva era de Eyal Cohen - \u05d4\u05e2\u05d9\u05d3\u05df \u05d4\u05d7\u05d3\u05e9 \u05e9\u05dc \u05d0\u05d9\u05dc \u05db\u05d4\u05df\",\"isPartOf\":{\"@id\":\"https:\\\/\\\/eyalcohen.com\\\/#website\"},\"primaryImageOfPage\":{\"@id\":\"https:\\\/\\\/eyalcohen.com\\\/es\\\/#primaryimage\"},\"image\":{\"@id\":\"https:\\\/\\\/eyalcohen.com\\\/es\\\/#primaryimage\"},\"thumbnailUrl\":\"http:\\\/\\\/eyalcohen.com\\\/es\\\/files\\\/2016\\\/07\\\/ENGLISH-BOOK-COVER-FRONT.jpg\",\"datePublished\":\"2017-04-27T11:18:04+00:00\",\"dateModified\":\"2019-05-09T18:53:04+00:00\",\"breadcrumb\":{\"@id\":\"https:\\\/\\\/eyalcohen.com\\\/es\\\/#breadcrumb\"},\"inLanguage\":\"es\",\"potentialAction\":[{\"@type\":\"ReadAction\",\"target\":[\"https:\\\/\\\/eyalcohen.com\\\/es\\\/\"]}]},{\"@type\":\"ImageObject\",\"inLanguage\":\"es\",\"@id\":\"https:\\\/\\\/eyalcohen.com\\\/es\\\/#primaryimage\",\"url\":\"http:\\\/\\\/eyalcohen.com\\\/es\\\/files\\\/2016\\\/07\\\/ENGLISH-BOOK-COVER-FRONT.jpg\",\"contentUrl\":\"http:\\\/\\\/eyalcohen.com\\\/es\\\/files\\\/2016\\\/07\\\/ENGLISH-BOOK-COVER-FRONT.jpg\"},{\"@type\":\"BreadcrumbList\",\"@id\":\"https:\\\/\\\/eyalcohen.com\\\/es\\\/#breadcrumb\",\"itemListElement\":[{\"@type\":\"ListItem\",\"position\":1,\"name\":\"\u05d3\u05e3 \u05d4\u05d1\u05d9\u05ea\",\"item\":\"https:\\\/\\\/eyalcohen.com\\\/es\\\/\"},{\"@type\":\"ListItem\",\"position\":2,\"name\":\"La nueva era de Eyal Cohen\"}]},{\"@type\":\"WebSite\",\"@id\":\"https:\\\/\\\/eyalcohen.com\\\/#website\",\"url\":\"https:\\\/\\\/eyalcohen.com\\\/\",\"name\":\"\u05d4\u05e2\u05d9\u05d3\u05df \u05d4\u05d7\u05d3\u05e9 \u05e9\u05dc \u05d0\u05d9\u05dc \u05db\u05d4\u05df\",\"description\":\"\u05d1\u05e8\u05d9\u05d0\u05d5\u05ea \u05d8\u05d1\u05e2\u05d9\u05ea, \u05de\u05d5\u05d6\u05d9\u05e7\u05d4 \u05dc\u05d0\u05d9\u05e8\u05d5\u05e2\u05d9\u05dd \u05d5\u05de\u05d4 \u05e9\u05d1\u05d9\u05e0\u05d9\u05d4\u05dd\",\"publisher\":{\"@id\":\"https:\\\/\\\/eyalcohen.com\\\/#\\\/schema\\\/person\\\/2cf6581996d002a62e66ee8d3a64b863\"},\"potentialAction\":[{\"@type\":\"SearchAction\",\"target\":{\"@type\":\"EntryPoint\",\"urlTemplate\":\"https:\\\/\\\/eyalcohen.com\\\/?s={search_term_string}\"},\"query-input\":{\"@type\":\"PropertyValueSpecification\",\"valueRequired\":true,\"valueName\":\"search_term_string\"}}],\"inLanguage\":\"es\"},{\"@type\":[\"Person\",\"Organization\"],\"@id\":\"https:\\\/\\\/eyalcohen.com\\\/#\\\/schema\\\/person\\\/2cf6581996d002a62e66ee8d3a64b863\",\"name\":\"eyal cohen\",\"image\":{\"@type\":\"ImageObject\",\"inLanguage\":\"es\",\"@id\":\"https:\\\/\\\/eyalcohen.com\\\/wp-content\\\/uploads\\\/2015\\\/12\\\/card_reiki.jpg\",\"url\":\"https:\\\/\\\/eyalcohen.com\\\/wp-content\\\/uploads\\\/2015\\\/12\\\/card_reiki.jpg\",\"contentUrl\":\"https:\\\/\\\/eyalcohen.com\\\/wp-content\\\/uploads\\\/2015\\\/12\\\/card_reiki.jpg\",\"width\":296,\"height\":532,\"caption\":\"eyal cohen\"},\"logo\":{\"@id\":\"https:\\\/\\\/eyalcohen.com\\\/wp-content\\\/uploads\\\/2015\\\/12\\\/card_reiki.jpg\"},\"sameAs\":[\"http:\\\/\\\/eyalcohen.com\",\"https:\\\/\\\/www.facebook.com\\\/groups\\\/528354840531271\",\"https:\\\/\\\/www.instagram.com\\\/eyalchn61\\\/\"]}]}<\/script>\n<!-- \/ Yoast SEO plugin. -->","yoast_head_json":{"title":"La nueva era de Eyal Cohen - \u05d4\u05e2\u05d9\u05d3\u05df \u05d4\u05d7\u05d3\u05e9 \u05e9\u05dc \u05d0\u05d9\u05dc \u05db\u05d4\u05df","robots":{"index":"index","follow":"follow","max-snippet":"max-snippet:-1","max-image-preview":"max-image-preview:large","max-video-preview":"max-video-preview:-1"},"canonical":"https:\/\/eyalcohen.com\/es\/","og_locale":"es_ES","og_type":"article","og_title":"La nueva era de Eyal Cohen - \u05d4\u05e2\u05d9\u05d3\u05df \u05d4\u05d7\u05d3\u05e9 \u05e9\u05dc \u05d0\u05d9\u05dc \u05db\u05d4\u05df","og_description":"Gila y Eyal Cohen respetan la m\u00fasica. &nbsp; Cosas que no escuchar\u00e1 de su m\u00e9dico &nbsp; Conferencias &nbsp; Reiki y tratamientos curativos. &nbsp; Consejos para la salud fuera de la caja &nbsp; conciencia objetiva &nbsp; Bienvenidos \u00a0a este sitio de habla hispana: Mi nombre es Eyal Cohen, y yo soy un sanador y un gur\u00fa [&hellip;]","og_url":"https:\/\/eyalcohen.com\/es\/","og_site_name":"\u05d4\u05e2\u05d9\u05d3\u05df \u05d4\u05d7\u05d3\u05e9 \u05e9\u05dc \u05d0\u05d9\u05dc \u05db\u05d4\u05df","article_publisher":"https:\/\/www.facebook.com\/groups\/528354840531271","article_modified_time":"2019-05-09T18:53:04+00:00","og_image":[{"url":"http:\/\/eyalcohen.com\/es\/files\/2016\/07\/ENGLISH-BOOK-COVER-FRONT.jpg","type":"","width":"","height":""}],"twitter_card":"summary_large_image","twitter_misc":{"Tiempo de lectura":"3 minutos"},"schema":{"@context":"https:\/\/schema.org","@graph":[{"@type":"WebPage","@id":"https:\/\/eyalcohen.com\/es\/","url":"https:\/\/eyalcohen.com\/es\/","name":"La nueva era de Eyal Cohen - \u05d4\u05e2\u05d9\u05d3\u05df \u05d4\u05d7\u05d3\u05e9 \u05e9\u05dc \u05d0\u05d9\u05dc \u05db\u05d4\u05df","isPartOf":{"@id":"https:\/\/eyalcohen.com\/#website"},"primaryImageOfPage":{"@id":"https:\/\/eyalcohen.com\/es\/#primaryimage"},"image":{"@id":"https:\/\/eyalcohen.com\/es\/#primaryimage"},"thumbnailUrl":"http:\/\/eyalcohen.com\/es\/files\/2016\/07\/ENGLISH-BOOK-COVER-FRONT.jpg","datePublished":"2017-04-27T11:18:04+00:00","dateModified":"2019-05-09T18:53:04+00:00","breadcrumb":{"@id":"https:\/\/eyalcohen.com\/es\/#breadcrumb"},"inLanguage":"es","potentialAction":[{"@type":"ReadAction","target":["https:\/\/eyalcohen.com\/es\/"]}]},{"@type":"ImageObject","inLanguage":"es","@id":"https:\/\/eyalcohen.com\/es\/#primaryimage","url":"http:\/\/eyalcohen.com\/es\/files\/2016\/07\/ENGLISH-BOOK-COVER-FRONT.jpg","contentUrl":"http:\/\/eyalcohen.com\/es\/files\/2016\/07\/ENGLISH-BOOK-COVER-FRONT.jpg"},{"@type":"BreadcrumbList","@id":"https:\/\/eyalcohen.com\/es\/#breadcrumb","itemListElement":[{"@type":"ListItem","position":1,"name":"\u05d3\u05e3 \u05d4\u05d1\u05d9\u05ea","item":"https:\/\/eyalcohen.com\/es\/"},{"@type":"ListItem","position":2,"name":"La nueva era de Eyal Cohen"}]},{"@type":"WebSite","@id":"https:\/\/eyalcohen.com\/#website","url":"https:\/\/eyalcohen.com\/","name":"\u05d4\u05e2\u05d9\u05d3\u05df \u05d4\u05d7\u05d3\u05e9 \u05e9\u05dc \u05d0\u05d9\u05dc \u05db\u05d4\u05df","description":"\u05d1\u05e8\u05d9\u05d0\u05d5\u05ea \u05d8\u05d1\u05e2\u05d9\u05ea, \u05de\u05d5\u05d6\u05d9\u05e7\u05d4 \u05dc\u05d0\u05d9\u05e8\u05d5\u05e2\u05d9\u05dd \u05d5\u05de\u05d4 \u05e9\u05d1\u05d9\u05e0\u05d9\u05d4\u05dd","publisher":{"@id":"https:\/\/eyalcohen.com\/#\/schema\/person\/2cf6581996d002a62e66ee8d3a64b863"},"potentialAction":[{"@type":"SearchAction","target":{"@type":"EntryPoint","urlTemplate":"https:\/\/eyalcohen.com\/?s={search_term_string}"},"query-input":{"@type":"PropertyValueSpecification","valueRequired":true,"valueName":"search_term_string"}}],"inLanguage":"es"},{"@type":["Person","Organization"],"@id":"https:\/\/eyalcohen.com\/#\/schema\/person\/2cf6581996d002a62e66ee8d3a64b863","name":"eyal cohen","image":{"@type":"ImageObject","inLanguage":"es","@id":"https:\/\/eyalcohen.com\/wp-content\/uploads\/2015\/12\/card_reiki.jpg","url":"https:\/\/eyalcohen.com\/wp-content\/uploads\/2015\/12\/card_reiki.jpg","contentUrl":"https:\/\/eyalcohen.com\/wp-content\/uploads\/2015\/12\/card_reiki.jpg","width":296,"height":532,"caption":"eyal cohen"},"logo":{"@id":"https:\/\/eyalcohen.com\/wp-content\/uploads\/2015\/12\/card_reiki.jpg"},"sameAs":["http:\/\/eyalcohen.com","https:\/\/www.facebook.com\/groups\/528354840531271","https:\/\/www.instagram.com\/eyalchn61\/"]}]}},"_links":{"self":[{"href":"https:\/\/eyalcohen.com\/es\/wp-json\/wp\/v2\/pages\/4786","targetHints":{"allow":["GET"]}}],"collection":[{"href":"https:\/\/eyalcohen.com\/es\/wp-json\/wp\/v2\/pages"}],"about":[{"href":"https:\/\/eyalcohen.com\/es\/wp-json\/wp\/v2\/types\/page"}],"author":[{"embeddable":true,"href":"https:\/\/eyalcohen.com\/es\/wp-json\/wp\/v2\/users\/2"}],"replies":[{"embeddable":true,"href":"https:\/\/eyalcohen.com\/es\/wp-json\/wp\/v2\/comments?post=4786"}],"version-history":[{"count":13,"href":"https:\/\/eyalcohen.com\/es\/wp-json\/wp\/v2\/pages\/4786\/revisions"}],"predecessor-version":[{"id":7598,"href":"https:\/\/eyalcohen.com\/es\/wp-json\/wp\/v2\/pages\/4786\/revisions\/7598"}],"wp:attachment":[{"href":"https:\/\/eyalcohen.com\/es\/wp-json\/wp\/v2\/media?parent=4786"}],"curies":[{"name":"wp","href":"https:\/\/api.w.org\/{rel}","templated":true}]}}