{"id":4912,"date":"2017-05-05T22:30:29","date_gmt":"2017-05-05T19:30:29","guid":{"rendered":"http:\/\/eyalcohen.com\/?page_id=4912"},"modified":"2017-07-06T14:31:59","modified_gmt":"2017-07-06T11:31:59","slug":"hilfe-dieser-website-wachsen","status":"publish","type":"page","link":"https:\/\/eyalcohen.com\/de\/hilfe-dieser-website-wachsen\/","title":{"rendered":"Hilfe dieser Website wachsen"},"content":{"rendered":"<p dir=\"ltr\">Liebe Freunde;<\/p>\n<p dir=\"ltr\">Seit der Aufkl\u00e4rung, die ich im Jahr 1993 erfahren, dass meine Wahrnehmung \u00fcber das Leben und die Gesundheit ge\u00e4ndert, Ich versuche, diese wichtigen Informationen, um unser Leben zu \u00fcbergeben, die auf dieser Website und in der Buchreihe &#8220;Dinge, die Sie nicht von Ihrem Arzt h\u00f6ren &#8220;dass ich geschrieben habe.<\/p>\n<p dir=\"ltr\">Diese einzigartige Website \u00fcber den energetischen Aspekt des Lebens, bietet klare Erkl\u00e4rungen und praktische Tipps zu verhindern oder nat\u00fcrlich &#8220;chronische&#8221; Krankheiten und vielen gesundheitlichen Problemen zu heilen, die wegen der Verletzung der Energiebilanz zu entwickeln, und kann potenziell viele Menschen retten leiden und Leben .<\/p>\n<p dir=\"ltr\">Diese Website ist urspr\u00fcnglich in Hebr\u00e4isch geschrieben, und so nat\u00fcrlich die anderen Sub-Domains sind nicht so entwickelt.<\/p>\n<p dir=\"ltr\">Leider mit all meinen guten Willen, ich habe nicht die Zeit und die Ressourcen, die sie in andere Sprachen zu \u00fcbersetzen, um davon zu profitieren Menschen zu erm\u00f6glichen.<br \/>\nGl\u00fccklicherweise k\u00f6nnen Sie mir die Informationen zug\u00e4nglich in Ihrer Sprache zu helfen, sei es durch hilft mir Teile davon in Ihre Sprache zu \u00fcbersetzen.<\/p>\n<p dir=\"ltr\">Dar\u00fcber hinaus l\u00e4ssig Hilfe, ich brauche Site-Manager zu verschiedenen Sprachen.<br \/>\nEnglisch,<br \/>\nFranz\u00f6sisch,<br \/>\nSpanisch,<br \/>\nItalienisch,<br \/>\nDeutsche.<br \/>\nDie Kenntnis der Sprache als Pflicht.<\/p>\n<p dir=\"ltr\">Andere Sprachen sind willkommen<br \/>\nIn der ersten Stufe soll, arbeiten auf freiwilliger Basis durchgef\u00fchrt werden, weil dieser Website ist kostenlos und hat kein Einkommen, sondern zu einem sp\u00e4teren Zeitpunkt, wenn ich ein \u00f6konomisches Modell zu finden, werde ich gl\u00fccklich sein zu zahlen, und ich werde mein am besten Ihre Zeit und Energie zu rechtfertigen;).<\/p>\n<p dir=\"ltr\">Die Arbeit ist nat\u00fcrlich zu Hause, auf eigene Bequemlichkeit.<\/p>\n<p dir=\"ltr\">Vielen Dank<br \/>\nEyal Cohen<\/p>\n","protected":false},"excerpt":{"rendered":"<p>Liebe Freunde; Seit der Aufkl\u00e4rung, die ich im Jahr 1993 erfahren, dass meine Wahrnehmung \u00fcber das Leben und die Gesundheit ge\u00e4ndert, Ich versuche, diese wichtigen Informationen, um unser Leben zu \u00fcbergeben, die auf dieser Website und in der Buchreihe &#8220;Dinge, die Sie nicht von Ihrem Arzt h\u00f6ren &#8220;dass ich geschrieben habe. Diese einzigartige Website \u00fcber [&hellip;]<\/p>\n","protected":false},"author":2,"featured_media":0,"parent":0,"menu_order":0,"comment_status":"closed","ping_status":"closed","template":"","meta":{"_monsterinsights_skip_tracking":false,"_monsterinsights_sitenote_active":false,"_monsterinsights_sitenote_note":"","_monsterinsights_sitenote_category":0,"footnotes":""},"class_list":["post-4912","page","type-page","status-publish","hentry"],"yoast_head":"<!-- This site is optimized with the Yoast SEO plugin v27.3 - https:\/\/yoast.com\/product\/yoast-seo-wordpress\/ -->\n<title>Hilfe dieser Website wachsen - \u05d4\u05e2\u05d9\u05d3\u05df \u05d4\u05d7\u05d3\u05e9 \u05e9\u05dc \u05d0\u05d9\u05dc \u05db\u05d4\u05df<\/title>\n<meta name=\"robots\" content=\"index, follow, max-snippet:-1, max-image-preview:large, max-video-preview:-1\" \/>\n<link rel=\"canonical\" href=\"https:\/\/eyalcohen.com\/de\/hilfe-dieser-website-wachsen\/\" \/>\n<meta property=\"og:locale\" content=\"de_DE\" \/>\n<meta property=\"og:type\" content=\"article\" \/>\n<meta property=\"og:title\" content=\"Hilfe dieser Website wachsen - \u05d4\u05e2\u05d9\u05d3\u05df \u05d4\u05d7\u05d3\u05e9 \u05e9\u05dc \u05d0\u05d9\u05dc \u05db\u05d4\u05df\" \/>\n<meta property=\"og:description\" content=\"Liebe Freunde; Seit der Aufkl\u00e4rung, die ich im Jahr 1993 erfahren, dass meine Wahrnehmung \u00fcber das Leben und die Gesundheit ge\u00e4ndert, Ich versuche, diese wichtigen Informationen, um unser Leben zu \u00fcbergeben, die auf dieser Website und in der Buchreihe &#8220;Dinge, die Sie nicht von Ihrem Arzt h\u00f6ren &#8220;dass ich geschrieben habe. Diese einzigartige Website \u00fcber [&hellip;]\" \/>\n<meta property=\"og:url\" content=\"https:\/\/eyalcohen.com\/de\/hilfe-dieser-website-wachsen\/\" \/>\n<meta property=\"og:site_name\" content=\"\u05d4\u05e2\u05d9\u05d3\u05df \u05d4\u05d7\u05d3\u05e9 \u05e9\u05dc \u05d0\u05d9\u05dc \u05db\u05d4\u05df\" \/>\n<meta property=\"article:publisher\" content=\"https:\/\/www.facebook.com\/groups\/528354840531271\" \/>\n<meta property=\"article:modified_time\" content=\"2017-07-06T11:31:59+00:00\" \/>\n<meta name=\"twitter:card\" content=\"summary_large_image\" \/>\n<meta name=\"twitter:label1\" content=\"Gesch\u00e4tzte Lesezeit\" \/>\n\t<meta name=\"twitter:data1\" content=\"1\u00a0Minute\" \/>\n<script type=\"application\/ld+json\" class=\"yoast-schema-graph\">{\"@context\":\"https:\\\/\\\/schema.org\",\"@graph\":[{\"@type\":\"WebPage\",\"@id\":\"https:\\\/\\\/eyalcohen.com\\\/de\\\/hilfe-dieser-website-wachsen\\\/\",\"url\":\"https:\\\/\\\/eyalcohen.com\\\/de\\\/hilfe-dieser-website-wachsen\\\/\",\"name\":\"Hilfe dieser Website wachsen - \u05d4\u05e2\u05d9\u05d3\u05df \u05d4\u05d7\u05d3\u05e9 \u05e9\u05dc \u05d0\u05d9\u05dc \u05db\u05d4\u05df\",\"isPartOf\":{\"@id\":\"https:\\\/\\\/eyalcohen.com\\\/#website\"},\"datePublished\":\"2017-05-05T19:30:29+00:00\",\"dateModified\":\"2017-07-06T11:31:59+00:00\",\"breadcrumb\":{\"@id\":\"https:\\\/\\\/eyalcohen.com\\\/de\\\/hilfe-dieser-website-wachsen\\\/#breadcrumb\"},\"inLanguage\":\"de\",\"potentialAction\":[{\"@type\":\"ReadAction\",\"target\":[\"https:\\\/\\\/eyalcohen.com\\\/de\\\/hilfe-dieser-website-wachsen\\\/\"]}]},{\"@type\":\"BreadcrumbList\",\"@id\":\"https:\\\/\\\/eyalcohen.com\\\/de\\\/hilfe-dieser-website-wachsen\\\/#breadcrumb\",\"itemListElement\":[{\"@type\":\"ListItem\",\"position\":1,\"name\":\"\u05d3\u05e3 \u05d4\u05d1\u05d9\u05ea\",\"item\":\"https:\\\/\\\/eyalcohen.com\\\/de\\\/%d7%94%d7%a2%d7%99%d7%93%d7%9f-%d7%94%d7%97%d7%93%d7%a9-%d7%a9%d7%9c-%d7%90%d7%99%d7%9c-%d7%9b%d7%94%d7%9f\\\/\"},{\"@type\":\"ListItem\",\"position\":2,\"name\":\"Hilfe dieser Website wachsen\"}]},{\"@type\":\"WebSite\",\"@id\":\"https:\\\/\\\/eyalcohen.com\\\/#website\",\"url\":\"https:\\\/\\\/eyalcohen.com\\\/\",\"name\":\"\u05d4\u05e2\u05d9\u05d3\u05df \u05d4\u05d7\u05d3\u05e9 \u05e9\u05dc \u05d0\u05d9\u05dc \u05db\u05d4\u05df\",\"description\":\"\u05d1\u05e8\u05d9\u05d0\u05d5\u05ea \u05d8\u05d1\u05e2\u05d9\u05ea, \u05de\u05d5\u05d6\u05d9\u05e7\u05d4 \u05dc\u05d0\u05d9\u05e8\u05d5\u05e2\u05d9\u05dd \u05d5\u05de\u05d4 \u05e9\u05d1\u05d9\u05e0\u05d9\u05d4\u05dd\",\"publisher\":{\"@id\":\"https:\\\/\\\/eyalcohen.com\\\/#\\\/schema\\\/person\\\/2cf6581996d002a62e66ee8d3a64b863\"},\"potentialAction\":[{\"@type\":\"SearchAction\",\"target\":{\"@type\":\"EntryPoint\",\"urlTemplate\":\"https:\\\/\\\/eyalcohen.com\\\/?s={search_term_string}\"},\"query-input\":{\"@type\":\"PropertyValueSpecification\",\"valueRequired\":true,\"valueName\":\"search_term_string\"}}],\"inLanguage\":\"de\"},{\"@type\":[\"Person\",\"Organization\"],\"@id\":\"https:\\\/\\\/eyalcohen.com\\\/#\\\/schema\\\/person\\\/2cf6581996d002a62e66ee8d3a64b863\",\"name\":\"eyal cohen\",\"image\":{\"@type\":\"ImageObject\",\"inLanguage\":\"de\",\"@id\":\"https:\\\/\\\/eyalcohen.com\\\/wp-content\\\/uploads\\\/2015\\\/12\\\/card_reiki.jpg\",\"url\":\"https:\\\/\\\/eyalcohen.com\\\/wp-content\\\/uploads\\\/2015\\\/12\\\/card_reiki.jpg\",\"contentUrl\":\"https:\\\/\\\/eyalcohen.com\\\/wp-content\\\/uploads\\\/2015\\\/12\\\/card_reiki.jpg\",\"width\":296,\"height\":532,\"caption\":\"eyal cohen\"},\"logo\":{\"@id\":\"https:\\\/\\\/eyalcohen.com\\\/wp-content\\\/uploads\\\/2015\\\/12\\\/card_reiki.jpg\"},\"sameAs\":[\"http:\\\/\\\/eyalcohen.com\",\"https:\\\/\\\/www.facebook.com\\\/groups\\\/528354840531271\",\"https:\\\/\\\/www.instagram.com\\\/eyalchn61\\\/\"]}]}<\/script>\n<!-- \/ Yoast SEO plugin. -->","yoast_head_json":{"title":"Hilfe dieser Website wachsen - \u05d4\u05e2\u05d9\u05d3\u05df \u05d4\u05d7\u05d3\u05e9 \u05e9\u05dc \u05d0\u05d9\u05dc \u05db\u05d4\u05df","robots":{"index":"index","follow":"follow","max-snippet":"max-snippet:-1","max-image-preview":"max-image-preview:large","max-video-preview":"max-video-preview:-1"},"canonical":"https:\/\/eyalcohen.com\/de\/hilfe-dieser-website-wachsen\/","og_locale":"de_DE","og_type":"article","og_title":"Hilfe dieser Website wachsen - \u05d4\u05e2\u05d9\u05d3\u05df \u05d4\u05d7\u05d3\u05e9 \u05e9\u05dc \u05d0\u05d9\u05dc \u05db\u05d4\u05df","og_description":"Liebe Freunde; Seit der Aufkl\u00e4rung, die ich im Jahr 1993 erfahren, dass meine Wahrnehmung \u00fcber das Leben und die Gesundheit ge\u00e4ndert, Ich versuche, diese wichtigen Informationen, um unser Leben zu \u00fcbergeben, die auf dieser Website und in der Buchreihe &#8220;Dinge, die Sie nicht von Ihrem Arzt h\u00f6ren &#8220;dass ich geschrieben habe. Diese einzigartige Website \u00fcber [&hellip;]","og_url":"https:\/\/eyalcohen.com\/de\/hilfe-dieser-website-wachsen\/","og_site_name":"\u05d4\u05e2\u05d9\u05d3\u05df \u05d4\u05d7\u05d3\u05e9 \u05e9\u05dc \u05d0\u05d9\u05dc \u05db\u05d4\u05df","article_publisher":"https:\/\/www.facebook.com\/groups\/528354840531271","article_modified_time":"2017-07-06T11:31:59+00:00","twitter_card":"summary_large_image","twitter_misc":{"Gesch\u00e4tzte Lesezeit":"1\u00a0Minute"},"schema":{"@context":"https:\/\/schema.org","@graph":[{"@type":"WebPage","@id":"https:\/\/eyalcohen.com\/de\/hilfe-dieser-website-wachsen\/","url":"https:\/\/eyalcohen.com\/de\/hilfe-dieser-website-wachsen\/","name":"Hilfe dieser Website wachsen - \u05d4\u05e2\u05d9\u05d3\u05df \u05d4\u05d7\u05d3\u05e9 \u05e9\u05dc \u05d0\u05d9\u05dc \u05db\u05d4\u05df","isPartOf":{"@id":"https:\/\/eyalcohen.com\/#website"},"datePublished":"2017-05-05T19:30:29+00:00","dateModified":"2017-07-06T11:31:59+00:00","breadcrumb":{"@id":"https:\/\/eyalcohen.com\/de\/hilfe-dieser-website-wachsen\/#breadcrumb"},"inLanguage":"de","potentialAction":[{"@type":"ReadAction","target":["https:\/\/eyalcohen.com\/de\/hilfe-dieser-website-wachsen\/"]}]},{"@type":"BreadcrumbList","@id":"https:\/\/eyalcohen.com\/de\/hilfe-dieser-website-wachsen\/#breadcrumb","itemListElement":[{"@type":"ListItem","position":1,"name":"\u05d3\u05e3 \u05d4\u05d1\u05d9\u05ea","item":"https:\/\/eyalcohen.com\/de\/%d7%94%d7%a2%d7%99%d7%93%d7%9f-%d7%94%d7%97%d7%93%d7%a9-%d7%a9%d7%9c-%d7%90%d7%99%d7%9c-%d7%9b%d7%94%d7%9f\/"},{"@type":"ListItem","position":2,"name":"Hilfe dieser Website wachsen"}]},{"@type":"WebSite","@id":"https:\/\/eyalcohen.com\/#website","url":"https:\/\/eyalcohen.com\/","name":"\u05d4\u05e2\u05d9\u05d3\u05df \u05d4\u05d7\u05d3\u05e9 \u05e9\u05dc \u05d0\u05d9\u05dc \u05db\u05d4\u05df","description":"\u05d1\u05e8\u05d9\u05d0\u05d5\u05ea \u05d8\u05d1\u05e2\u05d9\u05ea, \u05de\u05d5\u05d6\u05d9\u05e7\u05d4 \u05dc\u05d0\u05d9\u05e8\u05d5\u05e2\u05d9\u05dd \u05d5\u05de\u05d4 \u05e9\u05d1\u05d9\u05e0\u05d9\u05d4\u05dd","publisher":{"@id":"https:\/\/eyalcohen.com\/#\/schema\/person\/2cf6581996d002a62e66ee8d3a64b863"},"potentialAction":[{"@type":"SearchAction","target":{"@type":"EntryPoint","urlTemplate":"https:\/\/eyalcohen.com\/?s={search_term_string}"},"query-input":{"@type":"PropertyValueSpecification","valueRequired":true,"valueName":"search_term_string"}}],"inLanguage":"de"},{"@type":["Person","Organization"],"@id":"https:\/\/eyalcohen.com\/#\/schema\/person\/2cf6581996d002a62e66ee8d3a64b863","name":"eyal cohen","image":{"@type":"ImageObject","inLanguage":"de","@id":"https:\/\/eyalcohen.com\/wp-content\/uploads\/2015\/12\/card_reiki.jpg","url":"https:\/\/eyalcohen.com\/wp-content\/uploads\/2015\/12\/card_reiki.jpg","contentUrl":"https:\/\/eyalcohen.com\/wp-content\/uploads\/2015\/12\/card_reiki.jpg","width":296,"height":532,"caption":"eyal cohen"},"logo":{"@id":"https:\/\/eyalcohen.com\/wp-content\/uploads\/2015\/12\/card_reiki.jpg"},"sameAs":["http:\/\/eyalcohen.com","https:\/\/www.facebook.com\/groups\/528354840531271","https:\/\/www.instagram.com\/eyalchn61\/"]}]}},"_links":{"self":[{"href":"https:\/\/eyalcohen.com\/de\/wp-json\/wp\/v2\/pages\/4912","targetHints":{"allow":["GET"]}}],"collection":[{"href":"https:\/\/eyalcohen.com\/de\/wp-json\/wp\/v2\/pages"}],"about":[{"href":"https:\/\/eyalcohen.com\/de\/wp-json\/wp\/v2\/types\/page"}],"author":[{"embeddable":true,"href":"https:\/\/eyalcohen.com\/de\/wp-json\/wp\/v2\/users\/2"}],"replies":[{"embeddable":true,"href":"https:\/\/eyalcohen.com\/de\/wp-json\/wp\/v2\/comments?post=4912"}],"version-history":[{"count":1,"href":"https:\/\/eyalcohen.com\/de\/wp-json\/wp\/v2\/pages\/4912\/revisions"}],"predecessor-version":[{"id":4913,"href":"https:\/\/eyalcohen.com\/de\/wp-json\/wp\/v2\/pages\/4912\/revisions\/4913"}],"wp:attachment":[{"href":"https:\/\/eyalcohen.com\/de\/wp-json\/wp\/v2\/media?parent=4912"}],"curies":[{"name":"wp","href":"https:\/\/api.w.org\/{rel}","templated":true}]}}