{"id":4898,"date":"2017-05-05T22:21:06","date_gmt":"2017-05-05T19:21:06","guid":{"rendered":"http:\/\/eyalcohen.com\/?page_id=4898"},"modified":"2017-07-06T14:31:35","modified_gmt":"2017-07-06T11:31:35","slug":"schmerzstillende-mittel","status":"publish","type":"page","link":"https:\/\/eyalcohen.com\/de\/schmerzstillende-mittel\/","title":{"rendered":"Schmerzstillende Mittel"},"content":{"rendered":"<p dir=\"ltr\" style=\"text-align: justify;\">Von: Eyal cohen<\/p>\n<p dir=\"ltr\" style=\"text-align: justify;\">Viele Studien \u00fcber Drogen schmerzlindernde eine Verbindung zwischen ihrer Verwendung und gesundheitlichen Sch\u00e4den wie H\u00f6rprobleme haben gezeigt, Fehlgeburten, Lebersch\u00e4den, Nierensch\u00e4den, Magensch\u00e4den und sogar zum Tod f\u00fchren, aber unabh\u00e4ngig von den bekannten und als gesundheitlichen Sch\u00e4den gibt es einen Aspekt, dass die herk\u00f6mmliche Konzept absieht, das erkl\u00e4rt, wie die Verwendung von Schmerzmitteln zu chronischen Schmerzen f\u00fchrt, Gelenkersatz, zerrissene Sehnen und viele andere akute Probleme.<\/p>\n<p dir=\"ltr\" style=\"text-align: justify;\">Oft, wenn Menschen unter Schmerzen leiden, w\u00e4hlen sie ein Schmerzmittel wie Aspirin oder Paracetamol zu nehmen (Acamol etc.), um normal zu funktionieren, aber bevor Sie f\u00fcr die Pillen gehen, bewusst sein, dass der Schmerz das Symptom und nicht die Krankheit, die wir heilen m\u00fcssen, und die Symptome zu behandeln k\u00f6nnen einige unerw\u00fcnschte Auswirkungen haben.<\/p>\n<p dir=\"ltr\" style=\"text-align: justify;\">Um gesundheitliche Sch\u00e4den zu vermeiden, m\u00fcssen wir die Art des Schmerzes zu verstehen. Der K\u00f6rper spricht mit uns von Empfindungen mit &#8211; und manchmal ist es sagt uns, einige sehr wichtige Dinge, die wir uns bewusst sein m\u00fcssen, auch wenn es nicht bequem ist &#8230;<\/p>\n<p dir=\"ltr\" style=\"text-align: justify;\">Der Schmerz ist eine Empfindung, die mit einer Skala von Ebenen, die uns informiert, wie dringend es ist f\u00fcr das Gewebe um sich auszuruhen und zu erholen, und warnt uns Druck von den schmerzhaften Gewebe zu reduzieren, um eine Verschlechterung zu verhindern und eine Verschlechterung des Traumas.<br \/>\nDer Schmerz ist in der Tat ein Schutzmechanismus, zum Schaden von Gewebe zu verhindern, das einen Heilungsprozess ben\u00f6tigt.<\/p>\n<p dir=\"ltr\" style=\"text-align: justify;\">Wenn Sie Schmerzmittel verwenden, den Schmerz zu bet\u00e4uben, verhindert, dass du dein Bewusstsein aus die Nachricht bekommen, dass das Gewebe zu senden versucht, um f\u00fcr Sie durch die Reduzierung Druck zu reagieren. Auf diese Weise halten Sie den Druck auf diesen Geweben, die sonst beeintr\u00e4chtigt und erodieren, was zu immer Verschlei\u00df verschlechtert. Je mehr sich die Situation verschlechtert, die st\u00e4rkeren Schmerzmittel ben\u00f6tigen Sie, bis die Gewebe auf ein Niveau ausgeh\u00f6hlt wird, dass die Schmerzmittel helfen nicht mehr, und Sie werden von qu\u00e4lenden Schmerzen und eingeschr\u00e4nkter Beweglichkeit leiden und Amputation ben\u00f6tigen oder Titan mit Gelenkersatz durch oder alternative Implantate.<\/p>\n<p dir=\"ltr\" style=\"text-align: justify;\">In der Praxis der Industrie ein gro\u00dfer Teil der enormen Gelenkimplantate, verdanken ihre Existenz des Mangels an die Auswirkungen zu verstehen &#8211; und den Missbrauch von Schmerzmitteln.<\/p>\n<p dir=\"ltr\" style=\"text-align: justify;\">Um den Schmerz durch nat\u00fcrliche Mittel zu \u00fcberwinden, zuerst m\u00fcssen wir verstehen, es ist Essenz. Schmerz es sich um eine Folge des Traumas, die Unterbrechung des Blutflusses verursacht und legt den gesamten Bereich in Not.<\/p>\n<p dir=\"ltr\" style=\"text-align: justify;\">Niemals den Schmerz widerstehen oder versuchen, gebrauchte, um es zu bekommen. Wenn Sie Schmerzen f\u00fchlen, Ruhe ist die beste Heilung der K\u00f6rper zu erholen zu k\u00f6nnen.<\/p>\n<p dir=\"ltr\" style=\"text-align: justify;\">Als Therapeut habe ich unz\u00e4hlige F\u00e4lle gesehen, dass eine normale Person &#8220;Wunder&#8221; definieren w\u00fcrde, einschlie\u00dflich der Heilung von Knorpelerosion, Entz\u00fcndungen, Gelenkschmerzen und sogar Krebs in F\u00e4llen, in jeder Art von Schmerz, empfehle ich von ganzem Herzen Reiki-Behandlungen, um zu versuchen, bevor er sich umdrehte invasive und toxische L\u00f6sungen der modernen Medizin.<\/p>\n<p dir=\"ltr\" style=\"text-align: justify;\">So wie Schmerzmittel, Reiki-Therapie signifikant reduziert Schmerzen und in den meisten F\u00e4llen beseitigt, aber der gro\u00dfe Unterschied ist, dass die Schmerzlinderung in Reiki-Therapie ist eine direkte Folge der Heilungsprozess des K\u00f6rpers ist.<\/p>\n<p dir=\"ltr\" style=\"text-align: justify;\">Anders als Schmerzmittel, die den K\u00f6rper zu bet\u00e4uben, Reiki-Behandlungen unterst\u00fctzen und st\u00e4rkt den K\u00f6rper und erm\u00f6glicht es mit einer erstaunlichen Geschwindigkeit zu rehabilitieren, und in jedem Fall kann es nicht schaden, so sollte es Priorit\u00e4t haben.<\/p>\n<hr \/>\n<p dir=\"ltr\" style=\"text-align: justify;\">Dieser Teil der Website wurde mit Google Translate \u00fcbersetzt.<br \/>\nSie k\u00f6nnen es im Prinzip zu verstehen, aber es wird empfohlen, in Englisch zu lesen, wenn Sie die Informationen ben\u00f6tigen.<br \/>\nUnd wenn Sie mich mit einer \u00dcbersetzung eines Teils oder von Teilen dieser Website helfen k\u00f6nnen,<\/p>\n<p dir=\"ltr\" style=\"text-align: justify;\">Ich bin dankbar, aber auch viele andere.<\/p>\n<p>http:\/\/eyalcohen.com\/en\/pain-killers\/<\/p>\n","protected":false},"excerpt":{"rendered":"<p>Von: Eyal cohen Viele Studien \u00fcber Drogen schmerzlindernde eine Verbindung zwischen ihrer Verwendung und gesundheitlichen Sch\u00e4den wie H\u00f6rprobleme haben gezeigt, Fehlgeburten, Lebersch\u00e4den, Nierensch\u00e4den, Magensch\u00e4den und sogar zum Tod f\u00fchren, aber unabh\u00e4ngig von den bekannten und als gesundheitlichen Sch\u00e4den gibt es einen Aspekt, dass die herk\u00f6mmliche Konzept absieht, das erkl\u00e4rt, wie die Verwendung von Schmerzmitteln zu [&hellip;]<\/p>\n","protected":false},"author":2,"featured_media":0,"parent":0,"menu_order":0,"comment_status":"open","ping_status":"open","template":"","meta":{"_monsterinsights_skip_tracking":false,"_monsterinsights_sitenote_active":false,"_monsterinsights_sitenote_note":"","_monsterinsights_sitenote_category":0,"footnotes":""},"class_list":["post-4898","page","type-page","status-publish","hentry"],"yoast_head":"<!-- This site is optimized with the Yoast SEO plugin v27.3 - https:\/\/yoast.com\/product\/yoast-seo-wordpress\/ -->\n<title>Schmerzstillende Mittel - \u05d4\u05e2\u05d9\u05d3\u05df \u05d4\u05d7\u05d3\u05e9 \u05e9\u05dc \u05d0\u05d9\u05dc \u05db\u05d4\u05df<\/title>\n<meta name=\"robots\" content=\"index, follow, max-snippet:-1, max-image-preview:large, max-video-preview:-1\" \/>\n<link rel=\"canonical\" href=\"https:\/\/eyalcohen.com\/de\/schmerzstillende-mittel\/\" \/>\n<meta property=\"og:locale\" content=\"de_DE\" \/>\n<meta property=\"og:type\" content=\"article\" \/>\n<meta property=\"og:title\" content=\"Schmerzstillende Mittel - \u05d4\u05e2\u05d9\u05d3\u05df \u05d4\u05d7\u05d3\u05e9 \u05e9\u05dc \u05d0\u05d9\u05dc \u05db\u05d4\u05df\" \/>\n<meta property=\"og:description\" content=\"Von: Eyal cohen Viele Studien \u00fcber Drogen schmerzlindernde eine Verbindung zwischen ihrer Verwendung und gesundheitlichen Sch\u00e4den wie H\u00f6rprobleme haben gezeigt, Fehlgeburten, Lebersch\u00e4den, Nierensch\u00e4den, Magensch\u00e4den und sogar zum Tod f\u00fchren, aber unabh\u00e4ngig von den bekannten und als gesundheitlichen Sch\u00e4den gibt es einen Aspekt, dass die herk\u00f6mmliche Konzept absieht, das erkl\u00e4rt, wie die Verwendung von Schmerzmitteln zu [&hellip;]\" \/>\n<meta property=\"og:url\" content=\"https:\/\/eyalcohen.com\/de\/schmerzstillende-mittel\/\" \/>\n<meta property=\"og:site_name\" content=\"\u05d4\u05e2\u05d9\u05d3\u05df \u05d4\u05d7\u05d3\u05e9 \u05e9\u05dc \u05d0\u05d9\u05dc \u05db\u05d4\u05df\" \/>\n<meta property=\"article:publisher\" content=\"https:\/\/www.facebook.com\/groups\/528354840531271\" \/>\n<meta property=\"article:modified_time\" content=\"2017-07-06T11:31:35+00:00\" \/>\n<meta name=\"twitter:card\" content=\"summary_large_image\" \/>\n<meta name=\"twitter:label1\" content=\"Gesch\u00e4tzte Lesezeit\" \/>\n\t<meta name=\"twitter:data1\" content=\"3\u00a0Minuten\" \/>\n<script type=\"application\/ld+json\" class=\"yoast-schema-graph\">{\"@context\":\"https:\\\/\\\/schema.org\",\"@graph\":[{\"@type\":\"WebPage\",\"@id\":\"https:\\\/\\\/eyalcohen.com\\\/de\\\/schmerzstillende-mittel\\\/\",\"url\":\"https:\\\/\\\/eyalcohen.com\\\/de\\\/schmerzstillende-mittel\\\/\",\"name\":\"Schmerzstillende Mittel - \u05d4\u05e2\u05d9\u05d3\u05df \u05d4\u05d7\u05d3\u05e9 \u05e9\u05dc \u05d0\u05d9\u05dc \u05db\u05d4\u05df\",\"isPartOf\":{\"@id\":\"https:\\\/\\\/eyalcohen.com\\\/#website\"},\"datePublished\":\"2017-05-05T19:21:06+00:00\",\"dateModified\":\"2017-07-06T11:31:35+00:00\",\"breadcrumb\":{\"@id\":\"https:\\\/\\\/eyalcohen.com\\\/de\\\/schmerzstillende-mittel\\\/#breadcrumb\"},\"inLanguage\":\"de\",\"potentialAction\":[{\"@type\":\"ReadAction\",\"target\":[\"https:\\\/\\\/eyalcohen.com\\\/de\\\/schmerzstillende-mittel\\\/\"]}]},{\"@type\":\"BreadcrumbList\",\"@id\":\"https:\\\/\\\/eyalcohen.com\\\/de\\\/schmerzstillende-mittel\\\/#breadcrumb\",\"itemListElement\":[{\"@type\":\"ListItem\",\"position\":1,\"name\":\"\u05d3\u05e3 \u05d4\u05d1\u05d9\u05ea\",\"item\":\"https:\\\/\\\/eyalcohen.com\\\/de\\\/%d7%94%d7%a2%d7%99%d7%93%d7%9f-%d7%94%d7%97%d7%93%d7%a9-%d7%a9%d7%9c-%d7%90%d7%99%d7%9c-%d7%9b%d7%94%d7%9f\\\/\"},{\"@type\":\"ListItem\",\"position\":2,\"name\":\"Schmerzstillende Mittel\"}]},{\"@type\":\"WebSite\",\"@id\":\"https:\\\/\\\/eyalcohen.com\\\/#website\",\"url\":\"https:\\\/\\\/eyalcohen.com\\\/\",\"name\":\"\u05d4\u05e2\u05d9\u05d3\u05df \u05d4\u05d7\u05d3\u05e9 \u05e9\u05dc \u05d0\u05d9\u05dc \u05db\u05d4\u05df\",\"description\":\"\u05d1\u05e8\u05d9\u05d0\u05d5\u05ea \u05d8\u05d1\u05e2\u05d9\u05ea, \u05de\u05d5\u05d6\u05d9\u05e7\u05d4 \u05dc\u05d0\u05d9\u05e8\u05d5\u05e2\u05d9\u05dd \u05d5\u05de\u05d4 \u05e9\u05d1\u05d9\u05e0\u05d9\u05d4\u05dd\",\"publisher\":{\"@id\":\"https:\\\/\\\/eyalcohen.com\\\/#\\\/schema\\\/person\\\/2cf6581996d002a62e66ee8d3a64b863\"},\"potentialAction\":[{\"@type\":\"SearchAction\",\"target\":{\"@type\":\"EntryPoint\",\"urlTemplate\":\"https:\\\/\\\/eyalcohen.com\\\/?s={search_term_string}\"},\"query-input\":{\"@type\":\"PropertyValueSpecification\",\"valueRequired\":true,\"valueName\":\"search_term_string\"}}],\"inLanguage\":\"de\"},{\"@type\":[\"Person\",\"Organization\"],\"@id\":\"https:\\\/\\\/eyalcohen.com\\\/#\\\/schema\\\/person\\\/2cf6581996d002a62e66ee8d3a64b863\",\"name\":\"eyal cohen\",\"image\":{\"@type\":\"ImageObject\",\"inLanguage\":\"de\",\"@id\":\"https:\\\/\\\/eyalcohen.com\\\/wp-content\\\/uploads\\\/2015\\\/12\\\/card_reiki.jpg\",\"url\":\"https:\\\/\\\/eyalcohen.com\\\/wp-content\\\/uploads\\\/2015\\\/12\\\/card_reiki.jpg\",\"contentUrl\":\"https:\\\/\\\/eyalcohen.com\\\/wp-content\\\/uploads\\\/2015\\\/12\\\/card_reiki.jpg\",\"width\":296,\"height\":532,\"caption\":\"eyal cohen\"},\"logo\":{\"@id\":\"https:\\\/\\\/eyalcohen.com\\\/wp-content\\\/uploads\\\/2015\\\/12\\\/card_reiki.jpg\"},\"sameAs\":[\"http:\\\/\\\/eyalcohen.com\",\"https:\\\/\\\/www.facebook.com\\\/groups\\\/528354840531271\",\"https:\\\/\\\/www.instagram.com\\\/eyalchn61\\\/\"]}]}<\/script>\n<!-- \/ Yoast SEO plugin. -->","yoast_head_json":{"title":"Schmerzstillende Mittel - \u05d4\u05e2\u05d9\u05d3\u05df \u05d4\u05d7\u05d3\u05e9 \u05e9\u05dc \u05d0\u05d9\u05dc \u05db\u05d4\u05df","robots":{"index":"index","follow":"follow","max-snippet":"max-snippet:-1","max-image-preview":"max-image-preview:large","max-video-preview":"max-video-preview:-1"},"canonical":"https:\/\/eyalcohen.com\/de\/schmerzstillende-mittel\/","og_locale":"de_DE","og_type":"article","og_title":"Schmerzstillende Mittel - \u05d4\u05e2\u05d9\u05d3\u05df \u05d4\u05d7\u05d3\u05e9 \u05e9\u05dc \u05d0\u05d9\u05dc \u05db\u05d4\u05df","og_description":"Von: Eyal cohen Viele Studien \u00fcber Drogen schmerzlindernde eine Verbindung zwischen ihrer Verwendung und gesundheitlichen Sch\u00e4den wie H\u00f6rprobleme haben gezeigt, Fehlgeburten, Lebersch\u00e4den, Nierensch\u00e4den, Magensch\u00e4den und sogar zum Tod f\u00fchren, aber unabh\u00e4ngig von den bekannten und als gesundheitlichen Sch\u00e4den gibt es einen Aspekt, dass die herk\u00f6mmliche Konzept absieht, das erkl\u00e4rt, wie die Verwendung von Schmerzmitteln zu [&hellip;]","og_url":"https:\/\/eyalcohen.com\/de\/schmerzstillende-mittel\/","og_site_name":"\u05d4\u05e2\u05d9\u05d3\u05df \u05d4\u05d7\u05d3\u05e9 \u05e9\u05dc \u05d0\u05d9\u05dc \u05db\u05d4\u05df","article_publisher":"https:\/\/www.facebook.com\/groups\/528354840531271","article_modified_time":"2017-07-06T11:31:35+00:00","twitter_card":"summary_large_image","twitter_misc":{"Gesch\u00e4tzte Lesezeit":"3\u00a0Minuten"},"schema":{"@context":"https:\/\/schema.org","@graph":[{"@type":"WebPage","@id":"https:\/\/eyalcohen.com\/de\/schmerzstillende-mittel\/","url":"https:\/\/eyalcohen.com\/de\/schmerzstillende-mittel\/","name":"Schmerzstillende Mittel - \u05d4\u05e2\u05d9\u05d3\u05df \u05d4\u05d7\u05d3\u05e9 \u05e9\u05dc \u05d0\u05d9\u05dc \u05db\u05d4\u05df","isPartOf":{"@id":"https:\/\/eyalcohen.com\/#website"},"datePublished":"2017-05-05T19:21:06+00:00","dateModified":"2017-07-06T11:31:35+00:00","breadcrumb":{"@id":"https:\/\/eyalcohen.com\/de\/schmerzstillende-mittel\/#breadcrumb"},"inLanguage":"de","potentialAction":[{"@type":"ReadAction","target":["https:\/\/eyalcohen.com\/de\/schmerzstillende-mittel\/"]}]},{"@type":"BreadcrumbList","@id":"https:\/\/eyalcohen.com\/de\/schmerzstillende-mittel\/#breadcrumb","itemListElement":[{"@type":"ListItem","position":1,"name":"\u05d3\u05e3 \u05d4\u05d1\u05d9\u05ea","item":"https:\/\/eyalcohen.com\/de\/%d7%94%d7%a2%d7%99%d7%93%d7%9f-%d7%94%d7%97%d7%93%d7%a9-%d7%a9%d7%9c-%d7%90%d7%99%d7%9c-%d7%9b%d7%94%d7%9f\/"},{"@type":"ListItem","position":2,"name":"Schmerzstillende Mittel"}]},{"@type":"WebSite","@id":"https:\/\/eyalcohen.com\/#website","url":"https:\/\/eyalcohen.com\/","name":"\u05d4\u05e2\u05d9\u05d3\u05df \u05d4\u05d7\u05d3\u05e9 \u05e9\u05dc \u05d0\u05d9\u05dc \u05db\u05d4\u05df","description":"\u05d1\u05e8\u05d9\u05d0\u05d5\u05ea \u05d8\u05d1\u05e2\u05d9\u05ea, \u05de\u05d5\u05d6\u05d9\u05e7\u05d4 \u05dc\u05d0\u05d9\u05e8\u05d5\u05e2\u05d9\u05dd \u05d5\u05de\u05d4 \u05e9\u05d1\u05d9\u05e0\u05d9\u05d4\u05dd","publisher":{"@id":"https:\/\/eyalcohen.com\/#\/schema\/person\/2cf6581996d002a62e66ee8d3a64b863"},"potentialAction":[{"@type":"SearchAction","target":{"@type":"EntryPoint","urlTemplate":"https:\/\/eyalcohen.com\/?s={search_term_string}"},"query-input":{"@type":"PropertyValueSpecification","valueRequired":true,"valueName":"search_term_string"}}],"inLanguage":"de"},{"@type":["Person","Organization"],"@id":"https:\/\/eyalcohen.com\/#\/schema\/person\/2cf6581996d002a62e66ee8d3a64b863","name":"eyal cohen","image":{"@type":"ImageObject","inLanguage":"de","@id":"https:\/\/eyalcohen.com\/wp-content\/uploads\/2015\/12\/card_reiki.jpg","url":"https:\/\/eyalcohen.com\/wp-content\/uploads\/2015\/12\/card_reiki.jpg","contentUrl":"https:\/\/eyalcohen.com\/wp-content\/uploads\/2015\/12\/card_reiki.jpg","width":296,"height":532,"caption":"eyal cohen"},"logo":{"@id":"https:\/\/eyalcohen.com\/wp-content\/uploads\/2015\/12\/card_reiki.jpg"},"sameAs":["http:\/\/eyalcohen.com","https:\/\/www.facebook.com\/groups\/528354840531271","https:\/\/www.instagram.com\/eyalchn61\/"]}]}},"_links":{"self":[{"href":"https:\/\/eyalcohen.com\/de\/wp-json\/wp\/v2\/pages\/4898","targetHints":{"allow":["GET"]}}],"collection":[{"href":"https:\/\/eyalcohen.com\/de\/wp-json\/wp\/v2\/pages"}],"about":[{"href":"https:\/\/eyalcohen.com\/de\/wp-json\/wp\/v2\/types\/page"}],"author":[{"embeddable":true,"href":"https:\/\/eyalcohen.com\/de\/wp-json\/wp\/v2\/users\/2"}],"replies":[{"embeddable":true,"href":"https:\/\/eyalcohen.com\/de\/wp-json\/wp\/v2\/comments?post=4898"}],"version-history":[{"count":1,"href":"https:\/\/eyalcohen.com\/de\/wp-json\/wp\/v2\/pages\/4898\/revisions"}],"predecessor-version":[{"id":4899,"href":"https:\/\/eyalcohen.com\/de\/wp-json\/wp\/v2\/pages\/4898\/revisions\/4899"}],"wp:attachment":[{"href":"https:\/\/eyalcohen.com\/de\/wp-json\/wp\/v2\/media?parent=4898"}],"curies":[{"name":"wp","href":"https:\/\/api.w.org\/{rel}","templated":true}]}}