{"id":4896,"date":"2017-05-05T22:18:42","date_gmt":"2017-05-05T19:18:42","guid":{"rendered":"http:\/\/eyalcohen.com\/?page_id=4896"},"modified":"2017-07-06T14:31:21","modified_gmt":"2017-07-06T11:31:21","slug":"diabetes","status":"publish","type":"page","link":"https:\/\/eyalcohen.com\/de\/diabetes\/","title":{"rendered":"Diabetes"},"content":{"rendered":"<p dir=\"ltr\" style=\"text-align: justify;\">Durch Eyal Cohen<\/p>\n<p dir=\"ltr\" style=\"text-align: justify;\">Diabetes gilt als eine Stoffwechselst\u00f6rung zu sein, die verbunden ist &#8211; zu Unrecht, mit Zuckerkonsum.<\/p>\n<p dir=\"ltr\" style=\"text-align: justify;\">Die traurige Wahrheit \u00fcber Diabetes, wie viele andere Krankheiten, gibt es keine Verbindung zwischen den wissenschaftlichen und medizinischen Wahrnehmung und Wirklichkeit, und solange man nicht krank sind, gibt es keine Begrenzung f\u00fcr die Menge an Zucker, die man haben kann &#8211; nat\u00fcrlich , ohne wilde \u00dcbertreibung. In jedem Fall gibt es keine Notwendigkeit f\u00fcr Hysterie, die an sich Diabetes verursachen.<\/p>\n<p dir=\"ltr\" style=\"text-align: justify;\">\u00a0\u00dcbersch\u00fcssiger Zucker ist nicht gesund, wie es Ihre Z\u00e4hne verfaulen machen, machen Sie Fett und Blut und Darmparasiten zu f\u00f6rdern, und wie alles andere wird \u00fcber den Verbrauch nicht zu empfehlen, aber wie Sie bald verstehen, gibt es keinerlei Zusammenhang zwischen Zuckerkonsum und immer Diabetiker.<\/p>\n<p dir=\"ltr\" style=\"text-align: justify;\">Was k\u00f6nnte irref\u00fchrend sein, ist die Tatsache, dass, wenn Sie bereits Diabetes haben, Sie streng an den Zuckerhaushalt im Blut halten m\u00fcssen, verwenden Sie Insulin, wenn Blutzucker steigt &#8211; und immer mit Lebensmitteln best\u00fcckt werden, wenn der Zucker ab ist.<\/p>\n<p dir=\"ltr\" style=\"text-align: justify;\">Die Wahrheit ist, dass Diabetes eine Krankheit, von Energie, und daher zu verstehen, warum und wie es sich entwickelt, und die st\u00e4ndige Zunahme in seiner Erscheinung, ist es wichtig, die verschiedenen Systeme im K\u00f6rper in den energetischen Aspekt zu verstehen. Detaillierte Informationen \u00fcber die Karosserie Energiedimension kann ein Buch finde ich &#8220;(j) Geheimnisse der Sch\u00f6pfung &#8211; Die Energiebilanz des K\u00f6rpers und des Lebens&#8221; geschrieben, aber hier werden wir gezielt die Funktion der Bauchspeicheldr\u00fcse im K\u00f6rper des Energiesystems zu diskutieren, zu erkl\u00e4ren, die Diabetes.<\/p>\n<p dir=\"ltr\" style=\"text-align: justify;\">Diabetes entwickelt sich wegen der Bauchspeicheldr\u00fcse Versagen.<\/p>\n<p dir=\"ltr\" style=\"text-align: justify;\">Die Bauchspeicheldr\u00fcse ist eine Dr\u00fcse, die ein Hormon namens Insulin in den Blutstrom sekretiert, die f\u00fcr den Zucker aus der Nahrung in die Zellen einzudringen, wesentlich ist, wo die Arbeit tun und Energie zu machen.<br \/>\nOhne Insulin kann Glukose nicht in Zellen eindringen und reichert sich im Blut, und der K\u00f6rper Energie nicht selbst herstellen kann, die in vielen verschiedenen Symptome der Krankheit zum Ausdruck gebracht werden kann und sogar zum Tod f\u00fchren.<\/p>\n<p dir=\"ltr\" style=\"text-align: justify;\">Es gibt zwei Hauptgr\u00fcnde zu Pankreas Versagen, von denen keine nichts mit Zuckerverbrauch zu tun hat.<\/p>\n<p dir=\"ltr\" style=\"text-align: justify;\">Eine ist Pankreatitis (Entz\u00fcndung der Bauchspeicheldr\u00fcse), die Teil der Bauchspeicheldr\u00fcse verbraucht und reduziert dessen F\u00e4higkeit, die Insulin produzieren. Diese ausbricht normalerweise nach der Person, die ein ungekl\u00e4rtes Fieber bekommt, weil die \u00c4rzte nicht Infektion in der Bauchspeicheldr\u00fcse zu diagnostizieren.<\/p>\n<p dir=\"ltr\" style=\"text-align: justify;\">Die zweite Art von Diabetes, die die gemeinsame ist, entwickelt sich aus energetischen Ursachen, die in unserer Kultur sind nicht politisch korrekt, und Wissenschaft und Medizin systematisch ignoriert. Um zu verstehen, warum und wie es sich entwickelt &#8211; und mehr Kontrolle dar\u00fcber haben, m\u00fcssen wir verstehen, wie und was macht die Bauchspeicheldr\u00fcse Arbeit.<\/p>\n<p dir=\"ltr\" style=\"text-align: justify;\">Die Bauchspeicheldr\u00fcse reagiert auf verschiedene Situationen, in denen der K\u00f6rper verschiedene Ebenen der Energiebedarf, um die Menge an Insulin absondert Regulieren es. In stressigen Bedingungen braucht es mehr Insulin absondern und in ruhigeren Zeiten kann es sich auszuruhen und zu erholen.<\/p>\n<p dir=\"ltr\" style=\"text-align: justify;\">Je mehr Energie wir zum Zweck m\u00fcssen auf bestimmte Situationen reagieren, muss die Bauchspeicheldr\u00fcse, h\u00e4rter zu arbeiten, mehr Insulin zu produzieren, um die Zellen zu erm\u00f6glichen, die Energie zu produzieren.<\/p>\n<p dir=\"ltr\" style=\"text-align: justify;\">Die Bauchspeicheldr\u00fcse, wie jedes andere Organ im K\u00f6rper, desto mehr aktiv ist, in sie die Blutgef\u00e4\u00dfe verengen, bis sie das Blut nicht liefern kann, die f\u00fcr die Zwecke der Funktion ben\u00f6tigt wird, und so, desto schwieriger wird es funktioniert, desto weniger Blut wird es.<\/p>\n<p dir=\"ltr\" style=\"text-align: justify;\">In der Realit\u00e4t, die wir heute leben, bringt viele Situationen, die wir uns unter Stress. Einige sind vor\u00fcbergehend und einige sind konstant, aber in unserer wilden wettbewerbsf\u00e4higen kapitalistischen Gesellschaft von Recht und Ordnung, aus vielen verschiedenen Gr\u00fcnden k\u00f6nnen wir nicht antworten.<\/p>\n<p dir=\"ltr\" style=\"text-align: justify;\">Gef\u00fchle wie Stress, \u00c4rger, Wut, Eifersucht, Missbrauch, Gef\u00fchl der Entbehrung, Erniedrigung, Scheitern &#8211; und viele andere, schaffen in uns den Drang zu reagieren (Revenge = energetische Gleichgewicht). Teil der Drang ist tats\u00e4chlich das Ergebnis des Pankreas h\u00e4rter arbeitet Insulin zu produzieren, um die Energie zu schaffen, mit zu reagieren, aber in F\u00e4llen, in denen der Druck konstant ist, ist unsere Bauchspeicheldr\u00fcse arbeitet hart, im Laufe der Zeit.<\/p>\n<p dir=\"ltr\" style=\"text-align: justify;\">Der moralische Faktor:<\/p>\n<p dir=\"ltr\" style=\"text-align: justify;\">Wir leben in einer Gesellschaft von Recht und Ordnung, die sich schnell wilde geworden ist. Neue Gesetze Gesetze erlassen werden, w\u00e4hrend alte Gesetze nie aufgehoben werden, und die Folge ist ein Dschungel von Gesetzen, die immer dichter wird immer, und jede Bewegung, die ein Mensch als Verbrechen ausgelegt werden kann, macht, und gegen ihn verwendet werden, um ihn zu machen zahlen Geld oder ihn seiner Freiheit zu berauben. Das Geld ist Energie. Wir brauchen Geld f\u00fcr den Stoffwechsel, die unser K\u00f6rper Energie zu produzieren tut.<\/p>\n<p dir=\"ltr\" style=\"text-align: justify;\">Ein gro\u00dfer Teil dieser Belastung wird durch den Mangel an Moral in der modernen Gesellschaft und Regierungssysteme verursacht, die Menschen immoraly nutzen, die das Gesetz in einem Geld Melkmaschine drehen durch das Rechtssystem zu missbrauchen, w\u00e4hrend energisch Not verursacht.<\/p>\n<p dir=\"ltr\" style=\"text-align: justify;\">In den meisten F\u00e4llen schleicht sich die Krankheit auf und entwickelt sich allm\u00e4hlich ohne offenkundige Symptome im Laufe der Jahre, als Folge der anhaltenden Stress, die die Bauchspeicheldr\u00fcse Situation allm\u00e4hlich verschlechtert, bis der Blutfluss in der Bauchspeicheldr\u00fcse nicht mehr ausreicht. Als Ergebnis, dass die Menge und die Qualit\u00e4t des Insulins es sinkt produzieren kann, und die Person wird als Diabetiker diagnostiziert. in der wettbewerbsorientierten Welt in der wir leben, sind wir unter Dauerstress aus vielen verschiedenen Gr\u00fcnden. Einschlie\u00dflich bekommen gute Noten als Kinder, Lebenshaltungskosten, Atmosph\u00e4re, Staus, Sicherheitsrisiken, Arbeitsdruck, famili\u00e4ren Druck, usw.<\/p>\n<p dir=\"ltr\" style=\"text-align: justify;\">Zus\u00e4tzlich zu den normalen Stress, von Zeit zu Zeit erleben wir Zeiten extremer Belastung, die die Zerst\u00f6rung der Bauchspeicheldr\u00fcse steigt.<\/p>\n<p dir=\"ltr\" style=\"text-align: justify;\">In seltenen F\u00e4llen kann Diabetes entwickeln werden schnell wegen Situationen extremer Wut. Dies ist, wenn wir Magenschmerzen f\u00fchlen, die aus der Kontraktion der Blutgef\u00e4\u00dfe in der Bauchspeicheldr\u00fcse f\u00fchren, dass Pankreasinsuffizienz f\u00fchren.<\/p>\n<p dir=\"ltr\" style=\"text-align: justify;\">Ich will Ihnen ein Beispiel von Stressfaktoren auf die allgemeine Bev\u00f6lkerung in Bezug zu geben, dass wir nicht ber\u00fccksichtigen k\u00f6nnen, aber sie haben eine ernste Auswirkungen auf unsere Gesundheit als Individuen und als Gesellschaft:<\/p>\n<p dir=\"ltr\" style=\"text-align: justify;\">Eine Gemeinde \u00fcbt zunehmenden Druck auf die Bewohner von Rechtsparkpl\u00e4tze reduziert und schwere Strafzettel zu geben, denen die Fahrer, die gezwungen sind, in verbotene Bereiche zu parken gezwungen sind, zu zahlen. In einigen F\u00e4llen entdecken die Fahrer, dass ihr Fahrzeug abgeschleppt worden ist, und sie sind gezwungen, ein Taxi zu nehmen und f\u00fcr sie, zus\u00e4tzlich zu den gro\u00dfen Mengen f\u00fcr das Abschleppen und f\u00fcr die Strafe zahlen.<\/p>\n<p dir=\"ltr\" style=\"text-align: justify;\">Sicherlich wollen Sie etwas in dieser Situation zu brechen.<\/p>\n<p dir=\"ltr\" style=\"text-align: justify;\">In \u00e4hnlicher Weise nur Begrenzung Fahrgeschwindigkeit in offenen Stra\u00dfen, um so viel Geld wie m\u00f6glich von den ersch\u00f6pften Fahrern zu erpressen ist unmoralisch Verhalten, das die ganze Gesellschaft f\u00fcr hohen Preis bezahlt. F\u00fcr diese Zwecke gibt es eine gro\u00dfe Vielfalt an technischen Mitteln, wie High-Speed-Kameras, Stra\u00dfenkameras, Laser verschiedener Arten und sogar zeplins Bilder vom Himmel zu nehmen und senden Tickets mit Geldstrafen zu den Fahrern. Diese Ma\u00dfnahmen stellen eine wirtschaftliche Bedrohung und ein \u00c4rgernis f\u00fcr den Fahrer, der betont wird, w\u00e4hrend der Fahrt. Viele Menschen arbeiten den ganzen Tag lang in der Fahrt, und f\u00fcr sie der Stress geht weiter und erh\u00f6ht. Polizei und Gemeinde Berichte verursachen ziemlich viel Stress und sind verantwortlich f\u00fcr viele F\u00e4lle von Diabetes und unz\u00e4hlige andere Krankheiten, die wir je mehr wir verstehen, den K\u00f6rper vor dem energetischen Aspekt zu erkennen lernen.<\/p>\n<p dir=\"ltr\" style=\"text-align: justify;\">Es gibt zwei Dinge moralische Probleme in der Art und Weise dieses System funktioniert. Eine davon ist die Brutalit\u00e4t: verantwortlich Geldbu\u00dfe sollte nicht mehr als f\u00fcnf Prozent des Durchschnittslohns nicht \u00fcberschreiten. Bu\u00dfgelder, die Menschen zwingen, mehr zu zahlen, dass diese sind so eine Art Sklaverei, manhunt und sogar Kannibalismus, sondern die Menschen Fleisch essen, nimmt die Beh\u00f6rden die Energie aus ihm heraus.<\/p>\n<p dir=\"ltr\" style=\"text-align: justify;\">Die zweite ist, dass das Geld von den Geldstrafen gesammelt direkt an die Beh\u00f6rde geht, die die Strafen verh\u00e4ngt werden, deshalb motiviert sie so viele Strafen wie m\u00f6glich zu geben. Moralische Geldbu\u00dfen an gemeinn\u00fctzige Organisationen gehen, die das moralische Problem von \u00fcber -tz otivation enden w\u00fcrde, die Geldbu\u00dfen zu verh\u00e4ngen.<\/p>\n<p dir=\"ltr\" style=\"text-align: justify;\">Heute Kannibalismus ist nicht in der westlichen Gesellschaft akzeptiert, aber wir haben eine neue Form von Kannibalismus geschaffen, das die Energie von dem Mann saugt.<\/p>\n<p dir=\"ltr\" style=\"text-align: justify;\">Eine korrupte Regierungssystem, das jeden Tropfen Energie von B\u00fcrgern in Not quetscht, weil es nicht die Bewohner mit den richtigen Leistungen erbringt, (zB Parkpl\u00e4tze) ist ein Stressfaktoren, die die gesamte Gesellschaft schadet, es mit verschiedenen Krankheiten geschw\u00e4cht, dass k\u00f6nnte schlie\u00dflich zum Einsturz bringen.<\/p>\n<p dir=\"ltr\" style=\"text-align: justify;\">Daher wird die Verbindung zwischen Diabetes und Herzerkrankungen. Wenn der Druck in unserer Umgebung w\u00e4chst, desto gr\u00f6\u00dfer ist die Belastung auf die Bauchspeicheldr\u00fcse, das Gef\u00e4\u00dfsystem und das Herz, das den Blutdruck erh\u00f6ht, was wiederum viele andere gesundheitliche Probleme, wie die Zerst\u00f6rung der Nieren verursacht, Augen Sch\u00e4den und andere K\u00f6rperorgane, die empfindliche Kapillaren, die zu Systemausfall anf\u00e4llig sind.<\/p>\n<p dir=\"ltr\" style=\"text-align: justify;\">Diabetes ist nicht etwas, das die leichte Schulter genommen werden kann, wie es zur Amputation von Gliedma\u00dfen, Unfruchtbarkeit, Geburtssch\u00e4den und starken R\u00fcckgang der Lebensqualit\u00e4t f\u00fchren kann und so, je mehr Menschen krank werden, desto gr\u00f6\u00dfer ist die Gefahr f\u00fcr die Gesellschaft.<\/p>\n<p dir=\"ltr\" style=\"text-align: justify;\">Medizinische Behandlung hat einige Nachteile, da sie nur die Symptome behandelt, es beinhaltet eine radikale Ver\u00e4nderung des Lebensstils f\u00fcr das Leben, es ist nicht zu rehabilitieren, aber degeneriert, was der Bauchspeicheldr\u00fcse bleibt.<\/p>\n<p dir=\"ltr\" style=\"text-align: justify;\">Um zu verhindern, Diabetes oder ihre Verschlimmerung zu verhindern, vermeiden \u00c4rger und negative Energien so weit wie m\u00f6glich. Und G\u00e4hnen atmen tief, so viel wie m\u00f6glich. Es gibt viele Arten der Therapie, die Sie, um \u00fcben k\u00f6nnen um erfolgreich zu sein. Atmen Sie tief durch und g\u00e4hnen, so viel wie Sie k\u00f6nnen, wenn Sie unter Druck stehen.<\/p>\n<p dir=\"ltr\" style=\"text-align: justify;\">Wenn Sie Diabetiker, wie bei jeder Krankheit, die von Durchblutungsst\u00f6rungen f\u00fchrt, nach dem Lernen, dass Sie, um sich zu entspannen m\u00fcssen die Verschlechterung der Bauchspeicheldr\u00fcse zu stoppen, wenn Sie einen anderen Schritt machen wollen und versuchen, den Diabetes zu heilen, versuchen Reiki-Behandlungen, dass balanciert die Energien und die F\u00f6rderung Durchblutung und den Stoffwechsel, in der sehr freundlich und effizient. Ich glaube, dass wenn man den richtigen Praktiker finden und genug bekommen Behandlungen, kann es sogar zur Verwertung f\u00fchren.<\/p>\n<p dir=\"ltr\" style=\"text-align: justify;\">Viel Gl\u00fcck<\/p>\n<p dir=\"ltr\" style=\"text-align: justify;\">Eyal Cohen<\/p>\n<hr dir=\"ltr\" \/>\n<p dir=\"ltr\" style=\"text-align: justify;\">Dieser Teil der Website wurde mit Google Translate \u00fcbersetzt.<br \/>\nSie k\u00f6nnen es im Prinzip zu verstehen, aber es wird empfohlen, in Englisch zu lesen, wenn Sie die Informationen ben\u00f6tigen.<br \/>\nUnd wenn Sie mich mit einer \u00dcbersetzung eines Teils oder von Teilen dieser Website helfen k\u00f6nnen,<\/p>\n<p dir=\"ltr\" style=\"text-align: justify;\">Ich bin dankbar, aber auch viele andere.<\/p>\n<p>http:\/\/eyalcohen.com\/en\/diabetes-as-an-energetic-disease\/<\/p>\n<p dir=\"ltr\" style=\"text-align: justify;\">\n","protected":false},"excerpt":{"rendered":"<p>Durch Eyal Cohen Diabetes gilt als eine Stoffwechselst\u00f6rung zu sein, die verbunden ist &#8211; zu Unrecht, mit Zuckerkonsum. Die traurige Wahrheit \u00fcber Diabetes, wie viele andere Krankheiten, gibt es keine Verbindung zwischen den wissenschaftlichen und medizinischen Wahrnehmung und Wirklichkeit, und solange man nicht krank sind, gibt es keine Begrenzung f\u00fcr die Menge an Zucker, die [&hellip;]<\/p>\n","protected":false},"author":2,"featured_media":0,"parent":0,"menu_order":0,"comment_status":"open","ping_status":"open","template":"","meta":{"_monsterinsights_skip_tracking":false,"_monsterinsights_sitenote_active":false,"_monsterinsights_sitenote_note":"","_monsterinsights_sitenote_category":0,"footnotes":""},"class_list":["post-4896","page","type-page","status-publish","hentry"],"yoast_head":"<!-- This site is optimized with the Yoast SEO plugin v27.3 - https:\/\/yoast.com\/product\/yoast-seo-wordpress\/ -->\n<title>Diabetes - \u05d4\u05e2\u05d9\u05d3\u05df \u05d4\u05d7\u05d3\u05e9 \u05e9\u05dc \u05d0\u05d9\u05dc \u05db\u05d4\u05df<\/title>\n<meta name=\"robots\" content=\"index, follow, max-snippet:-1, max-image-preview:large, max-video-preview:-1\" \/>\n<link rel=\"canonical\" href=\"https:\/\/eyalcohen.com\/de\/diabetes\/\" \/>\n<meta property=\"og:locale\" content=\"de_DE\" \/>\n<meta property=\"og:type\" content=\"article\" \/>\n<meta property=\"og:title\" content=\"Diabetes - \u05d4\u05e2\u05d9\u05d3\u05df \u05d4\u05d7\u05d3\u05e9 \u05e9\u05dc \u05d0\u05d9\u05dc \u05db\u05d4\u05df\" \/>\n<meta property=\"og:description\" content=\"Durch Eyal Cohen Diabetes gilt als eine Stoffwechselst\u00f6rung zu sein, die verbunden ist &#8211; zu Unrecht, mit Zuckerkonsum. Die traurige Wahrheit \u00fcber Diabetes, wie viele andere Krankheiten, gibt es keine Verbindung zwischen den wissenschaftlichen und medizinischen Wahrnehmung und Wirklichkeit, und solange man nicht krank sind, gibt es keine Begrenzung f\u00fcr die Menge an Zucker, die [&hellip;]\" \/>\n<meta property=\"og:url\" content=\"https:\/\/eyalcohen.com\/de\/diabetes\/\" \/>\n<meta property=\"og:site_name\" content=\"\u05d4\u05e2\u05d9\u05d3\u05df \u05d4\u05d7\u05d3\u05e9 \u05e9\u05dc \u05d0\u05d9\u05dc \u05db\u05d4\u05df\" \/>\n<meta property=\"article:publisher\" content=\"https:\/\/www.facebook.com\/groups\/528354840531271\" \/>\n<meta property=\"article:modified_time\" content=\"2017-07-06T11:31:21+00:00\" \/>\n<meta name=\"twitter:card\" content=\"summary_large_image\" \/>\n<meta name=\"twitter:label1\" content=\"Gesch\u00e4tzte Lesezeit\" \/>\n\t<meta name=\"twitter:data1\" content=\"9\u00a0Minuten\" \/>\n<script type=\"application\/ld+json\" class=\"yoast-schema-graph\">{\"@context\":\"https:\\\/\\\/schema.org\",\"@graph\":[{\"@type\":\"WebPage\",\"@id\":\"https:\\\/\\\/eyalcohen.com\\\/de\\\/diabetes\\\/\",\"url\":\"https:\\\/\\\/eyalcohen.com\\\/de\\\/diabetes\\\/\",\"name\":\"Diabetes - \u05d4\u05e2\u05d9\u05d3\u05df \u05d4\u05d7\u05d3\u05e9 \u05e9\u05dc \u05d0\u05d9\u05dc \u05db\u05d4\u05df\",\"isPartOf\":{\"@id\":\"https:\\\/\\\/eyalcohen.com\\\/#website\"},\"datePublished\":\"2017-05-05T19:18:42+00:00\",\"dateModified\":\"2017-07-06T11:31:21+00:00\",\"breadcrumb\":{\"@id\":\"https:\\\/\\\/eyalcohen.com\\\/de\\\/diabetes\\\/#breadcrumb\"},\"inLanguage\":\"de\",\"potentialAction\":[{\"@type\":\"ReadAction\",\"target\":[\"https:\\\/\\\/eyalcohen.com\\\/de\\\/diabetes\\\/\"]}]},{\"@type\":\"BreadcrumbList\",\"@id\":\"https:\\\/\\\/eyalcohen.com\\\/de\\\/diabetes\\\/#breadcrumb\",\"itemListElement\":[{\"@type\":\"ListItem\",\"position\":1,\"name\":\"\u05d3\u05e3 \u05d4\u05d1\u05d9\u05ea\",\"item\":\"https:\\\/\\\/eyalcohen.com\\\/de\\\/%d7%94%d7%a2%d7%99%d7%93%d7%9f-%d7%94%d7%97%d7%93%d7%a9-%d7%a9%d7%9c-%d7%90%d7%99%d7%9c-%d7%9b%d7%94%d7%9f\\\/\"},{\"@type\":\"ListItem\",\"position\":2,\"name\":\"Diabetes\"}]},{\"@type\":\"WebSite\",\"@id\":\"https:\\\/\\\/eyalcohen.com\\\/#website\",\"url\":\"https:\\\/\\\/eyalcohen.com\\\/\",\"name\":\"\u05d4\u05e2\u05d9\u05d3\u05df \u05d4\u05d7\u05d3\u05e9 \u05e9\u05dc \u05d0\u05d9\u05dc \u05db\u05d4\u05df\",\"description\":\"\u05d1\u05e8\u05d9\u05d0\u05d5\u05ea \u05d8\u05d1\u05e2\u05d9\u05ea, \u05de\u05d5\u05d6\u05d9\u05e7\u05d4 \u05dc\u05d0\u05d9\u05e8\u05d5\u05e2\u05d9\u05dd \u05d5\u05de\u05d4 \u05e9\u05d1\u05d9\u05e0\u05d9\u05d4\u05dd\",\"publisher\":{\"@id\":\"https:\\\/\\\/eyalcohen.com\\\/#\\\/schema\\\/person\\\/2cf6581996d002a62e66ee8d3a64b863\"},\"potentialAction\":[{\"@type\":\"SearchAction\",\"target\":{\"@type\":\"EntryPoint\",\"urlTemplate\":\"https:\\\/\\\/eyalcohen.com\\\/?s={search_term_string}\"},\"query-input\":{\"@type\":\"PropertyValueSpecification\",\"valueRequired\":true,\"valueName\":\"search_term_string\"}}],\"inLanguage\":\"de\"},{\"@type\":[\"Person\",\"Organization\"],\"@id\":\"https:\\\/\\\/eyalcohen.com\\\/#\\\/schema\\\/person\\\/2cf6581996d002a62e66ee8d3a64b863\",\"name\":\"eyal cohen\",\"image\":{\"@type\":\"ImageObject\",\"inLanguage\":\"de\",\"@id\":\"https:\\\/\\\/eyalcohen.com\\\/wp-content\\\/uploads\\\/2015\\\/12\\\/card_reiki.jpg\",\"url\":\"https:\\\/\\\/eyalcohen.com\\\/wp-content\\\/uploads\\\/2015\\\/12\\\/card_reiki.jpg\",\"contentUrl\":\"https:\\\/\\\/eyalcohen.com\\\/wp-content\\\/uploads\\\/2015\\\/12\\\/card_reiki.jpg\",\"width\":296,\"height\":532,\"caption\":\"eyal cohen\"},\"logo\":{\"@id\":\"https:\\\/\\\/eyalcohen.com\\\/wp-content\\\/uploads\\\/2015\\\/12\\\/card_reiki.jpg\"},\"sameAs\":[\"http:\\\/\\\/eyalcohen.com\",\"https:\\\/\\\/www.facebook.com\\\/groups\\\/528354840531271\",\"https:\\\/\\\/www.instagram.com\\\/eyalchn61\\\/\"]}]}<\/script>\n<!-- \/ Yoast SEO plugin. -->","yoast_head_json":{"title":"Diabetes - \u05d4\u05e2\u05d9\u05d3\u05df \u05d4\u05d7\u05d3\u05e9 \u05e9\u05dc \u05d0\u05d9\u05dc \u05db\u05d4\u05df","robots":{"index":"index","follow":"follow","max-snippet":"max-snippet:-1","max-image-preview":"max-image-preview:large","max-video-preview":"max-video-preview:-1"},"canonical":"https:\/\/eyalcohen.com\/de\/diabetes\/","og_locale":"de_DE","og_type":"article","og_title":"Diabetes - \u05d4\u05e2\u05d9\u05d3\u05df \u05d4\u05d7\u05d3\u05e9 \u05e9\u05dc \u05d0\u05d9\u05dc \u05db\u05d4\u05df","og_description":"Durch Eyal Cohen Diabetes gilt als eine Stoffwechselst\u00f6rung zu sein, die verbunden ist &#8211; zu Unrecht, mit Zuckerkonsum. Die traurige Wahrheit \u00fcber Diabetes, wie viele andere Krankheiten, gibt es keine Verbindung zwischen den wissenschaftlichen und medizinischen Wahrnehmung und Wirklichkeit, und solange man nicht krank sind, gibt es keine Begrenzung f\u00fcr die Menge an Zucker, die [&hellip;]","og_url":"https:\/\/eyalcohen.com\/de\/diabetes\/","og_site_name":"\u05d4\u05e2\u05d9\u05d3\u05df \u05d4\u05d7\u05d3\u05e9 \u05e9\u05dc \u05d0\u05d9\u05dc \u05db\u05d4\u05df","article_publisher":"https:\/\/www.facebook.com\/groups\/528354840531271","article_modified_time":"2017-07-06T11:31:21+00:00","twitter_card":"summary_large_image","twitter_misc":{"Gesch\u00e4tzte Lesezeit":"9\u00a0Minuten"},"schema":{"@context":"https:\/\/schema.org","@graph":[{"@type":"WebPage","@id":"https:\/\/eyalcohen.com\/de\/diabetes\/","url":"https:\/\/eyalcohen.com\/de\/diabetes\/","name":"Diabetes - \u05d4\u05e2\u05d9\u05d3\u05df \u05d4\u05d7\u05d3\u05e9 \u05e9\u05dc \u05d0\u05d9\u05dc \u05db\u05d4\u05df","isPartOf":{"@id":"https:\/\/eyalcohen.com\/#website"},"datePublished":"2017-05-05T19:18:42+00:00","dateModified":"2017-07-06T11:31:21+00:00","breadcrumb":{"@id":"https:\/\/eyalcohen.com\/de\/diabetes\/#breadcrumb"},"inLanguage":"de","potentialAction":[{"@type":"ReadAction","target":["https:\/\/eyalcohen.com\/de\/diabetes\/"]}]},{"@type":"BreadcrumbList","@id":"https:\/\/eyalcohen.com\/de\/diabetes\/#breadcrumb","itemListElement":[{"@type":"ListItem","position":1,"name":"\u05d3\u05e3 \u05d4\u05d1\u05d9\u05ea","item":"https:\/\/eyalcohen.com\/de\/%d7%94%d7%a2%d7%99%d7%93%d7%9f-%d7%94%d7%97%d7%93%d7%a9-%d7%a9%d7%9c-%d7%90%d7%99%d7%9c-%d7%9b%d7%94%d7%9f\/"},{"@type":"ListItem","position":2,"name":"Diabetes"}]},{"@type":"WebSite","@id":"https:\/\/eyalcohen.com\/#website","url":"https:\/\/eyalcohen.com\/","name":"\u05d4\u05e2\u05d9\u05d3\u05df \u05d4\u05d7\u05d3\u05e9 \u05e9\u05dc \u05d0\u05d9\u05dc \u05db\u05d4\u05df","description":"\u05d1\u05e8\u05d9\u05d0\u05d5\u05ea \u05d8\u05d1\u05e2\u05d9\u05ea, \u05de\u05d5\u05d6\u05d9\u05e7\u05d4 \u05dc\u05d0\u05d9\u05e8\u05d5\u05e2\u05d9\u05dd \u05d5\u05de\u05d4 \u05e9\u05d1\u05d9\u05e0\u05d9\u05d4\u05dd","publisher":{"@id":"https:\/\/eyalcohen.com\/#\/schema\/person\/2cf6581996d002a62e66ee8d3a64b863"},"potentialAction":[{"@type":"SearchAction","target":{"@type":"EntryPoint","urlTemplate":"https:\/\/eyalcohen.com\/?s={search_term_string}"},"query-input":{"@type":"PropertyValueSpecification","valueRequired":true,"valueName":"search_term_string"}}],"inLanguage":"de"},{"@type":["Person","Organization"],"@id":"https:\/\/eyalcohen.com\/#\/schema\/person\/2cf6581996d002a62e66ee8d3a64b863","name":"eyal cohen","image":{"@type":"ImageObject","inLanguage":"de","@id":"https:\/\/eyalcohen.com\/wp-content\/uploads\/2015\/12\/card_reiki.jpg","url":"https:\/\/eyalcohen.com\/wp-content\/uploads\/2015\/12\/card_reiki.jpg","contentUrl":"https:\/\/eyalcohen.com\/wp-content\/uploads\/2015\/12\/card_reiki.jpg","width":296,"height":532,"caption":"eyal cohen"},"logo":{"@id":"https:\/\/eyalcohen.com\/wp-content\/uploads\/2015\/12\/card_reiki.jpg"},"sameAs":["http:\/\/eyalcohen.com","https:\/\/www.facebook.com\/groups\/528354840531271","https:\/\/www.instagram.com\/eyalchn61\/"]}]}},"_links":{"self":[{"href":"https:\/\/eyalcohen.com\/de\/wp-json\/wp\/v2\/pages\/4896","targetHints":{"allow":["GET"]}}],"collection":[{"href":"https:\/\/eyalcohen.com\/de\/wp-json\/wp\/v2\/pages"}],"about":[{"href":"https:\/\/eyalcohen.com\/de\/wp-json\/wp\/v2\/types\/page"}],"author":[{"embeddable":true,"href":"https:\/\/eyalcohen.com\/de\/wp-json\/wp\/v2\/users\/2"}],"replies":[{"embeddable":true,"href":"https:\/\/eyalcohen.com\/de\/wp-json\/wp\/v2\/comments?post=4896"}],"version-history":[{"count":1,"href":"https:\/\/eyalcohen.com\/de\/wp-json\/wp\/v2\/pages\/4896\/revisions"}],"predecessor-version":[{"id":4897,"href":"https:\/\/eyalcohen.com\/de\/wp-json\/wp\/v2\/pages\/4896\/revisions\/4897"}],"wp:attachment":[{"href":"https:\/\/eyalcohen.com\/de\/wp-json\/wp\/v2\/media?parent=4896"}],"curies":[{"name":"wp","href":"https:\/\/api.w.org\/{rel}","templated":true}]}}