{"id":4894,"date":"2017-05-05T22:17:40","date_gmt":"2017-05-05T19:17:40","guid":{"rendered":"http:\/\/eyalcohen.com\/?page_id=4894"},"modified":"2017-07-06T14:31:09","modified_gmt":"2017-07-06T11:31:09","slug":"wie-rheumatoide-arthritis-zu-heilen","status":"publish","type":"page","link":"https:\/\/eyalcohen.com\/de\/wie-rheumatoide-arthritis-zu-heilen\/","title":{"rendered":"Wie rheumatoide Arthritis zu heilen"},"content":{"rendered":"<p dir=\"ltr\" style=\"text-align: justify;\">Von: Eyal Cohen<\/p>\n<p dir=\"ltr\" style=\"text-align: justify;\">Die Wahrheit \u00fcber rheumatoide Arthritis<\/p>\n<p dir=\"ltr\" style=\"text-align: justify;\">Bevor wir uns mit diesem Thema befassen, w\u00fcrde Ich mag die Sache richtig zu setzen, um um Missverst\u00e4ndnisse zu vermeiden.<\/p>\n<p dir=\"ltr\" style=\"text-align: justify;\">In vielen F\u00e4llen, wenn Leute von Gelenken oder Muskelschmerzen leiden, bezieht sich der Arzt es als Entz\u00fcndung.<br \/>\nDennoch gibt es viele Arten von Schmerzen in den Gelenken, was von \u00d6deme, Knorpelerosion, Insuffizienz der Blut in bestimmten Geweben, die in einem Trauma resultiert, wie in F\u00e4llen von &#8220;Schultersteife&#8221; oder &#8220;Tennisarm&#8221;. In der Tat tritt in der Regel nicht gen\u00fcgend Blutfluss, weil die Muskeln hart ohne richtige schrittweise Warmup funktioniert &#8211; oder wegen der wiederholten Bewegungen &#8211; oder sogar f\u00fcr eine lange Zeit in der gleichen Position zu bleiben, das Trauma zu bestimmten Geweben verursacht.<\/p>\n<p dir=\"ltr\" style=\"text-align: justify;\">Der Unterschied besteht darin, dass es in diesen F\u00e4llen sind keine Bakterien beteiligt sind, und so, werden Sie nicht die Schwellung und rot \/ lila Farbe zu sehen, dass Sie bei der Entz\u00fcndung zu sehen, und in diesen F\u00e4llen Antibiotika nicht helfen, sondern nur Schaden anrichten.<\/p>\n<p dir=\"ltr\" style=\"text-align: justify;\">Wenn es um die Arthritis kommt, es ist eine Infektion, die offensichtliche Anzeichen von Schwellungen, purpurn Farbe, eitriger Ausfluss und unertr\u00e4gliche Schmerzen hat.<\/p>\n<p dir=\"ltr\" style=\"text-align: justify;\">Es gibt 20.000 Todesf\u00e4lle pro Jahr allein in Amerika, von Nebenwirkungen von Medikamenten f\u00fcr die Behandlung von rheumatoider Arthritis, und die Betroffenen m\u00fcssen auf Dauermedikation zu leben und eine Verschlechterung leiden, Schmerzen und Behinderungen f\u00fcr den Rest ihres Lebens.<\/p>\n<p dir=\"ltr\" style=\"text-align: justify;\">Nun entdecken Sie die schockierende Wahrheit, dass alle diese Schmerzen leiden und Tod verhindert werden k\u00f6nnte, wenn die Leute wussten, dass die Ursache der rheumatoiden Arthritis ist die h\u00e4ufige Verwendung von hei\u00dfem Wasser.<\/p>\n<p dir=\"ltr\" style=\"text-align: justify;\">Wasser ist die gr\u00f6\u00dfte W\u00e4rmespeicher in der Natur, und so m\u00fcssen wir den apropriate Bezug zu geben.<\/p>\n<p dir=\"ltr\" style=\"text-align: justify;\">Wir verwenden hei\u00dfes Wasser f\u00fcr viele Zwecke und in vielerlei Hinsicht wie in der Dusche, Badewanne, Abwasch, die H\u00e4nde zu waschen, Waschen der B\u00f6den etc. Jedes Mal, wenn unser K\u00f6rper in Kontakt mit hei\u00dfem Wasser kommt, nimmt es eine enorme Menge an W\u00e4rmeenergie , was bewirkt, dass mikroskopisch kleine Blutgef\u00e4\u00dfe platzen. Sie k\u00f6nnen diese Blutungen in der Farbe Ihrer Haut zu sehen, die nach einer hei\u00dfen Dusche rot wird.<\/p>\n<p dir=\"ltr\" style=\"text-align: justify;\">Die Sch\u00e4den an den Blutgef\u00e4\u00dfen kann unbedeutend erscheinen becauses die innere Blutungen auf mikroskopischer Ebene, sondern auf einer unerm\u00fcdlichen t\u00e4glichen Basis, als tiefer und deepr Gewebe und deren Blutsystem impired betroffen sind, sammelt sich der Schaden. Die aufgeschlossene Blutung verhindern, dass die immunologischen Mechanismus aus dem betroffenen Gewebe erreicht und erm\u00f6glicht es Bakterien unkontrolliert zu vermehren, absondern S\u00e4uren, die Gewebe und verursachen eine Entz\u00fcndung der Gelenke (Rheuma) verbrauchen.<\/p>\n<p dir=\"ltr\" style=\"text-align: justify;\">Der Grund, dass die rheumatoide Arthritis mosetly die Gelenke beeinflussen ist, dass im Gegensatz zu Muskeln oder Fettgewebe, Gelenke dalicate Gewebe wie Knorpel und andere enth\u00e4lt, die empfindlicher auf die W\u00e4rmeenergie sind.<\/p>\n<p dir=\"ltr\" style=\"text-align: justify;\">Wie wir \u00e4lter werden, entwickelt sich die Krankheit schneller, weil unsere F\u00e4higkeit verringert sich zu rehabilitieren, und die Sch\u00e4den, die die Blutgef\u00e4\u00dfe hei\u00dfem Wasser verursacht, wird extremer.<\/p>\n<p dir=\"ltr\" style=\"text-align: justify;\">Handfl\u00e4chen und Fingergelenke leiden in der Regel mehr, und viele \u00e4ltere Menschen von einer Verformung der Hand leiden, weil die Gewebe in der Hand hat, in hei\u00dfem Wasser gekocht worden ist. In extremen F\u00e4llen kann die Entz\u00fcndung Nekrose verursachen, erfordern Amputation.<\/p>\n<p dir=\"ltr\" style=\"text-align: justify;\">Wenn Sie von Entz\u00fcndungen der Gelenke leiden, lassen Sie nur Ihren K\u00f6rper zu erholen, und beobachten Sie das Wunder, wie es geschieht, in der billigsten, effizientesten und freundliche Art und Weise. Beginnen Sie mit der Verwendung von hei\u00dfem Wasser so weit wie m\u00f6glich zu vermeiden, und Sie werden bald einen Unterschied feststellen.<\/p>\n<p dir=\"ltr\" style=\"text-align: justify;\">Wenn Sie ein hei\u00dfes Bad zu nehmen;<\/p>\n<p dir=\"ltr\" style=\"text-align: justify;\">die Zeit in dem Bad so weit wie m\u00f6glich zu verk\u00fcrzen.<br \/>\nDenken Sie daran, wenn Sie eine Dusche f\u00fcr f\u00fcnf Minuten oder f\u00fcnfzehn Minuten dauern, werden Sie genauso sauber herauskommen, aber je weniger Sie kochen selbst, desto mehr wird Ihr K\u00f6rper erholen k\u00f6nnen, und Sie werden auch Wasser und Energie zu sparen.<br \/>\nVermeiden Sie die Temperatur der Schmerzgrenze erreicht und versuchen, die m\u00f6glichst niedriger Temperatur zu verwenden, die Sie k\u00f6nnen, w\u00e4hrend wohlf\u00fchlen.<br \/>\nDie Schulmedizin definiert Rheumatoide Arthritis als &#8220;chronisch&#8221; oder &#8220;Auto-Immun&#8221; Krankheit und hat keine M\u00f6glichkeit, diese Krankheiten zu heilen. Die verschiedenen Medikamente, die uns\u00e4gliche Schmerzen zu lindern, die die Krankheit begleitet, in der Regel nur die kurzfristig helfen, aber w\u00e4hrend die Medikamente die Schmerzen Mechanismus herunterf\u00e4hrt, wird die Krankheit in immer tiefere Gewebeschichten durchdringen und in die Zukunft ausbrechen wird auf eine viel gr\u00f6\u00dfere Skala.<\/p>\n<p dir=\"ltr\" style=\"text-align: justify;\">Es gibt keine medizinische L\u00f6sung, und wenn Sie ein weiteres Opfer der Krankheit immer noch nicht Teil der Statistik sein wollen und zu vermeiden und des Systems, m\u00fcssen Sie Ihre Gewohnheiten und Lebensweise zu \u00e4ndern, um Ihren K\u00f6rper zu erm\u00f6glichen, heilen. Wir m\u00fcssen die Verantwortung f\u00fcr uns selbst zu \u00fcbernehmen und einen anderen Ansatz zu den Ursachen der Krankheit annehmen, um Leiden zu vermeiden.<\/p>\n<p dir=\"ltr\" style=\"text-align: justify;\">Wenn Sie eine echte L\u00f6sung f\u00fcr die Schmerzen und der Dysfunktion werden soll, und eine schnelle und saubere Rehabilitation erhalten, eine Reiki-Praktizierende zu finden und ein paar Behandlungen zu bekommen.<br \/>\nSie werden von dem Ergebnis begeistert sein, und ich schreibe es aus einer Menge von pers\u00f6nlichen Erfahrungen in solchen Symptomen, die mit wirklich erstaunlichen Erfolg zu heilen.<\/p>\n<p dir=\"ltr\" style=\"text-align: justify;\">Dieser Teil der Website wurde von Google Translate \u00fcbersetzt. Ich Sie mir helfen k\u00f6nnen Korrekturen vornehmen, kontaktieren Sie bitte<\/p>\n<hr \/>\n<p style=\"direction: ltr;\">Eines der erstaunlichsten Aufnahmen, die genau in den Farben zeigt, was ich in dem Buch spreche \u00fcber &#8220;Dinge, die Sie nicht von Ihrem Arzt h\u00f6ren&#8221;<\/p>\n<p><iframe src=\"https:\/\/www.youtube.com\/embed\/0KRXaZh_Yy4\" width=\"420\" height=\"315\" frameborder=\"0\" allowfullscreen=\"allowfullscreen\"><\/iframe><\/p>\n<p style=\"direction: ltr;\">Konzentrieren Sie sich auf die f\u00fcnfte zweite vierzig und auf<\/p>\n<hr \/>\n<p dir=\"ltr\">Dieser Teil der Website wurde mit Google Translate \u00fcbersetzt.<br \/>\nSie k\u00f6nnen es im Prinzip zu verstehen, aber es wird empfohlen, in Englisch zu lesen, wenn Sie die Informationen ben\u00f6tigen.<br \/>\nUnd wenn Sie mich mit einer \u00dcbersetzung eines Teils oder von Teilen dieser Website helfen k\u00f6nnen,<\/p>\n<p dir=\"ltr\">Ich bin dankbar, aber auch viele andere.<\/p>\n<p>http:\/\/eyalcohen.com\/en\/r-a-rheumatoid-arthritis\/<\/p>\n","protected":false},"excerpt":{"rendered":"<p>Von: Eyal Cohen Die Wahrheit \u00fcber rheumatoide Arthritis Bevor wir uns mit diesem Thema befassen, w\u00fcrde Ich mag die Sache richtig zu setzen, um um Missverst\u00e4ndnisse zu vermeiden. In vielen F\u00e4llen, wenn Leute von Gelenken oder Muskelschmerzen leiden, bezieht sich der Arzt es als Entz\u00fcndung. Dennoch gibt es viele Arten von Schmerzen in den Gelenken, [&hellip;]<\/p>\n","protected":false},"author":2,"featured_media":0,"parent":0,"menu_order":0,"comment_status":"open","ping_status":"open","template":"","meta":{"_monsterinsights_skip_tracking":false,"_monsterinsights_sitenote_active":false,"_monsterinsights_sitenote_note":"","_monsterinsights_sitenote_category":0,"footnotes":""},"class_list":["post-4894","page","type-page","status-publish","hentry"],"yoast_head":"<!-- This site is optimized with the Yoast SEO plugin v27.4 - https:\/\/yoast.com\/product\/yoast-seo-wordpress\/ -->\n<title>Wie rheumatoide Arthritis zu heilen - \u05d4\u05e2\u05d9\u05d3\u05df \u05d4\u05d7\u05d3\u05e9 \u05e9\u05dc \u05d0\u05d9\u05dc \u05db\u05d4\u05df<\/title>\n<meta name=\"robots\" content=\"index, follow, max-snippet:-1, max-image-preview:large, max-video-preview:-1\" \/>\n<link rel=\"canonical\" href=\"https:\/\/eyalcohen.com\/de\/wie-rheumatoide-arthritis-zu-heilen\/\" \/>\n<meta property=\"og:locale\" content=\"de_DE\" \/>\n<meta property=\"og:type\" content=\"article\" \/>\n<meta property=\"og:title\" content=\"Wie rheumatoide Arthritis zu heilen - \u05d4\u05e2\u05d9\u05d3\u05df \u05d4\u05d7\u05d3\u05e9 \u05e9\u05dc \u05d0\u05d9\u05dc \u05db\u05d4\u05df\" \/>\n<meta property=\"og:description\" content=\"Von: Eyal Cohen Die Wahrheit \u00fcber rheumatoide Arthritis Bevor wir uns mit diesem Thema befassen, w\u00fcrde Ich mag die Sache richtig zu setzen, um um Missverst\u00e4ndnisse zu vermeiden. In vielen F\u00e4llen, wenn Leute von Gelenken oder Muskelschmerzen leiden, bezieht sich der Arzt es als Entz\u00fcndung. Dennoch gibt es viele Arten von Schmerzen in den Gelenken, [&hellip;]\" \/>\n<meta property=\"og:url\" content=\"https:\/\/eyalcohen.com\/de\/wie-rheumatoide-arthritis-zu-heilen\/\" \/>\n<meta property=\"og:site_name\" content=\"\u05d4\u05e2\u05d9\u05d3\u05df \u05d4\u05d7\u05d3\u05e9 \u05e9\u05dc \u05d0\u05d9\u05dc \u05db\u05d4\u05df\" \/>\n<meta property=\"article:publisher\" content=\"https:\/\/www.facebook.com\/groups\/528354840531271\" \/>\n<meta property=\"article:modified_time\" content=\"2017-07-06T11:31:09+00:00\" \/>\n<meta name=\"twitter:card\" content=\"summary_large_image\" \/>\n<meta name=\"twitter:label1\" content=\"Gesch\u00e4tzte Lesezeit\" \/>\n\t<meta name=\"twitter:data1\" content=\"5\u00a0Minuten\" \/>\n<script type=\"application\/ld+json\" class=\"yoast-schema-graph\">{\"@context\":\"https:\\\/\\\/schema.org\",\"@graph\":[{\"@type\":\"WebPage\",\"@id\":\"https:\\\/\\\/eyalcohen.com\\\/de\\\/wie-rheumatoide-arthritis-zu-heilen\\\/\",\"url\":\"https:\\\/\\\/eyalcohen.com\\\/de\\\/wie-rheumatoide-arthritis-zu-heilen\\\/\",\"name\":\"Wie rheumatoide Arthritis zu heilen - \u05d4\u05e2\u05d9\u05d3\u05df \u05d4\u05d7\u05d3\u05e9 \u05e9\u05dc \u05d0\u05d9\u05dc \u05db\u05d4\u05df\",\"isPartOf\":{\"@id\":\"https:\\\/\\\/eyalcohen.com\\\/#website\"},\"datePublished\":\"2017-05-05T19:17:40+00:00\",\"dateModified\":\"2017-07-06T11:31:09+00:00\",\"breadcrumb\":{\"@id\":\"https:\\\/\\\/eyalcohen.com\\\/de\\\/wie-rheumatoide-arthritis-zu-heilen\\\/#breadcrumb\"},\"inLanguage\":\"de\",\"potentialAction\":[{\"@type\":\"ReadAction\",\"target\":[\"https:\\\/\\\/eyalcohen.com\\\/de\\\/wie-rheumatoide-arthritis-zu-heilen\\\/\"]}]},{\"@type\":\"BreadcrumbList\",\"@id\":\"https:\\\/\\\/eyalcohen.com\\\/de\\\/wie-rheumatoide-arthritis-zu-heilen\\\/#breadcrumb\",\"itemListElement\":[{\"@type\":\"ListItem\",\"position\":1,\"name\":\"\u05d3\u05e3 \u05d4\u05d1\u05d9\u05ea\",\"item\":\"https:\\\/\\\/eyalcohen.com\\\/de\\\/%d7%94%d7%a2%d7%99%d7%93%d7%9f-%d7%94%d7%97%d7%93%d7%a9-%d7%a9%d7%9c-%d7%90%d7%99%d7%9c-%d7%9b%d7%94%d7%9f\\\/\"},{\"@type\":\"ListItem\",\"position\":2,\"name\":\"Wie rheumatoide Arthritis zu heilen\"}]},{\"@type\":\"WebSite\",\"@id\":\"https:\\\/\\\/eyalcohen.com\\\/#website\",\"url\":\"https:\\\/\\\/eyalcohen.com\\\/\",\"name\":\"\u05d4\u05e2\u05d9\u05d3\u05df \u05d4\u05d7\u05d3\u05e9 \u05e9\u05dc \u05d0\u05d9\u05dc \u05db\u05d4\u05df\",\"description\":\"\u05d1\u05e8\u05d9\u05d0\u05d5\u05ea \u05d8\u05d1\u05e2\u05d9\u05ea, \u05de\u05d5\u05d6\u05d9\u05e7\u05d4 \u05dc\u05d0\u05d9\u05e8\u05d5\u05e2\u05d9\u05dd \u05d5\u05de\u05d4 \u05e9\u05d1\u05d9\u05e0\u05d9\u05d4\u05dd\",\"publisher\":{\"@id\":\"https:\\\/\\\/eyalcohen.com\\\/#\\\/schema\\\/person\\\/2cf6581996d002a62e66ee8d3a64b863\"},\"potentialAction\":[{\"@type\":\"SearchAction\",\"target\":{\"@type\":\"EntryPoint\",\"urlTemplate\":\"https:\\\/\\\/eyalcohen.com\\\/?s={search_term_string}\"},\"query-input\":{\"@type\":\"PropertyValueSpecification\",\"valueRequired\":true,\"valueName\":\"search_term_string\"}}],\"inLanguage\":\"de\"},{\"@type\":[\"Person\",\"Organization\"],\"@id\":\"https:\\\/\\\/eyalcohen.com\\\/#\\\/schema\\\/person\\\/2cf6581996d002a62e66ee8d3a64b863\",\"name\":\"eyal cohen\",\"image\":{\"@type\":\"ImageObject\",\"inLanguage\":\"de\",\"@id\":\"https:\\\/\\\/eyalcohen.com\\\/wp-content\\\/uploads\\\/2015\\\/12\\\/card_reiki.jpg\",\"url\":\"https:\\\/\\\/eyalcohen.com\\\/wp-content\\\/uploads\\\/2015\\\/12\\\/card_reiki.jpg\",\"contentUrl\":\"https:\\\/\\\/eyalcohen.com\\\/wp-content\\\/uploads\\\/2015\\\/12\\\/card_reiki.jpg\",\"width\":296,\"height\":532,\"caption\":\"eyal cohen\"},\"logo\":{\"@id\":\"https:\\\/\\\/eyalcohen.com\\\/wp-content\\\/uploads\\\/2015\\\/12\\\/card_reiki.jpg\"},\"sameAs\":[\"http:\\\/\\\/eyalcohen.com\",\"https:\\\/\\\/www.facebook.com\\\/groups\\\/528354840531271\",\"https:\\\/\\\/www.instagram.com\\\/eyalchn61\\\/\"]}]}<\/script>\n<!-- \/ Yoast SEO plugin. -->","yoast_head_json":{"title":"Wie rheumatoide Arthritis zu heilen - \u05d4\u05e2\u05d9\u05d3\u05df \u05d4\u05d7\u05d3\u05e9 \u05e9\u05dc \u05d0\u05d9\u05dc \u05db\u05d4\u05df","robots":{"index":"index","follow":"follow","max-snippet":"max-snippet:-1","max-image-preview":"max-image-preview:large","max-video-preview":"max-video-preview:-1"},"canonical":"https:\/\/eyalcohen.com\/de\/wie-rheumatoide-arthritis-zu-heilen\/","og_locale":"de_DE","og_type":"article","og_title":"Wie rheumatoide Arthritis zu heilen - \u05d4\u05e2\u05d9\u05d3\u05df \u05d4\u05d7\u05d3\u05e9 \u05e9\u05dc \u05d0\u05d9\u05dc \u05db\u05d4\u05df","og_description":"Von: Eyal Cohen Die Wahrheit \u00fcber rheumatoide Arthritis Bevor wir uns mit diesem Thema befassen, w\u00fcrde Ich mag die Sache richtig zu setzen, um um Missverst\u00e4ndnisse zu vermeiden. In vielen F\u00e4llen, wenn Leute von Gelenken oder Muskelschmerzen leiden, bezieht sich der Arzt es als Entz\u00fcndung. Dennoch gibt es viele Arten von Schmerzen in den Gelenken, [&hellip;]","og_url":"https:\/\/eyalcohen.com\/de\/wie-rheumatoide-arthritis-zu-heilen\/","og_site_name":"\u05d4\u05e2\u05d9\u05d3\u05df \u05d4\u05d7\u05d3\u05e9 \u05e9\u05dc \u05d0\u05d9\u05dc \u05db\u05d4\u05df","article_publisher":"https:\/\/www.facebook.com\/groups\/528354840531271","article_modified_time":"2017-07-06T11:31:09+00:00","twitter_card":"summary_large_image","twitter_misc":{"Gesch\u00e4tzte Lesezeit":"5\u00a0Minuten"},"schema":{"@context":"https:\/\/schema.org","@graph":[{"@type":"WebPage","@id":"https:\/\/eyalcohen.com\/de\/wie-rheumatoide-arthritis-zu-heilen\/","url":"https:\/\/eyalcohen.com\/de\/wie-rheumatoide-arthritis-zu-heilen\/","name":"Wie rheumatoide Arthritis zu heilen - \u05d4\u05e2\u05d9\u05d3\u05df \u05d4\u05d7\u05d3\u05e9 \u05e9\u05dc \u05d0\u05d9\u05dc \u05db\u05d4\u05df","isPartOf":{"@id":"https:\/\/eyalcohen.com\/#website"},"datePublished":"2017-05-05T19:17:40+00:00","dateModified":"2017-07-06T11:31:09+00:00","breadcrumb":{"@id":"https:\/\/eyalcohen.com\/de\/wie-rheumatoide-arthritis-zu-heilen\/#breadcrumb"},"inLanguage":"de","potentialAction":[{"@type":"ReadAction","target":["https:\/\/eyalcohen.com\/de\/wie-rheumatoide-arthritis-zu-heilen\/"]}]},{"@type":"BreadcrumbList","@id":"https:\/\/eyalcohen.com\/de\/wie-rheumatoide-arthritis-zu-heilen\/#breadcrumb","itemListElement":[{"@type":"ListItem","position":1,"name":"\u05d3\u05e3 \u05d4\u05d1\u05d9\u05ea","item":"https:\/\/eyalcohen.com\/de\/%d7%94%d7%a2%d7%99%d7%93%d7%9f-%d7%94%d7%97%d7%93%d7%a9-%d7%a9%d7%9c-%d7%90%d7%99%d7%9c-%d7%9b%d7%94%d7%9f\/"},{"@type":"ListItem","position":2,"name":"Wie rheumatoide Arthritis zu heilen"}]},{"@type":"WebSite","@id":"https:\/\/eyalcohen.com\/#website","url":"https:\/\/eyalcohen.com\/","name":"\u05d4\u05e2\u05d9\u05d3\u05df \u05d4\u05d7\u05d3\u05e9 \u05e9\u05dc \u05d0\u05d9\u05dc \u05db\u05d4\u05df","description":"\u05d1\u05e8\u05d9\u05d0\u05d5\u05ea \u05d8\u05d1\u05e2\u05d9\u05ea, \u05de\u05d5\u05d6\u05d9\u05e7\u05d4 \u05dc\u05d0\u05d9\u05e8\u05d5\u05e2\u05d9\u05dd \u05d5\u05de\u05d4 \u05e9\u05d1\u05d9\u05e0\u05d9\u05d4\u05dd","publisher":{"@id":"https:\/\/eyalcohen.com\/#\/schema\/person\/2cf6581996d002a62e66ee8d3a64b863"},"potentialAction":[{"@type":"SearchAction","target":{"@type":"EntryPoint","urlTemplate":"https:\/\/eyalcohen.com\/?s={search_term_string}"},"query-input":{"@type":"PropertyValueSpecification","valueRequired":true,"valueName":"search_term_string"}}],"inLanguage":"de"},{"@type":["Person","Organization"],"@id":"https:\/\/eyalcohen.com\/#\/schema\/person\/2cf6581996d002a62e66ee8d3a64b863","name":"eyal cohen","image":{"@type":"ImageObject","inLanguage":"de","@id":"https:\/\/eyalcohen.com\/wp-content\/uploads\/2015\/12\/card_reiki.jpg","url":"https:\/\/eyalcohen.com\/wp-content\/uploads\/2015\/12\/card_reiki.jpg","contentUrl":"https:\/\/eyalcohen.com\/wp-content\/uploads\/2015\/12\/card_reiki.jpg","width":296,"height":532,"caption":"eyal cohen"},"logo":{"@id":"https:\/\/eyalcohen.com\/wp-content\/uploads\/2015\/12\/card_reiki.jpg"},"sameAs":["http:\/\/eyalcohen.com","https:\/\/www.facebook.com\/groups\/528354840531271","https:\/\/www.instagram.com\/eyalchn61\/"]}]}},"_links":{"self":[{"href":"https:\/\/eyalcohen.com\/de\/wp-json\/wp\/v2\/pages\/4894","targetHints":{"allow":["GET"]}}],"collection":[{"href":"https:\/\/eyalcohen.com\/de\/wp-json\/wp\/v2\/pages"}],"about":[{"href":"https:\/\/eyalcohen.com\/de\/wp-json\/wp\/v2\/types\/page"}],"author":[{"embeddable":true,"href":"https:\/\/eyalcohen.com\/de\/wp-json\/wp\/v2\/users\/2"}],"replies":[{"embeddable":true,"href":"https:\/\/eyalcohen.com\/de\/wp-json\/wp\/v2\/comments?post=4894"}],"version-history":[{"count":1,"href":"https:\/\/eyalcohen.com\/de\/wp-json\/wp\/v2\/pages\/4894\/revisions"}],"predecessor-version":[{"id":4895,"href":"https:\/\/eyalcohen.com\/de\/wp-json\/wp\/v2\/pages\/4894\/revisions\/4895"}],"wp:attachment":[{"href":"https:\/\/eyalcohen.com\/de\/wp-json\/wp\/v2\/media?parent=4894"}],"curies":[{"name":"wp","href":"https:\/\/api.w.org\/{rel}","templated":true}]}}