{"id":4887,"date":"2017-05-05T22:14:08","date_gmt":"2017-05-05T19:14:08","guid":{"rendered":"http:\/\/eyalcohen.com\/?page_id=4887"},"modified":"2019-04-15T23:33:05","modified_gmt":"2019-04-15T20:33:05","slug":"kunst-im-geiste-der-neuen-zeit","status":"publish","type":"page","link":"https:\/\/eyalcohen.com\/de\/kunst-im-geiste-der-neuen-zeit\/","title":{"rendered":"Kunst im Geiste der neuen Zeit"},"content":{"rendered":"<p>Eine Liebe<\/p>\n<p>Dieser Anh\u00e4nger, die wir &#8220;Weltfrieden &#8221; oder &#8220;one-Liebe&#8221; nennen, begann meine Idee und wurde von Hand gemacht von meinem j\u00fcngeren Bruder, der ein sehr talentierter und hoch qualifizierten Juwelier ist.<\/p>\n<p><a href=\"http:\/\/eyalcohen.com\/wp-content\/uploads\/2019\/04\/ONE-LOVE.jpg\"><img fetchpriority=\"high\" decoding=\"async\" class=\"aligncenter  wp-image-7416\" src=\"http:\/\/eyalcohen.com\/wp-content\/uploads\/2019\/04\/ONE-LOVE.jpg\" alt=\"\" width=\"520\" height=\"535\" srcset=\"https:\/\/eyalcohen.com\/wp-content\/uploads\/2019\/04\/ONE-LOVE.jpg 778w, https:\/\/eyalcohen.com\/wp-content\/uploads\/2019\/04\/ONE-LOVE-292x300.jpg 292w, https:\/\/eyalcohen.com\/wp-content\/uploads\/2019\/04\/ONE-LOVE-768x790.jpg 768w, https:\/\/eyalcohen.com\/wp-content\/uploads\/2019\/04\/ONE-LOVE-50x50.jpg 50w, https:\/\/eyalcohen.com\/wp-content\/uploads\/2019\/04\/ONE-LOVE-600x617.jpg 600w\" sizes=\"(max-width: 520px) 100vw, 520px\" \/><\/a><\/p>\n<div id=\"attachment_7427\" style=\"width: 530px\" class=\"wp-caption aligncenter\"><a href=\"http:\/\/eyalcohen.com\/wp-content\/uploads\/2019\/04\/PC280010.jpg\"><img decoding=\"async\" aria-describedby=\"caption-attachment-7427\" class=\" wp-image-7427\" src=\"http:\/\/eyalcohen.com\/wp-content\/uploads\/2019\/04\/PC280010.jpg\" alt=\"\" width=\"520\" height=\"679\" srcset=\"https:\/\/eyalcohen.com\/wp-content\/uploads\/2019\/04\/PC280010.jpg 784w, https:\/\/eyalcohen.com\/wp-content\/uploads\/2019\/04\/PC280010-230x300.jpg 230w, https:\/\/eyalcohen.com\/wp-content\/uploads\/2019\/04\/PC280010-768x1003.jpg 768w, https:\/\/eyalcohen.com\/wp-content\/uploads\/2019\/04\/PC280010-600x784.jpg 600w\" sizes=\"(max-width: 520px) 100vw, 520px\" \/><\/a><p id=\"caption-attachment-7427\" class=\"wp-caption-text\">h\u00e4nger verf\u00fcgt \u00fcber die Symbole des Judentums, des Christentums und des Islam in einem Herzen durch den Friedenssymbol getragen, w\u00e4hrend die gesamte Struktur durch die Taube des Friedens gehalten wird.<\/p><\/div>\n<p>Aus reinem Silber (925)<br \/>\nBuy on\u00a0<a href=\"http:\/\/www.ebay.com\/itm\/World-Peace-Pendent-calls-for-brotherhood-of-man-\/171012123123?pt=Fashion_Jewelry&amp;hash=item27d11de9f3\">Ebay<\/a><\/p>\n","protected":false},"excerpt":{"rendered":"<p>Eine Liebe Dieser Anh\u00e4nger, die wir &#8220;Weltfrieden &#8221; oder &#8220;one-Liebe&#8221; nennen, begann meine Idee und wurde von Hand gemacht von meinem j\u00fcngeren Bruder, der ein sehr talentierter und hoch qualifizierten Juwelier ist. Aus reinem Silber (925) Buy on\u00a0Ebay<\/p>\n","protected":false},"author":2,"featured_media":0,"parent":0,"menu_order":0,"comment_status":"open","ping_status":"open","template":"","meta":{"_monsterinsights_skip_tracking":false,"_monsterinsights_sitenote_active":false,"_monsterinsights_sitenote_note":"","_monsterinsights_sitenote_category":0,"footnotes":""},"class_list":["post-4887","page","type-page","status-publish","hentry"],"yoast_head":"<!-- This site is optimized with the Yoast SEO plugin v27.3 - https:\/\/yoast.com\/product\/yoast-seo-wordpress\/ -->\n<title>Kunst im Geiste der neuen Zeit - \u05d4\u05e2\u05d9\u05d3\u05df \u05d4\u05d7\u05d3\u05e9 \u05e9\u05dc \u05d0\u05d9\u05dc \u05db\u05d4\u05df<\/title>\n<meta name=\"robots\" content=\"index, follow, max-snippet:-1, max-image-preview:large, max-video-preview:-1\" \/>\n<link rel=\"canonical\" href=\"https:\/\/eyalcohen.com\/de\/kunst-im-geiste-der-neuen-zeit\/\" \/>\n<meta property=\"og:locale\" content=\"de_DE\" \/>\n<meta property=\"og:type\" content=\"article\" \/>\n<meta property=\"og:title\" content=\"Kunst im Geiste der neuen Zeit - \u05d4\u05e2\u05d9\u05d3\u05df \u05d4\u05d7\u05d3\u05e9 \u05e9\u05dc \u05d0\u05d9\u05dc \u05db\u05d4\u05df\" \/>\n<meta property=\"og:description\" content=\"Eine Liebe Dieser Anh\u00e4nger, die wir &#8220;Weltfrieden &#8221; oder &#8220;one-Liebe&#8221; nennen, begann meine Idee und wurde von Hand gemacht von meinem j\u00fcngeren Bruder, der ein sehr talentierter und hoch qualifizierten Juwelier ist. Aus reinem Silber (925) Buy on\u00a0Ebay\" \/>\n<meta property=\"og:url\" content=\"https:\/\/eyalcohen.com\/de\/kunst-im-geiste-der-neuen-zeit\/\" \/>\n<meta property=\"og:site_name\" content=\"\u05d4\u05e2\u05d9\u05d3\u05df \u05d4\u05d7\u05d3\u05e9 \u05e9\u05dc \u05d0\u05d9\u05dc \u05db\u05d4\u05df\" \/>\n<meta property=\"article:publisher\" content=\"https:\/\/www.facebook.com\/groups\/528354840531271\" \/>\n<meta property=\"article:modified_time\" content=\"2019-04-15T20:33:05+00:00\" \/>\n<meta property=\"og:image\" content=\"http:\/\/eyalcohen.com\/wp-content\/uploads\/2019\/04\/ONE-LOVE.jpg\" \/>\n<meta name=\"twitter:card\" content=\"summary_large_image\" \/>\n<script type=\"application\/ld+json\" class=\"yoast-schema-graph\">{\"@context\":\"https:\\\/\\\/schema.org\",\"@graph\":[{\"@type\":\"WebPage\",\"@id\":\"https:\\\/\\\/eyalcohen.com\\\/de\\\/kunst-im-geiste-der-neuen-zeit\\\/\",\"url\":\"https:\\\/\\\/eyalcohen.com\\\/de\\\/kunst-im-geiste-der-neuen-zeit\\\/\",\"name\":\"Kunst im Geiste der neuen Zeit - \u05d4\u05e2\u05d9\u05d3\u05df \u05d4\u05d7\u05d3\u05e9 \u05e9\u05dc \u05d0\u05d9\u05dc \u05db\u05d4\u05df\",\"isPartOf\":{\"@id\":\"https:\\\/\\\/eyalcohen.com\\\/#website\"},\"primaryImageOfPage\":{\"@id\":\"https:\\\/\\\/eyalcohen.com\\\/de\\\/kunst-im-geiste-der-neuen-zeit\\\/#primaryimage\"},\"image\":{\"@id\":\"https:\\\/\\\/eyalcohen.com\\\/de\\\/kunst-im-geiste-der-neuen-zeit\\\/#primaryimage\"},\"thumbnailUrl\":\"http:\\\/\\\/eyalcohen.com\\\/wp-content\\\/uploads\\\/2019\\\/04\\\/ONE-LOVE.jpg\",\"datePublished\":\"2017-05-05T19:14:08+00:00\",\"dateModified\":\"2019-04-15T20:33:05+00:00\",\"breadcrumb\":{\"@id\":\"https:\\\/\\\/eyalcohen.com\\\/de\\\/kunst-im-geiste-der-neuen-zeit\\\/#breadcrumb\"},\"inLanguage\":\"de\",\"potentialAction\":[{\"@type\":\"ReadAction\",\"target\":[\"https:\\\/\\\/eyalcohen.com\\\/de\\\/kunst-im-geiste-der-neuen-zeit\\\/\"]}]},{\"@type\":\"ImageObject\",\"inLanguage\":\"de\",\"@id\":\"https:\\\/\\\/eyalcohen.com\\\/de\\\/kunst-im-geiste-der-neuen-zeit\\\/#primaryimage\",\"url\":\"http:\\\/\\\/eyalcohen.com\\\/wp-content\\\/uploads\\\/2019\\\/04\\\/ONE-LOVE.jpg\",\"contentUrl\":\"http:\\\/\\\/eyalcohen.com\\\/wp-content\\\/uploads\\\/2019\\\/04\\\/ONE-LOVE.jpg\"},{\"@type\":\"BreadcrumbList\",\"@id\":\"https:\\\/\\\/eyalcohen.com\\\/de\\\/kunst-im-geiste-der-neuen-zeit\\\/#breadcrumb\",\"itemListElement\":[{\"@type\":\"ListItem\",\"position\":1,\"name\":\"\u05d3\u05e3 \u05d4\u05d1\u05d9\u05ea\",\"item\":\"https:\\\/\\\/eyalcohen.com\\\/de\\\/%d7%94%d7%a2%d7%99%d7%93%d7%9f-%d7%94%d7%97%d7%93%d7%a9-%d7%a9%d7%9c-%d7%90%d7%99%d7%9c-%d7%9b%d7%94%d7%9f\\\/\"},{\"@type\":\"ListItem\",\"position\":2,\"name\":\"Kunst im Geiste der neuen Zeit\"}]},{\"@type\":\"WebSite\",\"@id\":\"https:\\\/\\\/eyalcohen.com\\\/#website\",\"url\":\"https:\\\/\\\/eyalcohen.com\\\/\",\"name\":\"\u05d4\u05e2\u05d9\u05d3\u05df \u05d4\u05d7\u05d3\u05e9 \u05e9\u05dc \u05d0\u05d9\u05dc \u05db\u05d4\u05df\",\"description\":\"\u05d1\u05e8\u05d9\u05d0\u05d5\u05ea \u05d8\u05d1\u05e2\u05d9\u05ea, \u05de\u05d5\u05d6\u05d9\u05e7\u05d4 \u05dc\u05d0\u05d9\u05e8\u05d5\u05e2\u05d9\u05dd \u05d5\u05de\u05d4 \u05e9\u05d1\u05d9\u05e0\u05d9\u05d4\u05dd\",\"publisher\":{\"@id\":\"https:\\\/\\\/eyalcohen.com\\\/#\\\/schema\\\/person\\\/2cf6581996d002a62e66ee8d3a64b863\"},\"potentialAction\":[{\"@type\":\"SearchAction\",\"target\":{\"@type\":\"EntryPoint\",\"urlTemplate\":\"https:\\\/\\\/eyalcohen.com\\\/?s={search_term_string}\"},\"query-input\":{\"@type\":\"PropertyValueSpecification\",\"valueRequired\":true,\"valueName\":\"search_term_string\"}}],\"inLanguage\":\"de\"},{\"@type\":[\"Person\",\"Organization\"],\"@id\":\"https:\\\/\\\/eyalcohen.com\\\/#\\\/schema\\\/person\\\/2cf6581996d002a62e66ee8d3a64b863\",\"name\":\"eyal cohen\",\"image\":{\"@type\":\"ImageObject\",\"inLanguage\":\"de\",\"@id\":\"https:\\\/\\\/eyalcohen.com\\\/wp-content\\\/uploads\\\/2015\\\/12\\\/card_reiki.jpg\",\"url\":\"https:\\\/\\\/eyalcohen.com\\\/wp-content\\\/uploads\\\/2015\\\/12\\\/card_reiki.jpg\",\"contentUrl\":\"https:\\\/\\\/eyalcohen.com\\\/wp-content\\\/uploads\\\/2015\\\/12\\\/card_reiki.jpg\",\"width\":296,\"height\":532,\"caption\":\"eyal cohen\"},\"logo\":{\"@id\":\"https:\\\/\\\/eyalcohen.com\\\/wp-content\\\/uploads\\\/2015\\\/12\\\/card_reiki.jpg\"},\"sameAs\":[\"http:\\\/\\\/eyalcohen.com\",\"https:\\\/\\\/www.facebook.com\\\/groups\\\/528354840531271\",\"https:\\\/\\\/www.instagram.com\\\/eyalchn61\\\/\"]}]}<\/script>\n<!-- \/ Yoast SEO plugin. -->","yoast_head_json":{"title":"Kunst im Geiste der neuen Zeit - \u05d4\u05e2\u05d9\u05d3\u05df \u05d4\u05d7\u05d3\u05e9 \u05e9\u05dc \u05d0\u05d9\u05dc \u05db\u05d4\u05df","robots":{"index":"index","follow":"follow","max-snippet":"max-snippet:-1","max-image-preview":"max-image-preview:large","max-video-preview":"max-video-preview:-1"},"canonical":"https:\/\/eyalcohen.com\/de\/kunst-im-geiste-der-neuen-zeit\/","og_locale":"de_DE","og_type":"article","og_title":"Kunst im Geiste der neuen Zeit - \u05d4\u05e2\u05d9\u05d3\u05df \u05d4\u05d7\u05d3\u05e9 \u05e9\u05dc \u05d0\u05d9\u05dc \u05db\u05d4\u05df","og_description":"Eine Liebe Dieser Anh\u00e4nger, die wir &#8220;Weltfrieden &#8221; oder &#8220;one-Liebe&#8221; nennen, begann meine Idee und wurde von Hand gemacht von meinem j\u00fcngeren Bruder, der ein sehr talentierter und hoch qualifizierten Juwelier ist. Aus reinem Silber (925) Buy on\u00a0Ebay","og_url":"https:\/\/eyalcohen.com\/de\/kunst-im-geiste-der-neuen-zeit\/","og_site_name":"\u05d4\u05e2\u05d9\u05d3\u05df \u05d4\u05d7\u05d3\u05e9 \u05e9\u05dc \u05d0\u05d9\u05dc \u05db\u05d4\u05df","article_publisher":"https:\/\/www.facebook.com\/groups\/528354840531271","article_modified_time":"2019-04-15T20:33:05+00:00","og_image":[{"url":"http:\/\/eyalcohen.com\/wp-content\/uploads\/2019\/04\/ONE-LOVE.jpg","type":"","width":"","height":""}],"twitter_card":"summary_large_image","schema":{"@context":"https:\/\/schema.org","@graph":[{"@type":"WebPage","@id":"https:\/\/eyalcohen.com\/de\/kunst-im-geiste-der-neuen-zeit\/","url":"https:\/\/eyalcohen.com\/de\/kunst-im-geiste-der-neuen-zeit\/","name":"Kunst im Geiste der neuen Zeit - \u05d4\u05e2\u05d9\u05d3\u05df \u05d4\u05d7\u05d3\u05e9 \u05e9\u05dc \u05d0\u05d9\u05dc \u05db\u05d4\u05df","isPartOf":{"@id":"https:\/\/eyalcohen.com\/#website"},"primaryImageOfPage":{"@id":"https:\/\/eyalcohen.com\/de\/kunst-im-geiste-der-neuen-zeit\/#primaryimage"},"image":{"@id":"https:\/\/eyalcohen.com\/de\/kunst-im-geiste-der-neuen-zeit\/#primaryimage"},"thumbnailUrl":"http:\/\/eyalcohen.com\/wp-content\/uploads\/2019\/04\/ONE-LOVE.jpg","datePublished":"2017-05-05T19:14:08+00:00","dateModified":"2019-04-15T20:33:05+00:00","breadcrumb":{"@id":"https:\/\/eyalcohen.com\/de\/kunst-im-geiste-der-neuen-zeit\/#breadcrumb"},"inLanguage":"de","potentialAction":[{"@type":"ReadAction","target":["https:\/\/eyalcohen.com\/de\/kunst-im-geiste-der-neuen-zeit\/"]}]},{"@type":"ImageObject","inLanguage":"de","@id":"https:\/\/eyalcohen.com\/de\/kunst-im-geiste-der-neuen-zeit\/#primaryimage","url":"http:\/\/eyalcohen.com\/wp-content\/uploads\/2019\/04\/ONE-LOVE.jpg","contentUrl":"http:\/\/eyalcohen.com\/wp-content\/uploads\/2019\/04\/ONE-LOVE.jpg"},{"@type":"BreadcrumbList","@id":"https:\/\/eyalcohen.com\/de\/kunst-im-geiste-der-neuen-zeit\/#breadcrumb","itemListElement":[{"@type":"ListItem","position":1,"name":"\u05d3\u05e3 \u05d4\u05d1\u05d9\u05ea","item":"https:\/\/eyalcohen.com\/de\/%d7%94%d7%a2%d7%99%d7%93%d7%9f-%d7%94%d7%97%d7%93%d7%a9-%d7%a9%d7%9c-%d7%90%d7%99%d7%9c-%d7%9b%d7%94%d7%9f\/"},{"@type":"ListItem","position":2,"name":"Kunst im Geiste der neuen Zeit"}]},{"@type":"WebSite","@id":"https:\/\/eyalcohen.com\/#website","url":"https:\/\/eyalcohen.com\/","name":"\u05d4\u05e2\u05d9\u05d3\u05df \u05d4\u05d7\u05d3\u05e9 \u05e9\u05dc \u05d0\u05d9\u05dc \u05db\u05d4\u05df","description":"\u05d1\u05e8\u05d9\u05d0\u05d5\u05ea \u05d8\u05d1\u05e2\u05d9\u05ea, \u05de\u05d5\u05d6\u05d9\u05e7\u05d4 \u05dc\u05d0\u05d9\u05e8\u05d5\u05e2\u05d9\u05dd \u05d5\u05de\u05d4 \u05e9\u05d1\u05d9\u05e0\u05d9\u05d4\u05dd","publisher":{"@id":"https:\/\/eyalcohen.com\/#\/schema\/person\/2cf6581996d002a62e66ee8d3a64b863"},"potentialAction":[{"@type":"SearchAction","target":{"@type":"EntryPoint","urlTemplate":"https:\/\/eyalcohen.com\/?s={search_term_string}"},"query-input":{"@type":"PropertyValueSpecification","valueRequired":true,"valueName":"search_term_string"}}],"inLanguage":"de"},{"@type":["Person","Organization"],"@id":"https:\/\/eyalcohen.com\/#\/schema\/person\/2cf6581996d002a62e66ee8d3a64b863","name":"eyal cohen","image":{"@type":"ImageObject","inLanguage":"de","@id":"https:\/\/eyalcohen.com\/wp-content\/uploads\/2015\/12\/card_reiki.jpg","url":"https:\/\/eyalcohen.com\/wp-content\/uploads\/2015\/12\/card_reiki.jpg","contentUrl":"https:\/\/eyalcohen.com\/wp-content\/uploads\/2015\/12\/card_reiki.jpg","width":296,"height":532,"caption":"eyal cohen"},"logo":{"@id":"https:\/\/eyalcohen.com\/wp-content\/uploads\/2015\/12\/card_reiki.jpg"},"sameAs":["http:\/\/eyalcohen.com","https:\/\/www.facebook.com\/groups\/528354840531271","https:\/\/www.instagram.com\/eyalchn61\/"]}]}},"_links":{"self":[{"href":"https:\/\/eyalcohen.com\/de\/wp-json\/wp\/v2\/pages\/4887","targetHints":{"allow":["GET"]}}],"collection":[{"href":"https:\/\/eyalcohen.com\/de\/wp-json\/wp\/v2\/pages"}],"about":[{"href":"https:\/\/eyalcohen.com\/de\/wp-json\/wp\/v2\/types\/page"}],"author":[{"embeddable":true,"href":"https:\/\/eyalcohen.com\/de\/wp-json\/wp\/v2\/users\/2"}],"replies":[{"embeddable":true,"href":"https:\/\/eyalcohen.com\/de\/wp-json\/wp\/v2\/comments?post=4887"}],"version-history":[{"count":3,"href":"https:\/\/eyalcohen.com\/de\/wp-json\/wp\/v2\/pages\/4887\/revisions"}],"predecessor-version":[{"id":7438,"href":"https:\/\/eyalcohen.com\/de\/wp-json\/wp\/v2\/pages\/4887\/revisions\/7438"}],"wp:attachment":[{"href":"https:\/\/eyalcohen.com\/de\/wp-json\/wp\/v2\/media?parent=4887"}],"curies":[{"name":"wp","href":"https:\/\/api.w.org\/{rel}","templated":true}]}}