{"id":4885,"date":"2017-05-05T22:12:36","date_gmt":"2017-05-05T19:12:36","guid":{"rendered":"http:\/\/eyalcohen.com\/?page_id=4885"},"modified":"2017-07-06T14:30:40","modified_gmt":"2017-07-06T11:30:40","slug":"objektiv-ewusstsein","status":"publish","type":"page","link":"https:\/\/eyalcohen.com\/de\/objektiv-ewusstsein\/","title":{"rendered":"Objektiv ewusstsein"},"content":{"rendered":"<p style=\"direction: ltr;\">Mein Name ist Eyal Cohen, und ich bin ein Heiler und ein Guru aus Israel.<\/p>\n<p style=\"direction: ltr;\">bis 1993 war ich eine so genannte &#8220;ein normaler Mensch,&#8221; ich mein Arzt jedes Mal besuchte ich ein gesundheitliches Problem hatte, und ich glaubte, jede Forschung \u00fcber die Gesundheit, die ver\u00f6ffentlicht wurde.<\/p>\n<p style=\"direction: ltr;\">Man k\u00f6nnte sagen, dass ich dachte, wie ich sollte denken, aber es w\u00e4re richtiger zu sagen: &#8220;Ich h\u00e4tte nicht gedacht, &#8211; wie ich sollte nicht zu denken&#8221;, weil die Einrichtung alle Kenntnisse, die Sie brauchen, und Sie sind eigentlich nicht Gedanken der eigenen zu haben.<\/p>\n<p style=\"direction: ltr;\">Im Jahr 1993 gelang es mir, die Prozesse der Zahnfleischerkrankungen zu entdecken und heilen mich in systematischer Weise an einer schweren Situation von Zahnfleischr\u00fcckgang, in einer Weise, die die medizinische Einrichtung und den Medien v\u00f6llig ignoriert.<\/p>\n<p style=\"direction: ltr;\">Die Konfrontation mit der Tatsache, dass keine Beh\u00f6rde bei der Pr\u00fcfung der Informationen aus meiner Genesung, um interessiert ist, anderen Menschen zu helfen, die an diesen Krankheiten leiden, hat mich allen Glauben in unserer Kultur Systeme und Einrichtungen verlieren.<\/p>\n<p style=\"direction: ltr;\">Folglich erlebte ich eine m\u00e4chtige Erleuchtung, das machte mich das tun, was f\u00fcr einen scheinbar normalen Menschen unm\u00f6glich schien. Ich begann, f\u00fcr mich selbst zu denken, und eine ganze Theorie \u00fcber das Leben entwickelt, das ich &#8220;Ziel-Bewusstsein&#8221; nennen, die meist etwa aus dem energetischen Aspekt zu verstehen, das Leben und die Gesundheit ist, bis zur h\u00f6chsten Aufl\u00f6sung der Entstehung des Lebens und die Bedeutung von Leben.<\/p>\n<p style=\"direction: ltr;\">Ziel Bewusstsein ist ein Weg, das Leben zu verstehen, ohne von den M\u00e4chten manipuliert werden, dass wir blind folgen werden konditioniert, die von \u00fcberwiegend politischen, industriellen, finanziellen, religi\u00f6sen motiviert sind &#8211; und andere Interessen, die den K\u00f6pfen der Menschen und das Verhalten steuern.<\/p>\n<p style=\"direction: ltr;\">Mit unseren sorgf\u00e4ltig kulturelle Wahrnehmung und Normen entwickelt, sollten Sie nicht die Unabh\u00e4ngigkeit Gedanken. Wenn Sie die l\u00e4stigen Gedanken haben, entdecken Sie schnell, dass man von der Gesellschaft gemieden, das nicht akzeptierten Ideen unterdr\u00fcckt, und auch Ihre engsten Freunde und Familie den R\u00fccken kehren Sie, und werden nicht mit Ihnen \u00fcber Ihre verschiedenen Ideen zu sprechen.<\/p>\n<p style=\"direction: ltr;\">Obwohl unsere Zivilisation so weit fortgeschritten ist, dass das eigentliche Kriterium bestimmt, ob wir erfolgreich sind, ist unsere Gesundheit und unser Wohlbefinden. Die Tatsache, dass Umwelt genetische Krankheiten wie Krebs &#8211; und energetische Krankheiten wie Diabetes, Lupus, Psoriasis, Morbus Crohn, Asthma, Fibromyalgie, Herzerkrankungen und viele andere sind immer auf der Skala von einer Epidemie weit verbreitet auf, gibt an, dass wir nicht so erfolgreich sind Schlie\u00dflich, und das etwas in der Grundlage dieser Kultur und in der Philosophie verzerrt ist, dass die Ursachen leiden und f\u00fcr die Umwelt auf den Menschen.<\/p>\n<p style=\"direction: ltr;\">Wenn wir neue, wie ein ausgeglichenes Leben in der energetischen Aspekt zu leben, w\u00fcrden diese Krankheiten nicht existieren, oder auf einem vernachl\u00e4ssigbaren Umfang sein w\u00fcrde, aber in unserer Gesellschaft, die jede m\u00f6gliche Balance trampelt, sie verursachen Leid und den Tod zu viele Menschen.<\/p>\n<p style=\"direction: ltr;\">Wie die Zahnfleischerkrankungen k\u00f6nnen diese Krankheiten verhindert und mit energetischen Behandlungen geheilt werden, die den K\u00f6rper unterst\u00fctzen und zu st\u00e4rken, zu verbessern und ihre Heilung F\u00e4higkeit.<\/p>\n<p style=\"direction: ltr;\">Das Problem ist, dass nach der akzeptierten Wahrnehmung, unserer Zivilisation, die nicht \u00fcber die Ursachen der Krankheiten ist, kann ohne Schuldgef\u00fchl der Menschen Energie zu nutzen und ohne Gewissensbisse, ohne von irgendetwas beschuldigt zu werden, oder die Verantwortung auf die steigende nehmen zu m\u00fcssen von Diese Krankheiten.<\/p>\n<p style=\"direction: ltr;\">Das zweite Buch in der Serie, die &#8220;Das Wesen der Sch\u00f6pfung&#8221; genannt wird, wurde in Israel im November 2007 ver\u00f6ffentlicht, nimmt das Verst\u00e4ndnis von Energie tiefer, und erkl\u00e4rt der als Wille Energie lebender entwickeln zu bewahren und zu entwickeln, und die K\u00f6rper als energetisches Wesen mit all seinen Aspekten.<\/p>\n<p style=\"direction: ltr;\">Ich glaube, dass diese Informationen verbreitet der einzige Weg ist, die zu einer signifikanten Verbesserung der Lebensqualit\u00e4t des Einzelnen f\u00fchren k\u00f6nnte &#8211; und deutlich die enorme Belastung f\u00fcr das Gesundheitssystem und die Gesellschaft als Ganzes zu reduzieren.<\/p>\n","protected":false},"excerpt":{"rendered":"<p>Mein Name ist Eyal Cohen, und ich bin ein Heiler und ein Guru aus Israel. bis 1993 war ich eine so genannte &#8220;ein normaler Mensch,&#8221; ich mein Arzt jedes Mal besuchte ich ein gesundheitliches Problem hatte, und ich glaubte, jede Forschung \u00fcber die Gesundheit, die ver\u00f6ffentlicht wurde. Man k\u00f6nnte sagen, dass ich dachte, wie ich [&hellip;]<\/p>\n","protected":false},"author":2,"featured_media":0,"parent":0,"menu_order":0,"comment_status":"open","ping_status":"open","template":"","meta":{"_monsterinsights_skip_tracking":false,"_monsterinsights_sitenote_active":false,"_monsterinsights_sitenote_note":"","_monsterinsights_sitenote_category":0,"footnotes":""},"class_list":["post-4885","page","type-page","status-publish","hentry"],"yoast_head":"<!-- This site is optimized with the Yoast SEO plugin v27.3 - https:\/\/yoast.com\/product\/yoast-seo-wordpress\/ -->\n<title>Objektiv ewusstsein - \u05d4\u05e2\u05d9\u05d3\u05df \u05d4\u05d7\u05d3\u05e9 \u05e9\u05dc \u05d0\u05d9\u05dc \u05db\u05d4\u05df<\/title>\n<meta name=\"robots\" content=\"index, follow, max-snippet:-1, max-image-preview:large, max-video-preview:-1\" \/>\n<link rel=\"canonical\" href=\"https:\/\/eyalcohen.com\/de\/objektiv-ewusstsein\/\" \/>\n<meta property=\"og:locale\" content=\"de_DE\" \/>\n<meta property=\"og:type\" content=\"article\" \/>\n<meta property=\"og:title\" content=\"Objektiv ewusstsein - \u05d4\u05e2\u05d9\u05d3\u05df \u05d4\u05d7\u05d3\u05e9 \u05e9\u05dc \u05d0\u05d9\u05dc \u05db\u05d4\u05df\" \/>\n<meta property=\"og:description\" content=\"Mein Name ist Eyal Cohen, und ich bin ein Heiler und ein Guru aus Israel. bis 1993 war ich eine so genannte &#8220;ein normaler Mensch,&#8221; ich mein Arzt jedes Mal besuchte ich ein gesundheitliches Problem hatte, und ich glaubte, jede Forschung \u00fcber die Gesundheit, die ver\u00f6ffentlicht wurde. Man k\u00f6nnte sagen, dass ich dachte, wie ich [&hellip;]\" \/>\n<meta property=\"og:url\" content=\"https:\/\/eyalcohen.com\/de\/objektiv-ewusstsein\/\" \/>\n<meta property=\"og:site_name\" content=\"\u05d4\u05e2\u05d9\u05d3\u05df \u05d4\u05d7\u05d3\u05e9 \u05e9\u05dc \u05d0\u05d9\u05dc \u05db\u05d4\u05df\" \/>\n<meta property=\"article:publisher\" content=\"https:\/\/www.facebook.com\/groups\/528354840531271\" \/>\n<meta property=\"article:modified_time\" content=\"2017-07-06T11:30:40+00:00\" \/>\n<meta name=\"twitter:card\" content=\"summary_large_image\" \/>\n<meta name=\"twitter:label1\" content=\"Gesch\u00e4tzte Lesezeit\" \/>\n\t<meta name=\"twitter:data1\" content=\"3\u00a0Minuten\" \/>\n<script type=\"application\/ld+json\" class=\"yoast-schema-graph\">{\"@context\":\"https:\\\/\\\/schema.org\",\"@graph\":[{\"@type\":\"WebPage\",\"@id\":\"https:\\\/\\\/eyalcohen.com\\\/de\\\/objektiv-ewusstsein\\\/\",\"url\":\"https:\\\/\\\/eyalcohen.com\\\/de\\\/objektiv-ewusstsein\\\/\",\"name\":\"Objektiv ewusstsein - \u05d4\u05e2\u05d9\u05d3\u05df \u05d4\u05d7\u05d3\u05e9 \u05e9\u05dc \u05d0\u05d9\u05dc \u05db\u05d4\u05df\",\"isPartOf\":{\"@id\":\"https:\\\/\\\/eyalcohen.com\\\/#website\"},\"datePublished\":\"2017-05-05T19:12:36+00:00\",\"dateModified\":\"2017-07-06T11:30:40+00:00\",\"breadcrumb\":{\"@id\":\"https:\\\/\\\/eyalcohen.com\\\/de\\\/objektiv-ewusstsein\\\/#breadcrumb\"},\"inLanguage\":\"de\",\"potentialAction\":[{\"@type\":\"ReadAction\",\"target\":[\"https:\\\/\\\/eyalcohen.com\\\/de\\\/objektiv-ewusstsein\\\/\"]}]},{\"@type\":\"BreadcrumbList\",\"@id\":\"https:\\\/\\\/eyalcohen.com\\\/de\\\/objektiv-ewusstsein\\\/#breadcrumb\",\"itemListElement\":[{\"@type\":\"ListItem\",\"position\":1,\"name\":\"\u05d3\u05e3 \u05d4\u05d1\u05d9\u05ea\",\"item\":\"https:\\\/\\\/eyalcohen.com\\\/de\\\/%d7%94%d7%a2%d7%99%d7%93%d7%9f-%d7%94%d7%97%d7%93%d7%a9-%d7%a9%d7%9c-%d7%90%d7%99%d7%9c-%d7%9b%d7%94%d7%9f\\\/\"},{\"@type\":\"ListItem\",\"position\":2,\"name\":\"Objektiv ewusstsein\"}]},{\"@type\":\"WebSite\",\"@id\":\"https:\\\/\\\/eyalcohen.com\\\/#website\",\"url\":\"https:\\\/\\\/eyalcohen.com\\\/\",\"name\":\"\u05d4\u05e2\u05d9\u05d3\u05df \u05d4\u05d7\u05d3\u05e9 \u05e9\u05dc \u05d0\u05d9\u05dc \u05db\u05d4\u05df\",\"description\":\"\u05d1\u05e8\u05d9\u05d0\u05d5\u05ea \u05d8\u05d1\u05e2\u05d9\u05ea, \u05de\u05d5\u05d6\u05d9\u05e7\u05d4 \u05dc\u05d0\u05d9\u05e8\u05d5\u05e2\u05d9\u05dd \u05d5\u05de\u05d4 \u05e9\u05d1\u05d9\u05e0\u05d9\u05d4\u05dd\",\"publisher\":{\"@id\":\"https:\\\/\\\/eyalcohen.com\\\/#\\\/schema\\\/person\\\/2cf6581996d002a62e66ee8d3a64b863\"},\"potentialAction\":[{\"@type\":\"SearchAction\",\"target\":{\"@type\":\"EntryPoint\",\"urlTemplate\":\"https:\\\/\\\/eyalcohen.com\\\/?s={search_term_string}\"},\"query-input\":{\"@type\":\"PropertyValueSpecification\",\"valueRequired\":true,\"valueName\":\"search_term_string\"}}],\"inLanguage\":\"de\"},{\"@type\":[\"Person\",\"Organization\"],\"@id\":\"https:\\\/\\\/eyalcohen.com\\\/#\\\/schema\\\/person\\\/2cf6581996d002a62e66ee8d3a64b863\",\"name\":\"eyal cohen\",\"image\":{\"@type\":\"ImageObject\",\"inLanguage\":\"de\",\"@id\":\"https:\\\/\\\/eyalcohen.com\\\/wp-content\\\/uploads\\\/2015\\\/12\\\/card_reiki.jpg\",\"url\":\"https:\\\/\\\/eyalcohen.com\\\/wp-content\\\/uploads\\\/2015\\\/12\\\/card_reiki.jpg\",\"contentUrl\":\"https:\\\/\\\/eyalcohen.com\\\/wp-content\\\/uploads\\\/2015\\\/12\\\/card_reiki.jpg\",\"width\":296,\"height\":532,\"caption\":\"eyal cohen\"},\"logo\":{\"@id\":\"https:\\\/\\\/eyalcohen.com\\\/wp-content\\\/uploads\\\/2015\\\/12\\\/card_reiki.jpg\"},\"sameAs\":[\"http:\\\/\\\/eyalcohen.com\",\"https:\\\/\\\/www.facebook.com\\\/groups\\\/528354840531271\",\"https:\\\/\\\/www.instagram.com\\\/eyalchn61\\\/\"]}]}<\/script>\n<!-- \/ Yoast SEO plugin. -->","yoast_head_json":{"title":"Objektiv ewusstsein - \u05d4\u05e2\u05d9\u05d3\u05df \u05d4\u05d7\u05d3\u05e9 \u05e9\u05dc \u05d0\u05d9\u05dc \u05db\u05d4\u05df","robots":{"index":"index","follow":"follow","max-snippet":"max-snippet:-1","max-image-preview":"max-image-preview:large","max-video-preview":"max-video-preview:-1"},"canonical":"https:\/\/eyalcohen.com\/de\/objektiv-ewusstsein\/","og_locale":"de_DE","og_type":"article","og_title":"Objektiv ewusstsein - \u05d4\u05e2\u05d9\u05d3\u05df \u05d4\u05d7\u05d3\u05e9 \u05e9\u05dc \u05d0\u05d9\u05dc \u05db\u05d4\u05df","og_description":"Mein Name ist Eyal Cohen, und ich bin ein Heiler und ein Guru aus Israel. bis 1993 war ich eine so genannte &#8220;ein normaler Mensch,&#8221; ich mein Arzt jedes Mal besuchte ich ein gesundheitliches Problem hatte, und ich glaubte, jede Forschung \u00fcber die Gesundheit, die ver\u00f6ffentlicht wurde. Man k\u00f6nnte sagen, dass ich dachte, wie ich [&hellip;]","og_url":"https:\/\/eyalcohen.com\/de\/objektiv-ewusstsein\/","og_site_name":"\u05d4\u05e2\u05d9\u05d3\u05df \u05d4\u05d7\u05d3\u05e9 \u05e9\u05dc \u05d0\u05d9\u05dc \u05db\u05d4\u05df","article_publisher":"https:\/\/www.facebook.com\/groups\/528354840531271","article_modified_time":"2017-07-06T11:30:40+00:00","twitter_card":"summary_large_image","twitter_misc":{"Gesch\u00e4tzte Lesezeit":"3\u00a0Minuten"},"schema":{"@context":"https:\/\/schema.org","@graph":[{"@type":"WebPage","@id":"https:\/\/eyalcohen.com\/de\/objektiv-ewusstsein\/","url":"https:\/\/eyalcohen.com\/de\/objektiv-ewusstsein\/","name":"Objektiv ewusstsein - \u05d4\u05e2\u05d9\u05d3\u05df \u05d4\u05d7\u05d3\u05e9 \u05e9\u05dc \u05d0\u05d9\u05dc \u05db\u05d4\u05df","isPartOf":{"@id":"https:\/\/eyalcohen.com\/#website"},"datePublished":"2017-05-05T19:12:36+00:00","dateModified":"2017-07-06T11:30:40+00:00","breadcrumb":{"@id":"https:\/\/eyalcohen.com\/de\/objektiv-ewusstsein\/#breadcrumb"},"inLanguage":"de","potentialAction":[{"@type":"ReadAction","target":["https:\/\/eyalcohen.com\/de\/objektiv-ewusstsein\/"]}]},{"@type":"BreadcrumbList","@id":"https:\/\/eyalcohen.com\/de\/objektiv-ewusstsein\/#breadcrumb","itemListElement":[{"@type":"ListItem","position":1,"name":"\u05d3\u05e3 \u05d4\u05d1\u05d9\u05ea","item":"https:\/\/eyalcohen.com\/de\/%d7%94%d7%a2%d7%99%d7%93%d7%9f-%d7%94%d7%97%d7%93%d7%a9-%d7%a9%d7%9c-%d7%90%d7%99%d7%9c-%d7%9b%d7%94%d7%9f\/"},{"@type":"ListItem","position":2,"name":"Objektiv ewusstsein"}]},{"@type":"WebSite","@id":"https:\/\/eyalcohen.com\/#website","url":"https:\/\/eyalcohen.com\/","name":"\u05d4\u05e2\u05d9\u05d3\u05df \u05d4\u05d7\u05d3\u05e9 \u05e9\u05dc \u05d0\u05d9\u05dc \u05db\u05d4\u05df","description":"\u05d1\u05e8\u05d9\u05d0\u05d5\u05ea \u05d8\u05d1\u05e2\u05d9\u05ea, \u05de\u05d5\u05d6\u05d9\u05e7\u05d4 \u05dc\u05d0\u05d9\u05e8\u05d5\u05e2\u05d9\u05dd \u05d5\u05de\u05d4 \u05e9\u05d1\u05d9\u05e0\u05d9\u05d4\u05dd","publisher":{"@id":"https:\/\/eyalcohen.com\/#\/schema\/person\/2cf6581996d002a62e66ee8d3a64b863"},"potentialAction":[{"@type":"SearchAction","target":{"@type":"EntryPoint","urlTemplate":"https:\/\/eyalcohen.com\/?s={search_term_string}"},"query-input":{"@type":"PropertyValueSpecification","valueRequired":true,"valueName":"search_term_string"}}],"inLanguage":"de"},{"@type":["Person","Organization"],"@id":"https:\/\/eyalcohen.com\/#\/schema\/person\/2cf6581996d002a62e66ee8d3a64b863","name":"eyal cohen","image":{"@type":"ImageObject","inLanguage":"de","@id":"https:\/\/eyalcohen.com\/wp-content\/uploads\/2015\/12\/card_reiki.jpg","url":"https:\/\/eyalcohen.com\/wp-content\/uploads\/2015\/12\/card_reiki.jpg","contentUrl":"https:\/\/eyalcohen.com\/wp-content\/uploads\/2015\/12\/card_reiki.jpg","width":296,"height":532,"caption":"eyal cohen"},"logo":{"@id":"https:\/\/eyalcohen.com\/wp-content\/uploads\/2015\/12\/card_reiki.jpg"},"sameAs":["http:\/\/eyalcohen.com","https:\/\/www.facebook.com\/groups\/528354840531271","https:\/\/www.instagram.com\/eyalchn61\/"]}]}},"_links":{"self":[{"href":"https:\/\/eyalcohen.com\/de\/wp-json\/wp\/v2\/pages\/4885","targetHints":{"allow":["GET"]}}],"collection":[{"href":"https:\/\/eyalcohen.com\/de\/wp-json\/wp\/v2\/pages"}],"about":[{"href":"https:\/\/eyalcohen.com\/de\/wp-json\/wp\/v2\/types\/page"}],"author":[{"embeddable":true,"href":"https:\/\/eyalcohen.com\/de\/wp-json\/wp\/v2\/users\/2"}],"replies":[{"embeddable":true,"href":"https:\/\/eyalcohen.com\/de\/wp-json\/wp\/v2\/comments?post=4885"}],"version-history":[{"count":1,"href":"https:\/\/eyalcohen.com\/de\/wp-json\/wp\/v2\/pages\/4885\/revisions"}],"predecessor-version":[{"id":4886,"href":"https:\/\/eyalcohen.com\/de\/wp-json\/wp\/v2\/pages\/4885\/revisions\/4886"}],"wp:attachment":[{"href":"https:\/\/eyalcohen.com\/de\/wp-json\/wp\/v2\/media?parent=4885"}],"curies":[{"name":"wp","href":"https:\/\/api.w.org\/{rel}","templated":true}]}}