{"id":4793,"date":"2017-04-27T14:24:05","date_gmt":"2017-04-27T11:24:05","guid":{"rendered":"http:\/\/eyalcohen.com\/?page_id=4793"},"modified":"2017-07-06T14:30:57","modified_gmt":"2017-07-06T11:30:57","slug":"dinge-die-sie-nicht-von-ihrem-arzt-hoeren","status":"publish","type":"page","link":"https:\/\/eyalcohen.com\/de\/dinge-die-sie-nicht-von-ihrem-arzt-hoeren\/","title":{"rendered":"Dinge, die Sie nicht von Ihrem Arzt h\u00f6ren"},"content":{"rendered":"<p dir=\"ltr\" style=\"text-align: justify;\">Mein Name ist Eyal Cohen, und ich bin ein Heiler und ein Guru aus Israel.<\/p>\n<p dir=\"ltr\" style=\"text-align: justify;\">Ich hatte immer eine au\u00dfergew\u00f6hnliche Wahrnehmung so gut wie alles im Leben.<\/p>\n<p dir=\"ltr\" style=\"text-align: justify;\">Im Jahr 1993 gelang es mir, mich an einer schweren Zahnfleischr\u00fcckgang zu heilen, die eine intensive Empfindlichkeit enthalten, Verlust der Z\u00e4hne Stabilit\u00e4t und Gesamt Dysfunktion.<\/p>\n<p dir=\"ltr\" style=\"text-align: justify;\">Soweit ich wei\u00df, ich bin die erste Person in der Welt, die die Ursache der Krankheit zu entdecken, verwaltet werden &#8211; und es nat\u00fcrlich heilen, in systematischer Weise, ohne medizinische Behandlung, gegen alle akzeptierten Ansichten.<br \/>\nNach den Erkenntnissen, die ich von dieser wunderbaren Heilung kam, erlebte ich eine m\u00e4chtige Erleuchtung, die den wahren Grund f\u00fcr viele Arten von Krankheiten und Leiden offenbart, in einer Art und Weise der endlosen Flut von Informationen hat mir geholfen, den K\u00f6rper vor dem energetischen Aspekt verstehen, die sich aus der vorherrschende Wahrnehmung in der materiellen Welt zentriert, k\u00f6nnen wir nicht verstehen.<\/p>\n<p dir=\"ltr\" style=\"text-align: justify;\">Sp\u00e4ter nahm ich einen Reiki-Kurs, und ich fing an, diese Behandlungen, die auf die Bereitstellung von tatkr\u00e4ftige Unterst\u00fctzung f\u00fcr den K\u00f6rper basieren, st\u00e4rken den K\u00f6rper und lassen Sie es von fast jedem Trauma, Schmerz und viele verschiedene gesundheitliche Krisen schnell und in hoher Qualit\u00e4t zu heilen . Zwar gibt es keine hundert Prozent, in mehr als neunzig Prozent schaffe ich Bandscheibenvorfall zu heilen, Fersensporn, Wunden, Verbrennungen, \u00d6deme, Knochen Frakturen, &#8220;psychosomatischen&#8221; Krankheiten wie Fibromyalgie &#8211; und Krebs kann mit diesen Behandlungen geheilt werden, aber vielleicht die was auch immer wichtigste Eigenschaft ist, dass es kein Risiko besch\u00e4digen oder darstellen k\u00f6nnen.<\/p>\n<p dir=\"ltr\" style=\"text-align: justify;\">Versuche, Interesse an der Einrichtung zu funken &#8211; entweder das Gesundheitssystem, die Medien oder jedes andere System &#8211; scheiterte und endete mit einer Entt\u00e4uschung.<\/p>\n<p dir=\"ltr\" style=\"text-align: justify;\">Seit ich die Erleuchtung erfahren, trotz der enormen Schwierigkeiten der \u00d6ffentlichkeit Informationen zu liefern, die nicht akzeptabel ist und nicht von der Gr\u00fcndung Beh\u00f6rde kommt, ohne PR und keine Hilfe auch immer, ich mein Bestes tun, um die Informationen zu liefern, sei es durch Reiki und Heilbehandlungen als eine Mission, sei es in einer Reihe von B\u00fccher &#8220;Dinge, die Sie nicht von Ihrem Arzt h\u00f6ren&#8221;, auf dieser Website und in Vortr\u00e4gen \u00fcber das Bewusstsein und Gesundheit.<\/p>\n<p dir=\"ltr\" style=\"text-align: justify;\">die Funktionen des K\u00f6rpers im energetischen Aspekt verstehen &#8211; und andere Krankheiten als Folge von Verletzungen der Energiebilanz zu entwickeln, wird es uns erm\u00f6glichen, um Verletzungen zu vermeiden und damit unsere Gesundheit und unsere Funktionen halten und lassen Sie den K\u00f6rper von vielen verschiedenen Problemen zu erholen und verschiedene Krankheiten, die &#8220;unheilbar&#8221;, &#8220;chronische \/&#8221; &#8220;psychosomatische \/&#8221; &#8220;Autoimmun-&#8221; definiert sind, und so weiter, nat\u00fcrlich, ohne medizinische Behandlung.<\/p>\n<p dir=\"ltr\" style=\"text-align: justify;\">Die Buchreihe &#8220;Dinge, die Sie nicht wollen, von Ihrem Arzt zu h\u00f6ren&#8221; ist eigentlich eine spirituelle Reise, dass mit dem klaren Verst\u00e4ndnis von Gingivitis und R\u00fcckzugs Kaugummi als Folge eines rohen Verletzung der Energiebilanz beginnt, und f\u00fchrt den Leser Schritt f\u00fcr Schritt , ein Buch nach dem, durch vielseitige spirituelle Erleuchtung, zu erkennen und den K\u00f6rper als Vorlage von Energie zu verstehen, die in einem engen Bereich von Waagen bestehen muss, in einem gesunden Zustand zu funktionieren.<\/p>\n<p dir=\"ltr\" style=\"text-align: justify;\">Eyal Cohen<\/p>\n<p dir=\"ltr\" style=\"text-align: justify;\"><img fetchpriority=\"high\" decoding=\"async\" class=\"wp-image-6\" src=\"http:\/\/eyalcohen.com\/de\/files\/2016\/07\/ENGLISH-BOOK-COVER-FRONT.jpg\" alt=\"ENGLISH BOOK COVER FRONT\" width=\"283\" height=\"410\" \/> <img decoding=\"async\" class=\"wp-image-7\" src=\"http:\/\/eyalcohen.com\/de\/files\/2016\/07\/book2.jpg\" alt=\"book2\" width=\"281\" height=\"407\" \/><\/p>\n","protected":false},"excerpt":{"rendered":"<p>Mein Name ist Eyal Cohen, und ich bin ein Heiler und ein Guru aus Israel. Ich hatte immer eine au\u00dfergew\u00f6hnliche Wahrnehmung so gut wie alles im Leben. Im Jahr 1993 gelang es mir, mich an einer schweren Zahnfleischr\u00fcckgang zu heilen, die eine intensive Empfindlichkeit enthalten, Verlust der Z\u00e4hne Stabilit\u00e4t und Gesamt Dysfunktion. Soweit ich wei\u00df, [&hellip;]<\/p>\n","protected":false},"author":2,"featured_media":0,"parent":0,"menu_order":0,"comment_status":"open","ping_status":"closed","template":"","meta":{"_monsterinsights_skip_tracking":false,"_monsterinsights_sitenote_active":false,"_monsterinsights_sitenote_note":"","_monsterinsights_sitenote_category":0,"footnotes":""},"class_list":["post-4793","page","type-page","status-publish","hentry"],"yoast_head":"<!-- This site is optimized with the Yoast SEO plugin v27.3 - https:\/\/yoast.com\/product\/yoast-seo-wordpress\/ -->\n<title>Dinge, die Sie nicht von Ihrem Arzt h\u00f6ren - \u05d4\u05e2\u05d9\u05d3\u05df \u05d4\u05d7\u05d3\u05e9 \u05e9\u05dc \u05d0\u05d9\u05dc \u05db\u05d4\u05df<\/title>\n<meta name=\"robots\" content=\"index, follow, max-snippet:-1, max-image-preview:large, max-video-preview:-1\" \/>\n<link rel=\"canonical\" href=\"https:\/\/eyalcohen.com\/de\/dinge-die-sie-nicht-von-ihrem-arzt-hoeren\/\" \/>\n<meta property=\"og:locale\" content=\"de_DE\" \/>\n<meta property=\"og:type\" content=\"article\" \/>\n<meta property=\"og:title\" content=\"Dinge, die Sie nicht von Ihrem Arzt h\u00f6ren - \u05d4\u05e2\u05d9\u05d3\u05df \u05d4\u05d7\u05d3\u05e9 \u05e9\u05dc \u05d0\u05d9\u05dc \u05db\u05d4\u05df\" \/>\n<meta property=\"og:description\" content=\"Mein Name ist Eyal Cohen, und ich bin ein Heiler und ein Guru aus Israel. Ich hatte immer eine au\u00dfergew\u00f6hnliche Wahrnehmung so gut wie alles im Leben. Im Jahr 1993 gelang es mir, mich an einer schweren Zahnfleischr\u00fcckgang zu heilen, die eine intensive Empfindlichkeit enthalten, Verlust der Z\u00e4hne Stabilit\u00e4t und Gesamt Dysfunktion. Soweit ich wei\u00df, [&hellip;]\" \/>\n<meta property=\"og:url\" content=\"https:\/\/eyalcohen.com\/de\/dinge-die-sie-nicht-von-ihrem-arzt-hoeren\/\" \/>\n<meta property=\"og:site_name\" content=\"\u05d4\u05e2\u05d9\u05d3\u05df \u05d4\u05d7\u05d3\u05e9 \u05e9\u05dc \u05d0\u05d9\u05dc \u05db\u05d4\u05df\" \/>\n<meta property=\"article:publisher\" content=\"https:\/\/www.facebook.com\/groups\/528354840531271\" \/>\n<meta property=\"article:modified_time\" content=\"2017-07-06T11:30:57+00:00\" \/>\n<meta property=\"og:image\" content=\"http:\/\/eyalcohen.com\/de\/files\/2016\/07\/ENGLISH-BOOK-COVER-FRONT.jpg\" \/>\n<meta name=\"twitter:card\" content=\"summary_large_image\" \/>\n<meta name=\"twitter:label1\" content=\"Gesch\u00e4tzte Lesezeit\" \/>\n\t<meta name=\"twitter:data1\" content=\"3\u00a0Minuten\" \/>\n<script type=\"application\/ld+json\" class=\"yoast-schema-graph\">{\"@context\":\"https:\\\/\\\/schema.org\",\"@graph\":[{\"@type\":\"WebPage\",\"@id\":\"https:\\\/\\\/eyalcohen.com\\\/de\\\/dinge-die-sie-nicht-von-ihrem-arzt-hoeren\\\/\",\"url\":\"https:\\\/\\\/eyalcohen.com\\\/de\\\/dinge-die-sie-nicht-von-ihrem-arzt-hoeren\\\/\",\"name\":\"Dinge, die Sie nicht von Ihrem Arzt h\u00f6ren - \u05d4\u05e2\u05d9\u05d3\u05df \u05d4\u05d7\u05d3\u05e9 \u05e9\u05dc \u05d0\u05d9\u05dc \u05db\u05d4\u05df\",\"isPartOf\":{\"@id\":\"https:\\\/\\\/eyalcohen.com\\\/#website\"},\"primaryImageOfPage\":{\"@id\":\"https:\\\/\\\/eyalcohen.com\\\/de\\\/dinge-die-sie-nicht-von-ihrem-arzt-hoeren\\\/#primaryimage\"},\"image\":{\"@id\":\"https:\\\/\\\/eyalcohen.com\\\/de\\\/dinge-die-sie-nicht-von-ihrem-arzt-hoeren\\\/#primaryimage\"},\"thumbnailUrl\":\"http:\\\/\\\/eyalcohen.com\\\/de\\\/files\\\/2016\\\/07\\\/ENGLISH-BOOK-COVER-FRONT.jpg\",\"datePublished\":\"2017-04-27T11:24:05+00:00\",\"dateModified\":\"2017-07-06T11:30:57+00:00\",\"breadcrumb\":{\"@id\":\"https:\\\/\\\/eyalcohen.com\\\/de\\\/dinge-die-sie-nicht-von-ihrem-arzt-hoeren\\\/#breadcrumb\"},\"inLanguage\":\"de\",\"potentialAction\":[{\"@type\":\"ReadAction\",\"target\":[\"https:\\\/\\\/eyalcohen.com\\\/de\\\/dinge-die-sie-nicht-von-ihrem-arzt-hoeren\\\/\"]}]},{\"@type\":\"ImageObject\",\"inLanguage\":\"de\",\"@id\":\"https:\\\/\\\/eyalcohen.com\\\/de\\\/dinge-die-sie-nicht-von-ihrem-arzt-hoeren\\\/#primaryimage\",\"url\":\"http:\\\/\\\/eyalcohen.com\\\/de\\\/files\\\/2016\\\/07\\\/ENGLISH-BOOK-COVER-FRONT.jpg\",\"contentUrl\":\"http:\\\/\\\/eyalcohen.com\\\/de\\\/files\\\/2016\\\/07\\\/ENGLISH-BOOK-COVER-FRONT.jpg\"},{\"@type\":\"BreadcrumbList\",\"@id\":\"https:\\\/\\\/eyalcohen.com\\\/de\\\/dinge-die-sie-nicht-von-ihrem-arzt-hoeren\\\/#breadcrumb\",\"itemListElement\":[{\"@type\":\"ListItem\",\"position\":1,\"name\":\"\u05d3\u05e3 \u05d4\u05d1\u05d9\u05ea\",\"item\":\"https:\\\/\\\/eyalcohen.com\\\/de\\\/%d7%94%d7%a2%d7%99%d7%93%d7%9f-%d7%94%d7%97%d7%93%d7%a9-%d7%a9%d7%9c-%d7%90%d7%99%d7%9c-%d7%9b%d7%94%d7%9f\\\/\"},{\"@type\":\"ListItem\",\"position\":2,\"name\":\"Dinge, die Sie nicht von Ihrem Arzt h\u00f6ren\"}]},{\"@type\":\"WebSite\",\"@id\":\"https:\\\/\\\/eyalcohen.com\\\/#website\",\"url\":\"https:\\\/\\\/eyalcohen.com\\\/\",\"name\":\"\u05d4\u05e2\u05d9\u05d3\u05df \u05d4\u05d7\u05d3\u05e9 \u05e9\u05dc \u05d0\u05d9\u05dc \u05db\u05d4\u05df\",\"description\":\"\u05d1\u05e8\u05d9\u05d0\u05d5\u05ea \u05d8\u05d1\u05e2\u05d9\u05ea, \u05de\u05d5\u05d6\u05d9\u05e7\u05d4 \u05dc\u05d0\u05d9\u05e8\u05d5\u05e2\u05d9\u05dd \u05d5\u05de\u05d4 \u05e9\u05d1\u05d9\u05e0\u05d9\u05d4\u05dd\",\"publisher\":{\"@id\":\"https:\\\/\\\/eyalcohen.com\\\/#\\\/schema\\\/person\\\/2cf6581996d002a62e66ee8d3a64b863\"},\"potentialAction\":[{\"@type\":\"SearchAction\",\"target\":{\"@type\":\"EntryPoint\",\"urlTemplate\":\"https:\\\/\\\/eyalcohen.com\\\/?s={search_term_string}\"},\"query-input\":{\"@type\":\"PropertyValueSpecification\",\"valueRequired\":true,\"valueName\":\"search_term_string\"}}],\"inLanguage\":\"de\"},{\"@type\":[\"Person\",\"Organization\"],\"@id\":\"https:\\\/\\\/eyalcohen.com\\\/#\\\/schema\\\/person\\\/2cf6581996d002a62e66ee8d3a64b863\",\"name\":\"eyal cohen\",\"image\":{\"@type\":\"ImageObject\",\"inLanguage\":\"de\",\"@id\":\"https:\\\/\\\/eyalcohen.com\\\/wp-content\\\/uploads\\\/2015\\\/12\\\/card_reiki.jpg\",\"url\":\"https:\\\/\\\/eyalcohen.com\\\/wp-content\\\/uploads\\\/2015\\\/12\\\/card_reiki.jpg\",\"contentUrl\":\"https:\\\/\\\/eyalcohen.com\\\/wp-content\\\/uploads\\\/2015\\\/12\\\/card_reiki.jpg\",\"width\":296,\"height\":532,\"caption\":\"eyal cohen\"},\"logo\":{\"@id\":\"https:\\\/\\\/eyalcohen.com\\\/wp-content\\\/uploads\\\/2015\\\/12\\\/card_reiki.jpg\"},\"sameAs\":[\"http:\\\/\\\/eyalcohen.com\",\"https:\\\/\\\/www.facebook.com\\\/groups\\\/528354840531271\",\"https:\\\/\\\/www.instagram.com\\\/eyalchn61\\\/\"]}]}<\/script>\n<!-- \/ Yoast SEO plugin. -->","yoast_head_json":{"title":"Dinge, die Sie nicht von Ihrem Arzt h\u00f6ren - \u05d4\u05e2\u05d9\u05d3\u05df \u05d4\u05d7\u05d3\u05e9 \u05e9\u05dc \u05d0\u05d9\u05dc \u05db\u05d4\u05df","robots":{"index":"index","follow":"follow","max-snippet":"max-snippet:-1","max-image-preview":"max-image-preview:large","max-video-preview":"max-video-preview:-1"},"canonical":"https:\/\/eyalcohen.com\/de\/dinge-die-sie-nicht-von-ihrem-arzt-hoeren\/","og_locale":"de_DE","og_type":"article","og_title":"Dinge, die Sie nicht von Ihrem Arzt h\u00f6ren - \u05d4\u05e2\u05d9\u05d3\u05df \u05d4\u05d7\u05d3\u05e9 \u05e9\u05dc \u05d0\u05d9\u05dc \u05db\u05d4\u05df","og_description":"Mein Name ist Eyal Cohen, und ich bin ein Heiler und ein Guru aus Israel. Ich hatte immer eine au\u00dfergew\u00f6hnliche Wahrnehmung so gut wie alles im Leben. Im Jahr 1993 gelang es mir, mich an einer schweren Zahnfleischr\u00fcckgang zu heilen, die eine intensive Empfindlichkeit enthalten, Verlust der Z\u00e4hne Stabilit\u00e4t und Gesamt Dysfunktion. Soweit ich wei\u00df, [&hellip;]","og_url":"https:\/\/eyalcohen.com\/de\/dinge-die-sie-nicht-von-ihrem-arzt-hoeren\/","og_site_name":"\u05d4\u05e2\u05d9\u05d3\u05df \u05d4\u05d7\u05d3\u05e9 \u05e9\u05dc \u05d0\u05d9\u05dc \u05db\u05d4\u05df","article_publisher":"https:\/\/www.facebook.com\/groups\/528354840531271","article_modified_time":"2017-07-06T11:30:57+00:00","og_image":[{"url":"http:\/\/eyalcohen.com\/de\/files\/2016\/07\/ENGLISH-BOOK-COVER-FRONT.jpg","type":"","width":"","height":""}],"twitter_card":"summary_large_image","twitter_misc":{"Gesch\u00e4tzte Lesezeit":"3\u00a0Minuten"},"schema":{"@context":"https:\/\/schema.org","@graph":[{"@type":"WebPage","@id":"https:\/\/eyalcohen.com\/de\/dinge-die-sie-nicht-von-ihrem-arzt-hoeren\/","url":"https:\/\/eyalcohen.com\/de\/dinge-die-sie-nicht-von-ihrem-arzt-hoeren\/","name":"Dinge, die Sie nicht von Ihrem Arzt h\u00f6ren - \u05d4\u05e2\u05d9\u05d3\u05df \u05d4\u05d7\u05d3\u05e9 \u05e9\u05dc \u05d0\u05d9\u05dc \u05db\u05d4\u05df","isPartOf":{"@id":"https:\/\/eyalcohen.com\/#website"},"primaryImageOfPage":{"@id":"https:\/\/eyalcohen.com\/de\/dinge-die-sie-nicht-von-ihrem-arzt-hoeren\/#primaryimage"},"image":{"@id":"https:\/\/eyalcohen.com\/de\/dinge-die-sie-nicht-von-ihrem-arzt-hoeren\/#primaryimage"},"thumbnailUrl":"http:\/\/eyalcohen.com\/de\/files\/2016\/07\/ENGLISH-BOOK-COVER-FRONT.jpg","datePublished":"2017-04-27T11:24:05+00:00","dateModified":"2017-07-06T11:30:57+00:00","breadcrumb":{"@id":"https:\/\/eyalcohen.com\/de\/dinge-die-sie-nicht-von-ihrem-arzt-hoeren\/#breadcrumb"},"inLanguage":"de","potentialAction":[{"@type":"ReadAction","target":["https:\/\/eyalcohen.com\/de\/dinge-die-sie-nicht-von-ihrem-arzt-hoeren\/"]}]},{"@type":"ImageObject","inLanguage":"de","@id":"https:\/\/eyalcohen.com\/de\/dinge-die-sie-nicht-von-ihrem-arzt-hoeren\/#primaryimage","url":"http:\/\/eyalcohen.com\/de\/files\/2016\/07\/ENGLISH-BOOK-COVER-FRONT.jpg","contentUrl":"http:\/\/eyalcohen.com\/de\/files\/2016\/07\/ENGLISH-BOOK-COVER-FRONT.jpg"},{"@type":"BreadcrumbList","@id":"https:\/\/eyalcohen.com\/de\/dinge-die-sie-nicht-von-ihrem-arzt-hoeren\/#breadcrumb","itemListElement":[{"@type":"ListItem","position":1,"name":"\u05d3\u05e3 \u05d4\u05d1\u05d9\u05ea","item":"https:\/\/eyalcohen.com\/de\/%d7%94%d7%a2%d7%99%d7%93%d7%9f-%d7%94%d7%97%d7%93%d7%a9-%d7%a9%d7%9c-%d7%90%d7%99%d7%9c-%d7%9b%d7%94%d7%9f\/"},{"@type":"ListItem","position":2,"name":"Dinge, die Sie nicht von Ihrem Arzt h\u00f6ren"}]},{"@type":"WebSite","@id":"https:\/\/eyalcohen.com\/#website","url":"https:\/\/eyalcohen.com\/","name":"\u05d4\u05e2\u05d9\u05d3\u05df \u05d4\u05d7\u05d3\u05e9 \u05e9\u05dc \u05d0\u05d9\u05dc \u05db\u05d4\u05df","description":"\u05d1\u05e8\u05d9\u05d0\u05d5\u05ea \u05d8\u05d1\u05e2\u05d9\u05ea, \u05de\u05d5\u05d6\u05d9\u05e7\u05d4 \u05dc\u05d0\u05d9\u05e8\u05d5\u05e2\u05d9\u05dd \u05d5\u05de\u05d4 \u05e9\u05d1\u05d9\u05e0\u05d9\u05d4\u05dd","publisher":{"@id":"https:\/\/eyalcohen.com\/#\/schema\/person\/2cf6581996d002a62e66ee8d3a64b863"},"potentialAction":[{"@type":"SearchAction","target":{"@type":"EntryPoint","urlTemplate":"https:\/\/eyalcohen.com\/?s={search_term_string}"},"query-input":{"@type":"PropertyValueSpecification","valueRequired":true,"valueName":"search_term_string"}}],"inLanguage":"de"},{"@type":["Person","Organization"],"@id":"https:\/\/eyalcohen.com\/#\/schema\/person\/2cf6581996d002a62e66ee8d3a64b863","name":"eyal cohen","image":{"@type":"ImageObject","inLanguage":"de","@id":"https:\/\/eyalcohen.com\/wp-content\/uploads\/2015\/12\/card_reiki.jpg","url":"https:\/\/eyalcohen.com\/wp-content\/uploads\/2015\/12\/card_reiki.jpg","contentUrl":"https:\/\/eyalcohen.com\/wp-content\/uploads\/2015\/12\/card_reiki.jpg","width":296,"height":532,"caption":"eyal cohen"},"logo":{"@id":"https:\/\/eyalcohen.com\/wp-content\/uploads\/2015\/12\/card_reiki.jpg"},"sameAs":["http:\/\/eyalcohen.com","https:\/\/www.facebook.com\/groups\/528354840531271","https:\/\/www.instagram.com\/eyalchn61\/"]}]}},"_links":{"self":[{"href":"https:\/\/eyalcohen.com\/de\/wp-json\/wp\/v2\/pages\/4793","targetHints":{"allow":["GET"]}}],"collection":[{"href":"https:\/\/eyalcohen.com\/de\/wp-json\/wp\/v2\/pages"}],"about":[{"href":"https:\/\/eyalcohen.com\/de\/wp-json\/wp\/v2\/types\/page"}],"author":[{"embeddable":true,"href":"https:\/\/eyalcohen.com\/de\/wp-json\/wp\/v2\/users\/2"}],"replies":[{"embeddable":true,"href":"https:\/\/eyalcohen.com\/de\/wp-json\/wp\/v2\/comments?post=4793"}],"version-history":[{"count":1,"href":"https:\/\/eyalcohen.com\/de\/wp-json\/wp\/v2\/pages\/4793\/revisions"}],"predecessor-version":[{"id":4794,"href":"https:\/\/eyalcohen.com\/de\/wp-json\/wp\/v2\/pages\/4793\/revisions\/4794"}],"wp:attachment":[{"href":"https:\/\/eyalcohen.com\/de\/wp-json\/wp\/v2\/media?parent=4793"}],"curies":[{"name":"wp","href":"https:\/\/api.w.org\/{rel}","templated":true}]}}